{"id":2037,"date":"2025-01-25T02:50:26","date_gmt":"2025-01-25T02:50:26","guid":{"rendered":"https:\/\/chemagora.eu\/?page_id=2037"},"modified":"2025-01-25T09:05:23","modified_gmt":"2025-01-25T09:05:23","slug":"prepravni-doruceni","status":"publish","type":"page","link":"https:\/\/chemagora.eu\/cs\/prepravni-doruceni\/","title":{"rendered":"Doprava a doru\u010den\u00ed"},"content":{"rendered":"<div data-elementor-type=\"wp-page\" data-elementor-id=\"2037\" class=\"elementor elementor-2037\" data-elementor-post-type=\"page\">\n\t\t\t\t<div class=\"elementor-element elementor-element-b2f37e0 e-flex e-con-boxed e-con e-parent\" data-id=\"b2f37e0\" data-element_type=\"container\" data-e-type=\"container\">\n\t\t\t\t\t<div class=\"e-con-inner\">\n\t\t\t\t<div class=\"elementor-element elementor-element-1460b75 elementor-widget elementor-widget-text-editor\" data-id=\"1460b75\" data-element_type=\"widget\" data-e-type=\"widget\" data-widget_type=\"text-editor.default\">\n\t\t\t\t<div class=\"elementor-widget-container\">\n\t\t\t\t\t\t\t\t\t<p data-pm-slice=\"1 3 []\"><strong>Ve spole\u010dnosti Chemagora up\u0159ednost\u0148ujeme rychl\u00e9, bezpe\u010dn\u00e9 a spolehliv\u00e9 doru\u010den\u00ed va\u0161ich objedn\u00e1vek. N\u00ed\u017ee je podrobn\u00fd pr\u016fvodce na\u0161imi mo\u017enostmi dopravy, n\u00e1klady a procesy, abychom zajistili transparentnost a pohodl\u00ed pro na\u0161e z\u00e1kazn\u00edky po cel\u00e9m sv\u011bt\u011b.<\/strong><\/p><div><hr \/><\/div><h3>\u00a0<\/h3><h3><strong>Dodac\u00ed lh\u016fty<\/strong><\/h3><ul data-spread=\"false\"><li><p><strong>Evropa:<\/strong> Objedn\u00e1vky jsou doru\u010deny v r\u00e1mci <strong>3-4 pracovn\u00ed dny<\/strong>.<\/p><\/li><li><p><strong>Celosv\u011btov\u011b:<\/strong> Objedn\u00e1vky jsou doru\u010deny v r\u00e1mci <strong>5-7 pracovn\u00edch dn\u016f<\/strong>.<\/p><\/li><\/ul><p>Objedn\u00e1vky proveden\u00e9 a zaplacen\u00e9 d\u0159\u00edve <strong>12:00 (CET)<\/strong> jsou odesl\u00e1ny ve stejn\u00fd den. Platby proveden\u00e9 pomoc\u00ed kryptom\u011bny maj\u00ed prioritu pro rychlej\u0161\u00ed zpracov\u00e1n\u00ed a automaticky zahrnuj\u00ed poji\u0161t\u011bn\u00ed.<\/p><div><hr \/><\/div><h3>\u00a0<\/h3><h3><strong>Mo\u017enosti dopravy<\/strong><\/h3><p>Nab\u00edz\u00edme t\u0159i r\u016fzn\u00e9 zp\u016fsoby dopravy, abychom vyhov\u011bli va\u0161im pot\u0159eb\u00e1m:<\/p><h4><strong>1. Doprava zdarma<\/strong><\/h4><ul data-spread=\"false\"><li><p><strong>Zp\u016fsobilost:<\/strong> K dispozici pro objedn\u00e1vky nad <strong>\u20ac200<\/strong>.<\/p><\/li><li><p><strong>Dodac\u00ed lh\u016fty:<\/strong><\/p><ul data-spread=\"false\"><li><p>Evropa: 3-4 pracovn\u00ed dny.<\/p><\/li><li><p>Celosv\u011btov\u011b: 5\u20137 pracovn\u00edch dn\u016f.<\/p><\/li><\/ul><\/li><li><p><strong>Sledov\u00e1n\u00ed:<\/strong> Nen\u00ed sou\u010d\u00e1st\u00ed dod\u00e1vky.<\/p><\/li><\/ul><h4><strong>2. Po\u0161tovn\u00ed z\u00e1silka<\/strong><\/h4><ul data-spread=\"false\"><li><p><strong>Obal:<\/strong> Dod\u00e1v\u00e1no v oby\u010dejn\u00e9 b\u00edl\u00e9 ob\u00e1lce pro diskr\u00e9tnost.<\/p><\/li><li><p><strong>Dodac\u00ed lh\u016fty:<\/strong><\/p><ul data-spread=\"false\"><li><p>Evropa: 3-4 pracovn\u00ed dny.<\/p><\/li><li><p>Celosv\u011btov\u011b: 5\u20137 pracovn\u00edch dn\u016f.<\/p><\/li><\/ul><\/li><li><p><strong>N\u00e1klady:<\/strong><\/p><ul data-spread=\"false\"><li><p>Evropa: <strong>\u20ac10<\/strong>.<\/p><\/li><li><p>Celosv\u011btov\u011b: <strong>\u20ac30<\/strong>.<\/p><\/li><\/ul><\/li><li><p><strong>Sledov\u00e1n\u00ed:<\/strong> Nen\u00ed sou\u010d\u00e1st\u00ed dod\u00e1vky.<\/p><\/li><\/ul><h4><strong>3. Expresn\u00ed doprava<\/strong><\/h4><ul data-spread=\"false\"><li><p><strong>Vlastnosti:<\/strong> Sledovan\u00e1 z\u00e1silka pro aktualizace va\u0161\u00ed z\u00e1silky v re\u00e1ln\u00e9m \u010dase.<\/p><\/li><li><p><strong>Dodac\u00ed lh\u016fty:<\/strong><\/p><ul data-spread=\"false\"><li><p>Evropa: 3-4 pracovn\u00ed dny.<\/p><\/li><li><p>Celosv\u011btov\u011b: 5\u20137 pracovn\u00edch dn\u016f.<\/p><\/li><\/ul><\/li><li><p><strong>N\u00e1klady:<\/strong><\/p><ul data-spread=\"false\"><li><p>Evropa: <strong>\u20ac15<\/strong>.<\/p><\/li><li><p>Celosv\u011btov\u011b: <strong>\u20ac45<\/strong>.<\/p><\/li><\/ul><\/li><li><p><strong>Sledov\u00e1n\u00ed:<\/strong> Poskytov\u00e1no p\u0159i odesl\u00e1n\u00ed.<\/p><\/li><\/ul><h4><strong>4. Expresn\u00ed a poji\u0161t\u011bn\u00e1 doprava<\/strong><\/h4><ul data-spread=\"false\"><li><p><strong>Vlastnosti:<\/strong> Zahrnuje sledov\u00e1n\u00ed a pln\u00e9 pojistn\u00e9 kryt\u00ed pro v\u011bt\u0161\u00ed bezpe\u010dnost.<\/p><\/li><li><p><strong>Dodac\u00ed lh\u016fty:<\/strong><\/p><ul data-spread=\"false\"><li><p>Evropa: 3-4 pracovn\u00ed dny.<\/p><\/li><li><p>Celosv\u011btov\u011b: 5\u20137 pracovn\u00edch dn\u016f.<\/p><\/li><\/ul><\/li><li><p><strong>N\u00e1klady:<\/strong><\/p><ul data-spread=\"false\"><li><p>Evropa: <strong>\u20ac45<\/strong>.<\/p><\/li><li><p>Celosv\u011btov\u011b: <strong>\u20ac75<\/strong>.<\/p><\/li><\/ul><\/li><li><p><strong>Sledov\u00e1n\u00ed:<\/strong> Poskytov\u00e1no p\u0159i odesl\u00e1n\u00ed.<\/p><\/li><li><p><strong>Poji\u0161t\u011bn\u00ed:<\/strong> Pokr\u00fdv\u00e1 celou hodnotu va\u0161\u00ed objedn\u00e1vky.<\/p><\/li><\/ul><div><hr \/><\/div><h3>\u00a0<\/h3><h3><strong>Odesl\u00e1n\u00ed ve stejn\u00fd den<\/strong><\/h3><ul data-spread=\"false\"><li><p>Objedn\u00e1vky p\u0159ijat\u00e9 a pln\u011b zaplacen\u00e9 d\u0159\u00edve <strong>12:00 (CET)<\/strong> jsou odesl\u00e1ny ve stejn\u00fd pracovn\u00ed den.<\/p><\/li><li><p>Platby proveden\u00e9 pomoc\u00ed kryptom\u011bny jsou zpracov\u00e1v\u00e1ny p\u0159ednostn\u011b a automaticky zahrnuj\u00ed poji\u0161t\u011bn\u00ed.<\/p><\/li><\/ul><div><hr \/><\/div><h3>\u00a0<\/h3><h3><strong>Obal<\/strong><\/h3><p>Zaji\u0161\u0165ujeme, aby byly v\u0161echny z\u00e1silky zabaleny bezpe\u010dn\u011b a diskr\u00e9tn\u011b, abychom chr\u00e1nili va\u0161e soukrom\u00ed:<\/p><ul data-spread=\"false\"><li><p>Objedn\u00e1vky jsou zas\u00edl\u00e1ny v oby\u010dejn\u00e9m nezna\u010dkov\u00e9m balen\u00ed.<\/p><\/li><li><p>Citliv\u00e9 materi\u00e1ly jsou d\u00e1le chr\u00e1n\u011bny, aby nedo\u0161lo k jejich po\u0161kozen\u00ed b\u011bhem p\u0159epravy.<\/p><\/li><\/ul><div><hr \/><\/div><h3>\u00a0<\/h3><h3><strong>Zvyky a cla<\/strong><\/h3><p>U mezin\u00e1rodn\u00edch objedn\u00e1vek m\u011bjte na pam\u011bti:<\/p><ul data-spread=\"false\"><li><p><strong>Celn\u00ed odbaven\u00ed:<\/strong> Va\u0161e objedn\u00e1vka m\u016f\u017ee podl\u00e9hat celn\u00edmu odbaven\u00ed, co\u017e m\u016f\u017ee zpozdit doru\u010den\u00ed.<\/p><\/li><li><p><strong>Dan\u011b a cla:<\/strong> Za ve\u0161ker\u00e1 p\u0159\u00edslu\u0161n\u00e1 cla, dan\u011b nebo poplatky odpov\u00edd\u00e1 z\u00e1kazn\u00edk.<\/p><\/li><li><p>P\u0159ed zad\u00e1n\u00edm objedn\u00e1vky se ujist\u011bte, \u017ee jsou v souladu s m\u00edstn\u00edmi p\u0159edpisy.<\/p><\/li><\/ul><div><hr \/><\/div><h3>\u00a0<\/h3><h3><strong>Informace o sledov\u00e1n\u00ed<\/strong><\/h3><ul data-spread=\"false\"><li><p>Podrobnosti o sledov\u00e1n\u00ed jsou uvedeny pro mo\u017enosti expresn\u00ed z\u00e1silky a expresn\u00ed a poji\u0161t\u011bn\u00e9 z\u00e1silky.<\/p><\/li><li><p>Sledovac\u00ed \u010d\u00edsla budou zasl\u00e1na na v\u00e1\u0161 registrovan\u00fd e-mail po odesl\u00e1n\u00ed objedn\u00e1vky.<\/p><\/li><li><p>M\u00e1te-li dotazy t\u00fdkaj\u00edc\u00ed se sledov\u00e1n\u00ed nebo stavu doru\u010den\u00ed, kontaktujte n\u00e1\u0161 t\u00fdm podpory.<\/p><\/li><\/ul><div><hr \/><\/div><h3>\u00a0<\/h3><h3><strong>Ztracen\u00e9 nebo po\u0161kozen\u00e9 z\u00e1silky<\/strong><\/h3><ul data-spread=\"false\"><li><p>Pokud se va\u0161e objedn\u00e1vka ztrat\u00ed nebo p\u0159ijde po\u0161kozen\u00e1, kontaktujte na\u0161i z\u00e1kaznickou podporu <strong>48 hodin<\/strong> doru\u010den\u00ed.<\/p><\/li><li><p>U poji\u0161t\u011bn\u00fdch z\u00e1silek bude poskytnuta pln\u00e1 n\u00e1hrada nebo n\u00e1hrada.<\/p><\/li><\/ul><div><hr \/><\/div><h3>\u00a0<\/h3><h3><strong>P\u0159ehled n\u00e1klad\u016f na dopravu<\/strong><\/h3><table><tbody><tr><th>Re\u017eim dopravy<\/th><th>Evropa (\u20ac)<\/th><th>Celosv\u011btov\u011b (\u20ac)<\/th><th>Sledov\u00e1n\u00ed<\/th><th>Poji\u0161t\u011bn\u00ed<\/th><\/tr><tr><td>Doprava zdarma<\/td><td>0<\/td><td>0<\/td><td>\u017d\u00e1dn\u00fd<\/td><td>\u017d\u00e1dn\u00fd<\/td><\/tr><tr><td>Zas\u00edl\u00e1n\u00ed dopis\u016f<\/td><td>10<\/td><td>30<\/td><td>\u017d\u00e1dn\u00fd<\/td><td>\u017d\u00e1dn\u00fd<\/td><\/tr><tr><td>Expresn\u00ed doprava<\/td><td>15<\/td><td>45<\/td><td>Ano<\/td><td>\u017d\u00e1dn\u00fd<\/td><\/tr><tr><td>Expresn\u00ed a poji\u0161t\u011bn\u00e1 doprava<\/td><td>45<\/td><td>75<\/td><td>Ano<\/td><td>Ano<\/td><\/tr><\/tbody><\/table><div><hr \/><\/div><h3>\u00a0<\/h3><p>\u00a0<\/p>\t\t\t\t\t\t\t\t<\/div>\n\t\t\t\t<\/div>\n\t\t\t\t\t<\/div>\n\t\t\t\t<\/div>\n\t\t\t\t<\/div>","protected":false},"excerpt":{"rendered":"<p>At Chemagora, we prioritize fast, secure, and reliable delivery of your orders. Below is an in-depth guide to our shipping options, costs, and processes to&#8230;<\/p>","protected":false},"author":1,"featured_media":0,"parent":0,"menu_order":0,"comment_status":"closed","ping_status":"closed","template":"","meta":{"inline_featured_image":false,"footnotes":""},"class_list":["post-2037","page","type-page","status-publish","hentry"],"_links":{"self":[{"href":"https:\/\/chemagora.eu\/cs\/wp-json\/wp\/v2\/pages\/2037","targetHints":{"allow":["GET"]}}],"collection":[{"href":"https:\/\/chemagora.eu\/cs\/wp-json\/wp\/v2\/pages"}],"about":[{"href":"https:\/\/chemagora.eu\/cs\/wp-json\/wp\/v2\/types\/page"}],"author":[{"embeddable":true,"href":"https:\/\/chemagora.eu\/cs\/wp-json\/wp\/v2\/users\/1"}],"replies":[{"embeddable":true,"href":"https:\/\/chemagora.eu\/cs\/wp-json\/wp\/v2\/comments?post=2037"}],"version-history":[{"count":0,"href":"https:\/\/chemagora.eu\/cs\/wp-json\/wp\/v2\/pages\/2037\/revisions"}],"wp:attachment":[{"href":"https:\/\/chemagora.eu\/cs\/wp-json\/wp\/v2\/media?parent=2037"}],"curies":[{"name":"wp","href":"https:\/\/api.w.org\/{rel}","templated":true}]}}