{"id":3,"date":"2025-01-23T05:22:17","date_gmt":"2025-01-23T05:22:17","guid":{"rendered":"https:\/\/chemagora.eu\/?page_id=3"},"modified":"2025-01-25T09:04:35","modified_gmt":"2025-01-25T09:04:35","slug":"zasady-ochrany-osobnich-udaju","status":"publish","type":"page","link":"https:\/\/chemagora.eu\/cs\/zasady-ochrany-osobnich-udaju\/","title":{"rendered":"Z\u00e1sady ochrany osobn\u00edch \u00fadaj\u016f"},"content":{"rendered":"<div data-elementor-type=\"wp-page\" data-elementor-id=\"3\" class=\"elementor elementor-3\" data-elementor-post-type=\"page\">\n\t\t\t\t<div class=\"elementor-element elementor-element-f52af2b e-flex e-con-boxed e-con e-parent\" data-id=\"f52af2b\" data-element_type=\"container\" data-e-type=\"container\">\n\t\t\t\t\t<div class=\"e-con-inner\">\n\t\t\t\t<div class=\"elementor-element elementor-element-867c1f6 elementor-widget elementor-widget-text-editor\" data-id=\"867c1f6\" data-element_type=\"widget\" data-e-type=\"widget\" data-widget_type=\"text-editor.default\">\n\t\t\t\t<div class=\"elementor-widget-container\">\n\t\t\t\t\t\t\t\t\t<p data-pm-slice=\"1 1 []\"><strong>Ve spole\u010dnosti Chemagora si v\u00e1\u017e\u00edme va\u0161eho soukrom\u00ed a zavazujeme se chr\u00e1nit va\u0161e osobn\u00ed \u00fadaje. Tyto z\u00e1sady ochrany osobn\u00edch \u00fadaj\u016f popisuj\u00ed, jak shroma\u017e\u010fujeme, pou\u017e\u00edv\u00e1me a chr\u00e1n\u00edme va\u0161e \u00fadaje, kdy\u017e komunikujete s na\u0161imi webov\u00fdmi str\u00e1nkami a slu\u017ebami.<\/strong><\/p>\n<div><hr \/><\/div>\n<h3>\u00a0<\/h3>\n<h3><strong>1. Informace, kter\u00e9 shroma\u017e\u010fujeme<\/strong><\/h3>\n<p>Shroma\u017e\u010fujeme od v\u00e1s informace, abychom zlep\u0161ili va\u0161e zku\u0161enosti a poskytovali na\u0161e slu\u017eby. To zahrnuje:<\/p>\n<h4><strong>1.1 Osobn\u00ed \u00fadaje<\/strong><\/h4>\n<ul data-spread=\"false\">\n<li>\n<p>Jm\u00e9no, emailov\u00e1 adresa, telefonn\u00ed \u010d\u00edslo a dodac\u00ed adresa.<\/p>\n<\/li>\n<li>\n<p>Platebn\u00ed \u00fadaje (nap\u0159. informace o kreditn\u00ed kart\u011b nebo adresy kryptom\u011bnov\u00fdch pen\u011b\u017eenek).<\/p>\n<\/li>\n<li>\n<p>P\u0159ihla\u0161ovac\u00ed \u00fadaje k \u00fa\u010dtu (u\u017eivatelsk\u00e9 jm\u00e9no a heslo).<\/p>\n<\/li>\n<\/ul>\n<h4><strong>1.2 Neosobn\u00ed informace<\/strong><\/h4>\n<ul data-spread=\"false\">\n<li>\n<p>Typ a verze prohl\u00ed\u017ee\u010de.<\/p>\n<\/li>\n<li>\n<p>Informace o za\u0159\u00edzen\u00ed (nap\u0159. IP adresa, opera\u010dn\u00ed syst\u00e9m a specifikace hardwaru).<\/p>\n<\/li>\n<li>\n<p>Chov\u00e1n\u00ed p\u0159i proch\u00e1zen\u00ed na\u0161ich webov\u00fdch str\u00e1nek (nap\u0159. nav\u0161t\u00edven\u00e9 str\u00e1nky, str\u00e1ven\u00fd \u010das a proveden\u00e9 akce).<\/p>\n<\/li>\n<\/ul>\n<div><hr \/><\/div>\n<h3>\u00a0<\/h3>\n<h3><strong>2. Jak pou\u017e\u00edv\u00e1me va\u0161e \u00fadaje<\/strong><\/h3>\n<p>Va\u0161e \u00fadaje pou\u017e\u00edv\u00e1me k poskytov\u00e1n\u00ed a zlep\u0161ov\u00e1n\u00ed na\u0161ich slu\u017eeb. Va\u0161e \u00fadaje pou\u017e\u00edv\u00e1me konkr\u00e9tn\u011b k:<\/p>\n<ul data-spread=\"false\">\n<li>\n<p>Zpracov\u00e1vejte a pl\u0148te sv\u00e9 objedn\u00e1vky.<\/p>\n<\/li>\n<li>\n<p>Komunikujte s v\u00e1mi ohledn\u011b objedn\u00e1vek, dotaz\u016f a akc\u00ed.<\/p>\n<\/li>\n<li>\n<p>Vylep\u0161ete funk\u010dnost webu a z\u00e1kaznickou zku\u0161enost.<\/p>\n<\/li>\n<li>\n<p>Odhalit a zabr\u00e1nit podvodn\u00fdm transakc\u00edm nebo neopr\u00e1vn\u011bn\u00e9mu p\u0159\u00edstupu.<\/p>\n<\/li>\n<li>\n<p>Dodr\u017eujte z\u00e1konn\u00e9 povinnosti a p\u0159edpisy.<\/p>\n<\/li>\n<\/ul>\n<div><hr \/><\/div>\n<h3>\u00a0<\/h3>\n<h3><strong>3. Sd\u00edlen\u00ed va\u0161ich informac\u00ed<\/strong><\/h3>\n<p>Va\u0161e osobn\u00ed \u00fadaje neprod\u00e1v\u00e1me ani nepronaj\u00edm\u00e1me t\u0159et\u00edm stran\u00e1m. Va\u0161e \u00fadaje v\u0161ak m\u016f\u017eeme sd\u00edlet za n\u00e1sleduj\u00edc\u00edch okolnost\u00ed:<\/p>\n<h4><strong>3.1 Poskytovatel\u00e9 slu\u017eeb<\/strong><\/h4>\n<ul data-spread=\"false\">\n<li>\n<p>Prodejci t\u0159et\u00edch stran, kte\u0159\u00ed pom\u00e1haj\u00ed se zpracov\u00e1n\u00edm plateb, dopravou a anal\u00fdzou webov\u00fdch str\u00e1nek.<\/p>\n<\/li>\n<\/ul>\n<h4><strong>3.2 Pr\u00e1vn\u00ed povinnosti<\/strong><\/h4>\n<ul data-spread=\"false\">\n<li>\n<p>Pokud to vy\u017eaduje z\u00e1kon nebo v reakci na platn\u00e9 pr\u00e1vn\u00ed po\u017eadavky (nap\u0159. soudn\u00ed p\u0159\u00edkazy, p\u0159edvol\u00e1n\u00ed).<\/p>\n<\/li>\n<\/ul>\n<h4><strong>3.3 P\u0159evody podnik\u016f<\/strong><\/h4>\n<ul data-spread=\"false\">\n<li>\n<p>V p\u0159\u00edpad\u011b f\u00faze, akvizice nebo prodeje aktiv mohou b\u00fdt va\u0161e \u00fadaje p\u0159evedeny na nov\u00fd subjekt.<\/p>\n<\/li>\n<\/ul>\n<div><hr \/><\/div>\n<h3>\u00a0<\/h3>\n<h3><strong>4. Soubory cookie a technologie sledov\u00e1n\u00ed<\/strong><\/h3>\n<p>K vylep\u0161en\u00ed va\u0161eho z\u00e1\u017eitku z prohl\u00ed\u017een\u00ed pou\u017e\u00edv\u00e1me soubory cookie a podobn\u00e9 technologie. Tyto technologie n\u00e1m pom\u00e1haj\u00ed:<\/p>\n<ul data-spread=\"false\">\n<li>\n<p>Zapamatujte si sv\u00e9 preference a p\u0159ihla\u0161ovac\u00ed \u00fadaje.<\/p>\n<\/li>\n<li>\n<p>Pochopte, jak komunikujete s na\u0161imi webov\u00fdmi str\u00e1nkami.<\/p>\n<\/li>\n<li>\n<p>Poskytujte personalizovan\u00fd obsah a reklamy.<\/p>\n<\/li>\n<\/ul>\n<p>Sv\u00e9 preference t\u00fdkaj\u00edc\u00ed se soubor\u016f cookie m\u016f\u017eete spravovat prost\u0159ednictv\u00edm nastaven\u00ed prohl\u00ed\u017ee\u010de. Upozor\u0148ujeme, \u017ee zak\u00e1z\u00e1n\u00ed soubor\u016f cookie m\u016f\u017ee ovlivnit funk\u010dnost webov\u00fdch str\u00e1nek.<\/p>\n<div><hr \/><\/div>\n<h3>\u00a0<\/h3>\n<h3><strong>5. Zabezpe\u010den\u00ed dat<\/strong><\/h3>\n<p>Zav\u00e1d\u00edme standardn\u00ed bezpe\u010dnostn\u00ed opat\u0159en\u00ed k ochran\u011b va\u0161ich dat, v\u010detn\u011b:<\/p>\n<ul data-spread=\"false\">\n<li>\n<p>\u0160ifrov\u00e1n\u00ed Secure Socket Layer (SSL) pro p\u0159enos dat.<\/p>\n<\/li>\n<li>\n<p>Pravideln\u00e9 bezpe\u010dnostn\u00ed audity a hodnocen\u00ed zranitelnosti.<\/p>\n<\/li>\n<li>\n<p>Omezen\u00fd p\u0159\u00edstup k osobn\u00edm \u00fadaj\u016fm pouze opr\u00e1vn\u011bn\u00fdm osob\u00e1m.<\/p>\n<\/li>\n<\/ul>\n<p>I kdy\u017e se sna\u017e\u00edme chr\u00e1nit va\u0161e informace, \u017e\u00e1dn\u00fd zp\u016fsob p\u0159enosu nebo ukl\u00e1d\u00e1n\u00ed nen\u00ed 100% bezpe\u010dn\u00fd. Sv\u00e1 data sd\u00edl\u00edte na vlastn\u00ed riziko.<\/p>\n<div><hr \/><\/div>\n<h3>\u00a0<\/h3>\n<h3><strong>6. Va\u0161e pr\u00e1va<\/strong><\/h3>\n<p>M\u00e1te pr\u00e1vo:<\/p>\n<ul data-spread=\"false\">\n<li>\n<p><strong>P\u0159\u00edstup:<\/strong> Vy\u017e\u00e1dejte si kopii sv\u00fdch osobn\u00edch \u00fadaj\u016f.<\/p>\n<\/li>\n<li>\n<p><strong>Opravit:<\/strong> Aktualizujte nebo opravte nep\u0159esn\u00e9 informace.<\/p>\n<\/li>\n<li>\n<p><strong>Vymazat:<\/strong> Po\u017e\u00e1dejte o vymaz\u00e1n\u00ed va\u0161ich \u00fadaj\u016f v souladu se z\u00e1konn\u00fdmi povinnostmi.<\/p>\n<\/li>\n<li>\n<p><strong>Omezit:<\/strong> Omezte zpracov\u00e1n\u00ed va\u0161ich \u00fadaj\u016f.<\/p>\n<\/li>\n<li>\n<p><strong>Objekt:<\/strong> Odhl\u00e1sit se z pou\u017e\u00edv\u00e1n\u00ed ur\u010dit\u00fdch \u00fadaj\u016f, v\u010detn\u011b marketingov\u00e9 komunikace.<\/p>\n<\/li>\n<\/ul>\n<p>Pro uplatn\u011bn\u00ed t\u011bchto pr\u00e1v n\u00e1s kontaktujte na <a>privacy@chemagora.com<\/a>.<\/p>\n<div><hr \/><\/div>\n<h3>\u00a0<\/h3>\n<h3><strong>7. Uchov\u00e1v\u00e1n\u00ed dat<\/strong><\/h3>\n<p>Va\u0161e osobn\u00ed \u00fadaje uchov\u00e1v\u00e1me pouze po dobu nezbytn\u011b nutnou ke spln\u011bn\u00ed \u00fa\u010del\u016f uveden\u00fdch v t\u011bchto z\u00e1sad\u00e1ch nebo jak to vy\u017eaduje z\u00e1kon. Po uplynut\u00ed t\u00e9to doby budou va\u0161e data bezpe\u010dn\u011b smaz\u00e1na nebo anonymizov\u00e1na.<\/p>\n<div><hr \/><\/div>\n<h3>\u00a0<\/h3>\n<h3><strong>8. Odkazy t\u0159et\u00edch stran<\/strong><\/h3>\n<p>Na\u0161e webov\u00e9 str\u00e1nky mohou obsahovat odkazy na str\u00e1nky t\u0159et\u00edch stran. Nejsme zodpov\u011bdn\u00ed za postupy ochrany osobn\u00edch \u00fadaj\u016f nebo obsah t\u011bchto str\u00e1nek. P\u0159ed poskytnut\u00edm jak\u00fdchkoli osobn\u00edch \u00fadaj\u016f v\u00e1m doporu\u010dujeme p\u0159e\u010d\u00edst si jejich z\u00e1sady ochrany osobn\u00edch \u00fadaj\u016f.<\/p>\n<div><hr \/><\/div>\n<h3>\u00a0<\/h3>\n<h3><strong>9. Aktualizace t\u011bchto z\u00e1sad<\/strong><\/h3>\n<p>Tyto Z\u00e1sady ochrany osobn\u00edch \u00fadaj\u016f m\u016f\u017eeme \u010das od \u010dasu aktualizovat. Jak\u00e9koli zm\u011bny budou zve\u0159ejn\u011bny na t\u00e9to str\u00e1nce s aktualizovan\u00fdm datem naho\u0159e. Doporu\u010dujeme v\u00e1m pravideln\u011b kontrolovat tyto z\u00e1sady.<\/p>\n<div>\u00a0<\/div>\t\t\t\t\t\t\t\t<\/div>\n\t\t\t\t<\/div>\n\t\t\t\t\t<\/div>\n\t\t\t\t<\/div>\n\t\t\t\t<\/div>","protected":false},"excerpt":{"rendered":"<p>At Chemagora, we value your privacy and are committed to protecting your personal information. This Privacy Policy outlines how we collect, use, and safeguard your&#8230;<\/p>","protected":false},"author":1,"featured_media":0,"parent":0,"menu_order":0,"comment_status":"closed","ping_status":"open","template":"","meta":{"inline_featured_image":false,"footnotes":""},"class_list":["post-3","page","type-page","status-publish","hentry"],"_links":{"self":[{"href":"https:\/\/chemagora.eu\/cs\/wp-json\/wp\/v2\/pages\/3","targetHints":{"allow":["GET"]}}],"collection":[{"href":"https:\/\/chemagora.eu\/cs\/wp-json\/wp\/v2\/pages"}],"about":[{"href":"https:\/\/chemagora.eu\/cs\/wp-json\/wp\/v2\/types\/page"}],"author":[{"embeddable":true,"href":"https:\/\/chemagora.eu\/cs\/wp-json\/wp\/v2\/users\/1"}],"replies":[{"embeddable":true,"href":"https:\/\/chemagora.eu\/cs\/wp-json\/wp\/v2\/comments?post=3"}],"version-history":[{"count":0,"href":"https:\/\/chemagora.eu\/cs\/wp-json\/wp\/v2\/pages\/3\/revisions"}],"wp:attachment":[{"href":"https:\/\/chemagora.eu\/cs\/wp-json\/wp\/v2\/media?parent=3"}],"curies":[{"name":"wp","href":"https:\/\/api.w.org\/{rel}","templated":true}]}}