{"id":496,"date":"2022-10-06T11:29:07","date_gmt":"2022-10-06T11:29:07","guid":{"rendered":"https:\/\/xstore.8theme.com\/elementor\/demos\/hemp-and-cbd\/?post_type=product&#038;p=496"},"modified":"2025-01-25T05:16:41","modified_gmt":"2025-01-25T05:16:41","slug":"nep-pelety","status":"publish","type":"product","link":"https:\/\/chemagora.eu\/cs\/product\/nep-pelety\/","title":{"rendered":"NEP (Pentedron) pellets"},"content":{"rendered":"<div data-elementor-type=\"wp-post\" data-elementor-id=\"496\" class=\"elementor elementor-496\" data-elementor-post-type=\"product\">\n\t\t\t\t\t\t<section class=\"elementor-section elementor-top-section elementor-element elementor-element-892d141 elementor-section-boxed elementor-section-height-default elementor-section-height-default\" data-id=\"892d141\" data-element_type=\"section\" data-e-type=\"section\">\n\t\t\t\t\t\t<div class=\"elementor-container elementor-column-gap-no\">\n\t\t\t\t\t<div class=\"elementor-column elementor-col-100 elementor-top-column elementor-element elementor-element-b561888\" data-id=\"b561888\" data-element_type=\"column\" data-e-type=\"column\">\n\t\t\t<div class=\"elementor-widget-wrap elementor-element-populated\">\n\t\t\t\t\t\t<div class=\"elementor-element elementor-element-2e3b062 elementor-widget elementor-widget-heading\" data-id=\"2e3b062\" data-element_type=\"widget\" data-e-type=\"widget\" data-widget_type=\"heading.default\">\n\t\t\t\t<div class=\"elementor-widget-container\">\n\t\t\t\t\t<h2 class=\"elementor-heading-title elementor-size-default\">Koupit pelety NEP online | Pr\u00e9miov\u00e9 v\u00fdzkumn\u00e9 chemik\u00e1lie od Chemagora<\/h2>\t\t\t\t<\/div>\n\t\t\t\t<\/div>\n\t\t\t\t<div class=\"elementor-element elementor-element-1e9de30 elementor-widget elementor-widget-text-editor\" data-id=\"1e9de30\" data-element_type=\"widget\" data-e-type=\"widget\" data-widget_type=\"text-editor.default\">\n\t\t\t\t<div class=\"elementor-widget-container\">\n\t\t\t\t\t\t\t\t\t<p>Hled\u00e1m <strong>NEP (N-ethylpentedron) pelety<\/strong> posunout sv\u016fj v\u00fdzkum? <a href=\"https:\/\/chemagora.eu\/cs\/nakupovat\/\">Chemagora<\/a> se specializuje na poskytov\u00e1n\u00ed vysoce \u010dist\u00fdch v\u00fdzkumn\u00fdch chemik\u00e1li\u00ed laborato\u0159\u00edm a v\u011bdc\u016fm v cel\u00e9 Evrop\u011b. Jsme zn\u00e1m\u00ed kvalitou a spolehlivost\u00ed a jsme d\u016fv\u011bryhodnou volbou pro v\u00fdzkumn\u00e9 pracovn\u00edky v N\u011bmecku, Francii, \u0160pan\u011blsku, It\u00e1lii a Nizozemsku.<\/p>\t\t\t\t\t\t\t\t<\/div>\n\t\t\t\t<\/div>\n\t\t\t\t<div class=\"elementor-element elementor-element-96213b4 elementor-widget elementor-widget-heading\" data-id=\"96213b4\" data-element_type=\"widget\" data-e-type=\"widget\" data-widget_type=\"heading.default\">\n\t\t\t\t<div class=\"elementor-widget-container\">\n\t\t\t\t\t<h2 class=\"elementor-heading-title elementor-size-default\">Co je NEP (N-ethylpentedron)?<\/h2>\t\t\t\t<\/div>\n\t\t\t\t<\/div>\n\t\t\t\t<div class=\"elementor-element elementor-element-92fc123 elementor-widget elementor-widget-text-editor\" data-id=\"92fc123\" data-element_type=\"widget\" data-e-type=\"widget\" data-widget_type=\"text-editor.default\">\n\t\t\t\t<div class=\"elementor-widget-container\">\n\t\t\t\t\t\t\t\t\t<p><strong>N-ethylpentedron (NEP)<\/strong> je syntetick\u00fd katinon zn\u00e1m\u00fd pro svou v\u00fdraznou molekul\u00e1rn\u00ed strukturu a chemick\u00e9 vlastnosti. Jako N-ethyl analog <a href=\"https:\/\/chemagora.eu\/cs\/product\/nep-prasek\/\"  data-wpil-monitor-id=\"51\">pentedron<\/a>je \u0161iroce studov\u00e1n pro sv\u00e9 pokro\u010dil\u00e9 chemick\u00e9 vlastnosti. Dod\u00e1v\u00e1 se ve vhodn\u00e9 peletizovan\u00e9 form\u011b, <strong>NEP pelety<\/strong> poskytuj\u00ed v\u00fdjime\u010dnou konzistenci a p\u0159esnost, d\u00edky \u010demu\u017e jsou ide\u00e1ln\u00ed pro kontrolovan\u00e9 laboratorn\u00ed aplikace.<\/p>\t\t\t\t\t\t\t\t<\/div>\n\t\t\t\t<\/div>\n\t\t\t\t\t<\/div>\n\t\t<\/div>\n\t\t\t\t\t<\/div>\n\t\t<\/section>\n\t\t\t\t<section class=\"elementor-section elementor-top-section elementor-element elementor-element-963841a elementor-section-boxed elementor-section-height-default elementor-section-height-default\" data-id=\"963841a\" data-element_type=\"section\" data-e-type=\"section\" data-settings=\"{&quot;background_background&quot;:&quot;classic&quot;}\">\n\t\t\t\t\t\t<div class=\"elementor-container elementor-column-gap-no\">\n\t\t\t\t\t<div class=\"elementor-column elementor-col-33 elementor-top-column elementor-element elementor-element-e570bf4\" data-id=\"e570bf4\" data-element_type=\"column\" data-e-type=\"column\">\n\t\t\t<div class=\"elementor-widget-wrap elementor-element-populated\">\n\t\t\t\t\t\t<div class=\"elementor-element elementor-element-ff4ee31 elementor-widget elementor-widget-heading\" data-id=\"ff4ee31\" data-element_type=\"widget\" data-e-type=\"widget\" data-widget_type=\"heading.default\">\n\t\t\t\t<div class=\"elementor-widget-container\">\n\t\t\t\t\t<h2 class=\"elementor-heading-title elementor-size-default\">Chemick\u00e9 informace<\/h2>\t\t\t\t<\/div>\n\t\t\t\t<\/div>\n\t\t\t\t<div class=\"elementor-element elementor-element-52c8869 elementor-widget elementor-widget-text-editor\" data-id=\"52c8869\" data-element_type=\"widget\" data-e-type=\"widget\" data-widget_type=\"text-editor.default\">\n\t\t\t\t<div class=\"elementor-widget-container\">\n\t\t\t\t\t\t\t\t\t<ul><li><strong>Chemick\u00fd n\u00e1zev:<\/strong> N-ethylpentedron<\/li><li><strong>\u010c\u00edslo CAS:<\/strong> 18268-16-1<\/li><li><strong>Molekul\u00e1rn\u00ed vzorec:<\/strong> C13H19NO<\/li><li><strong>Mol\u00e1rn\u00ed hmotnost:<\/strong> 205,3 g\/mol<\/li><li><strong>N\u00e1zev IUPAC:<\/strong> 2-(ethylamino)-l-fenylpentan-l-on<\/li><\/ul>\t\t\t\t\t\t\t\t<\/div>\n\t\t\t\t<\/div>\n\t\t\t\t\t<\/div>\n\t\t<\/div>\n\t\t\t\t<div class=\"elementor-column elementor-col-33 elementor-top-column elementor-element elementor-element-655e479\" data-id=\"655e479\" data-element_type=\"column\" data-e-type=\"column\">\n\t\t\t<div class=\"elementor-widget-wrap elementor-element-populated\">\n\t\t\t\t\t\t<div class=\"elementor-element elementor-element-fe0f459 elementor-widget elementor-widget-heading\" data-id=\"fe0f459\" data-element_type=\"widget\" data-e-type=\"widget\" data-widget_type=\"heading.default\">\n\t\t\t\t<div class=\"elementor-widget-container\">\n\t\t\t\t\t<h2 class=\"elementor-heading-title elementor-size-default\">Fyzik\u00e1ln\u00ed a chemick\u00e9 vlastnosti<\/h2>\t\t\t\t<\/div>\n\t\t\t\t<\/div>\n\t\t\t\t<div class=\"elementor-element elementor-element-7b1f29c elementor-widget elementor-widget-text-editor\" data-id=\"7b1f29c\" data-element_type=\"widget\" data-e-type=\"widget\" data-widget_type=\"text-editor.default\">\n\t\t\t\t<div class=\"elementor-widget-container\">\n\t\t\t\t\t\t\t\t\t<ul><li><strong>Formul\u00e1\u0159:<\/strong> B\u00edl\u00e9 pelety<\/li><li><strong>\u010cistota:<\/strong> \u226599% (ov\u011b\u0159eno laborato\u0159\u00ed)<\/li><li><strong>Bod t\u00e1n\u00ed:<\/strong> ~120\u2013125 \u00b0C<\/li><li><strong>Rozpustnost:<\/strong> Rozpustn\u00fd ve vod\u011b, ethanolu a methanolu<\/li><li><strong>Stabilita:<\/strong> Stabiln\u00ed za standardn\u00edch laboratorn\u00edch podm\u00ednek<\/li><\/ul>\t\t\t\t\t\t\t\t<\/div>\n\t\t\t\t<\/div>\n\t\t\t\t\t<\/div>\n\t\t<\/div>\n\t\t\t\t<div class=\"elementor-column elementor-col-33 elementor-top-column elementor-element elementor-element-5e7ac3b\" data-id=\"5e7ac3b\" data-element_type=\"column\" data-e-type=\"column\">\n\t\t\t<div class=\"elementor-widget-wrap elementor-element-populated\">\n\t\t\t\t\t\t<div class=\"elementor-element elementor-element-81ac5f4 elementor-widget elementor-widget-heading\" data-id=\"81ac5f4\" data-element_type=\"widget\" data-e-type=\"widget\" data-widget_type=\"heading.default\">\n\t\t\t\t<div class=\"elementor-widget-container\">\n\t\t\t\t\t<h2 class=\"elementor-heading-title elementor-size-default\">Analytick\u00e1 data<\/h2>\t\t\t\t<\/div>\n\t\t\t\t<\/div>\n\t\t\t\t<div class=\"elementor-element elementor-element-4f6fff2 elementor-widget elementor-widget-text-editor\" data-id=\"4f6fff2\" data-element_type=\"widget\" data-e-type=\"widget\" data-widget_type=\"text-editor.default\">\n\t\t\t\t<div class=\"elementor-widget-container\">\n\t\t\t\t\t\t\t\t\t<ul><li><strong>NMR (nukle\u00e1rn\u00ed magnetick\u00e1 rezonance):<\/strong> Potvrzuje molekul\u00e1rn\u00ed strukturu a konzistenci<\/li><li><strong>MS (hmotnostn\u00ed spektrometrie):<\/strong> Odpov\u00edd\u00e1 molekulov\u00e9 hmotnosti 205,3 g\/mol<\/li><li><strong>FTIR (Infra\u010derven\u00e1 spektroskopie s Fourierovou transformac\u00ed):<\/strong> Odpov\u00edd\u00e1 standardn\u00edm referen\u010dn\u00edm spektr\u016fm<\/li><\/ul>\t\t\t\t\t\t\t\t<\/div>\n\t\t\t\t<\/div>\n\t\t\t\t\t<\/div>\n\t\t<\/div>\n\t\t\t\t\t<\/div>\n\t\t<\/section>\n\t\t\t\t<section class=\"elementor-section elementor-top-section elementor-element elementor-element-c6c04b4 elementor-section-boxed elementor-section-height-default elementor-section-height-default\" data-id=\"c6c04b4\" data-element_type=\"section\" data-e-type=\"section\">\n\t\t\t\t\t\t<div class=\"elementor-container elementor-column-gap-no\">\n\t\t\t\t\t<div class=\"elementor-column elementor-col-100 elementor-top-column elementor-element elementor-element-00623dd\" data-id=\"00623dd\" data-element_type=\"column\" data-e-type=\"column\">\n\t\t\t<div class=\"elementor-widget-wrap elementor-element-populated\">\n\t\t\t\t\t\t<div class=\"elementor-element elementor-element-10b2e7a elementor-widget elementor-widget-heading\" data-id=\"10b2e7a\" data-element_type=\"widget\" data-e-type=\"widget\" data-widget_type=\"heading.default\">\n\t\t\t\t<div class=\"elementor-widget-container\">\n\t\t\t\t\t<h2 class=\"elementor-heading-title elementor-size-default\">Pro\u010d zvolit Chemagoru pro NEP pelety?<\/h2>\t\t\t\t<\/div>\n\t\t\t\t<\/div>\n\t\t\t\t<div class=\"elementor-element elementor-element-f0056fc elementor-widget elementor-widget-text-editor\" data-id=\"f0056fc\" data-element_type=\"widget\" data-e-type=\"widget\" data-widget_type=\"text-editor.default\">\n\t\t\t\t<div class=\"elementor-widget-container\">\n\t\t\t\t\t\t\t\t\t<h4><strong>1. V\u00fdjime\u010dn\u00e1 \u010distota<\/strong><\/h4><p>N\u00e1\u0161 <strong>NEP pelety<\/strong> jsou laboratorn\u011b testov\u00e1ny, aby bylo zaji\u0161t\u011bno <strong>\u2265991 TP3T \u010distota<\/strong>, kter\u00e1 v\u00fdzkumn\u00edk\u016fm nab\u00edz\u00ed vysoce kvalitn\u00ed produkt bez ne\u010distot.<\/p><h4><strong>2. Jednotn\u00e1 forma pelet<\/strong><\/h4><p>Peletizovan\u00fd form\u00e1t zaji\u0161\u0165uje p\u0159esn\u00e9 d\u00e1vkov\u00e1n\u00ed a manipulaci, co\u017e umo\u017e\u0148uje reprodukovateln\u00e9 a konzistentn\u00ed v\u00fdsledky v ka\u017ed\u00e9m experimentu.<\/p><h4><strong>3. D\u016fv\u011bryhodn\u00fd v cel\u00e9 Evrop\u011b<\/strong><\/h4><p>Od Amsterdamu po Berl\u00edn, Madrid po \u0158\u00edm, Chemagora je preferovan\u00fdm dodavatelem pro v\u00fdzkumn\u00e9 instituce a odborn\u00edky v cel\u00e9 Evrop\u011b.<\/p><h4><strong>4. Rychl\u00e9 a bezpe\u010dn\u00e9 odesl\u00e1n\u00ed<\/strong><\/h4><p>Ch\u00e1peme d\u016fle\u017eitost v\u010dasn\u00e9ho doru\u010den\u00ed. V\u0161echny objedn\u00e1vky jsou zpracov\u00e1ny rychle, odesl\u00e1ny diskr\u00e9tn\u011b a bezpe\u010dn\u011b doru\u010deny, aby bylo zaji\u0161t\u011bno, \u017ee v\u00e1\u0161 produkt doraz\u00ed v perfektn\u00edm stavu.<\/p><h4><strong>5. Vyhrazen\u00e1 podpora<\/strong><\/h4><p>N\u00e1\u0161 zku\u0161en\u00fd t\u00fdm je k dispozici, aby v\u00e1m pomohl <a href=\"https:\/\/chemagora.eu\/cs\/planting-tree-for-every-product-sold-we-plant-trees\/\"  data-wpil-monitor-id=\"52\">ka\u017ed\u00fd krok \u2013 od odpov\u011bdn\u00edho produktu<\/a> dotazy k poskytov\u00e1n\u00ed aktualizac\u00ed objedn\u00e1vek \u2013 zaji\u0161t\u011bn\u00ed hladk\u00e9ho nakupov\u00e1n\u00ed.<\/p>\t\t\t\t\t\t\t\t<\/div>\n\t\t\t\t<\/div>\n\t\t\t\t<div class=\"elementor-element elementor-element-8decd8d elementor-widget elementor-widget-heading\" data-id=\"8decd8d\" data-element_type=\"widget\" data-e-type=\"widget\" data-widget_type=\"heading.default\">\n\t\t\t\t<div class=\"elementor-widget-container\">\n\t\t\t\t\t<h2 class=\"elementor-heading-title elementor-size-default\">Soulad s pr\u00e1vn\u00edmi p\u0159edpisy<\/h2>\t\t\t\t<\/div>\n\t\t\t\t<\/div>\n\t\t\t\t<div class=\"elementor-element elementor-element-01383cf elementor-widget elementor-widget-text-editor\" data-id=\"01383cf\" data-element_type=\"widget\" data-e-type=\"widget\" data-widget_type=\"text-editor.default\">\n\t\t\t\t<div class=\"elementor-widget-container\">\n\t\t\t\t\t\t\t\t\t<p>Pr\u00e1vn\u00ed postaven\u00ed <strong>NEP pelety<\/strong> se v r\u016fzn\u00fdch regionech li\u0161\u00ed. Je odpov\u011bdnost\u00ed kupuj\u00edc\u00edho zajistit soulad se v\u0161emi m\u00edstn\u00edmi p\u0159edpisy p\u0159ed zakoupen\u00edm nebo pou\u017eit\u00edm tohoto produktu.<\/p>\t\t\t\t\t\t\t\t<\/div>\n\t\t\t\t<\/div>\n\t\t\t\t<div class=\"elementor-element elementor-element-b46ba27 elementor-alert-info elementor-widget elementor-widget-alert\" data-id=\"b46ba27\" data-element_type=\"widget\" data-e-type=\"widget\" data-widget_type=\"alert.default\">\n\t\t\t\t<div class=\"elementor-widget-container\">\n\t\t\t\t\t\t\t<div class=\"elementor-alert\" role=\"alert\">\n\n\t\t\t\t\t\t<span class=\"elementor-alert-title\">Z\u0159eknut\u00ed se odpov\u011bdnosti<\/span>\n\t\t\t\n\t\t\t\t\t\t<span class=\"elementor-alert-description\">Tento produkt je v\u00fdhradn\u011b ur\u010den pouze pro v\u00fdzkumn\u00e9 a analytick\u00e9 \u00fa\u010dely. Za \u017e\u00e1dn\u00fdch okolnost\u00ed nen\u00ed ur\u010den ke konzumaci lidmi nebo zv\u00ed\u0159aty.<\/span>\n\t\t\t\n\t\t\t\t\t\t<button type=\"button\" class=\"elementor-alert-dismiss\" aria-label=\"Dismiss this alert.\">\n\t\t\t\t\t\t\t\t\t<span aria-hidden=\"true\">\u00d7<\/span>\n\t\t\t\t\t\t\t<\/button>\n\t\t\t\n\t\t<\/div>\n\t\t\t\t\t\t<\/div>\n\t\t\t\t<\/div>\n\t\t\t\t<div class=\"elementor-element elementor-element-965c864 elementor-widget elementor-widget-heading\" data-id=\"965c864\" data-element_type=\"widget\" data-e-type=\"widget\" data-widget_type=\"heading.default\">\n\t\t\t\t<div class=\"elementor-widget-container\">\n\t\t\t\t\t<h2 class=\"elementor-heading-title elementor-size-default\">Objednejte si pelety NEP je\u0161t\u011b dnes<\/h2>\t\t\t\t<\/div>\n\t\t\t\t<\/div>\n\t\t\t\t<div class=\"elementor-element elementor-element-d663e5e elementor-widget elementor-widget-text-editor\" data-id=\"d663e5e\" data-element_type=\"widget\" data-e-type=\"widget\" data-widget_type=\"text-editor.default\">\n\t\t\t\t<div class=\"elementor-widget-container\">\n\t\t\t\t\t\t\t\t\t<p>Posu\u0148te sv\u016fj v\u00fdzkum na dal\u0161\u00ed \u00farove\u0148 s Chemagora&#039;s <strong>vysoce \u010dist\u00e9 NEP pelety<\/strong>. Na\u0161e produkty, kter\u00fdm d\u016fv\u011b\u0159uj\u00ed v\u00fdzkumn\u00ed pracovn\u00edci v cel\u00e9 Evrop\u011b, poskytuj\u00ed spolehlivost, p\u0159esnost a v\u00fdjime\u010dnou kvalitu pro pokro\u010dil\u00e9 studie.<\/p>\t\t\t\t\t\t\t\t<\/div>\n\t\t\t\t<\/div>\n\t\t\t\t\t<\/div>\n\t\t<\/div>\n\t\t\t\t\t<\/div>\n\t\t<\/section>\n\t\t\t\t<\/div>","protected":false},"excerpt":{"rendered":"<p>P\u0159esn\u011b testovan\u00e1 v\u00fdzkumn\u00e1 chemik\u00e1lie, vyhovuj\u00edc\u00ed, d\u016fv\u011bryhodn\u00e1 a dod\u00e1van\u00e1 s p\u0159esnost\u00ed a p\u00e9\u010d\u00ed.<\/p>","protected":false},"featured_media":2006,"comment_status":"open","ping_status":"closed","template":"","meta":{"inline_featured_image":false},"etheme_brands":[],"product_brand":[],"product_cat":[79],"product_tag":[83,86,84,85,48],"class_list":{"0":"post-496","1":"product","2":"type-product","3":"status-publish","4":"has-post-thumbnail","6":"product_cat-nep","7":"product_tag-buy-nep","8":"product_tag-buy-nep-pellets","9":"product_tag-buy-pentedrone","10":"product_tag-nep-pellets","11":"product_tag-research-chemicals","13":"first","14":"instock","15":"shipping-taxable","16":"purchasable","17":"product-type-variable"},"_links":{"self":[{"href":"https:\/\/chemagora.eu\/cs\/wp-json\/wp\/v2\/product\/496","targetHints":{"allow":["GET"]}}],"collection":[{"href":"https:\/\/chemagora.eu\/cs\/wp-json\/wp\/v2\/product"}],"about":[{"href":"https:\/\/chemagora.eu\/cs\/wp-json\/wp\/v2\/types\/product"}],"replies":[{"embeddable":true,"href":"https:\/\/chemagora.eu\/cs\/wp-json\/wp\/v2\/comments?post=496"}],"version-history":[{"count":0,"href":"https:\/\/chemagora.eu\/cs\/wp-json\/wp\/v2\/product\/496\/revisions"}],"wp:featuredmedia":[{"embeddable":true,"href":"https:\/\/chemagora.eu\/cs\/wp-json\/wp\/v2\/media\/2006"}],"wp:attachment":[{"href":"https:\/\/chemagora.eu\/cs\/wp-json\/wp\/v2\/media?parent=496"}],"wp:term":[{"taxonomy":"brand","embeddable":true,"href":"https:\/\/chemagora.eu\/cs\/wp-json\/wp\/v2\/etheme_brands?post=496"},{"taxonomy":"product_brand","embeddable":true,"href":"https:\/\/chemagora.eu\/cs\/wp-json\/wp\/v2\/product_brand?post=496"},{"taxonomy":"product_cat","embeddable":true,"href":"https:\/\/chemagora.eu\/cs\/wp-json\/wp\/v2\/product_cat?post=496"},{"taxonomy":"product_tag","embeddable":true,"href":"https:\/\/chemagora.eu\/cs\/wp-json\/wp\/v2\/product_tag?post=496"}],"curies":[{"name":"wp","href":"https:\/\/api.w.org\/{rel}","templated":true}]}}