{"id":500,"date":"2022-10-06T11:29:09","date_gmt":"2022-10-06T11:29:09","guid":{"rendered":"https:\/\/xstore.8theme.com\/elementor\/demos\/hemp-and-cbd\/?post_type=product&#038;p=500"},"modified":"2025-01-24T22:20:17","modified_gmt":"2025-01-24T22:20:17","slug":"nep-prasek","status":"publish","type":"product","link":"https:\/\/chemagora.eu\/cs\/product\/nep-prasek\/","title":{"rendered":"NEP (Pentedron) pr\u00e1\u0161ek"},"content":{"rendered":"<div data-elementor-type=\"wp-post\" data-elementor-id=\"500\" class=\"elementor elementor-500\" data-elementor-post-type=\"product\">\n\t\t\t\t\t\t<section class=\"elementor-section elementor-top-section elementor-element elementor-element-d4e3740 elementor-section-boxed elementor-section-height-default elementor-section-height-default\" data-id=\"d4e3740\" data-element_type=\"section\" data-e-type=\"section\">\n\t\t\t\t\t\t<div class=\"elementor-container elementor-column-gap-no\">\n\t\t\t\t\t<div class=\"elementor-column elementor-col-100 elementor-top-column elementor-element elementor-element-14436cb\" data-id=\"14436cb\" data-element_type=\"column\" data-e-type=\"column\">\n\t\t\t<div class=\"elementor-widget-wrap elementor-element-populated\">\n\t\t\t\t\t\t<div class=\"elementor-element elementor-element-0515758 elementor-widget elementor-widget-heading\" data-id=\"0515758\" data-element_type=\"widget\" data-e-type=\"widget\" data-widget_type=\"heading.default\">\n\t\t\t\t<div class=\"elementor-widget-container\">\n\t\t\t\t\t<h2 class=\"elementor-heading-title elementor-size-default\">Koupit NEP pr\u00e1\u0161ek online | Pr\u00e9miov\u00e9 v\u00fdzkumn\u00e9 chemik\u00e1lie od Chemagora<\/h2>\t\t\t\t<\/div>\n\t\t\t\t<\/div>\n\t\t\t\t<div class=\"elementor-element elementor-element-f91fbbd elementor-widget elementor-widget-text-editor\" data-id=\"f91fbbd\" data-element_type=\"widget\" data-e-type=\"widget\" data-widget_type=\"text-editor.default\">\n\t\t\t\t<div class=\"elementor-widget-container\">\n\t\t\t\t\t\t\t\t\t<p>Hled\u00e1n\u00ed <strong>NEP (N-ethylpentedron) pr\u00e1\u0161ek<\/strong> zlep\u0161it sv\u016fj laboratorn\u00ed v\u00fdzkum? <a href=\"https:\/\/chemagora.eu\/cs\/nakupovat\/\">Chemagora<\/a> je zde, aby vyhovoval va\u0161im pot\u0159eb\u00e1m s t\u011bmi nejkvalitn\u011bj\u0161\u00edmi slou\u010deninami. V\u00fdzkumn\u00edci z cel\u00e9 Evropy n\u00e1m d\u016fv\u011b\u0159uj\u00ed pro na\u0161e pr\u00e9miov\u00e9 produkty, rychl\u00e9 dod\u00e1n\u00ed a v\u00fdjime\u010dn\u00fd z\u00e1kaznick\u00fd servis.<\/p>\t\t\t\t\t\t\t\t<\/div>\n\t\t\t\t<\/div>\n\t\t\t\t<div class=\"elementor-element elementor-element-fe95780 elementor-widget elementor-widget-heading\" data-id=\"fe95780\" data-element_type=\"widget\" data-e-type=\"widget\" data-widget_type=\"heading.default\">\n\t\t\t\t<div class=\"elementor-widget-container\">\n\t\t\t\t\t<h2 class=\"elementor-heading-title elementor-size-default\">Co je NEP (N-ethylpentedron)?<\/h2>\t\t\t\t<\/div>\n\t\t\t\t<\/div>\n\t\t\t\t<div class=\"elementor-element elementor-element-6dcf46d elementor-widget elementor-widget-text-editor\" data-id=\"6dcf46d\" data-element_type=\"widget\" data-e-type=\"widget\" data-widget_type=\"text-editor.default\">\n\t\t\t\t<div class=\"elementor-widget-container\">\n\t\t\t\t\t\t\t\t\t<p><strong>N-ethylpentedron (NEP)<\/strong> je syntetick\u00fd stimulant, kter\u00fd pat\u0159\u00ed do rodiny kathinon\u016f. Struktur\u00e1ln\u011b je to deriv\u00e1t pentedronu s ethylovou skupinou p\u0159ipojenou k atomu dus\u00edku. Tato struktur\u00e1ln\u00ed modifikace vytv\u00e1\u0159\u00ed jedine\u010dn\u00e9 vlastnosti, d\u00edky nim\u017e je NEP d\u016fle\u017eitou slou\u010deninou pro v\u011bdeck\u00e9 studie v chemick\u00e9m a farmakologick\u00e9m v\u00fdzkumu. V Chemagora nab\u00edz\u00edme <strong>NEP pr\u00e1\u0161ek<\/strong> s bezkonkuren\u010dn\u00ed \u010distotou a kvalitou pro zaji\u0161t\u011bn\u00ed p\u0159esn\u00fdch a konzistentn\u00edch v\u00fdsledk\u016f.<\/p>\t\t\t\t\t\t\t\t<\/div>\n\t\t\t\t<\/div>\n\t\t\t\t\t<\/div>\n\t\t<\/div>\n\t\t\t\t\t<\/div>\n\t\t<\/section>\n\t\t\t\t<section class=\"elementor-section elementor-top-section elementor-element elementor-element-61adb7e elementor-section-boxed elementor-section-height-default elementor-section-height-default\" data-id=\"61adb7e\" data-element_type=\"section\" data-e-type=\"section\" data-settings=\"{&quot;background_background&quot;:&quot;classic&quot;}\">\n\t\t\t\t\t\t<div class=\"elementor-container elementor-column-gap-no\">\n\t\t\t\t\t<div class=\"elementor-column elementor-col-33 elementor-top-column elementor-element elementor-element-aa02186\" data-id=\"aa02186\" data-element_type=\"column\" data-e-type=\"column\">\n\t\t\t<div class=\"elementor-widget-wrap elementor-element-populated\">\n\t\t\t\t\t\t<div class=\"elementor-element elementor-element-7c48cd6 elementor-widget elementor-widget-heading\" data-id=\"7c48cd6\" data-element_type=\"widget\" data-e-type=\"widget\" data-widget_type=\"heading.default\">\n\t\t\t\t<div class=\"elementor-widget-container\">\n\t\t\t\t\t<h2 class=\"elementor-heading-title elementor-size-default\">Chemick\u00e9 informace<\/h2>\t\t\t\t<\/div>\n\t\t\t\t<\/div>\n\t\t\t\t<div class=\"elementor-element elementor-element-070007a elementor-widget elementor-widget-text-editor\" data-id=\"070007a\" data-element_type=\"widget\" data-e-type=\"widget\" data-widget_type=\"text-editor.default\">\n\t\t\t\t<div class=\"elementor-widget-container\">\n\t\t\t\t\t\t\t\t\t<ul><li><strong>Chemick\u00fd n\u00e1zev:<\/strong> N-ethylpentedron<\/li><li><strong>\u010c\u00edslo CAS:<\/strong> 18268-16-1<\/li><li><strong>Molekul\u00e1rn\u00ed vzorec:<\/strong> C13H19NO<\/li><li><strong>Mol\u00e1rn\u00ed hmotnost:<\/strong> 205,3 g\/mol<\/li><li><strong>N\u00e1zev IUPAC:<\/strong> 2-(ethylamino)-l-fenylpentan-l-on<\/li><\/ul>\t\t\t\t\t\t\t\t<\/div>\n\t\t\t\t<\/div>\n\t\t\t\t\t<\/div>\n\t\t<\/div>\n\t\t\t\t<div class=\"elementor-column elementor-col-33 elementor-top-column elementor-element elementor-element-eada132\" data-id=\"eada132\" data-element_type=\"column\" data-e-type=\"column\">\n\t\t\t<div class=\"elementor-widget-wrap elementor-element-populated\">\n\t\t\t\t\t\t<div class=\"elementor-element elementor-element-dab9e86 elementor-widget elementor-widget-heading\" data-id=\"dab9e86\" data-element_type=\"widget\" data-e-type=\"widget\" data-widget_type=\"heading.default\">\n\t\t\t\t<div class=\"elementor-widget-container\">\n\t\t\t\t\t<h2 class=\"elementor-heading-title elementor-size-default\">Fyzik\u00e1ln\u00ed a chemick\u00e9 vlastnosti<\/h2>\t\t\t\t<\/div>\n\t\t\t\t<\/div>\n\t\t\t\t<div class=\"elementor-element elementor-element-7debe29 elementor-widget elementor-widget-text-editor\" data-id=\"7debe29\" data-element_type=\"widget\" data-e-type=\"widget\" data-widget_type=\"text-editor.default\">\n\t\t\t\t<div class=\"elementor-widget-container\">\n\t\t\t\t\t\t\t\t\t<ul><li><strong>Formul\u00e1\u0159:<\/strong> B\u00edl\u00fd pr\u00e1\u0161ek<\/li><li><strong>\u010cistota:<\/strong> \u226599% (ov\u011b\u0159eno laborato\u0159\u00ed)<\/li><li><strong>Bod t\u00e1n\u00ed:<\/strong> ~120\u2013125 \u00b0C<\/li><li><strong>Rozpustnost:<\/strong> Rozpustn\u00fd ve vod\u011b, ethanolu a methanolu<\/li><li><strong>Stabilita:<\/strong> Stabiln\u00ed za standardn\u00edch laboratorn\u00edch podm\u00ednek<\/li><\/ul>\t\t\t\t\t\t\t\t<\/div>\n\t\t\t\t<\/div>\n\t\t\t\t\t<\/div>\n\t\t<\/div>\n\t\t\t\t<div class=\"elementor-column elementor-col-33 elementor-top-column elementor-element elementor-element-aba4be1\" data-id=\"aba4be1\" data-element_type=\"column\" data-e-type=\"column\">\n\t\t\t<div class=\"elementor-widget-wrap elementor-element-populated\">\n\t\t\t\t\t\t<div class=\"elementor-element elementor-element-4412252 elementor-widget elementor-widget-heading\" data-id=\"4412252\" data-element_type=\"widget\" data-e-type=\"widget\" data-widget_type=\"heading.default\">\n\t\t\t\t<div class=\"elementor-widget-container\">\n\t\t\t\t\t<h2 class=\"elementor-heading-title elementor-size-default\">Analytick\u00e1 data<\/h2>\t\t\t\t<\/div>\n\t\t\t\t<\/div>\n\t\t\t\t<div class=\"elementor-element elementor-element-da60206 elementor-widget elementor-widget-text-editor\" data-id=\"da60206\" data-element_type=\"widget\" data-e-type=\"widget\" data-widget_type=\"text-editor.default\">\n\t\t\t\t<div class=\"elementor-widget-container\">\n\t\t\t\t\t\t\t\t\t<ul><li><strong>NMR (nukle\u00e1rn\u00ed magnetick\u00e1 rezonance):<\/strong> Potvrzuje molekul\u00e1rn\u00ed strukturu a konzistenci<\/li><li><strong>MS (hmotnostn\u00ed spektrometrie):<\/strong> Odpov\u00edd\u00e1 molekulov\u00e9 hmotnosti 205,3 g\/mol<\/li><li><strong>FTIR (Infra\u010derven\u00e1 spektroskopie s Fourierovou transformac\u00ed):<\/strong> Odpov\u00edd\u00e1 standardn\u00edm referen\u010dn\u00edm spektr\u016fm<\/li><\/ul>\t\t\t\t\t\t\t\t<\/div>\n\t\t\t\t<\/div>\n\t\t\t\t\t<\/div>\n\t\t<\/div>\n\t\t\t\t\t<\/div>\n\t\t<\/section>\n\t\t\t\t<section class=\"elementor-section elementor-top-section elementor-element elementor-element-fcb2eb2 elementor-section-boxed elementor-section-height-default elementor-section-height-default\" data-id=\"fcb2eb2\" data-element_type=\"section\" data-e-type=\"section\">\n\t\t\t\t\t\t<div class=\"elementor-container elementor-column-gap-no\">\n\t\t\t\t\t<div class=\"elementor-column elementor-col-100 elementor-top-column elementor-element elementor-element-81e2639\" data-id=\"81e2639\" data-element_type=\"column\" data-e-type=\"column\">\n\t\t\t<div class=\"elementor-widget-wrap elementor-element-populated\">\n\t\t\t\t\t\t<div class=\"elementor-element elementor-element-fc3a650 elementor-widget elementor-widget-heading\" data-id=\"fc3a650\" data-element_type=\"widget\" data-e-type=\"widget\" data-widget_type=\"heading.default\">\n\t\t\t\t<div class=\"elementor-widget-container\">\n\t\t\t\t\t<h2 class=\"elementor-heading-title elementor-size-default\">Pro\u010d si vybrat Chemagoru pro sv\u016fj NEP pr\u00e1\u0161ek?<\/h2>\t\t\t\t<\/div>\n\t\t\t\t<\/div>\n\t\t\t\t<div class=\"elementor-element elementor-element-bca21b8 elementor-widget elementor-widget-text-editor\" data-id=\"bca21b8\" data-element_type=\"widget\" data-e-type=\"widget\" data-widget_type=\"text-editor.default\">\n\t\t\t\t<div class=\"elementor-widget-container\">\n\t\t\t\t\t\t\t\t\t<h4><strong>1. Vynikaj\u00edc\u00ed \u010distota<\/strong><\/h4><p>N\u00e1\u0161 <strong>NEP pr\u00e1\u0161ek<\/strong> je pe\u010dliv\u011b laboratorn\u011b testov\u00e1n, aby bylo zaru\u010deno <strong>\u2265991 TP3T \u010distota<\/strong>, zaji\u0161\u0165uje, \u017ee je bez kontaminant\u016f a je ide\u00e1ln\u00ed pro pokro\u010dil\u00fd v\u00fdzkum.<\/p><h4><strong>2. Jemn\u00e1 pr\u00e1\u0161kov\u00e1 forma<\/strong><\/h4><p>Jemn\u00fd pr\u00e1\u0161ek zaji\u0161\u0165uje snadnou manipulaci, p\u0159esn\u00e9 m\u011b\u0159en\u00ed a spolehliv\u00e9 aplikace ve va\u0161ich laboratorn\u00edch experimentech.<\/p><h4><strong>3. D\u016fv\u011bryhodn\u00e9 v\u00fdzkumn\u00edky z cel\u00e9 Evropy<\/strong><\/h4><p>Od Berl\u00edna po Amsterdam, Madrid po Pa\u0159\u00ed\u017e, Chemagora je d\u016fv\u011bryhodn\u00fdm dodavatelem pro v\u00fdzkumn\u00e9 odborn\u00edky v cel\u00e9 Evrop\u011b. D\u00edky na\u0161\u00ed pov\u011bsti spolehlivosti a kvality jsme nejlep\u0161\u00ed volbou.<\/p><h4><strong>4. Rychl\u00e9 a bezpe\u010dn\u00e9 odesl\u00e1n\u00ed<\/strong><\/h4><p>Up\u0159ednost\u0148ujeme rychl\u00e9 doru\u010den\u00ed a diskr\u00e9tn\u00ed balen\u00ed, abychom zajistili, \u017ee va\u0161e objedn\u00e1vka doraz\u00ed bezpe\u010dn\u011b a bezpe\u010dn\u011b, bez ohledu na to, kde v Evrop\u011b se nach\u00e1z\u00edte.<\/p><h4><strong>5. Odborn\u00e1 z\u00e1kaznick\u00e1 podpora<\/strong><\/h4><p>N\u00e1\u0161 zku\u0161en\u00fd t\u00fdm je k dispozici, aby v\u00e1m pomohl s jak\u00fdmikoli dotazy a zajistil, \u017ee va\u0161e zku\u0161enost s Chemagorou bude bezprobl\u00e9mov\u00e1 a uspokojiv\u00e1.<\/p>\t\t\t\t\t\t\t\t<\/div>\n\t\t\t\t<\/div>\n\t\t\t\t<div class=\"elementor-element elementor-element-91c715a elementor-widget elementor-widget-heading\" data-id=\"91c715a\" data-element_type=\"widget\" data-e-type=\"widget\" data-widget_type=\"heading.default\">\n\t\t\t\t<div class=\"elementor-widget-container\">\n\t\t\t\t\t<h2 class=\"elementor-heading-title elementor-size-default\">Soulad s pr\u00e1vn\u00edmi p\u0159edpisy<\/h2>\t\t\t\t<\/div>\n\t\t\t\t<\/div>\n\t\t\t\t<div class=\"elementor-element elementor-element-b8e87f2 elementor-widget elementor-widget-text-editor\" data-id=\"b8e87f2\" data-element_type=\"widget\" data-e-type=\"widget\" data-widget_type=\"text-editor.default\">\n\t\t\t\t<div class=\"elementor-widget-container\">\n\t\t\t\t\t\t\t\t\t<p>Pr\u00e1vn\u00ed postaven\u00ed <strong>NEP pr\u00e1\u0161ek<\/strong> se li\u0161\u00ed v z\u00e1vislosti na zemi. Je odpov\u011bdnost\u00ed kupuj\u00edc\u00edho zajistit soulad se v\u0161emi m\u00edstn\u00edmi z\u00e1kony a p\u0159edpisy p\u0159ed zakoupen\u00edm nebo pou\u017eit\u00edm tohoto produktu.<\/p>\t\t\t\t\t\t\t\t<\/div>\n\t\t\t\t<\/div>\n\t\t\t\t<div class=\"elementor-element elementor-element-a9bf110 elementor-alert-info elementor-widget elementor-widget-alert\" data-id=\"a9bf110\" data-element_type=\"widget\" data-e-type=\"widget\" data-widget_type=\"alert.default\">\n\t\t\t\t<div class=\"elementor-widget-container\">\n\t\t\t\t\t\t\t<div class=\"elementor-alert\" role=\"alert\">\n\n\t\t\t\t\t\t<span class=\"elementor-alert-title\">Z\u0159eknut\u00ed se odpov\u011bdnosti<\/span>\n\t\t\t\n\t\t\t\t\t\t<span class=\"elementor-alert-description\">Tento produkt je v\u00fdhradn\u011b ur\u010den pouze pro v\u00fdzkumn\u00e9 a analytick\u00e9 \u00fa\u010dely. Za \u017e\u00e1dn\u00fdch okolnost\u00ed nen\u00ed ur\u010den ke konzumaci lidmi nebo zv\u00ed\u0159aty.<\/span>\n\t\t\t\n\t\t\t\t\t\t<button type=\"button\" class=\"elementor-alert-dismiss\" aria-label=\"Dismiss this alert.\">\n\t\t\t\t\t\t\t\t\t<span aria-hidden=\"true\">\u00d7<\/span>\n\t\t\t\t\t\t\t<\/button>\n\t\t\t\n\t\t<\/div>\n\t\t\t\t\t\t<\/div>\n\t\t\t\t<\/div>\n\t\t\t\t<div class=\"elementor-element elementor-element-7e3026d elementor-widget elementor-widget-heading\" data-id=\"7e3026d\" data-element_type=\"widget\" data-e-type=\"widget\" data-widget_type=\"heading.default\">\n\t\t\t\t<div class=\"elementor-widget-container\">\n\t\t\t\t\t<h2 class=\"elementor-heading-title elementor-size-default\">Objednejte si NEP pr\u00e1\u0161ek je\u0161t\u011b dnes<\/h2>\t\t\t\t<\/div>\n\t\t\t\t<\/div>\n\t\t\t\t<div class=\"elementor-element elementor-element-e21bf66 elementor-widget elementor-widget-text-editor\" data-id=\"e21bf66\" data-element_type=\"widget\" data-e-type=\"widget\" data-widget_type=\"text-editor.default\">\n\t\t\t\t<div class=\"elementor-widget-container\">\n\t\t\t\t\t\t\t\t\t<p>Posu\u0148te sv\u016fj v\u00fdzkum s Chemagora&#039;s <strong>vysoce \u010dist\u00fd NEP pr\u00e1\u0161ek<\/strong>. Na\u0161e produkty, kter\u00fdm d\u016fv\u011b\u0159uj\u00ed laborato\u0159e a v\u011bdci v cel\u00e9 Evrop\u011b, poskytuj\u00ed spolehlivost, p\u0159esnost a konzistenci, kterou pot\u0159ebujete pro \u00fasp\u011b\u0161n\u00e9 experimenty.<\/p>\t\t\t\t\t\t\t\t<\/div>\n\t\t\t\t<\/div>\n\t\t\t\t\t<\/div>\n\t\t<\/div>\n\t\t\t\t\t<\/div>\n\t\t<\/section>\n\t\t\t\t<\/div>","protected":false},"excerpt":{"rendered":"<p>P\u0159esn\u011b testovan\u00e1 v\u00fdzkumn\u00e1 chemik\u00e1lie, vyhovuj\u00edc\u00ed, d\u016fv\u011bryhodn\u00e1 a dod\u00e1van\u00e1 s p\u0159esnost\u00ed a p\u00e9\u010d\u00ed.<\/p>","protected":false},"featured_media":1982,"comment_status":"open","ping_status":"closed","template":"","meta":{"inline_featured_image":false},"etheme_brands":[],"product_brand":[],"product_cat":[79],"product_tag":[83,84,80,82,81,48],"class_list":{"0":"post-500","1":"product","2":"type-product","3":"status-publish","4":"has-post-thumbnail","6":"product_cat-nep","7":"product_tag-buy-nep","8":"product_tag-buy-pentedrone","9":"product_tag-nep","10":"product_tag-nep-powder","11":"product_tag-pentedrone","12":"product_tag-research-chemicals","14":"first","15":"instock","16":"shipping-taxable","17":"purchasable","18":"product-type-variable"},"_links":{"self":[{"href":"https:\/\/chemagora.eu\/cs\/wp-json\/wp\/v2\/product\/500","targetHints":{"allow":["GET"]}}],"collection":[{"href":"https:\/\/chemagora.eu\/cs\/wp-json\/wp\/v2\/product"}],"about":[{"href":"https:\/\/chemagora.eu\/cs\/wp-json\/wp\/v2\/types\/product"}],"replies":[{"embeddable":true,"href":"https:\/\/chemagora.eu\/cs\/wp-json\/wp\/v2\/comments?post=500"}],"version-history":[{"count":0,"href":"https:\/\/chemagora.eu\/cs\/wp-json\/wp\/v2\/product\/500\/revisions"}],"wp:featuredmedia":[{"embeddable":true,"href":"https:\/\/chemagora.eu\/cs\/wp-json\/wp\/v2\/media\/1982"}],"wp:attachment":[{"href":"https:\/\/chemagora.eu\/cs\/wp-json\/wp\/v2\/media?parent=500"}],"wp:term":[{"taxonomy":"brand","embeddable":true,"href":"https:\/\/chemagora.eu\/cs\/wp-json\/wp\/v2\/etheme_brands?post=500"},{"taxonomy":"product_brand","embeddable":true,"href":"https:\/\/chemagora.eu\/cs\/wp-json\/wp\/v2\/product_brand?post=500"},{"taxonomy":"product_cat","embeddable":true,"href":"https:\/\/chemagora.eu\/cs\/wp-json\/wp\/v2\/product_cat?post=500"},{"taxonomy":"product_tag","embeddable":true,"href":"https:\/\/chemagora.eu\/cs\/wp-json\/wp\/v2\/product_tag?post=500"}],"curies":[{"name":"wp","href":"https:\/\/api.w.org\/{rel}","templated":true}]}}