{"id":512,"date":"2022-10-06T11:29:12","date_gmt":"2022-10-06T11:29:12","guid":{"rendered":"https:\/\/xstore.8theme.com\/elementor\/demos\/hemp-and-cbd\/?post_type=product&#038;p=512"},"modified":"2025-09-04T04:03:46","modified_gmt":"2025-09-04T04:03:46","slug":"mdphp-powder","status":"publish","type":"product","link":"https:\/\/chemagora.eu\/cs\/product\/mdphp-powder\/","title":{"rendered":"MDPHP pr\u00e1\u0161ek"},"content":{"rendered":"<div data-elementor-type=\"wp-post\" data-elementor-id=\"512\" class=\"elementor elementor-512\" data-elementor-post-type=\"product\">\n\t\t\t\t\t\t<section class=\"elementor-section elementor-top-section elementor-element elementor-element-e05377e elementor-section-boxed elementor-section-height-default elementor-section-height-default\" data-id=\"e05377e\" data-element_type=\"section\" data-e-type=\"section\">\n\t\t\t\t\t\t<div class=\"elementor-container elementor-column-gap-no\">\n\t\t\t\t\t<div class=\"elementor-column elementor-col-100 elementor-top-column elementor-element elementor-element-5be546f\" data-id=\"5be546f\" data-element_type=\"column\" data-e-type=\"column\">\n\t\t\t<div class=\"elementor-widget-wrap elementor-element-populated\">\n\t\t\t\t\t\t<div class=\"elementor-element elementor-element-3a513b0 elementor-widget elementor-widget-heading\" data-id=\"3a513b0\" data-element_type=\"widget\" data-e-type=\"widget\" data-widget_type=\"heading.default\">\n\t\t\t\t<div class=\"elementor-widget-container\">\n\t\t\t\t\t<h2 class=\"elementor-heading-title elementor-size-default\">Buy MDPHP Powder Online | High-Purity Research Chemicals from Chemagora<\/h2>\t\t\t\t<\/div>\n\t\t\t\t<\/div>\n\t\t\t\t<div class=\"elementor-element elementor-element-8d81f9d elementor-widget elementor-widget-text-editor\" data-id=\"8d81f9d\" data-element_type=\"widget\" data-e-type=\"widget\" data-widget_type=\"text-editor.default\">\n\t\t\t\t<div class=\"elementor-widget-container\">\n\t\t\t\t\t\t\t\t\t<p>Hled\u00e1m <strong>MDPHP pr\u00e1\u0161ek<\/strong> to support your cutting-edge research? <a href=\"https:\/\/chemagora.eu\/cs\/nakupovat\/\">Chemagora<\/a> is here to provide high-purity research chemicals to laboratories and scientists across Europe. Whether you&#8217;re in Germany, France, Italy, Spain, or the Netherlands, we ensure fast delivery, top-quality products, and outstanding customer service.<\/p>\t\t\t\t\t\t\t\t<\/div>\n\t\t\t\t<\/div>\n\t\t\t\t<div class=\"elementor-element elementor-element-2091812 elementor-widget elementor-widget-heading\" data-id=\"2091812\" data-element_type=\"widget\" data-e-type=\"widget\" data-widget_type=\"heading.default\">\n\t\t\t\t<div class=\"elementor-widget-container\">\n\t\t\t\t\t<h2 class=\"elementor-heading-title elementor-size-default\">What is MDPHP?<\/h2>\t\t\t\t<\/div>\n\t\t\t\t<\/div>\n\t\t\t\t<div class=\"elementor-element elementor-element-3a1c6f2 elementor-widget elementor-widget-text-editor\" data-id=\"3a1c6f2\" data-element_type=\"widget\" data-e-type=\"widget\" data-widget_type=\"text-editor.default\">\n\t\t\t\t<div class=\"elementor-widget-container\">\n\t\t\t\t\t\t\t\t\t<p><strong>3&#8242;,4&#8242;-Methylenedioxy-\u03b1-pyrrolidinohexiophenone (MDPHP)<\/strong> is a synthetic cathinone and a member of the pyrrolidine class. Known for its unique chemical properties, MDPHP features a methylenedioxy group attached to the benzene ring and an extended alkyl side chain, making it an exciting compound for advanced <a href=\"https:\/\/chemagora.eu\/cs\/product\/\u03b1-pihp-crystal\/\"  data-wpil-monitor-id=\"40\">chemick\u00fd a farmakologick\u00fd v\u00fdzkum<\/a>. N\u00e1\u0161 <strong>MDPHP pr\u00e1\u0161ek<\/strong> is produced and tested to deliver superior quality for reliable results in laboratory applications.<\/p>\t\t\t\t\t\t\t\t<\/div>\n\t\t\t\t<\/div>\n\t\t\t\t\t<\/div>\n\t\t<\/div>\n\t\t\t\t\t<\/div>\n\t\t<\/section>\n\t\t\t\t<section class=\"elementor-section elementor-top-section elementor-element elementor-element-c651a03 elementor-section-boxed elementor-section-height-default elementor-section-height-default\" data-id=\"c651a03\" data-element_type=\"section\" data-e-type=\"section\" data-settings=\"{&quot;background_background&quot;:&quot;classic&quot;}\">\n\t\t\t\t\t\t<div class=\"elementor-container elementor-column-gap-no\">\n\t\t\t\t\t<div class=\"elementor-column elementor-col-33 elementor-top-column elementor-element elementor-element-906e496\" data-id=\"906e496\" data-element_type=\"column\" data-e-type=\"column\">\n\t\t\t<div class=\"elementor-widget-wrap elementor-element-populated\">\n\t\t\t\t\t\t<div class=\"elementor-element elementor-element-20df48e elementor-widget elementor-widget-heading\" data-id=\"20df48e\" data-element_type=\"widget\" data-e-type=\"widget\" data-widget_type=\"heading.default\">\n\t\t\t\t<div class=\"elementor-widget-container\">\n\t\t\t\t\t<h2 class=\"elementor-heading-title elementor-size-default\">Chemick\u00e9 informace<\/h2>\t\t\t\t<\/div>\n\t\t\t\t<\/div>\n\t\t\t\t<div class=\"elementor-element elementor-element-6f7251b elementor-widget elementor-widget-text-editor\" data-id=\"6f7251b\" data-element_type=\"widget\" data-e-type=\"widget\" data-widget_type=\"text-editor.default\">\n\t\t\t\t<div class=\"elementor-widget-container\">\n\t\t\t\t\t\t\t\t\t<ul><li><strong>Chemick\u00fd n\u00e1zev:<\/strong> 3&#8242;,4&#8242;-Methylenedioxy-\u03b1-pyrrolidinohexiophenone<\/li><li><strong>\u010c\u00edslo CAS:<\/strong> 776994-64-0<\/li><li><strong>Molekul\u00e1rn\u00ed vzorec:<\/strong> C17H23NO3<\/li><li><strong>Mol\u00e1rn\u00ed hmotnost:<\/strong> 289,37 g\/mol<\/li><li><strong>N\u00e1zev IUPAC:<\/strong> 1-(benzo[d][1,3]dioxol-5-yl)-2-(pyrrolidin-1-yl)hexan-1-one<\/li><\/ul>\t\t\t\t\t\t\t\t<\/div>\n\t\t\t\t<\/div>\n\t\t\t\t\t<\/div>\n\t\t<\/div>\n\t\t\t\t<div class=\"elementor-column elementor-col-33 elementor-top-column elementor-element elementor-element-8f8d918\" data-id=\"8f8d918\" data-element_type=\"column\" data-e-type=\"column\">\n\t\t\t<div class=\"elementor-widget-wrap elementor-element-populated\">\n\t\t\t\t\t\t<div class=\"elementor-element elementor-element-0c8afdd elementor-widget elementor-widget-heading\" data-id=\"0c8afdd\" data-element_type=\"widget\" data-e-type=\"widget\" data-widget_type=\"heading.default\">\n\t\t\t\t<div class=\"elementor-widget-container\">\n\t\t\t\t\t<h2 class=\"elementor-heading-title elementor-size-default\">Fyzik\u00e1ln\u00ed a chemick\u00e9 vlastnosti<\/h2>\t\t\t\t<\/div>\n\t\t\t\t<\/div>\n\t\t\t\t<div class=\"elementor-element elementor-element-e35d26c elementor-widget elementor-widget-text-editor\" data-id=\"e35d26c\" data-element_type=\"widget\" data-e-type=\"widget\" data-widget_type=\"text-editor.default\">\n\t\t\t\t<div class=\"elementor-widget-container\">\n\t\t\t\t\t\t\t\t\t<ul><li><strong>Formul\u00e1\u0159:<\/strong> White fine powder<\/li><li><strong>\u010cistota:<\/strong> \u226599% (lab-tested and verified)<\/li><li><strong>Bod t\u00e1n\u00ed:<\/strong> ~120\u2013125 \u00b0C<\/li><li><strong>Rozpustnost:<\/strong> Rozpustn\u00fd ve vod\u011b, ethanolu a methanolu<\/li><li><strong>Stabilita:<\/strong> Stable when stored under recommended conditions<\/li><\/ul>\t\t\t\t\t\t\t\t<\/div>\n\t\t\t\t<\/div>\n\t\t\t\t\t<\/div>\n\t\t<\/div>\n\t\t\t\t<div class=\"elementor-column elementor-col-33 elementor-top-column elementor-element elementor-element-dc59bc6\" data-id=\"dc59bc6\" data-element_type=\"column\" data-e-type=\"column\">\n\t\t\t<div class=\"elementor-widget-wrap elementor-element-populated\">\n\t\t\t\t\t\t<div class=\"elementor-element elementor-element-f5e52d9 elementor-widget elementor-widget-heading\" data-id=\"f5e52d9\" data-element_type=\"widget\" data-e-type=\"widget\" data-widget_type=\"heading.default\">\n\t\t\t\t<div class=\"elementor-widget-container\">\n\t\t\t\t\t<h2 class=\"elementor-heading-title elementor-size-default\">Analytick\u00e1 data<\/h2>\t\t\t\t<\/div>\n\t\t\t\t<\/div>\n\t\t\t\t<div class=\"elementor-element elementor-element-513a9cf elementor-widget elementor-widget-text-editor\" data-id=\"513a9cf\" data-element_type=\"widget\" data-e-type=\"widget\" data-widget_type=\"text-editor.default\">\n\t\t\t\t<div class=\"elementor-widget-container\">\n\t\t\t\t\t\t\t\t\t<ul><li><strong>NMR (nukle\u00e1rn\u00ed magnetick\u00e1 rezonance):<\/strong> Potvrzuje molekul\u00e1rn\u00ed strukturu<\/li><li><strong>MS (hmotnostn\u00ed spektrometrie):<\/strong> Matches molecular weight of 289.37 g\/mol<\/li><li><strong>FTIR (Infra\u010derven\u00e1 spektroskopie s Fourierovou transformac\u00ed):<\/strong> Matches reference spectra for MDPHP<\/li><\/ul>\t\t\t\t\t\t\t\t<\/div>\n\t\t\t\t<\/div>\n\t\t\t\t\t<\/div>\n\t\t<\/div>\n\t\t\t\t\t<\/div>\n\t\t<\/section>\n\t\t\t\t<section class=\"elementor-section elementor-top-section elementor-element elementor-element-fdff062 elementor-section-boxed elementor-section-height-default elementor-section-height-default\" data-id=\"fdff062\" data-element_type=\"section\" data-e-type=\"section\">\n\t\t\t\t\t\t<div class=\"elementor-container elementor-column-gap-no\">\n\t\t\t\t\t<div class=\"elementor-column elementor-col-100 elementor-top-column elementor-element elementor-element-b21049e\" data-id=\"b21049e\" data-element_type=\"column\" data-e-type=\"column\">\n\t\t\t<div class=\"elementor-widget-wrap elementor-element-populated\">\n\t\t\t\t\t\t<div class=\"elementor-element elementor-element-c433251 elementor-widget elementor-widget-heading\" data-id=\"c433251\" data-element_type=\"widget\" data-e-type=\"widget\" data-widget_type=\"heading.default\">\n\t\t\t\t<div class=\"elementor-widget-container\">\n\t\t\t\t\t<h2 class=\"elementor-heading-title elementor-size-default\">Why Choose Chemagora for Your MDPHP Powder?<\/h2>\t\t\t\t<\/div>\n\t\t\t\t<\/div>\n\t\t\t\t<div class=\"elementor-element elementor-element-c9f9a37 elementor-widget elementor-widget-text-editor\" data-id=\"c9f9a37\" data-element_type=\"widget\" data-e-type=\"widget\" data-widget_type=\"text-editor.default\">\n\t\t\t\t<div class=\"elementor-widget-container\">\n\t\t\t\t\t\t\t\t\t<h4><strong>1. Uncompromising Purity<\/strong><\/h4><p>N\u00e1\u0161 <strong>MDPHP pr\u00e1\u0161ek<\/strong> is lab-tested to ensure <strong>\u2265991 TP3T \u010distota<\/strong>, providing researchers with a product free from contaminants.<\/p><h4><strong>2. Easy-to-Use Powder Form<\/strong><\/h4><p>The fine powder form ensures accurate measurements, easy handling, and precise application, making it suitable for complex laboratory procedures.<\/p><h4><strong>3. D\u016fv\u011bryhodn\u00fd v cel\u00e9 Evrop\u011b<\/strong><\/h4><p>From Amsterdam to Berlin, Paris to Madrid, Chemagora is the go-to supplier for research professionals across Europe, renowned for our commitment to quality and compliance.<\/p><h4><strong>4. Rychl\u00e9 a bezpe\u010dn\u00e9 odesl\u00e1n\u00ed<\/strong><\/h4><p>All orders are processed promptly and shipped in discreet, tamper-proof packaging to ensure your product arrives safely and on time.<\/p><h4><strong>5. Vyhrazen\u00e1 z\u00e1kaznick\u00e1 podpora<\/strong><\/h4><p>Our experienced team is ready to assist with any inquiries, ensuring you have all the support you need throughout your purchase and beyond.<\/p>\t\t\t\t\t\t\t\t<\/div>\n\t\t\t\t<\/div>\n\t\t\t\t<div class=\"elementor-element elementor-element-5481a2b elementor-widget elementor-widget-heading\" data-id=\"5481a2b\" data-element_type=\"widget\" data-e-type=\"widget\" data-widget_type=\"heading.default\">\n\t\t\t\t<div class=\"elementor-widget-container\">\n\t\t\t\t\t<h2 class=\"elementor-heading-title elementor-size-default\">Soulad s pr\u00e1vn\u00edmi p\u0159edpisy<\/h2>\t\t\t\t<\/div>\n\t\t\t\t<\/div>\n\t\t\t\t<div class=\"elementor-element elementor-element-d430f49 elementor-widget elementor-widget-text-editor\" data-id=\"d430f49\" data-element_type=\"widget\" data-e-type=\"widget\" data-widget_type=\"text-editor.default\">\n\t\t\t\t<div class=\"elementor-widget-container\">\n\t\t\t\t\t\t\t\t\t<p>Pr\u00e1vn\u00ed postaven\u00ed <strong>MDPHP pr\u00e1\u0161ek<\/strong> varies across countries. It is the buyer&#8217;s responsibility to ensure compliance with all applicable laws and regulations before purchasing or using this product.<\/p>\t\t\t\t\t\t\t\t<\/div>\n\t\t\t\t<\/div>\n\t\t\t\t<div class=\"elementor-element elementor-element-a2d5024 elementor-alert-info elementor-widget elementor-widget-alert\" data-id=\"a2d5024\" data-element_type=\"widget\" data-e-type=\"widget\" data-widget_type=\"alert.default\">\n\t\t\t\t<div class=\"elementor-widget-container\">\n\t\t\t\t\t\t\t<div class=\"elementor-alert\" role=\"alert\">\n\n\t\t\t\t\t\t<span class=\"elementor-alert-title\">Z\u0159eknut\u00ed se odpov\u011bdnosti<\/span>\n\t\t\t\n\t\t\t\t\t\t<span class=\"elementor-alert-description\">Tento produkt je v\u00fdhradn\u011b ur\u010den pouze pro v\u00fdzkumn\u00e9 a analytick\u00e9 \u00fa\u010dely. Za \u017e\u00e1dn\u00fdch okolnost\u00ed nen\u00ed ur\u010den ke konzumaci lidmi nebo zv\u00ed\u0159aty.<\/span>\n\t\t\t\n\t\t\t\t\t\t<button type=\"button\" class=\"elementor-alert-dismiss\" aria-label=\"Dismiss this alert.\">\n\t\t\t\t\t\t\t\t\t<span aria-hidden=\"true\">\u00d7<\/span>\n\t\t\t\t\t\t\t<\/button>\n\t\t\t\n\t\t<\/div>\n\t\t\t\t\t\t<\/div>\n\t\t\t\t<\/div>\n\t\t\t\t<div class=\"elementor-element elementor-element-ea09a13 elementor-widget elementor-widget-heading\" data-id=\"ea09a13\" data-element_type=\"widget\" data-e-type=\"widget\" data-widget_type=\"heading.default\">\n\t\t\t\t<div class=\"elementor-widget-container\">\n\t\t\t\t\t<h2 class=\"elementor-heading-title elementor-size-default\">Order Your MDPHP Powder Today<\/h2>\t\t\t\t<\/div>\n\t\t\t\t<\/div>\n\t\t\t\t<div class=\"elementor-element elementor-element-abc501c elementor-widget elementor-widget-text-editor\" data-id=\"abc501c\" data-element_type=\"widget\" data-e-type=\"widget\" data-widget_type=\"text-editor.default\">\n\t\t\t\t<div class=\"elementor-widget-container\">\n\t\t\t\t\t\t\t\t\t<p>Posu\u0148te sv\u016fj v\u00fdzkum na dal\u0161\u00ed \u00farove\u0148 s Chemagora&#039;s <strong>high-purity MDPHP Powder<\/strong>. Trusted by scientists across Europe, our products deliver quality, reliability, and consistent results.<\/p>\t\t\t\t\t\t\t\t<\/div>\n\t\t\t\t<\/div>\n\t\t\t\t\t<\/div>\n\t\t<\/div>\n\t\t\t\t\t<\/div>\n\t\t<\/section>\n\t\t\t\t<\/div>","protected":false},"excerpt":{"rendered":"<p>P\u0159esn\u011b testovan\u00e1 v\u00fdzkumn\u00e1 chemik\u00e1lie, vyhovuj\u00edc\u00ed, d\u016fv\u011bryhodn\u00e1 a dod\u00e1van\u00e1 s p\u0159esnost\u00ed a p\u00e9\u010d\u00ed.<\/p>","protected":false},"featured_media":1918,"comment_status":"open","ping_status":"closed","template":"","meta":{"inline_featured_image":false},"etheme_brands":[],"product_brand":[],"product_cat":[43],"product_tag":[],"class_list":{"0":"post-512","1":"product","2":"type-product","3":"status-publish","4":"has-post-thumbnail","6":"product_cat-mdphp","8":"first","9":"instock","10":"shipping-taxable","11":"purchasable","12":"product-type-variable"},"_links":{"self":[{"href":"https:\/\/chemagora.eu\/cs\/wp-json\/wp\/v2\/product\/512","targetHints":{"allow":["GET"]}}],"collection":[{"href":"https:\/\/chemagora.eu\/cs\/wp-json\/wp\/v2\/product"}],"about":[{"href":"https:\/\/chemagora.eu\/cs\/wp-json\/wp\/v2\/types\/product"}],"replies":[{"embeddable":true,"href":"https:\/\/chemagora.eu\/cs\/wp-json\/wp\/v2\/comments?post=512"}],"version-history":[{"count":0,"href":"https:\/\/chemagora.eu\/cs\/wp-json\/wp\/v2\/product\/512\/revisions"}],"wp:featuredmedia":[{"embeddable":true,"href":"https:\/\/chemagora.eu\/cs\/wp-json\/wp\/v2\/media\/1918"}],"wp:attachment":[{"href":"https:\/\/chemagora.eu\/cs\/wp-json\/wp\/v2\/media?parent=512"}],"wp:term":[{"taxonomy":"brand","embeddable":true,"href":"https:\/\/chemagora.eu\/cs\/wp-json\/wp\/v2\/etheme_brands?post=512"},{"taxonomy":"product_brand","embeddable":true,"href":"https:\/\/chemagora.eu\/cs\/wp-json\/wp\/v2\/product_brand?post=512"},{"taxonomy":"product_cat","embeddable":true,"href":"https:\/\/chemagora.eu\/cs\/wp-json\/wp\/v2\/product_cat?post=512"},{"taxonomy":"product_tag","embeddable":true,"href":"https:\/\/chemagora.eu\/cs\/wp-json\/wp\/v2\/product_tag?post=512"}],"curies":[{"name":"wp","href":"https:\/\/api.w.org\/{rel}","templated":true}]}}