{"id":516,"date":"2022-10-06T11:29:13","date_gmt":"2022-10-06T11:29:13","guid":{"rendered":"https:\/\/xstore.8theme.com\/elementor\/demos\/hemp-and-cbd\/?post_type=product&#038;p=516"},"modified":"2025-01-24T12:20:51","modified_gmt":"2025-01-24T12:20:51","slug":"%ce%b1-pihp-crystal","status":"publish","type":"product","link":"https:\/\/chemagora.eu\/cs\/product\/\u03b1-pihp-crystal\/","title":{"rendered":"Krystal A-PiHP"},"content":{"rendered":"<div data-elementor-type=\"wp-post\" data-elementor-id=\"516\" class=\"elementor elementor-516\" data-elementor-post-type=\"product\">\n\t\t\t\t\t\t<section class=\"elementor-section elementor-top-section elementor-element elementor-element-dac26c0 elementor-section-boxed elementor-section-height-default elementor-section-height-default\" data-id=\"dac26c0\" data-element_type=\"section\" data-e-type=\"section\">\n\t\t\t\t\t\t<div class=\"elementor-container elementor-column-gap-no\">\n\t\t\t\t\t<div class=\"elementor-column elementor-col-100 elementor-top-column elementor-element elementor-element-8ac34b1\" data-id=\"8ac34b1\" data-element_type=\"column\" data-e-type=\"column\">\n\t\t\t<div class=\"elementor-widget-wrap elementor-element-populated\">\n\t\t\t\t\t\t<div class=\"elementor-element elementor-element-2b25d2f elementor-widget elementor-widget-heading\" data-id=\"2b25d2f\" data-element_type=\"widget\" data-e-type=\"widget\" data-widget_type=\"heading.default\">\n\t\t\t\t<div class=\"elementor-widget-container\">\n\t\t\t\t\t<h2 class=\"elementor-heading-title elementor-size-default\">Buy \u03b1-PiHP Crystals Online | Premium Research Chemicals from Chemagora<\/h2>\t\t\t\t<\/div>\n\t\t\t\t<\/div>\n\t\t\t\t<div class=\"elementor-element elementor-element-c3a94ec elementor-widget elementor-widget-text-editor\" data-id=\"c3a94ec\" data-element_type=\"widget\" data-e-type=\"widget\" data-widget_type=\"text-editor.default\">\n\t\t\t\t<div class=\"elementor-widget-container\">\n\t\t\t\t\t\t\t\t\t<p>Searching for top-quality <strong>\u03b1-PiHP Crystals<\/strong> for your laboratory research? Chemagora is your reliable source for high-purity compounds, trusted by scientists and researchers throughout Europe. Whether you&#8217;re based in Germany, France, Spain, Italy, or the Netherlands,<a href=\"https:\/\/chemagora.eu\/cs\/nakupovat\/\"> Chemagora<\/a> ensures secure delivery and exceptional customer support for your research needs.<\/p>\t\t\t\t\t\t\t\t<\/div>\n\t\t\t\t<\/div>\n\t\t\t\t<div class=\"elementor-element elementor-element-a2364a9 elementor-widget elementor-widget-heading\" data-id=\"a2364a9\" data-element_type=\"widget\" data-e-type=\"widget\" data-widget_type=\"heading.default\">\n\t\t\t\t<div class=\"elementor-widget-container\">\n\t\t\t\t\t<h2 class=\"elementor-heading-title elementor-size-default\">What is \u03b1-PiHP?<\/h2>\t\t\t\t<\/div>\n\t\t\t\t<\/div>\n\t\t\t\t<div class=\"elementor-element elementor-element-cc3f755 elementor-widget elementor-widget-text-editor\" data-id=\"cc3f755\" data-element_type=\"widget\" data-e-type=\"widget\" data-widget_type=\"text-editor.default\">\n\t\t\t\t<div class=\"elementor-widget-container\">\n\t\t\t\t\t\t\t\t\t<p><strong>\u03b1-Pyrrolidinoisohexanophenone (\u03b1-PiHP)<\/strong> is a synthetic stimulant and a member of the cathinone family. It is an isomer of pyrovalerone, with a distinct structural difference due to the positioning of its functional groups. This unique chemical arrangement gives \u03b1-PiHP specific properties that make it valuable for advanced pharmacological and <a href=\"https:\/\/chemagora.eu\/cs\/product\/\u03b1-php-pellets\/\"  data-wpil-monitor-id=\"36\">chemical research<\/a>. At Chemagora, we ensure the highest quality <strong>\u03b1-PiHP Crystals<\/strong>, tailored for precision in laboratory studies.<\/p>\t\t\t\t\t\t\t\t<\/div>\n\t\t\t\t<\/div>\n\t\t\t\t\t<\/div>\n\t\t<\/div>\n\t\t\t\t\t<\/div>\n\t\t<\/section>\n\t\t\t\t<section class=\"elementor-section elementor-top-section elementor-element elementor-element-27bf380 elementor-section-boxed elementor-section-height-default elementor-section-height-default\" data-id=\"27bf380\" data-element_type=\"section\" data-e-type=\"section\" data-settings=\"{&quot;background_background&quot;:&quot;classic&quot;}\">\n\t\t\t\t\t\t<div class=\"elementor-container elementor-column-gap-no\">\n\t\t\t\t\t<div class=\"elementor-column elementor-col-33 elementor-top-column elementor-element elementor-element-a096bed\" data-id=\"a096bed\" data-element_type=\"column\" data-e-type=\"column\">\n\t\t\t<div class=\"elementor-widget-wrap elementor-element-populated\">\n\t\t\t\t\t\t<div class=\"elementor-element elementor-element-571435a elementor-widget elementor-widget-heading\" data-id=\"571435a\" data-element_type=\"widget\" data-e-type=\"widget\" data-widget_type=\"heading.default\">\n\t\t\t\t<div class=\"elementor-widget-container\">\n\t\t\t\t\t<h2 class=\"elementor-heading-title elementor-size-default\">Chemick\u00e9 informace<\/h2>\t\t\t\t<\/div>\n\t\t\t\t<\/div>\n\t\t\t\t<div class=\"elementor-element elementor-element-c917367 elementor-widget elementor-widget-text-editor\" data-id=\"c917367\" data-element_type=\"widget\" data-e-type=\"widget\" data-widget_type=\"text-editor.default\">\n\t\t\t\t<div class=\"elementor-widget-container\">\n\t\t\t\t\t\t\t\t\t<ul><li><strong>Chemick\u00fd n\u00e1zev:<\/strong> \u03b1-Pyrrolidinoisohexanophenone<\/li><li><strong>\u010c\u00edslo CAS:<\/strong> 2181620-71-1<\/li><li><strong>Molekul\u00e1rn\u00ed vzorec:<\/strong> C16H23NO<\/li><li><strong>Mol\u00e1rn\u00ed hmotnost:<\/strong> 245,36 g\/mol<\/li><li><strong>N\u00e1zev IUPAC:<\/strong> 4-Methyl-1-phenyl-2-(pyrrolidin-1-yl)pentan-1-one<\/li><li>\u00a0<\/li><\/ul>\t\t\t\t\t\t\t\t<\/div>\n\t\t\t\t<\/div>\n\t\t\t\t\t<\/div>\n\t\t<\/div>\n\t\t\t\t<div class=\"elementor-column elementor-col-33 elementor-top-column elementor-element elementor-element-5734e79\" data-id=\"5734e79\" data-element_type=\"column\" data-e-type=\"column\">\n\t\t\t<div class=\"elementor-widget-wrap elementor-element-populated\">\n\t\t\t\t\t\t<div class=\"elementor-element elementor-element-292b556 elementor-widget elementor-widget-heading\" data-id=\"292b556\" data-element_type=\"widget\" data-e-type=\"widget\" data-widget_type=\"heading.default\">\n\t\t\t\t<div class=\"elementor-widget-container\">\n\t\t\t\t\t<h2 class=\"elementor-heading-title elementor-size-default\">Fyzik\u00e1ln\u00ed a chemick\u00e9 vlastnosti<\/h2>\t\t\t\t<\/div>\n\t\t\t\t<\/div>\n\t\t\t\t<div class=\"elementor-element elementor-element-969f39d elementor-widget elementor-widget-text-editor\" data-id=\"969f39d\" data-element_type=\"widget\" data-e-type=\"widget\" data-widget_type=\"text-editor.default\">\n\t\t\t\t<div class=\"elementor-widget-container\">\n\t\t\t\t\t\t\t\t\t<ul><li><strong>Formul\u00e1\u0159:<\/strong> B\u00edl\u00fd krystalick\u00fd pr\u00e1\u0161ek<\/li><li><strong>\u010cistota:<\/strong> \u226599% (verified through lab testing)<\/li><li><strong>Bod t\u00e1n\u00ed:<\/strong> -108,9 \u00b0C<\/li><li><strong>Rozpustnost:<\/strong> Rozpustn\u00fd ve vod\u011b, ethanolu a methanolu<\/li><li><strong>Stabilita:<\/strong> Stabiln\u00ed za spr\u00e1vn\u00fdch skladovac\u00edch podm\u00ednek<\/li><\/ul>\t\t\t\t\t\t\t\t<\/div>\n\t\t\t\t<\/div>\n\t\t\t\t\t<\/div>\n\t\t<\/div>\n\t\t\t\t<div class=\"elementor-column elementor-col-33 elementor-top-column elementor-element elementor-element-41f33bf\" data-id=\"41f33bf\" data-element_type=\"column\" data-e-type=\"column\">\n\t\t\t<div class=\"elementor-widget-wrap elementor-element-populated\">\n\t\t\t\t\t\t<div class=\"elementor-element elementor-element-9fc0d09 elementor-widget elementor-widget-heading\" data-id=\"9fc0d09\" data-element_type=\"widget\" data-e-type=\"widget\" data-widget_type=\"heading.default\">\n\t\t\t\t<div class=\"elementor-widget-container\">\n\t\t\t\t\t<h2 class=\"elementor-heading-title elementor-size-default\">Analytick\u00e1 data<\/h2>\t\t\t\t<\/div>\n\t\t\t\t<\/div>\n\t\t\t\t<div class=\"elementor-element elementor-element-51243b1 elementor-widget elementor-widget-text-editor\" data-id=\"51243b1\" data-element_type=\"widget\" data-e-type=\"widget\" data-widget_type=\"text-editor.default\">\n\t\t\t\t<div class=\"elementor-widget-container\">\n\t\t\t\t\t\t\t\t\t<ul><li><strong>NMR (nukle\u00e1rn\u00ed magnetick\u00e1 rezonance):<\/strong> Potvrzuje molekul\u00e1rn\u00ed strukturu a konzistenci<\/li><li><strong>MS (hmotnostn\u00ed spektrometrie):<\/strong> Odpov\u00edd\u00e1 molekulov\u00e9 hmotnosti 245,36 g\/mol<\/li><li><strong>FTIR (Infra\u010derven\u00e1 spektroskopie s Fourierovou transformac\u00ed):<\/strong> Matches reference spectra for \u03b1-PiHP<\/li><\/ul>\t\t\t\t\t\t\t\t<\/div>\n\t\t\t\t<\/div>\n\t\t\t\t\t<\/div>\n\t\t<\/div>\n\t\t\t\t\t<\/div>\n\t\t<\/section>\n\t\t\t\t<section class=\"elementor-section elementor-top-section elementor-element elementor-element-9489c59 elementor-section-boxed elementor-section-height-default elementor-section-height-default\" data-id=\"9489c59\" data-element_type=\"section\" data-e-type=\"section\">\n\t\t\t\t\t\t<div class=\"elementor-container elementor-column-gap-no\">\n\t\t\t\t\t<div class=\"elementor-column elementor-col-100 elementor-top-column elementor-element elementor-element-8d62602\" data-id=\"8d62602\" data-element_type=\"column\" data-e-type=\"column\">\n\t\t\t<div class=\"elementor-widget-wrap elementor-element-populated\">\n\t\t\t\t\t\t<div class=\"elementor-element elementor-element-8de9072 elementor-widget elementor-widget-heading\" data-id=\"8de9072\" data-element_type=\"widget\" data-e-type=\"widget\" data-widget_type=\"heading.default\">\n\t\t\t\t<div class=\"elementor-widget-container\">\n\t\t\t\t\t<h2 class=\"elementor-heading-title elementor-size-default\">Why Choose Chemagora for Your \u03b1-PiHP Crystals?<\/h2>\t\t\t\t<\/div>\n\t\t\t\t<\/div>\n\t\t\t\t<div class=\"elementor-element elementor-element-6eba2ed elementor-widget elementor-widget-text-editor\" data-id=\"6eba2ed\" data-element_type=\"widget\" data-e-type=\"widget\" data-widget_type=\"text-editor.default\">\n\t\t\t\t<div class=\"elementor-widget-container\">\n\t\t\t\t\t\t\t\t\t<h4><strong>1. Zaru\u010den\u00e1 vysok\u00e1 \u010distota<\/strong><\/h4><p>N\u00e1\u0161 <strong>\u03b1-PiHP Crystals<\/strong> jsou laboratorn\u011b testov\u00e1ny, aby bylo zaji\u0161t\u011bno <strong>\u2265991 TP3T \u010distota<\/strong>, providing researchers with a product free of impurities for reliable and accurate results.<\/p><h4><strong>2. Krystalick\u00e1 forma pro p\u0159esnost<\/strong><\/h4><p>The white crystalline structure of \u03b1-PiHP is ideal for laboratory use, offering easy handling, precise measurements, and consistent applications.<\/p><h4><strong>3. D\u016fv\u011bryhodn\u00fd dodavatel v cel\u00e9 Evrop\u011b<\/strong><\/h4><p>From Berlin to Amsterdam, Madrid to Paris, Chemagora is the go-to supplier for research institutions across Europe. We prioritize quality and compliance to support your work.<\/p><h4><strong>4. Secure and Fast Shipping<\/strong><\/h4><p>We process all orders quickly and deliver them discreetly in tamper-proof packaging. Chemagora ensures safe and timely delivery, no matter your location in Europe.<\/p><h4><strong>5. V\u00fdjime\u010dn\u00e1 z\u00e1kaznick\u00e1 podpora<\/strong><\/h4><p>Our experienced team is available to assist with any inquiries, whether about product details, order processing, or shipping information. Your satisfaction is our priority.<\/p>\t\t\t\t\t\t\t\t<\/div>\n\t\t\t\t<\/div>\n\t\t\t\t<div class=\"elementor-element elementor-element-1d8b6bf elementor-widget elementor-widget-heading\" data-id=\"1d8b6bf\" data-element_type=\"widget\" data-e-type=\"widget\" data-widget_type=\"heading.default\">\n\t\t\t\t<div class=\"elementor-widget-container\">\n\t\t\t\t\t<h2 class=\"elementor-heading-title elementor-size-default\">Soulad s pr\u00e1vn\u00edmi p\u0159edpisy<\/h2>\t\t\t\t<\/div>\n\t\t\t\t<\/div>\n\t\t\t\t<div class=\"elementor-element elementor-element-504b044 elementor-widget elementor-widget-text-editor\" data-id=\"504b044\" data-element_type=\"widget\" data-e-type=\"widget\" data-widget_type=\"text-editor.default\">\n\t\t\t\t<div class=\"elementor-widget-container\">\n\t\t\t\t\t\t\t\t\t<p>Pr\u00e1vn\u00ed postaven\u00ed <strong><a href=\"https:\/\/chemagora.eu\/cs\/product\/\u03b1-php-krystal\/\"  data-wpil-monitor-id=\"35\">Krystaly a-PHP<\/a><\/strong> se m\u016f\u017ee li\u0161it podle zem\u011b. Kupuj\u00edc\u00ed jsou zodpov\u011bdn\u00ed za zaji\u0161t\u011bn\u00ed souladu s m\u00edstn\u00edmi z\u00e1kony a p\u0159edpisy p\u0159ed zakoupen\u00edm nebo pou\u017eit\u00edm tohoto produktu.<\/p>\t\t\t\t\t\t\t\t<\/div>\n\t\t\t\t<\/div>\n\t\t\t\t<div class=\"elementor-element elementor-element-e1dfb15 elementor-alert-info elementor-widget elementor-widget-alert\" data-id=\"e1dfb15\" data-element_type=\"widget\" data-e-type=\"widget\" data-widget_type=\"alert.default\">\n\t\t\t\t<div class=\"elementor-widget-container\">\n\t\t\t\t\t\t\t<div class=\"elementor-alert\" role=\"alert\">\n\n\t\t\t\t\t\t<span class=\"elementor-alert-title\">Z\u0159eknut\u00ed se odpov\u011bdnosti<\/span>\n\t\t\t\n\t\t\t\t\t\t<span class=\"elementor-alert-description\">Tento produkt je v\u00fdhradn\u011b ur\u010den pouze pro v\u00fdzkumn\u00e9 a analytick\u00e9 \u00fa\u010dely. Za \u017e\u00e1dn\u00fdch okolnost\u00ed nen\u00ed ur\u010den ke konzumaci lidmi nebo zv\u00ed\u0159aty.<\/span>\n\t\t\t\n\t\t\t\t\t\t<button type=\"button\" class=\"elementor-alert-dismiss\" aria-label=\"Supprimer cette alerte.\" data-no-translation-aria-label=\"\">\n\t\t\t\t\t\t\t\t\t<span aria-hidden=\"true\">\u00d7<\/span>\n\t\t\t\t\t\t\t<\/button>\n\t\t\t\n\t\t<\/div>\n\t\t\t\t\t\t<\/div>\n\t\t\t\t<\/div>\n\t\t\t\t<div class=\"elementor-element elementor-element-bceaa01 elementor-widget elementor-widget-heading\" data-id=\"bceaa01\" data-element_type=\"widget\" data-e-type=\"widget\" data-widget_type=\"heading.default\">\n\t\t\t\t<div class=\"elementor-widget-container\">\n\t\t\t\t\t<h2 class=\"elementor-heading-title elementor-size-default\">Order Your \u03b1-PiHP Crystals Today<\/h2>\t\t\t\t<\/div>\n\t\t\t\t<\/div>\n\t\t\t\t<div class=\"elementor-element elementor-element-bb5323c elementor-widget elementor-widget-text-editor\" data-id=\"bb5323c\" data-element_type=\"widget\" data-e-type=\"widget\" data-widget_type=\"text-editor.default\">\n\t\t\t\t<div class=\"elementor-widget-container\">\n\t\t\t\t\t\t\t\t\t<p>Zvedn\u011bte sv\u00e9 <a href=\"https:\/\/chemagora.eu\/cs\/product\/2-cmc-crystal\/\"  data-wpil-monitor-id=\"38\">v\u00fdzkum s Chemagorou <strong>high-purity \u03b1-PiHP Crystals<\/strong><\/a>. Trusted by researchers across Europe, our products deliver the precision, quality, and consistency you need for successful experiments.<\/p>\t\t\t\t\t\t\t\t<\/div>\n\t\t\t\t<\/div>\n\t\t\t\t\t<\/div>\n\t\t<\/div>\n\t\t\t\t\t<\/div>\n\t\t<\/section>\n\t\t\t\t<\/div>","protected":false},"excerpt":{"rendered":"<p>P\u0159esn\u011b testovan\u00e1 v\u00fdzkumn\u00e1 chemik\u00e1lie, vyhovuj\u00edc\u00ed, d\u016fv\u011bryhodn\u00e1 a dod\u00e1van\u00e1 s p\u0159esnost\u00ed a p\u00e9\u010d\u00ed.<\/p>","protected":false},"featured_media":1900,"comment_status":"open","ping_status":"closed","template":"","meta":{"inline_featured_image":false},"etheme_brands":[],"product_brand":[],"product_cat":[42],"product_tag":[75,73,74,48],"class_list":{"0":"post-516","1":"product","2":"type-product","3":"status-publish","4":"has-post-thumbnail","6":"product_cat-a-pihp","7":"product_tag-a-pihp","8":"product_tag-buy-a-pihp","9":"product_tag-buy-a-pihp-online","10":"product_tag-research-chemicals","12":"first","13":"instock","14":"shipping-taxable","15":"purchasable","16":"product-type-variable"},"_links":{"self":[{"href":"https:\/\/chemagora.eu\/cs\/wp-json\/wp\/v2\/product\/516","targetHints":{"allow":["GET"]}}],"collection":[{"href":"https:\/\/chemagora.eu\/cs\/wp-json\/wp\/v2\/product"}],"about":[{"href":"https:\/\/chemagora.eu\/cs\/wp-json\/wp\/v2\/types\/product"}],"replies":[{"embeddable":true,"href":"https:\/\/chemagora.eu\/cs\/wp-json\/wp\/v2\/comments?post=516"}],"version-history":[{"count":0,"href":"https:\/\/chemagora.eu\/cs\/wp-json\/wp\/v2\/product\/516\/revisions"}],"wp:featuredmedia":[{"embeddable":true,"href":"https:\/\/chemagora.eu\/cs\/wp-json\/wp\/v2\/media\/1900"}],"wp:attachment":[{"href":"https:\/\/chemagora.eu\/cs\/wp-json\/wp\/v2\/media?parent=516"}],"wp:term":[{"taxonomy":"brand","embeddable":true,"href":"https:\/\/chemagora.eu\/cs\/wp-json\/wp\/v2\/etheme_brands?post=516"},{"taxonomy":"product_brand","embeddable":true,"href":"https:\/\/chemagora.eu\/cs\/wp-json\/wp\/v2\/product_brand?post=516"},{"taxonomy":"product_cat","embeddable":true,"href":"https:\/\/chemagora.eu\/cs\/wp-json\/wp\/v2\/product_cat?post=516"},{"taxonomy":"product_tag","embeddable":true,"href":"https:\/\/chemagora.eu\/cs\/wp-json\/wp\/v2\/product_tag?post=516"}],"curies":[{"name":"wp","href":"https:\/\/api.w.org\/{rel}","templated":true}]}}