{"id":524,"date":"2022-10-06T11:29:16","date_gmt":"2022-10-06T11:29:16","guid":{"rendered":"https:\/\/xstore.8theme.com\/elementor\/demos\/hemp-and-cbd\/?post_type=product&#038;p=524"},"modified":"2025-01-24T11:43:50","modified_gmt":"2025-01-24T11:43:50","slug":"\u03b1-php-krystal","status":"publish","type":"product","link":"https:\/\/chemagora.eu\/cs\/product\/\u03b1-php-krystal\/","title":{"rendered":"A-PHP Krystal"},"content":{"rendered":"<div data-elementor-type=\"wp-post\" data-elementor-id=\"524\" class=\"elementor elementor-524\" data-elementor-post-type=\"product\">\n\t\t\t\t\t\t<section class=\"elementor-section elementor-top-section elementor-element elementor-element-19bbdf8 elementor-section-boxed elementor-section-height-default elementor-section-height-default\" data-id=\"19bbdf8\" data-element_type=\"section\" data-e-type=\"section\">\n\t\t\t\t\t\t<div class=\"elementor-container elementor-column-gap-no\">\n\t\t\t\t\t<div class=\"elementor-column elementor-col-100 elementor-top-column elementor-element elementor-element-2f39f1a\" data-id=\"2f39f1a\" data-element_type=\"column\" data-e-type=\"column\">\n\t\t\t<div class=\"elementor-widget-wrap elementor-element-populated\">\n\t\t\t\t\t\t<div class=\"elementor-element elementor-element-30f2f60 elementor-widget elementor-widget-heading\" data-id=\"30f2f60\" data-element_type=\"widget\" data-e-type=\"widget\" data-widget_type=\"heading.default\">\n\t\t\t\t<div class=\"elementor-widget-container\">\n\t\t\t\t\t<h2 class=\"elementor-heading-title elementor-size-default\">Koupit krystaly \u03b1-PHP online | Vysoce \u010dist\u00e1 v\u00fdzkumn\u00e1 chemik\u00e1lie od Chemagora<\/h2>\t\t\t\t<\/div>\n\t\t\t\t<\/div>\n\t\t\t\t<div class=\"elementor-element elementor-element-5172a89 elementor-widget elementor-widget-text-editor\" data-id=\"5172a89\" data-element_type=\"widget\" data-e-type=\"widget\" data-widget_type=\"text-editor.default\">\n\t\t\t\t<div class=\"elementor-widget-container\">\n\t\t\t\t\t\t\t\t\t<p>Hled\u00e1te pr\u00e9miovou t\u0159\u00eddu <strong>Krystaly a-PHP<\/strong> pro v\u00e1\u0161 v\u011bdeck\u00fd v\u00fdzkum? Na <a href=\"https:\/\/chemagora.eu\/cs\/nakupovat\/\">Chemagora<\/a>, jsme odhodl\u00e1ni poskytovat v\u00fdzkumn\u00fdm pracovn\u00edk\u016fm v cel\u00e9 Evrop\u011b vysoce \u010dist\u00e9 slou\u010deniny na podporu inovativn\u00edch studi\u00ed.<\/p>\t\t\t\t\t\t\t\t<\/div>\n\t\t\t\t<\/div>\n\t\t\t\t<div class=\"elementor-element elementor-element-ab8b499 elementor-widget elementor-widget-heading\" data-id=\"ab8b499\" data-element_type=\"widget\" data-e-type=\"widget\" data-widget_type=\"heading.default\">\n\t\t\t\t<div class=\"elementor-widget-container\">\n\t\t\t\t\t<h2 class=\"elementor-heading-title elementor-size-default\">Co je \u03b1-PHP?<\/h2>\t\t\t\t<\/div>\n\t\t\t\t<\/div>\n\t\t\t\t<div class=\"elementor-element elementor-element-205025b elementor-widget elementor-widget-text-editor\" data-id=\"205025b\" data-element_type=\"widget\" data-e-type=\"widget\" data-widget_type=\"text-editor.default\">\n\t\t\t\t<div class=\"elementor-widget-container\">\n\t\t\t\t\t\t\t\t\t<p><strong>\u03b1-Pyrrolidinohexiofenon (\u03b1-PHP)<\/strong> je syntetick\u00fd stimulant z rodiny kathinon\u016f. Strukturn\u011b podobn\u00fd \u03b1-PVP, \u03b1-PHP m\u00e1 del\u0161\u00ed alkylov\u00fd \u0159et\u011bzec, kter\u00fd poskytuje jedine\u010dn\u00e9 fyzik\u00e1ln\u00ed a chemick\u00e9 vlastnosti. Tato slou\u010denina se stala p\u0159edm\u011btem z\u00e1jmu pokro\u010dil\u00fdch chemick\u00fdch a farmakologick\u00fdch studi\u00ed d\u00edky sv\u00e9 odli\u0161n\u00e9 struktu\u0159e a vlastnostem. Chemagora <strong>Krystaly a-PHP<\/strong> jsou syntetizov\u00e1ny s p\u0159esnost\u00ed, aby spl\u0148ovaly nejvy\u0161\u0161\u00ed standardy a zajistily spolehliv\u00e9 v\u00fdsledky pro v\u0161echny va\u0161e laboratorn\u00ed aplikace.<\/p>\t\t\t\t\t\t\t\t<\/div>\n\t\t\t\t<\/div>\n\t\t\t\t\t<\/div>\n\t\t<\/div>\n\t\t\t\t\t<\/div>\n\t\t<\/section>\n\t\t\t\t<section class=\"elementor-section elementor-top-section elementor-element elementor-element-5459a18 elementor-section-boxed elementor-section-height-default elementor-section-height-default\" data-id=\"5459a18\" data-element_type=\"section\" data-e-type=\"section\" data-settings=\"{&quot;background_background&quot;:&quot;classic&quot;}\">\n\t\t\t\t\t\t<div class=\"elementor-container elementor-column-gap-no\">\n\t\t\t\t\t<div class=\"elementor-column elementor-col-33 elementor-top-column elementor-element elementor-element-e679840\" data-id=\"e679840\" data-element_type=\"column\" data-e-type=\"column\">\n\t\t\t<div class=\"elementor-widget-wrap elementor-element-populated\">\n\t\t\t\t\t\t<div class=\"elementor-element elementor-element-df3cfed elementor-widget elementor-widget-heading\" data-id=\"df3cfed\" data-element_type=\"widget\" data-e-type=\"widget\" data-widget_type=\"heading.default\">\n\t\t\t\t<div class=\"elementor-widget-container\">\n\t\t\t\t\t<h2 class=\"elementor-heading-title elementor-size-default\">Chemick\u00e9 informace<\/h2>\t\t\t\t<\/div>\n\t\t\t\t<\/div>\n\t\t\t\t<div class=\"elementor-element elementor-element-4f3abce elementor-widget elementor-widget-text-editor\" data-id=\"4f3abce\" data-element_type=\"widget\" data-e-type=\"widget\" data-widget_type=\"text-editor.default\">\n\t\t\t\t<div class=\"elementor-widget-container\">\n\t\t\t\t\t\t\t\t\t<ul><li><strong>Chemick\u00fd n\u00e1zev:<\/strong> a-pyrolidinohexiofenon<\/li><li><strong>\u010c\u00edslo CAS:<\/strong> 13415-86-6<\/li><li><strong>Molekul\u00e1rn\u00ed vzorec:<\/strong> C16H23NO<\/li><li><strong>Mol\u00e1rn\u00ed hmotnost:<\/strong> 245,36 g\/mol<\/li><li><strong>N\u00e1zev IUPAC:<\/strong> l-Fenyl-2-(pyrrolidin-l-yl)hexan-l-on<\/li><\/ul>\t\t\t\t\t\t\t\t<\/div>\n\t\t\t\t<\/div>\n\t\t\t\t\t<\/div>\n\t\t<\/div>\n\t\t\t\t<div class=\"elementor-column elementor-col-33 elementor-top-column elementor-element elementor-element-e7da0ce\" data-id=\"e7da0ce\" data-element_type=\"column\" data-e-type=\"column\">\n\t\t\t<div class=\"elementor-widget-wrap elementor-element-populated\">\n\t\t\t\t\t\t<div class=\"elementor-element elementor-element-2b926b0 elementor-widget elementor-widget-heading\" data-id=\"2b926b0\" data-element_type=\"widget\" data-e-type=\"widget\" data-widget_type=\"heading.default\">\n\t\t\t\t<div class=\"elementor-widget-container\">\n\t\t\t\t\t<h2 class=\"elementor-heading-title elementor-size-default\">Fyzik\u00e1ln\u00ed a chemick\u00e9 vlastnosti<\/h2>\t\t\t\t<\/div>\n\t\t\t\t<\/div>\n\t\t\t\t<div class=\"elementor-element elementor-element-aa1e34c elementor-widget elementor-widget-text-editor\" data-id=\"aa1e34c\" data-element_type=\"widget\" data-e-type=\"widget\" data-widget_type=\"text-editor.default\">\n\t\t\t\t<div class=\"elementor-widget-container\">\n\t\t\t\t\t\t\t\t\t<ul><li><strong>Formul\u00e1\u0159:<\/strong> B\u00edl\u00fd krystalick\u00fd pr\u00e1\u0161ek<\/li><li><strong>\u010cistota:<\/strong> \u226599% (ov\u011b\u0159eno v laboratorn\u00edch testech)<\/li><li><strong>Bod t\u00e1n\u00ed:<\/strong> -108,9 \u00b0C<\/li><li><strong>Rozpustnost:<\/strong> Rozpustn\u00fd ve vod\u011b, ethanolu a methanolu<\/li><li><strong>Stabilita:<\/strong> Vysoce stabiln\u00ed za spr\u00e1vn\u00fdch skladovac\u00edch podm\u00ednek<\/li><\/ul>\t\t\t\t\t\t\t\t<\/div>\n\t\t\t\t<\/div>\n\t\t\t\t\t<\/div>\n\t\t<\/div>\n\t\t\t\t<div class=\"elementor-column elementor-col-33 elementor-top-column elementor-element elementor-element-a592aa4\" data-id=\"a592aa4\" data-element_type=\"column\" data-e-type=\"column\">\n\t\t\t<div class=\"elementor-widget-wrap elementor-element-populated\">\n\t\t\t\t\t\t<div class=\"elementor-element elementor-element-5b0496a elementor-widget elementor-widget-heading\" data-id=\"5b0496a\" data-element_type=\"widget\" data-e-type=\"widget\" data-widget_type=\"heading.default\">\n\t\t\t\t<div class=\"elementor-widget-container\">\n\t\t\t\t\t<h2 class=\"elementor-heading-title elementor-size-default\">Analytick\u00e1 data<\/h2>\t\t\t\t<\/div>\n\t\t\t\t<\/div>\n\t\t\t\t<div class=\"elementor-element elementor-element-85fac4f elementor-widget elementor-widget-text-editor\" data-id=\"85fac4f\" data-element_type=\"widget\" data-e-type=\"widget\" data-widget_type=\"text-editor.default\">\n\t\t\t\t<div class=\"elementor-widget-container\">\n\t\t\t\t\t\t\t\t\t<ul><li><strong>NMR (nukle\u00e1rn\u00ed magnetick\u00e1 rezonance):<\/strong> Potvrzuje molekul\u00e1rn\u00ed strukturu<\/li><li><strong>MS (hmotnostn\u00ed spektrometrie):<\/strong> Odpov\u00edd\u00e1 molekulov\u00e9 hmotnosti 245,36 g\/mol<\/li><li><strong>FTIR (Infra\u010derven\u00e1 spektroskopie s Fourierovou transformac\u00ed):<\/strong> Odpov\u00edd\u00e1 referen\u010dn\u00edmu spektru pro \u03b1-PHP<\/li><\/ul>\t\t\t\t\t\t\t\t<\/div>\n\t\t\t\t<\/div>\n\t\t\t\t\t<\/div>\n\t\t<\/div>\n\t\t\t\t\t<\/div>\n\t\t<\/section>\n\t\t\t\t<section class=\"elementor-section elementor-top-section elementor-element elementor-element-0ef1add elementor-section-boxed elementor-section-height-default elementor-section-height-default\" data-id=\"0ef1add\" data-element_type=\"section\" data-e-type=\"section\">\n\t\t\t\t\t\t<div class=\"elementor-container elementor-column-gap-no\">\n\t\t\t\t\t<div class=\"elementor-column elementor-col-100 elementor-top-column elementor-element elementor-element-f47bd73\" data-id=\"f47bd73\" data-element_type=\"column\" data-e-type=\"column\">\n\t\t\t<div class=\"elementor-widget-wrap elementor-element-populated\">\n\t\t\t\t\t\t<div class=\"elementor-element elementor-element-09680de elementor-widget elementor-widget-heading\" data-id=\"09680de\" data-element_type=\"widget\" data-e-type=\"widget\" data-widget_type=\"heading.default\">\n\t\t\t\t<div class=\"elementor-widget-container\">\n\t\t\t\t\t<h2 class=\"elementor-heading-title elementor-size-default\">Pro\u010d si vybrat Chemagoru pro sv\u00e9 krystaly \u03b1-PHP?<\/h2>\t\t\t\t<\/div>\n\t\t\t\t<\/div>\n\t\t\t\t<div class=\"elementor-element elementor-element-687d992 elementor-widget elementor-widget-text-editor\" data-id=\"687d992\" data-element_type=\"widget\" data-e-type=\"widget\" data-widget_type=\"text-editor.default\">\n\t\t\t\t<div class=\"elementor-widget-container\">\n\t\t\t\t\t\t\t\t\t<h4><strong>1. Bezkonkuren\u010dn\u00ed \u010distota<\/strong><\/h4><p>N\u00e1\u0161 <strong>Krystaly a-PHP<\/strong> jsou laboratorn\u011b testov\u00e1ny, aby byla zaji\u0161t\u011bna minim\u00e1ln\u00ed \u010distota <strong>\u226599%<\/strong>, dod\u00e1vaj\u00edc\u00ed produkt nejvy\u0161\u0161\u00ed kvality bez ne\u010distot.<\/p><h4><strong>2. P\u0159esn\u00e1 krystalick\u00e1 forma<\/strong><\/h4><p>B\u00edl\u00e1 krystalick\u00e1 struktura zaji\u0161\u0165uje snadnou manipulaci, p\u0159esn\u00e9 m\u011b\u0159en\u00ed a konzistentn\u00ed aplikaci v kontrolovan\u00fdch v\u00fdzkumn\u00fdch prost\u0159ed\u00edch.<\/p><h4><strong>3. D\u016fv\u011bryhodn\u00fd v cel\u00e9 Evrop\u011b<\/strong><\/h4><p>Od Amsterdamu po Berl\u00edn, Pa\u0159\u00ed\u017e po Madrid, Chemagora je evropsk\u00fdm spolehliv\u00fdm dodavatelem <a href=\"https:\/\/chemagora.eu\/cs\/product\/3-mmc-powder\/\"  data-wpil-monitor-id=\"31\">v\u00fdzkumn\u00e9 chemik\u00e1lie<\/a>.<\/p><h4><strong>4. Bezpe\u010dn\u00e1 a diskr\u00e9tn\u00ed doprava<\/strong><\/h4><p>Ch\u00e1peme d\u016fle\u017eitost soukrom\u00ed a spolehlivosti. Objedn\u00e1vky jsou zpracov\u00e1ny rychle a odesl\u00e1ny v bezpe\u010dn\u00e9m obalu odoln\u00e9m proti neopr\u00e1vn\u011bn\u00e9 manipulaci, aby bylo zaru\u010deno bezpe\u010dn\u00e9 a v\u010dasn\u00e9 doru\u010den\u00ed.<\/p><h4><strong>5. Vyhrazen\u00e1 z\u00e1kaznick\u00e1 podpora<\/strong><\/h4><p>N\u00e1\u0161 zku\u0161en\u00fd t\u00fdm je zde, aby odpov\u011bd\u011bl na va\u0161e dotazy, a\u0165 u\u017e se t\u00fdkaj\u00ed podrobnost\u00ed o produktu, mo\u017enost\u00ed dopravy nebo technick\u00fdch dotaz\u016f. Jsme odhodl\u00e1ni k va\u0161emu \u00fasp\u011bchu.<\/p>\t\t\t\t\t\t\t\t<\/div>\n\t\t\t\t<\/div>\n\t\t\t\t<div class=\"elementor-element elementor-element-e064770 elementor-widget elementor-widget-heading\" data-id=\"e064770\" data-element_type=\"widget\" data-e-type=\"widget\" data-widget_type=\"heading.default\">\n\t\t\t\t<div class=\"elementor-widget-container\">\n\t\t\t\t\t<h2 class=\"elementor-heading-title elementor-size-default\">Soulad s pr\u00e1vn\u00edmi p\u0159edpisy<\/h2>\t\t\t\t<\/div>\n\t\t\t\t<\/div>\n\t\t\t\t<div class=\"elementor-element elementor-element-7e534de elementor-widget elementor-widget-text-editor\" data-id=\"7e534de\" data-element_type=\"widget\" data-e-type=\"widget\" data-widget_type=\"text-editor.default\">\n\t\t\t\t<div class=\"elementor-widget-container\">\n\t\t\t\t\t\t\t\t\t<p>Pr\u00e1vn\u00ed postaven\u00ed <strong>Krystaly a-PHP<\/strong> se m\u016f\u017ee li\u0161it podle zem\u011b. Kupuj\u00edc\u00ed jsou zodpov\u011bdn\u00ed za zaji\u0161t\u011bn\u00ed souladu s m\u00edstn\u00edmi z\u00e1kony a p\u0159edpisy p\u0159ed zakoupen\u00edm nebo pou\u017eit\u00edm tohoto produktu.<\/p>\t\t\t\t\t\t\t\t<\/div>\n\t\t\t\t<\/div>\n\t\t\t\t<div class=\"elementor-element elementor-element-a973926 elementor-alert-info elementor-widget elementor-widget-alert\" data-id=\"a973926\" data-element_type=\"widget\" data-e-type=\"widget\" data-widget_type=\"alert.default\">\n\t\t\t\t<div class=\"elementor-widget-container\">\n\t\t\t\t\t\t\t<div class=\"elementor-alert\" role=\"alert\">\n\n\t\t\t\t\t\t<span class=\"elementor-alert-title\">Z\u0159eknut\u00ed se odpov\u011bdnosti<\/span>\n\t\t\t\n\t\t\t\t\t\t<span class=\"elementor-alert-description\">Tento produkt je v\u00fdhradn\u011b ur\u010den pouze pro v\u00fdzkumn\u00e9 a analytick\u00e9 \u00fa\u010dely. Za \u017e\u00e1dn\u00fdch okolnost\u00ed nen\u00ed ur\u010den ke konzumaci lidmi nebo zv\u00ed\u0159aty.<\/span>\n\t\t\t\n\t\t\t\t\t\t<button type=\"button\" class=\"elementor-alert-dismiss\" aria-label=\"Dismiss this alert.\">\n\t\t\t\t\t\t\t\t\t<span aria-hidden=\"true\">\u00d7<\/span>\n\t\t\t\t\t\t\t<\/button>\n\t\t\t\n\t\t<\/div>\n\t\t\t\t\t\t<\/div>\n\t\t\t\t<\/div>\n\t\t\t\t<div class=\"elementor-element elementor-element-d4c1880 elementor-widget elementor-widget-heading\" data-id=\"d4c1880\" data-element_type=\"widget\" data-e-type=\"widget\" data-widget_type=\"heading.default\">\n\t\t\t\t<div class=\"elementor-widget-container\">\n\t\t\t\t\t<h2 class=\"elementor-heading-title elementor-size-default\">Objednejte si krystaly \u03b1-PHP je\u0161t\u011b dnes<\/h2>\t\t\t\t<\/div>\n\t\t\t\t<\/div>\n\t\t\t\t<div class=\"elementor-element elementor-element-cfccaf6 elementor-widget elementor-widget-text-editor\" data-id=\"cfccaf6\" data-element_type=\"widget\" data-e-type=\"widget\" data-widget_type=\"text-editor.default\">\n\t\t\t\t<div class=\"elementor-widget-container\">\n\t\t\t\t\t\t\t\t\t<p>Zvedn\u011bte sv\u00e9 <a href=\"https:\/\/chemagora.eu\/cs\/product\/2-cmc-crystal\/\"  data-wpil-monitor-id=\"32\">v\u00fdzkum s Chemagorou <strong>vysoce \u010dist\u00e9 \u03b1-PHP krystaly<\/strong><\/a>. D\u00edky z\u00e1vazku kvality, rychl\u00e9mu dod\u00e1n\u00ed a vynikaj\u00edc\u00edmu z\u00e1kaznick\u00e9mu servisu je Chemagora evropsk\u00fdm preferovan\u00fdm dodavatelem pro v\u00fdzkumn\u00e9 odborn\u00edky.<\/p>\t\t\t\t\t\t\t\t<\/div>\n\t\t\t\t<\/div>\n\t\t\t\t\t<\/div>\n\t\t<\/div>\n\t\t\t\t\t<\/div>\n\t\t<\/section>\n\t\t\t\t<\/div>","protected":false},"excerpt":{"rendered":"<p>P\u0159esn\u011b testovan\u00e1 v\u00fdzkumn\u00e1 chemik\u00e1lie, vyhovuj\u00edc\u00ed, d\u016fv\u011bryhodn\u00e1 a dod\u00e1van\u00e1 s p\u0159esnost\u00ed a p\u00e9\u010d\u00ed.<\/p>","protected":false},"featured_media":1853,"comment_status":"open","ping_status":"closed","template":"","meta":{"inline_featured_image":false},"etheme_brands":[],"product_brand":[],"product_cat":[41],"product_tag":[69,66,67,68,48],"class_list":{"0":"post-524","1":"product","2":"type-product","3":"status-publish","4":"has-post-thumbnail","6":"product_cat-a-php","7":"product_tag-a-php-crystal","8":"product_tag-buy-a-php","9":"product_tag-buy-a-php-crystal","10":"product_tag-buy-a-php-online","11":"product_tag-research-chemicals","13":"first","14":"instock","15":"shipping-taxable","16":"purchasable","17":"product-type-variable"},"_links":{"self":[{"href":"https:\/\/chemagora.eu\/cs\/wp-json\/wp\/v2\/product\/524","targetHints":{"allow":["GET"]}}],"collection":[{"href":"https:\/\/chemagora.eu\/cs\/wp-json\/wp\/v2\/product"}],"about":[{"href":"https:\/\/chemagora.eu\/cs\/wp-json\/wp\/v2\/types\/product"}],"replies":[{"embeddable":true,"href":"https:\/\/chemagora.eu\/cs\/wp-json\/wp\/v2\/comments?post=524"}],"version-history":[{"count":0,"href":"https:\/\/chemagora.eu\/cs\/wp-json\/wp\/v2\/product\/524\/revisions"}],"wp:featuredmedia":[{"embeddable":true,"href":"https:\/\/chemagora.eu\/cs\/wp-json\/wp\/v2\/media\/1853"}],"wp:attachment":[{"href":"https:\/\/chemagora.eu\/cs\/wp-json\/wp\/v2\/media?parent=524"}],"wp:term":[{"taxonomy":"brand","embeddable":true,"href":"https:\/\/chemagora.eu\/cs\/wp-json\/wp\/v2\/etheme_brands?post=524"},{"taxonomy":"product_brand","embeddable":true,"href":"https:\/\/chemagora.eu\/cs\/wp-json\/wp\/v2\/product_brand?post=524"},{"taxonomy":"product_cat","embeddable":true,"href":"https:\/\/chemagora.eu\/cs\/wp-json\/wp\/v2\/product_cat?post=524"},{"taxonomy":"product_tag","embeddable":true,"href":"https:\/\/chemagora.eu\/cs\/wp-json\/wp\/v2\/product_tag?post=524"}],"curies":[{"name":"wp","href":"https:\/\/api.w.org\/{rel}","templated":true}]}}