{"id":590,"date":"2022-10-06T12:32:40","date_gmt":"2022-10-06T12:32:40","guid":{"rendered":"https:\/\/xstore.8theme.com\/elementor\/demos\/hemp-and-cbd\/?post_type=product&#038;p=590"},"modified":"2026-02-26T17:36:20","modified_gmt":"2026-02-26T17:36:20","slug":"2-mmc-krystal","status":"publish","type":"product","link":"https:\/\/chemagora.eu\/cs\/product\/2-mmc-krystal\/","title":{"rendered":"2-MMC krystal"},"content":{"rendered":"<div data-elementor-type=\"wp-post\" data-elementor-id=\"590\" class=\"elementor elementor-590\" data-elementor-post-type=\"product\">\n\t\t\t\t\t\t<section class=\"elementor-section elementor-top-section elementor-element elementor-element-666d18b elementor-section-boxed elementor-section-height-default elementor-section-height-default\" data-id=\"666d18b\" data-element_type=\"section\" data-e-type=\"section\">\n\t\t\t\t\t\t<div class=\"elementor-container elementor-column-gap-no\">\n\t\t\t\t\t<div class=\"elementor-column elementor-col-100 elementor-top-column elementor-element elementor-element-034c589\" data-id=\"034c589\" data-element_type=\"column\" data-e-type=\"column\">\n\t\t\t<div class=\"elementor-widget-wrap elementor-element-populated\">\n\t\t\t\t\t\t<div class=\"elementor-element elementor-element-9c1a95f elementor-widget elementor-widget-heading\" data-id=\"9c1a95f\" data-element_type=\"widget\" data-e-type=\"widget\" data-widget_type=\"heading.default\">\n\t\t\t\t<div class=\"elementor-widget-container\">\n\t\t\t\t\t<h2 class=\"elementor-heading-title elementor-size-default\">Koupit 2-MMC krystaly online | Pr\u00e9miov\u00e9 v\u00fdzkumn\u00e9 chemik\u00e1lie od Chemagora<\/h2>\t\t\t\t<\/div>\n\t\t\t\t<\/div>\n\t\t\t\t<div class=\"elementor-element elementor-element-2436c17 elementor-widget elementor-widget-text-editor\" data-id=\"2436c17\" data-element_type=\"widget\" data-e-type=\"widget\" data-widget_type=\"text-editor.default\">\n\t\t\t\t<div class=\"elementor-widget-container\">\n\t\t\t\t\t\t\t\t\t<p>Hled\u00e1te vysoce kvalitn\u00ed <strong>2-MMC krystaly<\/strong> pozvednout sv\u016fj laboratorn\u00ed v\u00fdzkum? <a href=\"https:\/\/chemagora.eu\/cs\/nakupovat\/\">Chemagora<\/a> je v\u00e1\u0161 d\u016fv\u011bryhodn\u00fd dodavatel pr\u00e9miov\u00fdch v\u00fdzkumn\u00fdch chemik\u00e1li\u00ed, kter\u00fd poskytuje spolehliv\u00e9 a vysoce \u010dist\u00e9 produkty po cel\u00e9 Evrop\u011b. A\u0165 u\u017e jste v N\u011bmecku, Francii, \u0160pan\u011blsku, It\u00e1lii nebo Nizozemsku, Chemagora zaji\u0161\u0165uje rychl\u00e9 dod\u00e1n\u00ed a bezkonkuren\u010dn\u00ed z\u00e1kaznickou podporu, kter\u00e1 spln\u00ed va\u0161e pot\u0159eby v\u00fdzkumu.<\/p>\t\t\t\t\t\t\t\t<\/div>\n\t\t\t\t<\/div>\n\t\t\t\t<div class=\"elementor-element elementor-element-fd55128 elementor-widget elementor-widget-heading\" data-id=\"fd55128\" data-element_type=\"widget\" data-e-type=\"widget\" data-widget_type=\"heading.default\">\n\t\t\t\t<div class=\"elementor-widget-container\">\n\t\t\t\t\t<h2 class=\"elementor-heading-title elementor-size-default\">Co je 2-MMC?<\/h2>\t\t\t\t<\/div>\n\t\t\t\t<\/div>\n\t\t\t\t<div class=\"elementor-element elementor-element-dca4580 elementor-widget elementor-widget-text-editor\" data-id=\"dca4580\" data-element_type=\"widget\" data-e-type=\"widget\" data-widget_type=\"text-editor.default\">\n\t\t\t\t<div class=\"elementor-widget-container\">\n\t\t\t\t\t\t\t\t\t<p><strong>2-Methylmethcathinone (2-MMC)<\/strong> je syntetick\u00e1 katinonov\u00e1 slou\u010denina s jedine\u010dnou molekul\u00e1rn\u00ed strukturou, kter\u00e1 um\u00eds\u0165uje methylovou skupinu na druh\u00fd uhl\u00edk fenylov\u00e9ho kruhu. Tato modifikace d\u00e1v\u00e1 2-MMC jeho odli\u0161n\u00e9 vlastnosti, d\u00edky \u010demu\u017e je p\u0159edm\u011btem z\u00e1jmu u pokro\u010dil\u00fdch <a href=\"https:\/\/chemagora.eu\/cs\/product\/2-cmc-crystal\/\"  data-wpil-monitor-id=\"20\">chemick\u00fd a farmakologick\u00fd v\u00fdzkum<\/a>. N\u00e1\u0161 <strong>2-MMC krystaly<\/strong> jsou velmi vyhled\u00e1van\u00e9 pro svou vynikaj\u00edc\u00ed kvalitu a konzistentn\u00ed v\u00fdsledky, d\u00edky \u010demu\u017e jsou ide\u00e1ln\u00ed pro p\u0159esnou laboratorn\u00ed pr\u00e1ci.<\/p>\t\t\t\t\t\t\t\t<\/div>\n\t\t\t\t<\/div>\n\t\t\t\t\t<\/div>\n\t\t<\/div>\n\t\t\t\t\t<\/div>\n\t\t<\/section>\n\t\t\t\t<section class=\"elementor-section elementor-top-section elementor-element elementor-element-594f92d elementor-section-boxed elementor-section-height-default elementor-section-height-default\" data-id=\"594f92d\" data-element_type=\"section\" data-e-type=\"section\" data-settings=\"{&quot;background_background&quot;:&quot;classic&quot;}\">\n\t\t\t\t\t\t<div class=\"elementor-container elementor-column-gap-no\">\n\t\t\t\t\t<div class=\"elementor-column elementor-col-33 elementor-top-column elementor-element elementor-element-30db950\" data-id=\"30db950\" data-element_type=\"column\" data-e-type=\"column\">\n\t\t\t<div class=\"elementor-widget-wrap elementor-element-populated\">\n\t\t\t\t\t\t<div class=\"elementor-element elementor-element-8169c9d elementor-widget elementor-widget-heading\" data-id=\"8169c9d\" data-element_type=\"widget\" data-e-type=\"widget\" data-widget_type=\"heading.default\">\n\t\t\t\t<div class=\"elementor-widget-container\">\n\t\t\t\t\t<h2 class=\"elementor-heading-title elementor-size-default\">Chemick\u00e9 informace<\/h2>\t\t\t\t<\/div>\n\t\t\t\t<\/div>\n\t\t\t\t<div class=\"elementor-element elementor-element-52cd6dc elementor-widget elementor-widget-text-editor\" data-id=\"52cd6dc\" data-element_type=\"widget\" data-e-type=\"widget\" data-widget_type=\"text-editor.default\">\n\t\t\t\t<div class=\"elementor-widget-container\">\n\t\t\t\t\t\t\t\t\t<ul><li><strong>Chemick\u00fd n\u00e1zev:<\/strong> 2-methylmethcathinone<\/li><li><strong>\u010c\u00edslo CAS:<\/strong> 1246911-71-6<\/li><li><strong>Molekul\u00e1rn\u00ed vzorec:<\/strong> C11H15NO<\/li><li><strong>Mol\u00e1rn\u00ed hmotnost:<\/strong> 177,24 g\/mol<\/li><li><strong>N\u00e1zev IUPAC:<\/strong> 1-(2-Methylfenyl)-2-(methylamino)propan-1-on<\/li><\/ul>\t\t\t\t\t\t\t\t<\/div>\n\t\t\t\t<\/div>\n\t\t\t\t\t<\/div>\n\t\t<\/div>\n\t\t\t\t<div class=\"elementor-column elementor-col-33 elementor-top-column elementor-element elementor-element-492f473\" data-id=\"492f473\" data-element_type=\"column\" data-e-type=\"column\">\n\t\t\t<div class=\"elementor-widget-wrap elementor-element-populated\">\n\t\t\t\t\t\t<div class=\"elementor-element elementor-element-7730e8d elementor-widget elementor-widget-heading\" data-id=\"7730e8d\" data-element_type=\"widget\" data-e-type=\"widget\" data-widget_type=\"heading.default\">\n\t\t\t\t<div class=\"elementor-widget-container\">\n\t\t\t\t\t<h2 class=\"elementor-heading-title elementor-size-default\">Fyzik\u00e1ln\u00ed a chemick\u00e9 vlastnosti<\/h2>\t\t\t\t<\/div>\n\t\t\t\t<\/div>\n\t\t\t\t<div class=\"elementor-element elementor-element-8ee6976 elementor-widget elementor-widget-text-editor\" data-id=\"8ee6976\" data-element_type=\"widget\" data-e-type=\"widget\" data-widget_type=\"text-editor.default\">\n\t\t\t\t<div class=\"elementor-widget-container\">\n\t\t\t\t\t\t\t\t\t<ul><li><strong>Formul\u00e1\u0159:<\/strong> B\u00edl\u00fd krystalick\u00fd pr\u00e1\u0161ek<\/li><li><strong>\u010cistota:<\/strong> \u226599% (ov\u011b\u0159eno laborato\u0159\u00ed)<\/li><li><strong>Bod t\u00e1n\u00ed:<\/strong> ~170\u2013175 \u00b0C<\/li><li><strong>Rozpustnost:<\/strong> Snadno rozpustn\u00fd ve vod\u011b, ethanolu a methanolu<\/li><li><strong>Stabilita:<\/strong> Stabiln\u00ed za spr\u00e1vn\u00fdch skladovac\u00edch podm\u00ednek<\/li><\/ul>\t\t\t\t\t\t\t\t<\/div>\n\t\t\t\t<\/div>\n\t\t\t\t\t<\/div>\n\t\t<\/div>\n\t\t\t\t<div class=\"elementor-column elementor-col-33 elementor-top-column elementor-element elementor-element-016725f\" data-id=\"016725f\" data-element_type=\"column\" data-e-type=\"column\">\n\t\t\t<div class=\"elementor-widget-wrap elementor-element-populated\">\n\t\t\t\t\t\t<div class=\"elementor-element elementor-element-f18e84f elementor-widget elementor-widget-heading\" data-id=\"f18e84f\" data-element_type=\"widget\" data-e-type=\"widget\" data-widget_type=\"heading.default\">\n\t\t\t\t<div class=\"elementor-widget-container\">\n\t\t\t\t\t<h2 class=\"elementor-heading-title elementor-size-default\">Analytick\u00e1 data<\/h2>\t\t\t\t<\/div>\n\t\t\t\t<\/div>\n\t\t\t\t<div class=\"elementor-element elementor-element-35744f8 elementor-widget elementor-widget-text-editor\" data-id=\"35744f8\" data-element_type=\"widget\" data-e-type=\"widget\" data-widget_type=\"text-editor.default\">\n\t\t\t\t<div class=\"elementor-widget-container\">\n\t\t\t\t\t\t\t\t\t<ul><li><strong>NMR (nukle\u00e1rn\u00ed magnetick\u00e1 rezonance):<\/strong> Potvrzuje molekul\u00e1rn\u00ed strukturu a konzistenci<\/li><li><strong>MS (hmotnostn\u00ed spektrometrie):<\/strong> Odpov\u00edd\u00e1 molekulov\u00e9 hmotnosti 177,24 g\/mol<\/li><li><strong>FTIR (Infra\u010derven\u00e1 spektroskopie s Fourierovou transformac\u00ed):<\/strong> Odpov\u00edd\u00e1 referen\u010dn\u00edmu spektru pro 2-MMC<\/li><\/ul>\t\t\t\t\t\t\t\t<\/div>\n\t\t\t\t<\/div>\n\t\t\t\t\t<\/div>\n\t\t<\/div>\n\t\t\t\t\t<\/div>\n\t\t<\/section>\n\t\t\t\t<section class=\"elementor-section elementor-top-section elementor-element elementor-element-fc3b664 elementor-section-boxed elementor-section-height-default elementor-section-height-default\" data-id=\"fc3b664\" data-element_type=\"section\" data-e-type=\"section\">\n\t\t\t\t\t\t<div class=\"elementor-container elementor-column-gap-no\">\n\t\t\t\t\t<div class=\"elementor-column elementor-col-100 elementor-top-column elementor-element elementor-element-15adc20\" data-id=\"15adc20\" data-element_type=\"column\" data-e-type=\"column\">\n\t\t\t<div class=\"elementor-widget-wrap elementor-element-populated\">\n\t\t\t\t\t\t<div class=\"elementor-element elementor-element-ee19a20 elementor-widget elementor-widget-heading\" data-id=\"ee19a20\" data-element_type=\"widget\" data-e-type=\"widget\" data-widget_type=\"heading.default\">\n\t\t\t\t<div class=\"elementor-widget-container\">\n\t\t\t\t\t<h2 class=\"elementor-heading-title elementor-size-default\">Pro\u010d si vybrat Chemagoru pro sv\u00e9 krystaly 2-MMC?<\/h2>\t\t\t\t<\/div>\n\t\t\t\t<\/div>\n\t\t\t\t<div class=\"elementor-element elementor-element-c7d4c87 elementor-widget elementor-widget-text-editor\" data-id=\"c7d4c87\" data-element_type=\"widget\" data-e-type=\"widget\" data-widget_type=\"text-editor.default\">\n\t\t\t\t<div class=\"elementor-widget-container\">\n\t\t\t\t\t\t\t\t\t<ul><li><h4><strong>1. Zaru\u010den\u00e1 vysok\u00e1 \u010distota<\/strong><\/h4><p>N\u00e1\u0161 <strong>2-MMC krystaly<\/strong> jsou p\u0159\u00edsn\u011b testov\u00e1ny, aby byla zaji\u0161t\u011bna minim\u00e1ln\u00ed \u010distota <strong>\u226599%<\/strong>, umo\u017e\u0148uj\u00edc\u00ed v\u00fdzkumn\u00edk\u016fm dosahovat spolehliv\u00fdch a reprodukovateln\u00fdch v\u00fdsledk\u016f.<\/p><h4><strong>2. P\u0159esn\u00e1 krystalick\u00e1 forma<\/strong><\/h4><p>B\u00edl\u00e1 krystalick\u00e1 struktura zaji\u0161\u0165uje snadnou manipulaci, p\u0159esn\u00e9 m\u011b\u0159en\u00ed a bezprobl\u00e9movou aplikaci v laboratorn\u00edch experimentech.<\/p><h4><strong>3. D\u016fv\u011bryhodn\u00fd dodavatel v cel\u00e9 Evrop\u011b<\/strong><\/h4><p>Od Amsterdamu po Berl\u00edn, Madrid po Pa\u0159\u00ed\u017e si Chemagora vydobyla reputaci jako preferovan\u00fd evropsk\u00fd dodavatel <a href=\"https:\/\/chemagora.eu\/cs\/product\/3-cmc-powder\/\"  data-wpil-monitor-id=\"22\">v\u00fdzkumn\u00e9 chemik\u00e1lie<\/a>. Na\u0161e oddanost kvalit\u011b a dodr\u017eov\u00e1n\u00ed p\u0159edpis\u016f n\u00e1s odli\u0161uje.<\/p><h4><strong>4. Rychl\u00e9 a diskr\u00e9tn\u00ed odesl\u00e1n\u00ed<\/strong><\/h4><p>V\u0161echny objedn\u00e1vky zpracov\u00e1v\u00e1me rychle, s bezpe\u010dn\u00fdm a diskr\u00e9tn\u00edm balen\u00edm, abychom zajistili, \u017ee v\u00e1\u0161 produkt doraz\u00ed bezpe\u010dn\u011b a v\u010das, bez ohledu na to, kde v Evrop\u011b se nach\u00e1z\u00edte.<\/p><h4><strong>5. V\u00fdjime\u010dn\u00e1 z\u00e1kaznick\u00e1 podpora<\/strong><\/h4><p>N\u00e1\u0161 p\u0159\u00e1telsk\u00fd a zku\u0161en\u00fd t\u00fdm podpory je k dispozici, aby odpov\u011bd\u011bl na va\u0161e dotazy, a\u0165 u\u017e se t\u00fdkaj\u00ed podrobnost\u00ed o produktu, dopravy nebo pou\u017eit\u00ed.<\/p><\/li><\/ul>\t\t\t\t\t\t\t\t<\/div>\n\t\t\t\t<\/div>\n\t\t\t\t<div class=\"elementor-element elementor-element-6562689 elementor-widget elementor-widget-heading\" data-id=\"6562689\" data-element_type=\"widget\" data-e-type=\"widget\" data-widget_type=\"heading.default\">\n\t\t\t\t<div class=\"elementor-widget-container\">\n\t\t\t\t\t<h2 class=\"elementor-heading-title elementor-size-default\">Soulad s pr\u00e1vn\u00edmi p\u0159edpisy<\/h2>\t\t\t\t<\/div>\n\t\t\t\t<\/div>\n\t\t\t\t<div class=\"elementor-element elementor-element-587bd7f elementor-widget elementor-widget-text-editor\" data-id=\"587bd7f\" data-element_type=\"widget\" data-e-type=\"widget\" data-widget_type=\"text-editor.default\">\n\t\t\t\t<div class=\"elementor-widget-container\">\n\t\t\t\t\t\t\t\t\t<p>Pr\u00e1vn\u00ed postaven\u00ed <strong>2-MMC krystaly<\/strong> se v r\u016fzn\u00fdch regionech li\u0161\u00ed. Je odpov\u011bdnost\u00ed kupuj\u00edc\u00edho zajistit soulad s m\u00edstn\u00edmi z\u00e1kony a p\u0159edpisy p\u0159ed zad\u00e1n\u00edm objedn\u00e1vky nebo pou\u017eit\u00edm tohoto produktu.<\/p>\t\t\t\t\t\t\t\t<\/div>\n\t\t\t\t<\/div>\n\t\t\t\t<div class=\"elementor-element elementor-element-4fff96e elementor-alert-info elementor-widget elementor-widget-alert\" data-id=\"4fff96e\" data-element_type=\"widget\" data-e-type=\"widget\" data-widget_type=\"alert.default\">\n\t\t\t\t<div class=\"elementor-widget-container\">\n\t\t\t\t\t\t\t<div class=\"elementor-alert\" role=\"alert\">\n\n\t\t\t\t\t\t<span class=\"elementor-alert-title\">Z\u0159eknut\u00ed se odpov\u011bdnosti<\/span>\n\t\t\t\n\t\t\t\t\t\t<span class=\"elementor-alert-description\">Tento produkt je v\u00fdhradn\u011b ur\u010den pouze pro v\u00fdzkumn\u00e9 a analytick\u00e9 \u00fa\u010dely. Za \u017e\u00e1dn\u00fdch okolnost\u00ed nen\u00ed ur\u010den ke konzumaci lidmi nebo zv\u00ed\u0159aty.<\/span>\n\t\t\t\n\t\t\t\t\t\t<button type=\"button\" class=\"elementor-alert-dismiss\" aria-label=\"Dismiss this alert.\">\n\t\t\t\t\t\t\t\t\t<span aria-hidden=\"true\">\u00d7<\/span>\n\t\t\t\t\t\t\t<\/button>\n\t\t\t\n\t\t<\/div>\n\t\t\t\t\t\t<\/div>\n\t\t\t\t<\/div>\n\t\t\t\t<div class=\"elementor-element elementor-element-c89e555 elementor-widget elementor-widget-heading\" data-id=\"c89e555\" data-element_type=\"widget\" data-e-type=\"widget\" data-widget_type=\"heading.default\">\n\t\t\t\t<div class=\"elementor-widget-container\">\n\t\t\t\t\t<h2 class=\"elementor-heading-title elementor-size-default\">Objednejte si krystaly 2-MMC je\u0161t\u011b dnes<\/h2>\t\t\t\t<\/div>\n\t\t\t\t<\/div>\n\t\t\t\t<div class=\"elementor-element elementor-element-eba6705 elementor-widget elementor-widget-text-editor\" data-id=\"eba6705\" data-element_type=\"widget\" data-e-type=\"widget\" data-widget_type=\"text-editor.default\">\n\t\t\t\t<div class=\"elementor-widget-container\">\n\t\t\t\t\t\t\t\t\t<p>Vylep\u0161ete sv\u00e9 v\u00fdzkumn\u00e9 schopnosti s Chemagora&#039;s <strong>vysoce \u010dist\u00e9 2-MMC krystaly<\/strong>. D\u016fv\u011b\u0159uj\u00ed v\u011bdci z cel\u00e9 Evropy a poskytujeme kvalitu a podporu, kterou pot\u0159ebujete pro \u00fasp\u011b\u0161n\u00e9 experimenty.<\/p>\t\t\t\t\t\t\t\t<\/div>\n\t\t\t\t<\/div>\n\t\t\t\t\t<\/div>\n\t\t<\/div>\n\t\t\t\t\t<\/div>\n\t\t<\/section>\n\t\t\t\t<\/div>","protected":false},"excerpt":{"rendered":"<p>P\u0159esn\u011b testovan\u00e1 v\u00fdzkumn\u00e1 chemik\u00e1lie, vyhovuj\u00edc\u00ed, d\u016fv\u011bryhodn\u00e1 a dod\u00e1van\u00e1 s p\u0159esnost\u00ed a p\u00e9\u010d\u00ed.<\/p>","protected":false},"featured_media":1790,"comment_status":"open","ping_status":"closed","template":"","meta":{"inline_featured_image":false},"etheme_brands":[],"product_brand":[],"product_cat":[36],"product_tag":[62,63,64,48],"class_list":{"0":"post-590","1":"product","2":"type-product","3":"status-publish","4":"has-post-thumbnail","6":"product_cat-2-mmc","7":"product_tag-buy-2-mmc","8":"product_tag-buy-2-mmc-crystal","9":"product_tag-buy-2-mmc-online","10":"product_tag-research-chemicals","12":"first","13":"instock","14":"shipping-taxable","15":"purchasable","16":"product-type-variable"},"_links":{"self":[{"href":"https:\/\/chemagora.eu\/cs\/wp-json\/wp\/v2\/product\/590","targetHints":{"allow":["GET"]}}],"collection":[{"href":"https:\/\/chemagora.eu\/cs\/wp-json\/wp\/v2\/product"}],"about":[{"href":"https:\/\/chemagora.eu\/cs\/wp-json\/wp\/v2\/types\/product"}],"replies":[{"embeddable":true,"href":"https:\/\/chemagora.eu\/cs\/wp-json\/wp\/v2\/comments?post=590"}],"version-history":[{"count":1,"href":"https:\/\/chemagora.eu\/cs\/wp-json\/wp\/v2\/product\/590\/revisions"}],"predecessor-version":[{"id":2397,"href":"https:\/\/chemagora.eu\/cs\/wp-json\/wp\/v2\/product\/590\/revisions\/2397"}],"wp:featuredmedia":[{"embeddable":true,"href":"https:\/\/chemagora.eu\/cs\/wp-json\/wp\/v2\/media\/1790"}],"wp:attachment":[{"href":"https:\/\/chemagora.eu\/cs\/wp-json\/wp\/v2\/media?parent=590"}],"wp:term":[{"taxonomy":"brand","embeddable":true,"href":"https:\/\/chemagora.eu\/cs\/wp-json\/wp\/v2\/etheme_brands?post=590"},{"taxonomy":"product_brand","embeddable":true,"href":"https:\/\/chemagora.eu\/cs\/wp-json\/wp\/v2\/product_brand?post=590"},{"taxonomy":"product_cat","embeddable":true,"href":"https:\/\/chemagora.eu\/cs\/wp-json\/wp\/v2\/product_cat?post=590"},{"taxonomy":"product_tag","embeddable":true,"href":"https:\/\/chemagora.eu\/cs\/wp-json\/wp\/v2\/product_tag?post=590"}],"curies":[{"name":"wp","href":"https:\/\/api.w.org\/{rel}","templated":true}]}}