{"id":598,"date":"2022-10-06T12:32:43","date_gmt":"2022-10-06T12:32:43","guid":{"rendered":"https:\/\/xstore.8theme.com\/elementor\/demos\/hemp-and-cbd\/?post_type=product&#038;p=598"},"modified":"2025-01-24T05:14:58","modified_gmt":"2025-01-24T05:14:58","slug":"2-cmc-crystal","status":"publish","type":"product","link":"https:\/\/chemagora.eu\/cs\/product\/2-cmc-crystal\/","title":{"rendered":"2-CMC krystal"},"content":{"rendered":"<div data-elementor-type=\"wp-post\" data-elementor-id=\"598\" class=\"elementor elementor-598\" data-elementor-post-type=\"product\">\n\t\t\t\t\t\t<section class=\"elementor-section elementor-top-section elementor-element elementor-element-6f7bc5b elementor-section-boxed elementor-section-height-default elementor-section-height-default\" data-id=\"6f7bc5b\" data-element_type=\"section\" data-e-type=\"section\">\n\t\t\t\t\t\t<div class=\"elementor-container elementor-column-gap-no\">\n\t\t\t\t\t<div class=\"elementor-column elementor-col-100 elementor-top-column elementor-element elementor-element-fddcb13\" data-id=\"fddcb13\" data-element_type=\"column\" data-e-type=\"column\">\n\t\t\t<div class=\"elementor-widget-wrap elementor-element-populated\">\n\t\t\t\t\t\t<div class=\"elementor-element elementor-element-d414948 elementor-widget elementor-widget-heading\" data-id=\"d414948\" data-element_type=\"widget\" data-e-type=\"widget\" data-widget_type=\"heading.default\">\n\t\t\t\t<div class=\"elementor-widget-container\">\n\t\t\t\t\t<h2 class=\"elementor-heading-title elementor-size-default\">Buy 2-CMC Crystals Online | High-Purity Research Chemicals from Chemagora<\/h2>\t\t\t\t<\/div>\n\t\t\t\t<\/div>\n\t\t\t\t<div class=\"elementor-element elementor-element-b6bfd13 elementor-widget elementor-widget-text-editor\" data-id=\"b6bfd13\" data-element_type=\"widget\" data-e-type=\"widget\" data-widget_type=\"text-editor.default\">\n\t\t\t\t<div class=\"elementor-widget-container\">\n\t\t\t\t\t\t\t\t\t<p>Are you in search of top-grade <strong>2-CMC Crystals<\/strong> for your laboratory research? At <a href=\"http:\/\/shop\" data-wplink-url-error=\"true\">Chemagora<\/a>, we are committed to supplying high-purity research chemicals to scientists across Europe. Whether you&#8217;re in Germany, France, Italy, Spain, or the Netherlands, our mission is to provide high-quality compounds backed by reliable service and fast delivery.<\/p>\t\t\t\t\t\t\t\t<\/div>\n\t\t\t\t<\/div>\n\t\t\t\t<div class=\"elementor-element elementor-element-f938753 elementor-widget elementor-widget-heading\" data-id=\"f938753\" data-element_type=\"widget\" data-e-type=\"widget\" data-widget_type=\"heading.default\">\n\t\t\t\t<div class=\"elementor-widget-container\">\n\t\t\t\t\t<h2 class=\"elementor-heading-title elementor-size-default\">What is 2-CMC?<\/h2>\t\t\t\t<\/div>\n\t\t\t\t<\/div>\n\t\t\t\t<div class=\"elementor-element elementor-element-b927d1e elementor-widget elementor-widget-text-editor\" data-id=\"b927d1e\" data-element_type=\"widget\" data-e-type=\"widget\" data-widget_type=\"text-editor.default\">\n\t\t\t\t<div class=\"elementor-widget-container\">\n\t\t\t\t\t\t\t\t\t<p><strong>2-Chloromethcathinone (2-CMC)<\/strong> is a synthetic cathinone known for its unique chemical properties. This compound is an analog of <a href=\"https:\/\/chemagora.eu\/cs\/product\/3-cmc-powder\/\"  data-wpil-monitor-id=\"3\">3-CMC<\/a>, with the chlorine atom positioned on the 2nd carbon of the phenyl ring. These structural differences give 2-CMC its distinctive characteristics, making it a popular subject in advanced <a href=\"https:\/\/chemagora.eu\/cs\/product\/4-mmc-powder\/\"  data-wpil-monitor-id=\"4\">chemick\u00fd a farmakologick\u00fd v\u00fdzkum<\/a>.<\/p><p>N\u00e1\u0161 <strong>2-CMC Crystals<\/strong> offer exceptional purity and reliability, ensuring precise and consistent results for various laboratory applications.<\/p>\t\t\t\t\t\t\t\t<\/div>\n\t\t\t\t<\/div>\n\t\t\t\t\t<\/div>\n\t\t<\/div>\n\t\t\t\t\t<\/div>\n\t\t<\/section>\n\t\t\t\t<section class=\"elementor-section elementor-top-section elementor-element elementor-element-220ea46 elementor-section-boxed elementor-section-height-default elementor-section-height-default\" data-id=\"220ea46\" data-element_type=\"section\" data-e-type=\"section\" data-settings=\"{&quot;background_background&quot;:&quot;classic&quot;}\">\n\t\t\t\t\t\t<div class=\"elementor-container elementor-column-gap-no\">\n\t\t\t\t\t<div class=\"elementor-column elementor-col-33 elementor-top-column elementor-element elementor-element-26ef395\" data-id=\"26ef395\" data-element_type=\"column\" data-e-type=\"column\">\n\t\t\t<div class=\"elementor-widget-wrap elementor-element-populated\">\n\t\t\t\t\t\t<div class=\"elementor-element elementor-element-6ba38cd elementor-widget elementor-widget-heading\" data-id=\"6ba38cd\" data-element_type=\"widget\" data-e-type=\"widget\" data-widget_type=\"heading.default\">\n\t\t\t\t<div class=\"elementor-widget-container\">\n\t\t\t\t\t<h2 class=\"elementor-heading-title elementor-size-default\">Chemick\u00e9 informace<\/h2>\t\t\t\t<\/div>\n\t\t\t\t<\/div>\n\t\t\t\t<div class=\"elementor-element elementor-element-5d94342 elementor-widget elementor-widget-text-editor\" data-id=\"5d94342\" data-element_type=\"widget\" data-e-type=\"widget\" data-widget_type=\"text-editor.default\">\n\t\t\t\t<div class=\"elementor-widget-container\">\n\t\t\t\t\t\t\t\t\t<ul><li><strong>Chemick\u00fd n\u00e1zev:<\/strong> 2-Chloromethcathinone<\/li><li><strong>\u010c\u00edslo CAS:<\/strong> 692720-34-6<\/li><li><strong>Molekul\u00e1rn\u00ed vzorec:<\/strong> C10H12ClNO<\/li><li><strong>Mol\u00e1rn\u00ed hmotnost:<\/strong> 197.66 g\/mol<\/li><li><strong>N\u00e1zev IUPAC:<\/strong> 1-(2-Chlorophenyl)-2-(methylamino)propan-1-one<\/li><\/ul>\t\t\t\t\t\t\t\t<\/div>\n\t\t\t\t<\/div>\n\t\t\t\t\t<\/div>\n\t\t<\/div>\n\t\t\t\t<div class=\"elementor-column elementor-col-33 elementor-top-column elementor-element elementor-element-b882ad1\" data-id=\"b882ad1\" data-element_type=\"column\" data-e-type=\"column\">\n\t\t\t<div class=\"elementor-widget-wrap elementor-element-populated\">\n\t\t\t\t\t\t<div class=\"elementor-element elementor-element-37d9f1a elementor-widget elementor-widget-heading\" data-id=\"37d9f1a\" data-element_type=\"widget\" data-e-type=\"widget\" data-widget_type=\"heading.default\">\n\t\t\t\t<div class=\"elementor-widget-container\">\n\t\t\t\t\t<h2 class=\"elementor-heading-title elementor-size-default\">Fyzik\u00e1ln\u00ed a chemick\u00e9 vlastnosti<\/h2>\t\t\t\t<\/div>\n\t\t\t\t<\/div>\n\t\t\t\t<div class=\"elementor-element elementor-element-61c3f7d elementor-widget elementor-widget-text-editor\" data-id=\"61c3f7d\" data-element_type=\"widget\" data-e-type=\"widget\" data-widget_type=\"text-editor.default\">\n\t\t\t\t<div class=\"elementor-widget-container\">\n\t\t\t\t\t\t\t\t\t<ul><li><strong>Formul\u00e1\u0159:<\/strong> B\u00edl\u00fd krystalick\u00fd pr\u00e1\u0161ek<\/li><li><strong>\u010cistota:<\/strong> \u226599% (ov\u011b\u0159eno v laboratorn\u00edch testech)<\/li><li><strong>Bod t\u00e1n\u00ed:<\/strong> ~178\u2013179\u00b0C<\/li><li><strong>Rozpustnost:<\/strong> Rozpustn\u00fd ve vod\u011b, ethanolu a methanolu<\/li><li><strong>Stabilita:<\/strong> Stable when stored under recommended conditions<\/li><\/ul>\t\t\t\t\t\t\t\t<\/div>\n\t\t\t\t<\/div>\n\t\t\t\t\t<\/div>\n\t\t<\/div>\n\t\t\t\t<div class=\"elementor-column elementor-col-33 elementor-top-column elementor-element elementor-element-58ce3e1\" data-id=\"58ce3e1\" data-element_type=\"column\" data-e-type=\"column\">\n\t\t\t<div class=\"elementor-widget-wrap elementor-element-populated\">\n\t\t\t\t\t\t<div class=\"elementor-element elementor-element-a203f93 elementor-widget elementor-widget-heading\" data-id=\"a203f93\" data-element_type=\"widget\" data-e-type=\"widget\" data-widget_type=\"heading.default\">\n\t\t\t\t<div class=\"elementor-widget-container\">\n\t\t\t\t\t<h2 class=\"elementor-heading-title elementor-size-default\">Analytick\u00e1 data<\/h2>\t\t\t\t<\/div>\n\t\t\t\t<\/div>\n\t\t\t\t<div class=\"elementor-element elementor-element-6d70632 elementor-widget elementor-widget-text-editor\" data-id=\"6d70632\" data-element_type=\"widget\" data-e-type=\"widget\" data-widget_type=\"text-editor.default\">\n\t\t\t\t<div class=\"elementor-widget-container\">\n\t\t\t\t\t\t\t\t\t<ul><li><strong>NMR (nukle\u00e1rn\u00ed magnetick\u00e1 rezonance):<\/strong> Confirms structural consistency<\/li><li><strong>MS (hmotnostn\u00ed spektrometrie):<\/strong> Validates molecular weight of 197.66 g\/mol<\/li><li><strong>FTIR (Infra\u010derven\u00e1 spektroskopie s Fourierovou transformac\u00ed):<\/strong> Matches reference spectra for 2-CMC<\/li><\/ul>\t\t\t\t\t\t\t\t<\/div>\n\t\t\t\t<\/div>\n\t\t\t\t\t<\/div>\n\t\t<\/div>\n\t\t\t\t\t<\/div>\n\t\t<\/section>\n\t\t\t\t<section class=\"elementor-section elementor-top-section elementor-element elementor-element-aa05e61 elementor-section-boxed elementor-section-height-default elementor-section-height-default\" data-id=\"aa05e61\" data-element_type=\"section\" data-e-type=\"section\">\n\t\t\t\t\t\t<div class=\"elementor-container elementor-column-gap-no\">\n\t\t\t\t\t<div class=\"elementor-column elementor-col-100 elementor-top-column elementor-element elementor-element-d5bd316\" data-id=\"d5bd316\" data-element_type=\"column\" data-e-type=\"column\">\n\t\t\t<div class=\"elementor-widget-wrap elementor-element-populated\">\n\t\t\t\t\t\t<div class=\"elementor-element elementor-element-c2bb597 elementor-widget elementor-widget-heading\" data-id=\"c2bb597\" data-element_type=\"widget\" data-e-type=\"widget\" data-widget_type=\"heading.default\">\n\t\t\t\t<div class=\"elementor-widget-container\">\n\t\t\t\t\t<h2 class=\"elementor-heading-title elementor-size-default\">Why Choose Chemagora for 2-CMC Crystals?<\/h2>\t\t\t\t<\/div>\n\t\t\t\t<\/div>\n\t\t\t\t<div class=\"elementor-element elementor-element-542fdc8 elementor-widget elementor-widget-text-editor\" data-id=\"542fdc8\" data-element_type=\"widget\" data-e-type=\"widget\" data-widget_type=\"text-editor.default\">\n\t\t\t\t<div class=\"elementor-widget-container\">\n\t\t\t\t\t\t\t\t\t<ul><li><h4><strong>1. Unparalleled Purity<\/strong><\/h4><p>N\u00e1\u0161 <strong>2-CMC Crystals<\/strong> are lab-tested to guarantee <strong>\u2265991 TP3T \u010distota<\/strong>, ensuring a clean and reliable product free of impurities.<\/p><h4><strong>2. Krystalick\u00e1 forma pro p\u0159esnost<\/strong><\/h4><p>The white crystalline structure of 2-CMC ensures accurate measurements and smooth application, making it ideal for meticulous laboratory experiments.<\/p><h4><strong>3. D\u016fv\u011bryhodn\u00fd dodavatel v cel\u00e9 Evrop\u011b<\/strong><\/h4><p>From Paris to Amsterdam, Berlin to Rome, Chemagora is a trusted name among European researchers. Our reputation for delivering premium chemicals with outstanding service sets us apart.<\/p><h4><strong>4. Bezpe\u010dn\u00e1 a diskr\u00e9tn\u00ed doprava<\/strong><\/h4><p>All orders are processed promptly and shipped in tamper-proof, discreet packaging to ensure your product arrives safely and on time.<\/p><h4><strong>5. V\u00fdjime\u010dn\u00e1 z\u00e1kaznick\u00e1 podpora<\/strong><\/h4><p>Our dedicated support team is here to guide you through your purchase, answer product inquiries, and address any concerns you may have. We\u2019re with you every step of the way.<\/p><\/li><\/ul>\t\t\t\t\t\t\t\t<\/div>\n\t\t\t\t<\/div>\n\t\t\t\t<div class=\"elementor-element elementor-element-0fc0d33 elementor-widget elementor-widget-heading\" data-id=\"0fc0d33\" data-element_type=\"widget\" data-e-type=\"widget\" data-widget_type=\"heading.default\">\n\t\t\t\t<div class=\"elementor-widget-container\">\n\t\t\t\t\t<h2 class=\"elementor-heading-title elementor-size-default\">Soulad s pr\u00e1vn\u00edmi p\u0159edpisy<\/h2>\t\t\t\t<\/div>\n\t\t\t\t<\/div>\n\t\t\t\t<div class=\"elementor-element elementor-element-05f3cab elementor-widget elementor-widget-text-editor\" data-id=\"05f3cab\" data-element_type=\"widget\" data-e-type=\"widget\" data-widget_type=\"text-editor.default\">\n\t\t\t\t<div class=\"elementor-widget-container\">\n\t\t\t\t\t\t\t\t\t<p>Pr\u00e1vn\u00ed postaven\u00ed <strong>2-CMC Crystals<\/strong> varies by region. It is the responsibility of the buyer to ensure compliance with local laws before purchasing or using this product.<\/p>\t\t\t\t\t\t\t\t<\/div>\n\t\t\t\t<\/div>\n\t\t\t\t<div class=\"elementor-element elementor-element-9032f53 elementor-alert-info elementor-widget elementor-widget-alert\" data-id=\"9032f53\" data-element_type=\"widget\" data-e-type=\"widget\" data-widget_type=\"alert.default\">\n\t\t\t\t<div class=\"elementor-widget-container\">\n\t\t\t\t\t\t\t<div class=\"elementor-alert\" role=\"alert\">\n\n\t\t\t\t\t\t<span class=\"elementor-alert-title\">Z\u0159eknut\u00ed se odpov\u011bdnosti<\/span>\n\t\t\t\n\t\t\t\t\t\t<span class=\"elementor-alert-description\">Tento produkt je v\u00fdhradn\u011b ur\u010den pouze pro v\u00fdzkumn\u00e9 a analytick\u00e9 \u00fa\u010dely. Za \u017e\u00e1dn\u00fdch okolnost\u00ed nen\u00ed ur\u010den ke konzumaci lidmi nebo zv\u00ed\u0159aty.<\/span>\n\t\t\t\n\t\t\t\t\t\t<button type=\"button\" class=\"elementor-alert-dismiss\" aria-label=\"Dismiss this alert.\">\n\t\t\t\t\t\t\t\t\t<span aria-hidden=\"true\">\u00d7<\/span>\n\t\t\t\t\t\t\t<\/button>\n\t\t\t\n\t\t<\/div>\n\t\t\t\t\t\t<\/div>\n\t\t\t\t<\/div>\n\t\t\t\t<div class=\"elementor-element elementor-element-5e25f99 elementor-widget elementor-widget-heading\" data-id=\"5e25f99\" data-element_type=\"widget\" data-e-type=\"widget\" data-widget_type=\"heading.default\">\n\t\t\t\t<div class=\"elementor-widget-container\">\n\t\t\t\t\t<h2 class=\"elementor-heading-title elementor-size-default\">Order Your 2-CMC Crystals Today<\/h2>\t\t\t\t<\/div>\n\t\t\t\t<\/div>\n\t\t\t\t<div class=\"elementor-element elementor-element-cacf5e0 elementor-widget elementor-widget-text-editor\" data-id=\"cacf5e0\" data-element_type=\"widget\" data-e-type=\"widget\" data-widget_type=\"text-editor.default\">\n\t\t\t\t<div class=\"elementor-widget-container\">\n\t\t\t\t\t\t\t\t\t<p>Achieve exceptional results with Chemagora\u2019s <strong>high-quality 2-CMC Crystals<\/strong>. Trusted by researchers across Europe, our products are designed to support your most demanding studies. Experience fast delivery, lab-tested quality, and unparalleled service by placing your order today.<\/p>\t\t\t\t\t\t\t\t<\/div>\n\t\t\t\t<\/div>\n\t\t\t\t\t<\/div>\n\t\t<\/div>\n\t\t\t\t\t<\/div>\n\t\t<\/section>\n\t\t\t\t<\/div>","protected":false},"excerpt":{"rendered":"<p>P\u0159esn\u011b testovan\u00e1 v\u00fdzkumn\u00e1 chemik\u00e1lie, vyhovuj\u00edc\u00ed, d\u016fv\u011bryhodn\u00e1 a dod\u00e1van\u00e1 s p\u0159esnost\u00ed a p\u00e9\u010d\u00ed.<\/p>","protected":false},"featured_media":1737,"comment_status":"open","ping_status":"closed","template":"","meta":{"inline_featured_image":false},"etheme_brands":[],"product_brand":[],"product_cat":[37],"product_tag":[59,60,61,48],"class_list":{"0":"post-598","1":"product","2":"type-product","3":"status-publish","4":"has-post-thumbnail","6":"product_cat-2-cmc","7":"product_tag-buy-2-cmc","8":"product_tag-buy-2-cmc-online","9":"product_tag-buy-2-cmc-powder","10":"product_tag-research-chemicals","12":"first","13":"instock","14":"shipping-taxable","15":"purchasable","16":"product-type-variable"},"_links":{"self":[{"href":"https:\/\/chemagora.eu\/cs\/wp-json\/wp\/v2\/product\/598","targetHints":{"allow":["GET"]}}],"collection":[{"href":"https:\/\/chemagora.eu\/cs\/wp-json\/wp\/v2\/product"}],"about":[{"href":"https:\/\/chemagora.eu\/cs\/wp-json\/wp\/v2\/types\/product"}],"replies":[{"embeddable":true,"href":"https:\/\/chemagora.eu\/cs\/wp-json\/wp\/v2\/comments?post=598"}],"version-history":[{"count":0,"href":"https:\/\/chemagora.eu\/cs\/wp-json\/wp\/v2\/product\/598\/revisions"}],"wp:featuredmedia":[{"embeddable":true,"href":"https:\/\/chemagora.eu\/cs\/wp-json\/wp\/v2\/media\/1737"}],"wp:attachment":[{"href":"https:\/\/chemagora.eu\/cs\/wp-json\/wp\/v2\/media?parent=598"}],"wp:term":[{"taxonomy":"brand","embeddable":true,"href":"https:\/\/chemagora.eu\/cs\/wp-json\/wp\/v2\/etheme_brands?post=598"},{"taxonomy":"product_brand","embeddable":true,"href":"https:\/\/chemagora.eu\/cs\/wp-json\/wp\/v2\/product_brand?post=598"},{"taxonomy":"product_cat","embeddable":true,"href":"https:\/\/chemagora.eu\/cs\/wp-json\/wp\/v2\/product_cat?post=598"},{"taxonomy":"product_tag","embeddable":true,"href":"https:\/\/chemagora.eu\/cs\/wp-json\/wp\/v2\/product_tag?post=598"}],"curies":[{"name":"wp","href":"https:\/\/api.w.org\/{rel}","templated":true}]}}