{"id":606,"date":"2022-10-06T12:32:45","date_gmt":"2022-10-06T12:32:45","guid":{"rendered":"https:\/\/xstore.8theme.com\/elementor\/demos\/hemp-and-cbd\/?post_type=product&#038;p=606"},"modified":"2025-01-24T05:08:21","modified_gmt":"2025-01-24T05:08:21","slug":"3-cmc-crystal","status":"publish","type":"product","link":"https:\/\/chemagora.eu\/cs\/product\/3-cmc-crystal\/","title":{"rendered":"3-CMC krystal"},"content":{"rendered":"<div data-elementor-type=\"wp-post\" data-elementor-id=\"606\" class=\"elementor elementor-606\" data-elementor-post-type=\"product\">\n\t\t\t\t\t\t<section class=\"elementor-section elementor-top-section elementor-element elementor-element-311c28f elementor-section-boxed elementor-section-height-default elementor-section-height-default\" data-id=\"311c28f\" data-element_type=\"section\" data-e-type=\"section\">\n\t\t\t\t\t\t<div class=\"elementor-container elementor-column-gap-no\">\n\t\t\t\t\t<div class=\"elementor-column elementor-col-100 elementor-top-column elementor-element elementor-element-b63e148\" data-id=\"b63e148\" data-element_type=\"column\" data-e-type=\"column\">\n\t\t\t<div class=\"elementor-widget-wrap elementor-element-populated\">\n\t\t\t\t\t\t<div class=\"elementor-element elementor-element-cd6f169 elementor-widget elementor-widget-heading\" data-id=\"cd6f169\" data-element_type=\"widget\" data-e-type=\"widget\" data-widget_type=\"heading.default\">\n\t\t\t\t<div class=\"elementor-widget-container\">\n\t\t\t\t\t<h2 class=\"elementor-heading-title elementor-size-default\">Buy 3-CMC Crystals Online | Premium Research Chemicals from Chemagora<\/h2>\t\t\t\t<\/div>\n\t\t\t\t<\/div>\n\t\t\t\t<div class=\"elementor-element elementor-element-98c7c3c elementor-widget elementor-widget-text-editor\" data-id=\"98c7c3c\" data-element_type=\"widget\" data-e-type=\"widget\" data-widget_type=\"text-editor.default\">\n\t\t\t\t<div class=\"elementor-widget-container\">\n\t\t\t\t\t\t\t\t\t<p>Looking for the finest <strong>3-CMC Crystals<\/strong> to support your research? At Chemagora, we provide top-grade compounds trusted by researchers and laboratories across Europe. From Germany and France to Spain, Italy, and the Netherlands, our mission is to deliver reliable, high-purity chemicals tailored for scientific advancement.<\/p>\t\t\t\t\t\t\t\t<\/div>\n\t\t\t\t<\/div>\n\t\t\t\t<div class=\"elementor-element elementor-element-08c73ab elementor-widget elementor-widget-heading\" data-id=\"08c73ab\" data-element_type=\"widget\" data-e-type=\"widget\" data-widget_type=\"heading.default\">\n\t\t\t\t<div class=\"elementor-widget-container\">\n\t\t\t\t\t<h2 class=\"elementor-heading-title elementor-size-default\">What is 3-CMC?<\/h2>\t\t\t\t<\/div>\n\t\t\t\t<\/div>\n\t\t\t\t<div class=\"elementor-element elementor-element-dcabb09 elementor-widget elementor-widget-text-editor\" data-id=\"dcabb09\" data-element_type=\"widget\" data-e-type=\"widget\" data-widget_type=\"text-editor.default\">\n\t\t\t\t<div class=\"elementor-widget-container\">\n\t\t\t\t\t\t\t\t\t<p><strong>3-Chloromethcathinone (3-CMC)<\/strong> is a synthetic cathinone widely studied for its unique chemical properties. Structurally related to methcathinone derivatives, <a href=\"https:\/\/chemagora.eu\/cs\/product\/3-cmc-powder\/\"  data-wpil-monitor-id=\"14\">3-CMC has gained recognition in research<\/a> for its consistent results and ease of application. Its crystalline form ensures precision in laboratory work, making it a go-to choice for professionals in the field.<\/p>\t\t\t\t\t\t\t\t<\/div>\n\t\t\t\t<\/div>\n\t\t\t\t\t<\/div>\n\t\t<\/div>\n\t\t\t\t\t<\/div>\n\t\t<\/section>\n\t\t\t\t<section class=\"elementor-section elementor-top-section elementor-element elementor-element-74c9c28 elementor-section-boxed elementor-section-height-default elementor-section-height-default\" data-id=\"74c9c28\" data-element_type=\"section\" data-e-type=\"section\" data-settings=\"{&quot;background_background&quot;:&quot;classic&quot;}\">\n\t\t\t\t\t\t<div class=\"elementor-container elementor-column-gap-no\">\n\t\t\t\t\t<div class=\"elementor-column elementor-col-33 elementor-top-column elementor-element elementor-element-56ff479\" data-id=\"56ff479\" data-element_type=\"column\" data-e-type=\"column\">\n\t\t\t<div class=\"elementor-widget-wrap elementor-element-populated\">\n\t\t\t\t\t\t<div class=\"elementor-element elementor-element-904b596 elementor-widget elementor-widget-heading\" data-id=\"904b596\" data-element_type=\"widget\" data-e-type=\"widget\" data-widget_type=\"heading.default\">\n\t\t\t\t<div class=\"elementor-widget-container\">\n\t\t\t\t\t<h2 class=\"elementor-heading-title elementor-size-default\">Chemick\u00e9 informace<\/h2>\t\t\t\t<\/div>\n\t\t\t\t<\/div>\n\t\t\t\t<div class=\"elementor-element elementor-element-7574a96 elementor-widget elementor-widget-text-editor\" data-id=\"7574a96\" data-element_type=\"widget\" data-e-type=\"widget\" data-widget_type=\"text-editor.default\">\n\t\t\t\t<div class=\"elementor-widget-container\">\n\t\t\t\t\t\t\t\t\t<ul><li><strong>Chemick\u00fd n\u00e1zev:<\/strong> 3-Chloromethcathinone<\/li><li><strong>\u010c\u00edslo CAS:<\/strong> 1049677-59-9<\/li><li><strong>Molekul\u00e1rn\u00ed vzorec:<\/strong> C10H12ClNO<\/li><li><strong>Mol\u00e1rn\u00ed hmotnost:<\/strong> 197.66 g\/mol<\/li><li><strong>N\u00e1zev IUPAC:<\/strong> 1-(3-Chlorophenyl)-2-(methylamino)-1-propanone<\/li><\/ul>\t\t\t\t\t\t\t\t<\/div>\n\t\t\t\t<\/div>\n\t\t\t\t\t<\/div>\n\t\t<\/div>\n\t\t\t\t<div class=\"elementor-column elementor-col-33 elementor-top-column elementor-element elementor-element-c4baae4\" data-id=\"c4baae4\" data-element_type=\"column\" data-e-type=\"column\">\n\t\t\t<div class=\"elementor-widget-wrap elementor-element-populated\">\n\t\t\t\t\t\t<div class=\"elementor-element elementor-element-e80f4eb elementor-widget elementor-widget-heading\" data-id=\"e80f4eb\" data-element_type=\"widget\" data-e-type=\"widget\" data-widget_type=\"heading.default\">\n\t\t\t\t<div class=\"elementor-widget-container\">\n\t\t\t\t\t<h2 class=\"elementor-heading-title elementor-size-default\">Fyzik\u00e1ln\u00ed a chemick\u00e9 vlastnosti<\/h2>\t\t\t\t<\/div>\n\t\t\t\t<\/div>\n\t\t\t\t<div class=\"elementor-element elementor-element-405bc6d elementor-widget elementor-widget-text-editor\" data-id=\"405bc6d\" data-element_type=\"widget\" data-e-type=\"widget\" data-widget_type=\"text-editor.default\">\n\t\t\t\t<div class=\"elementor-widget-container\">\n\t\t\t\t\t\t\t\t\t<ul><li><strong>Formul\u00e1\u0159:<\/strong> B\u00edl\u00fd krystalick\u00fd pr\u00e1\u0161ek<\/li><li><strong>\u010cistota:<\/strong> \u226599% (lab-tested)<\/li><li><strong>Bod t\u00e1n\u00ed:<\/strong> ~178\u2013179\u00b0C<\/li><li><strong>Rozpustnost:<\/strong> Rozpustn\u00fd ve vod\u011b, ethanolu a methanolu<\/li><li><strong>Stabilita:<\/strong> Stabiln\u00ed za spr\u00e1vn\u00fdch skladovac\u00edch podm\u00ednek<\/li><\/ul>\t\t\t\t\t\t\t\t<\/div>\n\t\t\t\t<\/div>\n\t\t\t\t\t<\/div>\n\t\t<\/div>\n\t\t\t\t<div class=\"elementor-column elementor-col-33 elementor-top-column elementor-element elementor-element-6d5b118\" data-id=\"6d5b118\" data-element_type=\"column\" data-e-type=\"column\">\n\t\t\t<div class=\"elementor-widget-wrap elementor-element-populated\">\n\t\t\t\t\t\t<div class=\"elementor-element elementor-element-06aa6c5 elementor-widget elementor-widget-heading\" data-id=\"06aa6c5\" data-element_type=\"widget\" data-e-type=\"widget\" data-widget_type=\"heading.default\">\n\t\t\t\t<div class=\"elementor-widget-container\">\n\t\t\t\t\t<h2 class=\"elementor-heading-title elementor-size-default\">Analytick\u00e1 data<\/h2>\t\t\t\t<\/div>\n\t\t\t\t<\/div>\n\t\t\t\t<div class=\"elementor-element elementor-element-16e3ecf elementor-widget elementor-widget-text-editor\" data-id=\"16e3ecf\" data-element_type=\"widget\" data-e-type=\"widget\" data-widget_type=\"text-editor.default\">\n\t\t\t\t<div class=\"elementor-widget-container\">\n\t\t\t\t\t\t\t\t\t<ul><li><strong>NMR (nukle\u00e1rn\u00ed magnetick\u00e1 rezonance):<\/strong> Confirms molecular structure.<\/li><li><strong>Hmotnostn\u00ed spektrometrie (MS):<\/strong> Validates molecular weight of 197.66 g\/mol.<\/li><li><strong>FTIR (Infra\u010derven\u00e1 spektroskopie s Fourierovou transformac\u00ed):<\/strong> Matches standard reference spectra for 3-CMC.<\/li><\/ul>\t\t\t\t\t\t\t\t<\/div>\n\t\t\t\t<\/div>\n\t\t\t\t\t<\/div>\n\t\t<\/div>\n\t\t\t\t\t<\/div>\n\t\t<\/section>\n\t\t\t\t<section class=\"elementor-section elementor-top-section elementor-element elementor-element-80fcea5 elementor-section-boxed elementor-section-height-default elementor-section-height-default\" data-id=\"80fcea5\" data-element_type=\"section\" data-e-type=\"section\">\n\t\t\t\t\t\t<div class=\"elementor-container elementor-column-gap-no\">\n\t\t\t\t\t<div class=\"elementor-column elementor-col-100 elementor-top-column elementor-element elementor-element-5a6e6ac\" data-id=\"5a6e6ac\" data-element_type=\"column\" data-e-type=\"column\">\n\t\t\t<div class=\"elementor-widget-wrap elementor-element-populated\">\n\t\t\t\t\t\t<div class=\"elementor-element elementor-element-d4b3dc1 elementor-widget elementor-widget-heading\" data-id=\"d4b3dc1\" data-element_type=\"widget\" data-e-type=\"widget\" data-widget_type=\"heading.default\">\n\t\t\t\t<div class=\"elementor-widget-container\">\n\t\t\t\t\t<h2 class=\"elementor-heading-title elementor-size-default\">Why Choose Chemagora for Your 3-CMC Crystals?<\/h2>\t\t\t\t<\/div>\n\t\t\t\t<\/div>\n\t\t\t\t<div class=\"elementor-element elementor-element-fe91d8e elementor-widget elementor-widget-text-editor\" data-id=\"fe91d8e\" data-element_type=\"widget\" data-e-type=\"widget\" data-widget_type=\"text-editor.default\">\n\t\t\t\t<div class=\"elementor-widget-container\">\n\t\t\t\t\t\t\t\t\t<ul><li><h4><strong>1. Bezkonkuren\u010dn\u00ed \u010distota<\/strong><\/h4><p>Our 3-CMC Crystals are lab-tested to guarantee a purity of <strong>\u226599%<\/strong>, ensuring a consistent, contamination-free product for your research needs.<\/p><h4><strong>2. Vynikaj\u00edc\u00ed krystalick\u00e1 forma<\/strong><\/h4><p>The product\u2019s white crystalline structure makes it easy to handle, measure, and apply accurately in laboratory experiments.<\/p><h4><strong>3. D\u016fv\u011bryhodn\u00fd v cel\u00e9 Evrop\u011b<\/strong><\/h4><p>Researchers from Amsterdam to Madrid, Berlin to Rome, rely on Chemagora for high-quality chemicals. We\u2019re proud to serve institutions and professionals throughout Europe.<\/p><h4><strong>4. Rychl\u00e9 a bezpe\u010dn\u00e9 odesl\u00e1n\u00ed<\/strong><\/h4><p>We know how important timely delivery is. That\u2019s why all orders are processed promptly, with discreet, secure packaging to ensure your product arrives safely.<\/p><h4><strong>5. Odborn\u00e1 z\u00e1kaznick\u00e1 podpora<\/strong><\/h4><p>Our dedicated team is here to assist you every step of the way. Whether you have questions about the product or need help with your order, we\u2019ve got you covered.<\/p><\/li><\/ul>\t\t\t\t\t\t\t\t<\/div>\n\t\t\t\t<\/div>\n\t\t\t\t<div class=\"elementor-element elementor-element-5f1246e elementor-widget elementor-widget-heading\" data-id=\"5f1246e\" data-element_type=\"widget\" data-e-type=\"widget\" data-widget_type=\"heading.default\">\n\t\t\t\t<div class=\"elementor-widget-container\">\n\t\t\t\t\t<h2 class=\"elementor-heading-title elementor-size-default\">Soulad s pr\u00e1vn\u00edmi p\u0159edpisy<\/h2>\t\t\t\t<\/div>\n\t\t\t\t<\/div>\n\t\t\t\t<div class=\"elementor-element elementor-element-17ae0f6 elementor-widget elementor-widget-text-editor\" data-id=\"17ae0f6\" data-element_type=\"widget\" data-e-type=\"widget\" data-widget_type=\"text-editor.default\">\n\t\t\t\t<div class=\"elementor-widget-container\">\n\t\t\t\t\t\t\t\t\t<p>Pr\u00e1vn\u00ed postaven\u00ed <strong>3-CMC Crystals<\/strong> may differ depending on your location. It is the buyer\u2019s responsibility to ensure compliance with local laws before purchasing or using this product.<\/p>\t\t\t\t\t\t\t\t<\/div>\n\t\t\t\t<\/div>\n\t\t\t\t<div class=\"elementor-element elementor-element-a8098dc elementor-alert-info elementor-widget elementor-widget-alert\" data-id=\"a8098dc\" data-element_type=\"widget\" data-e-type=\"widget\" data-widget_type=\"alert.default\">\n\t\t\t\t<div class=\"elementor-widget-container\">\n\t\t\t\t\t\t\t<div class=\"elementor-alert\" role=\"alert\">\n\n\t\t\t\t\t\t<span class=\"elementor-alert-title\">Z\u0159eknut\u00ed se odpov\u011bdnosti<\/span>\n\t\t\t\n\t\t\t\t\t\t<span class=\"elementor-alert-description\">Tento produkt je v\u00fdhradn\u011b ur\u010den pouze pro v\u00fdzkumn\u00e9 a analytick\u00e9 \u00fa\u010dely. Za \u017e\u00e1dn\u00fdch okolnost\u00ed nen\u00ed ur\u010den ke konzumaci lidmi nebo zv\u00ed\u0159aty.<\/span>\n\t\t\t\n\t\t\t\t\t\t<button type=\"button\" class=\"elementor-alert-dismiss\" aria-label=\"Dismiss this alert.\">\n\t\t\t\t\t\t\t\t\t<span aria-hidden=\"true\">\u00d7<\/span>\n\t\t\t\t\t\t\t<\/button>\n\t\t\t\n\t\t<\/div>\n\t\t\t\t\t\t<\/div>\n\t\t\t\t<\/div>\n\t\t\t\t<div class=\"elementor-element elementor-element-8448d87 elementor-widget elementor-widget-heading\" data-id=\"8448d87\" data-element_type=\"widget\" data-e-type=\"widget\" data-widget_type=\"heading.default\">\n\t\t\t\t<div class=\"elementor-widget-container\">\n\t\t\t\t\t<h2 class=\"elementor-heading-title elementor-size-default\">Order Your 3-CMC Crystals Today<\/h2>\t\t\t\t<\/div>\n\t\t\t\t<\/div>\n\t\t\t\t<div class=\"elementor-element elementor-element-0fbcd04 elementor-widget elementor-widget-text-editor\" data-id=\"0fbcd04\" data-element_type=\"widget\" data-e-type=\"widget\" data-widget_type=\"text-editor.default\">\n\t\t\t\t<div class=\"elementor-widget-container\">\n\t\t\t\t\t\t\t\t\t<p>Transform your research with Chemagora\u2019s <strong>premium-grade 3-CMC Crystals<\/strong>. Enjoy unparalleled quality, fast delivery, and exceptional support. Join researchers across Europe who trust Chemagora for reliable <a href=\"https:\/\/chemagora.eu\/cs\/product\/4-mmc-crystal\/\"  data-wpil-monitor-id=\"12\">v\u00fdzkumn\u00e9 chemik\u00e1lie<\/a>.<\/p><p>\u00a0<\/p>\t\t\t\t\t\t\t\t<\/div>\n\t\t\t\t<\/div>\n\t\t\t\t\t<\/div>\n\t\t<\/div>\n\t\t\t\t\t<\/div>\n\t\t<\/section>\n\t\t\t\t<\/div>","protected":false},"excerpt":{"rendered":"<p>P\u0159esn\u011b testovan\u00e1 v\u00fdzkumn\u00e1 chemik\u00e1lie, vyhovuj\u00edc\u00ed, d\u016fv\u011bryhodn\u00e1 a dod\u00e1van\u00e1 s p\u0159esnost\u00ed a p\u00e9\u010d\u00ed.<\/p>","protected":false},"featured_media":1698,"comment_status":"open","ping_status":"closed","template":"","meta":{"inline_featured_image":false},"etheme_brands":[],"product_brand":[],"product_cat":[39],"product_tag":[55,56,48],"class_list":{"0":"post-606","1":"product","2":"type-product","3":"status-publish","4":"has-post-thumbnail","6":"product_cat-3-cmc","7":"product_tag-buy-3-cmc","8":"product_tag-buy-buy-3-cmc-online","9":"product_tag-research-chemicals","11":"first","12":"instock","13":"shipping-taxable","14":"purchasable","15":"product-type-variable"},"_links":{"self":[{"href":"https:\/\/chemagora.eu\/cs\/wp-json\/wp\/v2\/product\/606","targetHints":{"allow":["GET"]}}],"collection":[{"href":"https:\/\/chemagora.eu\/cs\/wp-json\/wp\/v2\/product"}],"about":[{"href":"https:\/\/chemagora.eu\/cs\/wp-json\/wp\/v2\/types\/product"}],"replies":[{"embeddable":true,"href":"https:\/\/chemagora.eu\/cs\/wp-json\/wp\/v2\/comments?post=606"}],"version-history":[{"count":0,"href":"https:\/\/chemagora.eu\/cs\/wp-json\/wp\/v2\/product\/606\/revisions"}],"wp:featuredmedia":[{"embeddable":true,"href":"https:\/\/chemagora.eu\/cs\/wp-json\/wp\/v2\/media\/1698"}],"wp:attachment":[{"href":"https:\/\/chemagora.eu\/cs\/wp-json\/wp\/v2\/media?parent=606"}],"wp:term":[{"taxonomy":"brand","embeddable":true,"href":"https:\/\/chemagora.eu\/cs\/wp-json\/wp\/v2\/etheme_brands?post=606"},{"taxonomy":"product_brand","embeddable":true,"href":"https:\/\/chemagora.eu\/cs\/wp-json\/wp\/v2\/product_brand?post=606"},{"taxonomy":"product_cat","embeddable":true,"href":"https:\/\/chemagora.eu\/cs\/wp-json\/wp\/v2\/product_cat?post=606"},{"taxonomy":"product_tag","embeddable":true,"href":"https:\/\/chemagora.eu\/cs\/wp-json\/wp\/v2\/product_tag?post=606"}],"curies":[{"name":"wp","href":"https:\/\/api.w.org\/{rel}","templated":true}]}}