{"id":614,"date":"2022-10-06T12:32:48","date_gmt":"2022-10-06T12:32:48","guid":{"rendered":"https:\/\/xstore.8theme.com\/elementor\/demos\/hemp-and-cbd\/?post_type=product&#038;p=614"},"modified":"2025-01-24T05:05:51","modified_gmt":"2025-01-24T05:05:51","slug":"4-mmc-crystal","status":"publish","type":"product","link":"https:\/\/chemagora.eu\/cs\/product\/4-mmc-crystal\/","title":{"rendered":"4-MMC krystal"},"content":{"rendered":"<div data-elementor-type=\"wp-post\" data-elementor-id=\"614\" class=\"elementor elementor-614\" data-elementor-post-type=\"product\">\n\t\t\t\t\t\t<section class=\"elementor-section elementor-top-section elementor-element elementor-element-f0ed702 elementor-section-boxed elementor-section-height-default elementor-section-height-default\" data-id=\"f0ed702\" data-element_type=\"section\" data-e-type=\"section\">\n\t\t\t\t\t\t<div class=\"elementor-container elementor-column-gap-no\">\n\t\t\t\t\t<div class=\"elementor-column elementor-col-100 elementor-top-column elementor-element elementor-element-61e16fa\" data-id=\"61e16fa\" data-element_type=\"column\" data-e-type=\"column\">\n\t\t\t<div class=\"elementor-widget-wrap elementor-element-populated\">\n\t\t\t\t\t\t<div class=\"elementor-element elementor-element-1919071 elementor-widget elementor-widget-heading\" data-id=\"1919071\" data-element_type=\"widget\" data-e-type=\"widget\" data-widget_type=\"heading.default\">\n\t\t\t\t<div class=\"elementor-widget-container\">\n\t\t\t\t\t<h2 class=\"elementor-heading-title elementor-size-default\">Buy 4-MMC Crystals Online | High-Purity Research Chemical from Chemagora<\/h2>\t\t\t\t<\/div>\n\t\t\t\t<\/div>\n\t\t\t\t<div class=\"elementor-element elementor-element-ca2a716 elementor-widget elementor-widget-text-editor\" data-id=\"ca2a716\" data-element_type=\"widget\" data-e-type=\"widget\" data-widget_type=\"text-editor.default\">\n\t\t\t\t<div class=\"elementor-widget-container\">\n\t\t\t\t\t\t\t\t\t<p>Searching for the highest quality <strong>4-MMC Crystals<\/strong> to advance your scientific research? At <a href=\"https:\/\/chemagora.eu\/cs\/nakupovat\/\">Chemagora<\/a>, we proudly provide researchers and laboratories across Europe with exceptional-grade compounds. Whether you\u2019re based in Germany, France, Italy, Spain, or the Netherlands, our products are tailored to meet your <a href=\"http:\/\/sky-chemicals.com\" target=\"_blank\" rel=\"noopener\">professional<\/a> research needs.<\/p>\t\t\t\t\t\t\t\t<\/div>\n\t\t\t\t<\/div>\n\t\t\t\t<div class=\"elementor-element elementor-element-2fd153f elementor-widget elementor-widget-heading\" data-id=\"2fd153f\" data-element_type=\"widget\" data-e-type=\"widget\" data-widget_type=\"heading.default\">\n\t\t\t\t<div class=\"elementor-widget-container\">\n\t\t\t\t\t<h2 class=\"elementor-heading-title elementor-size-default\">What is 4-MMC?\n<\/h2>\t\t\t\t<\/div>\n\t\t\t\t<\/div>\n\t\t\t\t<div class=\"elementor-element elementor-element-6b8b891 elementor-widget elementor-widget-text-editor\" data-id=\"6b8b891\" data-element_type=\"widget\" data-e-type=\"widget\" data-widget_type=\"text-editor.default\">\n\t\t\t\t<div class=\"elementor-widget-container\">\n\t\t\t\t\t\t\t\t\t<p><strong>4-Methylmethcathinone (4-MMC)<\/strong> is a synthetic cathinone compound widely studied for its chemical and pharmacological properties. It belongs to the cathinone family and is structurally related to naturally occurring substances found in the khat plant. Its crystalline form makes it an ideal choice for precision work in controlled laboratory environments.<\/p><p>Our 4-MMC Crystals are renowned for their consistent performance and superior purity, ensuring reliable outcomes in various research applications.<\/p>\t\t\t\t\t\t\t\t<\/div>\n\t\t\t\t<\/div>\n\t\t\t\t\t<\/div>\n\t\t<\/div>\n\t\t\t\t\t<\/div>\n\t\t<\/section>\n\t\t\t\t<section class=\"elementor-section elementor-top-section elementor-element elementor-element-74aee6b elementor-section-boxed elementor-section-height-default elementor-section-height-default\" data-id=\"74aee6b\" data-element_type=\"section\" data-e-type=\"section\" data-settings=\"{&quot;background_background&quot;:&quot;classic&quot;}\">\n\t\t\t\t\t\t<div class=\"elementor-container elementor-column-gap-no\">\n\t\t\t\t\t<div class=\"elementor-column elementor-col-33 elementor-top-column elementor-element elementor-element-a433db2\" data-id=\"a433db2\" data-element_type=\"column\" data-e-type=\"column\">\n\t\t\t<div class=\"elementor-widget-wrap elementor-element-populated\">\n\t\t\t\t\t\t<div class=\"elementor-element elementor-element-56678d0 elementor-widget elementor-widget-heading\" data-id=\"56678d0\" data-element_type=\"widget\" data-e-type=\"widget\" data-widget_type=\"heading.default\">\n\t\t\t\t<div class=\"elementor-widget-container\">\n\t\t\t\t\t<h2 class=\"elementor-heading-title elementor-size-default\">Chemick\u00e9 informace<\/h2>\t\t\t\t<\/div>\n\t\t\t\t<\/div>\n\t\t\t\t<div class=\"elementor-element elementor-element-57408d4 elementor-widget elementor-widget-text-editor\" data-id=\"57408d4\" data-element_type=\"widget\" data-e-type=\"widget\" data-widget_type=\"text-editor.default\">\n\t\t\t\t<div class=\"elementor-widget-container\">\n\t\t\t\t\t\t\t\t\t<ul><li><strong>Chemick\u00fd n\u00e1zev:<\/strong> 4-Methylmethcathinone<\/li><li><strong>\u010c\u00edslo CAS:<\/strong> 1189805-46-6<\/li><li><strong>Molekul\u00e1rn\u00ed vzorec:<\/strong> C11H15NO<\/li><li><strong>Mol\u00e1rn\u00ed hmotnost:<\/strong> 177,24 g\/mol<\/li><li><strong>N\u00e1zev IUPAC:<\/strong> 2-(Methylamino)-1-(4-methylphenyl)propan-1-one<\/li><\/ul>\t\t\t\t\t\t\t\t<\/div>\n\t\t\t\t<\/div>\n\t\t\t\t\t<\/div>\n\t\t<\/div>\n\t\t\t\t<div class=\"elementor-column elementor-col-33 elementor-top-column elementor-element elementor-element-d184dba\" data-id=\"d184dba\" data-element_type=\"column\" data-e-type=\"column\">\n\t\t\t<div class=\"elementor-widget-wrap elementor-element-populated\">\n\t\t\t\t\t\t<div class=\"elementor-element elementor-element-dd5458b elementor-widget elementor-widget-heading\" data-id=\"dd5458b\" data-element_type=\"widget\" data-e-type=\"widget\" data-widget_type=\"heading.default\">\n\t\t\t\t<div class=\"elementor-widget-container\">\n\t\t\t\t\t<h2 class=\"elementor-heading-title elementor-size-default\">Fyzik\u00e1ln\u00ed a chemick\u00e9 vlastnosti<\/h2>\t\t\t\t<\/div>\n\t\t\t\t<\/div>\n\t\t\t\t<div class=\"elementor-element elementor-element-387e4a6 elementor-widget elementor-widget-text-editor\" data-id=\"387e4a6\" data-element_type=\"widget\" data-e-type=\"widget\" data-widget_type=\"text-editor.default\">\n\t\t\t\t<div class=\"elementor-widget-container\">\n\t\t\t\t\t\t\t\t\t<ul><li><strong>Formul\u00e1\u0159:<\/strong> B\u00edl\u00fd krystalick\u00fd pr\u00e1\u0161ek<\/li><li><strong>\u010cistota:<\/strong> \u226599% (lab-tested)<\/li><li><strong>Bod t\u00e1n\u00ed:<\/strong> ~217\u2013218\u00b0C<\/li><li><strong>Rozpustnost:<\/strong> Snadno rozpustn\u00fd ve vod\u011b, ethanolu a methanolu<\/li><li><strong>Stabilita:<\/strong> Stabiln\u00ed za standardn\u00edch laboratorn\u00edch podm\u00ednek<\/li><\/ul>\t\t\t\t\t\t\t\t<\/div>\n\t\t\t\t<\/div>\n\t\t\t\t\t<\/div>\n\t\t<\/div>\n\t\t\t\t<div class=\"elementor-column elementor-col-33 elementor-top-column elementor-element elementor-element-de443a7\" data-id=\"de443a7\" data-element_type=\"column\" data-e-type=\"column\">\n\t\t\t<div class=\"elementor-widget-wrap elementor-element-populated\">\n\t\t\t\t\t\t<div class=\"elementor-element elementor-element-f0395c2 elementor-widget elementor-widget-heading\" data-id=\"f0395c2\" data-element_type=\"widget\" data-e-type=\"widget\" data-widget_type=\"heading.default\">\n\t\t\t\t<div class=\"elementor-widget-container\">\n\t\t\t\t\t<h2 class=\"elementor-heading-title elementor-size-default\">Analytick\u00e1 data<\/h2>\t\t\t\t<\/div>\n\t\t\t\t<\/div>\n\t\t\t\t<div class=\"elementor-element elementor-element-d859c9e elementor-widget elementor-widget-text-editor\" data-id=\"d859c9e\" data-element_type=\"widget\" data-e-type=\"widget\" data-widget_type=\"text-editor.default\">\n\t\t\t\t<div class=\"elementor-widget-container\">\n\t\t\t\t\t\t\t\t\t<ul><li><strong>NMR (nukle\u00e1rn\u00ed magnetick\u00e1 rezonance):<\/strong> Confirms structural consistency.<\/li><li><strong>Hmotnostn\u00ed spektrometrie (MS):<\/strong> Matches molecular weight of 177.24 g\/mol.<\/li><li><strong>FTIR (Infra\u010derven\u00e1 spektroskopie s Fourierovou transformac\u00ed):<\/strong> Matches reference spectra for <a href=\"https:\/\/chemagora.eu\/cs\/product\/4-mmc-powder\/\" data-wpil-monitor-id=\"9\">4-MMC<\/a>.<\/li><\/ul>\t\t\t\t\t\t\t\t<\/div>\n\t\t\t\t<\/div>\n\t\t\t\t\t<\/div>\n\t\t<\/div>\n\t\t\t\t\t<\/div>\n\t\t<\/section>\n\t\t\t\t<section class=\"elementor-section elementor-top-section elementor-element elementor-element-8f7bfa2 elementor-section-boxed elementor-section-height-default elementor-section-height-default\" data-id=\"8f7bfa2\" data-element_type=\"section\" data-e-type=\"section\">\n\t\t\t\t\t\t<div class=\"elementor-container elementor-column-gap-no\">\n\t\t\t\t\t<div class=\"elementor-column elementor-col-100 elementor-top-column elementor-element elementor-element-71e8a97\" data-id=\"71e8a97\" data-element_type=\"column\" data-e-type=\"column\">\n\t\t\t<div class=\"elementor-widget-wrap elementor-element-populated\">\n\t\t\t\t\t\t<div class=\"elementor-element elementor-element-221533b elementor-widget elementor-widget-heading\" data-id=\"221533b\" data-element_type=\"widget\" data-e-type=\"widget\" data-widget_type=\"heading.default\">\n\t\t\t\t<div class=\"elementor-widget-container\">\n\t\t\t\t\t<h2 class=\"elementor-heading-title elementor-size-default\">Why Choose Chemagora for Your 4-MMC Crystals?<\/h2>\t\t\t\t<\/div>\n\t\t\t\t<\/div>\n\t\t\t\t<div class=\"elementor-element elementor-element-6e9edc7 elementor-widget elementor-widget-text-editor\" data-id=\"6e9edc7\" data-element_type=\"widget\" data-e-type=\"widget\" data-widget_type=\"text-editor.default\">\n\t\t\t\t<div class=\"elementor-widget-container\">\n\t\t\t\t\t\t\t\t\t<ul><li><strong>Uncompromising Purity:<\/strong> Our 4-MMC Crystals are rigorously tested, ensuring a minimum purity level of <strong>\u226599%<\/strong>, so you can work with confidence.<\/li><li><strong>Precision Crystalline Form:<\/strong> The crystalline structure facilitates easy handling, accurate measurement, and reproducible results in your lab.<\/li><li><strong>Researcher-Trusted Across Europe:<\/strong> From Paris to Berlin, Rome to Amsterdam, Chemagora is a preferred supplier for <a href=\"https:\/\/chemagora.eu\/cs\/product\/3-mmc-powder\/\" data-wpil-monitor-id=\"10\">researchers seeking premium-quality chemicals<\/a>.<\/li><li><strong>Fast, Discreet Shipping:<\/strong> With prompt processing and secure, discreet packaging, we ensure your order arrives safely and on time.<\/li><li><strong>Dedicated Customer Support:<\/strong> Our knowledgeable and friendly team is always here to assist with your inquiries.<\/li><\/ul>\t\t\t\t\t\t\t\t<\/div>\n\t\t\t\t<\/div>\n\t\t\t\t<div class=\"elementor-element elementor-element-8f53058 elementor-widget elementor-widget-heading\" data-id=\"8f53058\" data-element_type=\"widget\" data-e-type=\"widget\" data-widget_type=\"heading.default\">\n\t\t\t\t<div class=\"elementor-widget-container\">\n\t\t\t\t\t<h2 class=\"elementor-heading-title elementor-size-default\">Soulad s pr\u00e1vn\u00edmi p\u0159edpisy<\/h2>\t\t\t\t<\/div>\n\t\t\t\t<\/div>\n\t\t\t\t<div class=\"elementor-element elementor-element-823064c elementor-widget elementor-widget-text-editor\" data-id=\"823064c\" data-element_type=\"widget\" data-e-type=\"widget\" data-widget_type=\"text-editor.default\">\n\t\t\t\t<div class=\"elementor-widget-container\">\n\t\t\t\t\t\t\t\t\t<p>Pr\u00e1vn\u00ed postaven\u00ed <strong>4-MMC Crystals<\/strong> may differ by country. It is the buyer\u2019s responsibility to ensure that their purchase and intended use comply with local laws and regulations.<\/p>\t\t\t\t\t\t\t\t<\/div>\n\t\t\t\t<\/div>\n\t\t\t\t<div class=\"elementor-element elementor-element-75c21ef elementor-alert-info elementor-widget elementor-widget-alert\" data-id=\"75c21ef\" data-element_type=\"widget\" data-e-type=\"widget\" data-widget_type=\"alert.default\">\n\t\t\t\t<div class=\"elementor-widget-container\">\n\t\t\t\t\t\t\t<div class=\"elementor-alert\" role=\"alert\">\n\n\t\t\t\t\t\t<span class=\"elementor-alert-title\">Z\u0159eknut\u00ed se odpov\u011bdnosti<\/span>\n\t\t\t\n\t\t\t\t\t\t<span class=\"elementor-alert-description\">Tento produkt je v\u00fdhradn\u011b ur\u010den pouze pro v\u00fdzkumn\u00e9 a analytick\u00e9 \u00fa\u010dely. Za \u017e\u00e1dn\u00fdch okolnost\u00ed nen\u00ed ur\u010den ke konzumaci lidmi nebo zv\u00ed\u0159aty.<\/span>\n\t\t\t\n\t\t\t\t\t\t<button type=\"button\" class=\"elementor-alert-dismiss\" aria-label=\"Dismiss this alert.\">\n\t\t\t\t\t\t\t\t\t<span aria-hidden=\"true\">\u00d7<\/span>\n\t\t\t\t\t\t\t<\/button>\n\t\t\t\n\t\t<\/div>\n\t\t\t\t\t\t<\/div>\n\t\t\t\t<\/div>\n\t\t\t\t<div class=\"elementor-element elementor-element-c77f826 elementor-widget elementor-widget-heading\" data-id=\"c77f826\" data-element_type=\"widget\" data-e-type=\"widget\" data-widget_type=\"heading.default\">\n\t\t\t\t<div class=\"elementor-widget-container\">\n\t\t\t\t\t<h2 class=\"elementor-heading-title elementor-size-default\">Order Your 4-MMC Crystals Today<\/h2>\t\t\t\t<\/div>\n\t\t\t\t<\/div>\n\t\t\t\t<div class=\"elementor-element elementor-element-ce71f0f elementor-widget elementor-widget-text-editor\" data-id=\"ce71f0f\" data-element_type=\"widget\" data-e-type=\"widget\" data-widget_type=\"text-editor.default\">\n\t\t\t\t<div class=\"elementor-widget-container\">\n\t\t\t\t\t\t\t\t\t<p>Posu\u0148te sv\u016fj v\u00fdzkum na dal\u0161\u00ed \u00farove\u0148 s Chemagora&#039;s <strong>high-purity 4-MMC Crystals<\/strong>. Experience unmatched quality, precision, and service with every purchase. Join researchers across Europe who trust Chemagora for their <a href=\"https:\/\/chemagora.eu\/cs\/product\/3-cmc-powder\/\" data-wpil-monitor-id=\"8\">research chemical<\/a> needs.<\/p>\t\t\t\t\t\t\t\t<\/div>\n\t\t\t\t<\/div>\n\t\t\t\t\t<\/div>\n\t\t<\/div>\n\t\t\t\t\t<\/div>\n\t\t<\/section>\n\t\t\t\t<\/div>","protected":false},"excerpt":{"rendered":"<p>P\u0159esn\u011b testovan\u00e1 v\u00fdzkumn\u00e1 chemik\u00e1lie, vyhovuj\u00edc\u00ed, d\u016fv\u011bryhodn\u00e1 a dod\u00e1van\u00e1 s p\u0159esnost\u00ed a p\u00e9\u010d\u00ed.<\/p>","protected":false},"featured_media":1661,"comment_status":"open","ping_status":"closed","template":"","meta":{"inline_featured_image":false},"etheme_brands":[],"product_brand":[],"product_cat":[40],"product_tag":[49,50,48],"class_list":{"0":"post-614","1":"product","2":"type-product","3":"status-publish","4":"has-post-thumbnail","6":"product_cat-4-mmc","7":"product_tag-buy-4-mmc-crystal","8":"product_tag-buy-4-mmc-crystal-online","9":"product_tag-research-chemicals","11":"first","12":"instock","13":"shipping-taxable","14":"purchasable","15":"product-type-variable"},"_links":{"self":[{"href":"https:\/\/chemagora.eu\/cs\/wp-json\/wp\/v2\/product\/614","targetHints":{"allow":["GET"]}}],"collection":[{"href":"https:\/\/chemagora.eu\/cs\/wp-json\/wp\/v2\/product"}],"about":[{"href":"https:\/\/chemagora.eu\/cs\/wp-json\/wp\/v2\/types\/product"}],"replies":[{"embeddable":true,"href":"https:\/\/chemagora.eu\/cs\/wp-json\/wp\/v2\/comments?post=614"}],"version-history":[{"count":0,"href":"https:\/\/chemagora.eu\/cs\/wp-json\/wp\/v2\/product\/614\/revisions"}],"wp:featuredmedia":[{"embeddable":true,"href":"https:\/\/chemagora.eu\/cs\/wp-json\/wp\/v2\/media\/1661"}],"wp:attachment":[{"href":"https:\/\/chemagora.eu\/cs\/wp-json\/wp\/v2\/media?parent=614"}],"wp:term":[{"taxonomy":"brand","embeddable":true,"href":"https:\/\/chemagora.eu\/cs\/wp-json\/wp\/v2\/etheme_brands?post=614"},{"taxonomy":"product_brand","embeddable":true,"href":"https:\/\/chemagora.eu\/cs\/wp-json\/wp\/v2\/product_brand?post=614"},{"taxonomy":"product_cat","embeddable":true,"href":"https:\/\/chemagora.eu\/cs\/wp-json\/wp\/v2\/product_cat?post=614"},{"taxonomy":"product_tag","embeddable":true,"href":"https:\/\/chemagora.eu\/cs\/wp-json\/wp\/v2\/product_tag?post=614"}],"curies":[{"name":"wp","href":"https:\/\/api.w.org\/{rel}","templated":true}]}}