{"id":618,"date":"2022-10-06T12:32:49","date_gmt":"2022-10-06T12:32:49","guid":{"rendered":"https:\/\/xstore.8theme.com\/elementor\/demos\/hemp-and-cbd\/?post_type=product&#038;p=618"},"modified":"2025-01-24T03:50:48","modified_gmt":"2025-01-24T03:50:48","slug":"3-mmc-powder","status":"publish","type":"product","link":"https:\/\/chemagora.eu\/cs\/product\/3-mmc-powder\/","title":{"rendered":"3-MMC pr\u00e1\u0161ek"},"content":{"rendered":"<div data-elementor-type=\"wp-post\" data-elementor-id=\"618\" class=\"elementor elementor-618\" data-elementor-post-type=\"product\">\n\t\t\t\t\t\t<section class=\"elementor-section elementor-top-section elementor-element elementor-element-008112d elementor-section-boxed elementor-section-height-default elementor-section-height-default\" data-id=\"008112d\" data-element_type=\"section\" data-e-type=\"section\">\n\t\t\t\t\t\t<div class=\"elementor-container elementor-column-gap-no\">\n\t\t\t\t\t<div class=\"elementor-column elementor-col-100 elementor-top-column elementor-element elementor-element-8a7bc79\" data-id=\"8a7bc79\" data-element_type=\"column\" data-e-type=\"column\">\n\t\t\t<div class=\"elementor-widget-wrap elementor-element-populated\">\n\t\t\t\t\t\t<div class=\"elementor-element elementor-element-c42ff49 elementor-widget elementor-widget-heading\" data-id=\"c42ff49\" data-element_type=\"widget\" data-e-type=\"widget\" data-widget_type=\"heading.default\">\n\t\t\t\t<div class=\"elementor-widget-container\">\n\t\t\t\t\t<h2 class=\"elementor-heading-title elementor-size-default\">Buy 3-MMC Powder Online | High-Purity Research Chemical from Chemagora<\/h2>\t\t\t\t<\/div>\n\t\t\t\t<\/div>\n\t\t\t\t<div class=\"elementor-element elementor-element-ac7a03c elementor-widget elementor-widget-text-editor\" data-id=\"ac7a03c\" data-element_type=\"widget\" data-e-type=\"widget\" data-widget_type=\"text-editor.default\">\n\t\t\t\t<div class=\"elementor-widget-container\">\n\t\t\t\t\t\t\t\t\t<p>Are you looking for reliable <strong>3-MMC krystaly<\/strong> for your next research project? At <a href=\"https:\/\/chemagora.eu\/cs\/nakupovat\/\">Chemagora<\/a>, we take pride in delivering high-purity chemicals to <a href=\"http:\/\/reine-chemikalien.com\" target=\"_blank\" rel=\"noopener\">v\u00fdzkumn\u00edci<\/a> and laboratories across Europe. Whether you\u2019re in <strong>Germany<\/strong>, <strong>France<\/strong>, <strong>Spain<\/strong>, <strong>Italy<\/strong>, or the <strong>Netherlands<\/strong>, we\u2019re here to provide you with products you can trust, supported by fast shipping and exceptional service.<\/p>\t\t\t\t\t\t\t\t<\/div>\n\t\t\t\t<\/div>\n\t\t\t\t<div class=\"elementor-element elementor-element-5797667 elementor-widget elementor-widget-heading\" data-id=\"5797667\" data-element_type=\"widget\" data-e-type=\"widget\" data-widget_type=\"heading.default\">\n\t\t\t\t<div class=\"elementor-widget-container\">\n\t\t\t\t\t<h2 class=\"elementor-heading-title elementor-size-default\">Co je 3-MMC?<\/h2>\t\t\t\t<\/div>\n\t\t\t\t<\/div>\n\t\t\t\t<div class=\"elementor-element elementor-element-da30504 elementor-widget elementor-widget-text-editor\" data-id=\"da30504\" data-element_type=\"widget\" data-e-type=\"widget\" data-widget_type=\"text-editor.default\">\n\t\t\t\t<div class=\"elementor-widget-container\">\n\t\t\t\t\t\t\t\t\t<p><strong>3-MMC (3-methylmethcathinone)<\/strong> je syntetick\u00e1 katinonov\u00e1 slou\u010denina b\u011b\u017en\u011b pou\u017e\u00edvan\u00e1 v laboratorn\u00edm v\u00fdzkumu pro sv\u00e9 dob\u0159e definovan\u00e9 vlastnosti. M\u00e1 molekul\u00e1rn\u00ed strukturu, kter\u00e1 se podob\u00e1 mefedronu, a proto je p\u0159edm\u011btem z\u00e1jmu farmakologick\u00fdch a chemick\u00fdch studi\u00ed. V Chemagora nab\u00edz\u00edme <strong>3-MMC krystaly<\/strong> s bezkonkuren\u010dn\u00ed \u010distotou na podporu konzistentn\u00edch a spolehliv\u00fdch v\u00fdsledk\u016f v\u00fdzkumu.<\/p>\t\t\t\t\t\t\t\t<\/div>\n\t\t\t\t<\/div>\n\t\t\t\t\t<\/div>\n\t\t<\/div>\n\t\t\t\t\t<\/div>\n\t\t<\/section>\n\t\t\t\t<section class=\"elementor-section elementor-top-section elementor-element elementor-element-719311e elementor-section-boxed elementor-section-height-default elementor-section-height-default\" data-id=\"719311e\" data-element_type=\"section\" data-e-type=\"section\" data-settings=\"{&quot;background_background&quot;:&quot;classic&quot;}\">\n\t\t\t\t\t\t<div class=\"elementor-container elementor-column-gap-no\">\n\t\t\t\t\t<div class=\"elementor-column elementor-col-33 elementor-top-column elementor-element elementor-element-9d33d56\" data-id=\"9d33d56\" data-element_type=\"column\" data-e-type=\"column\">\n\t\t\t<div class=\"elementor-widget-wrap elementor-element-populated\">\n\t\t\t\t\t\t<div class=\"elementor-element elementor-element-9e5c66e elementor-widget elementor-widget-heading\" data-id=\"9e5c66e\" data-element_type=\"widget\" data-e-type=\"widget\" data-widget_type=\"heading.default\">\n\t\t\t\t<div class=\"elementor-widget-container\">\n\t\t\t\t\t<h2 class=\"elementor-heading-title elementor-size-default\">Chemick\u00e9 informace<\/h2>\t\t\t\t<\/div>\n\t\t\t\t<\/div>\n\t\t\t\t<div class=\"elementor-element elementor-element-0baadc1 elementor-widget elementor-widget-text-editor\" data-id=\"0baadc1\" data-element_type=\"widget\" data-e-type=\"widget\" data-widget_type=\"text-editor.default\">\n\t\t\t\t<div class=\"elementor-widget-container\">\n\t\t\t\t\t\t\t\t\t<ul><li><strong>Chemick\u00fd n\u00e1zev:<\/strong> 3-methylmethcathinone<\/li><li><strong>Molekul\u00e1rn\u00ed vzorec:<\/strong> C11H15NO<\/li><li><strong>Mol\u00e1rn\u00ed hmotnost:<\/strong> 177,24 g\/mol<\/li><li><strong>N\u00e1zev IUPAC:<\/strong> 2-(methylamino)-1-(3-methylfenyl)propan-1-on<\/li><\/ul>\t\t\t\t\t\t\t\t<\/div>\n\t\t\t\t<\/div>\n\t\t\t\t\t<\/div>\n\t\t<\/div>\n\t\t\t\t<div class=\"elementor-column elementor-col-33 elementor-top-column elementor-element elementor-element-e4c392e\" data-id=\"e4c392e\" data-element_type=\"column\" data-e-type=\"column\">\n\t\t\t<div class=\"elementor-widget-wrap elementor-element-populated\">\n\t\t\t\t\t\t<div class=\"elementor-element elementor-element-c4b4185 elementor-widget elementor-widget-heading\" data-id=\"c4b4185\" data-element_type=\"widget\" data-e-type=\"widget\" data-widget_type=\"heading.default\">\n\t\t\t\t<div class=\"elementor-widget-container\">\n\t\t\t\t\t<h2 class=\"elementor-heading-title elementor-size-default\">Fyzik\u00e1ln\u00ed a chemick\u00e9 vlastnosti<\/h2>\t\t\t\t<\/div>\n\t\t\t\t<\/div>\n\t\t\t\t<div class=\"elementor-element elementor-element-ffb135b elementor-widget elementor-widget-text-editor\" data-id=\"ffb135b\" data-element_type=\"widget\" data-e-type=\"widget\" data-widget_type=\"text-editor.default\">\n\t\t\t\t<div class=\"elementor-widget-container\">\n\t\t\t\t\t\t\t\t\t<ul><li><strong>Formul\u00e1\u0159:<\/strong> B\u00edl\u00fd pr\u00e1\u0161ek<\/li><li><strong>\u010cistota:<\/strong> \u226599%<\/li><li><strong>Bod t\u00e1n\u00ed:<\/strong> ~180-185 \u00b0C<\/li><li><strong>Rozpustnost:<\/strong> Rozpustn\u00fd ve vod\u011b a organick\u00fdch rozpou\u0161t\u011bdlech, jako je ethanol a methanol<\/li><\/ul>\t\t\t\t\t\t\t\t<\/div>\n\t\t\t\t<\/div>\n\t\t\t\t\t<\/div>\n\t\t<\/div>\n\t\t\t\t<div class=\"elementor-column elementor-col-33 elementor-top-column elementor-element elementor-element-f696cd9\" data-id=\"f696cd9\" data-element_type=\"column\" data-e-type=\"column\">\n\t\t\t<div class=\"elementor-widget-wrap elementor-element-populated\">\n\t\t\t\t\t\t<div class=\"elementor-element elementor-element-acabd54 elementor-widget elementor-widget-heading\" data-id=\"acabd54\" data-element_type=\"widget\" data-e-type=\"widget\" data-widget_type=\"heading.default\">\n\t\t\t\t<div class=\"elementor-widget-container\">\n\t\t\t\t\t<h2 class=\"elementor-heading-title elementor-size-default\">Analytick\u00e1 data<\/h2>\t\t\t\t<\/div>\n\t\t\t\t<\/div>\n\t\t\t\t<div class=\"elementor-element elementor-element-4a78622 elementor-widget elementor-widget-text-editor\" data-id=\"4a78622\" data-element_type=\"widget\" data-e-type=\"widget\" data-widget_type=\"text-editor.default\">\n\t\t\t\t<div class=\"elementor-widget-container\">\n\t\t\t\t\t\t\t\t\t<ul><li><strong>NMR anal\u00fdza:<\/strong> Potvrzuje molekul\u00e1rn\u00ed strukturu a konzistenci.<\/li><li><strong>Hmotnostn\u00ed spektrometrie (MS):<\/strong> Ov\u011b\u0159uje molekulovou hmotnost 177,24 g\/mol.<\/li><li><strong>FTIR (Infra\u010derven\u00e1 spektroskopie s Fourierovou transformac\u00ed):<\/strong> Odpov\u00edd\u00e1 stanoven\u00fdm referen\u010dn\u00edm spektr\u016fm.<\/li><\/ul>\t\t\t\t\t\t\t\t<\/div>\n\t\t\t\t<\/div>\n\t\t\t\t\t<\/div>\n\t\t<\/div>\n\t\t\t\t\t<\/div>\n\t\t<\/section>\n\t\t\t\t<section class=\"elementor-section elementor-top-section elementor-element elementor-element-054bbb3 elementor-section-boxed elementor-section-height-default elementor-section-height-default\" data-id=\"054bbb3\" data-element_type=\"section\" data-e-type=\"section\">\n\t\t\t\t\t\t<div class=\"elementor-container elementor-column-gap-no\">\n\t\t\t\t\t<div class=\"elementor-column elementor-col-100 elementor-top-column elementor-element elementor-element-0a7459b\" data-id=\"0a7459b\" data-element_type=\"column\" data-e-type=\"column\">\n\t\t\t<div class=\"elementor-widget-wrap elementor-element-populated\">\n\t\t\t\t\t\t<div class=\"elementor-element elementor-element-aebc754 elementor-widget elementor-widget-heading\" data-id=\"aebc754\" data-element_type=\"widget\" data-e-type=\"widget\" data-widget_type=\"heading.default\">\n\t\t\t\t<div class=\"elementor-widget-container\">\n\t\t\t\t\t<h2 class=\"elementor-heading-title elementor-size-default\">Why Choose Chemagora for Your 3-MMC Powder?<\/h2>\t\t\t\t<\/div>\n\t\t\t\t<\/div>\n\t\t\t\t<div class=\"elementor-element elementor-element-ff3876b elementor-widget elementor-widget-text-editor\" data-id=\"ff3876b\" data-element_type=\"widget\" data-e-type=\"widget\" data-widget_type=\"text-editor.default\">\n\t\t\t\t<div class=\"elementor-widget-container\">\n\t\t\t\t\t\t\t\t\t<ul><li><p><strong>Unmatched Purity:<\/strong> Our 3-MMC Powder is lab-tested to ensure a purity level of <strong>\u226599%<\/strong>, providing you with a product free from contaminants.<\/p><\/li><li><p><strong>Fine Powder Form:<\/strong> The fine powder form of 3-MMC allows for precise measurement and application in various laboratory settings.<\/p><\/li><li><p><strong>Compliance You Can Trust:<\/strong> We strictly adhere to industry standards and regulations, ensuring our products meet the highest quality benchmarks.<\/p><\/li><li><p><strong>Fast and Discreet Shipping:<\/strong> We process all orders within 24 hours and offer discreet packaging to ensure your purchase arrives securely and on time.<\/p><\/li><li><p><strong>Dedicated Customer Support:<\/strong> Our knowledgeable support team is here to assist you with any questions, from product details to shipping inquiries.<\/p><\/li><\/ul>\t\t\t\t\t\t\t\t<\/div>\n\t\t\t\t<\/div>\n\t\t\t\t<div class=\"elementor-element elementor-element-b74abfc elementor-widget elementor-widget-heading\" data-id=\"b74abfc\" data-element_type=\"widget\" data-e-type=\"widget\" data-widget_type=\"heading.default\">\n\t\t\t\t<div class=\"elementor-widget-container\">\n\t\t\t\t\t<h2 class=\"elementor-heading-title elementor-size-default\">Soulad s pr\u00e1vn\u00edmi p\u0159edpisy<\/h2>\t\t\t\t<\/div>\n\t\t\t\t<\/div>\n\t\t\t\t<div class=\"elementor-element elementor-element-bb30fde elementor-widget elementor-widget-text-editor\" data-id=\"bb30fde\" data-element_type=\"widget\" data-e-type=\"widget\" data-widget_type=\"text-editor.default\">\n\t\t\t\t<div class=\"elementor-widget-container\">\n\t\t\t\t\t\t\t\t\t<p>Please be aware that the legal status of 3-MMC varies across different countries. It is the responsibility of the purchaser to ensure compliance with local regulations regarding the acquisition and use of this compound.<\/p>\t\t\t\t\t\t\t\t<\/div>\n\t\t\t\t<\/div>\n\t\t\t\t<div class=\"elementor-element elementor-element-f6f291f elementor-alert-info elementor-widget elementor-widget-alert\" data-id=\"f6f291f\" data-element_type=\"widget\" data-e-type=\"widget\" data-widget_type=\"alert.default\">\n\t\t\t\t<div class=\"elementor-widget-container\">\n\t\t\t\t\t\t\t<div class=\"elementor-alert\" role=\"alert\">\n\n\t\t\t\t\t\t<span class=\"elementor-alert-title\">Z\u0159eknut\u00ed se odpov\u011bdnosti<\/span>\n\t\t\t\n\t\t\t\t\t\t<span class=\"elementor-alert-description\">Tento produkt je v\u00fdhradn\u011b ur\u010den pouze pro v\u00fdzkumn\u00e9 a analytick\u00e9 \u00fa\u010dely. Za \u017e\u00e1dn\u00fdch okolnost\u00ed nen\u00ed ur\u010den ke konzumaci lidmi nebo zv\u00ed\u0159aty.<\/span>\n\t\t\t\n\t\t\t\t\t\t<button type=\"button\" class=\"elementor-alert-dismiss\" aria-label=\"Dismiss this alert.\">\n\t\t\t\t\t\t\t\t\t<span aria-hidden=\"true\">\u00d7<\/span>\n\t\t\t\t\t\t\t<\/button>\n\t\t\t\n\t\t<\/div>\n\t\t\t\t\t\t<\/div>\n\t\t\t\t<\/div>\n\t\t\t\t<div class=\"elementor-element elementor-element-7641ae7 elementor-widget elementor-widget-heading\" data-id=\"7641ae7\" data-element_type=\"widget\" data-e-type=\"widget\" data-widget_type=\"heading.default\">\n\t\t\t\t<div class=\"elementor-widget-container\">\n\t\t\t\t\t<h2 class=\"elementor-heading-title elementor-size-default\">Order Your 3-MMC Powder Today<\/h2>\t\t\t\t<\/div>\n\t\t\t\t<\/div>\n\t\t\t\t<div class=\"elementor-element elementor-element-f9140af elementor-widget elementor-widget-text-editor\" data-id=\"f9140af\" data-element_type=\"widget\" data-e-type=\"widget\" data-widget_type=\"text-editor.default\">\n\t\t\t\t<div class=\"elementor-widget-container\">\n\t\t\t\t\t\t\t\t\t<p>Elevate your research with Chemagora&#8217;s premium 3-MMC Powder. Experience unparalleled quality and service by placing your order now.<\/p><p><em>Note: Always handle research chemicals with care and adhere to appropriate safety protocols.<\/em><\/p>\t\t\t\t\t\t\t\t<\/div>\n\t\t\t\t<\/div>\n\t\t\t\t\t<\/div>\n\t\t<\/div>\n\t\t\t\t\t<\/div>\n\t\t<\/section>\n\t\t\t\t<\/div>","protected":false},"excerpt":{"rendered":"<p>P\u0159esn\u011b testovan\u00e1 v\u00fdzkumn\u00e1 chemik\u00e1lie, vyhovuj\u00edc\u00ed, d\u016fv\u011bryhodn\u00e1 a dod\u00e1van\u00e1 s p\u0159esnost\u00ed a p\u00e9\u010d\u00ed.<\/p>","protected":false},"featured_media":1641,"comment_status":"open","ping_status":"closed","template":"","meta":{"inline_featured_image":false},"etheme_brands":[],"product_brand":[],"product_cat":[38],"product_tag":[47,45,46,48],"class_list":{"0":"post-618","1":"product","2":"type-product","3":"status-publish","4":"has-post-thumbnail","6":"product_cat-3-mmc","7":"product_tag-3-mmc-powder","8":"product_tag-buy-3-mmc","9":"product_tag-buy-3-mmc-online","10":"product_tag-research-chemicals","12":"first","13":"instock","14":"shipping-taxable","15":"purchasable","16":"product-type-variable"},"_links":{"self":[{"href":"https:\/\/chemagora.eu\/cs\/wp-json\/wp\/v2\/product\/618","targetHints":{"allow":["GET"]}}],"collection":[{"href":"https:\/\/chemagora.eu\/cs\/wp-json\/wp\/v2\/product"}],"about":[{"href":"https:\/\/chemagora.eu\/cs\/wp-json\/wp\/v2\/types\/product"}],"replies":[{"embeddable":true,"href":"https:\/\/chemagora.eu\/cs\/wp-json\/wp\/v2\/comments?post=618"}],"version-history":[{"count":1,"href":"https:\/\/chemagora.eu\/cs\/wp-json\/wp\/v2\/product\/618\/revisions"}],"predecessor-version":[{"id":2396,"href":"https:\/\/chemagora.eu\/cs\/wp-json\/wp\/v2\/product\/618\/revisions\/2396"}],"wp:featuredmedia":[{"embeddable":true,"href":"https:\/\/chemagora.eu\/cs\/wp-json\/wp\/v2\/media\/1641"}],"wp:attachment":[{"href":"https:\/\/chemagora.eu\/cs\/wp-json\/wp\/v2\/media?parent=618"}],"wp:term":[{"taxonomy":"brand","embeddable":true,"href":"https:\/\/chemagora.eu\/cs\/wp-json\/wp\/v2\/etheme_brands?post=618"},{"taxonomy":"product_brand","embeddable":true,"href":"https:\/\/chemagora.eu\/cs\/wp-json\/wp\/v2\/product_brand?post=618"},{"taxonomy":"product_cat","embeddable":true,"href":"https:\/\/chemagora.eu\/cs\/wp-json\/wp\/v2\/product_cat?post=618"},{"taxonomy":"product_tag","embeddable":true,"href":"https:\/\/chemagora.eu\/cs\/wp-json\/wp\/v2\/product_tag?post=618"}],"curies":[{"name":"wp","href":"https:\/\/api.w.org\/{rel}","templated":true}]}}