{"id":622,"date":"2022-10-06T12:32:52","date_gmt":"2022-10-06T12:32:52","guid":{"rendered":"https:\/\/xstore.8theme.com\/elementor\/demos\/hemp-and-cbd\/?post_type=product&#038;p=622"},"modified":"2026-02-15T03:33:29","modified_gmt":"2026-02-15T03:33:29","slug":"3-mmc-krystal","status":"publish","type":"product","link":"https:\/\/chemagora.eu\/cs\/product\/3-mmc-krystal\/","title":{"rendered":"3-MMC krystal"},"content":{"rendered":"<div data-elementor-type=\"wp-post\" data-elementor-id=\"622\" class=\"elementor elementor-622\" data-elementor-post-type=\"product\">\n\t\t\t\t\t\t<section class=\"elementor-section elementor-top-section elementor-element elementor-element-6e1631b elementor-section-boxed elementor-section-height-default elementor-section-height-default\" data-id=\"6e1631b\" data-element_type=\"section\" data-e-type=\"section\">\n\t\t\t\t\t\t<div class=\"elementor-container elementor-column-gap-no\">\n\t\t\t\t\t<div class=\"elementor-column elementor-col-100 elementor-top-column elementor-element elementor-element-70031b0\" data-id=\"70031b0\" data-element_type=\"column\" data-e-type=\"column\">\n\t\t\t<div class=\"elementor-widget-wrap elementor-element-populated\">\n\t\t\t\t\t\t<div class=\"elementor-element elementor-element-213237b elementor-widget elementor-widget-heading\" data-id=\"213237b\" data-element_type=\"widget\" data-e-type=\"widget\" data-widget_type=\"heading.default\">\n\t\t\t\t<div class=\"elementor-widget-container\">\n\t\t\t\t\t<h2 class=\"elementor-heading-title elementor-size-default\">Koupit vysoce kvalitn\u00ed krystaly 3-MMC online | Chemagora \u2013 V\u00e1\u0161 d\u016fv\u011bryhodn\u00fd partner ve v\u00fdzkumu<\/h2>\t\t\t\t<\/div>\n\t\t\t\t<\/div>\n\t\t\t\t<div class=\"elementor-element elementor-element-0657ec8 elementor-widget elementor-widget-text-editor\" data-id=\"0657ec8\" data-element_type=\"widget\" data-e-type=\"widget\" data-widget_type=\"text-editor.default\">\n\t\t\t\t<div class=\"elementor-widget-container\">\n\t\t\t\t\t\t\t\t\t<p>Hled\u00e1te pr\u00e9miovou kvalitu? <strong>3-MMC pr\u00e1\u0161ek<\/strong> pro va\u0161e v\u011bdeck\u00e9 studium? Na <a href=\"https:\/\/chemagora.eu\/cs\/nakupovat\/\">Chemagora<\/a>, specializujeme se na poskytov\u00e1n\u00ed <a href=\"http:\/\/reine-chemikalien.com\" target=\"_blank\" rel=\"noopener\">v\u00fdzkumn\u00edci<\/a> s vysoce \u010dist\u00fdmi slou\u010deninami na podporu inovativn\u00edho v\u00fdzkumu v r\u016fzn\u00fdch oblastech.<\/p>\t\t\t\t\t\t\t\t<\/div>\n\t\t\t\t<\/div>\n\t\t\t\t<div class=\"elementor-element elementor-element-35d4250 elementor-widget elementor-widget-heading\" data-id=\"35d4250\" data-element_type=\"widget\" data-e-type=\"widget\" data-widget_type=\"heading.default\">\n\t\t\t\t<div class=\"elementor-widget-container\">\n\t\t\t\t\t<h2 class=\"elementor-heading-title elementor-size-default\">Co je 3-MMC?<\/h2>\t\t\t\t<\/div>\n\t\t\t\t<\/div>\n\t\t\t\t<div class=\"elementor-element elementor-element-df6a2c1 elementor-widget elementor-widget-text-editor\" data-id=\"df6a2c1\" data-element_type=\"widget\" data-e-type=\"widget\" data-widget_type=\"text-editor.default\">\n\t\t\t\t<div class=\"elementor-widget-container\">\n\t\t\t\t\t\t\t\t\t<p><strong>3-MMC (3-methylmethcathinone)<\/strong> je syntetick\u00e1 katinonov\u00e1 slou\u010denina b\u011b\u017en\u011b pou\u017e\u00edvan\u00e1 v laboratorn\u00edm v\u00fdzkumu pro sv\u00e9 dob\u0159e definovan\u00e9 vlastnosti. M\u00e1 molekul\u00e1rn\u00ed strukturu, kter\u00e1 se podob\u00e1 mefedronu, a proto je p\u0159edm\u011btem z\u00e1jmu farmakologick\u00fdch a chemick\u00fdch studi\u00ed. V Chemagora nab\u00edz\u00edme <strong>3-MMC krystaly<\/strong> s bezkonkuren\u010dn\u00ed \u010distotou na podporu konzistentn\u00edch a spolehliv\u00fdch v\u00fdsledk\u016f v\u00fdzkumu.<\/p>\t\t\t\t\t\t\t\t<\/div>\n\t\t\t\t<\/div>\n\t\t\t\t\t<\/div>\n\t\t<\/div>\n\t\t\t\t\t<\/div>\n\t\t<\/section>\n\t\t\t\t<section class=\"elementor-section elementor-top-section elementor-element elementor-element-288b1b8 elementor-section-boxed elementor-section-height-default elementor-section-height-default\" data-id=\"288b1b8\" data-element_type=\"section\" data-e-type=\"section\" data-settings=\"{&quot;background_background&quot;:&quot;classic&quot;}\">\n\t\t\t\t\t\t<div class=\"elementor-container elementor-column-gap-no\">\n\t\t\t\t\t<div class=\"elementor-column elementor-col-33 elementor-top-column elementor-element elementor-element-d437bc0\" data-id=\"d437bc0\" data-element_type=\"column\" data-e-type=\"column\">\n\t\t\t<div class=\"elementor-widget-wrap elementor-element-populated\">\n\t\t\t\t\t\t<div class=\"elementor-element elementor-element-819b273 elementor-widget elementor-widget-heading\" data-id=\"819b273\" data-element_type=\"widget\" data-e-type=\"widget\" data-widget_type=\"heading.default\">\n\t\t\t\t<div class=\"elementor-widget-container\">\n\t\t\t\t\t<h2 class=\"elementor-heading-title elementor-size-default\">Chemick\u00e9 informace<\/h2>\t\t\t\t<\/div>\n\t\t\t\t<\/div>\n\t\t\t\t<div class=\"elementor-element elementor-element-476a104 elementor-widget elementor-widget-text-editor\" data-id=\"476a104\" data-element_type=\"widget\" data-e-type=\"widget\" data-widget_type=\"text-editor.default\">\n\t\t\t\t<div class=\"elementor-widget-container\">\n\t\t\t\t\t\t\t\t\t<ul><li><strong>Chemick\u00fd n\u00e1zev:<\/strong> 3-methylmethcathinone<\/li><li><strong>Molekul\u00e1rn\u00ed vzorec:<\/strong> C11H15NO<\/li><li><strong>Mol\u00e1rn\u00ed hmotnost:<\/strong> 177,24 g\/mol<\/li><li><strong>N\u00e1zev IUPAC:<\/strong> 2-(methylamino)-1-(3-methylfenyl)propan-1-on<\/li><\/ul>\t\t\t\t\t\t\t\t<\/div>\n\t\t\t\t<\/div>\n\t\t\t\t\t<\/div>\n\t\t<\/div>\n\t\t\t\t<div class=\"elementor-column elementor-col-33 elementor-top-column elementor-element elementor-element-39fcad3\" data-id=\"39fcad3\" data-element_type=\"column\" data-e-type=\"column\">\n\t\t\t<div class=\"elementor-widget-wrap elementor-element-populated\">\n\t\t\t\t\t\t<div class=\"elementor-element elementor-element-61cf8f7 elementor-widget elementor-widget-heading\" data-id=\"61cf8f7\" data-element_type=\"widget\" data-e-type=\"widget\" data-widget_type=\"heading.default\">\n\t\t\t\t<div class=\"elementor-widget-container\">\n\t\t\t\t\t<h2 class=\"elementor-heading-title elementor-size-default\">Fyzik\u00e1ln\u00ed a chemick\u00e9 vlastnosti<\/h2>\t\t\t\t<\/div>\n\t\t\t\t<\/div>\n\t\t\t\t<div class=\"elementor-element elementor-element-31e542d elementor-widget elementor-widget-text-editor\" data-id=\"31e542d\" data-element_type=\"widget\" data-e-type=\"widget\" data-widget_type=\"text-editor.default\">\n\t\t\t\t<div class=\"elementor-widget-container\">\n\t\t\t\t\t\t\t\t\t<ul><li><strong>Formul\u00e1\u0159:<\/strong> B\u00edl\u00fd krystalick\u00fd pr\u00e1\u0161ek<\/li><li><strong>\u010cistota:<\/strong> \u226599%<\/li><li><strong>Bod t\u00e1n\u00ed:<\/strong> ~180-185 \u00b0C<\/li><li><strong>Rozpustnost:<\/strong> Rozpustn\u00fd ve vod\u011b a organick\u00fdch rozpou\u0161t\u011bdlech, jako je ethanol a methanol<\/li><\/ul>\t\t\t\t\t\t\t\t<\/div>\n\t\t\t\t<\/div>\n\t\t\t\t\t<\/div>\n\t\t<\/div>\n\t\t\t\t<div class=\"elementor-column elementor-col-33 elementor-top-column elementor-element elementor-element-518a13f\" data-id=\"518a13f\" data-element_type=\"column\" data-e-type=\"column\">\n\t\t\t<div class=\"elementor-widget-wrap elementor-element-populated\">\n\t\t\t\t\t\t<div class=\"elementor-element elementor-element-42f3cf1 elementor-widget elementor-widget-heading\" data-id=\"42f3cf1\" data-element_type=\"widget\" data-e-type=\"widget\" data-widget_type=\"heading.default\">\n\t\t\t\t<div class=\"elementor-widget-container\">\n\t\t\t\t\t<h2 class=\"elementor-heading-title elementor-size-default\">Analytick\u00e1 data<\/h2>\t\t\t\t<\/div>\n\t\t\t\t<\/div>\n\t\t\t\t<div class=\"elementor-element elementor-element-4ed1a2f elementor-widget elementor-widget-text-editor\" data-id=\"4ed1a2f\" data-element_type=\"widget\" data-e-type=\"widget\" data-widget_type=\"text-editor.default\">\n\t\t\t\t<div class=\"elementor-widget-container\">\n\t\t\t\t\t\t\t\t\t<ul><li><strong>NMR anal\u00fdza:<\/strong> Potvrzuje molekul\u00e1rn\u00ed strukturu a konzistenci.<\/li><li><strong>Hmotnostn\u00ed spektrometrie (MS):<\/strong> Ov\u011b\u0159uje molekulovou hmotnost 177,24 g\/mol.<\/li><li><strong>FTIR (Infra\u010derven\u00e1 spektroskopie s Fourierovou transformac\u00ed):<\/strong> Odpov\u00edd\u00e1 stanoven\u00fdm referen\u010dn\u00edm spektr\u016fm.<\/li><\/ul>\t\t\t\t\t\t\t\t<\/div>\n\t\t\t\t<\/div>\n\t\t\t\t\t<\/div>\n\t\t<\/div>\n\t\t\t\t\t<\/div>\n\t\t<\/section>\n\t\t\t\t<section class=\"elementor-section elementor-top-section elementor-element elementor-element-37e8c36 elementor-section-boxed elementor-section-height-default elementor-section-height-default\" data-id=\"37e8c36\" data-element_type=\"section\" data-e-type=\"section\">\n\t\t\t\t\t\t<div class=\"elementor-container elementor-column-gap-no\">\n\t\t\t\t\t<div class=\"elementor-column elementor-col-100 elementor-top-column elementor-element elementor-element-58c92ed\" data-id=\"58c92ed\" data-element_type=\"column\" data-e-type=\"column\">\n\t\t\t<div class=\"elementor-widget-wrap elementor-element-populated\">\n\t\t\t\t\t\t<div class=\"elementor-element elementor-element-41ac3c5 elementor-widget elementor-widget-heading\" data-id=\"41ac3c5\" data-element_type=\"widget\" data-e-type=\"widget\" data-widget_type=\"heading.default\">\n\t\t\t\t<div class=\"elementor-widget-container\">\n\t\t\t\t\t<h2 class=\"elementor-heading-title elementor-size-default\">Pro\u010d zvolit Chemagoru pro 3-MMC krystaly?<\/h2>\t\t\t\t<\/div>\n\t\t\t\t<\/div>\n\t\t\t\t<div class=\"elementor-element elementor-element-e54cbff elementor-widget elementor-widget-text-editor\" data-id=\"e54cbff\" data-element_type=\"widget\" data-e-type=\"widget\" data-widget_type=\"text-editor.default\">\n\t\t\t\t<div class=\"elementor-widget-container\">\n\t\t\t\t\t\t\t\t\t<h4><strong>1. Bezkonkuren\u010dn\u00ed \u010distota<\/strong><\/h4><p>N\u00e1\u0161 <strong>3-MMC krystaly<\/strong> jsou laboratorn\u011b testov\u00e1ny s ov\u011b\u0159enou \u00farovn\u00ed \u010distoty <strong>\u226599%<\/strong>, zaji\u0161\u0165uj\u00edc\u00ed, \u017ee spl\u0148uj\u00ed nejp\u0159\u00edsn\u011bj\u0161\u00ed standardy pro profesion\u00e1ln\u00ed v\u00fdzkum.<\/p><h4><strong>2. Vynikaj\u00edc\u00ed krystalick\u00e1 forma<\/strong><\/h4><p>Produkt je dod\u00e1v\u00e1n v a <strong>b\u00edl\u00e1 krystalick\u00e1 struktura<\/strong>, co\u017e usnad\u0148uje manipulaci, m\u011b\u0159en\u00ed a p\u0159esn\u00e9 pou\u017eit\u00ed v laboratorn\u00edch podm\u00ednk\u00e1ch.<\/p><h4><strong>3. D\u016fv\u011bryhodn\u00fd <a href=\"http:\/\/pure-3mmc.com\" target=\"_blank\" rel=\"noopener\">V\u00fdzkumn\u00edci<\/a> Po cel\u00e9 Evrop\u011b<\/strong><\/h4><p>Od Amsterdamu po Berl\u00edn, Madrid po Pa\u0159\u00ed\u017e, Chemagora je d\u016fv\u011bryhodnou volbou <a href=\"https:\/\/chemagora.eu\/cs\/product\/nep-prasek\/\" data-wpil-monitor-id=\"55\">v\u00fdzkumn\u00e9 instituce a odborn\u00edci hledaj\u00edc\u00ed spolehliv\u00e9 chemik\u00e1lie<\/a> z\u00e1soby.<\/p><h4><strong>4. Rychl\u00e1, bezpe\u010dn\u00e1 a diskr\u00e9tn\u00ed doprava<\/strong><\/h4><p>V\u0161echny objedn\u00e1vky jsou zpracov\u00e1ny rychle a doru\u010deny diskr\u00e9tn\u011b, aby bylo zaji\u0161t\u011bno va\u0161e soukrom\u00ed a pohodl\u00ed. A\u0165 u\u017e objedn\u00e1v\u00e1te z <strong>\u0158\u00edm<\/strong>, <strong>Barcelona<\/strong>nebo <strong>Rotterdam<\/strong>, vy\u0159e\u0161ili jsme v\u00e1s.<\/p><h4><strong>5. Vyhrazen\u00fd t\u00fdm podpory<\/strong><\/h4><p>N\u00e1\u0161 zku\u0161en\u00fd t\u00fdm z\u00e1kaznick\u00e9 podpory je zde, aby v\u00e1s provedl procesem n\u00e1kupu a odpov\u011bd\u011bl na jak\u00e9koli dotazy t\u00fdkaj\u00edc\u00ed se produktu. S Chemagorou nikdy nejste sami.<\/p>\t\t\t\t\t\t\t\t<\/div>\n\t\t\t\t<\/div>\n\t\t\t\t<div class=\"elementor-element elementor-element-fd9dbab elementor-widget elementor-widget-heading\" data-id=\"fd9dbab\" data-element_type=\"widget\" data-e-type=\"widget\" data-widget_type=\"heading.default\">\n\t\t\t\t<div class=\"elementor-widget-container\">\n\t\t\t\t\t<h2 class=\"elementor-heading-title elementor-size-default\">Soulad s pr\u00e1vn\u00edmi p\u0159edpisy<\/h2>\t\t\t\t<\/div>\n\t\t\t\t<\/div>\n\t\t\t\t<div class=\"elementor-element elementor-element-d5d0739 elementor-widget elementor-widget-text-editor\" data-id=\"d5d0739\" data-element_type=\"widget\" data-e-type=\"widget\" data-widget_type=\"text-editor.default\">\n\t\t\t\t<div class=\"elementor-widget-container\">\n\t\t\t\t\t\t\t\t\t<p>Pr\u00e1vn\u00ed postaven\u00ed <strong>3-MMC<\/strong> se v jednotliv\u00fdch zem\u00edch li\u0161\u00ed. Je v\u00fdhradn\u00ed odpov\u011bdnost\u00ed kupuj\u00edc\u00edho zajistit soulad s m\u00edstn\u00edmi p\u0159edpisy p\u0159ed zakoupen\u00edm nebo pou\u017eit\u00edm tohoto produktu.<\/p>\t\t\t\t\t\t\t\t<\/div>\n\t\t\t\t<\/div>\n\t\t\t\t<div class=\"elementor-element elementor-element-b3d4a4f elementor-alert-info elementor-widget elementor-widget-alert\" data-id=\"b3d4a4f\" data-element_type=\"widget\" data-e-type=\"widget\" data-widget_type=\"alert.default\">\n\t\t\t\t<div class=\"elementor-widget-container\">\n\t\t\t\t\t\t\t<div class=\"elementor-alert\" role=\"alert\">\n\n\t\t\t\t\t\t<span class=\"elementor-alert-title\">Z\u0159eknut\u00ed se odpov\u011bdnosti<\/span>\n\t\t\t\n\t\t\t\t\t\t<span class=\"elementor-alert-description\">Tento produkt je v\u00fdhradn\u011b ur\u010den pouze pro v\u00fdzkumn\u00e9 a analytick\u00e9 \u00fa\u010dely. Za \u017e\u00e1dn\u00fdch okolnost\u00ed nen\u00ed ur\u010den ke konzumaci lidmi nebo zv\u00ed\u0159aty.<\/span>\n\t\t\t\n\t\t\t\t\t\t<button type=\"button\" class=\"elementor-alert-dismiss\" aria-label=\"Dismiss this alert.\">\n\t\t\t\t\t\t\t\t\t<span aria-hidden=\"true\">\u00d7<\/span>\n\t\t\t\t\t\t\t<\/button>\n\t\t\t\n\t\t<\/div>\n\t\t\t\t\t\t<\/div>\n\t\t\t\t<\/div>\n\t\t\t\t<div class=\"elementor-element elementor-element-71d4434 elementor-widget elementor-widget-heading\" data-id=\"71d4434\" data-element_type=\"widget\" data-e-type=\"widget\" data-widget_type=\"heading.default\">\n\t\t\t\t<div class=\"elementor-widget-container\">\n\t\t\t\t\t<h2 class=\"elementor-heading-title elementor-size-default\">Objednejte si krystaly 3-MMC je\u0161t\u011b dnes<\/h2>\t\t\t\t<\/div>\n\t\t\t\t<\/div>\n\t\t\t\t<div class=\"elementor-element elementor-element-04e2e05 elementor-widget elementor-widget-text-editor\" data-id=\"04e2e05\" data-element_type=\"widget\" data-e-type=\"widget\" data-widget_type=\"text-editor.default\">\n\t\t\t\t<div class=\"elementor-widget-container\">\n\t\t\t\t\t\t\t\t\t<p>Posu\u0148te sv\u016fj v\u00fdzkum na dal\u0161\u00ed \u00farove\u0148 s Chemagora&#039;s <strong>vysoce kvalitn\u00ed 3-MMC krystaly<\/strong>. P\u0159idejte se k tis\u00edc\u016fm spokojen\u00fdch <a href=\"https:\/\/chemagora.eu\/cs\/product\/krystal-mdpihp\/\" data-wpil-monitor-id=\"56\">v\u00fdzkumn\u00edci v Evrop\u011b, kte\u0159\u00ed se na n\u00e1s spol\u00e9haj\u00ed ve sv\u00e9 chemick\u00e9 l\u00e1tce<\/a> z\u00e1soby. <strong>Objednejte je\u0161t\u011b dnes<\/strong> a u\u017eijte si:<\/p><ul><li>\u0160pi\u010dkov\u00e1 kvalita produktu<\/li><li>Bezpe\u010dn\u00e9 a diskr\u00e9tn\u00ed doru\u010den\u00ed<\/li><li>Odborn\u00e1 podpora pro v\u0161echny va\u0161e v\u00fdzkumn\u00e9 pot\u0159eby<\/li><\/ul>\t\t\t\t\t\t\t\t<\/div>\n\t\t\t\t<\/div>\n\t\t\t\t\t<\/div>\n\t\t<\/div>\n\t\t\t\t\t<\/div>\n\t\t<\/section>\n\t\t\t\t<\/div>","protected":false},"excerpt":{"rendered":"<p>P\u0159esn\u011b testovan\u00e1 v\u00fdzkumn\u00e1 chemik\u00e1lie, vyhovuj\u00edc\u00ed, d\u016fv\u011bryhodn\u00e1 a dod\u00e1van\u00e1 s p\u0159esnost\u00ed a p\u00e9\u010d\u00ed.<\/p>","protected":false},"featured_media":1577,"comment_status":"open","ping_status":"closed","template":"","meta":{"inline_featured_image":false},"etheme_brands":[],"product_brand":[],"product_cat":[38],"product_tag":[],"class_list":{"0":"post-622","1":"product","2":"type-product","3":"status-publish","4":"has-post-thumbnail","6":"product_cat-3-mmc","8":"first","9":"instock","10":"shipping-taxable","11":"purchasable","12":"product-type-variable"},"_links":{"self":[{"href":"https:\/\/chemagora.eu\/cs\/wp-json\/wp\/v2\/product\/622","targetHints":{"allow":["GET"]}}],"collection":[{"href":"https:\/\/chemagora.eu\/cs\/wp-json\/wp\/v2\/product"}],"about":[{"href":"https:\/\/chemagora.eu\/cs\/wp-json\/wp\/v2\/types\/product"}],"replies":[{"embeddable":true,"href":"https:\/\/chemagora.eu\/cs\/wp-json\/wp\/v2\/comments?post=622"}],"version-history":[{"count":1,"href":"https:\/\/chemagora.eu\/cs\/wp-json\/wp\/v2\/product\/622\/revisions"}],"predecessor-version":[{"id":2382,"href":"https:\/\/chemagora.eu\/cs\/wp-json\/wp\/v2\/product\/622\/revisions\/2382"}],"wp:featuredmedia":[{"embeddable":true,"href":"https:\/\/chemagora.eu\/cs\/wp-json\/wp\/v2\/media\/1577"}],"wp:attachment":[{"href":"https:\/\/chemagora.eu\/cs\/wp-json\/wp\/v2\/media?parent=622"}],"wp:term":[{"taxonomy":"brand","embeddable":true,"href":"https:\/\/chemagora.eu\/cs\/wp-json\/wp\/v2\/etheme_brands?post=622"},{"taxonomy":"product_brand","embeddable":true,"href":"https:\/\/chemagora.eu\/cs\/wp-json\/wp\/v2\/product_brand?post=622"},{"taxonomy":"product_cat","embeddable":true,"href":"https:\/\/chemagora.eu\/cs\/wp-json\/wp\/v2\/product_cat?post=622"},{"taxonomy":"product_tag","embeddable":true,"href":"https:\/\/chemagora.eu\/cs\/wp-json\/wp\/v2\/product_tag?post=622"}],"curies":[{"name":"wp","href":"https:\/\/api.w.org\/{rel}","templated":true}]}}