{"id":2037,"date":"2025-01-25T02:50:26","date_gmt":"2025-01-25T02:50:26","guid":{"rendered":"https:\/\/chemagora.eu\/?page_id=2037"},"modified":"2025-01-25T09:05:23","modified_gmt":"2025-01-25T09:05:23","slug":"versand-lieferung","status":"publish","type":"page","link":"https:\/\/chemagora.eu\/de\/versand-lieferung\/","title":{"rendered":"Versand &amp; Lieferung"},"content":{"rendered":"<div data-elementor-type=\"wp-page\" data-elementor-id=\"2037\" class=\"elementor elementor-2037\" data-elementor-post-type=\"page\">\n\t\t\t\t<div class=\"elementor-element elementor-element-b2f37e0 e-flex e-con-boxed e-con e-parent\" data-id=\"b2f37e0\" data-element_type=\"container\" data-e-type=\"container\">\n\t\t\t\t\t<div class=\"e-con-inner\">\n\t\t\t\t<div class=\"elementor-element elementor-element-1460b75 elementor-widget elementor-widget-text-editor\" data-id=\"1460b75\" data-element_type=\"widget\" data-e-type=\"widget\" data-widget_type=\"text-editor.default\">\n\t\t\t\t<div class=\"elementor-widget-container\">\n\t\t\t\t\t\t\t\t\t<p data-pm-slice=\"1 3 []\"><strong>Bei Chemagora legen wir Wert auf eine schnelle, sichere und zuverl\u00e4ssige Lieferung Ihrer Bestellungen. Nachfolgend finden Sie einen ausf\u00fchrlichen Leitfaden zu unseren Versandoptionen, -kosten und -prozessen, um Transparenz und Komfort f\u00fcr unsere Kunden weltweit zu gew\u00e4hrleisten.<\/strong><\/p><div><hr \/><\/div><h3>\u00a0<\/h3><h3><strong>Lieferzeiten<\/strong><\/h3><ul data-spread=\"false\"><li><p><strong>Europa:<\/strong> Bestellungen werden geliefert innerhalb <strong>3-4 Werktage<\/strong>.<\/p><\/li><li><p><strong>Weltweit:<\/strong> Bestellungen werden geliefert innerhalb <strong>5-7 Werktage<\/strong>.<\/p><\/li><\/ul><p>Bestellungen, die vor <strong>12:00 Uhr (MEZ)<\/strong> werden noch am selben Tag versendet. Zahlungen mit Kryptow\u00e4hrung werden f\u00fcr eine schnellere Bearbeitung priorisiert und beinhalten automatisch eine Versicherung.<\/p><div><hr \/><\/div><h3>\u00a0<\/h3><h3><strong>Versandoptionen<\/strong><\/h3><p>Um Ihren Anforderungen gerecht zu werden, bieten wir drei verschiedene Versandarten an:<\/p><h4><strong>1. Kostenloser Versand<\/strong><\/h4><ul data-spread=\"false\"><li><p><strong>Teilnahmeberechtigung:<\/strong> Verf\u00fcgbar f\u00fcr Bestellungen \u00fcber <strong>\u20ac200<\/strong>.<\/p><\/li><li><p><strong>Lieferzeiten:<\/strong><\/p><ul data-spread=\"false\"><li><p>Europa: 3-4 Werktage.<\/p><\/li><li><p>Weltweit: 5-7 Werktage.<\/p><\/li><\/ul><\/li><li><p><strong>Verfolgung:<\/strong> Nicht im Lieferumfang enthalten.<\/p><\/li><\/ul><h4><strong>2. Briefversand<\/strong><\/h4><ul data-spread=\"false\"><li><p><strong>Verpackung:<\/strong> Aus Diskretion wird die Lieferung in einem schlichten wei\u00dfen Umschlag erfolgen.<\/p><\/li><li><p><strong>Lieferzeiten:<\/strong><\/p><ul data-spread=\"false\"><li><p>Europa: 3-4 Werktage.<\/p><\/li><li><p>Weltweit: 5-7 Werktage.<\/p><\/li><\/ul><\/li><li><p><strong>Kosten:<\/strong><\/p><ul data-spread=\"false\"><li><p>Europa: <strong>\u20ac10<\/strong>.<\/p><\/li><li><p>Weltweit: <strong>\u20ac30<\/strong>.<\/p><\/li><\/ul><\/li><li><p><strong>Verfolgung:<\/strong> Nicht im Lieferumfang enthalten.<\/p><\/li><\/ul><h4><strong>3. Expressversand<\/strong><\/h4><ul data-spread=\"false\"><li><p><strong>Merkmale:<\/strong> Sendungsverfolgung f\u00fcr Echtzeit-Updates zu Ihrer Sendung.<\/p><\/li><li><p><strong>Lieferzeiten:<\/strong><\/p><ul data-spread=\"false\"><li><p>Europa: 3-4 Werktage.<\/p><\/li><li><p>Weltweit: 5-7 Werktage.<\/p><\/li><\/ul><\/li><li><p><strong>Kosten:<\/strong><\/p><ul data-spread=\"false\"><li><p>Europa: <strong>\u20ac15<\/strong>.<\/p><\/li><li><p>Weltweit: <strong>\u20ac45<\/strong>.<\/p><\/li><\/ul><\/li><li><p><strong>Verfolgung:<\/strong> Wird bei Versand bereitgestellt.<\/p><\/li><\/ul><h4><strong>4. Express- und versicherter Versand<\/strong><\/h4><ul data-spread=\"false\"><li><p><strong>Merkmale:<\/strong> Inklusive Sendungsverfolgung und vollem Versicherungsschutz f\u00fcr zus\u00e4tzliche Sicherheit.<\/p><\/li><li><p><strong>Lieferzeiten:<\/strong><\/p><ul data-spread=\"false\"><li><p>Europa: 3-4 Werktage.<\/p><\/li><li><p>Weltweit: 5-7 Werktage.<\/p><\/li><\/ul><\/li><li><p><strong>Kosten:<\/strong><\/p><ul data-spread=\"false\"><li><p>Europa: <strong>\u20ac45<\/strong>.<\/p><\/li><li><p>Weltweit: <strong>\u20ac75<\/strong>.<\/p><\/li><\/ul><\/li><li><p><strong>Verfolgung:<\/strong> Wird bei Versand bereitgestellt.<\/p><\/li><li><p><strong>Versicherung:<\/strong> Deckt den vollen Wert Ihrer Bestellung ab.<\/p><\/li><\/ul><div><hr \/><\/div><h3>\u00a0<\/h3><h3><strong>Versand am selben Tag<\/strong><\/h3><ul data-spread=\"false\"><li><p>Bestellungen erhalten und vollst\u00e4ndig bezahlt vor <strong>12:00 Uhr (MEZ)<\/strong> werden am gleichen Werktag versendet.<\/p><\/li><li><p>Zahlungen mit Kryptow\u00e4hrung werden vorrangig bearbeitet und beinhalten automatisch eine Versicherung.<\/p><\/li><\/ul><div><hr \/><\/div><h3>\u00a0<\/h3><h3><strong>Verpackung<\/strong><\/h3><p>Wir stellen sicher, dass alle Sendungen sicher und diskret verpackt werden, um Ihre Privatsph\u00e4re zu sch\u00fctzen:<\/p><ul data-spread=\"false\"><li><p>Bestellungen werden in neutraler Verpackung ohne Markenzeichen versandt.<\/p><\/li><li><p>Empfindliche Materialien werden zus\u00e4tzlich gesch\u00fctzt, um Transportsch\u00e4den zu vermeiden.<\/p><\/li><\/ul><div><hr \/><\/div><h3>\u00a0<\/h3><h3><strong>Z\u00f6lle und Abgaben<\/strong><\/h3><p>Bitte beachten Sie bei internationalen Bestellungen:<\/p><ul data-spread=\"false\"><li><p><strong>Zollabfertigung:<\/strong> Ihre Bestellung unterliegt m\u00f6glicherweise der Zollabfertigung, was zu einer Lieferverz\u00f6gerung f\u00fchren kann.<\/p><\/li><li><p><strong>Steuern und Abgaben:<\/strong> Alle anfallenden Z\u00f6lle, Steuern oder Geb\u00fchren gehen zu Lasten des Kunden.<\/p><\/li><li><p>Stellen Sie vor der Bestellung sicher, dass die Vorschriften Ihres Landes eingehalten werden.<\/p><\/li><\/ul><div><hr \/><\/div><h3>\u00a0<\/h3><h3><strong>Tracking-Informationen<\/strong><\/h3><ul data-spread=\"false\"><li><p>F\u00fcr die Optionen \u201eExpressversand\u201c und \u201eExpress- und versicherter Versand\u201c werden Trackingdetails bereitgestellt.<\/p><\/li><li><p>Sobald die Bestellung versandt wurde, werden Ihnen Sendungsverfolgungsnummern an Ihre registrierte E-Mail-Adresse gesendet.<\/p><\/li><li><p>Bei Fragen zur Sendungsverfolgung oder zum Lieferstatus wenden Sie sich bitte an unser Support-Team.<\/p><\/li><\/ul><div><hr \/><\/div><h3>\u00a0<\/h3><h3><strong>Verlorene oder besch\u00e4digte Sendungen<\/strong><\/h3><ul data-spread=\"false\"><li><p>Wenn Ihre Bestellung verloren geht oder besch\u00e4digt ankommt, kontaktieren Sie unseren Kundendienst innerhalb <strong>48 Stunden<\/strong> der Lieferung.<\/p><\/li><li><p>Bei versichertem Versand erfolgt eine volle Entsch\u00e4digung bzw. Ersatzlieferung.<\/p><\/li><\/ul><div><hr \/><\/div><h3>\u00a0<\/h3><h3><strong>Versandkosten\u00fcbersicht<\/strong><\/h3><table><tbody><tr><th>Versandart<\/th><th>Europa (\u20ac)<\/th><th>Weltweit (\u20ac)<\/th><th>Sendungsverfolgung<\/th><th>Versicherung<\/th><\/tr><tr><td>Kostenloser Versand<\/td><td>0<\/td><td>0<\/td><td>NEIN<\/td><td>NEIN<\/td><\/tr><tr><td>Briefpostversand<\/td><td>10<\/td><td>30<\/td><td>NEIN<\/td><td>NEIN<\/td><\/tr><tr><td>Dringender Versand<\/td><td>15<\/td><td>45<\/td><td>Ja<\/td><td>NEIN<\/td><\/tr><tr><td>Express- und versicherter Versand<\/td><td>45<\/td><td>75<\/td><td>Ja<\/td><td>Ja<\/td><\/tr><\/tbody><\/table><div><hr \/><\/div><h3>\u00a0<\/h3><p>\u00a0<\/p>\t\t\t\t\t\t\t\t<\/div>\n\t\t\t\t<\/div>\n\t\t\t\t\t<\/div>\n\t\t\t\t<\/div>\n\t\t\t\t<\/div>","protected":false},"excerpt":{"rendered":"<p>At Chemagora, we prioritize fast, secure, and reliable delivery of your orders. Below is an in-depth guide to our shipping options, costs, and processes to&#8230;<\/p>","protected":false},"author":1,"featured_media":0,"parent":0,"menu_order":0,"comment_status":"closed","ping_status":"closed","template":"","meta":{"inline_featured_image":false,"footnotes":""},"class_list":["post-2037","page","type-page","status-publish","hentry"],"_links":{"self":[{"href":"https:\/\/chemagora.eu\/de\/wp-json\/wp\/v2\/pages\/2037","targetHints":{"allow":["GET"]}}],"collection":[{"href":"https:\/\/chemagora.eu\/de\/wp-json\/wp\/v2\/pages"}],"about":[{"href":"https:\/\/chemagora.eu\/de\/wp-json\/wp\/v2\/types\/page"}],"author":[{"embeddable":true,"href":"https:\/\/chemagora.eu\/de\/wp-json\/wp\/v2\/users\/1"}],"replies":[{"embeddable":true,"href":"https:\/\/chemagora.eu\/de\/wp-json\/wp\/v2\/comments?post=2037"}],"version-history":[{"count":0,"href":"https:\/\/chemagora.eu\/de\/wp-json\/wp\/v2\/pages\/2037\/revisions"}],"wp:attachment":[{"href":"https:\/\/chemagora.eu\/de\/wp-json\/wp\/v2\/media?parent=2037"}],"curies":[{"name":"wp","href":"https:\/\/api.w.org\/{rel}","templated":true}]}}