{"id":2039,"date":"2025-01-25T02:51:03","date_gmt":"2025-01-25T02:51:03","guid":{"rendered":"https:\/\/chemagora.eu\/?page_id=2039"},"modified":"2025-01-25T09:10:17","modified_gmt":"2025-01-25T09:10:17","slug":"allgemeine-geschaftsbedingungen","status":"publish","type":"page","link":"https:\/\/chemagora.eu\/de\/allgemeine-geschaftsbedingungen\/","title":{"rendered":"Allgemeine Gesch\u00e4ftsbedingungen"},"content":{"rendered":"<div data-elementor-type=\"wp-page\" data-elementor-id=\"2039\" class=\"elementor elementor-2039\" data-elementor-post-type=\"page\">\n\t\t\t\t<div class=\"elementor-element elementor-element-72985b0 e-flex e-con-boxed e-con e-parent\" data-id=\"72985b0\" data-element_type=\"container\" data-e-type=\"container\">\n\t\t\t\t\t<div class=\"e-con-inner\">\n\t\t\t\t<div class=\"elementor-element elementor-element-2b83c38 elementor-widget elementor-widget-text-editor\" data-id=\"2b83c38\" data-element_type=\"widget\" data-e-type=\"widget\" data-widget_type=\"text-editor.default\">\n\t\t\t\t<div class=\"elementor-widget-container\">\n\t\t\t\t\t\t\t\t\t<p data-pm-slice=\"1 1 []\"><strong>Willkommen bei Chemagora! Durch die Nutzung unserer Website und Dienste stimmen Sie den folgenden Bedingungen zu. Bitte lesen Sie sie sorgf\u00e4ltig durch.<\/strong><\/p><div><hr \/><\/div><h3>\u00a0<\/h3><h3><strong>1. Einleitung<\/strong><\/h3><p>Diese Allgemeinen Gesch\u00e4ftsbedingungen (\u201eBedingungen\u201c) regeln Ihre Nutzung der Website und Dienste von Chemagora. Indem Sie auf unsere Website zugreifen oder sie nutzen, erkl\u00e4ren Sie sich mit diesen Bedingungen einverstanden. Wenn Sie nicht einverstanden sind, sehen Sie bitte von der Nutzung unserer Website ab.<\/p><div><hr \/><\/div><h3>\u00a0<\/h3><h3><strong>2. Teilnahmeberechtigung<\/strong><\/h3><p>Um unsere Website nutzen und unsere Produkte kaufen zu k\u00f6nnen, m\u00fcssen Sie mindestens 18 Jahre alt sein. Mit der Aufgabe einer Bestellung best\u00e4tigen Sie, dass Sie diese Voraussetzung erf\u00fcllen und dass die von Ihnen angegebenen Informationen richtig und vollst\u00e4ndig sind.<\/p><div><hr \/><\/div><h3>\u00a0<\/h3><h3><strong>3. Nutzung der Website<\/strong><\/h3><p>Sie verpflichten sich:<\/p><ul data-spread=\"false\"><li><p>Verwenden Sie die Website nur f\u00fcr rechtm\u00e4\u00dfige Zwecke.<\/p><\/li><li><p>Kein Versuch, die Funktionalit\u00e4t der Website zu beeintr\u00e4chtigen oder zu st\u00f6ren.<\/p><\/li><li><p>Unterlassen Sie das Hochladen sch\u00e4dlicher oder b\u00f6sartiger Inhalte.<\/p><\/li><\/ul><p>Wir behalten uns das Recht vor, den Zugriff auf unsere Website bei Verst\u00f6\u00dfen gegen diese Bedingungen auszusetzen oder zu beenden.<\/p><div><hr \/><\/div><h3>\u00a0<\/h3><h3><strong>4. Produkte und Dienstleistungen<\/strong><\/h3><h4><strong>4.1 Produktverwendung<\/strong><\/h4><p>Alle von Chemagora verkauften Produkte sind nur f\u00fcr Forschungszwecke bestimmt. Sie sind nicht f\u00fcr den menschlichen oder tierischen Verzehr bestimmt.<\/p><h4><strong>4.2 Produktverf\u00fcgbarkeit<\/strong><\/h4><p>Wir behalten uns das Recht vor, die Verf\u00fcgbarkeit jedes Produkts ohne vorherige Ank\u00fcndigung einzuschr\u00e4nken oder einzustellen.<\/p><h4><strong>4.3 Produktbeschreibungen<\/strong><\/h4><p>Wir bem\u00fchen uns, genaue Produktbeschreibungen bereitzustellen. Wir k\u00f6nnen jedoch nicht garantieren, dass alle Beschreibungen fehlerfrei sind. Wenn Sie ein Produkt erhalten, das erheblich von seiner Beschreibung abweicht, kontaktieren Sie uns bitte umgehend.<\/p><div><hr \/><\/div><h3>\u00a0<\/h3><h3><strong>5. Bestellungen und Zahlungen<\/strong><\/h3><h4><strong>5.1 Eine Bestellung aufgeben<\/strong><\/h4><p>Mit der Aufgabe einer Bestellung verpflichten Sie sich, genaue und vollst\u00e4ndige Angaben zu machen. Chemagora beh\u00e4lt sich das Recht vor, jede Bestellung zu stornieren, wenn sich die bereitgestellten Informationen als ungenau oder unvollst\u00e4ndig erweisen.<\/p><h4><strong>5.2 Zahlungsarten<\/strong><\/h4><p>Wir akzeptieren mehrere Zahlungsmethoden, darunter Kreditkarten und Kryptow\u00e4hrung. Zahlungen m\u00fcssen abgeschlossen sein, bevor Bestellungen bearbeitet werden.<\/p><h4><strong>5.3 Auftragsbest\u00e4tigung<\/strong><\/h4><p>Nach der Bestellung erhalten Sie eine Best\u00e4tigung per E-Mail. Sollten Sie keine Best\u00e4tigung erhalten, kontaktieren Sie uns bitte, um den Status Ihrer Bestellung zu \u00fcberpr\u00fcfen.<\/p><div><hr \/><\/div><h3>\u00a0<\/h3><h3><strong>6. Versand und Lieferung<\/strong><\/h3><p>Detaillierte Versand- und Lieferinformationen finden Sie in unserer <a href=\"https:\/\/chemagora.eu\/de\/versand-lieferung\/\">Versand- und Lieferbedingungen<\/a>.<\/p><h4><strong>6.1 Verlustrisiko<\/strong><\/h4><p>Alle Sendungen unterliegen dem Verlustrisiko, sobald sie unser Werk verlassen. F\u00fcr zus\u00e4tzliche Sicherheit empfehlen wir die Wahl von Sendungsverfolgungs- und versicherten Versandoptionen.<\/p><div><hr \/><\/div><h3>\u00a0<\/h3><h3><strong>7. R\u00fccksendungen und R\u00fcckerstattungen<\/strong><\/h3><p>Detaillierte Informationen zu R\u00fccksendungen und R\u00fcckerstattungen finden Sie in unserer <a href=\"https:\/\/chemagora.eu\/de\/refund_returns\/\">R\u00fcckerstattungs- und R\u00fcckgaberecht<\/a>.<\/p><div><hr \/><\/div><h3>\u00a0<\/h3><h3><strong>8. Geistiges Eigentum<\/strong><\/h3><p>Alle Inhalte auf der Chemagora-Website, einschlie\u00dflich Text, Bilder, Logos und Designs, sind Eigentum von Chemagora und durch Gesetze zum Schutz geistigen Eigentums gesch\u00fctzt. Sie d\u00fcrfen unsere Inhalte ohne vorherige schriftliche Zustimmung nicht reproduzieren, verteilen oder verwenden.<\/p><div><hr \/><\/div><h3>\u00a0<\/h3><h3><strong>9. Haftungsbeschr\u00e4nkung<\/strong><\/h3><p>Chemagora haftet nicht f\u00fcr:<\/p><ul data-spread=\"false\"><li><p>Jegliche indirekten, zuf\u00e4lligen oder Folgesch\u00e4den, die durch die Nutzung unserer Website oder Produkte entstehen.<\/p><\/li><li><p>Jegliche Verz\u00f6gerungen oder Ausf\u00e4lle, die durch Umst\u00e4nde verursacht werden, die au\u00dferhalb unserer Kontrolle liegen, wie etwa Naturkatastrophen oder Zollverz\u00f6gerungen.<\/p><\/li><\/ul><div><hr \/><\/div><h3>\u00a0<\/h3><h3><strong>10. Schadloshaltung<\/strong><\/h3><p>Sie erkl\u00e4ren sich damit einverstanden, Chemagora von allen Anspr\u00fcchen, Sch\u00e4den oder Kosten freizustellen, die aus Ihrer Nutzung unserer Website, einem Versto\u00df gegen diese Bedingungen oder einer Verletzung der Rechte Dritter entstehen.<\/p><div><hr \/><\/div><h3>\u00a0<\/h3><h3><strong>11. Datenschutz<\/strong><\/h3><p>Ihre Nutzung unserer Website unterliegt au\u00dferdem unseren <a href=\"https:\/\/chemagora.eu\/de\/privacy-policy\/\">Datenschutzrichtlinie<\/a>, in der erl\u00e4utert wird, wie wir Ihre personenbezogenen Daten erheben, verwenden und sch\u00fctzen.<\/p><div><hr \/><\/div><h3>\u00a0<\/h3><h3><strong>12. Geltendes Recht<\/strong><\/h3><p>Diese Bedingungen unterliegen dem niederl\u00e4ndischen Recht, ungeachtet der Kollisionsnormen. Streitigkeiten, die sich aus diesen Bedingungen ergeben, werden vor den niederl\u00e4ndischen Gerichten beigelegt.<\/p><div><hr \/><\/div><h3>\u00a0<\/h3><h3><strong>13. \u00c4nderungen der Bedingungen<\/strong><\/h3><p>Wir k\u00f6nnen diese Bedingungen von Zeit zu Zeit aktualisieren. Alle \u00c4nderungen werden auf dieser Seite mit einem aktualisierten Datum ver\u00f6ffentlicht. Die fortgesetzte Nutzung unserer Website gilt als Annahme der \u00fcberarbeiteten Bedingungen.<\/p>\t\t\t\t\t\t\t\t<\/div>\n\t\t\t\t<\/div>\n\t\t\t\t\t<\/div>\n\t\t\t\t<\/div>\n\t\t\t\t<\/div>","protected":false},"excerpt":{"rendered":"<p>Welcome to Chemagora! By using our website and services, you agree to the following terms and conditions. Please read them carefully. \u00a0 1. Introduction These&#8230;<\/p>","protected":false},"author":1,"featured_media":0,"parent":0,"menu_order":0,"comment_status":"closed","ping_status":"closed","template":"","meta":{"inline_featured_image":false,"footnotes":""},"class_list":["post-2039","page","type-page","status-publish","hentry"],"_links":{"self":[{"href":"https:\/\/chemagora.eu\/de\/wp-json\/wp\/v2\/pages\/2039","targetHints":{"allow":["GET"]}}],"collection":[{"href":"https:\/\/chemagora.eu\/de\/wp-json\/wp\/v2\/pages"}],"about":[{"href":"https:\/\/chemagora.eu\/de\/wp-json\/wp\/v2\/types\/page"}],"author":[{"embeddable":true,"href":"https:\/\/chemagora.eu\/de\/wp-json\/wp\/v2\/users\/1"}],"replies":[{"embeddable":true,"href":"https:\/\/chemagora.eu\/de\/wp-json\/wp\/v2\/comments?post=2039"}],"version-history":[{"count":0,"href":"https:\/\/chemagora.eu\/de\/wp-json\/wp\/v2\/pages\/2039\/revisions"}],"wp:attachment":[{"href":"https:\/\/chemagora.eu\/de\/wp-json\/wp\/v2\/media?parent=2039"}],"curies":[{"name":"wp","href":"https:\/\/api.w.org\/{rel}","templated":true}]}}