{"id":500,"date":"2022-10-06T11:29:09","date_gmt":"2022-10-06T11:29:09","guid":{"rendered":"https:\/\/xstore.8theme.com\/elementor\/demos\/hemp-and-cbd\/?post_type=product&#038;p=500"},"modified":"2025-01-24T22:20:17","modified_gmt":"2025-01-24T22:20:17","slug":"nissenpulver","status":"publish","type":"product","link":"https:\/\/chemagora.eu\/de\/product\/nissenpulver\/","title":{"rendered":"NEP (Pentedron) Pulver"},"content":{"rendered":"<div data-elementor-type=\"wp-post\" data-elementor-id=\"500\" class=\"elementor elementor-500\" data-elementor-post-type=\"product\">\n\t\t\t\t\t\t<section class=\"elementor-section elementor-top-section elementor-element elementor-element-d4e3740 elementor-section-boxed elementor-section-height-default elementor-section-height-default\" data-id=\"d4e3740\" data-element_type=\"section\" data-e-type=\"section\">\n\t\t\t\t\t\t<div class=\"elementor-container elementor-column-gap-no\">\n\t\t\t\t\t<div class=\"elementor-column elementor-col-100 elementor-top-column elementor-element elementor-element-14436cb\" data-id=\"14436cb\" data-element_type=\"column\" data-e-type=\"column\">\n\t\t\t<div class=\"elementor-widget-wrap elementor-element-populated\">\n\t\t\t\t\t\t<div class=\"elementor-element elementor-element-0515758 elementor-widget elementor-widget-heading\" data-id=\"0515758\" data-element_type=\"widget\" data-e-type=\"widget\" data-widget_type=\"heading.default\">\n\t\t\t\t<div class=\"elementor-widget-container\">\n\t\t\t\t\t<h2 class=\"elementor-heading-title elementor-size-default\">NEP-Pulver online kaufen | Hochwertige Forschungschemikalien von Chemagora<\/h2>\t\t\t\t<\/div>\n\t\t\t\t<\/div>\n\t\t\t\t<div class=\"elementor-element elementor-element-f91fbbd elementor-widget elementor-widget-text-editor\" data-id=\"f91fbbd\" data-element_type=\"widget\" data-e-type=\"widget\" data-widget_type=\"text-editor.default\">\n\t\t\t\t<div class=\"elementor-widget-container\">\n\t\t\t\t\t\t\t\t\t<p>Suche nach <strong>NEP (N-Ethylpentedron) Pulver<\/strong> um Ihre Laborforschung zu verbessern? <a href=\"https:\/\/chemagora.eu\/de\/geschaft\/\">Chemagora<\/a> ist hier, um Ihre Bed\u00fcrfnisse mit Verbindungen h\u00f6chster Qualit\u00e4t zu erf\u00fcllen. Forscher in ganz Europa vertrauen auf unsere Premiumprodukte, unsere schnelle Lieferung und unseren au\u00dfergew\u00f6hnlichen Kundenservice.<\/p>\t\t\t\t\t\t\t\t<\/div>\n\t\t\t\t<\/div>\n\t\t\t\t<div class=\"elementor-element elementor-element-fe95780 elementor-widget elementor-widget-heading\" data-id=\"fe95780\" data-element_type=\"widget\" data-e-type=\"widget\" data-widget_type=\"heading.default\">\n\t\t\t\t<div class=\"elementor-widget-container\">\n\t\t\t\t\t<h2 class=\"elementor-heading-title elementor-size-default\">Was ist NEP (N-Ethylpentedron)?<\/h2>\t\t\t\t<\/div>\n\t\t\t\t<\/div>\n\t\t\t\t<div class=\"elementor-element elementor-element-6dcf46d elementor-widget elementor-widget-text-editor\" data-id=\"6dcf46d\" data-element_type=\"widget\" data-e-type=\"widget\" data-widget_type=\"text-editor.default\">\n\t\t\t\t<div class=\"elementor-widget-container\">\n\t\t\t\t\t\t\t\t\t<p><strong>N-Ethylpentedron (NEP)<\/strong> ist ein synthetisches Stimulans, das zur Familie der Cathinone geh\u00f6rt. Strukturell ist es ein Derivat von Pentedron, wobei eine Ethylgruppe an das Stickstoffatom gebunden ist. Diese strukturelle Ver\u00e4nderung f\u00fchrt zu einzigartigen Eigenschaften und macht NEP zu einer wichtigen Verbindung f\u00fcr wissenschaftliche Studien in der chemischen und pharmakologischen Forschung. Bei Chemagora bieten wir <strong>NEP Pulver<\/strong> mit un\u00fcbertroffener Reinheit und Qualit\u00e4t, um pr\u00e4zise und konsistente Ergebnisse zu gew\u00e4hrleisten.<\/p>\t\t\t\t\t\t\t\t<\/div>\n\t\t\t\t<\/div>\n\t\t\t\t\t<\/div>\n\t\t<\/div>\n\t\t\t\t\t<\/div>\n\t\t<\/section>\n\t\t\t\t<section class=\"elementor-section elementor-top-section elementor-element elementor-element-61adb7e elementor-section-boxed elementor-section-height-default elementor-section-height-default\" data-id=\"61adb7e\" data-element_type=\"section\" data-e-type=\"section\" data-settings=\"{&quot;background_background&quot;:&quot;classic&quot;}\">\n\t\t\t\t\t\t<div class=\"elementor-container elementor-column-gap-no\">\n\t\t\t\t\t<div class=\"elementor-column elementor-col-33 elementor-top-column elementor-element elementor-element-aa02186\" data-id=\"aa02186\" data-element_type=\"column\" data-e-type=\"column\">\n\t\t\t<div class=\"elementor-widget-wrap elementor-element-populated\">\n\t\t\t\t\t\t<div class=\"elementor-element elementor-element-7c48cd6 elementor-widget elementor-widget-heading\" data-id=\"7c48cd6\" data-element_type=\"widget\" data-e-type=\"widget\" data-widget_type=\"heading.default\">\n\t\t\t\t<div class=\"elementor-widget-container\">\n\t\t\t\t\t<h2 class=\"elementor-heading-title elementor-size-default\">Chemische Informationen<\/h2>\t\t\t\t<\/div>\n\t\t\t\t<\/div>\n\t\t\t\t<div class=\"elementor-element elementor-element-070007a elementor-widget elementor-widget-text-editor\" data-id=\"070007a\" data-element_type=\"widget\" data-e-type=\"widget\" data-widget_type=\"text-editor.default\">\n\t\t\t\t<div class=\"elementor-widget-container\">\n\t\t\t\t\t\t\t\t\t<ul><li><strong>Chemischer Name:<\/strong> N-Ethylpentedron<\/li><li><strong>CAS-Nummer:<\/strong> 18268-16-1<\/li><li><strong>Molekularformel:<\/strong> C13H19NO<\/li><li><strong>Molare Masse:<\/strong> 205,3 g\/mol<\/li><li><strong>IUPAC-Name:<\/strong> 2-(Ethylamino)-1-phenylpentan-1-on<\/li><\/ul>\t\t\t\t\t\t\t\t<\/div>\n\t\t\t\t<\/div>\n\t\t\t\t\t<\/div>\n\t\t<\/div>\n\t\t\t\t<div class=\"elementor-column elementor-col-33 elementor-top-column elementor-element elementor-element-eada132\" data-id=\"eada132\" data-element_type=\"column\" data-e-type=\"column\">\n\t\t\t<div class=\"elementor-widget-wrap elementor-element-populated\">\n\t\t\t\t\t\t<div class=\"elementor-element elementor-element-dab9e86 elementor-widget elementor-widget-heading\" data-id=\"dab9e86\" data-element_type=\"widget\" data-e-type=\"widget\" data-widget_type=\"heading.default\">\n\t\t\t\t<div class=\"elementor-widget-container\">\n\t\t\t\t\t<h2 class=\"elementor-heading-title elementor-size-default\">Physikalische und chemische Eigenschaften<\/h2>\t\t\t\t<\/div>\n\t\t\t\t<\/div>\n\t\t\t\t<div class=\"elementor-element elementor-element-7debe29 elementor-widget elementor-widget-text-editor\" data-id=\"7debe29\" data-element_type=\"widget\" data-e-type=\"widget\" data-widget_type=\"text-editor.default\">\n\t\t\t\t<div class=\"elementor-widget-container\">\n\t\t\t\t\t\t\t\t\t<ul><li><strong>Bilden:<\/strong> wei\u00dfes Pulver<\/li><li><strong>Reinheit:<\/strong> \u226599% (im Labor verifiziert)<\/li><li><strong>Schmelzpunkt:<\/strong> ~120\u2013125\u00b0C<\/li><li><strong>L\u00f6slichkeit:<\/strong> L\u00f6slich in Wasser, Ethanol und Methanol<\/li><li><strong>Stabilit\u00e4t:<\/strong> Stabil unter Standardlaborbedingungen<\/li><\/ul>\t\t\t\t\t\t\t\t<\/div>\n\t\t\t\t<\/div>\n\t\t\t\t\t<\/div>\n\t\t<\/div>\n\t\t\t\t<div class=\"elementor-column elementor-col-33 elementor-top-column elementor-element elementor-element-aba4be1\" data-id=\"aba4be1\" data-element_type=\"column\" data-e-type=\"column\">\n\t\t\t<div class=\"elementor-widget-wrap elementor-element-populated\">\n\t\t\t\t\t\t<div class=\"elementor-element elementor-element-4412252 elementor-widget elementor-widget-heading\" data-id=\"4412252\" data-element_type=\"widget\" data-e-type=\"widget\" data-widget_type=\"heading.default\">\n\t\t\t\t<div class=\"elementor-widget-container\">\n\t\t\t\t\t<h2 class=\"elementor-heading-title elementor-size-default\">Analytische Daten<\/h2>\t\t\t\t<\/div>\n\t\t\t\t<\/div>\n\t\t\t\t<div class=\"elementor-element elementor-element-da60206 elementor-widget elementor-widget-text-editor\" data-id=\"da60206\" data-element_type=\"widget\" data-e-type=\"widget\" data-widget_type=\"text-editor.default\">\n\t\t\t\t<div class=\"elementor-widget-container\">\n\t\t\t\t\t\t\t\t\t<ul><li><strong>NMR (Kernspinresonanz):<\/strong> Best\u00e4tigt die Molek\u00fclstruktur und Konsistenz<\/li><li><strong>MS (Massenspektrometrie):<\/strong> Entspricht einem Molekulargewicht von 205,3 g\/mol<\/li><li><strong>FTIR (Fourier-Transform-Infrarotspektroskopie):<\/strong> Entspricht Standardreferenzspektren<\/li><\/ul>\t\t\t\t\t\t\t\t<\/div>\n\t\t\t\t<\/div>\n\t\t\t\t\t<\/div>\n\t\t<\/div>\n\t\t\t\t\t<\/div>\n\t\t<\/section>\n\t\t\t\t<section class=\"elementor-section elementor-top-section elementor-element elementor-element-fcb2eb2 elementor-section-boxed elementor-section-height-default elementor-section-height-default\" data-id=\"fcb2eb2\" data-element_type=\"section\" data-e-type=\"section\">\n\t\t\t\t\t\t<div class=\"elementor-container elementor-column-gap-no\">\n\t\t\t\t\t<div class=\"elementor-column elementor-col-100 elementor-top-column elementor-element elementor-element-81e2639\" data-id=\"81e2639\" data-element_type=\"column\" data-e-type=\"column\">\n\t\t\t<div class=\"elementor-widget-wrap elementor-element-populated\">\n\t\t\t\t\t\t<div class=\"elementor-element elementor-element-fc3a650 elementor-widget elementor-widget-heading\" data-id=\"fc3a650\" data-element_type=\"widget\" data-e-type=\"widget\" data-widget_type=\"heading.default\">\n\t\t\t\t<div class=\"elementor-widget-container\">\n\t\t\t\t\t<h2 class=\"elementor-heading-title elementor-size-default\">Warum sollten Sie sich f\u00fcr Chemagora als Anbieter von NEP-Pulver entscheiden?<\/h2>\t\t\t\t<\/div>\n\t\t\t\t<\/div>\n\t\t\t\t<div class=\"elementor-element elementor-element-bca21b8 elementor-widget elementor-widget-text-editor\" data-id=\"bca21b8\" data-element_type=\"widget\" data-e-type=\"widget\" data-widget_type=\"text-editor.default\">\n\t\t\t\t<div class=\"elementor-widget-container\">\n\t\t\t\t\t\t\t\t\t<h4><strong>1. \u00dcberlegene Reinheit<\/strong><\/h4><p>Unser <strong>NEP Pulver<\/strong> wird sorgf\u00e4ltig im Labor getestet, um zu garantieren <strong>\u226599% Reinheit<\/strong>, wodurch sichergestellt wird, dass es frei von Verunreinigungen und perfekt f\u00fcr fortgeschrittene Forschung ist.<\/p><h4><strong>2. Feine Pulverform<\/strong><\/h4><p>Das feine Pulver gew\u00e4hrleistet eine einfache Handhabung, genaue Messungen und zuverl\u00e4ssige Anwendungen in Ihren Laborexperimenten.<\/p><h4><strong>3. Von Forschern in ganz Europa gesch\u00e4tzt<\/strong><\/h4><p>Von Berlin bis Amsterdam, von Madrid bis Paris ist Chemagora ein zuverl\u00e4ssiger Lieferant f\u00fcr Forschungsexperten in ganz Europa. Unser Ruf f\u00fcr Zuverl\u00e4ssigkeit und Qualit\u00e4t macht uns zur ersten Wahl.<\/p><h4><strong>4. Schneller und sicherer Versand<\/strong><\/h4><p>Wir legen Wert auf eine schnelle Lieferung und eine diskrete Verpackung, um sicherzustellen, dass Ihre Bestellung sicher und gesch\u00fctzt bei Ihnen ankommt, egal wo in Europa Sie sich befinden.<\/p><h4><strong>5. Kompetenter Kundensupport<\/strong><\/h4><p>Unser kompetentes Team steht Ihnen bei allen Fragen zur Seite und sorgt daf\u00fcr, dass Ihre Erfahrung mit Chemagora reibungslos und zufriedenstellend verl\u00e4uft.<\/p>\t\t\t\t\t\t\t\t<\/div>\n\t\t\t\t<\/div>\n\t\t\t\t<div class=\"elementor-element elementor-element-91c715a elementor-widget elementor-widget-heading\" data-id=\"91c715a\" data-element_type=\"widget\" data-e-type=\"widget\" data-widget_type=\"heading.default\">\n\t\t\t\t<div class=\"elementor-widget-container\">\n\t\t\t\t\t<h2 class=\"elementor-heading-title elementor-size-default\">Einhaltung gesetzlicher Vorschriften<\/h2>\t\t\t\t<\/div>\n\t\t\t\t<\/div>\n\t\t\t\t<div class=\"elementor-element elementor-element-b8e87f2 elementor-widget elementor-widget-text-editor\" data-id=\"b8e87f2\" data-element_type=\"widget\" data-e-type=\"widget\" data-widget_type=\"text-editor.default\">\n\t\t\t\t<div class=\"elementor-widget-container\">\n\t\t\t\t\t\t\t\t\t<p>Der rechtliche Status von <strong>NEP Pulver<\/strong> variiert je nach Land. Es liegt in der Verantwortung des K\u00e4ufers, vor dem Kauf oder der Verwendung dieses Produkts die Einhaltung aller \u00f6rtlichen Gesetze und Vorschriften sicherzustellen.<\/p>\t\t\t\t\t\t\t\t<\/div>\n\t\t\t\t<\/div>\n\t\t\t\t<div class=\"elementor-element elementor-element-a9bf110 elementor-alert-info elementor-widget elementor-widget-alert\" data-id=\"a9bf110\" data-element_type=\"widget\" data-e-type=\"widget\" data-widget_type=\"alert.default\">\n\t\t\t\t<div class=\"elementor-widget-container\">\n\t\t\t\t\t\t\t<div class=\"elementor-alert\" role=\"alert\">\n\n\t\t\t\t\t\t<span class=\"elementor-alert-title\">Haftungsausschluss<\/span>\n\t\t\t\n\t\t\t\t\t\t<span class=\"elementor-alert-description\">Dieses Produkt ist ausschlie\u00dflich f\u00fcr Forschungs- und Analysezwecke bestimmt. Es ist unter keinen Umst\u00e4nden f\u00fcr den menschlichen oder tierischen Verzehr bestimmt.<\/span>\n\t\t\t\n\t\t\t\t\t\t<button type=\"button\" class=\"elementor-alert-dismiss\" aria-label=\"Diese Warnung schlie\u00dfen.\">\n\t\t\t\t\t\t\t\t\t<span aria-hidden=\"true\">\u00d7<\/span>\n\t\t\t\t\t\t\t<\/button>\n\t\t\t\n\t\t<\/div>\n\t\t\t\t\t\t<\/div>\n\t\t\t\t<\/div>\n\t\t\t\t<div class=\"elementor-element elementor-element-7e3026d elementor-widget elementor-widget-heading\" data-id=\"7e3026d\" data-element_type=\"widget\" data-e-type=\"widget\" data-widget_type=\"heading.default\">\n\t\t\t\t<div class=\"elementor-widget-container\">\n\t\t\t\t\t<h2 class=\"elementor-heading-title elementor-size-default\">Bestellen Sie Ihr NEP-Pulver noch heute<\/h2>\t\t\t\t<\/div>\n\t\t\t\t<\/div>\n\t\t\t\t<div class=\"elementor-element elementor-element-e21bf66 elementor-widget elementor-widget-text-editor\" data-id=\"e21bf66\" data-element_type=\"widget\" data-e-type=\"widget\" data-widget_type=\"text-editor.default\">\n\t\t\t\t<div class=\"elementor-widget-container\">\n\t\t\t\t\t\t\t\t\t<p>Bringen Sie Ihre Forschung voran mit Chemagoras <strong>hochreines NEP Pulver<\/strong>. Labore und Wissenschaftler in ganz Europa vertrauen auf unsere Produkte, denn sie bieten die Zuverl\u00e4ssigkeit, Pr\u00e4zision und Konsistenz, die Sie f\u00fcr erfolgreiche Experimente ben\u00f6tigen.<\/p>\t\t\t\t\t\t\t\t<\/div>\n\t\t\t\t<\/div>\n\t\t\t\t\t<\/div>\n\t\t<\/div>\n\t\t\t\t\t<\/div>\n\t\t<\/section>\n\t\t\t\t<\/div>","protected":false},"excerpt":{"rendered":"<p>Sorgf\u00e4ltig getestete Forschungschemikalien, konform, vertrauensw\u00fcrdig und mit Pr\u00e4zision und Sorgfalt geliefert.<\/p>","protected":false},"featured_media":1982,"comment_status":"open","ping_status":"closed","template":"","meta":{"inline_featured_image":false},"etheme_brands":[],"product_brand":[],"product_cat":[79],"product_tag":[83,84,80,82,81,48],"class_list":{"0":"post-500","1":"product","2":"type-product","3":"status-publish","4":"has-post-thumbnail","6":"product_cat-nep","7":"product_tag-buy-nep","8":"product_tag-buy-pentedrone","9":"product_tag-nep","10":"product_tag-nep-powder","11":"product_tag-pentedrone","12":"product_tag-research-chemicals","14":"first","15":"instock","16":"shipping-taxable","17":"purchasable","18":"product-type-variable"},"_links":{"self":[{"href":"https:\/\/chemagora.eu\/de\/wp-json\/wp\/v2\/product\/500","targetHints":{"allow":["GET"]}}],"collection":[{"href":"https:\/\/chemagora.eu\/de\/wp-json\/wp\/v2\/product"}],"about":[{"href":"https:\/\/chemagora.eu\/de\/wp-json\/wp\/v2\/types\/product"}],"replies":[{"embeddable":true,"href":"https:\/\/chemagora.eu\/de\/wp-json\/wp\/v2\/comments?post=500"}],"version-history":[{"count":0,"href":"https:\/\/chemagora.eu\/de\/wp-json\/wp\/v2\/product\/500\/revisions"}],"wp:featuredmedia":[{"embeddable":true,"href":"https:\/\/chemagora.eu\/de\/wp-json\/wp\/v2\/media\/1982"}],"wp:attachment":[{"href":"https:\/\/chemagora.eu\/de\/wp-json\/wp\/v2\/media?parent=500"}],"wp:term":[{"taxonomy":"brand","embeddable":true,"href":"https:\/\/chemagora.eu\/de\/wp-json\/wp\/v2\/etheme_brands?post=500"},{"taxonomy":"product_brand","embeddable":true,"href":"https:\/\/chemagora.eu\/de\/wp-json\/wp\/v2\/product_brand?post=500"},{"taxonomy":"product_cat","embeddable":true,"href":"https:\/\/chemagora.eu\/de\/wp-json\/wp\/v2\/product_cat?post=500"},{"taxonomy":"product_tag","embeddable":true,"href":"https:\/\/chemagora.eu\/de\/wp-json\/wp\/v2\/product_tag?post=500"}],"curies":[{"name":"wp","href":"https:\/\/api.w.org\/{rel}","templated":true}]}}