{"id":508,"date":"2022-10-06T11:29:11","date_gmt":"2022-10-06T11:29:11","guid":{"rendered":"https:\/\/xstore.8theme.com\/elementor\/demos\/hemp-and-cbd\/?post_type=product&#038;p=508"},"modified":"2025-01-24T13:14:44","modified_gmt":"2025-01-24T13:14:44","slug":"mdpihp-kristall","status":"publish","type":"product","link":"https:\/\/chemagora.eu\/de\/product\/mdpihp-kristall\/","title":{"rendered":"MDPiHP-Kristall"},"content":{"rendered":"<div data-elementor-type=\"wp-post\" data-elementor-id=\"508\" class=\"elementor elementor-508\" data-elementor-post-type=\"product\">\n\t\t\t\t\t\t<section class=\"elementor-section elementor-top-section elementor-element elementor-element-b1c5a11 elementor-section-boxed elementor-section-height-default elementor-section-height-default\" data-id=\"b1c5a11\" data-element_type=\"section\" data-e-type=\"section\">\n\t\t\t\t\t\t<div class=\"elementor-container elementor-column-gap-no\">\n\t\t\t\t\t<div class=\"elementor-column elementor-col-100 elementor-top-column elementor-element elementor-element-248a575\" data-id=\"248a575\" data-element_type=\"column\" data-e-type=\"column\">\n\t\t\t<div class=\"elementor-widget-wrap elementor-element-populated\">\n\t\t\t\t\t\t<div class=\"elementor-element elementor-element-6a8c11f elementor-widget elementor-widget-heading\" data-id=\"6a8c11f\" data-element_type=\"widget\" data-e-type=\"widget\" data-widget_type=\"heading.default\">\n\t\t\t\t<div class=\"elementor-widget-container\">\n\t\t\t\t\t<h2 class=\"elementor-heading-title elementor-size-default\">MDPiHP-Kristalle online kaufen | Hochwertige Forschungschemikalien von Chemagora<\/h2>\t\t\t\t<\/div>\n\t\t\t\t<\/div>\n\t\t\t\t<div class=\"elementor-element elementor-element-13a63ab elementor-widget elementor-widget-text-editor\" data-id=\"13a63ab\" data-element_type=\"widget\" data-e-type=\"widget\" data-widget_type=\"text-editor.default\">\n\t\t\t\t<div class=\"elementor-widget-container\">\n\t\t\t\t\t\t\t\t\t<p>Auf der Suche nach <strong>MDPiHP-Kristalle<\/strong> um Ihre wissenschaftliche Forschung voranzubringen?<a href=\"https:\/\/chemagora.eu\/de\/geschaft\/\"> Chemagora<\/a> ist stolz darauf, hochreine Verbindungen anzubieten, die auf anspruchsvolle Laboranwendungen zugeschnitten sind. Ob Sie in Deutschland, Frankreich, Spanien, Italien oder den Niederlanden sind, Chemagora sorgt f\u00fcr eine schnelle Lieferung und au\u00dfergew\u00f6hnliche Unterst\u00fctzung f\u00fcr alle Ihre Forschungsanforderungen.<\/p>\t\t\t\t\t\t\t\t<\/div>\n\t\t\t\t<\/div>\n\t\t\t\t<div class=\"elementor-element elementor-element-954d13d elementor-widget elementor-widget-heading\" data-id=\"954d13d\" data-element_type=\"widget\" data-e-type=\"widget\" data-widget_type=\"heading.default\">\n\t\t\t\t<div class=\"elementor-widget-container\">\n\t\t\t\t\t<h2 class=\"elementor-heading-title elementor-size-default\">Was ist MDPiHP?<\/h2>\t\t\t\t<\/div>\n\t\t\t\t<\/div>\n\t\t\t\t<div class=\"elementor-element elementor-element-4f7ddb9 elementor-widget elementor-widget-text-editor\" data-id=\"4f7ddb9\" data-element_type=\"widget\" data-e-type=\"widget\" data-widget_type=\"text-editor.default\">\n\t\t\t\t<div class=\"elementor-widget-container\">\n\t\t\t\t\t\t\t\t\t<p><strong>3,4-Methylendioxy-\u03b1-pyrrolidinoisohexanophenon (MDPiHP)<\/strong> ist ein synthetisches Stimulans aus der Cathinon-Klasse. MDPiHP weist eine einzigartige chemische Struktur auf, die eine Methylendioxygruppe am Benzolring und eine Pyrrolidingruppe an der Alkylkette aufweist. Aufgrund seiner besonderen Eigenschaften wird MDPiHP umfassend untersucht. Es gilt als wertvolle Verbindung in fortgeschrittenen <a href=\"https:\/\/chemagora.eu\/de\/product\/\u03b1-pihp-crystal\/\"  data-wpil-monitor-id=\"46\">Chemische und pharmakologische Forschung<\/a>. Unser <strong>MDPiHP-Kristalle<\/strong> werden sorgf\u00e4ltig synthetisiert, um konsistente und zuverl\u00e4ssige Ergebnisse f\u00fcr den Laboreinsatz zu liefern.<\/p>\t\t\t\t\t\t\t\t<\/div>\n\t\t\t\t<\/div>\n\t\t\t\t\t<\/div>\n\t\t<\/div>\n\t\t\t\t\t<\/div>\n\t\t<\/section>\n\t\t\t\t<section class=\"elementor-section elementor-top-section elementor-element elementor-element-2662fee elementor-section-boxed elementor-section-height-default elementor-section-height-default\" data-id=\"2662fee\" data-element_type=\"section\" data-e-type=\"section\" data-settings=\"{&quot;background_background&quot;:&quot;classic&quot;}\">\n\t\t\t\t\t\t<div class=\"elementor-container elementor-column-gap-no\">\n\t\t\t\t\t<div class=\"elementor-column elementor-col-33 elementor-top-column elementor-element elementor-element-b6813f1\" data-id=\"b6813f1\" data-element_type=\"column\" data-e-type=\"column\">\n\t\t\t<div class=\"elementor-widget-wrap elementor-element-populated\">\n\t\t\t\t\t\t<div class=\"elementor-element elementor-element-44de95a elementor-widget elementor-widget-heading\" data-id=\"44de95a\" data-element_type=\"widget\" data-e-type=\"widget\" data-widget_type=\"heading.default\">\n\t\t\t\t<div class=\"elementor-widget-container\">\n\t\t\t\t\t<h2 class=\"elementor-heading-title elementor-size-default\">Chemische Informationen<\/h2>\t\t\t\t<\/div>\n\t\t\t\t<\/div>\n\t\t\t\t<div class=\"elementor-element elementor-element-235e19a elementor-widget elementor-widget-text-editor\" data-id=\"235e19a\" data-element_type=\"widget\" data-e-type=\"widget\" data-widget_type=\"text-editor.default\">\n\t\t\t\t<div class=\"elementor-widget-container\">\n\t\t\t\t\t\t\t\t\t<ul><li><strong>Chemischer Name:<\/strong> 3,4-Methylendioxy-\u03b1-pyrrolidinoisohexanophenon<\/li><li><strong>CAS-Nummer:<\/strong> 123456-78-9 (verwenden Sie entsprechende Daten, wenn ein spezifisches CAS bekannt ist)<\/li><li><strong>Molekularformel:<\/strong> C17H23NO3<\/li><li><strong>Molare Masse:<\/strong> 289,37 g\/mol<\/li><li><strong>IUPAC-Name:<\/strong> 1-(3,4-Methylendioxyphenyl)-2-(pyrrolidin-1-yl)hexan-1-on<\/li><\/ul>\t\t\t\t\t\t\t\t<\/div>\n\t\t\t\t<\/div>\n\t\t\t\t\t<\/div>\n\t\t<\/div>\n\t\t\t\t<div class=\"elementor-column elementor-col-33 elementor-top-column elementor-element elementor-element-53971a6\" data-id=\"53971a6\" data-element_type=\"column\" data-e-type=\"column\">\n\t\t\t<div class=\"elementor-widget-wrap elementor-element-populated\">\n\t\t\t\t\t\t<div class=\"elementor-element elementor-element-8613d9e elementor-widget elementor-widget-heading\" data-id=\"8613d9e\" data-element_type=\"widget\" data-e-type=\"widget\" data-widget_type=\"heading.default\">\n\t\t\t\t<div class=\"elementor-widget-container\">\n\t\t\t\t\t<h2 class=\"elementor-heading-title elementor-size-default\">Physikalische und chemische Eigenschaften<\/h2>\t\t\t\t<\/div>\n\t\t\t\t<\/div>\n\t\t\t\t<div class=\"elementor-element elementor-element-cfbc0c3 elementor-widget elementor-widget-text-editor\" data-id=\"cfbc0c3\" data-element_type=\"widget\" data-e-type=\"widget\" data-widget_type=\"text-editor.default\">\n\t\t\t\t<div class=\"elementor-widget-container\">\n\t\t\t\t\t\t\t\t\t<ul><li><strong>Bilden:<\/strong> Wei\u00dfes kristallines Pulver<\/li><li><strong>Reinheit:<\/strong> \u226599% (im Labor verifiziert)<\/li><li><strong>Schmelzpunkt:<\/strong> ~146\u2013150\u00b0C<\/li><li><strong>L\u00f6slichkeit:<\/strong> L\u00f6slich in Wasser, Ethanol und Methanol<\/li><li><strong>Stabilit\u00e4t:<\/strong> Stabil unter ordnungsgem\u00e4\u00dfen Lagerbedingungen<\/li><\/ul>\t\t\t\t\t\t\t\t<\/div>\n\t\t\t\t<\/div>\n\t\t\t\t\t<\/div>\n\t\t<\/div>\n\t\t\t\t<div class=\"elementor-column elementor-col-33 elementor-top-column elementor-element elementor-element-2c8e78c\" data-id=\"2c8e78c\" data-element_type=\"column\" data-e-type=\"column\">\n\t\t\t<div class=\"elementor-widget-wrap elementor-element-populated\">\n\t\t\t\t\t\t<div class=\"elementor-element elementor-element-09247dd elementor-widget elementor-widget-heading\" data-id=\"09247dd\" data-element_type=\"widget\" data-e-type=\"widget\" data-widget_type=\"heading.default\">\n\t\t\t\t<div class=\"elementor-widget-container\">\n\t\t\t\t\t<h2 class=\"elementor-heading-title elementor-size-default\">Analytische Daten<\/h2>\t\t\t\t<\/div>\n\t\t\t\t<\/div>\n\t\t\t\t<div class=\"elementor-element elementor-element-9e0a9b7 elementor-widget elementor-widget-text-editor\" data-id=\"9e0a9b7\" data-element_type=\"widget\" data-e-type=\"widget\" data-widget_type=\"text-editor.default\">\n\t\t\t\t<div class=\"elementor-widget-container\">\n\t\t\t\t\t\t\t\t\t<ul><li><strong>NMR (Kernspinresonanz):<\/strong> Best\u00e4tigt die Molek\u00fclstruktur und Konsistenz<\/li><li><strong>MS (Massenspektrometrie):<\/strong> Validiert das Molekulargewicht von 289,37 g\/mol<\/li><li><strong>FTIR (Fourier-Transform-Infrarotspektroskopie):<\/strong> Entspricht Standardreferenzspektren<\/li><\/ul>\t\t\t\t\t\t\t\t<\/div>\n\t\t\t\t<\/div>\n\t\t\t\t\t<\/div>\n\t\t<\/div>\n\t\t\t\t\t<\/div>\n\t\t<\/section>\n\t\t\t\t<section class=\"elementor-section elementor-top-section elementor-element elementor-element-4eef741 elementor-section-boxed elementor-section-height-default elementor-section-height-default\" data-id=\"4eef741\" data-element_type=\"section\" data-e-type=\"section\">\n\t\t\t\t\t\t<div class=\"elementor-container elementor-column-gap-no\">\n\t\t\t\t\t<div class=\"elementor-column elementor-col-100 elementor-top-column elementor-element elementor-element-838c362\" data-id=\"838c362\" data-element_type=\"column\" data-e-type=\"column\">\n\t\t\t<div class=\"elementor-widget-wrap elementor-element-populated\">\n\t\t\t\t\t\t<div class=\"elementor-element elementor-element-35838df elementor-widget elementor-widget-heading\" data-id=\"35838df\" data-element_type=\"widget\" data-e-type=\"widget\" data-widget_type=\"heading.default\">\n\t\t\t\t<div class=\"elementor-widget-container\">\n\t\t\t\t\t<h2 class=\"elementor-heading-title elementor-size-default\">Warum sollten Sie sich f\u00fcr Chemagora f\u00fcr Ihre MDPiHP-Kristalle entscheiden?<\/h2>\t\t\t\t<\/div>\n\t\t\t\t<\/div>\n\t\t\t\t<div class=\"elementor-element elementor-element-7e454b9 elementor-widget elementor-widget-text-editor\" data-id=\"7e454b9\" data-element_type=\"widget\" data-e-type=\"widget\" data-widget_type=\"text-editor.default\">\n\t\t\t\t<div class=\"elementor-widget-container\">\n\t\t\t\t\t\t\t\t\t<h4><strong>1. Hohe Reinheit, im Labor getestet<\/strong><\/h4><p>Chemagoras <strong>MDPiHP-Kristalle<\/strong> werden getestet, um zu garantieren <strong>\u226599% Reinheit<\/strong>, wodurch ein kontaminationsfreies Produkt gew\u00e4hrleistet wird, das f\u00fcr pr\u00e4zise Forschung geeignet ist.<\/p><h4><strong>2. Kristalline Form f\u00fcr Pr\u00e4zision<\/strong><\/h4><p>Die kristalline Form gew\u00e4hrleistet einfache Handhabung, genaue Messungen und Konsistenz bei Laboranwendungen.<\/p><h4><strong>3. Europaweit vertrauensw\u00fcrdig<\/strong><\/h4><p>Von Amsterdam bis Berlin, von Madrid bis Paris ist Chemagora der vertrauensw\u00fcrdige Name f\u00fcr hochwertige <a href=\"https:\/\/chemagora.eu\/de\/product\/3-mmc-pulver\/\"  data-wpil-monitor-id=\"45\">Forschungschemikalien<\/a> in ganz Europa.<\/p><h4><strong>4. Sicherer und diskreter Versand<\/strong><\/h4><p>Wir wissen, wie wichtig Zuverl\u00e4ssigkeit und Vertraulichkeit sind. Bestellungen werden umgehend bearbeitet, diskret verpackt und sicher an Ihren Standort geliefert.<\/p><h4><strong>5. Engagierter Kundensupport<\/strong><\/h4><p>Unser erfahrenes Supportteam beantwortet gerne Ihre Fragen zu Produkten, zum Versand oder zu technischen Fragen und sorgt daf\u00fcr, dass Ihr Erlebnis reibungslos verl\u00e4uft.<\/p>\t\t\t\t\t\t\t\t<\/div>\n\t\t\t\t<\/div>\n\t\t\t\t<div class=\"elementor-element elementor-element-824e2f9 elementor-widget elementor-widget-heading\" data-id=\"824e2f9\" data-element_type=\"widget\" data-e-type=\"widget\" data-widget_type=\"heading.default\">\n\t\t\t\t<div class=\"elementor-widget-container\">\n\t\t\t\t\t<h2 class=\"elementor-heading-title elementor-size-default\">Einhaltung gesetzlicher Vorschriften<\/h2>\t\t\t\t<\/div>\n\t\t\t\t<\/div>\n\t\t\t\t<div class=\"elementor-element elementor-element-6779713 elementor-widget elementor-widget-text-editor\" data-id=\"6779713\" data-element_type=\"widget\" data-e-type=\"widget\" data-widget_type=\"text-editor.default\">\n\t\t\t\t<div class=\"elementor-widget-container\">\n\t\t\t\t\t\t\t\t\t<p>Der rechtliche Status von <strong>MDPiHP-Kristalle<\/strong> kann je nach Standort unterschiedlich sein. Es liegt in der Verantwortung des K\u00e4ufers, vor dem Kauf oder der Verwendung dieses Produkts die Einhaltung aller \u00f6rtlichen Gesetze und Vorschriften sicherzustellen.<\/p>\t\t\t\t\t\t\t\t<\/div>\n\t\t\t\t<\/div>\n\t\t\t\t<div class=\"elementor-element elementor-element-9d4a2cf elementor-alert-info elementor-widget elementor-widget-alert\" data-id=\"9d4a2cf\" data-element_type=\"widget\" data-e-type=\"widget\" data-widget_type=\"alert.default\">\n\t\t\t\t<div class=\"elementor-widget-container\">\n\t\t\t\t\t\t\t<div class=\"elementor-alert\" role=\"alert\">\n\n\t\t\t\t\t\t<span class=\"elementor-alert-title\">Haftungsausschluss<\/span>\n\t\t\t\n\t\t\t\t\t\t<span class=\"elementor-alert-description\">Dieses Produkt ist ausschlie\u00dflich f\u00fcr Forschungs- und Analysezwecke bestimmt. Es ist unter keinen Umst\u00e4nden f\u00fcr den menschlichen oder tierischen Verzehr bestimmt.<\/span>\n\t\t\t\n\t\t\t\t\t\t<button type=\"button\" class=\"elementor-alert-dismiss\" aria-label=\"Diese Warnung schlie\u00dfen.\">\n\t\t\t\t\t\t\t\t\t<span aria-hidden=\"true\">\u00d7<\/span>\n\t\t\t\t\t\t\t<\/button>\n\t\t\t\n\t\t<\/div>\n\t\t\t\t\t\t<\/div>\n\t\t\t\t<\/div>\n\t\t\t\t<div class=\"elementor-element elementor-element-b14a709 elementor-widget elementor-widget-heading\" data-id=\"b14a709\" data-element_type=\"widget\" data-e-type=\"widget\" data-widget_type=\"heading.default\">\n\t\t\t\t<div class=\"elementor-widget-container\">\n\t\t\t\t\t<h2 class=\"elementor-heading-title elementor-size-default\">Bestellen Sie Ihre MDPiHP-Kristalle noch heute<\/h2>\t\t\t\t<\/div>\n\t\t\t\t<\/div>\n\t\t\t\t<div class=\"elementor-element elementor-element-1307067 elementor-widget elementor-widget-text-editor\" data-id=\"1307067\" data-element_type=\"widget\" data-e-type=\"widget\" data-widget_type=\"text-editor.default\">\n\t\t\t\t<div class=\"elementor-widget-container\">\n\t\t\t\t\t\t\t\t\t<p>Optimieren Sie Ihre Forschung mit Chemagoras <strong>hochreine MDPiHP-Kristalle<\/strong>. Forscher in ganz Europa vertrauen auf unsere Produkte, denn sie bieten au\u00dfergew\u00f6hnliche Qualit\u00e4t, sichere Lieferung und zuverl\u00e4ssigen Kundensupport.<\/p>\t\t\t\t\t\t\t\t<\/div>\n\t\t\t\t<\/div>\n\t\t\t\t\t<\/div>\n\t\t<\/div>\n\t\t\t\t\t<\/div>\n\t\t<\/section>\n\t\t\t\t<\/div>","protected":false},"excerpt":{"rendered":"<p>Sorgf\u00e4ltig getestete Forschungschemikalien, konform, vertrauensw\u00fcrdig und mit Pr\u00e4zision und Sorgfalt geliefert.<\/p>","protected":false},"featured_media":1940,"comment_status":"open","ping_status":"closed","template":"","meta":{"inline_featured_image":false},"etheme_brands":[],"product_brand":[],"product_cat":[44],"product_tag":[77,78,76,48],"class_list":{"0":"post-508","1":"product","2":"type-product","3":"status-publish","4":"has-post-thumbnail","6":"product_cat-mdpihp","7":"product_tag-buy-mdpihp","8":"product_tag-mdpihp","9":"product_tag-mdpihp-crystal","10":"product_tag-research-chemicals","12":"first","13":"instock","14":"shipping-taxable","15":"purchasable","16":"product-type-variable"},"_links":{"self":[{"href":"https:\/\/chemagora.eu\/de\/wp-json\/wp\/v2\/product\/508","targetHints":{"allow":["GET"]}}],"collection":[{"href":"https:\/\/chemagora.eu\/de\/wp-json\/wp\/v2\/product"}],"about":[{"href":"https:\/\/chemagora.eu\/de\/wp-json\/wp\/v2\/types\/product"}],"replies":[{"embeddable":true,"href":"https:\/\/chemagora.eu\/de\/wp-json\/wp\/v2\/comments?post=508"}],"version-history":[{"count":0,"href":"https:\/\/chemagora.eu\/de\/wp-json\/wp\/v2\/product\/508\/revisions"}],"wp:featuredmedia":[{"embeddable":true,"href":"https:\/\/chemagora.eu\/de\/wp-json\/wp\/v2\/media\/1940"}],"wp:attachment":[{"href":"https:\/\/chemagora.eu\/de\/wp-json\/wp\/v2\/media?parent=508"}],"wp:term":[{"taxonomy":"brand","embeddable":true,"href":"https:\/\/chemagora.eu\/de\/wp-json\/wp\/v2\/etheme_brands?post=508"},{"taxonomy":"product_brand","embeddable":true,"href":"https:\/\/chemagora.eu\/de\/wp-json\/wp\/v2\/product_brand?post=508"},{"taxonomy":"product_cat","embeddable":true,"href":"https:\/\/chemagora.eu\/de\/wp-json\/wp\/v2\/product_cat?post=508"},{"taxonomy":"product_tag","embeddable":true,"href":"https:\/\/chemagora.eu\/de\/wp-json\/wp\/v2\/product_tag?post=508"}],"curies":[{"name":"wp","href":"https:\/\/api.w.org\/{rel}","templated":true}]}}