{"id":512,"date":"2022-10-06T11:29:12","date_gmt":"2022-10-06T11:29:12","guid":{"rendered":"https:\/\/xstore.8theme.com\/elementor\/demos\/hemp-and-cbd\/?post_type=product&#038;p=512"},"modified":"2025-09-04T04:03:46","modified_gmt":"2025-09-04T04:03:46","slug":"mdphp-pulver","status":"publish","type":"product","link":"https:\/\/chemagora.eu\/de\/product\/mdphp-pulver\/","title":{"rendered":"MDPHP-Pulver"},"content":{"rendered":"<div data-elementor-type=\"wp-post\" data-elementor-id=\"512\" class=\"elementor elementor-512\" data-elementor-post-type=\"product\">\n\t\t\t\t\t\t<section class=\"elementor-section elementor-top-section elementor-element elementor-element-e05377e elementor-section-boxed elementor-section-height-default elementor-section-height-default\" data-id=\"e05377e\" data-element_type=\"section\" data-e-type=\"section\">\n\t\t\t\t\t\t<div class=\"elementor-container elementor-column-gap-no\">\n\t\t\t\t\t<div class=\"elementor-column elementor-col-100 elementor-top-column elementor-element elementor-element-5be546f\" data-id=\"5be546f\" data-element_type=\"column\" data-e-type=\"column\">\n\t\t\t<div class=\"elementor-widget-wrap elementor-element-populated\">\n\t\t\t\t\t\t<div class=\"elementor-element elementor-element-3a513b0 elementor-widget elementor-widget-heading\" data-id=\"3a513b0\" data-element_type=\"widget\" data-e-type=\"widget\" data-widget_type=\"heading.default\">\n\t\t\t\t<div class=\"elementor-widget-container\">\n\t\t\t\t\t<h2 class=\"elementor-heading-title elementor-size-default\">MDPHP-Pulver online kaufen | Hochreine Forschungschemikalien von Chemagora<\/h2>\t\t\t\t<\/div>\n\t\t\t\t<\/div>\n\t\t\t\t<div class=\"elementor-element elementor-element-8d81f9d elementor-widget elementor-widget-text-editor\" data-id=\"8d81f9d\" data-element_type=\"widget\" data-e-type=\"widget\" data-widget_type=\"text-editor.default\">\n\t\t\t\t<div class=\"elementor-widget-container\">\n\t\t\t\t\t\t\t\t\t<p>Auf der Suche nach <strong>MDPHP-Pulver<\/strong> um Ihre Spitzenforschung zu unterst\u00fctzen? <a href=\"https:\/\/chemagora.eu\/de\/geschaft\/\">Chemagora<\/a> ist hier, um Labore und Wissenschaftler in ganz Europa mit hochreinen Forschungschemikalien zu versorgen. Ob Sie in Deutschland, Frankreich, Italien, Spanien oder den Niederlanden sind, wir garantieren schnelle Lieferung, Produkte von h\u00f6chster Qualit\u00e4t und hervorragenden Kundenservice.<\/p>\t\t\t\t\t\t\t\t<\/div>\n\t\t\t\t<\/div>\n\t\t\t\t<div class=\"elementor-element elementor-element-2091812 elementor-widget elementor-widget-heading\" data-id=\"2091812\" data-element_type=\"widget\" data-e-type=\"widget\" data-widget_type=\"heading.default\">\n\t\t\t\t<div class=\"elementor-widget-container\">\n\t\t\t\t\t<h2 class=\"elementor-heading-title elementor-size-default\">Was ist MDPHP?<\/h2>\t\t\t\t<\/div>\n\t\t\t\t<\/div>\n\t\t\t\t<div class=\"elementor-element elementor-element-3a1c6f2 elementor-widget elementor-widget-text-editor\" data-id=\"3a1c6f2\" data-element_type=\"widget\" data-e-type=\"widget\" data-widget_type=\"text-editor.default\">\n\t\t\t\t<div class=\"elementor-widget-container\">\n\t\t\t\t\t\t\t\t\t<p><strong>3\u2032,4\u2032-Methylendioxy-\u03b1-pyrrolidinohexiophenon (MDPHP)<\/strong> ist ein synthetisches Cathinon und ein Mitglied der Pyrrolidin-Klasse. MDPHP ist f\u00fcr seine einzigartigen chemischen Eigenschaften bekannt und verf\u00fcgt \u00fcber eine Methylendioxygruppe, die an den Benzolring gebunden ist, und eine verl\u00e4ngerte Alkylseitenkette, was es zu einer spannenden Verbindung f\u00fcr fortgeschrittene <a href=\"https:\/\/chemagora.eu\/de\/product\/\u03b1-pihp-crystal\/\"  data-wpil-monitor-id=\"40\">Chemische und pharmakologische Forschung<\/a>. Unser <strong>MDPHP-Pulver<\/strong> wird hergestellt und getestet, um h\u00f6chste Qualit\u00e4t f\u00fcr zuverl\u00e4ssige Ergebnisse bei Laboranwendungen zu liefern.<\/p>\t\t\t\t\t\t\t\t<\/div>\n\t\t\t\t<\/div>\n\t\t\t\t\t<\/div>\n\t\t<\/div>\n\t\t\t\t\t<\/div>\n\t\t<\/section>\n\t\t\t\t<section class=\"elementor-section elementor-top-section elementor-element elementor-element-c651a03 elementor-section-boxed elementor-section-height-default elementor-section-height-default\" data-id=\"c651a03\" data-element_type=\"section\" data-e-type=\"section\" data-settings=\"{&quot;background_background&quot;:&quot;classic&quot;}\">\n\t\t\t\t\t\t<div class=\"elementor-container elementor-column-gap-no\">\n\t\t\t\t\t<div class=\"elementor-column elementor-col-33 elementor-top-column elementor-element elementor-element-906e496\" data-id=\"906e496\" data-element_type=\"column\" data-e-type=\"column\">\n\t\t\t<div class=\"elementor-widget-wrap elementor-element-populated\">\n\t\t\t\t\t\t<div class=\"elementor-element elementor-element-20df48e elementor-widget elementor-widget-heading\" data-id=\"20df48e\" data-element_type=\"widget\" data-e-type=\"widget\" data-widget_type=\"heading.default\">\n\t\t\t\t<div class=\"elementor-widget-container\">\n\t\t\t\t\t<h2 class=\"elementor-heading-title elementor-size-default\">Chemische Informationen<\/h2>\t\t\t\t<\/div>\n\t\t\t\t<\/div>\n\t\t\t\t<div class=\"elementor-element elementor-element-6f7251b elementor-widget elementor-widget-text-editor\" data-id=\"6f7251b\" data-element_type=\"widget\" data-e-type=\"widget\" data-widget_type=\"text-editor.default\">\n\t\t\t\t<div class=\"elementor-widget-container\">\n\t\t\t\t\t\t\t\t\t<ul><li><strong>Chemischer Name:<\/strong> 3\u2032,4\u2032-Methylendioxy-\u03b1-pyrrolidinohexiophenon<\/li><li><strong>CAS-Nummer:<\/strong> 776994-64-0<\/li><li><strong>Molekularformel:<\/strong> C17H23NO3<\/li><li><strong>Molare Masse:<\/strong> 289,37 g\/mol<\/li><li><strong>IUPAC-Name:<\/strong> 1-(Benzo[d][1,3]dioxol-5-yl)-2-(pyrrolidin-1-yl)hexan-1-on<\/li><\/ul>\t\t\t\t\t\t\t\t<\/div>\n\t\t\t\t<\/div>\n\t\t\t\t\t<\/div>\n\t\t<\/div>\n\t\t\t\t<div class=\"elementor-column elementor-col-33 elementor-top-column elementor-element elementor-element-8f8d918\" data-id=\"8f8d918\" data-element_type=\"column\" data-e-type=\"column\">\n\t\t\t<div class=\"elementor-widget-wrap elementor-element-populated\">\n\t\t\t\t\t\t<div class=\"elementor-element elementor-element-0c8afdd elementor-widget elementor-widget-heading\" data-id=\"0c8afdd\" data-element_type=\"widget\" data-e-type=\"widget\" data-widget_type=\"heading.default\">\n\t\t\t\t<div class=\"elementor-widget-container\">\n\t\t\t\t\t<h2 class=\"elementor-heading-title elementor-size-default\">Physikalische und chemische Eigenschaften<\/h2>\t\t\t\t<\/div>\n\t\t\t\t<\/div>\n\t\t\t\t<div class=\"elementor-element elementor-element-e35d26c elementor-widget elementor-widget-text-editor\" data-id=\"e35d26c\" data-element_type=\"widget\" data-e-type=\"widget\" data-widget_type=\"text-editor.default\">\n\t\t\t\t<div class=\"elementor-widget-container\">\n\t\t\t\t\t\t\t\t\t<ul><li><strong>Bilden:<\/strong> Wei\u00dfes feines Pulver<\/li><li><strong>Reinheit:<\/strong> \u226599% (im Labor getestet und verifiziert)<\/li><li><strong>Schmelzpunkt:<\/strong> ~120\u2013125\u00b0C<\/li><li><strong>L\u00f6slichkeit:<\/strong> L\u00f6slich in Wasser, Ethanol und Methanol<\/li><li><strong>Stabilit\u00e4t:<\/strong> Stabil bei Lagerung unter empfohlenen Bedingungen<\/li><\/ul>\t\t\t\t\t\t\t\t<\/div>\n\t\t\t\t<\/div>\n\t\t\t\t\t<\/div>\n\t\t<\/div>\n\t\t\t\t<div class=\"elementor-column elementor-col-33 elementor-top-column elementor-element elementor-element-dc59bc6\" data-id=\"dc59bc6\" data-element_type=\"column\" data-e-type=\"column\">\n\t\t\t<div class=\"elementor-widget-wrap elementor-element-populated\">\n\t\t\t\t\t\t<div class=\"elementor-element elementor-element-f5e52d9 elementor-widget elementor-widget-heading\" data-id=\"f5e52d9\" data-element_type=\"widget\" data-e-type=\"widget\" data-widget_type=\"heading.default\">\n\t\t\t\t<div class=\"elementor-widget-container\">\n\t\t\t\t\t<h2 class=\"elementor-heading-title elementor-size-default\">Analytische Daten<\/h2>\t\t\t\t<\/div>\n\t\t\t\t<\/div>\n\t\t\t\t<div class=\"elementor-element elementor-element-513a9cf elementor-widget elementor-widget-text-editor\" data-id=\"513a9cf\" data-element_type=\"widget\" data-e-type=\"widget\" data-widget_type=\"text-editor.default\">\n\t\t\t\t<div class=\"elementor-widget-container\">\n\t\t\t\t\t\t\t\t\t<ul><li><strong>NMR (Kernspinresonanz):<\/strong> Best\u00e4tigt die Molek\u00fclstruktur<\/li><li><strong>MS (Massenspektrometrie):<\/strong> Entspricht einem Molekulargewicht von 289,37 g\/mol<\/li><li><strong>FTIR (Fourier-Transform-Infrarotspektroskopie):<\/strong> Entspricht Referenzspektren f\u00fcr MDPHP<\/li><\/ul>\t\t\t\t\t\t\t\t<\/div>\n\t\t\t\t<\/div>\n\t\t\t\t\t<\/div>\n\t\t<\/div>\n\t\t\t\t\t<\/div>\n\t\t<\/section>\n\t\t\t\t<section class=\"elementor-section elementor-top-section elementor-element elementor-element-fdff062 elementor-section-boxed elementor-section-height-default elementor-section-height-default\" data-id=\"fdff062\" data-element_type=\"section\" data-e-type=\"section\">\n\t\t\t\t\t\t<div class=\"elementor-container elementor-column-gap-no\">\n\t\t\t\t\t<div class=\"elementor-column elementor-col-100 elementor-top-column elementor-element elementor-element-b21049e\" data-id=\"b21049e\" data-element_type=\"column\" data-e-type=\"column\">\n\t\t\t<div class=\"elementor-widget-wrap elementor-element-populated\">\n\t\t\t\t\t\t<div class=\"elementor-element elementor-element-c433251 elementor-widget elementor-widget-heading\" data-id=\"c433251\" data-element_type=\"widget\" data-e-type=\"widget\" data-widget_type=\"heading.default\">\n\t\t\t\t<div class=\"elementor-widget-container\">\n\t\t\t\t\t<h2 class=\"elementor-heading-title elementor-size-default\">Warum sollten Sie Chemagora f\u00fcr Ihr MDPHP-Pulver w\u00e4hlen?<\/h2>\t\t\t\t<\/div>\n\t\t\t\t<\/div>\n\t\t\t\t<div class=\"elementor-element elementor-element-c9f9a37 elementor-widget elementor-widget-text-editor\" data-id=\"c9f9a37\" data-element_type=\"widget\" data-e-type=\"widget\" data-widget_type=\"text-editor.default\">\n\t\t\t\t<div class=\"elementor-widget-container\">\n\t\t\t\t\t\t\t\t\t<h4><strong>1. Kompromisslose Reinheit<\/strong><\/h4><p>Unser <strong>MDPHP-Pulver<\/strong> wird im Labor getestet, um sicherzustellen <strong>\u226599% Reinheit<\/strong>, wodurch den Forschern ein Produkt ohne Verunreinigungen zur Verf\u00fcgung gestellt wird.<\/p><h4><strong>2. Einfach zu verwendende Pulverform<\/strong><\/h4><p>Die feine Pulverform gew\u00e4hrleistet genaue Messungen, einfache Handhabung und pr\u00e4zise Anwendung und eignet sich daher f\u00fcr komplexe Laborverfahren.<\/p><h4><strong>3. Europaweit vertrauensw\u00fcrdig<\/strong><\/h4><p>Von Amsterdam bis Berlin, von Paris bis Madrid ist Chemagora der bevorzugte Lieferant f\u00fcr Forschungsexperten in ganz Europa und bekannt f\u00fcr sein Engagement f\u00fcr Qualit\u00e4t und Konformit\u00e4t.<\/p><h4><strong>4. Schneller und sicherer Versand<\/strong><\/h4><p>Alle Bestellungen werden umgehend bearbeitet und in diskreter, manipulationssicherer Verpackung versendet, um sicherzustellen, dass Ihr Produkt sicher und p\u00fcnktlich ankommt.<\/p><h4><strong>5. Engagierter Kundensupport<\/strong><\/h4><p>Unser erfahrenes Team steht Ihnen bei allen Fragen zur Seite und stellt sicher, dass Sie w\u00e4hrend Ihres Kaufs und dar\u00fcber hinaus die volle Unterst\u00fctzung erhalten, die Sie brauchen.<\/p>\t\t\t\t\t\t\t\t<\/div>\n\t\t\t\t<\/div>\n\t\t\t\t<div class=\"elementor-element elementor-element-5481a2b elementor-widget elementor-widget-heading\" data-id=\"5481a2b\" data-element_type=\"widget\" data-e-type=\"widget\" data-widget_type=\"heading.default\">\n\t\t\t\t<div class=\"elementor-widget-container\">\n\t\t\t\t\t<h2 class=\"elementor-heading-title elementor-size-default\">Einhaltung gesetzlicher Vorschriften<\/h2>\t\t\t\t<\/div>\n\t\t\t\t<\/div>\n\t\t\t\t<div class=\"elementor-element elementor-element-d430f49 elementor-widget elementor-widget-text-editor\" data-id=\"d430f49\" data-element_type=\"widget\" data-e-type=\"widget\" data-widget_type=\"text-editor.default\">\n\t\t\t\t<div class=\"elementor-widget-container\">\n\t\t\t\t\t\t\t\t\t<p>Der rechtliche Status von <strong>MDPHP-Pulver<\/strong> ist von Land zu Land unterschiedlich. Es liegt in der Verantwortung des K\u00e4ufers, vor dem Kauf oder der Verwendung dieses Produkts die Einhaltung aller geltenden Gesetze und Vorschriften sicherzustellen.<\/p>\t\t\t\t\t\t\t\t<\/div>\n\t\t\t\t<\/div>\n\t\t\t\t<div class=\"elementor-element elementor-element-a2d5024 elementor-alert-info elementor-widget elementor-widget-alert\" data-id=\"a2d5024\" data-element_type=\"widget\" data-e-type=\"widget\" data-widget_type=\"alert.default\">\n\t\t\t\t<div class=\"elementor-widget-container\">\n\t\t\t\t\t\t\t<div class=\"elementor-alert\" role=\"alert\">\n\n\t\t\t\t\t\t<span class=\"elementor-alert-title\">Haftungsausschluss<\/span>\n\t\t\t\n\t\t\t\t\t\t<span class=\"elementor-alert-description\">Dieses Produkt ist ausschlie\u00dflich f\u00fcr Forschungs- und Analysezwecke bestimmt. Es ist unter keinen Umst\u00e4nden f\u00fcr den menschlichen oder tierischen Verzehr bestimmt.<\/span>\n\t\t\t\n\t\t\t\t\t\t<button type=\"button\" class=\"elementor-alert-dismiss\" aria-label=\"Diese Warnung schlie\u00dfen.\">\n\t\t\t\t\t\t\t\t\t<span aria-hidden=\"true\">\u00d7<\/span>\n\t\t\t\t\t\t\t<\/button>\n\t\t\t\n\t\t<\/div>\n\t\t\t\t\t\t<\/div>\n\t\t\t\t<\/div>\n\t\t\t\t<div class=\"elementor-element elementor-element-ea09a13 elementor-widget elementor-widget-heading\" data-id=\"ea09a13\" data-element_type=\"widget\" data-e-type=\"widget\" data-widget_type=\"heading.default\">\n\t\t\t\t<div class=\"elementor-widget-container\">\n\t\t\t\t\t<h2 class=\"elementor-heading-title elementor-size-default\">Bestellen Sie Ihr MDPHP-Pulver noch heute<\/h2>\t\t\t\t<\/div>\n\t\t\t\t<\/div>\n\t\t\t\t<div class=\"elementor-element elementor-element-abc501c elementor-widget elementor-widget-text-editor\" data-id=\"abc501c\" data-element_type=\"widget\" data-e-type=\"widget\" data-widget_type=\"text-editor.default\">\n\t\t\t\t<div class=\"elementor-widget-container\">\n\t\t\t\t\t\t\t\t\t<p>Bringen Sie Ihre Forschung auf die n\u00e4chste Ebene mit Chemagoras <strong>hochreines MDPHP-Pulver<\/strong>. Wissenschaftler in ganz Europa vertrauen auf unsere Produkte, denn sie bieten Qualit\u00e4t, Zuverl\u00e4ssigkeit und konsistente Ergebnisse.<\/p>\t\t\t\t\t\t\t\t<\/div>\n\t\t\t\t<\/div>\n\t\t\t\t\t<\/div>\n\t\t<\/div>\n\t\t\t\t\t<\/div>\n\t\t<\/section>\n\t\t\t\t<\/div>","protected":false},"excerpt":{"rendered":"<p>Sorgf\u00e4ltig getestete Forschungschemikalien, konform, vertrauensw\u00fcrdig und mit Pr\u00e4zision und Sorgfalt geliefert.<\/p>","protected":false},"featured_media":1918,"comment_status":"open","ping_status":"closed","template":"","meta":{"inline_featured_image":false},"etheme_brands":[],"product_brand":[],"product_cat":[43],"product_tag":[],"class_list":{"0":"post-512","1":"product","2":"type-product","3":"status-publish","4":"has-post-thumbnail","6":"product_cat-mdphp","8":"first","9":"instock","10":"shipping-taxable","11":"purchasable","12":"product-type-variable"},"_links":{"self":[{"href":"https:\/\/chemagora.eu\/de\/wp-json\/wp\/v2\/product\/512","targetHints":{"allow":["GET"]}}],"collection":[{"href":"https:\/\/chemagora.eu\/de\/wp-json\/wp\/v2\/product"}],"about":[{"href":"https:\/\/chemagora.eu\/de\/wp-json\/wp\/v2\/types\/product"}],"replies":[{"embeddable":true,"href":"https:\/\/chemagora.eu\/de\/wp-json\/wp\/v2\/comments?post=512"}],"version-history":[{"count":0,"href":"https:\/\/chemagora.eu\/de\/wp-json\/wp\/v2\/product\/512\/revisions"}],"wp:featuredmedia":[{"embeddable":true,"href":"https:\/\/chemagora.eu\/de\/wp-json\/wp\/v2\/media\/1918"}],"wp:attachment":[{"href":"https:\/\/chemagora.eu\/de\/wp-json\/wp\/v2\/media?parent=512"}],"wp:term":[{"taxonomy":"brand","embeddable":true,"href":"https:\/\/chemagora.eu\/de\/wp-json\/wp\/v2\/etheme_brands?post=512"},{"taxonomy":"product_brand","embeddable":true,"href":"https:\/\/chemagora.eu\/de\/wp-json\/wp\/v2\/product_brand?post=512"},{"taxonomy":"product_cat","embeddable":true,"href":"https:\/\/chemagora.eu\/de\/wp-json\/wp\/v2\/product_cat?post=512"},{"taxonomy":"product_tag","embeddable":true,"href":"https:\/\/chemagora.eu\/de\/wp-json\/wp\/v2\/product_tag?post=512"}],"curies":[{"name":"wp","href":"https:\/\/api.w.org\/{rel}","templated":true}]}}