{"id":520,"date":"2022-10-06T11:29:15","date_gmt":"2022-10-06T11:29:15","guid":{"rendered":"https:\/\/xstore.8theme.com\/elementor\/demos\/hemp-and-cbd\/?post_type=product&#038;p=520"},"modified":"2025-01-24T12:02:11","modified_gmt":"2025-01-24T12:02:11","slug":"\u03b1-php-pellets","status":"publish","type":"product","link":"https:\/\/chemagora.eu\/de\/product\/\u03b1-php-pellets\/","title":{"rendered":"A-PHP Pellets"},"content":{"rendered":"<div data-elementor-type=\"wp-post\" data-elementor-id=\"520\" class=\"elementor elementor-520\" data-elementor-post-type=\"product\">\n\t\t\t\t\t\t<section class=\"elementor-section elementor-top-section elementor-element elementor-element-4d4e633 elementor-section-boxed elementor-section-height-default elementor-section-height-default\" data-id=\"4d4e633\" data-element_type=\"section\" data-e-type=\"section\">\n\t\t\t\t\t\t<div class=\"elementor-container elementor-column-gap-no\">\n\t\t\t\t\t<div class=\"elementor-column elementor-col-100 elementor-top-column elementor-element elementor-element-d24df5f\" data-id=\"d24df5f\" data-element_type=\"column\" data-e-type=\"column\">\n\t\t\t<div class=\"elementor-widget-wrap elementor-element-populated\">\n\t\t\t\t\t\t<div class=\"elementor-element elementor-element-6014e9f elementor-widget elementor-widget-heading\" data-id=\"6014e9f\" data-element_type=\"widget\" data-e-type=\"widget\" data-widget_type=\"heading.default\">\n\t\t\t\t<div class=\"elementor-widget-container\">\n\t\t\t\t\t<h2 class=\"elementor-heading-title elementor-size-default\">\u03b1-PHP-Pellets online kaufen | Hochreine Forschungschemikalien von Chemagora<\/h2>\t\t\t\t<\/div>\n\t\t\t\t<\/div>\n\t\t\t\t<div class=\"elementor-element elementor-element-2bab0b3 elementor-widget elementor-widget-text-editor\" data-id=\"2bab0b3\" data-element_type=\"widget\" data-e-type=\"widget\" data-widget_type=\"text-editor.default\">\n\t\t\t\t<div class=\"elementor-widget-container\">\n\t\t\t\t\t\t\t\t\t<p>Auf der Suche nach Premium-Qualit\u00e4t <strong>\u03b1-PHP Pellets<\/strong> um Ihre Forschung zu verbessern? <a href=\"https:\/\/chemagora.eu\/de\/geschaft\/\">Chemagora<\/a> ist der vertrauensw\u00fcrdige Name f\u00fcr Forscher und Labore in ganz Europa und bietet hochreine Produkte, die durch sicheren Versand und au\u00dfergew\u00f6hnlichen Kundensupport unterst\u00fctzt werden. Egal, ob Sie in Deutschland, Frankreich, Spanien, Italien oder den Niederlanden ans\u00e4ssig sind, unsere <strong>\u03b1-PHP Pellets<\/strong> sind die ideale L\u00f6sung f\u00fcr Ihre <a href=\"http:\/\/sky-chemicals.com\" target=\"_blank\" rel=\"noopener\">Labor<\/a> Bed\u00fcrfnisse.<\/p>\t\t\t\t\t\t\t\t<\/div>\n\t\t\t\t<\/div>\n\t\t\t\t<div class=\"elementor-element elementor-element-2c0e9ec elementor-widget elementor-widget-heading\" data-id=\"2c0e9ec\" data-element_type=\"widget\" data-e-type=\"widget\" data-widget_type=\"heading.default\">\n\t\t\t\t<div class=\"elementor-widget-container\">\n\t\t\t\t\t<h2 class=\"elementor-heading-title elementor-size-default\">Was ist \u03b1-PHP?<\/h2>\t\t\t\t<\/div>\n\t\t\t\t<\/div>\n\t\t\t\t<div class=\"elementor-element elementor-element-bb9ddb7 elementor-widget elementor-widget-text-editor\" data-id=\"bb9ddb7\" data-element_type=\"widget\" data-e-type=\"widget\" data-widget_type=\"text-editor.default\">\n\t\t\t\t<div class=\"elementor-widget-container\">\n\t\t\t\t\t\t\t\t\t<p><strong>\u03b1-Pyrrolidinohexiophenon (\u03b1-PHP)<\/strong> ist ein synthetisches Cathinon, das f\u00fcr seine einzigartige chemische Struktur und Eigenschaften bekannt ist. \u03b1-PHP ist ein Derivat von \u03b1-PVP und weist eine verl\u00e4ngerte Alkylkette auf, die ihm besondere Eigenschaften verleiht, die es zu einer wichtigen Verbindung in der fortgeschrittenen chemischen Forschung machen. Dieses in Pelletform gelieferte Produkt gew\u00e4hrleistet eine einfache Handhabung und pr\u00e4zise Anwendung und ist daher bei Wissenschaftlern eine beliebte Wahl.<\/p>\t\t\t\t\t\t\t\t<\/div>\n\t\t\t\t<\/div>\n\t\t\t\t\t<\/div>\n\t\t<\/div>\n\t\t\t\t\t<\/div>\n\t\t<\/section>\n\t\t\t\t<section class=\"elementor-section elementor-top-section elementor-element elementor-element-992eccc elementor-section-boxed elementor-section-height-default elementor-section-height-default\" data-id=\"992eccc\" data-element_type=\"section\" data-e-type=\"section\" data-settings=\"{&quot;background_background&quot;:&quot;classic&quot;}\">\n\t\t\t\t\t\t<div class=\"elementor-container elementor-column-gap-no\">\n\t\t\t\t\t<div class=\"elementor-column elementor-col-33 elementor-top-column elementor-element elementor-element-4d253b2\" data-id=\"4d253b2\" data-element_type=\"column\" data-e-type=\"column\">\n\t\t\t<div class=\"elementor-widget-wrap elementor-element-populated\">\n\t\t\t\t\t\t<div class=\"elementor-element elementor-element-7940355 elementor-widget elementor-widget-heading\" data-id=\"7940355\" data-element_type=\"widget\" data-e-type=\"widget\" data-widget_type=\"heading.default\">\n\t\t\t\t<div class=\"elementor-widget-container\">\n\t\t\t\t\t<h2 class=\"elementor-heading-title elementor-size-default\">Chemische Informationen<\/h2>\t\t\t\t<\/div>\n\t\t\t\t<\/div>\n\t\t\t\t<div class=\"elementor-element elementor-element-acbf033 elementor-widget elementor-widget-text-editor\" data-id=\"acbf033\" data-element_type=\"widget\" data-e-type=\"widget\" data-widget_type=\"text-editor.default\">\n\t\t\t\t<div class=\"elementor-widget-container\">\n\t\t\t\t\t\t\t\t\t<ul><li><strong>Chemischer Name:<\/strong> \u03b1-Pyrrolidinohexiophenon<\/li><li><strong>CAS-Nummer:<\/strong> 13415-86-6<\/li><li><strong>Molekularformel:<\/strong> C16H23NO<\/li><li><strong>Molare Masse:<\/strong> 245,36 g\/mol<\/li><li><strong>IUPAC-Name:<\/strong> 1-Phenyl-2-(pyrrolidin-1-yl)hexan-1-on<\/li><\/ul>\t\t\t\t\t\t\t\t<\/div>\n\t\t\t\t<\/div>\n\t\t\t\t\t<\/div>\n\t\t<\/div>\n\t\t\t\t<div class=\"elementor-column elementor-col-33 elementor-top-column elementor-element elementor-element-a902acf\" data-id=\"a902acf\" data-element_type=\"column\" data-e-type=\"column\">\n\t\t\t<div class=\"elementor-widget-wrap elementor-element-populated\">\n\t\t\t\t\t\t<div class=\"elementor-element elementor-element-588650b elementor-widget elementor-widget-heading\" data-id=\"588650b\" data-element_type=\"widget\" data-e-type=\"widget\" data-widget_type=\"heading.default\">\n\t\t\t\t<div class=\"elementor-widget-container\">\n\t\t\t\t\t<h2 class=\"elementor-heading-title elementor-size-default\">Physikalische und chemische Eigenschaften<\/h2>\t\t\t\t<\/div>\n\t\t\t\t<\/div>\n\t\t\t\t<div class=\"elementor-element elementor-element-ac5726b elementor-widget elementor-widget-text-editor\" data-id=\"ac5726b\" data-element_type=\"widget\" data-e-type=\"widget\" data-widget_type=\"text-editor.default\">\n\t\t\t\t<div class=\"elementor-widget-container\">\n\t\t\t\t\t\t\t\t\t<ul><li><strong>Form: 120mg Pellets<\/strong><\/li><li><strong>Reinheit:<\/strong> \u226599% (durch Labortests best\u00e4tigt)<\/li><li><strong>Schmelzpunkt:<\/strong> ~108,9 \u00b0C<\/li><li><strong>L\u00f6slichkeit:<\/strong> L\u00f6slich in Wasser, Ethanol und Methanol<\/li><li><strong>Stabilit\u00e4t:<\/strong> Hohe Stabilit\u00e4t unter geeigneten Lagerbedingungen<\/li><\/ul>\t\t\t\t\t\t\t\t<\/div>\n\t\t\t\t<\/div>\n\t\t\t\t\t<\/div>\n\t\t<\/div>\n\t\t\t\t<div class=\"elementor-column elementor-col-33 elementor-top-column elementor-element elementor-element-235367a\" data-id=\"235367a\" data-element_type=\"column\" data-e-type=\"column\">\n\t\t\t<div class=\"elementor-widget-wrap elementor-element-populated\">\n\t\t\t\t\t\t<div class=\"elementor-element elementor-element-94c9443 elementor-widget elementor-widget-heading\" data-id=\"94c9443\" data-element_type=\"widget\" data-e-type=\"widget\" data-widget_type=\"heading.default\">\n\t\t\t\t<div class=\"elementor-widget-container\">\n\t\t\t\t\t<h2 class=\"elementor-heading-title elementor-size-default\">Analytische Daten<\/h2>\t\t\t\t<\/div>\n\t\t\t\t<\/div>\n\t\t\t\t<div class=\"elementor-element elementor-element-7cf8259 elementor-widget elementor-widget-text-editor\" data-id=\"7cf8259\" data-element_type=\"widget\" data-e-type=\"widget\" data-widget_type=\"text-editor.default\">\n\t\t\t\t<div class=\"elementor-widget-container\">\n\t\t\t\t\t\t\t\t\t<ul><li><strong>NMR (Kernspinresonanz):<\/strong> Best\u00e4tigt die Molek\u00fclstruktur<\/li><li><strong>MS (Massenspektrometrie):<\/strong> Entspricht einem Molekulargewicht von 245,36 g\/mol<\/li><li><strong>FTIR (Fourier-Transform-Infrarotspektroskopie):<\/strong> Entspricht Referenzspektren f\u00fcr \u03b1-PHP<\/li><\/ul>\t\t\t\t\t\t\t\t<\/div>\n\t\t\t\t<\/div>\n\t\t\t\t\t<\/div>\n\t\t<\/div>\n\t\t\t\t\t<\/div>\n\t\t<\/section>\n\t\t\t\t<section class=\"elementor-section elementor-top-section elementor-element elementor-element-c6f5bd4 elementor-section-boxed elementor-section-height-default elementor-section-height-default\" data-id=\"c6f5bd4\" data-element_type=\"section\" data-e-type=\"section\">\n\t\t\t\t\t\t<div class=\"elementor-container elementor-column-gap-no\">\n\t\t\t\t\t<div class=\"elementor-column elementor-col-100 elementor-top-column elementor-element elementor-element-05e413b\" data-id=\"05e413b\" data-element_type=\"column\" data-e-type=\"column\">\n\t\t\t<div class=\"elementor-widget-wrap elementor-element-populated\">\n\t\t\t\t\t\t<div class=\"elementor-element elementor-element-b918f8f elementor-widget elementor-widget-heading\" data-id=\"b918f8f\" data-element_type=\"widget\" data-e-type=\"widget\" data-widget_type=\"heading.default\">\n\t\t\t\t<div class=\"elementor-widget-container\">\n\t\t\t\t\t<h2 class=\"elementor-heading-title elementor-size-default\">Warum sollten Sie sich bei \u03b1-PHP-Pellets f\u00fcr Chemagora entscheiden?<\/h2>\t\t\t\t<\/div>\n\t\t\t\t<\/div>\n\t\t\t\t<div class=\"elementor-element elementor-element-145d3f5 elementor-widget elementor-widget-text-editor\" data-id=\"145d3f5\" data-element_type=\"widget\" data-e-type=\"widget\" data-widget_type=\"text-editor.default\">\n\t\t\t\t<div class=\"elementor-widget-container\">\n\t\t\t\t\t\t\t\t\t<h4><strong>1. Hohe Reinheit garantiert<\/strong><\/h4><p>Unser <strong>\u03b1-PHP Pellets<\/strong> werden im Labor getestet, um einen Reinheitsgrad von zu gew\u00e4hrleisten <strong>\u226599%<\/strong>, wodurch die Forscher Vertrauen in die Qualit\u00e4t und Konsistenz des Produkts haben.<\/p><h4><strong>2. Einheitliche Pelletform f\u00fcr Pr\u00e4zision<\/strong><\/h4><p>Das pelletierte Format gew\u00e4hrleistet Einheitlichkeit und erleichtert die Handhabung, Messung und Anwendung in kontrollierten Forschungsumgebungen.<\/p><h4><strong>3. Vertrauensw\u00fcrdiger Lieferant in ganz Europa<\/strong><\/h4><p>Von Amsterdam bis Berlin, von Paris bis Madrid ist Chemagora ein zuverl\u00e4ssiger Partner f\u00fcr Forschungseinrichtungen und Fachleute in ganz Europa.<\/p><h4><strong>4. Diskreter und schneller Versand<\/strong><\/h4><p>Schnelle und zuverl\u00e4ssige Lieferungen sind f\u00fcr uns oberste Priorit\u00e4t. Alle Bestellungen werden sicher und diskret versandt, um sicherzustellen, dass Ihr Produkt sicher und p\u00fcnktlich bei Ihnen eintrifft.<\/p><h4><strong>5. Au\u00dfergew\u00f6hnlicher Kundensupport<\/strong><\/h4><p>Unser engagiertes Supportteam beantwortet gerne Ihre Fragen und unterst\u00fctzt Sie w\u00e4hrend des gesamten Kaufvorgangs, um ein reibungsloses und zufriedenstellendes Erlebnis zu gew\u00e4hrleisten.<\/p>\t\t\t\t\t\t\t\t<\/div>\n\t\t\t\t<\/div>\n\t\t\t\t<div class=\"elementor-element elementor-element-6e04cb8 elementor-widget elementor-widget-heading\" data-id=\"6e04cb8\" data-element_type=\"widget\" data-e-type=\"widget\" data-widget_type=\"heading.default\">\n\t\t\t\t<div class=\"elementor-widget-container\">\n\t\t\t\t\t<h2 class=\"elementor-heading-title elementor-size-default\">Einhaltung gesetzlicher Vorschriften<\/h2>\t\t\t\t<\/div>\n\t\t\t\t<\/div>\n\t\t\t\t<div class=\"elementor-element elementor-element-45f7387 elementor-widget elementor-widget-text-editor\" data-id=\"45f7387\" data-element_type=\"widget\" data-e-type=\"widget\" data-widget_type=\"text-editor.default\">\n\t\t\t\t<div class=\"elementor-widget-container\">\n\t\t\t\t\t\t\t\t\t<p>Der rechtliche Status von <strong>\u03b1-PHP Pellets<\/strong> kann je nach Land unterschiedlich sein. Es liegt in der Verantwortung des K\u00e4ufers, vor dem Kauf oder der Verwendung dieses Produkts die Einhaltung der \u00f6rtlichen Gesetze und Vorschriften sicherzustellen.<\/p>\t\t\t\t\t\t\t\t<\/div>\n\t\t\t\t<\/div>\n\t\t\t\t<div class=\"elementor-element elementor-element-03662e5 elementor-alert-info elementor-widget elementor-widget-alert\" data-id=\"03662e5\" data-element_type=\"widget\" data-e-type=\"widget\" data-widget_type=\"alert.default\">\n\t\t\t\t<div class=\"elementor-widget-container\">\n\t\t\t\t\t\t\t<div class=\"elementor-alert\" role=\"alert\">\n\n\t\t\t\t\t\t<span class=\"elementor-alert-title\">Haftungsausschluss<\/span>\n\t\t\t\n\t\t\t\t\t\t<span class=\"elementor-alert-description\">Dieses Produkt ist ausschlie\u00dflich f\u00fcr Forschungs- und Analysezwecke bestimmt. Es ist unter keinen Umst\u00e4nden f\u00fcr den menschlichen oder tierischen Verzehr bestimmt.<\/span>\n\t\t\t\n\t\t\t\t\t\t<button type=\"button\" class=\"elementor-alert-dismiss\" aria-label=\"Diese Warnung schlie\u00dfen.\">\n\t\t\t\t\t\t\t\t\t<span aria-hidden=\"true\">\u00d7<\/span>\n\t\t\t\t\t\t\t<\/button>\n\t\t\t\n\t\t<\/div>\n\t\t\t\t\t\t<\/div>\n\t\t\t\t<\/div>\n\t\t\t\t<div class=\"elementor-element elementor-element-39f190f elementor-widget elementor-widget-heading\" data-id=\"39f190f\" data-element_type=\"widget\" data-e-type=\"widget\" data-widget_type=\"heading.default\">\n\t\t\t\t<div class=\"elementor-widget-container\">\n\t\t\t\t\t<h2 class=\"elementor-heading-title elementor-size-default\">Bestellen Sie noch heute Ihre \u03b1-PHP-Pellets<\/h2>\t\t\t\t<\/div>\n\t\t\t\t<\/div>\n\t\t\t\t<div class=\"elementor-element elementor-element-64f646b elementor-widget elementor-widget-text-editor\" data-id=\"64f646b\" data-element_type=\"widget\" data-e-type=\"widget\" data-widget_type=\"text-editor.default\">\n\t\t\t\t<div class=\"elementor-widget-container\">\n\t\t\t\t\t\t\t\t\t<p>Verbessern Sie Ihre Forschung mit Chemagoras <strong>hochreine \u03b1-PHP Pellets<\/strong>. Wissenschaftler in ganz Europa vertrauen auf unsere Produkte, denn sie bieten Qualit\u00e4t, Zuverl\u00e4ssigkeit und konsistente Ergebnisse.<\/p>\t\t\t\t\t\t\t\t<\/div>\n\t\t\t\t<\/div>\n\t\t\t\t\t<\/div>\n\t\t<\/div>\n\t\t\t\t\t<\/div>\n\t\t<\/section>\n\t\t\t\t<\/div>","protected":false},"excerpt":{"rendered":"<p>Sorgf\u00e4ltig getestete Forschungschemikalien, konform, vertrauensw\u00fcrdig und mit Pr\u00e4zision und Sorgfalt geliefert.<\/p>","protected":false},"featured_media":1882,"comment_status":"open","ping_status":"closed","template":"","meta":{"inline_featured_image":false},"etheme_brands":[],"product_brand":[],"product_cat":[41],"product_tag":[71,70,48,72],"class_list":{"0":"post-520","1":"product","2":"type-product","3":"status-publish","4":"has-post-thumbnail","6":"product_cat-a-php","7":"product_tag-buy--php-pellets","8":"product_tag-buy--php-pellets-online","9":"product_tag-research-chemicals","10":"product_tag--php-pellets","12":"first","13":"instock","14":"shipping-taxable","15":"purchasable","16":"product-type-variable"},"_links":{"self":[{"href":"https:\/\/chemagora.eu\/de\/wp-json\/wp\/v2\/product\/520","targetHints":{"allow":["GET"]}}],"collection":[{"href":"https:\/\/chemagora.eu\/de\/wp-json\/wp\/v2\/product"}],"about":[{"href":"https:\/\/chemagora.eu\/de\/wp-json\/wp\/v2\/types\/product"}],"replies":[{"embeddable":true,"href":"https:\/\/chemagora.eu\/de\/wp-json\/wp\/v2\/comments?post=520"}],"version-history":[{"count":0,"href":"https:\/\/chemagora.eu\/de\/wp-json\/wp\/v2\/product\/520\/revisions"}],"wp:featuredmedia":[{"embeddable":true,"href":"https:\/\/chemagora.eu\/de\/wp-json\/wp\/v2\/media\/1882"}],"wp:attachment":[{"href":"https:\/\/chemagora.eu\/de\/wp-json\/wp\/v2\/media?parent=520"}],"wp:term":[{"taxonomy":"brand","embeddable":true,"href":"https:\/\/chemagora.eu\/de\/wp-json\/wp\/v2\/etheme_brands?post=520"},{"taxonomy":"product_brand","embeddable":true,"href":"https:\/\/chemagora.eu\/de\/wp-json\/wp\/v2\/product_brand?post=520"},{"taxonomy":"product_cat","embeddable":true,"href":"https:\/\/chemagora.eu\/de\/wp-json\/wp\/v2\/product_cat?post=520"},{"taxonomy":"product_tag","embeddable":true,"href":"https:\/\/chemagora.eu\/de\/wp-json\/wp\/v2\/product_tag?post=520"}],"curies":[{"name":"wp","href":"https:\/\/api.w.org\/{rel}","templated":true}]}}