{"id":524,"date":"2022-10-06T11:29:16","date_gmt":"2022-10-06T11:29:16","guid":{"rendered":"https:\/\/xstore.8theme.com\/elementor\/demos\/hemp-and-cbd\/?post_type=product&#038;p=524"},"modified":"2025-01-24T11:43:50","modified_gmt":"2025-01-24T11:43:50","slug":"\u03b1-php-kristall","status":"publish","type":"product","link":"https:\/\/chemagora.eu\/de\/product\/\u03b1-php-kristall\/","title":{"rendered":"A-PHP-Kristall"},"content":{"rendered":"<div data-elementor-type=\"wp-post\" data-elementor-id=\"524\" class=\"elementor elementor-524\" data-elementor-post-type=\"product\">\n\t\t\t\t\t\t<section class=\"elementor-section elementor-top-section elementor-element elementor-element-19bbdf8 elementor-section-boxed elementor-section-height-default elementor-section-height-default\" data-id=\"19bbdf8\" data-element_type=\"section\" data-e-type=\"section\">\n\t\t\t\t\t\t<div class=\"elementor-container elementor-column-gap-no\">\n\t\t\t\t\t<div class=\"elementor-column elementor-col-100 elementor-top-column elementor-element elementor-element-2f39f1a\" data-id=\"2f39f1a\" data-element_type=\"column\" data-e-type=\"column\">\n\t\t\t<div class=\"elementor-widget-wrap elementor-element-populated\">\n\t\t\t\t\t\t<div class=\"elementor-element elementor-element-30f2f60 elementor-widget elementor-widget-heading\" data-id=\"30f2f60\" data-element_type=\"widget\" data-e-type=\"widget\" data-widget_type=\"heading.default\">\n\t\t\t\t<div class=\"elementor-widget-container\">\n\t\t\t\t\t<h2 class=\"elementor-heading-title elementor-size-default\">Kaufen Sie \u03b1-PHP-Kristalle online | Hochreine Forschungschemikalien von Chemagora<\/h2>\t\t\t\t<\/div>\n\t\t\t\t<\/div>\n\t\t\t\t<div class=\"elementor-element elementor-element-5172a89 elementor-widget elementor-widget-text-editor\" data-id=\"5172a89\" data-element_type=\"widget\" data-e-type=\"widget\" data-widget_type=\"text-editor.default\">\n\t\t\t\t<div class=\"elementor-widget-container\">\n\t\t\t\t\t\t\t\t\t<p>Suchen Sie Premium-Qualit\u00e4t <strong>\u03b1-PHP-Kristalle<\/strong> f\u00fcr Ihre wissenschaftliche Forschung? <a href=\"https:\/\/chemagora.eu\/de\/geschaft\/\">Chemagora<\/a>ist es unser Ziel, Forscher in ganz Europa mit hochreinen Verbindungen zu versorgen, um innovative Studien zu unterst\u00fctzen.<\/p>\t\t\t\t\t\t\t\t<\/div>\n\t\t\t\t<\/div>\n\t\t\t\t<div class=\"elementor-element elementor-element-ab8b499 elementor-widget elementor-widget-heading\" data-id=\"ab8b499\" data-element_type=\"widget\" data-e-type=\"widget\" data-widget_type=\"heading.default\">\n\t\t\t\t<div class=\"elementor-widget-container\">\n\t\t\t\t\t<h2 class=\"elementor-heading-title elementor-size-default\">Was ist \u03b1-PHP?<\/h2>\t\t\t\t<\/div>\n\t\t\t\t<\/div>\n\t\t\t\t<div class=\"elementor-element elementor-element-205025b elementor-widget elementor-widget-text-editor\" data-id=\"205025b\" data-element_type=\"widget\" data-e-type=\"widget\" data-widget_type=\"text-editor.default\">\n\t\t\t\t<div class=\"elementor-widget-container\">\n\t\t\t\t\t\t\t\t\t<p><strong>\u03b1-Pyrrolidinohexiophenon (\u03b1-PHP)<\/strong> ist ein synthetisches Stimulans aus der Cathinon-Familie. \u03b1-PHP ist strukturell \u00e4hnlich wie \u03b1-PVP und weist eine l\u00e4ngere Alkylkette auf, die einzigartige physikalische und chemische Eigenschaften bietet. Diese Verbindung ist aufgrund ihrer besonderen Struktur und Eigenschaften Gegenstand fortgeschrittener chemischer und pharmakologischer Studien geworden. Chemagoras <strong>\u03b1-PHP-Kristalle<\/strong> werden mit h\u00f6chster Pr\u00e4zision synthetisiert, um den h\u00f6chsten Standards gerecht zu werden und zuverl\u00e4ssige Ergebnisse f\u00fcr alle Ihre Laboranwendungen zu gew\u00e4hrleisten.<\/p>\t\t\t\t\t\t\t\t<\/div>\n\t\t\t\t<\/div>\n\t\t\t\t\t<\/div>\n\t\t<\/div>\n\t\t\t\t\t<\/div>\n\t\t<\/section>\n\t\t\t\t<section class=\"elementor-section elementor-top-section elementor-element elementor-element-5459a18 elementor-section-boxed elementor-section-height-default elementor-section-height-default\" data-id=\"5459a18\" data-element_type=\"section\" data-e-type=\"section\" data-settings=\"{&quot;background_background&quot;:&quot;classic&quot;}\">\n\t\t\t\t\t\t<div class=\"elementor-container elementor-column-gap-no\">\n\t\t\t\t\t<div class=\"elementor-column elementor-col-33 elementor-top-column elementor-element elementor-element-e679840\" data-id=\"e679840\" data-element_type=\"column\" data-e-type=\"column\">\n\t\t\t<div class=\"elementor-widget-wrap elementor-element-populated\">\n\t\t\t\t\t\t<div class=\"elementor-element elementor-element-df3cfed elementor-widget elementor-widget-heading\" data-id=\"df3cfed\" data-element_type=\"widget\" data-e-type=\"widget\" data-widget_type=\"heading.default\">\n\t\t\t\t<div class=\"elementor-widget-container\">\n\t\t\t\t\t<h2 class=\"elementor-heading-title elementor-size-default\">Chemische Informationen<\/h2>\t\t\t\t<\/div>\n\t\t\t\t<\/div>\n\t\t\t\t<div class=\"elementor-element elementor-element-4f3abce elementor-widget elementor-widget-text-editor\" data-id=\"4f3abce\" data-element_type=\"widget\" data-e-type=\"widget\" data-widget_type=\"text-editor.default\">\n\t\t\t\t<div class=\"elementor-widget-container\">\n\t\t\t\t\t\t\t\t\t<ul><li><strong>Chemischer Name:<\/strong> \u03b1-Pyrrolidinohexiophenon<\/li><li><strong>CAS-Nummer:<\/strong> 13415-86-6<\/li><li><strong>Molekularformel:<\/strong> C16H23NO<\/li><li><strong>Molare Masse:<\/strong> 245,36 g\/mol<\/li><li><strong>IUPAC-Name:<\/strong> 1-Phenyl-2-(pyrrolidin-1-yl)hexan-1-on<\/li><\/ul>\t\t\t\t\t\t\t\t<\/div>\n\t\t\t\t<\/div>\n\t\t\t\t\t<\/div>\n\t\t<\/div>\n\t\t\t\t<div class=\"elementor-column elementor-col-33 elementor-top-column elementor-element elementor-element-e7da0ce\" data-id=\"e7da0ce\" data-element_type=\"column\" data-e-type=\"column\">\n\t\t\t<div class=\"elementor-widget-wrap elementor-element-populated\">\n\t\t\t\t\t\t<div class=\"elementor-element elementor-element-2b926b0 elementor-widget elementor-widget-heading\" data-id=\"2b926b0\" data-element_type=\"widget\" data-e-type=\"widget\" data-widget_type=\"heading.default\">\n\t\t\t\t<div class=\"elementor-widget-container\">\n\t\t\t\t\t<h2 class=\"elementor-heading-title elementor-size-default\">Physikalische und chemische Eigenschaften<\/h2>\t\t\t\t<\/div>\n\t\t\t\t<\/div>\n\t\t\t\t<div class=\"elementor-element elementor-element-aa1e34c elementor-widget elementor-widget-text-editor\" data-id=\"aa1e34c\" data-element_type=\"widget\" data-e-type=\"widget\" data-widget_type=\"text-editor.default\">\n\t\t\t\t<div class=\"elementor-widget-container\">\n\t\t\t\t\t\t\t\t\t<ul><li><strong>Bilden:<\/strong> Wei\u00dfes kristallines Pulver<\/li><li><strong>Reinheit:<\/strong> \u226599% (durch Labortests best\u00e4tigt)<\/li><li><strong>Schmelzpunkt:<\/strong> ~108,9 \u00b0C<\/li><li><strong>L\u00f6slichkeit:<\/strong> L\u00f6slich in Wasser, Ethanol und Methanol<\/li><li><strong>Stabilit\u00e4t:<\/strong> Hohe Stabilit\u00e4t unter geeigneten Lagerbedingungen<\/li><\/ul>\t\t\t\t\t\t\t\t<\/div>\n\t\t\t\t<\/div>\n\t\t\t\t\t<\/div>\n\t\t<\/div>\n\t\t\t\t<div class=\"elementor-column elementor-col-33 elementor-top-column elementor-element elementor-element-a592aa4\" data-id=\"a592aa4\" data-element_type=\"column\" data-e-type=\"column\">\n\t\t\t<div class=\"elementor-widget-wrap elementor-element-populated\">\n\t\t\t\t\t\t<div class=\"elementor-element elementor-element-5b0496a elementor-widget elementor-widget-heading\" data-id=\"5b0496a\" data-element_type=\"widget\" data-e-type=\"widget\" data-widget_type=\"heading.default\">\n\t\t\t\t<div class=\"elementor-widget-container\">\n\t\t\t\t\t<h2 class=\"elementor-heading-title elementor-size-default\">Analytische Daten<\/h2>\t\t\t\t<\/div>\n\t\t\t\t<\/div>\n\t\t\t\t<div class=\"elementor-element elementor-element-85fac4f elementor-widget elementor-widget-text-editor\" data-id=\"85fac4f\" data-element_type=\"widget\" data-e-type=\"widget\" data-widget_type=\"text-editor.default\">\n\t\t\t\t<div class=\"elementor-widget-container\">\n\t\t\t\t\t\t\t\t\t<ul><li><strong>NMR (Kernspinresonanz):<\/strong> Best\u00e4tigt die Molek\u00fclstruktur<\/li><li><strong>MS (Massenspektrometrie):<\/strong> Entspricht einem Molekulargewicht von 245,36 g\/mol<\/li><li><strong>FTIR (Fourier-Transform-Infrarotspektroskopie):<\/strong> Entspricht Referenzspektren f\u00fcr \u03b1-PHP<\/li><\/ul>\t\t\t\t\t\t\t\t<\/div>\n\t\t\t\t<\/div>\n\t\t\t\t\t<\/div>\n\t\t<\/div>\n\t\t\t\t\t<\/div>\n\t\t<\/section>\n\t\t\t\t<section class=\"elementor-section elementor-top-section elementor-element elementor-element-0ef1add elementor-section-boxed elementor-section-height-default elementor-section-height-default\" data-id=\"0ef1add\" data-element_type=\"section\" data-e-type=\"section\">\n\t\t\t\t\t\t<div class=\"elementor-container elementor-column-gap-no\">\n\t\t\t\t\t<div class=\"elementor-column elementor-col-100 elementor-top-column elementor-element elementor-element-f47bd73\" data-id=\"f47bd73\" data-element_type=\"column\" data-e-type=\"column\">\n\t\t\t<div class=\"elementor-widget-wrap elementor-element-populated\">\n\t\t\t\t\t\t<div class=\"elementor-element elementor-element-09680de elementor-widget elementor-widget-heading\" data-id=\"09680de\" data-element_type=\"widget\" data-e-type=\"widget\" data-widget_type=\"heading.default\">\n\t\t\t\t<div class=\"elementor-widget-container\">\n\t\t\t\t\t<h2 class=\"elementor-heading-title elementor-size-default\">Warum sollten Sie sich bei Ihren \u03b1-PHP-Kristallen f\u00fcr Chemagora entscheiden?<\/h2>\t\t\t\t<\/div>\n\t\t\t\t<\/div>\n\t\t\t\t<div class=\"elementor-element elementor-element-687d992 elementor-widget elementor-widget-text-editor\" data-id=\"687d992\" data-element_type=\"widget\" data-e-type=\"widget\" data-widget_type=\"text-editor.default\">\n\t\t\t\t<div class=\"elementor-widget-container\">\n\t\t\t\t\t\t\t\t\t<h4><strong>1. Un\u00fcbertroffene Reinheit<\/strong><\/h4><p>Unser <strong>\u03b1-PHP-Kristalle<\/strong> werden im Labor getestet, um eine Mindestreinheit von <strong>\u226599%<\/strong>und liefert ein Produkt h\u00f6chster Qualit\u00e4t ohne Verunreinigungen.<\/p><h4><strong>2. Pr\u00e4zise kristalline Form<\/strong><\/h4><p>Die wei\u00dfe Kristallstruktur gew\u00e4hrleistet eine einfache Handhabung, genaue Messungen und eine konsistente Anwendung in kontrollierten Forschungsumgebungen.<\/p><h4><strong>3. Europaweit vertrauensw\u00fcrdig<\/strong><\/h4><p>Von Amsterdam bis Berlin, von Paris bis Madrid ist Chemagora Europas f\u00fchrender Lieferant f\u00fcr zuverl\u00e4ssige <a href=\"https:\/\/chemagora.eu\/de\/product\/3-mmc-pulver\/\"  data-wpil-monitor-id=\"31\">Forschungschemikalien<\/a>.<\/p><h4><strong>4. Sicherer und diskreter Versand<\/strong><\/h4><p>Wir wissen, wie wichtig Datenschutz und Zuverl\u00e4ssigkeit sind. Bestellungen werden umgehend bearbeitet und in sicherer, manipulationssicherer Verpackung versandt, um eine sichere und p\u00fcnktliche Lieferung zu gew\u00e4hrleisten.<\/p><h4><strong>5. Engagierter Kundensupport<\/strong><\/h4><p>Unser erfahrenes Team beantwortet gerne Ihre Fragen, egal ob es um Produktdetails, Versandoptionen oder technische Fragen geht. Ihr Erfolg ist unser Ziel.<\/p>\t\t\t\t\t\t\t\t<\/div>\n\t\t\t\t<\/div>\n\t\t\t\t<div class=\"elementor-element elementor-element-e064770 elementor-widget elementor-widget-heading\" data-id=\"e064770\" data-element_type=\"widget\" data-e-type=\"widget\" data-widget_type=\"heading.default\">\n\t\t\t\t<div class=\"elementor-widget-container\">\n\t\t\t\t\t<h2 class=\"elementor-heading-title elementor-size-default\">Einhaltung gesetzlicher Vorschriften<\/h2>\t\t\t\t<\/div>\n\t\t\t\t<\/div>\n\t\t\t\t<div class=\"elementor-element elementor-element-7e534de elementor-widget elementor-widget-text-editor\" data-id=\"7e534de\" data-element_type=\"widget\" data-e-type=\"widget\" data-widget_type=\"text-editor.default\">\n\t\t\t\t<div class=\"elementor-widget-container\">\n\t\t\t\t\t\t\t\t\t<p>Der rechtliche Status von <strong>\u03b1-PHP-Kristalle<\/strong> kann je nach Land unterschiedlich sein. K\u00e4ufer sind daf\u00fcr verantwortlich, vor dem Kauf oder der Verwendung dieses Produkts die Einhaltung der \u00f6rtlichen Gesetze und Vorschriften sicherzustellen.<\/p>\t\t\t\t\t\t\t\t<\/div>\n\t\t\t\t<\/div>\n\t\t\t\t<div class=\"elementor-element elementor-element-a973926 elementor-alert-info elementor-widget elementor-widget-alert\" data-id=\"a973926\" data-element_type=\"widget\" data-e-type=\"widget\" data-widget_type=\"alert.default\">\n\t\t\t\t<div class=\"elementor-widget-container\">\n\t\t\t\t\t\t\t<div class=\"elementor-alert\" role=\"alert\">\n\n\t\t\t\t\t\t<span class=\"elementor-alert-title\">Haftungsausschluss<\/span>\n\t\t\t\n\t\t\t\t\t\t<span class=\"elementor-alert-description\">Dieses Produkt ist ausschlie\u00dflich f\u00fcr Forschungs- und Analysezwecke bestimmt. Es ist unter keinen Umst\u00e4nden f\u00fcr den menschlichen oder tierischen Verzehr bestimmt.<\/span>\n\t\t\t\n\t\t\t\t\t\t<button type=\"button\" class=\"elementor-alert-dismiss\" aria-label=\"Diese Warnung schlie\u00dfen.\">\n\t\t\t\t\t\t\t\t\t<span aria-hidden=\"true\">\u00d7<\/span>\n\t\t\t\t\t\t\t<\/button>\n\t\t\t\n\t\t<\/div>\n\t\t\t\t\t\t<\/div>\n\t\t\t\t<\/div>\n\t\t\t\t<div class=\"elementor-element elementor-element-d4c1880 elementor-widget elementor-widget-heading\" data-id=\"d4c1880\" data-element_type=\"widget\" data-e-type=\"widget\" data-widget_type=\"heading.default\">\n\t\t\t\t<div class=\"elementor-widget-container\">\n\t\t\t\t\t<h2 class=\"elementor-heading-title elementor-size-default\">Bestellen Sie Ihre \u03b1-PHP-Kristalle noch heute<\/h2>\t\t\t\t<\/div>\n\t\t\t\t<\/div>\n\t\t\t\t<div class=\"elementor-element elementor-element-cfccaf6 elementor-widget elementor-widget-text-editor\" data-id=\"cfccaf6\" data-element_type=\"widget\" data-e-type=\"widget\" data-widget_type=\"text-editor.default\">\n\t\t\t\t<div class=\"elementor-widget-container\">\n\t\t\t\t\t\t\t\t\t<p>Erh\u00f6hen Sie Ihre <a href=\"https:\/\/chemagora.eu\/de\/product\/2-cmc-crystal\/\"  data-wpil-monitor-id=\"32\">Forschung mit Chemagoras <strong>hochreine \u03b1-PHP Kristalle<\/strong><\/a>. Mit seinem Engagement f\u00fcr Qualit\u00e4t, schnelle Lieferung und hervorragenden Kundenservice ist Chemagora Europas bevorzugter Lieferant f\u00fcr Forschungsprofis.<\/p>\t\t\t\t\t\t\t\t<\/div>\n\t\t\t\t<\/div>\n\t\t\t\t\t<\/div>\n\t\t<\/div>\n\t\t\t\t\t<\/div>\n\t\t<\/section>\n\t\t\t\t<\/div>","protected":false},"excerpt":{"rendered":"<p>Sorgf\u00e4ltig getestete Forschungschemikalien, konform, vertrauensw\u00fcrdig und mit Pr\u00e4zision und Sorgfalt geliefert.<\/p>","protected":false},"featured_media":1853,"comment_status":"open","ping_status":"closed","template":"","meta":{"inline_featured_image":false},"etheme_brands":[],"product_brand":[],"product_cat":[41],"product_tag":[69,66,67,68,48],"class_list":{"0":"post-524","1":"product","2":"type-product","3":"status-publish","4":"has-post-thumbnail","6":"product_cat-a-php","7":"product_tag-a-php-crystal","8":"product_tag-buy-a-php","9":"product_tag-buy-a-php-crystal","10":"product_tag-buy-a-php-online","11":"product_tag-research-chemicals","13":"first","14":"instock","15":"shipping-taxable","16":"purchasable","17":"product-type-variable"},"_links":{"self":[{"href":"https:\/\/chemagora.eu\/de\/wp-json\/wp\/v2\/product\/524","targetHints":{"allow":["GET"]}}],"collection":[{"href":"https:\/\/chemagora.eu\/de\/wp-json\/wp\/v2\/product"}],"about":[{"href":"https:\/\/chemagora.eu\/de\/wp-json\/wp\/v2\/types\/product"}],"replies":[{"embeddable":true,"href":"https:\/\/chemagora.eu\/de\/wp-json\/wp\/v2\/comments?post=524"}],"version-history":[{"count":0,"href":"https:\/\/chemagora.eu\/de\/wp-json\/wp\/v2\/product\/524\/revisions"}],"wp:featuredmedia":[{"embeddable":true,"href":"https:\/\/chemagora.eu\/de\/wp-json\/wp\/v2\/media\/1853"}],"wp:attachment":[{"href":"https:\/\/chemagora.eu\/de\/wp-json\/wp\/v2\/media?parent=524"}],"wp:term":[{"taxonomy":"brand","embeddable":true,"href":"https:\/\/chemagora.eu\/de\/wp-json\/wp\/v2\/etheme_brands?post=524"},{"taxonomy":"product_brand","embeddable":true,"href":"https:\/\/chemagora.eu\/de\/wp-json\/wp\/v2\/product_brand?post=524"},{"taxonomy":"product_cat","embeddable":true,"href":"https:\/\/chemagora.eu\/de\/wp-json\/wp\/v2\/product_cat?post=524"},{"taxonomy":"product_tag","embeddable":true,"href":"https:\/\/chemagora.eu\/de\/wp-json\/wp\/v2\/product_tag?post=524"}],"curies":[{"name":"wp","href":"https:\/\/api.w.org\/{rel}","templated":true}]}}