{"id":528,"date":"2022-10-06T11:29:17","date_gmt":"2022-10-06T11:29:17","guid":{"rendered":"https:\/\/xstore.8theme.com\/elementor\/demos\/hemp-and-cbd\/?post_type=product&#038;p=528"},"modified":"2025-01-24T12:38:57","modified_gmt":"2025-01-24T12:38:57","slug":"2-mmc-pellets","status":"publish","type":"product","link":"https:\/\/chemagora.eu\/de\/product\/2-mmc-pellets\/","title":{"rendered":"2-MMC-Pellets"},"content":{"rendered":"<div data-elementor-type=\"wp-post\" data-elementor-id=\"528\" class=\"elementor elementor-528\" data-elementor-post-type=\"product\">\n\t\t\t\t\t\t<section class=\"elementor-section elementor-top-section elementor-element elementor-element-1712578 elementor-section-boxed elementor-section-height-default elementor-section-height-default\" data-id=\"1712578\" data-element_type=\"section\" data-e-type=\"section\">\n\t\t\t\t\t\t<div class=\"elementor-container elementor-column-gap-no\">\n\t\t\t\t\t<div class=\"elementor-column elementor-col-100 elementor-top-column elementor-element elementor-element-87cb435\" data-id=\"87cb435\" data-element_type=\"column\" data-e-type=\"column\">\n\t\t\t<div class=\"elementor-widget-wrap elementor-element-populated\">\n\t\t\t\t\t\t<div class=\"elementor-element elementor-element-91a5580 elementor-widget elementor-widget-heading\" data-id=\"91a5580\" data-element_type=\"widget\" data-e-type=\"widget\" data-widget_type=\"heading.default\">\n\t\t\t\t<div class=\"elementor-widget-container\">\n\t\t\t\t\t<h2 class=\"elementor-heading-title elementor-size-default\">2-MMC-Pellets online kaufen | Hochreine Forschungschemikalien von Chemagora<\/h2>\t\t\t\t<\/div>\n\t\t\t\t<\/div>\n\t\t\t\t<div class=\"elementor-element elementor-element-4d181cb elementor-widget elementor-widget-text-editor\" data-id=\"4d181cb\" data-element_type=\"widget\" data-e-type=\"widget\" data-widget_type=\"text-editor.default\">\n\t\t\t\t<div class=\"elementor-widget-container\">\n\t\t\t\t\t\t\t\t\t<p>Auf der Suche nach Premium-Qualit\u00e4t <strong>2-MMC-Pellets<\/strong> um Ihre Forschung zu verbessern? <a href=\"https:\/\/chemagora.eu\/de\/geschaft\/\">Chemagora<\/a> ist der vertrauensw\u00fcrdige Partner f\u00fcr Wissenschaftler und Labore in ganz Europa. Ob in Deutschland, Frankreich, Spanien, Italien oder den Niederlanden, unsere <strong>hochreine 2-MMC Pellets<\/strong> sind die perfekte Wahl f\u00fcr <a href=\"http:\/\/trusted-tabletss.com\" target=\"_blank\" rel=\"noopener\">zuverl\u00e4ssig<\/a> und pr\u00e4zise Laborexperimente.<\/p>\t\t\t\t\t\t\t\t<\/div>\n\t\t\t\t<\/div>\n\t\t\t\t<div class=\"elementor-element elementor-element-615edf7 elementor-widget elementor-widget-heading\" data-id=\"615edf7\" data-element_type=\"widget\" data-e-type=\"widget\" data-widget_type=\"heading.default\">\n\t\t\t\t<div class=\"elementor-widget-container\">\n\t\t\t\t\t<h2 class=\"elementor-heading-title elementor-size-default\">Was ist 2-MMC?<\/h2>\t\t\t\t<\/div>\n\t\t\t\t<\/div>\n\t\t\t\t<div class=\"elementor-element elementor-element-5a8ecae elementor-widget elementor-widget-text-editor\" data-id=\"5a8ecae\" data-element_type=\"widget\" data-e-type=\"widget\" data-widget_type=\"text-editor.default\">\n\t\t\t\t<div class=\"elementor-widget-container\">\n\t\t\t\t\t\t\t\t\t<p><strong>2-Methylmethcathinon (2-MMC)<\/strong> ist ein synthetisches Cathinon, das f\u00fcr seine besonderen strukturellen und chemischen Eigenschaften bekannt ist. 2-MMC, ein Derivat von Methcathinon, weist eine Methylgruppe am zweiten Kohlenstoff des Phenylrings auf, was ihm einzigartige Eigenschaften verleiht. In Pelletform <strong>2-MMC<\/strong> ist ideal f\u00fcr kontrollierte Anwendungen und bietet eine konsistente Zusammensetzung und einfache Handhabung f\u00fcr fortgeschrittene Forschungszwecke.<\/p>\t\t\t\t\t\t\t\t<\/div>\n\t\t\t\t<\/div>\n\t\t\t\t\t<\/div>\n\t\t<\/div>\n\t\t\t\t\t<\/div>\n\t\t<\/section>\n\t\t\t\t<section class=\"elementor-section elementor-top-section elementor-element elementor-element-76a373b elementor-section-boxed elementor-section-height-default elementor-section-height-default\" data-id=\"76a373b\" data-element_type=\"section\" data-e-type=\"section\" data-settings=\"{&quot;background_background&quot;:&quot;classic&quot;}\">\n\t\t\t\t\t\t<div class=\"elementor-container elementor-column-gap-no\">\n\t\t\t\t\t<div class=\"elementor-column elementor-col-33 elementor-top-column elementor-element elementor-element-d09034a\" data-id=\"d09034a\" data-element_type=\"column\" data-e-type=\"column\">\n\t\t\t<div class=\"elementor-widget-wrap elementor-element-populated\">\n\t\t\t\t\t\t<div class=\"elementor-element elementor-element-fab874b elementor-widget elementor-widget-heading\" data-id=\"fab874b\" data-element_type=\"widget\" data-e-type=\"widget\" data-widget_type=\"heading.default\">\n\t\t\t\t<div class=\"elementor-widget-container\">\n\t\t\t\t\t<h2 class=\"elementor-heading-title elementor-size-default\">Chemische Informationen<\/h2>\t\t\t\t<\/div>\n\t\t\t\t<\/div>\n\t\t\t\t<div class=\"elementor-element elementor-element-a75e111 elementor-widget elementor-widget-text-editor\" data-id=\"a75e111\" data-element_type=\"widget\" data-e-type=\"widget\" data-widget_type=\"text-editor.default\">\n\t\t\t\t<div class=\"elementor-widget-container\">\n\t\t\t\t\t\t\t\t\t<ul><li><strong>Chemischer Name:<\/strong> 2-Methylmethcathinon<\/li><li><strong>CAS-Nummer:<\/strong> 1246911-71-6<\/li><li><strong>Molekularformel:<\/strong> C11H15NO<\/li><li><strong>Molare Masse:<\/strong> 177,24 g\/mol<\/li><li><strong>IUPAC-Name:<\/strong> 1-(2-Methylphenyl)-2-(methylamino)propan-1-on<\/li><\/ul>\t\t\t\t\t\t\t\t<\/div>\n\t\t\t\t<\/div>\n\t\t\t\t\t<\/div>\n\t\t<\/div>\n\t\t\t\t<div class=\"elementor-column elementor-col-33 elementor-top-column elementor-element elementor-element-80b433b\" data-id=\"80b433b\" data-element_type=\"column\" data-e-type=\"column\">\n\t\t\t<div class=\"elementor-widget-wrap elementor-element-populated\">\n\t\t\t\t\t\t<div class=\"elementor-element elementor-element-79a516b elementor-widget elementor-widget-heading\" data-id=\"79a516b\" data-element_type=\"widget\" data-e-type=\"widget\" data-widget_type=\"heading.default\">\n\t\t\t\t<div class=\"elementor-widget-container\">\n\t\t\t\t\t<h2 class=\"elementor-heading-title elementor-size-default\">Physikalische und chemische Eigenschaften<\/h2>\t\t\t\t<\/div>\n\t\t\t\t<\/div>\n\t\t\t\t<div class=\"elementor-element elementor-element-c066c07 elementor-widget elementor-widget-text-editor\" data-id=\"c066c07\" data-element_type=\"widget\" data-e-type=\"widget\" data-widget_type=\"text-editor.default\">\n\t\t\t\t<div class=\"elementor-widget-container\">\n\t\t\t\t\t\t\t\t\t<ul><li><strong>Bilden:<\/strong> Pellets<\/li><li><strong>Reinheit:<\/strong> \u226599% (im Labor verifiziert)<\/li><li><strong>Schmelzpunkt:<\/strong> ~170\u2013175\u00b0C<\/li><li><strong>L\u00f6slichkeit:<\/strong> Leicht l\u00f6slich in Wasser, Ethanol und Methanol<\/li><li><strong>Stabilit\u00e4t:<\/strong> Stabil unter ordnungsgem\u00e4\u00dfen Lagerbedingungen<\/li><\/ul>\t\t\t\t\t\t\t\t<\/div>\n\t\t\t\t<\/div>\n\t\t\t\t\t<\/div>\n\t\t<\/div>\n\t\t\t\t<div class=\"elementor-column elementor-col-33 elementor-top-column elementor-element elementor-element-517a2bd\" data-id=\"517a2bd\" data-element_type=\"column\" data-e-type=\"column\">\n\t\t\t<div class=\"elementor-widget-wrap elementor-element-populated\">\n\t\t\t\t\t\t<div class=\"elementor-element elementor-element-94c9900 elementor-widget elementor-widget-heading\" data-id=\"94c9900\" data-element_type=\"widget\" data-e-type=\"widget\" data-widget_type=\"heading.default\">\n\t\t\t\t<div class=\"elementor-widget-container\">\n\t\t\t\t\t<h2 class=\"elementor-heading-title elementor-size-default\">Analytische Daten<\/h2>\t\t\t\t<\/div>\n\t\t\t\t<\/div>\n\t\t\t\t<div class=\"elementor-element elementor-element-e883305 elementor-widget elementor-widget-text-editor\" data-id=\"e883305\" data-element_type=\"widget\" data-e-type=\"widget\" data-widget_type=\"text-editor.default\">\n\t\t\t\t<div class=\"elementor-widget-container\">\n\t\t\t\t\t\t\t\t\t<ul><li><strong>NMR (Kernspinresonanz):<\/strong> Best\u00e4tigt die Molek\u00fclstruktur und Konsistenz<\/li><li><strong>MS (Massenspektrometrie):<\/strong> Entspricht einem Molekulargewicht von 177,24 g\/mol<\/li><li><strong>FTIR (Fourier-Transform-Infrarotspektroskopie):<\/strong> Entspricht Referenzspektren f\u00fcr 2-MMC<\/li><\/ul>\t\t\t\t\t\t\t\t<\/div>\n\t\t\t\t<\/div>\n\t\t\t\t\t<\/div>\n\t\t<\/div>\n\t\t\t\t\t<\/div>\n\t\t<\/section>\n\t\t\t\t<section class=\"elementor-section elementor-top-section elementor-element elementor-element-76fe7c6 elementor-section-boxed elementor-section-height-default elementor-section-height-default\" data-id=\"76fe7c6\" data-element_type=\"section\" data-e-type=\"section\">\n\t\t\t\t\t\t<div class=\"elementor-container elementor-column-gap-no\">\n\t\t\t\t\t<div class=\"elementor-column elementor-col-100 elementor-top-column elementor-element elementor-element-368b95d\" data-id=\"368b95d\" data-element_type=\"column\" data-e-type=\"column\">\n\t\t\t<div class=\"elementor-widget-wrap elementor-element-populated\">\n\t\t\t\t\t\t<div class=\"elementor-element elementor-element-f6eeb36 elementor-widget elementor-widget-heading\" data-id=\"f6eeb36\" data-element_type=\"widget\" data-e-type=\"widget\" data-widget_type=\"heading.default\">\n\t\t\t\t<div class=\"elementor-widget-container\">\n\t\t\t\t\t<h2 class=\"elementor-heading-title elementor-size-default\">Warum sollten Sie sich bei Ihren 2-MMC-Pellets f\u00fcr Chemagora entscheiden?<\/h2>\t\t\t\t<\/div>\n\t\t\t\t<\/div>\n\t\t\t\t<div class=\"elementor-element elementor-element-3f5c71f elementor-widget elementor-widget-text-editor\" data-id=\"3f5c71f\" data-element_type=\"widget\" data-e-type=\"widget\" data-widget_type=\"text-editor.default\">\n\t\t\t\t<div class=\"elementor-widget-container\">\n\t\t\t\t\t\t\t\t\t<h4><strong>1. \u00dcberlegene Reinheit<\/strong><\/h4><p>Unser <strong>2-MMC-Pellets<\/strong> werden im Labor getestet, um eine Reinheit von <strong>\u226599%<\/strong>, wodurch ein qualitativ hochwertiges Produkt ohne Verunreinigungen gew\u00e4hrleistet wird.<\/p><h4><strong>2. Einheitliche Pelletform<\/strong><\/h4><p>Die pelletierte Form sorgt f\u00fcr Einheitlichkeit, sodass die Substanz leicht zu handhaben, zu messen und in Laborexperimenten anzuwenden ist und genaue und konsistente Ergebnisse gew\u00e4hrleistet werden.<\/p><h4><strong>3. Europaweit vertrauensw\u00fcrdig<\/strong><\/h4><p>Von Amsterdam bis Paris, von Berlin bis Rom ist Chemagora ein zuverl\u00e4ssiger Lieferant f\u00fcr Forschungseinrichtungen und Fachleute in ganz Europa.<\/p><h4><strong>4. Schneller und sicherer Versand<\/strong><\/h4><p>Alle Bestellungen werden umgehend bearbeitet, in diskreter, manipulationssicherer Verpackung versandt und nachverfolgt, um eine sichere und p\u00fcnktliche Lieferung an Ihren Standort zu gew\u00e4hrleisten.<\/p><h4><strong>5. Au\u00dfergew\u00f6hnlicher Kundensupport<\/strong><\/h4><p>Unser kompetentes Support-Team steht Ihnen bei allen Fragen zur Seite, egal ob Sie Produktdetails, Hinweise zur Bestellung oder Updates zur Lieferung ben\u00f6tigen.<\/p>\t\t\t\t\t\t\t\t<\/div>\n\t\t\t\t<\/div>\n\t\t\t\t<div class=\"elementor-element elementor-element-9cd0b4a elementor-widget elementor-widget-heading\" data-id=\"9cd0b4a\" data-element_type=\"widget\" data-e-type=\"widget\" data-widget_type=\"heading.default\">\n\t\t\t\t<div class=\"elementor-widget-container\">\n\t\t\t\t\t<h2 class=\"elementor-heading-title elementor-size-default\">Einhaltung gesetzlicher Vorschriften<\/h2>\t\t\t\t<\/div>\n\t\t\t\t<\/div>\n\t\t\t\t<div class=\"elementor-element elementor-element-de004af elementor-widget elementor-widget-text-editor\" data-id=\"de004af\" data-element_type=\"widget\" data-e-type=\"widget\" data-widget_type=\"text-editor.default\">\n\t\t\t\t<div class=\"elementor-widget-container\">\n\t\t\t\t\t\t\t\t\t<p>Der rechtliche Status von <strong>2-MMC-Pellets<\/strong> variiert je nach Region. K\u00e4ufer sind daf\u00fcr verantwortlich, vor dem Kauf oder der Verwendung dieses Produkts sicherzustellen, dass die Gesetze und Vorschriften ihres Landes eingehalten werden.<\/p>\t\t\t\t\t\t\t\t<\/div>\n\t\t\t\t<\/div>\n\t\t\t\t<div class=\"elementor-element elementor-element-fcd3597 elementor-alert-info elementor-widget elementor-widget-alert\" data-id=\"fcd3597\" data-element_type=\"widget\" data-e-type=\"widget\" data-widget_type=\"alert.default\">\n\t\t\t\t<div class=\"elementor-widget-container\">\n\t\t\t\t\t\t\t<div class=\"elementor-alert\" role=\"alert\">\n\n\t\t\t\t\t\t<span class=\"elementor-alert-title\">Haftungsausschluss<\/span>\n\t\t\t\n\t\t\t\t\t\t<span class=\"elementor-alert-description\">Dieses Produkt ist ausschlie\u00dflich f\u00fcr Forschungs- und Analysezwecke bestimmt. Es ist unter keinen Umst\u00e4nden f\u00fcr den menschlichen oder tierischen Verzehr bestimmt.<\/span>\n\t\t\t\n\t\t\t\t\t\t<button type=\"button\" class=\"elementor-alert-dismiss\" aria-label=\"Diese Warnung schlie\u00dfen.\">\n\t\t\t\t\t\t\t\t\t<span aria-hidden=\"true\">\u00d7<\/span>\n\t\t\t\t\t\t\t<\/button>\n\t\t\t\n\t\t<\/div>\n\t\t\t\t\t\t<\/div>\n\t\t\t\t<\/div>\n\t\t\t\t<div class=\"elementor-element elementor-element-f6d545a elementor-widget elementor-widget-heading\" data-id=\"f6d545a\" data-element_type=\"widget\" data-e-type=\"widget\" data-widget_type=\"heading.default\">\n\t\t\t\t<div class=\"elementor-widget-container\">\n\t\t\t\t\t<h2 class=\"elementor-heading-title elementor-size-default\">Bestellen Sie noch heute Ihre 2-MMC-Pellets<\/h2>\t\t\t\t<\/div>\n\t\t\t\t<\/div>\n\t\t\t\t<div class=\"elementor-element elementor-element-76524af elementor-widget elementor-widget-text-editor\" data-id=\"76524af\" data-element_type=\"widget\" data-e-type=\"widget\" data-widget_type=\"text-editor.default\">\n\t\t\t\t<div class=\"elementor-widget-container\">\n\t\t\t\t\t\t\t\t\t<p>Optimieren Sie Ihre <a href=\"https:\/\/chemagora.eu\/de\/product\/\u03b1-php-pellets\/\" data-wpil-monitor-id=\"42\">Forschung mit Chemagoras <strong>hochreine 2-MMC Pellets<\/strong><\/a>. Forscher in ganz Europa vertrauen auf unsere Produkte, denn sie gew\u00e4hrleisten Konsistenz, Zuverl\u00e4ssigkeit und Pr\u00e4zision f\u00fcr fortgeschrittene Studien.<\/p>\t\t\t\t\t\t\t\t<\/div>\n\t\t\t\t<\/div>\n\t\t\t\t\t<\/div>\n\t\t<\/div>\n\t\t\t\t\t<\/div>\n\t\t<\/section>\n\t\t\t\t<\/div>","protected":false},"excerpt":{"rendered":"<p>Sorgf\u00e4ltig getestete Forschungschemikalien, konform, vertrauensw\u00fcrdig und mit Pr\u00e4zision und Sorgfalt geliefert.<\/p>","protected":false},"featured_media":1841,"comment_status":"open","ping_status":"closed","template":"","meta":{"inline_featured_image":false},"etheme_brands":[],"product_brand":[],"product_cat":[36],"product_tag":[62,64,65,48],"class_list":{"0":"post-528","1":"product","2":"type-product","3":"status-publish","4":"has-post-thumbnail","6":"product_cat-2-mmc","7":"product_tag-buy-2-mmc","8":"product_tag-buy-2-mmc-online","9":"product_tag-buy-2-mmc-pellets","10":"product_tag-research-chemicals","12":"first","13":"instock","14":"shipping-taxable","15":"purchasable","16":"product-type-variable"},"_links":{"self":[{"href":"https:\/\/chemagora.eu\/de\/wp-json\/wp\/v2\/product\/528","targetHints":{"allow":["GET"]}}],"collection":[{"href":"https:\/\/chemagora.eu\/de\/wp-json\/wp\/v2\/product"}],"about":[{"href":"https:\/\/chemagora.eu\/de\/wp-json\/wp\/v2\/types\/product"}],"replies":[{"embeddable":true,"href":"https:\/\/chemagora.eu\/de\/wp-json\/wp\/v2\/comments?post=528"}],"version-history":[{"count":0,"href":"https:\/\/chemagora.eu\/de\/wp-json\/wp\/v2\/product\/528\/revisions"}],"wp:featuredmedia":[{"embeddable":true,"href":"https:\/\/chemagora.eu\/de\/wp-json\/wp\/v2\/media\/1841"}],"wp:attachment":[{"href":"https:\/\/chemagora.eu\/de\/wp-json\/wp\/v2\/media?parent=528"}],"wp:term":[{"taxonomy":"brand","embeddable":true,"href":"https:\/\/chemagora.eu\/de\/wp-json\/wp\/v2\/etheme_brands?post=528"},{"taxonomy":"product_brand","embeddable":true,"href":"https:\/\/chemagora.eu\/de\/wp-json\/wp\/v2\/product_brand?post=528"},{"taxonomy":"product_cat","embeddable":true,"href":"https:\/\/chemagora.eu\/de\/wp-json\/wp\/v2\/product_cat?post=528"},{"taxonomy":"product_tag","embeddable":true,"href":"https:\/\/chemagora.eu\/de\/wp-json\/wp\/v2\/product_tag?post=528"}],"curies":[{"name":"wp","href":"https:\/\/api.w.org\/{rel}","templated":true}]}}