{"id":594,"date":"2022-10-06T12:32:42","date_gmt":"2022-10-06T12:32:42","guid":{"rendered":"https:\/\/xstore.8theme.com\/elementor\/demos\/hemp-and-cbd\/?post_type=product&#038;p=594"},"modified":"2025-01-24T05:32:59","modified_gmt":"2025-01-24T05:32:59","slug":"2-cmc-pulver","status":"publish","type":"product","link":"https:\/\/chemagora.eu\/de\/product\/2-cmc-pulver\/","title":{"rendered":"2-CMC Pulver"},"content":{"rendered":"<div data-elementor-type=\"wp-post\" data-elementor-id=\"594\" class=\"elementor elementor-594\" data-elementor-post-type=\"product\">\n\t\t\t\t\t\t<section class=\"elementor-section elementor-top-section elementor-element elementor-element-b91fdc3 elementor-section-boxed elementor-section-height-default elementor-section-height-default\" data-id=\"b91fdc3\" data-element_type=\"section\" data-e-type=\"section\">\n\t\t\t\t\t\t<div class=\"elementor-container elementor-column-gap-no\">\n\t\t\t\t\t<div class=\"elementor-column elementor-col-100 elementor-top-column elementor-element elementor-element-220877f\" data-id=\"220877f\" data-element_type=\"column\" data-e-type=\"column\">\n\t\t\t<div class=\"elementor-widget-wrap elementor-element-populated\">\n\t\t\t\t\t\t<div class=\"elementor-element elementor-element-ad77d06 elementor-widget elementor-widget-heading\" data-id=\"ad77d06\" data-element_type=\"widget\" data-e-type=\"widget\" data-widget_type=\"heading.default\">\n\t\t\t\t<div class=\"elementor-widget-container\">\n\t\t\t\t\t<h2 class=\"elementor-heading-title elementor-size-default\">2-CMC-Pulver online kaufen | Hochwertige Forschungschemikalien von Chemagora<\/h2>\t\t\t\t<\/div>\n\t\t\t\t<\/div>\n\t\t\t\t<div class=\"elementor-element elementor-element-edce76c elementor-widget elementor-widget-text-editor\" data-id=\"edce76c\" data-element_type=\"widget\" data-e-type=\"widget\" data-widget_type=\"text-editor.default\">\n\t\t\t\t<div class=\"elementor-widget-container\">\n\t\t\t\t\t\t\t\t\t<p>Auf der Suche nach h\u00f6chster Qualit\u00e4t <strong>2-CMC Pulver<\/strong> um Ihre Forschung voranzutreiben? <a href=\"https:\/\/chemagora.eu\/de\/geschaft\/\">Chemagora<\/a> ist hier, um Ihre Bed\u00fcrfnisse zu erf\u00fcllen. Wissenschaftler und Forschungseinrichtungen in ganz Europa vertrauen auf uns und liefern hochreine Verbindungen zur Unterst\u00fctzung bahnbrechender Studien in Deutschland, Frankreich, Spanien, Italien, den Niederlanden und dar\u00fcber hinaus.<\/p>\t\t\t\t\t\t\t\t<\/div>\n\t\t\t\t<\/div>\n\t\t\t\t<div class=\"elementor-element elementor-element-fab7db7 elementor-widget elementor-widget-heading\" data-id=\"fab7db7\" data-element_type=\"widget\" data-e-type=\"widget\" data-widget_type=\"heading.default\">\n\t\t\t\t<div class=\"elementor-widget-container\">\n\t\t\t\t\t<h2 class=\"elementor-heading-title elementor-size-default\">Was ist 2-CMC?<\/h2>\t\t\t\t<\/div>\n\t\t\t\t<\/div>\n\t\t\t\t<div class=\"elementor-element elementor-element-65735ae elementor-widget elementor-widget-text-editor\" data-id=\"65735ae\" data-element_type=\"widget\" data-e-type=\"widget\" data-widget_type=\"text-editor.default\">\n\t\t\t\t<div class=\"elementor-widget-container\">\n\t\t\t\t\t\t\t\t\t<p><strong>2-Chlormethcathinon (2-CMC)<\/strong> ist ein synthetisches Cathinon, das f\u00fcr seine besondere chemische Struktur und Eigenschaften bekannt ist. Es ist ein Analogon von <a href=\"https:\/\/chemagora.eu\/de\/product\/3-cmc-kristall\/\"  data-wpil-monitor-id=\"17\">3-CMC<\/a>, mit einem Chloratom an der zweiten Position des Phenylrings, was zu einzigartigen Eigenschaften f\u00fchrt, die es ideal f\u00fcr fortgeschrittene Forschungsanwendungen machen. Unsere <strong>2-CMC Pulver<\/strong> wird im Labor auf h\u00f6chste Reinheit getestet und gew\u00e4hrleistet genaue und zuverl\u00e4ssige Ergebnisse im Labor.<\/p>\t\t\t\t\t\t\t\t<\/div>\n\t\t\t\t<\/div>\n\t\t\t\t\t<\/div>\n\t\t<\/div>\n\t\t\t\t\t<\/div>\n\t\t<\/section>\n\t\t\t\t<section class=\"elementor-section elementor-top-section elementor-element elementor-element-86fa746 elementor-section-boxed elementor-section-height-default elementor-section-height-default\" data-id=\"86fa746\" data-element_type=\"section\" data-e-type=\"section\" data-settings=\"{&quot;background_background&quot;:&quot;classic&quot;}\">\n\t\t\t\t\t\t<div class=\"elementor-container elementor-column-gap-no\">\n\t\t\t\t\t<div class=\"elementor-column elementor-col-33 elementor-top-column elementor-element elementor-element-20d544e\" data-id=\"20d544e\" data-element_type=\"column\" data-e-type=\"column\">\n\t\t\t<div class=\"elementor-widget-wrap elementor-element-populated\">\n\t\t\t\t\t\t<div class=\"elementor-element elementor-element-53ee41e elementor-widget elementor-widget-heading\" data-id=\"53ee41e\" data-element_type=\"widget\" data-e-type=\"widget\" data-widget_type=\"heading.default\">\n\t\t\t\t<div class=\"elementor-widget-container\">\n\t\t\t\t\t<h2 class=\"elementor-heading-title elementor-size-default\">Chemische Informationen<\/h2>\t\t\t\t<\/div>\n\t\t\t\t<\/div>\n\t\t\t\t<div class=\"elementor-element elementor-element-6664f02 elementor-widget elementor-widget-text-editor\" data-id=\"6664f02\" data-element_type=\"widget\" data-e-type=\"widget\" data-widget_type=\"text-editor.default\">\n\t\t\t\t<div class=\"elementor-widget-container\">\n\t\t\t\t\t\t\t\t\t<ul><li><strong>Chemischer Name:<\/strong> 2-Chlormethcathinon<\/li><li><strong>CAS-Nummer:<\/strong> 692720-34-6<\/li><li><strong>Molekularformel:<\/strong> C10H12ClNO<\/li><li><strong>Molare Masse:<\/strong> 197,66 g\/mol<\/li><li><strong>IUPAC-Name:<\/strong> 1-(2-Chlorphenyl)-2-(methylamino)propan-1-on<\/li><\/ul>\t\t\t\t\t\t\t\t<\/div>\n\t\t\t\t<\/div>\n\t\t\t\t\t<\/div>\n\t\t<\/div>\n\t\t\t\t<div class=\"elementor-column elementor-col-33 elementor-top-column elementor-element elementor-element-6e971cb\" data-id=\"6e971cb\" data-element_type=\"column\" data-e-type=\"column\">\n\t\t\t<div class=\"elementor-widget-wrap elementor-element-populated\">\n\t\t\t\t\t\t<div class=\"elementor-element elementor-element-e5700fd elementor-widget elementor-widget-heading\" data-id=\"e5700fd\" data-element_type=\"widget\" data-e-type=\"widget\" data-widget_type=\"heading.default\">\n\t\t\t\t<div class=\"elementor-widget-container\">\n\t\t\t\t\t<h2 class=\"elementor-heading-title elementor-size-default\">Physikalische und chemische Eigenschaften<\/h2>\t\t\t\t<\/div>\n\t\t\t\t<\/div>\n\t\t\t\t<div class=\"elementor-element elementor-element-9bc0ae2 elementor-widget elementor-widget-text-editor\" data-id=\"9bc0ae2\" data-element_type=\"widget\" data-e-type=\"widget\" data-widget_type=\"text-editor.default\">\n\t\t\t\t<div class=\"elementor-widget-container\">\n\t\t\t\t\t\t\t\t\t<ul><li><strong>Bilden:<\/strong> wei\u00dfes Pulver<\/li><li><strong>Reinheit:<\/strong> \u226599% (durch Labortests best\u00e4tigt)<\/li><li><strong>Schmelzpunkt:<\/strong> ~178\u2013179\u00b0C<\/li><li><strong>L\u00f6slichkeit:<\/strong> L\u00f6slich in Wasser, Ethanol und Methanol<\/li><li><strong>Stabilit\u00e4t:<\/strong> Stabil bei Lagerung unter empfohlenen Bedingungen<\/li><\/ul>\t\t\t\t\t\t\t\t<\/div>\n\t\t\t\t<\/div>\n\t\t\t\t\t<\/div>\n\t\t<\/div>\n\t\t\t\t<div class=\"elementor-column elementor-col-33 elementor-top-column elementor-element elementor-element-b18e759\" data-id=\"b18e759\" data-element_type=\"column\" data-e-type=\"column\">\n\t\t\t<div class=\"elementor-widget-wrap elementor-element-populated\">\n\t\t\t\t\t\t<div class=\"elementor-element elementor-element-41e93ed elementor-widget elementor-widget-heading\" data-id=\"41e93ed\" data-element_type=\"widget\" data-e-type=\"widget\" data-widget_type=\"heading.default\">\n\t\t\t\t<div class=\"elementor-widget-container\">\n\t\t\t\t\t<h2 class=\"elementor-heading-title elementor-size-default\">Analytische Daten<\/h2>\t\t\t\t<\/div>\n\t\t\t\t<\/div>\n\t\t\t\t<div class=\"elementor-element elementor-element-4ebb557 elementor-widget elementor-widget-text-editor\" data-id=\"4ebb557\" data-element_type=\"widget\" data-e-type=\"widget\" data-widget_type=\"text-editor.default\">\n\t\t\t\t<div class=\"elementor-widget-container\">\n\t\t\t\t\t\t\t\t\t<ul><li><strong>NMR (Kernspinresonanz):<\/strong> Best\u00e4tigt die strukturelle Konsistenz<\/li><li><strong>MS (Massenspektrometrie):<\/strong> Validiert das Molekulargewicht von 197,66 g\/mol<\/li><li><strong>FTIR (Fourier-Transform-Infrarotspektroskopie):<\/strong> Entspricht Referenzspektren f\u00fcr <a href=\"https:\/\/chemagora.eu\/de\/product\/2-cmc-crystal\/\"  data-wpil-monitor-id=\"18\">2-CMC<\/a><\/li><\/ul>\t\t\t\t\t\t\t\t<\/div>\n\t\t\t\t<\/div>\n\t\t\t\t\t<\/div>\n\t\t<\/div>\n\t\t\t\t\t<\/div>\n\t\t<\/section>\n\t\t\t\t<section class=\"elementor-section elementor-top-section elementor-element elementor-element-13848a7 elementor-section-boxed elementor-section-height-default elementor-section-height-default\" data-id=\"13848a7\" data-element_type=\"section\" data-e-type=\"section\">\n\t\t\t\t\t\t<div class=\"elementor-container elementor-column-gap-no\">\n\t\t\t\t\t<div class=\"elementor-column elementor-col-100 elementor-top-column elementor-element elementor-element-8113b3e\" data-id=\"8113b3e\" data-element_type=\"column\" data-e-type=\"column\">\n\t\t\t<div class=\"elementor-widget-wrap elementor-element-populated\">\n\t\t\t\t\t\t<div class=\"elementor-element elementor-element-493c73b elementor-widget elementor-widget-heading\" data-id=\"493c73b\" data-element_type=\"widget\" data-e-type=\"widget\" data-widget_type=\"heading.default\">\n\t\t\t\t<div class=\"elementor-widget-container\">\n\t\t\t\t\t<h2 class=\"elementor-heading-title elementor-size-default\">Warum sollten Sie sich f\u00fcr Chemagora als 2-CMC-Pulver entscheiden?<\/h2>\t\t\t\t<\/div>\n\t\t\t\t<\/div>\n\t\t\t\t<div class=\"elementor-element elementor-element-c655e81 elementor-widget elementor-widget-text-editor\" data-id=\"c655e81\" data-element_type=\"widget\" data-e-type=\"widget\" data-widget_type=\"text-editor.default\">\n\t\t\t\t<div class=\"elementor-widget-container\">\n\t\t\t\t\t\t\t\t\t<ul><li><h4><strong>1. Hohe Reinheit garantiert<\/strong><\/h4><p>Unser 2-CMC-Pulver wird strengen Tests unterzogen, um sicherzustellen <strong>\u226599% Reinheit<\/strong>, wodurch die Forscher Vertrauen in die Qualit\u00e4t und Konsistenz des Produkts haben.<\/p><h4><strong>2. Feine Pulverform f\u00fcr Pr\u00e4zision<\/strong><\/h4><p>Die Pulverform erm\u00f6glicht eine einfache Messung, Handhabung und Anwendung und ist daher die ideale Wahl f\u00fcr Pr\u00e4zisionsarbeiten in kontrollierten Umgebungen.<\/p><h4><strong>3. Europaweit vertrauensw\u00fcrdig<\/strong><\/h4><p>Von Berlin bis Amsterdam, von Madrid bis Paris hat sich Chemagora als zuverl\u00e4ssiger Lieferant f\u00fcr Forscher in ganz Europa etabliert. Unser Engagement f\u00fcr Qualit\u00e4t und Service zeichnet uns aus.<\/p><h4><strong>4. Schnelle und sichere Lieferung<\/strong><\/h4><p>Bestellungen werden schnell bearbeitet und in diskreter, sicherer Verpackung geliefert, um sicherzustellen, dass Ihr Produkt sicher und p\u00fcnktlich ankommt, egal wo Sie sich in Europa befinden.<\/p><h4><strong>5. Eigenes Support-Team<\/strong><\/h4><p>Brauchen Sie Hilfe? Unser freundliches und kompetentes Support-Team steht Ihnen bei Fragen zum Produkt, zum Bestellvorgang oder zum Versand gerne zur Verf\u00fcgung.<\/p><\/li><\/ul>\t\t\t\t\t\t\t\t<\/div>\n\t\t\t\t<\/div>\n\t\t\t\t<div class=\"elementor-element elementor-element-4149659 elementor-widget elementor-widget-heading\" data-id=\"4149659\" data-element_type=\"widget\" data-e-type=\"widget\" data-widget_type=\"heading.default\">\n\t\t\t\t<div class=\"elementor-widget-container\">\n\t\t\t\t\t<h2 class=\"elementor-heading-title elementor-size-default\">Einhaltung gesetzlicher Vorschriften<\/h2>\t\t\t\t<\/div>\n\t\t\t\t<\/div>\n\t\t\t\t<div class=\"elementor-element elementor-element-fa8390f elementor-widget elementor-widget-text-editor\" data-id=\"fa8390f\" data-element_type=\"widget\" data-e-type=\"widget\" data-widget_type=\"text-editor.default\">\n\t\t\t\t<div class=\"elementor-widget-container\">\n\t\t\t\t\t\t\t\t\t<p>Der rechtliche Status von <strong>2-CMC Pulver<\/strong> variiert je nach Land. Es liegt in der Verantwortung des K\u00e4ufers, vor dem Kauf oder der Verwendung dieses Produkts die Einhaltung aller \u00f6rtlichen Gesetze und Vorschriften sicherzustellen.<\/p>\t\t\t\t\t\t\t\t<\/div>\n\t\t\t\t<\/div>\n\t\t\t\t<div class=\"elementor-element elementor-element-d0c112d elementor-alert-info elementor-widget elementor-widget-alert\" data-id=\"d0c112d\" data-element_type=\"widget\" data-e-type=\"widget\" data-widget_type=\"alert.default\">\n\t\t\t\t<div class=\"elementor-widget-container\">\n\t\t\t\t\t\t\t<div class=\"elementor-alert\" role=\"alert\">\n\n\t\t\t\t\t\t<span class=\"elementor-alert-title\">Haftungsausschluss<\/span>\n\t\t\t\n\t\t\t\t\t\t<span class=\"elementor-alert-description\">Dieses Produkt ist ausschlie\u00dflich f\u00fcr Forschungs- und Analysezwecke bestimmt. Es ist unter keinen Umst\u00e4nden f\u00fcr den menschlichen oder tierischen Verzehr bestimmt.<\/span>\n\t\t\t\n\t\t\t\t\t\t<button type=\"button\" class=\"elementor-alert-dismiss\" aria-label=\"Diese Warnung schlie\u00dfen.\">\n\t\t\t\t\t\t\t\t\t<span aria-hidden=\"true\">\u00d7<\/span>\n\t\t\t\t\t\t\t<\/button>\n\t\t\t\n\t\t<\/div>\n\t\t\t\t\t\t<\/div>\n\t\t\t\t<\/div>\n\t\t\t\t<div class=\"elementor-element elementor-element-d6d9dff elementor-widget elementor-widget-heading\" data-id=\"d6d9dff\" data-element_type=\"widget\" data-e-type=\"widget\" data-widget_type=\"heading.default\">\n\t\t\t\t<div class=\"elementor-widget-container\">\n\t\t\t\t\t<h2 class=\"elementor-heading-title elementor-size-default\">Bestellen Sie noch heute Ihr 2-CMC-Pulver<\/h2>\t\t\t\t<\/div>\n\t\t\t\t<\/div>\n\t\t\t\t<div class=\"elementor-element elementor-element-791c82f elementor-widget elementor-widget-text-editor\" data-id=\"791c82f\" data-element_type=\"widget\" data-e-type=\"widget\" data-widget_type=\"text-editor.default\">\n\t\t\t\t<div class=\"elementor-widget-container\">\n\t\t\t\t\t\t\t\t\t<p>Bringen Sie Ihre Forschung auf die n\u00e4chste Ebene mit Chemagoras Premium <strong>2-CMC Pulver<\/strong>. Wissenschaftler in ganz Europa vertrauen auf unsere Produkte. Sie bieten die Qualit\u00e4t, Zuverl\u00e4ssigkeit und Unterst\u00fctzung, die Sie f\u00fcr Ihren Erfolg brauchen.<\/p>\t\t\t\t\t\t\t\t<\/div>\n\t\t\t\t<\/div>\n\t\t\t\t\t<\/div>\n\t\t<\/div>\n\t\t\t\t\t<\/div>\n\t\t<\/section>\n\t\t\t\t<\/div>","protected":false},"excerpt":{"rendered":"<p>Sorgf\u00e4ltig getestete Forschungschemikalien, konform, vertrauensw\u00fcrdig und mit Pr\u00e4zision und Sorgfalt geliefert.<\/p>","protected":false},"featured_media":1763,"comment_status":"open","ping_status":"closed","template":"","meta":{"inline_featured_image":false},"etheme_brands":[],"product_brand":[],"product_cat":[37],"product_tag":[],"class_list":{"0":"post-594","1":"product","2":"type-product","3":"status-publish","4":"has-post-thumbnail","6":"product_cat-2-cmc","8":"first","9":"instock","10":"shipping-taxable","11":"purchasable","12":"product-type-variable"},"_links":{"self":[{"href":"https:\/\/chemagora.eu\/de\/wp-json\/wp\/v2\/product\/594","targetHints":{"allow":["GET"]}}],"collection":[{"href":"https:\/\/chemagora.eu\/de\/wp-json\/wp\/v2\/product"}],"about":[{"href":"https:\/\/chemagora.eu\/de\/wp-json\/wp\/v2\/types\/product"}],"replies":[{"embeddable":true,"href":"https:\/\/chemagora.eu\/de\/wp-json\/wp\/v2\/comments?post=594"}],"version-history":[{"count":0,"href":"https:\/\/chemagora.eu\/de\/wp-json\/wp\/v2\/product\/594\/revisions"}],"wp:featuredmedia":[{"embeddable":true,"href":"https:\/\/chemagora.eu\/de\/wp-json\/wp\/v2\/media\/1763"}],"wp:attachment":[{"href":"https:\/\/chemagora.eu\/de\/wp-json\/wp\/v2\/media?parent=594"}],"wp:term":[{"taxonomy":"brand","embeddable":true,"href":"https:\/\/chemagora.eu\/de\/wp-json\/wp\/v2\/etheme_brands?post=594"},{"taxonomy":"product_brand","embeddable":true,"href":"https:\/\/chemagora.eu\/de\/wp-json\/wp\/v2\/product_brand?post=594"},{"taxonomy":"product_cat","embeddable":true,"href":"https:\/\/chemagora.eu\/de\/wp-json\/wp\/v2\/product_cat?post=594"},{"taxonomy":"product_tag","embeddable":true,"href":"https:\/\/chemagora.eu\/de\/wp-json\/wp\/v2\/product_tag?post=594"}],"curies":[{"name":"wp","href":"https:\/\/api.w.org\/{rel}","templated":true}]}}