{"id":602,"date":"2022-10-06T12:32:44","date_gmt":"2022-10-06T12:32:44","guid":{"rendered":"https:\/\/xstore.8theme.com\/elementor\/demos\/hemp-and-cbd\/?post_type=product&#038;p=602"},"modified":"2025-01-24T04:50:27","modified_gmt":"2025-01-24T04:50:27","slug":"3-cmc-pulver","status":"publish","type":"product","link":"https:\/\/chemagora.eu\/de\/product\/3-cmc-pulver\/","title":{"rendered":"3-CMC Pulver"},"content":{"rendered":"<div data-elementor-type=\"wp-post\" data-elementor-id=\"602\" class=\"elementor elementor-602\" data-elementor-post-type=\"product\">\n\t\t\t\t\t\t<section class=\"elementor-section elementor-top-section elementor-element elementor-element-92a5dc9 elementor-section-boxed elementor-section-height-default elementor-section-height-default\" data-id=\"92a5dc9\" data-element_type=\"section\" data-e-type=\"section\">\n\t\t\t\t\t\t<div class=\"elementor-container elementor-column-gap-no\">\n\t\t\t\t\t<div class=\"elementor-column elementor-col-100 elementor-top-column elementor-element elementor-element-dc79085\" data-id=\"dc79085\" data-element_type=\"column\" data-e-type=\"column\">\n\t\t\t<div class=\"elementor-widget-wrap elementor-element-populated\">\n\t\t\t\t\t\t<div class=\"elementor-element elementor-element-181cf6a elementor-widget elementor-widget-heading\" data-id=\"181cf6a\" data-element_type=\"widget\" data-e-type=\"widget\" data-widget_type=\"heading.default\">\n\t\t\t\t<div class=\"elementor-widget-container\">\n\t\t\t\t\t<h2 class=\"elementor-heading-title elementor-size-default\">3-CMC-Pulver online kaufen | Hochreine Forschungschemikalien von Chemagora<\/h2>\t\t\t\t<\/div>\n\t\t\t\t<\/div>\n\t\t\t\t<div class=\"elementor-element elementor-element-9d158cb elementor-widget elementor-widget-text-editor\" data-id=\"9d158cb\" data-element_type=\"widget\" data-e-type=\"widget\" data-widget_type=\"text-editor.default\">\n\t\t\t\t<div class=\"elementor-widget-container\">\n\t\t\t\t\t\t\t\t\t<p>Suchen Sie nach Premium-Qualit\u00e4t <strong>3-CMC Pulver<\/strong> um Ihre Laborforschung zu verbessern? Chemagora unterst\u00fctzt Forscher und Labore in ganz Europa mit hochreinen Produkten, die den h\u00f6chsten Qualit\u00e4tsstandards entsprechen. Ob in Deutschland, Frankreich, Spanien, Italien oder den Niederlanden, Chemagora ist der vertrauensw\u00fcrdige Name f\u00fcr zuverl\u00e4ssige Forschungschemikalien.<\/p>\t\t\t\t\t\t\t\t<\/div>\n\t\t\t\t<\/div>\n\t\t\t\t<div class=\"elementor-element elementor-element-261e734 elementor-widget elementor-widget-heading\" data-id=\"261e734\" data-element_type=\"widget\" data-e-type=\"widget\" data-widget_type=\"heading.default\">\n\t\t\t\t<div class=\"elementor-widget-container\">\n\t\t\t\t\t<h2 class=\"elementor-heading-title elementor-size-default\">Was ist 3-CMC?<\/h2>\t\t\t\t<\/div>\n\t\t\t\t<\/div>\n\t\t\t\t<div class=\"elementor-element elementor-element-6710e9b elementor-widget elementor-widget-text-editor\" data-id=\"6710e9b\" data-element_type=\"widget\" data-e-type=\"widget\" data-widget_type=\"text-editor.default\">\n\t\t\t\t<div class=\"elementor-widget-container\">\n\t\t\t\t\t\t\t\t\t<p><strong>3-Chlormethcathinon (3-CMC)<\/strong> ist eine synthetische Cathinonverbindung, die f\u00fcr ihre einzigartigen chemischen Eigenschaften bekannt ist. Als Derivat von Methcathinon war 3-CMC Gegenstand wissenschaftlicher Studien, die sich auf seine strukturellen und pharmakologischen Eigenschaften konzentrierten. Unsere <strong>3-CMC Pulver<\/strong> bietet au\u00dfergew\u00f6hnliche Qualit\u00e4t und Konsistenz und ist damit eine ausgezeichnete Wahl f\u00fcr Forscher, die pr\u00e4zise und zuverl\u00e4ssige Ergebnisse anstreben.<\/p>\t\t\t\t\t\t\t\t<\/div>\n\t\t\t\t<\/div>\n\t\t\t\t\t<\/div>\n\t\t<\/div>\n\t\t\t\t\t<\/div>\n\t\t<\/section>\n\t\t\t\t<section class=\"elementor-section elementor-top-section elementor-element elementor-element-db7560b elementor-section-boxed elementor-section-height-default elementor-section-height-default\" data-id=\"db7560b\" data-element_type=\"section\" data-e-type=\"section\" data-settings=\"{&quot;background_background&quot;:&quot;classic&quot;}\">\n\t\t\t\t\t\t<div class=\"elementor-container elementor-column-gap-no\">\n\t\t\t\t\t<div class=\"elementor-column elementor-col-33 elementor-top-column elementor-element elementor-element-bed8fd0\" data-id=\"bed8fd0\" data-element_type=\"column\" data-e-type=\"column\">\n\t\t\t<div class=\"elementor-widget-wrap elementor-element-populated\">\n\t\t\t\t\t\t<div class=\"elementor-element elementor-element-0e1c68d elementor-widget elementor-widget-heading\" data-id=\"0e1c68d\" data-element_type=\"widget\" data-e-type=\"widget\" data-widget_type=\"heading.default\">\n\t\t\t\t<div class=\"elementor-widget-container\">\n\t\t\t\t\t<h2 class=\"elementor-heading-title elementor-size-default\">Chemische Informationen<\/h2>\t\t\t\t<\/div>\n\t\t\t\t<\/div>\n\t\t\t\t<div class=\"elementor-element elementor-element-2849973 elementor-widget elementor-widget-text-editor\" data-id=\"2849973\" data-element_type=\"widget\" data-e-type=\"widget\" data-widget_type=\"text-editor.default\">\n\t\t\t\t<div class=\"elementor-widget-container\">\n\t\t\t\t\t\t\t\t\t<ul><li><strong>Chemischer Name:<\/strong> 3-Chlormethcathinon<\/li><li><strong>CAS-Nummer:<\/strong> 1049677-59-9<\/li><li><strong>Molekularformel:<\/strong> C10H12ClNO<\/li><li><strong>Molare Masse:<\/strong> 197,66 g\/mol<\/li><li><strong>IUPAC-Name:<\/strong> 1-(3-Chlorphenyl)-2-(methylamino)-1-propanon<\/li><\/ul>\t\t\t\t\t\t\t\t<\/div>\n\t\t\t\t<\/div>\n\t\t\t\t\t<\/div>\n\t\t<\/div>\n\t\t\t\t<div class=\"elementor-column elementor-col-33 elementor-top-column elementor-element elementor-element-6af5729\" data-id=\"6af5729\" data-element_type=\"column\" data-e-type=\"column\">\n\t\t\t<div class=\"elementor-widget-wrap elementor-element-populated\">\n\t\t\t\t\t\t<div class=\"elementor-element elementor-element-e381954 elementor-widget elementor-widget-heading\" data-id=\"e381954\" data-element_type=\"widget\" data-e-type=\"widget\" data-widget_type=\"heading.default\">\n\t\t\t\t<div class=\"elementor-widget-container\">\n\t\t\t\t\t<h2 class=\"elementor-heading-title elementor-size-default\">Physikalische und chemische Eigenschaften<\/h2>\t\t\t\t<\/div>\n\t\t\t\t<\/div>\n\t\t\t\t<div class=\"elementor-element elementor-element-b84dc86 elementor-widget elementor-widget-text-editor\" data-id=\"b84dc86\" data-element_type=\"widget\" data-e-type=\"widget\" data-widget_type=\"text-editor.default\">\n\t\t\t\t<div class=\"elementor-widget-container\">\n\t\t\t\t\t\t\t\t\t<ul><li><strong>Bilden:<\/strong> wei\u00dfes Pulver<\/li><li><strong>Reinheit:<\/strong> \u226599% (laborgetestet)<\/li><li><strong>Schmelzpunkt:<\/strong> ~178\u2013179\u00b0C<\/li><li><strong>L\u00f6slichkeit:<\/strong> L\u00f6slich in Wasser, Ethanol und Methanol<\/li><li><strong>Stabilit\u00e4t:<\/strong> Stabil unter ordnungsgem\u00e4\u00dfen Lagerbedingungen<\/li><\/ul>\t\t\t\t\t\t\t\t<\/div>\n\t\t\t\t<\/div>\n\t\t\t\t\t<\/div>\n\t\t<\/div>\n\t\t\t\t<div class=\"elementor-column elementor-col-33 elementor-top-column elementor-element elementor-element-e717c97\" data-id=\"e717c97\" data-element_type=\"column\" data-e-type=\"column\">\n\t\t\t<div class=\"elementor-widget-wrap elementor-element-populated\">\n\t\t\t\t\t\t<div class=\"elementor-element elementor-element-389ea6c elementor-widget elementor-widget-heading\" data-id=\"389ea6c\" data-element_type=\"widget\" data-e-type=\"widget\" data-widget_type=\"heading.default\">\n\t\t\t\t<div class=\"elementor-widget-container\">\n\t\t\t\t\t<h2 class=\"elementor-heading-title elementor-size-default\">Analytische Daten<\/h2>\t\t\t\t<\/div>\n\t\t\t\t<\/div>\n\t\t\t\t<div class=\"elementor-element elementor-element-f686fa5 elementor-widget elementor-widget-text-editor\" data-id=\"f686fa5\" data-element_type=\"widget\" data-e-type=\"widget\" data-widget_type=\"text-editor.default\">\n\t\t\t\t<div class=\"elementor-widget-container\">\n\t\t\t\t\t\t\t\t\t<ul><li><strong>NMR (Kernspinresonanz):<\/strong> Best\u00e4tigt die Molek\u00fclstruktur.<\/li><li><strong>Massenspektrometrie (MS):<\/strong> Validiert das Molekulargewicht von 197,66 g\/mol.<\/li><li><strong>FTIR (Fourier-Transform-Infrarotspektroskopie):<\/strong> Entspricht den Standardreferenzspektren f\u00fcr 3-CMC.<\/li><\/ul>\t\t\t\t\t\t\t\t<\/div>\n\t\t\t\t<\/div>\n\t\t\t\t\t<\/div>\n\t\t<\/div>\n\t\t\t\t\t<\/div>\n\t\t<\/section>\n\t\t\t\t<section class=\"elementor-section elementor-top-section elementor-element elementor-element-ac07aaa elementor-section-boxed elementor-section-height-default elementor-section-height-default\" data-id=\"ac07aaa\" data-element_type=\"section\" data-e-type=\"section\">\n\t\t\t\t\t\t<div class=\"elementor-container elementor-column-gap-no\">\n\t\t\t\t\t<div class=\"elementor-column elementor-col-100 elementor-top-column elementor-element elementor-element-a999ca1\" data-id=\"a999ca1\" data-element_type=\"column\" data-e-type=\"column\">\n\t\t\t<div class=\"elementor-widget-wrap elementor-element-populated\">\n\t\t\t\t\t\t<div class=\"elementor-element elementor-element-738ad0e elementor-widget elementor-widget-heading\" data-id=\"738ad0e\" data-element_type=\"widget\" data-e-type=\"widget\" data-widget_type=\"heading.default\">\n\t\t\t\t<div class=\"elementor-widget-container\">\n\t\t\t\t\t<h2 class=\"elementor-heading-title elementor-size-default\">Warum sollten Sie sich f\u00fcr Chemagora als 3-CMC-Pulver entscheiden?<\/h2>\t\t\t\t<\/div>\n\t\t\t\t<\/div>\n\t\t\t\t<div class=\"elementor-element elementor-element-baa668c elementor-widget elementor-widget-text-editor\" data-id=\"baa668c\" data-element_type=\"widget\" data-e-type=\"widget\" data-widget_type=\"text-editor.default\">\n\t\t\t\t<div class=\"elementor-widget-container\">\n\t\t\t\t\t\t\t\t\t<ul><li><h4><strong>1. Hohe Reinheit garantiert<\/strong><\/h4><p>Unser <strong>3-CMC Pulver<\/strong> wird streng gepr\u00fcft, um einen Reinheitsgrad von <strong>\u226599%<\/strong>, sodass Sie mit einem sauberen, hochwertigen Produkt ohne Verunreinigungen arbeiten k\u00f6nnen.<\/p><h4><strong>2. Feine Pulverform f\u00fcr Pr\u00e4zision<\/strong><\/h4><p>Die feine, wei\u00dfe Pulverform gew\u00e4hrleistet eine einfache Handhabung, genaue Messungen und Reproduzierbarkeit in Ihrer Forschung.<\/p><h4><strong>3. Vertrauensw\u00fcrdiger Lieferant in ganz Europa<\/strong><\/h4><p>Von Amsterdam bis Paris, von Berlin bis Madrid hat sich Chemagora einen Ruf als zuverl\u00e4ssiger Partner f\u00fcr Forschungsfachleute erworben. Wir sind stolz darauf, Europas f\u00fchrende Institutionen und Forscher zu bedienen.<\/p><h4><strong>4. Schneller und sicherer Versand<\/strong><\/h4><p>Bestellungen werden umgehend bearbeitet und in diskreter, manipulationssicherer Verpackung versandt, um eine sichere Lieferung zu gew\u00e4hrleisten. Wir liefern in ganz Europa und stellen sicher, dass Ihr Produkt Sie p\u00fcnktlich und in einwandfreiem Zustand erreicht.<\/p><h4><strong>5. Engagierter Kundensupport<\/strong><\/h4><p>Unser erfahrenes Supportteam ist bereit, Ihnen bei Fragen zu Produkten, Versand oder Nutzungsrichtlinien behilflich zu sein und daf\u00fcr zu sorgen, dass Ihre Erfahrung mit Chemagora reibungslos und problemlos verl\u00e4uft.<\/p><\/li><\/ul>\t\t\t\t\t\t\t\t<\/div>\n\t\t\t\t<\/div>\n\t\t\t\t<div class=\"elementor-element elementor-element-722b597 elementor-widget elementor-widget-heading\" data-id=\"722b597\" data-element_type=\"widget\" data-e-type=\"widget\" data-widget_type=\"heading.default\">\n\t\t\t\t<div class=\"elementor-widget-container\">\n\t\t\t\t\t<h2 class=\"elementor-heading-title elementor-size-default\">Einhaltung gesetzlicher Vorschriften<\/h2>\t\t\t\t<\/div>\n\t\t\t\t<\/div>\n\t\t\t\t<div class=\"elementor-element elementor-element-66ca5f5 elementor-widget elementor-widget-text-editor\" data-id=\"66ca5f5\" data-element_type=\"widget\" data-e-type=\"widget\" data-widget_type=\"text-editor.default\">\n\t\t\t\t<div class=\"elementor-widget-container\">\n\t\t\t\t\t\t\t\t\t<p>Der rechtliche Status von <strong>3-CMC Pulver<\/strong> kann je nach Land unterschiedlich sein. Es liegt in der Verantwortung des K\u00e4ufers, sicherzustellen, dass der Kauf und die Verwendung dieses Produkts allen \u00f6rtlichen Vorschriften und Gesetzen entspricht.<\/p>\t\t\t\t\t\t\t\t<\/div>\n\t\t\t\t<\/div>\n\t\t\t\t<div class=\"elementor-element elementor-element-1f66581 elementor-alert-info elementor-widget elementor-widget-alert\" data-id=\"1f66581\" data-element_type=\"widget\" data-e-type=\"widget\" data-widget_type=\"alert.default\">\n\t\t\t\t<div class=\"elementor-widget-container\">\n\t\t\t\t\t\t\t<div class=\"elementor-alert\" role=\"alert\">\n\n\t\t\t\t\t\t<span class=\"elementor-alert-title\">Haftungsausschluss<\/span>\n\t\t\t\n\t\t\t\t\t\t<span class=\"elementor-alert-description\">Dieses Produkt ist ausschlie\u00dflich f\u00fcr Forschungs- und Analysezwecke bestimmt. Es ist unter keinen Umst\u00e4nden f\u00fcr den menschlichen oder tierischen Verzehr bestimmt.<\/span>\n\t\t\t\n\t\t\t\t\t\t<button type=\"button\" class=\"elementor-alert-dismiss\" aria-label=\"Diese Warnung schlie\u00dfen.\">\n\t\t\t\t\t\t\t\t\t<span aria-hidden=\"true\">\u00d7<\/span>\n\t\t\t\t\t\t\t<\/button>\n\t\t\t\n\t\t<\/div>\n\t\t\t\t\t\t<\/div>\n\t\t\t\t<\/div>\n\t\t\t\t<div class=\"elementor-element elementor-element-0fda48e elementor-widget elementor-widget-heading\" data-id=\"0fda48e\" data-element_type=\"widget\" data-e-type=\"widget\" data-widget_type=\"heading.default\">\n\t\t\t\t<div class=\"elementor-widget-container\">\n\t\t\t\t\t<h2 class=\"elementor-heading-title elementor-size-default\">Bestellen Sie Ihr 3-CMC Pulver noch heute<\/h2>\t\t\t\t<\/div>\n\t\t\t\t<\/div>\n\t\t\t\t<div class=\"elementor-element elementor-element-9f66df1 elementor-widget elementor-widget-text-editor\" data-id=\"9f66df1\" data-element_type=\"widget\" data-e-type=\"widget\" data-widget_type=\"text-editor.default\">\n\t\t\t\t<div class=\"elementor-widget-container\">\n\t\t\t\t\t\t\t\t\t<p>Bringen Sie Ihre Forschung auf ein neues Niveau mit Chemagoras <strong>hochreines 3-CMC Pulver<\/strong>. Schlie\u00dfen Sie sich den Forschern in ganz Europa an, die auf die Spitzenqualit\u00e4t ihrer Produkte, die schnelle Lieferung und den beispiellosen Support von Chemagora vertrauen.<\/p>\t\t\t\t\t\t\t\t<\/div>\n\t\t\t\t<\/div>\n\t\t\t\t\t<\/div>\n\t\t<\/div>\n\t\t\t\t\t<\/div>\n\t\t<\/section>\n\t\t\t\t<\/div>","protected":false},"excerpt":{"rendered":"<p>Sorgf\u00e4ltig getestete Forschungschemikalien, konform, vertrauensw\u00fcrdig und mit Pr\u00e4zision und Sorgfalt geliefert.<\/p>","protected":false},"featured_media":1717,"comment_status":"open","ping_status":"closed","template":"","meta":{"inline_featured_image":false},"etheme_brands":[],"product_brand":[],"product_cat":[39],"product_tag":[57,55,58,48],"class_list":{"0":"post-602","1":"product","2":"type-product","3":"status-publish","4":"has-post-thumbnail","6":"product_cat-3-cmc","7":"product_tag-3-cmc-powder","8":"product_tag-buy-3-cmc","9":"product_tag-buy-3-cmc-online","10":"product_tag-research-chemicals","12":"first","13":"instock","14":"shipping-taxable","15":"purchasable","16":"product-type-variable"},"_links":{"self":[{"href":"https:\/\/chemagora.eu\/de\/wp-json\/wp\/v2\/product\/602","targetHints":{"allow":["GET"]}}],"collection":[{"href":"https:\/\/chemagora.eu\/de\/wp-json\/wp\/v2\/product"}],"about":[{"href":"https:\/\/chemagora.eu\/de\/wp-json\/wp\/v2\/types\/product"}],"replies":[{"embeddable":true,"href":"https:\/\/chemagora.eu\/de\/wp-json\/wp\/v2\/comments?post=602"}],"version-history":[{"count":1,"href":"https:\/\/chemagora.eu\/de\/wp-json\/wp\/v2\/product\/602\/revisions"}],"predecessor-version":[{"id":2398,"href":"https:\/\/chemagora.eu\/de\/wp-json\/wp\/v2\/product\/602\/revisions\/2398"}],"wp:featuredmedia":[{"embeddable":true,"href":"https:\/\/chemagora.eu\/de\/wp-json\/wp\/v2\/media\/1717"}],"wp:attachment":[{"href":"https:\/\/chemagora.eu\/de\/wp-json\/wp\/v2\/media?parent=602"}],"wp:term":[{"taxonomy":"brand","embeddable":true,"href":"https:\/\/chemagora.eu\/de\/wp-json\/wp\/v2\/etheme_brands?post=602"},{"taxonomy":"product_brand","embeddable":true,"href":"https:\/\/chemagora.eu\/de\/wp-json\/wp\/v2\/product_brand?post=602"},{"taxonomy":"product_cat","embeddable":true,"href":"https:\/\/chemagora.eu\/de\/wp-json\/wp\/v2\/product_cat?post=602"},{"taxonomy":"product_tag","embeddable":true,"href":"https:\/\/chemagora.eu\/de\/wp-json\/wp\/v2\/product_tag?post=602"}],"curies":[{"name":"wp","href":"https:\/\/api.w.org\/{rel}","templated":true}]}}