{"id":606,"date":"2022-10-06T12:32:45","date_gmt":"2022-10-06T12:32:45","guid":{"rendered":"https:\/\/xstore.8theme.com\/elementor\/demos\/hemp-and-cbd\/?post_type=product&#038;p=606"},"modified":"2025-01-24T05:08:21","modified_gmt":"2025-01-24T05:08:21","slug":"3-cmc-kristall","status":"publish","type":"product","link":"https:\/\/chemagora.eu\/de\/product\/3-cmc-kristall\/","title":{"rendered":"3-CMC-Kristall"},"content":{"rendered":"<div data-elementor-type=\"wp-post\" data-elementor-id=\"606\" class=\"elementor elementor-606\" data-elementor-post-type=\"product\">\n\t\t\t\t\t\t<section class=\"elementor-section elementor-top-section elementor-element elementor-element-311c28f elementor-section-boxed elementor-section-height-default elementor-section-height-default\" data-id=\"311c28f\" data-element_type=\"section\" data-e-type=\"section\">\n\t\t\t\t\t\t<div class=\"elementor-container elementor-column-gap-no\">\n\t\t\t\t\t<div class=\"elementor-column elementor-col-100 elementor-top-column elementor-element elementor-element-b63e148\" data-id=\"b63e148\" data-element_type=\"column\" data-e-type=\"column\">\n\t\t\t<div class=\"elementor-widget-wrap elementor-element-populated\">\n\t\t\t\t\t\t<div class=\"elementor-element elementor-element-cd6f169 elementor-widget elementor-widget-heading\" data-id=\"cd6f169\" data-element_type=\"widget\" data-e-type=\"widget\" data-widget_type=\"heading.default\">\n\t\t\t\t<div class=\"elementor-widget-container\">\n\t\t\t\t\t<h2 class=\"elementor-heading-title elementor-size-default\">3-CMC-Kristalle online kaufen | Hochwertige Forschungschemikalien von Chemagora<\/h2>\t\t\t\t<\/div>\n\t\t\t\t<\/div>\n\t\t\t\t<div class=\"elementor-element elementor-element-98c7c3c elementor-widget elementor-widget-text-editor\" data-id=\"98c7c3c\" data-element_type=\"widget\" data-e-type=\"widget\" data-widget_type=\"text-editor.default\">\n\t\t\t\t<div class=\"elementor-widget-container\">\n\t\t\t\t\t\t\t\t\t<p>Auf der Suche nach dem Feinsten <strong>3-CMC-Kristalle<\/strong> zur Unterst\u00fctzung Ihrer Forschung? Bei Chemagora bieten wir erstklassige Verbindungen, denen Forscher und Labore in ganz Europa vertrauen. Von Deutschland und Frankreich bis Spanien, Italien und den Niederlanden ist es unsere Mission, zuverl\u00e4ssige, hochreine Chemikalien zu liefern, die auf den wissenschaftlichen Fortschritt zugeschnitten sind.<\/p>\t\t\t\t\t\t\t\t<\/div>\n\t\t\t\t<\/div>\n\t\t\t\t<div class=\"elementor-element elementor-element-08c73ab elementor-widget elementor-widget-heading\" data-id=\"08c73ab\" data-element_type=\"widget\" data-e-type=\"widget\" data-widget_type=\"heading.default\">\n\t\t\t\t<div class=\"elementor-widget-container\">\n\t\t\t\t\t<h2 class=\"elementor-heading-title elementor-size-default\">Was ist 3-CMC?<\/h2>\t\t\t\t<\/div>\n\t\t\t\t<\/div>\n\t\t\t\t<div class=\"elementor-element elementor-element-dcabb09 elementor-widget elementor-widget-text-editor\" data-id=\"dcabb09\" data-element_type=\"widget\" data-e-type=\"widget\" data-widget_type=\"text-editor.default\">\n\t\t\t\t<div class=\"elementor-widget-container\">\n\t\t\t\t\t\t\t\t\t<p><strong>3-Chlormethcathinon (3-CMC)<\/strong> ist ein synthetisches Cathinon, das aufgrund seiner einzigartigen chemischen Eigenschaften umfassend untersucht wurde. Strukturell verwandt mit Methcathinon-Derivaten, <a href=\"https:\/\/chemagora.eu\/de\/product\/3-cmc-pulver\/\"  data-wpil-monitor-id=\"14\">3-CMC hat in der Forschung Anerkennung gefunden<\/a> f\u00fcr seine konsistenten Ergebnisse und einfache Anwendung. Seine kristalline Form gew\u00e4hrleistet Pr\u00e4zision bei der Laborarbeit und macht es zur ersten Wahl f\u00fcr Fachleute auf diesem Gebiet.<\/p>\t\t\t\t\t\t\t\t<\/div>\n\t\t\t\t<\/div>\n\t\t\t\t\t<\/div>\n\t\t<\/div>\n\t\t\t\t\t<\/div>\n\t\t<\/section>\n\t\t\t\t<section class=\"elementor-section elementor-top-section elementor-element elementor-element-74c9c28 elementor-section-boxed elementor-section-height-default elementor-section-height-default\" data-id=\"74c9c28\" data-element_type=\"section\" data-e-type=\"section\" data-settings=\"{&quot;background_background&quot;:&quot;classic&quot;}\">\n\t\t\t\t\t\t<div class=\"elementor-container elementor-column-gap-no\">\n\t\t\t\t\t<div class=\"elementor-column elementor-col-33 elementor-top-column elementor-element elementor-element-56ff479\" data-id=\"56ff479\" data-element_type=\"column\" data-e-type=\"column\">\n\t\t\t<div class=\"elementor-widget-wrap elementor-element-populated\">\n\t\t\t\t\t\t<div class=\"elementor-element elementor-element-904b596 elementor-widget elementor-widget-heading\" data-id=\"904b596\" data-element_type=\"widget\" data-e-type=\"widget\" data-widget_type=\"heading.default\">\n\t\t\t\t<div class=\"elementor-widget-container\">\n\t\t\t\t\t<h2 class=\"elementor-heading-title elementor-size-default\">Chemische Informationen<\/h2>\t\t\t\t<\/div>\n\t\t\t\t<\/div>\n\t\t\t\t<div class=\"elementor-element elementor-element-7574a96 elementor-widget elementor-widget-text-editor\" data-id=\"7574a96\" data-element_type=\"widget\" data-e-type=\"widget\" data-widget_type=\"text-editor.default\">\n\t\t\t\t<div class=\"elementor-widget-container\">\n\t\t\t\t\t\t\t\t\t<ul><li><strong>Chemischer Name:<\/strong> 3-Chlormethcathinon<\/li><li><strong>CAS-Nummer:<\/strong> 1049677-59-9<\/li><li><strong>Molekularformel:<\/strong> C10H12ClNO<\/li><li><strong>Molare Masse:<\/strong> 197,66 g\/mol<\/li><li><strong>IUPAC-Name:<\/strong> 1-(3-Chlorphenyl)-2-(methylamino)-1-propanon<\/li><\/ul>\t\t\t\t\t\t\t\t<\/div>\n\t\t\t\t<\/div>\n\t\t\t\t\t<\/div>\n\t\t<\/div>\n\t\t\t\t<div class=\"elementor-column elementor-col-33 elementor-top-column elementor-element elementor-element-c4baae4\" data-id=\"c4baae4\" data-element_type=\"column\" data-e-type=\"column\">\n\t\t\t<div class=\"elementor-widget-wrap elementor-element-populated\">\n\t\t\t\t\t\t<div class=\"elementor-element elementor-element-e80f4eb elementor-widget elementor-widget-heading\" data-id=\"e80f4eb\" data-element_type=\"widget\" data-e-type=\"widget\" data-widget_type=\"heading.default\">\n\t\t\t\t<div class=\"elementor-widget-container\">\n\t\t\t\t\t<h2 class=\"elementor-heading-title elementor-size-default\">Physikalische und chemische Eigenschaften<\/h2>\t\t\t\t<\/div>\n\t\t\t\t<\/div>\n\t\t\t\t<div class=\"elementor-element elementor-element-405bc6d elementor-widget elementor-widget-text-editor\" data-id=\"405bc6d\" data-element_type=\"widget\" data-e-type=\"widget\" data-widget_type=\"text-editor.default\">\n\t\t\t\t<div class=\"elementor-widget-container\">\n\t\t\t\t\t\t\t\t\t<ul><li><strong>Bilden:<\/strong> Wei\u00dfes kristallines Pulver<\/li><li><strong>Reinheit:<\/strong> \u226599% (laborgetestet)<\/li><li><strong>Schmelzpunkt:<\/strong> ~178\u2013179\u00b0C<\/li><li><strong>L\u00f6slichkeit:<\/strong> L\u00f6slich in Wasser, Ethanol und Methanol<\/li><li><strong>Stabilit\u00e4t:<\/strong> Stabil unter ordnungsgem\u00e4\u00dfen Lagerbedingungen<\/li><\/ul>\t\t\t\t\t\t\t\t<\/div>\n\t\t\t\t<\/div>\n\t\t\t\t\t<\/div>\n\t\t<\/div>\n\t\t\t\t<div class=\"elementor-column elementor-col-33 elementor-top-column elementor-element elementor-element-6d5b118\" data-id=\"6d5b118\" data-element_type=\"column\" data-e-type=\"column\">\n\t\t\t<div class=\"elementor-widget-wrap elementor-element-populated\">\n\t\t\t\t\t\t<div class=\"elementor-element elementor-element-06aa6c5 elementor-widget elementor-widget-heading\" data-id=\"06aa6c5\" data-element_type=\"widget\" data-e-type=\"widget\" data-widget_type=\"heading.default\">\n\t\t\t\t<div class=\"elementor-widget-container\">\n\t\t\t\t\t<h2 class=\"elementor-heading-title elementor-size-default\">Analytische Daten<\/h2>\t\t\t\t<\/div>\n\t\t\t\t<\/div>\n\t\t\t\t<div class=\"elementor-element elementor-element-16e3ecf elementor-widget elementor-widget-text-editor\" data-id=\"16e3ecf\" data-element_type=\"widget\" data-e-type=\"widget\" data-widget_type=\"text-editor.default\">\n\t\t\t\t<div class=\"elementor-widget-container\">\n\t\t\t\t\t\t\t\t\t<ul><li><strong>NMR (Kernspinresonanz):<\/strong> Best\u00e4tigt die Molek\u00fclstruktur.<\/li><li><strong>Massenspektrometrie (MS):<\/strong> Validiert das Molekulargewicht von 197,66 g\/mol.<\/li><li><strong>FTIR (Fourier-Transform-Infrarotspektroskopie):<\/strong> Entspricht den Standardreferenzspektren f\u00fcr 3-CMC.<\/li><\/ul>\t\t\t\t\t\t\t\t<\/div>\n\t\t\t\t<\/div>\n\t\t\t\t\t<\/div>\n\t\t<\/div>\n\t\t\t\t\t<\/div>\n\t\t<\/section>\n\t\t\t\t<section class=\"elementor-section elementor-top-section elementor-element elementor-element-80fcea5 elementor-section-boxed elementor-section-height-default elementor-section-height-default\" data-id=\"80fcea5\" data-element_type=\"section\" data-e-type=\"section\">\n\t\t\t\t\t\t<div class=\"elementor-container elementor-column-gap-no\">\n\t\t\t\t\t<div class=\"elementor-column elementor-col-100 elementor-top-column elementor-element elementor-element-5a6e6ac\" data-id=\"5a6e6ac\" data-element_type=\"column\" data-e-type=\"column\">\n\t\t\t<div class=\"elementor-widget-wrap elementor-element-populated\">\n\t\t\t\t\t\t<div class=\"elementor-element elementor-element-d4b3dc1 elementor-widget elementor-widget-heading\" data-id=\"d4b3dc1\" data-element_type=\"widget\" data-e-type=\"widget\" data-widget_type=\"heading.default\">\n\t\t\t\t<div class=\"elementor-widget-container\">\n\t\t\t\t\t<h2 class=\"elementor-heading-title elementor-size-default\">Warum sollten Sie sich f\u00fcr Chemagora f\u00fcr Ihre 3-CMC-Kristalle entscheiden?<\/h2>\t\t\t\t<\/div>\n\t\t\t\t<\/div>\n\t\t\t\t<div class=\"elementor-element elementor-element-fe91d8e elementor-widget elementor-widget-text-editor\" data-id=\"fe91d8e\" data-element_type=\"widget\" data-e-type=\"widget\" data-widget_type=\"text-editor.default\">\n\t\t\t\t<div class=\"elementor-widget-container\">\n\t\t\t\t\t\t\t\t\t<ul><li><h4><strong>1. Un\u00fcbertroffene Reinheit<\/strong><\/h4><p>Unsere 3-CMC-Kristalle werden im Labor getestet, um eine Reinheit von <strong>\u226599%<\/strong>, wodurch ein gleichbleibendes, kontaminationsfreies Produkt f\u00fcr Ihre Forschungsanforderungen gew\u00e4hrleistet wird.<\/p><h4><strong>2. \u00dcberlegene kristalline Form<\/strong><\/h4><p>Aufgrund seiner wei\u00dfen Kristallstruktur l\u00e4sst sich das Produkt leicht handhaben, messen und in Laborexperimenten pr\u00e4zise anwenden.<\/p><h4><strong>3. Europaweit vertrauensw\u00fcrdig<\/strong><\/h4><p>Forscher von Amsterdam bis Madrid, von Berlin bis Rom verlassen sich auf die hochwertigen Chemikalien von Chemagora. Wir sind stolz darauf, Institutionen und Fachleute in ganz Europa zu beliefern.<\/p><h4><strong>4. Schneller und sicherer Versand<\/strong><\/h4><p>Wir wissen, wie wichtig eine p\u00fcnktliche Lieferung ist. Deshalb werden alle Bestellungen umgehend bearbeitet und diskret und sicher verpackt, um sicherzustellen, dass Ihr Produkt sicher bei Ihnen ankommt.<\/p><h4><strong>5. Kompetenter Kundensupport<\/strong><\/h4><p>Unser engagiertes Team steht Ihnen bei jedem Schritt zur Seite. Egal, ob Sie Fragen zum Produkt haben oder Hilfe bei Ihrer Bestellung ben\u00f6tigen, wir sind f\u00fcr Sie da.<\/p><\/li><\/ul>\t\t\t\t\t\t\t\t<\/div>\n\t\t\t\t<\/div>\n\t\t\t\t<div class=\"elementor-element elementor-element-5f1246e elementor-widget elementor-widget-heading\" data-id=\"5f1246e\" data-element_type=\"widget\" data-e-type=\"widget\" data-widget_type=\"heading.default\">\n\t\t\t\t<div class=\"elementor-widget-container\">\n\t\t\t\t\t<h2 class=\"elementor-heading-title elementor-size-default\">Einhaltung gesetzlicher Vorschriften<\/h2>\t\t\t\t<\/div>\n\t\t\t\t<\/div>\n\t\t\t\t<div class=\"elementor-element elementor-element-17ae0f6 elementor-widget elementor-widget-text-editor\" data-id=\"17ae0f6\" data-element_type=\"widget\" data-e-type=\"widget\" data-widget_type=\"text-editor.default\">\n\t\t\t\t<div class=\"elementor-widget-container\">\n\t\t\t\t\t\t\t\t\t<p>Der rechtliche Status von <strong>3-CMC-Kristalle<\/strong> kann je nach Standort unterschiedlich sein. Es liegt in der Verantwortung des K\u00e4ufers, vor dem Kauf oder der Verwendung dieses Produkts die Einhaltung der \u00f6rtlichen Gesetze sicherzustellen.<\/p>\t\t\t\t\t\t\t\t<\/div>\n\t\t\t\t<\/div>\n\t\t\t\t<div class=\"elementor-element elementor-element-a8098dc elementor-alert-info elementor-widget elementor-widget-alert\" data-id=\"a8098dc\" data-element_type=\"widget\" data-e-type=\"widget\" data-widget_type=\"alert.default\">\n\t\t\t\t<div class=\"elementor-widget-container\">\n\t\t\t\t\t\t\t<div class=\"elementor-alert\" role=\"alert\">\n\n\t\t\t\t\t\t<span class=\"elementor-alert-title\">Haftungsausschluss<\/span>\n\t\t\t\n\t\t\t\t\t\t<span class=\"elementor-alert-description\">Dieses Produkt ist ausschlie\u00dflich f\u00fcr Forschungs- und Analysezwecke bestimmt. Es ist unter keinen Umst\u00e4nden f\u00fcr den menschlichen oder tierischen Verzehr bestimmt.<\/span>\n\t\t\t\n\t\t\t\t\t\t<button type=\"button\" class=\"elementor-alert-dismiss\" aria-label=\"Diese Warnung schlie\u00dfen.\">\n\t\t\t\t\t\t\t\t\t<span aria-hidden=\"true\">\u00d7<\/span>\n\t\t\t\t\t\t\t<\/button>\n\t\t\t\n\t\t<\/div>\n\t\t\t\t\t\t<\/div>\n\t\t\t\t<\/div>\n\t\t\t\t<div class=\"elementor-element elementor-element-8448d87 elementor-widget elementor-widget-heading\" data-id=\"8448d87\" data-element_type=\"widget\" data-e-type=\"widget\" data-widget_type=\"heading.default\">\n\t\t\t\t<div class=\"elementor-widget-container\">\n\t\t\t\t\t<h2 class=\"elementor-heading-title elementor-size-default\">Bestellen Sie Ihre 3-CMC-Kristalle noch heute<\/h2>\t\t\t\t<\/div>\n\t\t\t\t<\/div>\n\t\t\t\t<div class=\"elementor-element elementor-element-0fbcd04 elementor-widget elementor-widget-text-editor\" data-id=\"0fbcd04\" data-element_type=\"widget\" data-e-type=\"widget\" data-widget_type=\"text-editor.default\">\n\t\t\t\t<div class=\"elementor-widget-container\">\n\t\t\t\t\t\t\t\t\t<p>Transformieren Sie Ihre Forschung mit Chemagoras <strong>hochwertige 3-CMC-Kristalle<\/strong>. Genie\u00dfen Sie unvergleichliche Qualit\u00e4t, schnelle Lieferung und au\u00dfergew\u00f6hnlichen Support. Schlie\u00dfen Sie sich Forschern in ganz Europa an, die auf Chemagora vertrauen, wenn es um zuverl\u00e4ssige <a href=\"https:\/\/chemagora.eu\/de\/product\/4-mmc-crystal\/\"  data-wpil-monitor-id=\"12\">Forschungschemikalien<\/a>.<\/p><p>\u00a0<\/p>\t\t\t\t\t\t\t\t<\/div>\n\t\t\t\t<\/div>\n\t\t\t\t\t<\/div>\n\t\t<\/div>\n\t\t\t\t\t<\/div>\n\t\t<\/section>\n\t\t\t\t<\/div>","protected":false},"excerpt":{"rendered":"<p>Sorgf\u00e4ltig getestete Forschungschemikalien, konform, vertrauensw\u00fcrdig und mit Pr\u00e4zision und Sorgfalt geliefert.<\/p>","protected":false},"featured_media":1698,"comment_status":"open","ping_status":"closed","template":"","meta":{"inline_featured_image":false},"etheme_brands":[],"product_brand":[],"product_cat":[39],"product_tag":[55,56,48],"class_list":{"0":"post-606","1":"product","2":"type-product","3":"status-publish","4":"has-post-thumbnail","6":"product_cat-3-cmc","7":"product_tag-buy-3-cmc","8":"product_tag-buy-buy-3-cmc-online","9":"product_tag-research-chemicals","11":"first","12":"instock","13":"shipping-taxable","14":"purchasable","15":"product-type-variable"},"_links":{"self":[{"href":"https:\/\/chemagora.eu\/de\/wp-json\/wp\/v2\/product\/606","targetHints":{"allow":["GET"]}}],"collection":[{"href":"https:\/\/chemagora.eu\/de\/wp-json\/wp\/v2\/product"}],"about":[{"href":"https:\/\/chemagora.eu\/de\/wp-json\/wp\/v2\/types\/product"}],"replies":[{"embeddable":true,"href":"https:\/\/chemagora.eu\/de\/wp-json\/wp\/v2\/comments?post=606"}],"version-history":[{"count":0,"href":"https:\/\/chemagora.eu\/de\/wp-json\/wp\/v2\/product\/606\/revisions"}],"wp:featuredmedia":[{"embeddable":true,"href":"https:\/\/chemagora.eu\/de\/wp-json\/wp\/v2\/media\/1698"}],"wp:attachment":[{"href":"https:\/\/chemagora.eu\/de\/wp-json\/wp\/v2\/media?parent=606"}],"wp:term":[{"taxonomy":"brand","embeddable":true,"href":"https:\/\/chemagora.eu\/de\/wp-json\/wp\/v2\/etheme_brands?post=606"},{"taxonomy":"product_brand","embeddable":true,"href":"https:\/\/chemagora.eu\/de\/wp-json\/wp\/v2\/product_brand?post=606"},{"taxonomy":"product_cat","embeddable":true,"href":"https:\/\/chemagora.eu\/de\/wp-json\/wp\/v2\/product_cat?post=606"},{"taxonomy":"product_tag","embeddable":true,"href":"https:\/\/chemagora.eu\/de\/wp-json\/wp\/v2\/product_tag?post=606"}],"curies":[{"name":"wp","href":"https:\/\/api.w.org\/{rel}","templated":true}]}}