{"id":610,"date":"2022-10-06T12:32:46","date_gmt":"2022-10-06T12:32:46","guid":{"rendered":"https:\/\/xstore.8theme.com\/elementor\/demos\/hemp-and-cbd\/?post_type=product&#038;p=610"},"modified":"2025-01-24T04:20:58","modified_gmt":"2025-01-24T04:20:58","slug":"4-mmc-pulver","status":"publish","type":"product","link":"https:\/\/chemagora.eu\/de\/product\/4-mmc-pulver\/","title":{"rendered":"4-MMC Pulver"},"content":{"rendered":"<div data-elementor-type=\"wp-post\" data-elementor-id=\"610\" class=\"elementor elementor-610\" data-elementor-post-type=\"product\">\n\t\t\t\t\t\t<section class=\"elementor-section elementor-top-section elementor-element elementor-element-c7a5a1d elementor-section-boxed elementor-section-height-default elementor-section-height-default\" data-id=\"c7a5a1d\" data-element_type=\"section\" data-e-type=\"section\">\n\t\t\t\t\t\t<div class=\"elementor-container elementor-column-gap-no\">\n\t\t\t\t\t<div class=\"elementor-column elementor-col-100 elementor-top-column elementor-element elementor-element-3546256\" data-id=\"3546256\" data-element_type=\"column\" data-e-type=\"column\">\n\t\t\t<div class=\"elementor-widget-wrap elementor-element-populated\">\n\t\t\t\t\t\t<div class=\"elementor-element elementor-element-a1dc92a elementor-widget elementor-widget-heading\" data-id=\"a1dc92a\" data-element_type=\"widget\" data-e-type=\"widget\" data-widget_type=\"heading.default\">\n\t\t\t\t<div class=\"elementor-widget-container\">\n\t\t\t\t\t<h2 class=\"elementor-heading-title elementor-size-default\">4-MMC-Pulver online kaufen | Hochreine Forschungschemikalien von Chemagora<\/h2>\t\t\t\t<\/div>\n\t\t\t\t<\/div>\n\t\t\t\t<div class=\"elementor-element elementor-element-27811b6 elementor-widget elementor-widget-text-editor\" data-id=\"27811b6\" data-element_type=\"widget\" data-e-type=\"widget\" data-widget_type=\"text-editor.default\">\n\t\t\t\t<div class=\"elementor-widget-container\">\n\t\t\t\t\t\t\t\t\t<p>Sie suchen Top-Qualit\u00e4t <strong>4-MMC Pulver<\/strong> f\u00fcr Ihre wissenschaftliche Forschung? <a href=\"https:\/\/chemagora.eu\/de\/geschaft\/\">Chemagora<\/a>ist es unser Ziel, Forschern in ganz Europa \u2013 darunter in L\u00e4ndern wie Deutschland, Frankreich, Spanien, Italien und den Niederlanden \u2013 hochreine Verbindungen zur Verf\u00fcgung zu stellen, um <a href=\"http:\/\/pure-3mmc.com\" target=\"_blank\" rel=\"noopener\">innovativ<\/a> Studium.<\/p>\t\t\t\t\t\t\t\t<\/div>\n\t\t\t\t<\/div>\n\t\t\t\t<div class=\"elementor-element elementor-element-7c9859f elementor-widget elementor-widget-heading\" data-id=\"7c9859f\" data-element_type=\"widget\" data-e-type=\"widget\" data-widget_type=\"heading.default\">\n\t\t\t\t<div class=\"elementor-widget-container\">\n\t\t\t\t\t<h2 class=\"elementor-heading-title elementor-size-default\">Was ist 4-MMC?\n<\/h2>\t\t\t\t<\/div>\n\t\t\t\t<\/div>\n\t\t\t\t<div class=\"elementor-element elementor-element-a9fad1e elementor-widget elementor-widget-text-editor\" data-id=\"a9fad1e\" data-element_type=\"widget\" data-e-type=\"widget\" data-widget_type=\"text-editor.default\">\n\t\t\t\t<div class=\"elementor-widget-container\">\n\t\t\t\t\t\t\t\t\t<p><strong>4-Methylmethcathinon (4-MMC)<\/strong> ist ein synthetisches Cathinon, das h\u00e4ufig wegen seiner strukturellen \u00c4hnlichkeiten mit nat\u00fcrlich vorkommenden Verbindungen wie denen der Khat-Pflanze untersucht wird. 4-MMC ist f\u00fcr seine feine Pulverform und hohe Stabilit\u00e4t bekannt und wird in der Laborforschung h\u00e4ufig verwendet, um seine physikalischen, chemischen und pharmakologischen Eigenschaften zu untersuchen. Unsere <strong>4-MMC Pulver<\/strong> bietet au\u00dfergew\u00f6hnliche Reinheit und gleichbleibende Leistung und ist damit die ideale Wahl f\u00fcr fortgeschrittene Forschungsanwendungen.<\/p>\t\t\t\t\t\t\t\t<\/div>\n\t\t\t\t<\/div>\n\t\t\t\t\t<\/div>\n\t\t<\/div>\n\t\t\t\t\t<\/div>\n\t\t<\/section>\n\t\t\t\t<section class=\"elementor-section elementor-top-section elementor-element elementor-element-1d4e4d5 elementor-section-boxed elementor-section-height-default elementor-section-height-default\" data-id=\"1d4e4d5\" data-element_type=\"section\" data-e-type=\"section\" data-settings=\"{&quot;background_background&quot;:&quot;classic&quot;}\">\n\t\t\t\t\t\t<div class=\"elementor-container elementor-column-gap-no\">\n\t\t\t\t\t<div class=\"elementor-column elementor-col-33 elementor-top-column elementor-element elementor-element-3736a06\" data-id=\"3736a06\" data-element_type=\"column\" data-e-type=\"column\">\n\t\t\t<div class=\"elementor-widget-wrap elementor-element-populated\">\n\t\t\t\t\t\t<div class=\"elementor-element elementor-element-476384d elementor-widget elementor-widget-heading\" data-id=\"476384d\" data-element_type=\"widget\" data-e-type=\"widget\" data-widget_type=\"heading.default\">\n\t\t\t\t<div class=\"elementor-widget-container\">\n\t\t\t\t\t<h2 class=\"elementor-heading-title elementor-size-default\">Chemische Informationen<\/h2>\t\t\t\t<\/div>\n\t\t\t\t<\/div>\n\t\t\t\t<div class=\"elementor-element elementor-element-a595e9a elementor-widget elementor-widget-text-editor\" data-id=\"a595e9a\" data-element_type=\"widget\" data-e-type=\"widget\" data-widget_type=\"text-editor.default\">\n\t\t\t\t<div class=\"elementor-widget-container\">\n\t\t\t\t\t\t\t\t\t<ul><li><strong>Chemischer Name:<\/strong> 4-Methylmethcathinon<\/li><li><strong>CAS-Nummer:<\/strong> 1189805-46-6<\/li><li><strong>Molekularformel:<\/strong> C11H15NO<\/li><li><strong>Molare Masse:<\/strong> 177,24 g\/mol<\/li><li><strong>IUPAC-Name:<\/strong> 2-(Methylamino)-1-(4-methylphenyl)propan-1-on<\/li><\/ul>\t\t\t\t\t\t\t\t<\/div>\n\t\t\t\t<\/div>\n\t\t\t\t\t<\/div>\n\t\t<\/div>\n\t\t\t\t<div class=\"elementor-column elementor-col-33 elementor-top-column elementor-element elementor-element-eb54201\" data-id=\"eb54201\" data-element_type=\"column\" data-e-type=\"column\">\n\t\t\t<div class=\"elementor-widget-wrap elementor-element-populated\">\n\t\t\t\t\t\t<div class=\"elementor-element elementor-element-e8439b4 elementor-widget elementor-widget-heading\" data-id=\"e8439b4\" data-element_type=\"widget\" data-e-type=\"widget\" data-widget_type=\"heading.default\">\n\t\t\t\t<div class=\"elementor-widget-container\">\n\t\t\t\t\t<h2 class=\"elementor-heading-title elementor-size-default\">Physikalische und chemische Eigenschaften<\/h2>\t\t\t\t<\/div>\n\t\t\t\t<\/div>\n\t\t\t\t<div class=\"elementor-element elementor-element-fe1cbbf elementor-widget elementor-widget-text-editor\" data-id=\"fe1cbbf\" data-element_type=\"widget\" data-e-type=\"widget\" data-widget_type=\"text-editor.default\">\n\t\t\t\t<div class=\"elementor-widget-container\">\n\t\t\t\t\t\t\t\t\t<ul><li><strong>Bilden:<\/strong> wei\u00dfes Pulver<\/li><li><strong>Reinheit:<\/strong> \u226599% (laborgetestet)<\/li><li><strong>Schmelzpunkt:<\/strong> ~217\u2013218\u00b0C<\/li><li><strong>L\u00f6slichkeit:<\/strong> Leicht l\u00f6slich in Wasser, Ethanol und Methanol<\/li><li><strong>Stabilit\u00e4t:<\/strong> Stabil unter Standardlaborbedingungen<\/li><\/ul>\t\t\t\t\t\t\t\t<\/div>\n\t\t\t\t<\/div>\n\t\t\t\t\t<\/div>\n\t\t<\/div>\n\t\t\t\t<div class=\"elementor-column elementor-col-33 elementor-top-column elementor-element elementor-element-c740e1a\" data-id=\"c740e1a\" data-element_type=\"column\" data-e-type=\"column\">\n\t\t\t<div class=\"elementor-widget-wrap elementor-element-populated\">\n\t\t\t\t\t\t<div class=\"elementor-element elementor-element-3399201 elementor-widget elementor-widget-heading\" data-id=\"3399201\" data-element_type=\"widget\" data-e-type=\"widget\" data-widget_type=\"heading.default\">\n\t\t\t\t<div class=\"elementor-widget-container\">\n\t\t\t\t\t<h2 class=\"elementor-heading-title elementor-size-default\">Analytische Daten<\/h2>\t\t\t\t<\/div>\n\t\t\t\t<\/div>\n\t\t\t\t<div class=\"elementor-element elementor-element-842ec6e elementor-widget elementor-widget-text-editor\" data-id=\"842ec6e\" data-element_type=\"widget\" data-e-type=\"widget\" data-widget_type=\"text-editor.default\">\n\t\t\t\t<div class=\"elementor-widget-container\">\n\t\t\t\t\t\t\t\t\t<ul><li><strong>NMR (Kernspinresonanz):<\/strong> Best\u00e4tigt strukturelle Konsistenz.<\/li><li><strong>Massenspektrometrie (MS):<\/strong> Entspricht einem Molekulargewicht von 177,24 g\/mol.<\/li><li><strong>FTIR (Fourier-Transform-Infrarotspektroskopie):<\/strong> Entspricht den Referenzspektren f\u00fcr 4-MMC.<\/li><\/ul>\t\t\t\t\t\t\t\t<\/div>\n\t\t\t\t<\/div>\n\t\t\t\t\t<\/div>\n\t\t<\/div>\n\t\t\t\t\t<\/div>\n\t\t<\/section>\n\t\t\t\t<section class=\"elementor-section elementor-top-section elementor-element elementor-element-3d1e838 elementor-section-boxed elementor-section-height-default elementor-section-height-default\" data-id=\"3d1e838\" data-element_type=\"section\" data-e-type=\"section\">\n\t\t\t\t\t\t<div class=\"elementor-container elementor-column-gap-no\">\n\t\t\t\t\t<div class=\"elementor-column elementor-col-100 elementor-top-column elementor-element elementor-element-3d4f34f\" data-id=\"3d4f34f\" data-element_type=\"column\" data-e-type=\"column\">\n\t\t\t<div class=\"elementor-widget-wrap elementor-element-populated\">\n\t\t\t\t\t\t<div class=\"elementor-element elementor-element-0253ea0 elementor-widget elementor-widget-heading\" data-id=\"0253ea0\" data-element_type=\"widget\" data-e-type=\"widget\" data-widget_type=\"heading.default\">\n\t\t\t\t<div class=\"elementor-widget-container\">\n\t\t\t\t\t<h2 class=\"elementor-heading-title elementor-size-default\">Warum 4-MMC-Pulver von Chemagora kaufen?<\/h2>\t\t\t\t<\/div>\n\t\t\t\t<\/div>\n\t\t\t\t<div class=\"elementor-element elementor-element-f675979 elementor-widget elementor-widget-text-editor\" data-id=\"f675979\" data-element_type=\"widget\" data-e-type=\"widget\" data-widget_type=\"text-editor.default\">\n\t\t\t\t<div class=\"elementor-widget-container\">\n\t\t\t\t\t\t\t\t\t<ul><li><h4><strong> Au\u00dfergew\u00f6hnliche Reinheit<\/strong><\/h4><p>Bei Chemagora garantieren wir <strong>\u226599% Reinheit<\/strong> f\u00fcr alle unsere 4-MMC-Pulverprodukte. Strenge Tests stellen sicher, dass jede Charge den h\u00f6chsten Industriestandards entspricht, sodass Sie sich auf genaue und reproduzierbare Ergebnisse verlassen k\u00f6nnen.<\/p><h4><strong>2. Einfach zu handhabende Pulverform<\/strong><\/h4><p>Unsere 4-MMC erhalten Sie in einer <strong>feine Pulverform<\/strong>, wodurch das Messen, Mischen und Anwenden in verschiedenen Laborumgebungen einfach ist. Pr\u00e4zision ist der Schl\u00fcssel und unser Produkt ist auf kontrollierte Forschungsumgebungen zugeschnitten.<\/p><h4><strong>3. Europaweit vertrauensw\u00fcrdig<\/strong><\/h4><p>Von Amsterdam bis Paris und dar\u00fcber hinaus w\u00e4hlen Forscher in ganz Europa Chemagora f\u00fcr hochwertige Forschungschemikalien. Unser Ruf f\u00fcr Zuverl\u00e4ssigkeit und Produktqualit\u00e4t zeichnet uns aus.<\/p><h4><strong>4. Sicherer und schneller Versand<\/strong><\/h4><p>Bestellungen werden schnell bearbeitet und die Verpackung ist diskret und sicher, damit Ihr Produkt sicher bei Ihnen ankommt. Wir liefern in ganz Europa an Standorte in Deutschland, Italien, Spanien, den Niederlanden und weiteren L\u00e4ndern.<\/p><h4><strong>5. Engagierter Kundensupport<\/strong><\/h4><p>Brauchen Sie Hilfe? Unser freundliches Support-Team beantwortet gerne Ihre Fragen und ber\u00e4t Sie zu Bestellungen, Versand und Produktdetails. Ihre Zufriedenheit steht bei jedem Schritt an erster Stelle.<\/p><\/li><\/ul>\t\t\t\t\t\t\t\t<\/div>\n\t\t\t\t<\/div>\n\t\t\t\t<div class=\"elementor-element elementor-element-861410e elementor-widget elementor-widget-heading\" data-id=\"861410e\" data-element_type=\"widget\" data-e-type=\"widget\" data-widget_type=\"heading.default\">\n\t\t\t\t<div class=\"elementor-widget-container\">\n\t\t\t\t\t<h2 class=\"elementor-heading-title elementor-size-default\">Einhaltung gesetzlicher Vorschriften<\/h2>\t\t\t\t<\/div>\n\t\t\t\t<\/div>\n\t\t\t\t<div class=\"elementor-element elementor-element-e8c8653 elementor-widget elementor-widget-text-editor\" data-id=\"e8c8653\" data-element_type=\"widget\" data-e-type=\"widget\" data-widget_type=\"text-editor.default\">\n\t\t\t\t<div class=\"elementor-widget-container\">\n\t\t\t\t\t\t\t\t\t<p>Bitte beachten Sie, dass der Rechtsstatus von <strong>4-MMC Pulver<\/strong> variiert je nach Land. Es liegt in Ihrer Verantwortung, sicherzustellen, dass der Kauf und die Verwendung dieses Produkts den Gesetzen und Vorschriften in Ihrem Land entsprechen.<\/p>\t\t\t\t\t\t\t\t<\/div>\n\t\t\t\t<\/div>\n\t\t\t\t<div class=\"elementor-element elementor-element-dc8ae36 elementor-alert-info elementor-widget elementor-widget-alert\" data-id=\"dc8ae36\" data-element_type=\"widget\" data-e-type=\"widget\" data-widget_type=\"alert.default\">\n\t\t\t\t<div class=\"elementor-widget-container\">\n\t\t\t\t\t\t\t<div class=\"elementor-alert\" role=\"alert\">\n\n\t\t\t\t\t\t<span class=\"elementor-alert-title\">Haftungsausschluss<\/span>\n\t\t\t\n\t\t\t\t\t\t<span class=\"elementor-alert-description\">Dieses Produkt ist ausschlie\u00dflich f\u00fcr Forschungs- und Analysezwecke bestimmt. Es ist unter keinen Umst\u00e4nden f\u00fcr den menschlichen oder tierischen Verzehr bestimmt.<\/span>\n\t\t\t\n\t\t\t\t\t\t<button type=\"button\" class=\"elementor-alert-dismiss\" aria-label=\"Diese Warnung schlie\u00dfen.\">\n\t\t\t\t\t\t\t\t\t<span aria-hidden=\"true\">\u00d7<\/span>\n\t\t\t\t\t\t\t<\/button>\n\t\t\t\n\t\t<\/div>\n\t\t\t\t\t\t<\/div>\n\t\t\t\t<\/div>\n\t\t\t\t<div class=\"elementor-element elementor-element-8817ab7 elementor-widget elementor-widget-heading\" data-id=\"8817ab7\" data-element_type=\"widget\" data-e-type=\"widget\" data-widget_type=\"heading.default\">\n\t\t\t\t<div class=\"elementor-widget-container\">\n\t\t\t\t\t<h2 class=\"elementor-heading-title elementor-size-default\">Bestellen Sie noch heute Ihr 4-MMC-Pulver<\/h2>\t\t\t\t<\/div>\n\t\t\t\t<\/div>\n\t\t\t\t<div class=\"elementor-element elementor-element-a2691de elementor-widget elementor-widget-text-editor\" data-id=\"a2691de\" data-element_type=\"widget\" data-e-type=\"widget\" data-widget_type=\"text-editor.default\">\n\t\t\t\t<div class=\"elementor-widget-container\">\n\t\t\t\t\t\t\t\t\t<p>Transformieren Sie Ihre Forschung mit Chemagoras Premium <strong>4-MMC Pulver<\/strong>. Mit au\u00dfergew\u00f6hnlicher Reinheit, sicherer Lieferung und hervorragendem Kundenservice sind wir die vertrauensw\u00fcrdige Wahl f\u00fcr Wissenschaftler und Forscher in ganz Europa.<\/p>\t\t\t\t\t\t\t\t<\/div>\n\t\t\t\t<\/div>\n\t\t\t\t\t<\/div>\n\t\t<\/div>\n\t\t\t\t\t<\/div>\n\t\t<\/section>\n\t\t\t\t<\/div>","protected":false},"excerpt":{"rendered":"<p>Sorgf\u00e4ltig getestete Forschungschemikalien, konform, vertrauensw\u00fcrdig und mit Pr\u00e4zision und Sorgfalt geliefert.<\/p>","protected":false},"featured_media":1680,"comment_status":"open","ping_status":"closed","template":"","meta":{"inline_featured_image":false},"etheme_brands":[],"product_brand":[],"product_cat":[40],"product_tag":[53,54,51,52,48],"class_list":{"0":"post-610","1":"product","2":"type-product","3":"status-publish","4":"has-post-thumbnail","6":"product_cat-4-mmc","7":"product_tag-4-mmc","8":"product_tag-buy-4-mmc","9":"product_tag-buy-4-mmc-powder","10":"product_tag-buy-4-mmc-powder-online","11":"product_tag-research-chemicals","13":"first","14":"instock","15":"shipping-taxable","16":"purchasable","17":"product-type-variable"},"_links":{"self":[{"href":"https:\/\/chemagora.eu\/de\/wp-json\/wp\/v2\/product\/610","targetHints":{"allow":["GET"]}}],"collection":[{"href":"https:\/\/chemagora.eu\/de\/wp-json\/wp\/v2\/product"}],"about":[{"href":"https:\/\/chemagora.eu\/de\/wp-json\/wp\/v2\/types\/product"}],"replies":[{"embeddable":true,"href":"https:\/\/chemagora.eu\/de\/wp-json\/wp\/v2\/comments?post=610"}],"version-history":[{"count":0,"href":"https:\/\/chemagora.eu\/de\/wp-json\/wp\/v2\/product\/610\/revisions"}],"wp:featuredmedia":[{"embeddable":true,"href":"https:\/\/chemagora.eu\/de\/wp-json\/wp\/v2\/media\/1680"}],"wp:attachment":[{"href":"https:\/\/chemagora.eu\/de\/wp-json\/wp\/v2\/media?parent=610"}],"wp:term":[{"taxonomy":"brand","embeddable":true,"href":"https:\/\/chemagora.eu\/de\/wp-json\/wp\/v2\/etheme_brands?post=610"},{"taxonomy":"product_brand","embeddable":true,"href":"https:\/\/chemagora.eu\/de\/wp-json\/wp\/v2\/product_brand?post=610"},{"taxonomy":"product_cat","embeddable":true,"href":"https:\/\/chemagora.eu\/de\/wp-json\/wp\/v2\/product_cat?post=610"},{"taxonomy":"product_tag","embeddable":true,"href":"https:\/\/chemagora.eu\/de\/wp-json\/wp\/v2\/product_tag?post=610"}],"curies":[{"name":"wp","href":"https:\/\/api.w.org\/{rel}","templated":true}]}}