{"id":618,"date":"2022-10-06T12:32:49","date_gmt":"2022-10-06T12:32:49","guid":{"rendered":"https:\/\/xstore.8theme.com\/elementor\/demos\/hemp-and-cbd\/?post_type=product&#038;p=618"},"modified":"2025-01-24T03:50:48","modified_gmt":"2025-01-24T03:50:48","slug":"3-mmc-pulver","status":"publish","type":"product","link":"https:\/\/chemagora.eu\/de\/product\/3-mmc-pulver\/","title":{"rendered":"3-MMC Pulver"},"content":{"rendered":"<div data-elementor-type=\"wp-post\" data-elementor-id=\"618\" class=\"elementor elementor-618\" data-elementor-post-type=\"product\">\n\t\t\t\t\t\t<section class=\"elementor-section elementor-top-section elementor-element elementor-element-008112d elementor-section-boxed elementor-section-height-default elementor-section-height-default\" data-id=\"008112d\" data-element_type=\"section\" data-e-type=\"section\">\n\t\t\t\t\t\t<div class=\"elementor-container elementor-column-gap-no\">\n\t\t\t\t\t<div class=\"elementor-column elementor-col-100 elementor-top-column elementor-element elementor-element-8a7bc79\" data-id=\"8a7bc79\" data-element_type=\"column\" data-e-type=\"column\">\n\t\t\t<div class=\"elementor-widget-wrap elementor-element-populated\">\n\t\t\t\t\t\t<div class=\"elementor-element elementor-element-c42ff49 elementor-widget elementor-widget-heading\" data-id=\"c42ff49\" data-element_type=\"widget\" data-e-type=\"widget\" data-widget_type=\"heading.default\">\n\t\t\t\t<div class=\"elementor-widget-container\">\n\t\t\t\t\t<h2 class=\"elementor-heading-title elementor-size-default\">3-MMC-Pulver online kaufen | Hochreine Forschungschemikalien von Chemagora<\/h2>\t\t\t\t<\/div>\n\t\t\t\t<\/div>\n\t\t\t\t<div class=\"elementor-element elementor-element-ac7a03c elementor-widget elementor-widget-text-editor\" data-id=\"ac7a03c\" data-element_type=\"widget\" data-e-type=\"widget\" data-widget_type=\"text-editor.default\">\n\t\t\t\t<div class=\"elementor-widget-container\">\n\t\t\t\t\t\t\t\t\t<p>Suchen Sie zuverl\u00e4ssige <strong>3-MMC-Kristalle<\/strong> f\u00fcr Ihr n\u00e4chstes Forschungsprojekt? <a href=\"https:\/\/chemagora.eu\/de\/geschaft\/\">Chemagora<\/a>sind wir stolz darauf, hochreine Chemikalien zu liefern an <a href=\"http:\/\/reine-chemikalien.com\" target=\"_blank\" rel=\"noopener\">Forscher<\/a> und Labors in ganz Europa. Egal ob Sie in <strong>Deutschland<\/strong>, <strong>Frankreich<\/strong>, <strong>Spanien<\/strong>, <strong>Italien<\/strong>oder die <strong>Niederlande<\/strong>, wir sind hier, um Ihnen Produkte anzubieten, denen Sie vertrauen k\u00f6nnen, unterst\u00fctzt durch schnellen Versand und au\u00dfergew\u00f6hnlichen Service.<\/p>\t\t\t\t\t\t\t\t<\/div>\n\t\t\t\t<\/div>\n\t\t\t\t<div class=\"elementor-element elementor-element-5797667 elementor-widget elementor-widget-heading\" data-id=\"5797667\" data-element_type=\"widget\" data-e-type=\"widget\" data-widget_type=\"heading.default\">\n\t\t\t\t<div class=\"elementor-widget-container\">\n\t\t\t\t\t<h2 class=\"elementor-heading-title elementor-size-default\">Was ist 3-MMC?<\/h2>\t\t\t\t<\/div>\n\t\t\t\t<\/div>\n\t\t\t\t<div class=\"elementor-element elementor-element-da30504 elementor-widget elementor-widget-text-editor\" data-id=\"da30504\" data-element_type=\"widget\" data-e-type=\"widget\" data-widget_type=\"text-editor.default\">\n\t\t\t\t<div class=\"elementor-widget-container\">\n\t\t\t\t\t\t\t\t\t<p><strong>3-MMC (3-Methylmethcathinon)<\/strong> ist eine synthetische Cathinonverbindung, die aufgrund ihrer wohldefinierten Eigenschaften h\u00e4ufig in der Laborforschung verwendet wird. Es hat eine Molek\u00fclstruktur, die der von Mephedron \u00e4hnelt, was es zu einem interessanten Gegenstand pharmakologischer und chemischer Studien macht. Bei Chemagora bieten wir <strong>3-MMC-Kristalle<\/strong> mit un\u00fcbertroffener Reinheit zur Unterst\u00fctzung konsistenter und zuverl\u00e4ssiger Forschungsergebnisse.<\/p>\t\t\t\t\t\t\t\t<\/div>\n\t\t\t\t<\/div>\n\t\t\t\t\t<\/div>\n\t\t<\/div>\n\t\t\t\t\t<\/div>\n\t\t<\/section>\n\t\t\t\t<section class=\"elementor-section elementor-top-section elementor-element elementor-element-719311e elementor-section-boxed elementor-section-height-default elementor-section-height-default\" data-id=\"719311e\" data-element_type=\"section\" data-e-type=\"section\" data-settings=\"{&quot;background_background&quot;:&quot;classic&quot;}\">\n\t\t\t\t\t\t<div class=\"elementor-container elementor-column-gap-no\">\n\t\t\t\t\t<div class=\"elementor-column elementor-col-33 elementor-top-column elementor-element elementor-element-9d33d56\" data-id=\"9d33d56\" data-element_type=\"column\" data-e-type=\"column\">\n\t\t\t<div class=\"elementor-widget-wrap elementor-element-populated\">\n\t\t\t\t\t\t<div class=\"elementor-element elementor-element-9e5c66e elementor-widget elementor-widget-heading\" data-id=\"9e5c66e\" data-element_type=\"widget\" data-e-type=\"widget\" data-widget_type=\"heading.default\">\n\t\t\t\t<div class=\"elementor-widget-container\">\n\t\t\t\t\t<h2 class=\"elementor-heading-title elementor-size-default\">Chemische Informationen<\/h2>\t\t\t\t<\/div>\n\t\t\t\t<\/div>\n\t\t\t\t<div class=\"elementor-element elementor-element-0baadc1 elementor-widget elementor-widget-text-editor\" data-id=\"0baadc1\" data-element_type=\"widget\" data-e-type=\"widget\" data-widget_type=\"text-editor.default\">\n\t\t\t\t<div class=\"elementor-widget-container\">\n\t\t\t\t\t\t\t\t\t<ul><li><strong>Chemischer Name:<\/strong> 3-Methylmethcathinon<\/li><li><strong>Molekularformel:<\/strong> C11H15NO<\/li><li><strong>Molare Masse:<\/strong> 177,24 g\/mol<\/li><li><strong>IUPAC-Name:<\/strong> 2-(Methylamino)-1-(3-methylphenyl)propan-1-on<\/li><\/ul>\t\t\t\t\t\t\t\t<\/div>\n\t\t\t\t<\/div>\n\t\t\t\t\t<\/div>\n\t\t<\/div>\n\t\t\t\t<div class=\"elementor-column elementor-col-33 elementor-top-column elementor-element elementor-element-e4c392e\" data-id=\"e4c392e\" data-element_type=\"column\" data-e-type=\"column\">\n\t\t\t<div class=\"elementor-widget-wrap elementor-element-populated\">\n\t\t\t\t\t\t<div class=\"elementor-element elementor-element-c4b4185 elementor-widget elementor-widget-heading\" data-id=\"c4b4185\" data-element_type=\"widget\" data-e-type=\"widget\" data-widget_type=\"heading.default\">\n\t\t\t\t<div class=\"elementor-widget-container\">\n\t\t\t\t\t<h2 class=\"elementor-heading-title elementor-size-default\">Physikalische und chemische Eigenschaften<\/h2>\t\t\t\t<\/div>\n\t\t\t\t<\/div>\n\t\t\t\t<div class=\"elementor-element elementor-element-ffb135b elementor-widget elementor-widget-text-editor\" data-id=\"ffb135b\" data-element_type=\"widget\" data-e-type=\"widget\" data-widget_type=\"text-editor.default\">\n\t\t\t\t<div class=\"elementor-widget-container\">\n\t\t\t\t\t\t\t\t\t<ul><li><strong>Bilden:<\/strong> wei\u00dfes Pulver<\/li><li><strong>Reinheit:<\/strong> \u226599%<\/li><li><strong>Schmelzpunkt:<\/strong> ~180-185\u00b0C<\/li><li><strong>L\u00f6slichkeit:<\/strong> L\u00f6slich in Wasser und organischen L\u00f6sungsmitteln wie Ethanol und Methanol<\/li><\/ul>\t\t\t\t\t\t\t\t<\/div>\n\t\t\t\t<\/div>\n\t\t\t\t\t<\/div>\n\t\t<\/div>\n\t\t\t\t<div class=\"elementor-column elementor-col-33 elementor-top-column elementor-element elementor-element-f696cd9\" data-id=\"f696cd9\" data-element_type=\"column\" data-e-type=\"column\">\n\t\t\t<div class=\"elementor-widget-wrap elementor-element-populated\">\n\t\t\t\t\t\t<div class=\"elementor-element elementor-element-acabd54 elementor-widget elementor-widget-heading\" data-id=\"acabd54\" data-element_type=\"widget\" data-e-type=\"widget\" data-widget_type=\"heading.default\">\n\t\t\t\t<div class=\"elementor-widget-container\">\n\t\t\t\t\t<h2 class=\"elementor-heading-title elementor-size-default\">Analytische Daten<\/h2>\t\t\t\t<\/div>\n\t\t\t\t<\/div>\n\t\t\t\t<div class=\"elementor-element elementor-element-4a78622 elementor-widget elementor-widget-text-editor\" data-id=\"4a78622\" data-element_type=\"widget\" data-e-type=\"widget\" data-widget_type=\"text-editor.default\">\n\t\t\t\t<div class=\"elementor-widget-container\">\n\t\t\t\t\t\t\t\t\t<ul><li><strong>NMR-Analyse:<\/strong> Best\u00e4tigt die Molekularstruktur und Konsistenz.<\/li><li><strong>Massenspektrometrie (MS):<\/strong> Validiert das Molekulargewicht von 177,24 g\/mol.<\/li><li><strong>FTIR (Fourier-Transform-Infrarotspektroskopie):<\/strong> Stimmt mit etablierten Referenzspektren \u00fcberein.<\/li><\/ul>\t\t\t\t\t\t\t\t<\/div>\n\t\t\t\t<\/div>\n\t\t\t\t\t<\/div>\n\t\t<\/div>\n\t\t\t\t\t<\/div>\n\t\t<\/section>\n\t\t\t\t<section class=\"elementor-section elementor-top-section elementor-element elementor-element-054bbb3 elementor-section-boxed elementor-section-height-default elementor-section-height-default\" data-id=\"054bbb3\" data-element_type=\"section\" data-e-type=\"section\">\n\t\t\t\t\t\t<div class=\"elementor-container elementor-column-gap-no\">\n\t\t\t\t\t<div class=\"elementor-column elementor-col-100 elementor-top-column elementor-element elementor-element-0a7459b\" data-id=\"0a7459b\" data-element_type=\"column\" data-e-type=\"column\">\n\t\t\t<div class=\"elementor-widget-wrap elementor-element-populated\">\n\t\t\t\t\t\t<div class=\"elementor-element elementor-element-aebc754 elementor-widget elementor-widget-heading\" data-id=\"aebc754\" data-element_type=\"widget\" data-e-type=\"widget\" data-widget_type=\"heading.default\">\n\t\t\t\t<div class=\"elementor-widget-container\">\n\t\t\t\t\t<h2 class=\"elementor-heading-title elementor-size-default\">Warum sollten Sie sich f\u00fcr Chemagora als 3-MMC-Pulver entscheiden?<\/h2>\t\t\t\t<\/div>\n\t\t\t\t<\/div>\n\t\t\t\t<div class=\"elementor-element elementor-element-ff3876b elementor-widget elementor-widget-text-editor\" data-id=\"ff3876b\" data-element_type=\"widget\" data-e-type=\"widget\" data-widget_type=\"text-editor.default\">\n\t\t\t\t<div class=\"elementor-widget-container\">\n\t\t\t\t\t\t\t\t\t<ul><li><p><strong>Un\u00fcbertroffene Reinheit:<\/strong> Unser 3-MMC Pulver wird im Labor getestet, um einen Reinheitsgrad von zu gew\u00e4hrleisten <strong>\u226599%<\/strong>, sodass Sie ein Produkt ohne Verunreinigungen erhalten.<\/p><\/li><li><p><strong>Feine Pulverform:<\/strong> Die feine Pulverform von 3-MMC erm\u00f6glicht eine pr\u00e4zise Messung und Anwendung in verschiedenen Laborumgebungen.<\/p><\/li><li><p><strong>Compliance, der Sie vertrauen k\u00f6nnen:<\/strong> Wir halten uns strikt an Industrienormen und -vorschriften und stellen sicher, dass unsere Produkte den h\u00f6chsten Qualit\u00e4tsstandards entsprechen.<\/p><\/li><li><p><strong>Schneller und diskreter Versand:<\/strong> Wir bearbeiten alle Bestellungen innerhalb von 24 Stunden und bieten eine diskrete Verpackung, um sicherzustellen, dass Ihr Einkauf sicher und p\u00fcnktlich ankommt.<\/p><\/li><li><p><strong>Spezieller Kundensupport:<\/strong> Unser kompetentes Supportteam ist f\u00fcr Sie da und hilft Ihnen bei allen Fragen, von Produktdetails bis hin zu Versandanfragen.<\/p><\/li><\/ul>\t\t\t\t\t\t\t\t<\/div>\n\t\t\t\t<\/div>\n\t\t\t\t<div class=\"elementor-element elementor-element-b74abfc elementor-widget elementor-widget-heading\" data-id=\"b74abfc\" data-element_type=\"widget\" data-e-type=\"widget\" data-widget_type=\"heading.default\">\n\t\t\t\t<div class=\"elementor-widget-container\">\n\t\t\t\t\t<h2 class=\"elementor-heading-title elementor-size-default\">Einhaltung gesetzlicher Vorschriften<\/h2>\t\t\t\t<\/div>\n\t\t\t\t<\/div>\n\t\t\t\t<div class=\"elementor-element elementor-element-bb30fde elementor-widget elementor-widget-text-editor\" data-id=\"bb30fde\" data-element_type=\"widget\" data-e-type=\"widget\" data-widget_type=\"text-editor.default\">\n\t\t\t\t<div class=\"elementor-widget-container\">\n\t\t\t\t\t\t\t\t\t<p>Bitte beachten Sie, dass der Rechtsstatus von 3-MMC in verschiedenen L\u00e4ndern unterschiedlich ist. Es liegt in der Verantwortung des K\u00e4ufers, die Einhaltung der \u00f6rtlichen Vorschriften hinsichtlich des Erwerbs und der Verwendung dieser Verbindung sicherzustellen.<\/p>\t\t\t\t\t\t\t\t<\/div>\n\t\t\t\t<\/div>\n\t\t\t\t<div class=\"elementor-element elementor-element-f6f291f elementor-alert-info elementor-widget elementor-widget-alert\" data-id=\"f6f291f\" data-element_type=\"widget\" data-e-type=\"widget\" data-widget_type=\"alert.default\">\n\t\t\t\t<div class=\"elementor-widget-container\">\n\t\t\t\t\t\t\t<div class=\"elementor-alert\" role=\"alert\">\n\n\t\t\t\t\t\t<span class=\"elementor-alert-title\">Haftungsausschluss<\/span>\n\t\t\t\n\t\t\t\t\t\t<span class=\"elementor-alert-description\">Dieses Produkt ist ausschlie\u00dflich f\u00fcr Forschungs- und Analysezwecke bestimmt. Es ist unter keinen Umst\u00e4nden f\u00fcr den menschlichen oder tierischen Verzehr bestimmt.<\/span>\n\t\t\t\n\t\t\t\t\t\t<button type=\"button\" class=\"elementor-alert-dismiss\" aria-label=\"Diese Warnung schlie\u00dfen.\">\n\t\t\t\t\t\t\t\t\t<span aria-hidden=\"true\">\u00d7<\/span>\n\t\t\t\t\t\t\t<\/button>\n\t\t\t\n\t\t<\/div>\n\t\t\t\t\t\t<\/div>\n\t\t\t\t<\/div>\n\t\t\t\t<div class=\"elementor-element elementor-element-7641ae7 elementor-widget elementor-widget-heading\" data-id=\"7641ae7\" data-element_type=\"widget\" data-e-type=\"widget\" data-widget_type=\"heading.default\">\n\t\t\t\t<div class=\"elementor-widget-container\">\n\t\t\t\t\t<h2 class=\"elementor-heading-title elementor-size-default\">Bestellen Sie noch heute Ihr 3-MMC Pulver<\/h2>\t\t\t\t<\/div>\n\t\t\t\t<\/div>\n\t\t\t\t<div class=\"elementor-element elementor-element-f9140af elementor-widget elementor-widget-text-editor\" data-id=\"f9140af\" data-element_type=\"widget\" data-e-type=\"widget\" data-widget_type=\"text-editor.default\">\n\t\t\t\t<div class=\"elementor-widget-container\">\n\t\t\t\t\t\t\t\t\t<p>Verbessern Sie Ihre Forschung mit Chemagoras erstklassigem 3-MMC-Pulver. Erleben Sie beispiellose Qualit\u00e4t und Service, indem Sie jetzt Ihre Bestellung aufgeben.<\/p><p><em>Hinweis: Gehen Sie mit Forschungschemikalien stets vorsichtig um und halten Sie die entsprechenden Sicherheitsprotokolle ein.<\/em><\/p>\t\t\t\t\t\t\t\t<\/div>\n\t\t\t\t<\/div>\n\t\t\t\t\t<\/div>\n\t\t<\/div>\n\t\t\t\t\t<\/div>\n\t\t<\/section>\n\t\t\t\t<\/div>","protected":false},"excerpt":{"rendered":"<p>Sorgf\u00e4ltig getestete Forschungschemikalien, konform, vertrauensw\u00fcrdig und mit Pr\u00e4zision und Sorgfalt geliefert.<\/p>","protected":false},"featured_media":1641,"comment_status":"open","ping_status":"closed","template":"","meta":{"inline_featured_image":false},"etheme_brands":[],"product_brand":[],"product_cat":[38],"product_tag":[47,45,46,48],"class_list":{"0":"post-618","1":"product","2":"type-product","3":"status-publish","4":"has-post-thumbnail","6":"product_cat-3-mmc","7":"product_tag-3-mmc-powder","8":"product_tag-buy-3-mmc","9":"product_tag-buy-3-mmc-online","10":"product_tag-research-chemicals","12":"first","13":"instock","14":"shipping-taxable","15":"purchasable","16":"product-type-variable"},"_links":{"self":[{"href":"https:\/\/chemagora.eu\/de\/wp-json\/wp\/v2\/product\/618","targetHints":{"allow":["GET"]}}],"collection":[{"href":"https:\/\/chemagora.eu\/de\/wp-json\/wp\/v2\/product"}],"about":[{"href":"https:\/\/chemagora.eu\/de\/wp-json\/wp\/v2\/types\/product"}],"replies":[{"embeddable":true,"href":"https:\/\/chemagora.eu\/de\/wp-json\/wp\/v2\/comments?post=618"}],"version-history":[{"count":1,"href":"https:\/\/chemagora.eu\/de\/wp-json\/wp\/v2\/product\/618\/revisions"}],"predecessor-version":[{"id":2396,"href":"https:\/\/chemagora.eu\/de\/wp-json\/wp\/v2\/product\/618\/revisions\/2396"}],"wp:featuredmedia":[{"embeddable":true,"href":"https:\/\/chemagora.eu\/de\/wp-json\/wp\/v2\/media\/1641"}],"wp:attachment":[{"href":"https:\/\/chemagora.eu\/de\/wp-json\/wp\/v2\/media?parent=618"}],"wp:term":[{"taxonomy":"brand","embeddable":true,"href":"https:\/\/chemagora.eu\/de\/wp-json\/wp\/v2\/etheme_brands?post=618"},{"taxonomy":"product_brand","embeddable":true,"href":"https:\/\/chemagora.eu\/de\/wp-json\/wp\/v2\/product_brand?post=618"},{"taxonomy":"product_cat","embeddable":true,"href":"https:\/\/chemagora.eu\/de\/wp-json\/wp\/v2\/product_cat?post=618"},{"taxonomy":"product_tag","embeddable":true,"href":"https:\/\/chemagora.eu\/de\/wp-json\/wp\/v2\/product_tag?post=618"}],"curies":[{"name":"wp","href":"https:\/\/api.w.org\/{rel}","templated":true}]}}