{"id":622,"date":"2022-10-06T12:32:52","date_gmt":"2022-10-06T12:32:52","guid":{"rendered":"https:\/\/xstore.8theme.com\/elementor\/demos\/hemp-and-cbd\/?post_type=product&#038;p=622"},"modified":"2026-02-15T03:33:29","modified_gmt":"2026-02-15T03:33:29","slug":"3-mmc-kristall","status":"publish","type":"product","link":"https:\/\/chemagora.eu\/de\/product\/3-mmc-kristall\/","title":{"rendered":"3-MMC-Kristall"},"content":{"rendered":"<div data-elementor-type=\"wp-post\" data-elementor-id=\"622\" class=\"elementor elementor-622\" data-elementor-post-type=\"product\">\n\t\t\t\t\t\t<section class=\"elementor-section elementor-top-section elementor-element elementor-element-6e1631b elementor-section-boxed elementor-section-height-default elementor-section-height-default\" data-id=\"6e1631b\" data-element_type=\"section\" data-e-type=\"section\">\n\t\t\t\t\t\t<div class=\"elementor-container elementor-column-gap-no\">\n\t\t\t\t\t<div class=\"elementor-column elementor-col-100 elementor-top-column elementor-element elementor-element-70031b0\" data-id=\"70031b0\" data-element_type=\"column\" data-e-type=\"column\">\n\t\t\t<div class=\"elementor-widget-wrap elementor-element-populated\">\n\t\t\t\t\t\t<div class=\"elementor-element elementor-element-213237b elementor-widget elementor-widget-heading\" data-id=\"213237b\" data-element_type=\"widget\" data-e-type=\"widget\" data-widget_type=\"heading.default\">\n\t\t\t\t<div class=\"elementor-widget-container\">\n\t\t\t\t\t<h2 class=\"elementor-heading-title elementor-size-default\">Hochwertige 3-MMC-Kristalle online kaufen | Chemagora \u2013 Ihr zuverl\u00e4ssiger Partner in der Forschung<\/h2>\t\t\t\t<\/div>\n\t\t\t\t<\/div>\n\t\t\t\t<div class=\"elementor-element elementor-element-0657ec8 elementor-widget elementor-widget-text-editor\" data-id=\"0657ec8\" data-element_type=\"widget\" data-e-type=\"widget\" data-widget_type=\"text-editor.default\">\n\t\t\t\t<div class=\"elementor-widget-container\">\n\t\t\t\t\t\t\t\t\t<p>Sie suchen Premium-Qualit\u00e4t <strong>3-MMC Pulver<\/strong> f\u00fcr Ihr wissenschaftliches Studium? <a href=\"https:\/\/chemagora.eu\/de\/geschaft\/\">Chemagora<\/a>, wir sind spezialisiert auf die Bereitstellung <a href=\"http:\/\/reine-chemikalien.com\" target=\"_blank\" rel=\"noopener\">Forscher<\/a> mit hochreinen Verbindungen, um innovative Forschung in verschiedenen Bereichen zu unterst\u00fctzen.<\/p>\t\t\t\t\t\t\t\t<\/div>\n\t\t\t\t<\/div>\n\t\t\t\t<div class=\"elementor-element elementor-element-35d4250 elementor-widget elementor-widget-heading\" data-id=\"35d4250\" data-element_type=\"widget\" data-e-type=\"widget\" data-widget_type=\"heading.default\">\n\t\t\t\t<div class=\"elementor-widget-container\">\n\t\t\t\t\t<h2 class=\"elementor-heading-title elementor-size-default\">Was ist 3-MMC?<\/h2>\t\t\t\t<\/div>\n\t\t\t\t<\/div>\n\t\t\t\t<div class=\"elementor-element elementor-element-df6a2c1 elementor-widget elementor-widget-text-editor\" data-id=\"df6a2c1\" data-element_type=\"widget\" data-e-type=\"widget\" data-widget_type=\"text-editor.default\">\n\t\t\t\t<div class=\"elementor-widget-container\">\n\t\t\t\t\t\t\t\t\t<p><strong>3-MMC (3-Methylmethcathinon)<\/strong> ist eine synthetische Cathinonverbindung, die aufgrund ihrer wohldefinierten Eigenschaften h\u00e4ufig in der Laborforschung verwendet wird. Es hat eine Molek\u00fclstruktur, die der von Mephedron \u00e4hnelt, was es zu einem interessanten Gegenstand pharmakologischer und chemischer Studien macht. Bei Chemagora bieten wir <strong>3-MMC-Kristalle<\/strong> mit un\u00fcbertroffener Reinheit zur Unterst\u00fctzung konsistenter und zuverl\u00e4ssiger Forschungsergebnisse.<\/p>\t\t\t\t\t\t\t\t<\/div>\n\t\t\t\t<\/div>\n\t\t\t\t\t<\/div>\n\t\t<\/div>\n\t\t\t\t\t<\/div>\n\t\t<\/section>\n\t\t\t\t<section class=\"elementor-section elementor-top-section elementor-element elementor-element-288b1b8 elementor-section-boxed elementor-section-height-default elementor-section-height-default\" data-id=\"288b1b8\" data-element_type=\"section\" data-e-type=\"section\" data-settings=\"{&quot;background_background&quot;:&quot;classic&quot;}\">\n\t\t\t\t\t\t<div class=\"elementor-container elementor-column-gap-no\">\n\t\t\t\t\t<div class=\"elementor-column elementor-col-33 elementor-top-column elementor-element elementor-element-d437bc0\" data-id=\"d437bc0\" data-element_type=\"column\" data-e-type=\"column\">\n\t\t\t<div class=\"elementor-widget-wrap elementor-element-populated\">\n\t\t\t\t\t\t<div class=\"elementor-element elementor-element-819b273 elementor-widget elementor-widget-heading\" data-id=\"819b273\" data-element_type=\"widget\" data-e-type=\"widget\" data-widget_type=\"heading.default\">\n\t\t\t\t<div class=\"elementor-widget-container\">\n\t\t\t\t\t<h2 class=\"elementor-heading-title elementor-size-default\">Chemische Informationen<\/h2>\t\t\t\t<\/div>\n\t\t\t\t<\/div>\n\t\t\t\t<div class=\"elementor-element elementor-element-476a104 elementor-widget elementor-widget-text-editor\" data-id=\"476a104\" data-element_type=\"widget\" data-e-type=\"widget\" data-widget_type=\"text-editor.default\">\n\t\t\t\t<div class=\"elementor-widget-container\">\n\t\t\t\t\t\t\t\t\t<ul><li><strong>Chemischer Name:<\/strong> 3-Methylmethcathinon<\/li><li><strong>Molekularformel:<\/strong> C11H15NO<\/li><li><strong>Molare Masse:<\/strong> 177,24 g\/mol<\/li><li><strong>IUPAC-Name:<\/strong> 2-(Methylamino)-1-(3-methylphenyl)propan-1-on<\/li><\/ul>\t\t\t\t\t\t\t\t<\/div>\n\t\t\t\t<\/div>\n\t\t\t\t\t<\/div>\n\t\t<\/div>\n\t\t\t\t<div class=\"elementor-column elementor-col-33 elementor-top-column elementor-element elementor-element-39fcad3\" data-id=\"39fcad3\" data-element_type=\"column\" data-e-type=\"column\">\n\t\t\t<div class=\"elementor-widget-wrap elementor-element-populated\">\n\t\t\t\t\t\t<div class=\"elementor-element elementor-element-61cf8f7 elementor-widget elementor-widget-heading\" data-id=\"61cf8f7\" data-element_type=\"widget\" data-e-type=\"widget\" data-widget_type=\"heading.default\">\n\t\t\t\t<div class=\"elementor-widget-container\">\n\t\t\t\t\t<h2 class=\"elementor-heading-title elementor-size-default\">Physikalische und chemische Eigenschaften<\/h2>\t\t\t\t<\/div>\n\t\t\t\t<\/div>\n\t\t\t\t<div class=\"elementor-element elementor-element-31e542d elementor-widget elementor-widget-text-editor\" data-id=\"31e542d\" data-element_type=\"widget\" data-e-type=\"widget\" data-widget_type=\"text-editor.default\">\n\t\t\t\t<div class=\"elementor-widget-container\">\n\t\t\t\t\t\t\t\t\t<ul><li><strong>Bilden:<\/strong> Wei\u00dfes kristallines Pulver<\/li><li><strong>Reinheit:<\/strong> \u226599%<\/li><li><strong>Schmelzpunkt:<\/strong> ~180-185\u00b0C<\/li><li><strong>L\u00f6slichkeit:<\/strong> L\u00f6slich in Wasser und organischen L\u00f6sungsmitteln wie Ethanol und Methanol<\/li><\/ul>\t\t\t\t\t\t\t\t<\/div>\n\t\t\t\t<\/div>\n\t\t\t\t\t<\/div>\n\t\t<\/div>\n\t\t\t\t<div class=\"elementor-column elementor-col-33 elementor-top-column elementor-element elementor-element-518a13f\" data-id=\"518a13f\" data-element_type=\"column\" data-e-type=\"column\">\n\t\t\t<div class=\"elementor-widget-wrap elementor-element-populated\">\n\t\t\t\t\t\t<div class=\"elementor-element elementor-element-42f3cf1 elementor-widget elementor-widget-heading\" data-id=\"42f3cf1\" data-element_type=\"widget\" data-e-type=\"widget\" data-widget_type=\"heading.default\">\n\t\t\t\t<div class=\"elementor-widget-container\">\n\t\t\t\t\t<h2 class=\"elementor-heading-title elementor-size-default\">Analytische Daten<\/h2>\t\t\t\t<\/div>\n\t\t\t\t<\/div>\n\t\t\t\t<div class=\"elementor-element elementor-element-4ed1a2f elementor-widget elementor-widget-text-editor\" data-id=\"4ed1a2f\" data-element_type=\"widget\" data-e-type=\"widget\" data-widget_type=\"text-editor.default\">\n\t\t\t\t<div class=\"elementor-widget-container\">\n\t\t\t\t\t\t\t\t\t<ul><li><strong>NMR-Analyse:<\/strong> Best\u00e4tigt die Molekularstruktur und Konsistenz.<\/li><li><strong>Massenspektrometrie (MS):<\/strong> Validiert das Molekulargewicht von 177,24 g\/mol.<\/li><li><strong>FTIR (Fourier-Transform-Infrarotspektroskopie):<\/strong> Stimmt mit etablierten Referenzspektren \u00fcberein.<\/li><\/ul>\t\t\t\t\t\t\t\t<\/div>\n\t\t\t\t<\/div>\n\t\t\t\t\t<\/div>\n\t\t<\/div>\n\t\t\t\t\t<\/div>\n\t\t<\/section>\n\t\t\t\t<section class=\"elementor-section elementor-top-section elementor-element elementor-element-37e8c36 elementor-section-boxed elementor-section-height-default elementor-section-height-default\" data-id=\"37e8c36\" data-element_type=\"section\" data-e-type=\"section\">\n\t\t\t\t\t\t<div class=\"elementor-container elementor-column-gap-no\">\n\t\t\t\t\t<div class=\"elementor-column elementor-col-100 elementor-top-column elementor-element elementor-element-58c92ed\" data-id=\"58c92ed\" data-element_type=\"column\" data-e-type=\"column\">\n\t\t\t<div class=\"elementor-widget-wrap elementor-element-populated\">\n\t\t\t\t\t\t<div class=\"elementor-element elementor-element-41ac3c5 elementor-widget elementor-widget-heading\" data-id=\"41ac3c5\" data-element_type=\"widget\" data-e-type=\"widget\" data-widget_type=\"heading.default\">\n\t\t\t\t<div class=\"elementor-widget-container\">\n\t\t\t\t\t<h2 class=\"elementor-heading-title elementor-size-default\">Warum sollten Sie sich bei 3-MMC-Kristallen f\u00fcr Chemagora entscheiden?<\/h2>\t\t\t\t<\/div>\n\t\t\t\t<\/div>\n\t\t\t\t<div class=\"elementor-element elementor-element-e54cbff elementor-widget elementor-widget-text-editor\" data-id=\"e54cbff\" data-element_type=\"widget\" data-e-type=\"widget\" data-widget_type=\"text-editor.default\">\n\t\t\t\t<div class=\"elementor-widget-container\">\n\t\t\t\t\t\t\t\t\t<h4><strong>1. Un\u00fcbertroffene Reinheit<\/strong><\/h4><p>Unser <strong>3-MMC-Kristalle<\/strong> sind im Labor getestet und weisen einen Reinheitsgrad von <strong>\u226599%<\/strong>, um sicherzustellen, dass sie den strengsten Standards f\u00fcr professionelle Forschung entsprechen.<\/p><h4><strong>2. \u00dcberlegene kristalline Form<\/strong><\/h4><p>Das Produkt wird in einer <strong>wei\u00dfe kristalline Struktur<\/strong>, sodass es im Labor einfach zu handhaben, zu messen und pr\u00e4zise anzuwenden ist.<\/p><h4><strong>3. Vertrauensw\u00fcrdig f\u00fcr <a href=\"http:\/\/pure-3mmc.com\" target=\"_blank\" rel=\"noopener\">Forscher<\/a> Quer durch Europa<\/strong><\/h4><p>Von Amsterdam bis Berlin, von Madrid bis Paris ist Chemagora die vertrauensw\u00fcrdige Wahl f\u00fcr <a href=\"https:\/\/chemagora.eu\/de\/product\/nissenpulver\/\" data-wpil-monitor-id=\"55\">Forschungseinrichtungen und Fachleute auf der Suche nach zuverl\u00e4ssigen chemischen<\/a> Lieferungen.<\/p><h4><strong>4. Schneller, sicherer und diskreter Versand<\/strong><\/h4><p>Alle Bestellungen werden schnell bearbeitet und diskret geliefert, um Ihre Privatsph\u00e4re und Bequemlichkeit zu gew\u00e4hrleisten. Egal, ob Sie bestellen bei <strong>Rom<\/strong>, <strong>Barcelona<\/strong>, oder <strong>Rotterdam<\/strong>, wir haben das Richtige f\u00fcr Sie.<\/p><h4><strong>5. Eigenes Support-Team<\/strong><\/h4><p>Unser kompetentes Kundensupportteam begleitet Sie durch den Kaufprozess und beantwortet alle produktbezogenen Fragen. Mit Chemagora sind Sie nie allein.<\/p>\t\t\t\t\t\t\t\t<\/div>\n\t\t\t\t<\/div>\n\t\t\t\t<div class=\"elementor-element elementor-element-fd9dbab elementor-widget elementor-widget-heading\" data-id=\"fd9dbab\" data-element_type=\"widget\" data-e-type=\"widget\" data-widget_type=\"heading.default\">\n\t\t\t\t<div class=\"elementor-widget-container\">\n\t\t\t\t\t<h2 class=\"elementor-heading-title elementor-size-default\">Einhaltung gesetzlicher Vorschriften<\/h2>\t\t\t\t<\/div>\n\t\t\t\t<\/div>\n\t\t\t\t<div class=\"elementor-element elementor-element-d5d0739 elementor-widget elementor-widget-text-editor\" data-id=\"d5d0739\" data-element_type=\"widget\" data-e-type=\"widget\" data-widget_type=\"text-editor.default\">\n\t\t\t\t<div class=\"elementor-widget-container\">\n\t\t\t\t\t\t\t\t\t<p>Der rechtliche Status von <strong>3-MMC<\/strong> ist von Land zu Land unterschiedlich. Es liegt in der alleinigen Verantwortung des K\u00e4ufers, vor dem Kauf oder der Verwendung dieses Produkts die Einhaltung der \u00f6rtlichen Vorschriften sicherzustellen.<\/p>\t\t\t\t\t\t\t\t<\/div>\n\t\t\t\t<\/div>\n\t\t\t\t<div class=\"elementor-element elementor-element-b3d4a4f elementor-alert-info elementor-widget elementor-widget-alert\" data-id=\"b3d4a4f\" data-element_type=\"widget\" data-e-type=\"widget\" data-widget_type=\"alert.default\">\n\t\t\t\t<div class=\"elementor-widget-container\">\n\t\t\t\t\t\t\t<div class=\"elementor-alert\" role=\"alert\">\n\n\t\t\t\t\t\t<span class=\"elementor-alert-title\">Haftungsausschluss<\/span>\n\t\t\t\n\t\t\t\t\t\t<span class=\"elementor-alert-description\">Dieses Produkt ist ausschlie\u00dflich f\u00fcr Forschungs- und Analysezwecke bestimmt. Es ist unter keinen Umst\u00e4nden f\u00fcr den menschlichen oder tierischen Verzehr bestimmt.<\/span>\n\t\t\t\n\t\t\t\t\t\t<button type=\"button\" class=\"elementor-alert-dismiss\" aria-label=\"Diese Warnung schlie\u00dfen.\">\n\t\t\t\t\t\t\t\t\t<span aria-hidden=\"true\">\u00d7<\/span>\n\t\t\t\t\t\t\t<\/button>\n\t\t\t\n\t\t<\/div>\n\t\t\t\t\t\t<\/div>\n\t\t\t\t<\/div>\n\t\t\t\t<div class=\"elementor-element elementor-element-71d4434 elementor-widget elementor-widget-heading\" data-id=\"71d4434\" data-element_type=\"widget\" data-e-type=\"widget\" data-widget_type=\"heading.default\">\n\t\t\t\t<div class=\"elementor-widget-container\">\n\t\t\t\t\t<h2 class=\"elementor-heading-title elementor-size-default\">Bestellen Sie noch heute Ihre 3-MMC-Kristalle<\/h2>\t\t\t\t<\/div>\n\t\t\t\t<\/div>\n\t\t\t\t<div class=\"elementor-element elementor-element-04e2e05 elementor-widget elementor-widget-text-editor\" data-id=\"04e2e05\" data-element_type=\"widget\" data-e-type=\"widget\" data-widget_type=\"text-editor.default\">\n\t\t\t\t<div class=\"elementor-widget-container\">\n\t\t\t\t\t\t\t\t\t<p>Bringen Sie Ihre Forschung auf die n\u00e4chste Ebene mit Chemagoras <strong>hochwertige 3-MMC Quarze<\/strong>. Schlie\u00dfen Sie sich Tausenden zufriedener <a href=\"https:\/\/chemagora.eu\/de\/product\/mdpihp-kristall\/\" data-wpil-monitor-id=\"56\">Forscher in Europa, die sich bei ihren chemischen<\/a> Lieferungen. <strong>Bestellen Sie noch heute<\/strong> und genie\u00dfen:<\/p><ul><li>Erstklassige Produktqualit\u00e4t<\/li><li>Sichere und diskrete Lieferung<\/li><li>Kompetente Unterst\u00fctzung f\u00fcr alle Ihre Forschungsanforderungen<\/li><\/ul>\t\t\t\t\t\t\t\t<\/div>\n\t\t\t\t<\/div>\n\t\t\t\t\t<\/div>\n\t\t<\/div>\n\t\t\t\t\t<\/div>\n\t\t<\/section>\n\t\t\t\t<\/div>","protected":false},"excerpt":{"rendered":"<p>Sorgf\u00e4ltig getestete Forschungschemikalien, konform, vertrauensw\u00fcrdig und mit Pr\u00e4zision und Sorgfalt geliefert.<\/p>","protected":false},"featured_media":1577,"comment_status":"open","ping_status":"closed","template":"","meta":{"inline_featured_image":false},"etheme_brands":[],"product_brand":[],"product_cat":[38],"product_tag":[],"class_list":{"0":"post-622","1":"product","2":"type-product","3":"status-publish","4":"has-post-thumbnail","6":"product_cat-3-mmc","8":"first","9":"instock","10":"shipping-taxable","11":"purchasable","12":"product-type-variable"},"_links":{"self":[{"href":"https:\/\/chemagora.eu\/de\/wp-json\/wp\/v2\/product\/622","targetHints":{"allow":["GET"]}}],"collection":[{"href":"https:\/\/chemagora.eu\/de\/wp-json\/wp\/v2\/product"}],"about":[{"href":"https:\/\/chemagora.eu\/de\/wp-json\/wp\/v2\/types\/product"}],"replies":[{"embeddable":true,"href":"https:\/\/chemagora.eu\/de\/wp-json\/wp\/v2\/comments?post=622"}],"version-history":[{"count":1,"href":"https:\/\/chemagora.eu\/de\/wp-json\/wp\/v2\/product\/622\/revisions"}],"predecessor-version":[{"id":2382,"href":"https:\/\/chemagora.eu\/de\/wp-json\/wp\/v2\/product\/622\/revisions\/2382"}],"wp:featuredmedia":[{"embeddable":true,"href":"https:\/\/chemagora.eu\/de\/wp-json\/wp\/v2\/media\/1577"}],"wp:attachment":[{"href":"https:\/\/chemagora.eu\/de\/wp-json\/wp\/v2\/media?parent=622"}],"wp:term":[{"taxonomy":"brand","embeddable":true,"href":"https:\/\/chemagora.eu\/de\/wp-json\/wp\/v2\/etheme_brands?post=622"},{"taxonomy":"product_brand","embeddable":true,"href":"https:\/\/chemagora.eu\/de\/wp-json\/wp\/v2\/product_brand?post=622"},{"taxonomy":"product_cat","embeddable":true,"href":"https:\/\/chemagora.eu\/de\/wp-json\/wp\/v2\/product_cat?post=622"},{"taxonomy":"product_tag","embeddable":true,"href":"https:\/\/chemagora.eu\/de\/wp-json\/wp\/v2\/product_tag?post=622"}],"curies":[{"name":"wp","href":"https:\/\/api.w.org\/{rel}","templated":true}]}}