{"id":2037,"date":"2025-01-25T02:50:26","date_gmt":"2025-01-25T02:50:26","guid":{"rendered":"https:\/\/chemagora.eu\/?page_id=2037"},"modified":"2025-01-25T09:05:23","modified_gmt":"2025-01-25T09:05:23","slug":"entrega-de-envio","status":"publish","type":"page","link":"https:\/\/chemagora.eu\/es\/entrega-de-envio\/","title":{"rendered":"Env\u00edo y Entrega"},"content":{"rendered":"<div data-elementor-type=\"wp-page\" data-elementor-id=\"2037\" class=\"elementor elementor-2037\" data-elementor-post-type=\"page\">\n\t\t\t\t<div class=\"elementor-element elementor-element-b2f37e0 e-flex e-con-boxed e-con e-parent\" data-id=\"b2f37e0\" data-element_type=\"container\" data-e-type=\"container\">\n\t\t\t\t\t<div class=\"e-con-inner\">\n\t\t\t\t<div class=\"elementor-element elementor-element-1460b75 elementor-widget elementor-widget-text-editor\" data-id=\"1460b75\" data-element_type=\"widget\" data-e-type=\"widget\" data-widget_type=\"text-editor.default\">\n\t\t\t\t<div class=\"elementor-widget-container\">\n\t\t\t\t\t\t\t\t\t<p data-pm-slice=\"1 3 []\"><strong>En Chemagora, priorizamos la entrega r\u00e1pida, segura y confiable de sus pedidos. A continuaci\u00f3n, encontrar\u00e1 una gu\u00eda detallada de nuestras opciones, costos y procesos de env\u00edo para garantizar la transparencia y la comodidad para nuestros clientes en todo el mundo.<\/strong><\/p><div><hr \/><\/div><h3>\u00a0<\/h3><h3><strong>Plazos de entrega<\/strong><\/h3><ul data-spread=\"false\"><li><p><strong>Europa:<\/strong> Los pedidos se entregan en <strong>3-4 d\u00edas h\u00e1biles<\/strong>.<\/p><\/li><li><p><strong>Mundial:<\/strong> Los pedidos se entregan en <strong>5-7 d\u00edas h\u00e1biles<\/strong>.<\/p><\/li><\/ul><p>Pedidos realizados y pagados antes <strong>12:00 horas (CET)<\/strong> Se env\u00edan el mismo d\u00eda. Los pagos realizados con criptomonedas tienen prioridad para un procesamiento m\u00e1s r\u00e1pido e incluyen seguro autom\u00e1ticamente.<\/p><div><hr \/><\/div><h3>\u00a0<\/h3><h3><strong>Opciones de env\u00edo<\/strong><\/h3><p>Ofrecemos tres modos de env\u00edo distintos para satisfacer sus necesidades:<\/p><h4><strong>1. Env\u00edo gratuito<\/strong><\/h4><ul data-spread=\"false\"><li><p><strong>Elegibilidad:<\/strong> Disponible para pedidos superiores a <strong>\u20ac200<\/strong>.<\/p><\/li><li><p><strong>Plazos de entrega:<\/strong><\/p><ul data-spread=\"false\"><li><p>Europa: 3-4 d\u00edas laborables.<\/p><\/li><li><p>En todo el mundo: 5-7 d\u00edas h\u00e1biles.<\/p><\/li><\/ul><\/li><li><p><strong>Seguimiento:<\/strong> No incluido.<\/p><\/li><\/ul><h4><strong>2. Env\u00edo de cartas<\/strong><\/h4><ul data-spread=\"false\"><li><p><strong>Embalaje:<\/strong> Entregado en un sobre blanco liso para mayor discreci\u00f3n.<\/p><\/li><li><p><strong>Plazos de entrega:<\/strong><\/p><ul data-spread=\"false\"><li><p>Europa: 3-4 d\u00edas laborables.<\/p><\/li><li><p>En todo el mundo: 5-7 d\u00edas h\u00e1biles.<\/p><\/li><\/ul><\/li><li><p><strong>Costos:<\/strong><\/p><ul data-spread=\"false\"><li><p>Europa: <strong>\u20ac10<\/strong>.<\/p><\/li><li><p>Mundial: <strong>\u20ac30<\/strong>.<\/p><\/li><\/ul><\/li><li><p><strong>Seguimiento:<\/strong> No incluido.<\/p><\/li><\/ul><h4><strong>3. Env\u00edo expr\u00e9s<\/strong><\/h4><ul data-spread=\"false\"><li><p><strong>Caracter\u00edsticas:<\/strong> Env\u00edo rastreado para actualizaciones en tiempo real sobre su env\u00edo.<\/p><\/li><li><p><strong>Plazos de entrega:<\/strong><\/p><ul data-spread=\"false\"><li><p>Europa: 3-4 d\u00edas laborables.<\/p><\/li><li><p>En todo el mundo: 5-7 d\u00edas h\u00e1biles.<\/p><\/li><\/ul><\/li><li><p><strong>Costos:<\/strong><\/p><ul data-spread=\"false\"><li><p>Europa: <strong>\u20ac15<\/strong>.<\/p><\/li><li><p>Mundial: <strong>\u20ac45<\/strong>.<\/p><\/li><\/ul><\/li><li><p><strong>Seguimiento:<\/strong> Se proporciona en el momento del env\u00edo.<\/p><\/li><\/ul><h4><strong>4. Env\u00edo Express y Asegurado<\/strong><\/h4><ul data-spread=\"false\"><li><p><strong>Caracter\u00edsticas:<\/strong> Incluye seguimiento y cobertura de seguro completa para mayor seguridad.<\/p><\/li><li><p><strong>Plazos de entrega:<\/strong><\/p><ul data-spread=\"false\"><li><p>Europa: 3-4 d\u00edas laborables.<\/p><\/li><li><p>En todo el mundo: 5-7 d\u00edas h\u00e1biles.<\/p><\/li><\/ul><\/li><li><p><strong>Costos:<\/strong><\/p><ul data-spread=\"false\"><li><p>Europa: <strong>\u20ac45<\/strong>.<\/p><\/li><li><p>Mundial: <strong>\u20ac75<\/strong>.<\/p><\/li><\/ul><\/li><li><p><strong>Seguimiento:<\/strong> Se proporciona en el momento del env\u00edo.<\/p><\/li><li><p><strong>Seguro:<\/strong> Cubre el valor total de tu pedido.<\/p><\/li><\/ul><div><hr \/><\/div><h3>\u00a0<\/h3><h3><strong>Env\u00edo el mismo d\u00eda<\/strong><\/h3><ul data-spread=\"false\"><li><p>Pedidos recibidos y pagados en su totalidad antes <strong>12:00 horas (CET)<\/strong> Se env\u00edan el mismo d\u00eda h\u00e1bil.<\/p><\/li><li><p>Los pagos realizados mediante criptomonedas se procesan con prioridad e incluyen autom\u00e1ticamente el seguro.<\/p><\/li><\/ul><div><hr \/><\/div><h3>\u00a0<\/h3><h3><strong>Embalaje<\/strong><\/h3><p>Nos aseguramos de que todos los env\u00edos se empaqueten de forma segura y discreta para proteger su privacidad:<\/p><ul data-spread=\"false\"><li><p>Los pedidos se env\u00edan en embalajes sencillos y sin marca.<\/p><\/li><li><p>Los materiales sensibles se protegen a\u00fan m\u00e1s para evitar da\u00f1os durante el transporte.<\/p><\/li><\/ul><div><hr \/><\/div><h3>\u00a0<\/h3><h3><strong>Aduanas y aranceles<\/strong><\/h3><p>Para pedidos internacionales, tenga en cuenta lo siguiente:<\/p><ul data-spread=\"false\"><li><p><strong>Despacho de aduana:<\/strong> Su pedido puede estar sujeto a despacho de aduana, lo que podr\u00eda retrasar la entrega.<\/p><\/li><li><p><strong>Impuestos y aranceles:<\/strong> Cualquier arancel, impuesto o tarifa aplicable es responsabilidad del cliente.<\/p><\/li><li><p>Aseg\u00farese de cumplir con las regulaciones locales antes de realizar un pedido.<\/p><\/li><\/ul><div><hr \/><\/div><h3>\u00a0<\/h3><h3><strong>Informaci\u00f3n de seguimiento<\/strong><\/h3><ul data-spread=\"false\"><li><p>Se proporcionan detalles de seguimiento para las opciones de Env\u00edo expr\u00e9s y Env\u00edo expr\u00e9s y asegurado.<\/p><\/li><li><p>Los n\u00fameros de seguimiento se enviar\u00e1n a su correo electr\u00f3nico registrado una vez que se env\u00ede el pedido.<\/p><\/li><li><p>Para preguntas sobre el seguimiento o el estado de la entrega, comun\u00edquese con nuestro equipo de soporte.<\/p><\/li><\/ul><div><hr \/><\/div><h3>\u00a0<\/h3><h3><strong>Env\u00edos perdidos o da\u00f1ados<\/strong><\/h3><ul data-spread=\"false\"><li><p>Si su pedido se pierde o llega da\u00f1ado, comun\u00edquese con nuestro servicio de atenci\u00f3n al cliente dentro de <strong>48 horas<\/strong> de entrega.<\/p><\/li><li><p>Para env\u00edos asegurados, se proporcionar\u00e1 una compensaci\u00f3n total o un reemplazo.<\/p><\/li><\/ul><div><hr \/><\/div><h3>\u00a0<\/h3><h3><strong>Descripci\u00f3n general de los costos de env\u00edo<\/strong><\/h3><table><tbody><tr><th>Modo de env\u00edo<\/th><th>Europa (\u20ac)<\/th><th>En todo el mundo (\u20ac)<\/th><th>Seguimiento<\/th><th>Seguro<\/th><\/tr><tr><td>Env\u00edo gratis<\/td><td>0<\/td><td>0<\/td><td>No<\/td><td>No<\/td><\/tr><tr><td>Env\u00edo de cartas por correo<\/td><td>10<\/td><td>30<\/td><td>No<\/td><td>No<\/td><\/tr><tr><td>Env\u00edo expr\u00e9s<\/td><td>15<\/td><td>45<\/td><td>S\u00ed<\/td><td>No<\/td><\/tr><tr><td>Env\u00edo expr\u00e9s y asegurado<\/td><td>45<\/td><td>75<\/td><td>S\u00ed<\/td><td>S\u00ed<\/td><\/tr><\/tbody><\/table><div><hr \/><\/div><h3>\u00a0<\/h3><p>\u00a0<\/p>\t\t\t\t\t\t\t\t<\/div>\n\t\t\t\t<\/div>\n\t\t\t\t\t<\/div>\n\t\t\t\t<\/div>\n\t\t\t\t<\/div>","protected":false},"excerpt":{"rendered":"<p>At Chemagora, we prioritize fast, secure, and reliable delivery of your orders. Below is an in-depth guide to our shipping options, costs, and processes to&#8230;<\/p>","protected":false},"author":1,"featured_media":0,"parent":0,"menu_order":0,"comment_status":"closed","ping_status":"closed","template":"","meta":{"inline_featured_image":false,"footnotes":""},"class_list":["post-2037","page","type-page","status-publish","hentry"],"_links":{"self":[{"href":"https:\/\/chemagora.eu\/es\/wp-json\/wp\/v2\/pages\/2037","targetHints":{"allow":["GET"]}}],"collection":[{"href":"https:\/\/chemagora.eu\/es\/wp-json\/wp\/v2\/pages"}],"about":[{"href":"https:\/\/chemagora.eu\/es\/wp-json\/wp\/v2\/types\/page"}],"author":[{"embeddable":true,"href":"https:\/\/chemagora.eu\/es\/wp-json\/wp\/v2\/users\/1"}],"replies":[{"embeddable":true,"href":"https:\/\/chemagora.eu\/es\/wp-json\/wp\/v2\/comments?post=2037"}],"version-history":[{"count":0,"href":"https:\/\/chemagora.eu\/es\/wp-json\/wp\/v2\/pages\/2037\/revisions"}],"wp:attachment":[{"href":"https:\/\/chemagora.eu\/es\/wp-json\/wp\/v2\/media?parent=2037"}],"curies":[{"name":"wp","href":"https:\/\/api.w.org\/{rel}","templated":true}]}}