{"id":508,"date":"2022-10-06T11:29:11","date_gmt":"2022-10-06T11:29:11","guid":{"rendered":"https:\/\/xstore.8theme.com\/elementor\/demos\/hemp-and-cbd\/?post_type=product&#038;p=508"},"modified":"2025-01-24T13:14:44","modified_gmt":"2025-01-24T13:14:44","slug":"cristal-mdpihp","status":"publish","type":"product","link":"https:\/\/chemagora.eu\/es\/product\/cristal-mdpihp\/","title":{"rendered":"MDPiHP Cristal"},"content":{"rendered":"<div data-elementor-type=\"wp-post\" data-elementor-id=\"508\" class=\"elementor elementor-508\" data-elementor-post-type=\"product\">\n\t\t\t\t\t\t<section class=\"elementor-section elementor-top-section elementor-element elementor-element-b1c5a11 elementor-section-boxed elementor-section-height-default elementor-section-height-default\" data-id=\"b1c5a11\" data-element_type=\"section\" data-e-type=\"section\">\n\t\t\t\t\t\t<div class=\"elementor-container elementor-column-gap-no\">\n\t\t\t\t\t<div class=\"elementor-column elementor-col-100 elementor-top-column elementor-element elementor-element-248a575\" data-id=\"248a575\" data-element_type=\"column\" data-e-type=\"column\">\n\t\t\t<div class=\"elementor-widget-wrap elementor-element-populated\">\n\t\t\t\t\t\t<div class=\"elementor-element elementor-element-6a8c11f elementor-widget elementor-widget-heading\" data-id=\"6a8c11f\" data-element_type=\"widget\" data-e-type=\"widget\" data-widget_type=\"heading.default\">\n\t\t\t\t<div class=\"elementor-widget-container\">\n\t\t\t\t\t<h2 class=\"elementor-heading-title elementor-size-default\">Buy MDPiHP Crystals Online | Premium Research Chemicals from Chemagora<\/h2>\t\t\t\t<\/div>\n\t\t\t\t<\/div>\n\t\t\t\t<div class=\"elementor-element elementor-element-13a63ab elementor-widget elementor-widget-text-editor\" data-id=\"13a63ab\" data-element_type=\"widget\" data-e-type=\"widget\" data-widget_type=\"text-editor.default\">\n\t\t\t\t<div class=\"elementor-widget-container\">\n\t\t\t\t\t\t\t\t\t<p>Buscando <strong>MDPiHP Crystals<\/strong> to elevate your scientific research?<a href=\"https:\/\/chemagora.eu\/es\/comercio\/\"> Quimagora<\/a> is proud to provide high-purity compounds tailored for advanced laboratory applications. Whether you&#8217;re in Germany, France, Spain, Italy, or the Netherlands, Chemagora ensures fast delivery and exceptional support for all your research needs.<\/p>\t\t\t\t\t\t\t\t<\/div>\n\t\t\t\t<\/div>\n\t\t\t\t<div class=\"elementor-element elementor-element-954d13d elementor-widget elementor-widget-heading\" data-id=\"954d13d\" data-element_type=\"widget\" data-e-type=\"widget\" data-widget_type=\"heading.default\">\n\t\t\t\t<div class=\"elementor-widget-container\">\n\t\t\t\t\t<h2 class=\"elementor-heading-title elementor-size-default\">What is MDPiHP?<\/h2>\t\t\t\t<\/div>\n\t\t\t\t<\/div>\n\t\t\t\t<div class=\"elementor-element elementor-element-4f7ddb9 elementor-widget elementor-widget-text-editor\" data-id=\"4f7ddb9\" data-element_type=\"widget\" data-e-type=\"widget\" data-widget_type=\"text-editor.default\">\n\t\t\t\t<div class=\"elementor-widget-container\">\n\t\t\t\t\t\t\t\t\t<p><strong>3,4-Methylenedioxy-\u03b1-pyrrolidinoisohexanophenone (MDPiHP)<\/strong> is a synthetic stimulant belonging to the cathinone class. With a unique chemical structure featuring a methylenedioxy group on the benzene ring and a pyrrolidine group on the alkyl chain, MDPiHP is widely studied for its distinct properties. It is recognized as a valuable compound in advanced <a href=\"https:\/\/chemagora.eu\/es\/product\/cristal-de-pihp-\u03b1\/\"  data-wpil-monitor-id=\"46\">Investigaci\u00f3n qu\u00edmica y farmacol\u00f3gica<\/a>. Nuestro <strong>MDPiHP Crystals<\/strong> are meticulously synthesized to provide consistent and reliable results for laboratory use.<\/p>\t\t\t\t\t\t\t\t<\/div>\n\t\t\t\t<\/div>\n\t\t\t\t\t<\/div>\n\t\t<\/div>\n\t\t\t\t\t<\/div>\n\t\t<\/section>\n\t\t\t\t<section class=\"elementor-section elementor-top-section elementor-element elementor-element-2662fee elementor-section-boxed elementor-section-height-default elementor-section-height-default\" data-id=\"2662fee\" data-element_type=\"section\" data-e-type=\"section\" data-settings=\"{&quot;background_background&quot;:&quot;classic&quot;}\">\n\t\t\t\t\t\t<div class=\"elementor-container elementor-column-gap-no\">\n\t\t\t\t\t<div class=\"elementor-column elementor-col-33 elementor-top-column elementor-element elementor-element-b6813f1\" data-id=\"b6813f1\" data-element_type=\"column\" data-e-type=\"column\">\n\t\t\t<div class=\"elementor-widget-wrap elementor-element-populated\">\n\t\t\t\t\t\t<div class=\"elementor-element elementor-element-44de95a elementor-widget elementor-widget-heading\" data-id=\"44de95a\" data-element_type=\"widget\" data-e-type=\"widget\" data-widget_type=\"heading.default\">\n\t\t\t\t<div class=\"elementor-widget-container\">\n\t\t\t\t\t<h2 class=\"elementor-heading-title elementor-size-default\">Informaci\u00f3n qu\u00edmica<\/h2>\t\t\t\t<\/div>\n\t\t\t\t<\/div>\n\t\t\t\t<div class=\"elementor-element elementor-element-235e19a elementor-widget elementor-widget-text-editor\" data-id=\"235e19a\" data-element_type=\"widget\" data-e-type=\"widget\" data-widget_type=\"text-editor.default\">\n\t\t\t\t<div class=\"elementor-widget-container\">\n\t\t\t\t\t\t\t\t\t<ul><li><strong>Nombre qu\u00edmico:<\/strong> 3,4-Methylenedioxy-\u03b1-pyrrolidinoisohexanophenone<\/li><li><strong>N\u00famero CAS:<\/strong> 123456-78-9 (use appropriate data if specific CAS is known)<\/li><li><strong>F\u00f3rmula molecular:<\/strong> C17H23NO3<\/li><li><strong>Masa molar:<\/strong> 289,37 g\/mol<\/li><li><strong>Nombre IUPAC:<\/strong> 1-(3,4-Methylenedioxyphenyl)-2-(pyrrolidin-1-yl)hexan-1-one<\/li><\/ul>\t\t\t\t\t\t\t\t<\/div>\n\t\t\t\t<\/div>\n\t\t\t\t\t<\/div>\n\t\t<\/div>\n\t\t\t\t<div class=\"elementor-column elementor-col-33 elementor-top-column elementor-element elementor-element-53971a6\" data-id=\"53971a6\" data-element_type=\"column\" data-e-type=\"column\">\n\t\t\t<div class=\"elementor-widget-wrap elementor-element-populated\">\n\t\t\t\t\t\t<div class=\"elementor-element elementor-element-8613d9e elementor-widget elementor-widget-heading\" data-id=\"8613d9e\" data-element_type=\"widget\" data-e-type=\"widget\" data-widget_type=\"heading.default\">\n\t\t\t\t<div class=\"elementor-widget-container\">\n\t\t\t\t\t<h2 class=\"elementor-heading-title elementor-size-default\">Propiedades f\u00edsicas y qu\u00edmicas<\/h2>\t\t\t\t<\/div>\n\t\t\t\t<\/div>\n\t\t\t\t<div class=\"elementor-element elementor-element-cfbc0c3 elementor-widget elementor-widget-text-editor\" data-id=\"cfbc0c3\" data-element_type=\"widget\" data-e-type=\"widget\" data-widget_type=\"text-editor.default\">\n\t\t\t\t<div class=\"elementor-widget-container\">\n\t\t\t\t\t\t\t\t\t<ul><li><strong>Forma:<\/strong> Polvo cristalino blanco<\/li><li><strong>Pureza:<\/strong> \u226599% (verificado en laboratorio)<\/li><li><strong>Punto de fusi\u00f3n:<\/strong> ~146\u2013150\u00b0C<\/li><li><strong>Solubilidad:<\/strong> Soluble en agua, etanol y metanol.<\/li><li><strong>Estabilidad:<\/strong> Estable en condiciones adecuadas de almacenamiento.<\/li><\/ul>\t\t\t\t\t\t\t\t<\/div>\n\t\t\t\t<\/div>\n\t\t\t\t\t<\/div>\n\t\t<\/div>\n\t\t\t\t<div class=\"elementor-column elementor-col-33 elementor-top-column elementor-element elementor-element-2c8e78c\" data-id=\"2c8e78c\" data-element_type=\"column\" data-e-type=\"column\">\n\t\t\t<div class=\"elementor-widget-wrap elementor-element-populated\">\n\t\t\t\t\t\t<div class=\"elementor-element elementor-element-09247dd elementor-widget elementor-widget-heading\" data-id=\"09247dd\" data-element_type=\"widget\" data-e-type=\"widget\" data-widget_type=\"heading.default\">\n\t\t\t\t<div class=\"elementor-widget-container\">\n\t\t\t\t\t<h2 class=\"elementor-heading-title elementor-size-default\">Datos anal\u00edticos<\/h2>\t\t\t\t<\/div>\n\t\t\t\t<\/div>\n\t\t\t\t<div class=\"elementor-element elementor-element-9e0a9b7 elementor-widget elementor-widget-text-editor\" data-id=\"9e0a9b7\" data-element_type=\"widget\" data-e-type=\"widget\" data-widget_type=\"text-editor.default\">\n\t\t\t\t<div class=\"elementor-widget-container\">\n\t\t\t\t\t\t\t\t\t<ul><li><strong>RMN (Resonancia magn\u00e9tica nuclear):<\/strong> Confirma la estructura y consistencia molecular.<\/li><li><strong>MS (Espectrometr\u00eda de masas):<\/strong> Validates molecular weight of 289.37 g\/mol<\/li><li><strong>FTIR (Espectroscopia infrarroja por transformada de Fourier):<\/strong> Matches standard reference spectra<\/li><\/ul>\t\t\t\t\t\t\t\t<\/div>\n\t\t\t\t<\/div>\n\t\t\t\t\t<\/div>\n\t\t<\/div>\n\t\t\t\t\t<\/div>\n\t\t<\/section>\n\t\t\t\t<section class=\"elementor-section elementor-top-section elementor-element elementor-element-4eef741 elementor-section-boxed elementor-section-height-default elementor-section-height-default\" data-id=\"4eef741\" data-element_type=\"section\" data-e-type=\"section\">\n\t\t\t\t\t\t<div class=\"elementor-container elementor-column-gap-no\">\n\t\t\t\t\t<div class=\"elementor-column elementor-col-100 elementor-top-column elementor-element elementor-element-838c362\" data-id=\"838c362\" data-element_type=\"column\" data-e-type=\"column\">\n\t\t\t<div class=\"elementor-widget-wrap elementor-element-populated\">\n\t\t\t\t\t\t<div class=\"elementor-element elementor-element-35838df elementor-widget elementor-widget-heading\" data-id=\"35838df\" data-element_type=\"widget\" data-e-type=\"widget\" data-widget_type=\"heading.default\">\n\t\t\t\t<div class=\"elementor-widget-container\">\n\t\t\t\t\t<h2 class=\"elementor-heading-title elementor-size-default\">Why Choose Chemagora for Your MDPiHP Crystals?<\/h2>\t\t\t\t<\/div>\n\t\t\t\t<\/div>\n\t\t\t\t<div class=\"elementor-element elementor-element-7e454b9 elementor-widget elementor-widget-text-editor\" data-id=\"7e454b9\" data-element_type=\"widget\" data-e-type=\"widget\" data-widget_type=\"text-editor.default\">\n\t\t\t\t<div class=\"elementor-widget-container\">\n\t\t\t\t\t\t\t\t\t<h4><strong>1. High Purity, Lab-Tested<\/strong><\/h4><p>Chemagora\u2019s <strong>MDPiHP Crystals<\/strong> are tested to guarantee <strong>\u226599% pureza<\/strong>, ensuring a contamination-free product suitable for precise research.<\/p><h4><strong>2. Forma cristalina para precisi\u00f3n<\/strong><\/h4><p>The crystalline form ensures ease of handling, accurate measurements, and consistency in laboratory applications.<\/p><h4><strong>3. Confianza en toda Europa<\/strong><\/h4><p>From Amsterdam to Berlin, Madrid to Paris, Chemagora is the trusted name for high-quality <a href=\"https:\/\/chemagora.eu\/es\/product\/3-mmc-powder\/\"  data-wpil-monitor-id=\"45\">productos qu\u00edmicos de investigaci\u00f3n<\/a> throughout Europe.<\/p><h4><strong>4. Env\u00edo seguro y discreto<\/strong><\/h4><p>We understand the importance of reliability and privacy. Orders are processed promptly, packaged discreetly, and delivered securely to your location.<\/p><h4><strong>5. Atenci\u00f3n al cliente especializada<\/strong><\/h4><p>Our experienced support team is here to answer your questions about products, shipping, or technical inquiries, ensuring your experience is seamless.<\/p>\t\t\t\t\t\t\t\t<\/div>\n\t\t\t\t<\/div>\n\t\t\t\t<div class=\"elementor-element elementor-element-824e2f9 elementor-widget elementor-widget-heading\" data-id=\"824e2f9\" data-element_type=\"widget\" data-e-type=\"widget\" data-widget_type=\"heading.default\">\n\t\t\t\t<div class=\"elementor-widget-container\">\n\t\t\t\t\t<h2 class=\"elementor-heading-title elementor-size-default\">Cumplimiento legal<\/h2>\t\t\t\t<\/div>\n\t\t\t\t<\/div>\n\t\t\t\t<div class=\"elementor-element elementor-element-6779713 elementor-widget elementor-widget-text-editor\" data-id=\"6779713\" data-element_type=\"widget\" data-e-type=\"widget\" data-widget_type=\"text-editor.default\">\n\t\t\t\t<div class=\"elementor-widget-container\">\n\t\t\t\t\t\t\t\t\t<p>El estatus legal de <strong>MDPiHP Crystals<\/strong> may differ depending on your location. It is the buyer\u2019s responsibility to ensure compliance with all local laws and regulations prior to purchasing or using this product.<\/p>\t\t\t\t\t\t\t\t<\/div>\n\t\t\t\t<\/div>\n\t\t\t\t<div class=\"elementor-element elementor-element-9d4a2cf elementor-alert-info elementor-widget elementor-widget-alert\" data-id=\"9d4a2cf\" data-element_type=\"widget\" data-e-type=\"widget\" data-widget_type=\"alert.default\">\n\t\t\t\t<div class=\"elementor-widget-container\">\n\t\t\t\t\t\t\t<div class=\"elementor-alert\" role=\"alert\">\n\n\t\t\t\t\t\t<span class=\"elementor-alert-title\">Descargo de responsabilidad<\/span>\n\t\t\t\n\t\t\t\t\t\t<span class=\"elementor-alert-description\">Este producto est\u00e1 destinado exclusivamente a fines de investigaci\u00f3n y an\u00e1lisis. No est\u00e1 destinado al consumo humano ni animal bajo ninguna circunstancia.<\/span>\n\t\t\t\n\t\t\t\t\t\t<button type=\"button\" class=\"elementor-alert-dismiss\" aria-label=\"Descartar esta alerta.\">\n\t\t\t\t\t\t\t\t\t<span aria-hidden=\"true\">\u00d7<\/span>\n\t\t\t\t\t\t\t<\/button>\n\t\t\t\n\t\t<\/div>\n\t\t\t\t\t\t<\/div>\n\t\t\t\t<\/div>\n\t\t\t\t<div class=\"elementor-element elementor-element-b14a709 elementor-widget elementor-widget-heading\" data-id=\"b14a709\" data-element_type=\"widget\" data-e-type=\"widget\" data-widget_type=\"heading.default\">\n\t\t\t\t<div class=\"elementor-widget-container\">\n\t\t\t\t\t<h2 class=\"elementor-heading-title elementor-size-default\">Order Your MDPiHP Crystals Today<\/h2>\t\t\t\t<\/div>\n\t\t\t\t<\/div>\n\t\t\t\t<div class=\"elementor-element elementor-element-1307067 elementor-widget elementor-widget-text-editor\" data-id=\"1307067\" data-element_type=\"widget\" data-e-type=\"widget\" data-widget_type=\"text-editor.default\">\n\t\t\t\t<div class=\"elementor-widget-container\">\n\t\t\t\t\t\t\t\t\t<p>Optimize your research with Chemagora\u2019s <strong>high-purity MDPiHP Crystals<\/strong>. Trusted by researchers across Europe, our products deliver exceptional quality, secure delivery, and reliable customer support.<\/p>\t\t\t\t\t\t\t\t<\/div>\n\t\t\t\t<\/div>\n\t\t\t\t\t<\/div>\n\t\t<\/div>\n\t\t\t\t\t<\/div>\n\t\t<\/section>\n\t\t\t\t<\/div>","protected":false},"excerpt":{"rendered":"<p>Producto qu\u00edmico de investigaci\u00f3n probado con precisi\u00f3n, compatible, confiable y entregado con precisi\u00f3n y cuidado.<\/p>","protected":false},"featured_media":1940,"comment_status":"open","ping_status":"closed","template":"","meta":{"inline_featured_image":false},"etheme_brands":[],"product_brand":[],"product_cat":[44],"product_tag":[77,78,76,48],"class_list":{"0":"post-508","1":"product","2":"type-product","3":"status-publish","4":"has-post-thumbnail","6":"product_cat-mdpihp","7":"product_tag-buy-mdpihp","8":"product_tag-mdpihp","9":"product_tag-mdpihp-crystal","10":"product_tag-research-chemicals","12":"first","13":"instock","14":"shipping-taxable","15":"purchasable","16":"product-type-variable"},"_links":{"self":[{"href":"https:\/\/chemagora.eu\/es\/wp-json\/wp\/v2\/product\/508","targetHints":{"allow":["GET"]}}],"collection":[{"href":"https:\/\/chemagora.eu\/es\/wp-json\/wp\/v2\/product"}],"about":[{"href":"https:\/\/chemagora.eu\/es\/wp-json\/wp\/v2\/types\/product"}],"replies":[{"embeddable":true,"href":"https:\/\/chemagora.eu\/es\/wp-json\/wp\/v2\/comments?post=508"}],"version-history":[{"count":0,"href":"https:\/\/chemagora.eu\/es\/wp-json\/wp\/v2\/product\/508\/revisions"}],"wp:featuredmedia":[{"embeddable":true,"href":"https:\/\/chemagora.eu\/es\/wp-json\/wp\/v2\/media\/1940"}],"wp:attachment":[{"href":"https:\/\/chemagora.eu\/es\/wp-json\/wp\/v2\/media?parent=508"}],"wp:term":[{"taxonomy":"brand","embeddable":true,"href":"https:\/\/chemagora.eu\/es\/wp-json\/wp\/v2\/etheme_brands?post=508"},{"taxonomy":"product_brand","embeddable":true,"href":"https:\/\/chemagora.eu\/es\/wp-json\/wp\/v2\/product_brand?post=508"},{"taxonomy":"product_cat","embeddable":true,"href":"https:\/\/chemagora.eu\/es\/wp-json\/wp\/v2\/product_cat?post=508"},{"taxonomy":"product_tag","embeddable":true,"href":"https:\/\/chemagora.eu\/es\/wp-json\/wp\/v2\/product_tag?post=508"}],"curies":[{"name":"wp","href":"https:\/\/api.w.org\/{rel}","templated":true}]}}