{"id":512,"date":"2022-10-06T11:29:12","date_gmt":"2022-10-06T11:29:12","guid":{"rendered":"https:\/\/xstore.8theme.com\/elementor\/demos\/hemp-and-cbd\/?post_type=product&#038;p=512"},"modified":"2025-09-04T04:03:46","modified_gmt":"2025-09-04T04:03:46","slug":"polvo-mdphp","status":"publish","type":"product","link":"https:\/\/chemagora.eu\/es\/product\/polvo-mdphp\/","title":{"rendered":"Polvo MDPHP"},"content":{"rendered":"<div data-elementor-type=\"wp-post\" data-elementor-id=\"512\" class=\"elementor elementor-512\" data-elementor-post-type=\"product\">\n\t\t\t\t\t\t<section class=\"elementor-section elementor-top-section elementor-element elementor-element-e05377e elementor-section-boxed elementor-section-height-default elementor-section-height-default\" data-id=\"e05377e\" data-element_type=\"section\" data-e-type=\"section\">\n\t\t\t\t\t\t<div class=\"elementor-container elementor-column-gap-no\">\n\t\t\t\t\t<div class=\"elementor-column elementor-col-100 elementor-top-column elementor-element elementor-element-5be546f\" data-id=\"5be546f\" data-element_type=\"column\" data-e-type=\"column\">\n\t\t\t<div class=\"elementor-widget-wrap elementor-element-populated\">\n\t\t\t\t\t\t<div class=\"elementor-element elementor-element-3a513b0 elementor-widget elementor-widget-heading\" data-id=\"3a513b0\" data-element_type=\"widget\" data-e-type=\"widget\" data-widget_type=\"heading.default\">\n\t\t\t\t<div class=\"elementor-widget-container\">\n\t\t\t\t\t<h2 class=\"elementor-heading-title elementor-size-default\">Compre polvo de MDPHP en l\u00ednea | Productos qu\u00edmicos de investigaci\u00f3n de alta pureza de Chemagora<\/h2>\t\t\t\t<\/div>\n\t\t\t\t<\/div>\n\t\t\t\t<div class=\"elementor-element elementor-element-8d81f9d elementor-widget elementor-widget-text-editor\" data-id=\"8d81f9d\" data-element_type=\"widget\" data-e-type=\"widget\" data-widget_type=\"text-editor.default\">\n\t\t\t\t<div class=\"elementor-widget-container\">\n\t\t\t\t\t\t\t\t\t<p>Buscando <strong>Polvo MDPHP<\/strong> \u00bfPara apoyar su investigaci\u00f3n de vanguardia? <a href=\"https:\/\/chemagora.eu\/es\/comercio\/\">Quimagora<\/a> est\u00e1 aqu\u00ed para proporcionar productos qu\u00edmicos de investigaci\u00f3n de alta pureza a laboratorios y cient\u00edficos de toda Europa. Ya sea que se encuentre en Alemania, Francia, Italia, Espa\u00f1a o los Pa\u00edses Bajos, garantizamos una entrega r\u00e1pida, productos de primera calidad y un servicio al cliente excepcional.<\/p>\t\t\t\t\t\t\t\t<\/div>\n\t\t\t\t<\/div>\n\t\t\t\t<div class=\"elementor-element elementor-element-2091812 elementor-widget elementor-widget-heading\" data-id=\"2091812\" data-element_type=\"widget\" data-e-type=\"widget\" data-widget_type=\"heading.default\">\n\t\t\t\t<div class=\"elementor-widget-container\">\n\t\t\t\t\t<h2 class=\"elementor-heading-title elementor-size-default\">\u00bfQu\u00e9 es MDPHP?<\/h2>\t\t\t\t<\/div>\n\t\t\t\t<\/div>\n\t\t\t\t<div class=\"elementor-element elementor-element-3a1c6f2 elementor-widget elementor-widget-text-editor\" data-id=\"3a1c6f2\" data-element_type=\"widget\" data-e-type=\"widget\" data-widget_type=\"text-editor.default\">\n\t\t\t\t<div class=\"elementor-widget-container\">\n\t\t\t\t\t\t\t\t\t<p><strong>3\u2032,4\u2032-Metilendioxi-\u03b1-pirrolidinohexiofenona (MDPHP)<\/strong> es una catinona sint\u00e9tica y miembro de la clase de las pirrolidinas. Conocida por sus propiedades qu\u00edmicas \u00fanicas, la MDPHP presenta un grupo metilendioxi unido al anillo de benceno y una cadena lateral de alquilo extendida, lo que la convierte en un compuesto interesante para aplicaciones avanzadas. <a href=\"https:\/\/chemagora.eu\/es\/product\/cristal-de-pihp-\u03b1\/\"  data-wpil-monitor-id=\"40\">Investigaci\u00f3n qu\u00edmica y farmacol\u00f3gica<\/a>. Nuestro <strong>Polvo MDPHP<\/strong> Se produce y prueba para ofrecer una calidad superior para resultados confiables en aplicaciones de laboratorio.<\/p>\t\t\t\t\t\t\t\t<\/div>\n\t\t\t\t<\/div>\n\t\t\t\t\t<\/div>\n\t\t<\/div>\n\t\t\t\t\t<\/div>\n\t\t<\/section>\n\t\t\t\t<section class=\"elementor-section elementor-top-section elementor-element elementor-element-c651a03 elementor-section-boxed elementor-section-height-default elementor-section-height-default\" data-id=\"c651a03\" data-element_type=\"section\" data-e-type=\"section\" data-settings=\"{&quot;background_background&quot;:&quot;classic&quot;}\">\n\t\t\t\t\t\t<div class=\"elementor-container elementor-column-gap-no\">\n\t\t\t\t\t<div class=\"elementor-column elementor-col-33 elementor-top-column elementor-element elementor-element-906e496\" data-id=\"906e496\" data-element_type=\"column\" data-e-type=\"column\">\n\t\t\t<div class=\"elementor-widget-wrap elementor-element-populated\">\n\t\t\t\t\t\t<div class=\"elementor-element elementor-element-20df48e elementor-widget elementor-widget-heading\" data-id=\"20df48e\" data-element_type=\"widget\" data-e-type=\"widget\" data-widget_type=\"heading.default\">\n\t\t\t\t<div class=\"elementor-widget-container\">\n\t\t\t\t\t<h2 class=\"elementor-heading-title elementor-size-default\">Informaci\u00f3n qu\u00edmica<\/h2>\t\t\t\t<\/div>\n\t\t\t\t<\/div>\n\t\t\t\t<div class=\"elementor-element elementor-element-6f7251b elementor-widget elementor-widget-text-editor\" data-id=\"6f7251b\" data-element_type=\"widget\" data-e-type=\"widget\" data-widget_type=\"text-editor.default\">\n\t\t\t\t<div class=\"elementor-widget-container\">\n\t\t\t\t\t\t\t\t\t<ul><li><strong>Nombre qu\u00edmico:<\/strong> 3\u2032,4\u2032-Metilendioxi-\u03b1-pirrolidinohexiofenona<\/li><li><strong>N\u00famero CAS:<\/strong> 776994-64-0<\/li><li><strong>F\u00f3rmula molecular:<\/strong> C17H23NO3<\/li><li><strong>Masa molar:<\/strong> 289,37 g\/mol<\/li><li><strong>Nombre IUPAC:<\/strong> 1-(benzo[d][1,3]dioxol-5-il)-2-(pirrolidin-1-il)hexan-1-ona<\/li><\/ul>\t\t\t\t\t\t\t\t<\/div>\n\t\t\t\t<\/div>\n\t\t\t\t\t<\/div>\n\t\t<\/div>\n\t\t\t\t<div class=\"elementor-column elementor-col-33 elementor-top-column elementor-element elementor-element-8f8d918\" data-id=\"8f8d918\" data-element_type=\"column\" data-e-type=\"column\">\n\t\t\t<div class=\"elementor-widget-wrap elementor-element-populated\">\n\t\t\t\t\t\t<div class=\"elementor-element elementor-element-0c8afdd elementor-widget elementor-widget-heading\" data-id=\"0c8afdd\" data-element_type=\"widget\" data-e-type=\"widget\" data-widget_type=\"heading.default\">\n\t\t\t\t<div class=\"elementor-widget-container\">\n\t\t\t\t\t<h2 class=\"elementor-heading-title elementor-size-default\">Propiedades f\u00edsicas y qu\u00edmicas<\/h2>\t\t\t\t<\/div>\n\t\t\t\t<\/div>\n\t\t\t\t<div class=\"elementor-element elementor-element-e35d26c elementor-widget elementor-widget-text-editor\" data-id=\"e35d26c\" data-element_type=\"widget\" data-e-type=\"widget\" data-widget_type=\"text-editor.default\">\n\t\t\t\t<div class=\"elementor-widget-container\">\n\t\t\t\t\t\t\t\t\t<ul><li><strong>Forma:<\/strong> Polvo fino blanco<\/li><li><strong>Pureza:<\/strong> \u226599% (probado y verificado en laboratorio)<\/li><li><strong>Punto de fusi\u00f3n:<\/strong> ~120\u2013125 \u00b0C<\/li><li><strong>Solubilidad:<\/strong> Soluble en agua, etanol y metanol.<\/li><li><strong>Estabilidad:<\/strong> Estable cuando se almacena en las condiciones recomendadas.<\/li><\/ul>\t\t\t\t\t\t\t\t<\/div>\n\t\t\t\t<\/div>\n\t\t\t\t\t<\/div>\n\t\t<\/div>\n\t\t\t\t<div class=\"elementor-column elementor-col-33 elementor-top-column elementor-element elementor-element-dc59bc6\" data-id=\"dc59bc6\" data-element_type=\"column\" data-e-type=\"column\">\n\t\t\t<div class=\"elementor-widget-wrap elementor-element-populated\">\n\t\t\t\t\t\t<div class=\"elementor-element elementor-element-f5e52d9 elementor-widget elementor-widget-heading\" data-id=\"f5e52d9\" data-element_type=\"widget\" data-e-type=\"widget\" data-widget_type=\"heading.default\">\n\t\t\t\t<div class=\"elementor-widget-container\">\n\t\t\t\t\t<h2 class=\"elementor-heading-title elementor-size-default\">Datos anal\u00edticos<\/h2>\t\t\t\t<\/div>\n\t\t\t\t<\/div>\n\t\t\t\t<div class=\"elementor-element elementor-element-513a9cf elementor-widget elementor-widget-text-editor\" data-id=\"513a9cf\" data-element_type=\"widget\" data-e-type=\"widget\" data-widget_type=\"text-editor.default\">\n\t\t\t\t<div class=\"elementor-widget-container\">\n\t\t\t\t\t\t\t\t\t<ul><li><strong>RMN (Resonancia magn\u00e9tica nuclear):<\/strong> Confirma la estructura molecular<\/li><li><strong>MS (Espectrometr\u00eda de masas):<\/strong> Coincide con el peso molecular de 289,37 g\/mol.<\/li><li><strong>FTIR (Espectroscopia infrarroja por transformada de Fourier):<\/strong> Coincide con los espectros de referencia para MDPHP<\/li><\/ul>\t\t\t\t\t\t\t\t<\/div>\n\t\t\t\t<\/div>\n\t\t\t\t\t<\/div>\n\t\t<\/div>\n\t\t\t\t\t<\/div>\n\t\t<\/section>\n\t\t\t\t<section class=\"elementor-section elementor-top-section elementor-element elementor-element-fdff062 elementor-section-boxed elementor-section-height-default elementor-section-height-default\" data-id=\"fdff062\" data-element_type=\"section\" data-e-type=\"section\">\n\t\t\t\t\t\t<div class=\"elementor-container elementor-column-gap-no\">\n\t\t\t\t\t<div class=\"elementor-column elementor-col-100 elementor-top-column elementor-element elementor-element-b21049e\" data-id=\"b21049e\" data-element_type=\"column\" data-e-type=\"column\">\n\t\t\t<div class=\"elementor-widget-wrap elementor-element-populated\">\n\t\t\t\t\t\t<div class=\"elementor-element elementor-element-c433251 elementor-widget elementor-widget-heading\" data-id=\"c433251\" data-element_type=\"widget\" data-e-type=\"widget\" data-widget_type=\"heading.default\">\n\t\t\t\t<div class=\"elementor-widget-container\">\n\t\t\t\t\t<h2 class=\"elementor-heading-title elementor-size-default\">\u00bfPor qu\u00e9 elegir Chemagora para su polvo MDPHP?<\/h2>\t\t\t\t<\/div>\n\t\t\t\t<\/div>\n\t\t\t\t<div class=\"elementor-element elementor-element-c9f9a37 elementor-widget elementor-widget-text-editor\" data-id=\"c9f9a37\" data-element_type=\"widget\" data-e-type=\"widget\" data-widget_type=\"text-editor.default\">\n\t\t\t\t<div class=\"elementor-widget-container\">\n\t\t\t\t\t\t\t\t\t<h4><strong>1. Pureza absoluta<\/strong><\/h4><p>Nuestro <strong>Polvo MDPHP<\/strong> Est\u00e1 probado en laboratorio para garantizar <strong>\u226599% pureza<\/strong>, proporcionando a los investigadores un producto libre de contaminantes.<\/p><h4><strong>2. Presentaci\u00f3n en polvo f\u00e1cil de usar<\/strong><\/h4><p>La forma de polvo fino garantiza mediciones precisas, f\u00e1cil manejo y aplicaci\u00f3n precisa, lo que lo hace adecuado para procedimientos de laboratorio complejos.<\/p><h4><strong>3. Confianza en toda Europa<\/strong><\/h4><p>Desde \u00c1msterdam hasta Berl\u00edn, desde Par\u00eds hasta Madrid, Chemagora es el proveedor de referencia para los profesionales de la investigaci\u00f3n en toda Europa, reconocido por nuestro compromiso con la calidad y el cumplimiento.<\/p><h4><strong>4. Env\u00edo r\u00e1pido y seguro<\/strong><\/h4><p>Todos los pedidos se procesan r\u00e1pidamente y se env\u00edan en un embalaje discreto y a prueba de manipulaciones para garantizar que su producto llegue de manera segura y a tiempo.<\/p><h4><strong>5. Atenci\u00f3n al cliente especializada<\/strong><\/h4><p>Nuestro equipo experimentado est\u00e1 listo para ayudarlo con cualquier consulta, garantizando que tenga todo el apoyo que necesita durante su compra y m\u00e1s all\u00e1.<\/p>\t\t\t\t\t\t\t\t<\/div>\n\t\t\t\t<\/div>\n\t\t\t\t<div class=\"elementor-element elementor-element-5481a2b elementor-widget elementor-widget-heading\" data-id=\"5481a2b\" data-element_type=\"widget\" data-e-type=\"widget\" data-widget_type=\"heading.default\">\n\t\t\t\t<div class=\"elementor-widget-container\">\n\t\t\t\t\t<h2 class=\"elementor-heading-title elementor-size-default\">Cumplimiento legal<\/h2>\t\t\t\t<\/div>\n\t\t\t\t<\/div>\n\t\t\t\t<div class=\"elementor-element elementor-element-d430f49 elementor-widget elementor-widget-text-editor\" data-id=\"d430f49\" data-element_type=\"widget\" data-e-type=\"widget\" data-widget_type=\"text-editor.default\">\n\t\t\t\t<div class=\"elementor-widget-container\">\n\t\t\t\t\t\t\t\t\t<p>El estatus legal de <strong>Polvo MDPHP<\/strong> Var\u00eda seg\u00fan el pa\u00eds. Es responsabilidad del comprador garantizar el cumplimiento de todas las leyes y normativas aplicables antes de comprar o utilizar este producto.<\/p>\t\t\t\t\t\t\t\t<\/div>\n\t\t\t\t<\/div>\n\t\t\t\t<div class=\"elementor-element elementor-element-a2d5024 elementor-alert-info elementor-widget elementor-widget-alert\" data-id=\"a2d5024\" data-element_type=\"widget\" data-e-type=\"widget\" data-widget_type=\"alert.default\">\n\t\t\t\t<div class=\"elementor-widget-container\">\n\t\t\t\t\t\t\t<div class=\"elementor-alert\" role=\"alert\">\n\n\t\t\t\t\t\t<span class=\"elementor-alert-title\">Descargo de responsabilidad<\/span>\n\t\t\t\n\t\t\t\t\t\t<span class=\"elementor-alert-description\">Este producto est\u00e1 destinado exclusivamente a fines de investigaci\u00f3n y an\u00e1lisis. No est\u00e1 destinado al consumo humano ni animal bajo ninguna circunstancia.<\/span>\n\t\t\t\n\t\t\t\t\t\t<button type=\"button\" class=\"elementor-alert-dismiss\" aria-label=\"Descartar esta alerta.\">\n\t\t\t\t\t\t\t\t\t<span aria-hidden=\"true\">\u00d7<\/span>\n\t\t\t\t\t\t\t<\/button>\n\t\t\t\n\t\t<\/div>\n\t\t\t\t\t\t<\/div>\n\t\t\t\t<\/div>\n\t\t\t\t<div class=\"elementor-element elementor-element-ea09a13 elementor-widget elementor-widget-heading\" data-id=\"ea09a13\" data-element_type=\"widget\" data-e-type=\"widget\" data-widget_type=\"heading.default\">\n\t\t\t\t<div class=\"elementor-widget-container\">\n\t\t\t\t\t<h2 class=\"elementor-heading-title elementor-size-default\">Pida hoy mismo su polvo MDPHP<\/h2>\t\t\t\t<\/div>\n\t\t\t\t<\/div>\n\t\t\t\t<div class=\"elementor-element elementor-element-abc501c elementor-widget elementor-widget-text-editor\" data-id=\"abc501c\" data-element_type=\"widget\" data-e-type=\"widget\" data-widget_type=\"text-editor.default\">\n\t\t\t\t<div class=\"elementor-widget-container\">\n\t\t\t\t\t\t\t\t\t<p>Lleve su investigaci\u00f3n al siguiente nivel con Chemagora <strong>Polvo MDPHP de alta pureza<\/strong>Nuestros productos cuentan con la confianza de cient\u00edficos de toda Europa y ofrecen calidad, fiabilidad y resultados consistentes.<\/p>\t\t\t\t\t\t\t\t<\/div>\n\t\t\t\t<\/div>\n\t\t\t\t\t<\/div>\n\t\t<\/div>\n\t\t\t\t\t<\/div>\n\t\t<\/section>\n\t\t\t\t<\/div>","protected":false},"excerpt":{"rendered":"<p>Producto qu\u00edmico de investigaci\u00f3n probado con precisi\u00f3n, compatible, confiable y entregado con precisi\u00f3n y cuidado.<\/p>","protected":false},"featured_media":1918,"comment_status":"open","ping_status":"closed","template":"","meta":{"inline_featured_image":false},"etheme_brands":[],"product_brand":[],"product_cat":[43],"product_tag":[],"class_list":{"0":"post-512","1":"product","2":"type-product","3":"status-publish","4":"has-post-thumbnail","6":"product_cat-mdphp","8":"first","9":"instock","10":"shipping-taxable","11":"purchasable","12":"product-type-variable"},"_links":{"self":[{"href":"https:\/\/chemagora.eu\/es\/wp-json\/wp\/v2\/product\/512","targetHints":{"allow":["GET"]}}],"collection":[{"href":"https:\/\/chemagora.eu\/es\/wp-json\/wp\/v2\/product"}],"about":[{"href":"https:\/\/chemagora.eu\/es\/wp-json\/wp\/v2\/types\/product"}],"replies":[{"embeddable":true,"href":"https:\/\/chemagora.eu\/es\/wp-json\/wp\/v2\/comments?post=512"}],"version-history":[{"count":0,"href":"https:\/\/chemagora.eu\/es\/wp-json\/wp\/v2\/product\/512\/revisions"}],"wp:featuredmedia":[{"embeddable":true,"href":"https:\/\/chemagora.eu\/es\/wp-json\/wp\/v2\/media\/1918"}],"wp:attachment":[{"href":"https:\/\/chemagora.eu\/es\/wp-json\/wp\/v2\/media?parent=512"}],"wp:term":[{"taxonomy":"brand","embeddable":true,"href":"https:\/\/chemagora.eu\/es\/wp-json\/wp\/v2\/etheme_brands?post=512"},{"taxonomy":"product_brand","embeddable":true,"href":"https:\/\/chemagora.eu\/es\/wp-json\/wp\/v2\/product_brand?post=512"},{"taxonomy":"product_cat","embeddable":true,"href":"https:\/\/chemagora.eu\/es\/wp-json\/wp\/v2\/product_cat?post=512"},{"taxonomy":"product_tag","embeddable":true,"href":"https:\/\/chemagora.eu\/es\/wp-json\/wp\/v2\/product_tag?post=512"}],"curies":[{"name":"wp","href":"https:\/\/api.w.org\/{rel}","templated":true}]}}