{"id":516,"date":"2022-10-06T11:29:13","date_gmt":"2022-10-06T11:29:13","guid":{"rendered":"https:\/\/xstore.8theme.com\/elementor\/demos\/hemp-and-cbd\/?post_type=product&#038;p=516"},"modified":"2025-01-24T12:20:51","modified_gmt":"2025-01-24T12:20:51","slug":"cristal-de-pihp-\u03b1","status":"publish","type":"product","link":"https:\/\/chemagora.eu\/es\/product\/cristal-de-pihp-\u03b1\/","title":{"rendered":"Cristal A-PiHP"},"content":{"rendered":"<div data-elementor-type=\"wp-post\" data-elementor-id=\"516\" class=\"elementor elementor-516\" data-elementor-post-type=\"product\">\n\t\t\t\t\t\t<section class=\"elementor-section elementor-top-section elementor-element elementor-element-dac26c0 elementor-section-boxed elementor-section-height-default elementor-section-height-default\" data-id=\"dac26c0\" data-element_type=\"section\" data-e-type=\"section\">\n\t\t\t\t\t\t<div class=\"elementor-container elementor-column-gap-no\">\n\t\t\t\t\t<div class=\"elementor-column elementor-col-100 elementor-top-column elementor-element elementor-element-8ac34b1\" data-id=\"8ac34b1\" data-element_type=\"column\" data-e-type=\"column\">\n\t\t\t<div class=\"elementor-widget-wrap elementor-element-populated\">\n\t\t\t\t\t\t<div class=\"elementor-element elementor-element-2b25d2f elementor-widget elementor-widget-heading\" data-id=\"2b25d2f\" data-element_type=\"widget\" data-e-type=\"widget\" data-widget_type=\"heading.default\">\n\t\t\t\t<div class=\"elementor-widget-container\">\n\t\t\t\t\t<h2 class=\"elementor-heading-title elementor-size-default\">Compre cristales de \u03b1-PiHP en l\u00ednea | Productos qu\u00edmicos de investigaci\u00f3n de primera calidad de Chemagora<\/h2>\t\t\t\t<\/div>\n\t\t\t\t<\/div>\n\t\t\t\t<div class=\"elementor-element elementor-element-c3a94ec elementor-widget elementor-widget-text-editor\" data-id=\"c3a94ec\" data-element_type=\"widget\" data-e-type=\"widget\" data-widget_type=\"text-editor.default\">\n\t\t\t\t<div class=\"elementor-widget-container\">\n\t\t\t\t\t\t\t\t\t<p>En busca de la mejor calidad <strong>Cristales de \u03b1-PiHP<\/strong> \u00bfNecesita ayuda para sus investigaciones de laboratorio? Chemagora es su fuente fiable de compuestos de alta pureza, en la que conf\u00edan cient\u00edficos e investigadores de toda Europa. Tanto si se encuentra en Alemania, Francia, Espa\u00f1a, Italia o los Pa\u00edses Bajos,<a href=\"https:\/\/chemagora.eu\/es\/comercio\/\"> Quimagora<\/a> garantiza una entrega segura y un soporte al cliente excepcional para sus necesidades de investigaci\u00f3n.<\/p>\t\t\t\t\t\t\t\t<\/div>\n\t\t\t\t<\/div>\n\t\t\t\t<div class=\"elementor-element elementor-element-a2364a9 elementor-widget elementor-widget-heading\" data-id=\"a2364a9\" data-element_type=\"widget\" data-e-type=\"widget\" data-widget_type=\"heading.default\">\n\t\t\t\t<div class=\"elementor-widget-container\">\n\t\t\t\t\t<h2 class=\"elementor-heading-title elementor-size-default\">\u00bfQu\u00e9 es \u03b1-PiHP?<\/h2>\t\t\t\t<\/div>\n\t\t\t\t<\/div>\n\t\t\t\t<div class=\"elementor-element elementor-element-cc3f755 elementor-widget elementor-widget-text-editor\" data-id=\"cc3f755\" data-element_type=\"widget\" data-e-type=\"widget\" data-widget_type=\"text-editor.default\">\n\t\t\t\t<div class=\"elementor-widget-container\">\n\t\t\t\t\t\t\t\t\t<p><strong>\u03b1-pirrolidinoisohexanofenona (\u03b1-PiHP)<\/strong> es un estimulante sint\u00e9tico y miembro de la familia de las catinonas. Es un is\u00f3mero de la pirovalerona, con una diferencia estructural distintiva debido a la posici\u00f3n de sus grupos funcionales. Esta disposici\u00f3n qu\u00edmica \u00fanica le otorga a la \u03b1-PiHP propiedades espec\u00edficas que la hacen valiosa para aplicaciones farmacol\u00f3gicas y <a href=\"https:\/\/chemagora.eu\/es\/product\/\u03b1-php-pellets\/\"  data-wpil-monitor-id=\"36\">Investigaci\u00f3n qu\u00edmica<\/a>En Chemagora, garantizamos la m\u00e1s alta calidad. <strong>Cristales de \u03b1-PiHP<\/strong>, adaptado para la precisi\u00f3n en estudios de laboratorio.<\/p>\t\t\t\t\t\t\t\t<\/div>\n\t\t\t\t<\/div>\n\t\t\t\t\t<\/div>\n\t\t<\/div>\n\t\t\t\t\t<\/div>\n\t\t<\/section>\n\t\t\t\t<section class=\"elementor-section elementor-top-section elementor-element elementor-element-27bf380 elementor-section-boxed elementor-section-height-default elementor-section-height-default\" data-id=\"27bf380\" data-element_type=\"section\" data-e-type=\"section\" data-settings=\"{&quot;background_background&quot;:&quot;classic&quot;}\">\n\t\t\t\t\t\t<div class=\"elementor-container elementor-column-gap-no\">\n\t\t\t\t\t<div class=\"elementor-column elementor-col-33 elementor-top-column elementor-element elementor-element-a096bed\" data-id=\"a096bed\" data-element_type=\"column\" data-e-type=\"column\">\n\t\t\t<div class=\"elementor-widget-wrap elementor-element-populated\">\n\t\t\t\t\t\t<div class=\"elementor-element elementor-element-571435a elementor-widget elementor-widget-heading\" data-id=\"571435a\" data-element_type=\"widget\" data-e-type=\"widget\" data-widget_type=\"heading.default\">\n\t\t\t\t<div class=\"elementor-widget-container\">\n\t\t\t\t\t<h2 class=\"elementor-heading-title elementor-size-default\">Informaci\u00f3n qu\u00edmica<\/h2>\t\t\t\t<\/div>\n\t\t\t\t<\/div>\n\t\t\t\t<div class=\"elementor-element elementor-element-c917367 elementor-widget elementor-widget-text-editor\" data-id=\"c917367\" data-element_type=\"widget\" data-e-type=\"widget\" data-widget_type=\"text-editor.default\">\n\t\t\t\t<div class=\"elementor-widget-container\">\n\t\t\t\t\t\t\t\t\t<ul><li><strong>Nombre qu\u00edmico:<\/strong> \u03b1-pirrolidinoisohexanofenona<\/li><li><strong>N\u00famero CAS:<\/strong> 2181620-71-1<\/li><li><strong>F\u00f3rmula molecular:<\/strong> C16H23NO<\/li><li><strong>Masa molar:<\/strong> 245,36 g\/mol<\/li><li><strong>Nombre IUPAC:<\/strong> 4-Metil-1-fenil-2-(pirrolidin-1-il)pentan-1-ona<\/li><li>\u00a0<\/li><\/ul>\t\t\t\t\t\t\t\t<\/div>\n\t\t\t\t<\/div>\n\t\t\t\t\t<\/div>\n\t\t<\/div>\n\t\t\t\t<div class=\"elementor-column elementor-col-33 elementor-top-column elementor-element elementor-element-5734e79\" data-id=\"5734e79\" data-element_type=\"column\" data-e-type=\"column\">\n\t\t\t<div class=\"elementor-widget-wrap elementor-element-populated\">\n\t\t\t\t\t\t<div class=\"elementor-element elementor-element-292b556 elementor-widget elementor-widget-heading\" data-id=\"292b556\" data-element_type=\"widget\" data-e-type=\"widget\" data-widget_type=\"heading.default\">\n\t\t\t\t<div class=\"elementor-widget-container\">\n\t\t\t\t\t<h2 class=\"elementor-heading-title elementor-size-default\">Propiedades f\u00edsicas y qu\u00edmicas<\/h2>\t\t\t\t<\/div>\n\t\t\t\t<\/div>\n\t\t\t\t<div class=\"elementor-element elementor-element-969f39d elementor-widget elementor-widget-text-editor\" data-id=\"969f39d\" data-element_type=\"widget\" data-e-type=\"widget\" data-widget_type=\"text-editor.default\">\n\t\t\t\t<div class=\"elementor-widget-container\">\n\t\t\t\t\t\t\t\t\t<ul><li><strong>Forma:<\/strong> Polvo cristalino blanco<\/li><li><strong>Pureza:<\/strong> \u226599% (verificado mediante pruebas de laboratorio)<\/li><li><strong>Punto de fusi\u00f3n:<\/strong> ~108,9 \u00b0C<\/li><li><strong>Solubilidad:<\/strong> Soluble en agua, etanol y metanol.<\/li><li><strong>Estabilidad:<\/strong> Estable en condiciones adecuadas de almacenamiento.<\/li><\/ul>\t\t\t\t\t\t\t\t<\/div>\n\t\t\t\t<\/div>\n\t\t\t\t\t<\/div>\n\t\t<\/div>\n\t\t\t\t<div class=\"elementor-column elementor-col-33 elementor-top-column elementor-element elementor-element-41f33bf\" data-id=\"41f33bf\" data-element_type=\"column\" data-e-type=\"column\">\n\t\t\t<div class=\"elementor-widget-wrap elementor-element-populated\">\n\t\t\t\t\t\t<div class=\"elementor-element elementor-element-9fc0d09 elementor-widget elementor-widget-heading\" data-id=\"9fc0d09\" data-element_type=\"widget\" data-e-type=\"widget\" data-widget_type=\"heading.default\">\n\t\t\t\t<div class=\"elementor-widget-container\">\n\t\t\t\t\t<h2 class=\"elementor-heading-title elementor-size-default\">Datos anal\u00edticos<\/h2>\t\t\t\t<\/div>\n\t\t\t\t<\/div>\n\t\t\t\t<div class=\"elementor-element elementor-element-51243b1 elementor-widget elementor-widget-text-editor\" data-id=\"51243b1\" data-element_type=\"widget\" data-e-type=\"widget\" data-widget_type=\"text-editor.default\">\n\t\t\t\t<div class=\"elementor-widget-container\">\n\t\t\t\t\t\t\t\t\t<ul><li><strong>RMN (Resonancia magn\u00e9tica nuclear):<\/strong> Confirma la estructura y consistencia molecular.<\/li><li><strong>MS (Espectrometr\u00eda de masas):<\/strong> Coincide con el peso molecular de 245,36 g\/mol.<\/li><li><strong>FTIR (Espectroscopia infrarroja por transformada de Fourier):<\/strong> Coincide con los espectros de referencia para \u03b1-PiHP<\/li><\/ul>\t\t\t\t\t\t\t\t<\/div>\n\t\t\t\t<\/div>\n\t\t\t\t\t<\/div>\n\t\t<\/div>\n\t\t\t\t\t<\/div>\n\t\t<\/section>\n\t\t\t\t<section class=\"elementor-section elementor-top-section elementor-element elementor-element-9489c59 elementor-section-boxed elementor-section-height-default elementor-section-height-default\" data-id=\"9489c59\" data-element_type=\"section\" data-e-type=\"section\">\n\t\t\t\t\t\t<div class=\"elementor-container elementor-column-gap-no\">\n\t\t\t\t\t<div class=\"elementor-column elementor-col-100 elementor-top-column elementor-element elementor-element-8d62602\" data-id=\"8d62602\" data-element_type=\"column\" data-e-type=\"column\">\n\t\t\t<div class=\"elementor-widget-wrap elementor-element-populated\">\n\t\t\t\t\t\t<div class=\"elementor-element elementor-element-8de9072 elementor-widget elementor-widget-heading\" data-id=\"8de9072\" data-element_type=\"widget\" data-e-type=\"widget\" data-widget_type=\"heading.default\">\n\t\t\t\t<div class=\"elementor-widget-container\">\n\t\t\t\t\t<h2 class=\"elementor-heading-title elementor-size-default\">\u00bfPor qu\u00e9 elegir Chemagora para sus cristales \u03b1-PiHP?<\/h2>\t\t\t\t<\/div>\n\t\t\t\t<\/div>\n\t\t\t\t<div class=\"elementor-element elementor-element-6eba2ed elementor-widget elementor-widget-text-editor\" data-id=\"6eba2ed\" data-element_type=\"widget\" data-e-type=\"widget\" data-widget_type=\"text-editor.default\">\n\t\t\t\t<div class=\"elementor-widget-container\">\n\t\t\t\t\t\t\t\t\t<h4><strong>1. Alta pureza garantizada<\/strong><\/h4><p>Nuestro <strong>Cristales de \u03b1-PiHP<\/strong> se prueban en laboratorio para garantizar <strong>\u226599% pureza<\/strong>, proporcionando a los investigadores un producto libre de impurezas para obtener resultados confiables y precisos.<\/p><h4><strong>2. Forma cristalina para precisi\u00f3n<\/strong><\/h4><p>La estructura cristalina blanca de \u03b1-PiHP es ideal para uso en laboratorio, ofreciendo f\u00e1cil manejo, mediciones precisas y aplicaciones consistentes.<\/p><h4><strong>3. Proveedor de confianza en toda Europa<\/strong><\/h4><p>De Berl\u00edn a \u00c1msterdam, de Madrid a Par\u00eds, Chemagora es el proveedor de referencia para instituciones de investigaci\u00f3n de toda Europa. Priorizamos la calidad y el cumplimiento normativo para respaldar su trabajo.<\/p><h4><strong>4. Env\u00edo seguro y r\u00e1pido<\/strong><\/h4><p>Procesamos todos los pedidos r\u00e1pidamente y los entregamos de forma discreta en un embalaje a prueba de manipulaciones. Chemagora garantiza una entrega segura y puntual, sin importar su ubicaci\u00f3n en Europa.<\/p><h4><strong>5. Atenci\u00f3n al cliente excepcional<\/strong><\/h4><p>Nuestro equipo experimentado est\u00e1 disponible para ayudarle con cualquier consulta, ya sea sobre detalles del producto, procesamiento de pedidos o informaci\u00f3n de env\u00edo. Su satisfacci\u00f3n es nuestra prioridad.<\/p>\t\t\t\t\t\t\t\t<\/div>\n\t\t\t\t<\/div>\n\t\t\t\t<div class=\"elementor-element elementor-element-1d8b6bf elementor-widget elementor-widget-heading\" data-id=\"1d8b6bf\" data-element_type=\"widget\" data-e-type=\"widget\" data-widget_type=\"heading.default\">\n\t\t\t\t<div class=\"elementor-widget-container\">\n\t\t\t\t\t<h2 class=\"elementor-heading-title elementor-size-default\">Cumplimiento legal<\/h2>\t\t\t\t<\/div>\n\t\t\t\t<\/div>\n\t\t\t\t<div class=\"elementor-element elementor-element-504b044 elementor-widget elementor-widget-text-editor\" data-id=\"504b044\" data-element_type=\"widget\" data-e-type=\"widget\" data-widget_type=\"text-editor.default\">\n\t\t\t\t<div class=\"elementor-widget-container\">\n\t\t\t\t\t\t\t\t\t<p>El estatus legal de <strong><a href=\"https:\/\/chemagora.eu\/es\/product\/\u03b1-cristal-php\/\"  data-wpil-monitor-id=\"35\">Cristales de \u03b1-PHP<\/a><\/strong> Puede variar seg\u00fan el pa\u00eds. Los compradores son responsables de garantizar el cumplimiento de las leyes y regulaciones locales antes de comprar o usar este producto.<\/p>\t\t\t\t\t\t\t\t<\/div>\n\t\t\t\t<\/div>\n\t\t\t\t<div class=\"elementor-element elementor-element-e1dfb15 elementor-alert-info elementor-widget elementor-widget-alert\" data-id=\"e1dfb15\" data-element_type=\"widget\" data-e-type=\"widget\" data-widget_type=\"alert.default\">\n\t\t\t\t<div class=\"elementor-widget-container\">\n\t\t\t\t\t\t\t<div class=\"elementor-alert\" role=\"alert\">\n\n\t\t\t\t\t\t<span class=\"elementor-alert-title\">Descargo de responsabilidad<\/span>\n\t\t\t\n\t\t\t\t\t\t<span class=\"elementor-alert-description\">Este producto est\u00e1 destinado exclusivamente a fines de investigaci\u00f3n y an\u00e1lisis. No est\u00e1 destinado al consumo humano ni animal bajo ninguna circunstancia.<\/span>\n\t\t\t\n\t\t\t\t\t\t<button type=\"button\" class=\"elementor-alert-dismiss\" aria-label=\"Supprimer cette alerte.\" data-no-translation-aria-label=\"\">\n\t\t\t\t\t\t\t\t\t<span aria-hidden=\"true\">\u00d7<\/span>\n\t\t\t\t\t\t\t<\/button>\n\t\t\t\n\t\t<\/div>\n\t\t\t\t\t\t<\/div>\n\t\t\t\t<\/div>\n\t\t\t\t<div class=\"elementor-element elementor-element-bceaa01 elementor-widget elementor-widget-heading\" data-id=\"bceaa01\" data-element_type=\"widget\" data-e-type=\"widget\" data-widget_type=\"heading.default\">\n\t\t\t\t<div class=\"elementor-widget-container\">\n\t\t\t\t\t<h2 class=\"elementor-heading-title elementor-size-default\">Pida hoy mismo sus cristales \u03b1-PiHP<\/h2>\t\t\t\t<\/div>\n\t\t\t\t<\/div>\n\t\t\t\t<div class=\"elementor-element elementor-element-bb5323c elementor-widget elementor-widget-text-editor\" data-id=\"bb5323c\" data-element_type=\"widget\" data-e-type=\"widget\" data-widget_type=\"text-editor.default\">\n\t\t\t\t<div class=\"elementor-widget-container\">\n\t\t\t\t\t\t\t\t\t<p>Eleva tu <a href=\"https:\/\/chemagora.eu\/es\/product\/2-cmc-de-cristal\/\"  data-wpil-monitor-id=\"38\">Investigaci\u00f3n con Chemagora <strong>Cristales de \u03b1-PiHP de alta pureza<\/strong><\/a>Investigadores de toda Europa conf\u00edan en nuestros productos, que ofrecen la precisi\u00f3n, la calidad y la consistencia que necesita para realizar experimentos exitosos.<\/p>\t\t\t\t\t\t\t\t<\/div>\n\t\t\t\t<\/div>\n\t\t\t\t\t<\/div>\n\t\t<\/div>\n\t\t\t\t\t<\/div>\n\t\t<\/section>\n\t\t\t\t<\/div>","protected":false},"excerpt":{"rendered":"<p>Producto qu\u00edmico de investigaci\u00f3n probado con precisi\u00f3n, compatible, confiable y entregado con precisi\u00f3n y cuidado.<\/p>","protected":false},"featured_media":1900,"comment_status":"open","ping_status":"closed","template":"","meta":{"inline_featured_image":false},"etheme_brands":[],"product_brand":[],"product_cat":[42],"product_tag":[75,73,74,48],"class_list":{"0":"post-516","1":"product","2":"type-product","3":"status-publish","4":"has-post-thumbnail","6":"product_cat-a-pihp","7":"product_tag-a-pihp","8":"product_tag-buy-a-pihp","9":"product_tag-buy-a-pihp-online","10":"product_tag-research-chemicals","12":"first","13":"instock","14":"shipping-taxable","15":"purchasable","16":"product-type-variable"},"_links":{"self":[{"href":"https:\/\/chemagora.eu\/es\/wp-json\/wp\/v2\/product\/516","targetHints":{"allow":["GET"]}}],"collection":[{"href":"https:\/\/chemagora.eu\/es\/wp-json\/wp\/v2\/product"}],"about":[{"href":"https:\/\/chemagora.eu\/es\/wp-json\/wp\/v2\/types\/product"}],"replies":[{"embeddable":true,"href":"https:\/\/chemagora.eu\/es\/wp-json\/wp\/v2\/comments?post=516"}],"version-history":[{"count":0,"href":"https:\/\/chemagora.eu\/es\/wp-json\/wp\/v2\/product\/516\/revisions"}],"wp:featuredmedia":[{"embeddable":true,"href":"https:\/\/chemagora.eu\/es\/wp-json\/wp\/v2\/media\/1900"}],"wp:attachment":[{"href":"https:\/\/chemagora.eu\/es\/wp-json\/wp\/v2\/media?parent=516"}],"wp:term":[{"taxonomy":"brand","embeddable":true,"href":"https:\/\/chemagora.eu\/es\/wp-json\/wp\/v2\/etheme_brands?post=516"},{"taxonomy":"product_brand","embeddable":true,"href":"https:\/\/chemagora.eu\/es\/wp-json\/wp\/v2\/product_brand?post=516"},{"taxonomy":"product_cat","embeddable":true,"href":"https:\/\/chemagora.eu\/es\/wp-json\/wp\/v2\/product_cat?post=516"},{"taxonomy":"product_tag","embeddable":true,"href":"https:\/\/chemagora.eu\/es\/wp-json\/wp\/v2\/product_tag?post=516"}],"curies":[{"name":"wp","href":"https:\/\/api.w.org\/{rel}","templated":true}]}}