{"id":520,"date":"2022-10-06T11:29:15","date_gmt":"2022-10-06T11:29:15","guid":{"rendered":"https:\/\/xstore.8theme.com\/elementor\/demos\/hemp-and-cbd\/?post_type=product&#038;p=520"},"modified":"2025-01-24T12:02:11","modified_gmt":"2025-01-24T12:02:11","slug":"%ce%b1-php-pellets","status":"publish","type":"product","link":"https:\/\/chemagora.eu\/es\/product\/\u03b1-php-pellets\/","title":{"rendered":"Pellets A-PHP"},"content":{"rendered":"<div data-elementor-type=\"wp-post\" data-elementor-id=\"520\" class=\"elementor elementor-520\" data-elementor-post-type=\"product\">\n\t\t\t\t\t\t<section class=\"elementor-section elementor-top-section elementor-element elementor-element-4d4e633 elementor-section-boxed elementor-section-height-default elementor-section-height-default\" data-id=\"4d4e633\" data-element_type=\"section\" data-e-type=\"section\">\n\t\t\t\t\t\t<div class=\"elementor-container elementor-column-gap-no\">\n\t\t\t\t\t<div class=\"elementor-column elementor-col-100 elementor-top-column elementor-element elementor-element-d24df5f\" data-id=\"d24df5f\" data-element_type=\"column\" data-e-type=\"column\">\n\t\t\t<div class=\"elementor-widget-wrap elementor-element-populated\">\n\t\t\t\t\t\t<div class=\"elementor-element elementor-element-6014e9f elementor-widget elementor-widget-heading\" data-id=\"6014e9f\" data-element_type=\"widget\" data-e-type=\"widget\" data-widget_type=\"heading.default\">\n\t\t\t\t<div class=\"elementor-widget-container\">\n\t\t\t\t\t<h2 class=\"elementor-heading-title elementor-size-default\">Buy \u03b1-PHP Pellets Online | High-Purity Research Chemicals from Chemagora<\/h2>\t\t\t\t<\/div>\n\t\t\t\t<\/div>\n\t\t\t\t<div class=\"elementor-element elementor-element-2bab0b3 elementor-widget elementor-widget-text-editor\" data-id=\"2bab0b3\" data-element_type=\"widget\" data-e-type=\"widget\" data-widget_type=\"text-editor.default\">\n\t\t\t\t<div class=\"elementor-widget-container\">\n\t\t\t\t\t\t\t\t\t<p>Buscando calidad premium <strong>Pellets de \u03b1-PHP<\/strong> \u00bfPara mejorar su investigaci\u00f3n? <a href=\"https:\/\/chemagora.eu\/es\/comercio\/\">Quimagora<\/a> is the trusted name for researchers and laboratories across Europe, offering high-purity products backed by secure shipping and exceptional customer support. Whether you&#8217;re based in Germany, France, Spain, Italy, or the Netherlands, our <strong>Pellets de \u03b1-PHP<\/strong> are the ideal solution for your <a href=\"http:\/\/sky-chemicals.com\" target=\"_blank\" rel=\"noopener\">laboratory<\/a> needs.<\/p>\t\t\t\t\t\t\t\t<\/div>\n\t\t\t\t<\/div>\n\t\t\t\t<div class=\"elementor-element elementor-element-2c0e9ec elementor-widget elementor-widget-heading\" data-id=\"2c0e9ec\" data-element_type=\"widget\" data-e-type=\"widget\" data-widget_type=\"heading.default\">\n\t\t\t\t<div class=\"elementor-widget-container\">\n\t\t\t\t\t<h2 class=\"elementor-heading-title elementor-size-default\">\u00bfQu\u00e9 es \u03b1-PHP?<\/h2>\t\t\t\t<\/div>\n\t\t\t\t<\/div>\n\t\t\t\t<div class=\"elementor-element elementor-element-bb9ddb7 elementor-widget elementor-widget-text-editor\" data-id=\"bb9ddb7\" data-element_type=\"widget\" data-e-type=\"widget\" data-widget_type=\"text-editor.default\">\n\t\t\t\t<div class=\"elementor-widget-container\">\n\t\t\t\t\t\t\t\t\t<p><strong>\u03b1-pirrolidinohexiofenona (\u03b1-PHP)<\/strong> is a synthetic cathinone known for its unique chemical structure and properties. A derivative of \u03b1-PVP, \u03b1-PHP features an extended alkyl chain, providing distinct characteristics that make it an important compound in advanced chemical research. Delivered in pellet form, this product ensures easy handling and precise application, making it a popular choice among scientists.<\/p>\t\t\t\t\t\t\t\t<\/div>\n\t\t\t\t<\/div>\n\t\t\t\t\t<\/div>\n\t\t<\/div>\n\t\t\t\t\t<\/div>\n\t\t<\/section>\n\t\t\t\t<section class=\"elementor-section elementor-top-section elementor-element elementor-element-992eccc elementor-section-boxed elementor-section-height-default elementor-section-height-default\" data-id=\"992eccc\" data-element_type=\"section\" data-e-type=\"section\" data-settings=\"{&quot;background_background&quot;:&quot;classic&quot;}\">\n\t\t\t\t\t\t<div class=\"elementor-container elementor-column-gap-no\">\n\t\t\t\t\t<div class=\"elementor-column elementor-col-33 elementor-top-column elementor-element elementor-element-4d253b2\" data-id=\"4d253b2\" data-element_type=\"column\" data-e-type=\"column\">\n\t\t\t<div class=\"elementor-widget-wrap elementor-element-populated\">\n\t\t\t\t\t\t<div class=\"elementor-element elementor-element-7940355 elementor-widget elementor-widget-heading\" data-id=\"7940355\" data-element_type=\"widget\" data-e-type=\"widget\" data-widget_type=\"heading.default\">\n\t\t\t\t<div class=\"elementor-widget-container\">\n\t\t\t\t\t<h2 class=\"elementor-heading-title elementor-size-default\">Informaci\u00f3n qu\u00edmica<\/h2>\t\t\t\t<\/div>\n\t\t\t\t<\/div>\n\t\t\t\t<div class=\"elementor-element elementor-element-acbf033 elementor-widget elementor-widget-text-editor\" data-id=\"acbf033\" data-element_type=\"widget\" data-e-type=\"widget\" data-widget_type=\"text-editor.default\">\n\t\t\t\t<div class=\"elementor-widget-container\">\n\t\t\t\t\t\t\t\t\t<ul><li><strong>Nombre qu\u00edmico:<\/strong> \u03b1-pirrolidinohexiofenona<\/li><li><strong>N\u00famero CAS:<\/strong> 13415-86-6<\/li><li><strong>F\u00f3rmula molecular:<\/strong> C16H23NO<\/li><li><strong>Masa molar:<\/strong> 245,36 g\/mol<\/li><li><strong>Nombre IUPAC:<\/strong> 1-Fenil-2-(pirrolidin-1-il)hexan-1-ona<\/li><\/ul>\t\t\t\t\t\t\t\t<\/div>\n\t\t\t\t<\/div>\n\t\t\t\t\t<\/div>\n\t\t<\/div>\n\t\t\t\t<div class=\"elementor-column elementor-col-33 elementor-top-column elementor-element elementor-element-a902acf\" data-id=\"a902acf\" data-element_type=\"column\" data-e-type=\"column\">\n\t\t\t<div class=\"elementor-widget-wrap elementor-element-populated\">\n\t\t\t\t\t\t<div class=\"elementor-element elementor-element-588650b elementor-widget elementor-widget-heading\" data-id=\"588650b\" data-element_type=\"widget\" data-e-type=\"widget\" data-widget_type=\"heading.default\">\n\t\t\t\t<div class=\"elementor-widget-container\">\n\t\t\t\t\t<h2 class=\"elementor-heading-title elementor-size-default\">Propiedades f\u00edsicas y qu\u00edmicas<\/h2>\t\t\t\t<\/div>\n\t\t\t\t<\/div>\n\t\t\t\t<div class=\"elementor-element elementor-element-ac5726b elementor-widget elementor-widget-text-editor\" data-id=\"ac5726b\" data-element_type=\"widget\" data-e-type=\"widget\" data-widget_type=\"text-editor.default\">\n\t\t\t\t<div class=\"elementor-widget-container\">\n\t\t\t\t\t\t\t\t\t<ul><li><strong>Form: 120mg Pellets<\/strong><\/li><li><strong>Pureza:<\/strong> \u226599% (verificado en pruebas de laboratorio)<\/li><li><strong>Punto de fusi\u00f3n:<\/strong> ~108,9 \u00b0C<\/li><li><strong>Solubilidad:<\/strong> Soluble en agua, etanol y metanol.<\/li><li><strong>Estabilidad:<\/strong> Altamente estable en condiciones de almacenamiento adecuadas.<\/li><\/ul>\t\t\t\t\t\t\t\t<\/div>\n\t\t\t\t<\/div>\n\t\t\t\t\t<\/div>\n\t\t<\/div>\n\t\t\t\t<div class=\"elementor-column elementor-col-33 elementor-top-column elementor-element elementor-element-235367a\" data-id=\"235367a\" data-element_type=\"column\" data-e-type=\"column\">\n\t\t\t<div class=\"elementor-widget-wrap elementor-element-populated\">\n\t\t\t\t\t\t<div class=\"elementor-element elementor-element-94c9443 elementor-widget elementor-widget-heading\" data-id=\"94c9443\" data-element_type=\"widget\" data-e-type=\"widget\" data-widget_type=\"heading.default\">\n\t\t\t\t<div class=\"elementor-widget-container\">\n\t\t\t\t\t<h2 class=\"elementor-heading-title elementor-size-default\">Datos anal\u00edticos<\/h2>\t\t\t\t<\/div>\n\t\t\t\t<\/div>\n\t\t\t\t<div class=\"elementor-element elementor-element-7cf8259 elementor-widget elementor-widget-text-editor\" data-id=\"7cf8259\" data-element_type=\"widget\" data-e-type=\"widget\" data-widget_type=\"text-editor.default\">\n\t\t\t\t<div class=\"elementor-widget-container\">\n\t\t\t\t\t\t\t\t\t<ul><li><strong>RMN (Resonancia magn\u00e9tica nuclear):<\/strong> Confirma la estructura molecular<\/li><li><strong>MS (Espectrometr\u00eda de masas):<\/strong> Coincide con el peso molecular de 245,36 g\/mol.<\/li><li><strong>FTIR (Espectroscopia infrarroja por transformada de Fourier):<\/strong> Coincide con los espectros de referencia para \u03b1-PHP<\/li><\/ul>\t\t\t\t\t\t\t\t<\/div>\n\t\t\t\t<\/div>\n\t\t\t\t\t<\/div>\n\t\t<\/div>\n\t\t\t\t\t<\/div>\n\t\t<\/section>\n\t\t\t\t<section class=\"elementor-section elementor-top-section elementor-element elementor-element-c6f5bd4 elementor-section-boxed elementor-section-height-default elementor-section-height-default\" data-id=\"c6f5bd4\" data-element_type=\"section\" data-e-type=\"section\">\n\t\t\t\t\t\t<div class=\"elementor-container elementor-column-gap-no\">\n\t\t\t\t\t<div class=\"elementor-column elementor-col-100 elementor-top-column elementor-element elementor-element-05e413b\" data-id=\"05e413b\" data-element_type=\"column\" data-e-type=\"column\">\n\t\t\t<div class=\"elementor-widget-wrap elementor-element-populated\">\n\t\t\t\t\t\t<div class=\"elementor-element elementor-element-b918f8f elementor-widget elementor-widget-heading\" data-id=\"b918f8f\" data-element_type=\"widget\" data-e-type=\"widget\" data-widget_type=\"heading.default\">\n\t\t\t\t<div class=\"elementor-widget-container\">\n\t\t\t\t\t<h2 class=\"elementor-heading-title elementor-size-default\">Why Choose Chemagora for Your \u03b1-PHP Pellets?<\/h2>\t\t\t\t<\/div>\n\t\t\t\t<\/div>\n\t\t\t\t<div class=\"elementor-element elementor-element-145d3f5 elementor-widget elementor-widget-text-editor\" data-id=\"145d3f5\" data-element_type=\"widget\" data-e-type=\"widget\" data-widget_type=\"text-editor.default\">\n\t\t\t\t<div class=\"elementor-widget-container\">\n\t\t\t\t\t\t\t\t\t<h4><strong>1. High Purity Guaranteed<\/strong><\/h4><p>Nuestro <strong>Pellets de \u03b1-PHP<\/strong> are lab-tested to ensure a purity level of <strong>\u226599%<\/strong>, giving researchers confidence in the quality and consistency of the product.<\/p><h4><strong>2. Uniform Pellet Form for Precision<\/strong><\/h4><p>The pelletized format ensures uniformity, making it easy to handle, measure, and apply in controlled research environments.<\/p><h4><strong>3. Proveedor de confianza en toda Europa<\/strong><\/h4><p>From Amsterdam to Berlin, Paris to Madrid, Chemagora is a trusted partner for research institutions and professionals across Europe.<\/p><h4><strong>4. Discreet and Fast Shipping<\/strong><\/h4><p>We prioritize fast, reliable delivery. All orders are shipped securely and discreetly to ensure your product arrives safely and on time.<\/p><h4><strong>5. Atenci\u00f3n al cliente excepcional<\/strong><\/h4><p>Our dedicated support team is available to answer your questions and provide assistance throughout the purchasing process, ensuring a smooth and satisfying experience.<\/p>\t\t\t\t\t\t\t\t<\/div>\n\t\t\t\t<\/div>\n\t\t\t\t<div class=\"elementor-element elementor-element-6e04cb8 elementor-widget elementor-widget-heading\" data-id=\"6e04cb8\" data-element_type=\"widget\" data-e-type=\"widget\" data-widget_type=\"heading.default\">\n\t\t\t\t<div class=\"elementor-widget-container\">\n\t\t\t\t\t<h2 class=\"elementor-heading-title elementor-size-default\">Cumplimiento legal<\/h2>\t\t\t\t<\/div>\n\t\t\t\t<\/div>\n\t\t\t\t<div class=\"elementor-element elementor-element-45f7387 elementor-widget elementor-widget-text-editor\" data-id=\"45f7387\" data-element_type=\"widget\" data-e-type=\"widget\" data-widget_type=\"text-editor.default\">\n\t\t\t\t<div class=\"elementor-widget-container\">\n\t\t\t\t\t\t\t\t\t<p>El estatus legal de <strong>Pellets de \u03b1-PHP<\/strong> may vary by country. It is the buyer&#8217;s responsibility to ensure compliance with local laws and regulations before purchasing or using this product.<\/p>\t\t\t\t\t\t\t\t<\/div>\n\t\t\t\t<\/div>\n\t\t\t\t<div class=\"elementor-element elementor-element-03662e5 elementor-alert-info elementor-widget elementor-widget-alert\" data-id=\"03662e5\" data-element_type=\"widget\" data-e-type=\"widget\" data-widget_type=\"alert.default\">\n\t\t\t\t<div class=\"elementor-widget-container\">\n\t\t\t\t\t\t\t<div class=\"elementor-alert\" role=\"alert\">\n\n\t\t\t\t\t\t<span class=\"elementor-alert-title\">Descargo de responsabilidad<\/span>\n\t\t\t\n\t\t\t\t\t\t<span class=\"elementor-alert-description\">Este producto est\u00e1 destinado exclusivamente a fines de investigaci\u00f3n y an\u00e1lisis. No est\u00e1 destinado al consumo humano ni animal bajo ninguna circunstancia.<\/span>\n\t\t\t\n\t\t\t\t\t\t<button type=\"button\" class=\"elementor-alert-dismiss\" aria-label=\"Descartar esta alerta.\">\n\t\t\t\t\t\t\t\t\t<span aria-hidden=\"true\">\u00d7<\/span>\n\t\t\t\t\t\t\t<\/button>\n\t\t\t\n\t\t<\/div>\n\t\t\t\t\t\t<\/div>\n\t\t\t\t<\/div>\n\t\t\t\t<div class=\"elementor-element elementor-element-39f190f elementor-widget elementor-widget-heading\" data-id=\"39f190f\" data-element_type=\"widget\" data-e-type=\"widget\" data-widget_type=\"heading.default\">\n\t\t\t\t<div class=\"elementor-widget-container\">\n\t\t\t\t\t<h2 class=\"elementor-heading-title elementor-size-default\">Order Your \u03b1-PHP Pellets Today<\/h2>\t\t\t\t<\/div>\n\t\t\t\t<\/div>\n\t\t\t\t<div class=\"elementor-element elementor-element-64f646b elementor-widget elementor-widget-text-editor\" data-id=\"64f646b\" data-element_type=\"widget\" data-e-type=\"widget\" data-widget_type=\"text-editor.default\">\n\t\t\t\t<div class=\"elementor-widget-container\">\n\t\t\t\t\t\t\t\t\t<p>Enhance your research with Chemagora\u2019s <strong>high-purity \u03b1-PHP Pellets<\/strong>Nuestros productos cuentan con la confianza de cient\u00edficos de toda Europa y ofrecen calidad, fiabilidad y resultados consistentes.<\/p>\t\t\t\t\t\t\t\t<\/div>\n\t\t\t\t<\/div>\n\t\t\t\t\t<\/div>\n\t\t<\/div>\n\t\t\t\t\t<\/div>\n\t\t<\/section>\n\t\t\t\t<\/div>","protected":false},"excerpt":{"rendered":"<p>Producto qu\u00edmico de investigaci\u00f3n probado con precisi\u00f3n, compatible, confiable y entregado con precisi\u00f3n y cuidado.<\/p>","protected":false},"featured_media":1882,"comment_status":"open","ping_status":"closed","template":"","meta":{"inline_featured_image":false},"etheme_brands":[],"product_brand":[],"product_cat":[41],"product_tag":[71,70,48,72],"class_list":{"0":"post-520","1":"product","2":"type-product","3":"status-publish","4":"has-post-thumbnail","6":"product_cat-a-php","7":"product_tag-buy--php-pellets","8":"product_tag-buy--php-pellets-online","9":"product_tag-research-chemicals","10":"product_tag--php-pellets","12":"first","13":"instock","14":"shipping-taxable","15":"purchasable","16":"product-type-variable"},"_links":{"self":[{"href":"https:\/\/chemagora.eu\/es\/wp-json\/wp\/v2\/product\/520","targetHints":{"allow":["GET"]}}],"collection":[{"href":"https:\/\/chemagora.eu\/es\/wp-json\/wp\/v2\/product"}],"about":[{"href":"https:\/\/chemagora.eu\/es\/wp-json\/wp\/v2\/types\/product"}],"replies":[{"embeddable":true,"href":"https:\/\/chemagora.eu\/es\/wp-json\/wp\/v2\/comments?post=520"}],"version-history":[{"count":0,"href":"https:\/\/chemagora.eu\/es\/wp-json\/wp\/v2\/product\/520\/revisions"}],"wp:featuredmedia":[{"embeddable":true,"href":"https:\/\/chemagora.eu\/es\/wp-json\/wp\/v2\/media\/1882"}],"wp:attachment":[{"href":"https:\/\/chemagora.eu\/es\/wp-json\/wp\/v2\/media?parent=520"}],"wp:term":[{"taxonomy":"brand","embeddable":true,"href":"https:\/\/chemagora.eu\/es\/wp-json\/wp\/v2\/etheme_brands?post=520"},{"taxonomy":"product_brand","embeddable":true,"href":"https:\/\/chemagora.eu\/es\/wp-json\/wp\/v2\/product_brand?post=520"},{"taxonomy":"product_cat","embeddable":true,"href":"https:\/\/chemagora.eu\/es\/wp-json\/wp\/v2\/product_cat?post=520"},{"taxonomy":"product_tag","embeddable":true,"href":"https:\/\/chemagora.eu\/es\/wp-json\/wp\/v2\/product_tag?post=520"}],"curies":[{"name":"wp","href":"https:\/\/api.w.org\/{rel}","templated":true}]}}