{"id":524,"date":"2022-10-06T11:29:16","date_gmt":"2022-10-06T11:29:16","guid":{"rendered":"https:\/\/xstore.8theme.com\/elementor\/demos\/hemp-and-cbd\/?post_type=product&#038;p=524"},"modified":"2025-01-24T11:43:50","modified_gmt":"2025-01-24T11:43:50","slug":"\u03b1-cristal-php","status":"publish","type":"product","link":"https:\/\/chemagora.eu\/es\/product\/\u03b1-cristal-php\/","title":{"rendered":"A-PHP Cristal"},"content":{"rendered":"<div data-elementor-type=\"wp-post\" data-elementor-id=\"524\" class=\"elementor elementor-524\" data-elementor-post-type=\"product\">\n\t\t\t\t\t\t<section class=\"elementor-section elementor-top-section elementor-element elementor-element-19bbdf8 elementor-section-boxed elementor-section-height-default elementor-section-height-default\" data-id=\"19bbdf8\" data-element_type=\"section\" data-e-type=\"section\">\n\t\t\t\t\t\t<div class=\"elementor-container elementor-column-gap-no\">\n\t\t\t\t\t<div class=\"elementor-column elementor-col-100 elementor-top-column elementor-element elementor-element-2f39f1a\" data-id=\"2f39f1a\" data-element_type=\"column\" data-e-type=\"column\">\n\t\t\t<div class=\"elementor-widget-wrap elementor-element-populated\">\n\t\t\t\t\t\t<div class=\"elementor-element elementor-element-30f2f60 elementor-widget elementor-widget-heading\" data-id=\"30f2f60\" data-element_type=\"widget\" data-e-type=\"widget\" data-widget_type=\"heading.default\">\n\t\t\t\t<div class=\"elementor-widget-container\">\n\t\t\t\t\t<h2 class=\"elementor-heading-title elementor-size-default\">Compre cristales de \u03b1-PHP en l\u00ednea | Productos qu\u00edmicos de investigaci\u00f3n de alta pureza de Chemagora<\/h2>\t\t\t\t<\/div>\n\t\t\t\t<\/div>\n\t\t\t\t<div class=\"elementor-element elementor-element-5172a89 elementor-widget elementor-widget-text-editor\" data-id=\"5172a89\" data-element_type=\"widget\" data-e-type=\"widget\" data-widget_type=\"text-editor.default\">\n\t\t\t\t<div class=\"elementor-widget-container\">\n\t\t\t\t\t\t\t\t\t<p>\u00bfEst\u00e1 buscando calidad premium? <strong>Cristales de \u03b1-PHP<\/strong> \u00bfPara su investigaci\u00f3n cient\u00edfica? <a href=\"https:\/\/chemagora.eu\/es\/comercio\/\">Quimagora<\/a>Nos comprometemos a proporcionar a investigadores de toda Europa compuestos de alta pureza para respaldar estudios innovadores.<\/p>\t\t\t\t\t\t\t\t<\/div>\n\t\t\t\t<\/div>\n\t\t\t\t<div class=\"elementor-element elementor-element-ab8b499 elementor-widget elementor-widget-heading\" data-id=\"ab8b499\" data-element_type=\"widget\" data-e-type=\"widget\" data-widget_type=\"heading.default\">\n\t\t\t\t<div class=\"elementor-widget-container\">\n\t\t\t\t\t<h2 class=\"elementor-heading-title elementor-size-default\">\u00bfQu\u00e9 es \u03b1-PHP?<\/h2>\t\t\t\t<\/div>\n\t\t\t\t<\/div>\n\t\t\t\t<div class=\"elementor-element elementor-element-205025b elementor-widget elementor-widget-text-editor\" data-id=\"205025b\" data-element_type=\"widget\" data-e-type=\"widget\" data-widget_type=\"text-editor.default\">\n\t\t\t\t<div class=\"elementor-widget-container\">\n\t\t\t\t\t\t\t\t\t<p><strong>\u03b1-pirrolidinohexiofenona (\u03b1-PHP)<\/strong> es un estimulante sint\u00e9tico de la familia de las catinonas. Estructuralmente similar a la \u03b1-PVP, la \u03b1-PHP presenta una cadena alqu\u00edlica m\u00e1s larga, lo que le proporciona propiedades f\u00edsicas y qu\u00edmicas \u00fanicas. Este compuesto se ha convertido en un tema de inter\u00e9s en estudios qu\u00edmicos y farmacol\u00f3gicos avanzados debido a su estructura y caracter\u00edsticas distintivas. <strong>Cristales de \u03b1-PHP<\/strong> Se sintetizan con precisi\u00f3n para cumplir con los m\u00e1s altos est\u00e1ndares, garantizando resultados confiables para todas sus aplicaciones de laboratorio.<\/p>\t\t\t\t\t\t\t\t<\/div>\n\t\t\t\t<\/div>\n\t\t\t\t\t<\/div>\n\t\t<\/div>\n\t\t\t\t\t<\/div>\n\t\t<\/section>\n\t\t\t\t<section class=\"elementor-section elementor-top-section elementor-element elementor-element-5459a18 elementor-section-boxed elementor-section-height-default elementor-section-height-default\" data-id=\"5459a18\" data-element_type=\"section\" data-e-type=\"section\" data-settings=\"{&quot;background_background&quot;:&quot;classic&quot;}\">\n\t\t\t\t\t\t<div class=\"elementor-container elementor-column-gap-no\">\n\t\t\t\t\t<div class=\"elementor-column elementor-col-33 elementor-top-column elementor-element elementor-element-e679840\" data-id=\"e679840\" data-element_type=\"column\" data-e-type=\"column\">\n\t\t\t<div class=\"elementor-widget-wrap elementor-element-populated\">\n\t\t\t\t\t\t<div class=\"elementor-element elementor-element-df3cfed elementor-widget elementor-widget-heading\" data-id=\"df3cfed\" data-element_type=\"widget\" data-e-type=\"widget\" data-widget_type=\"heading.default\">\n\t\t\t\t<div class=\"elementor-widget-container\">\n\t\t\t\t\t<h2 class=\"elementor-heading-title elementor-size-default\">Informaci\u00f3n qu\u00edmica<\/h2>\t\t\t\t<\/div>\n\t\t\t\t<\/div>\n\t\t\t\t<div class=\"elementor-element elementor-element-4f3abce elementor-widget elementor-widget-text-editor\" data-id=\"4f3abce\" data-element_type=\"widget\" data-e-type=\"widget\" data-widget_type=\"text-editor.default\">\n\t\t\t\t<div class=\"elementor-widget-container\">\n\t\t\t\t\t\t\t\t\t<ul><li><strong>Nombre qu\u00edmico:<\/strong> \u03b1-pirrolidinohexiofenona<\/li><li><strong>N\u00famero CAS:<\/strong> 13415-86-6<\/li><li><strong>F\u00f3rmula molecular:<\/strong> C16H23NO<\/li><li><strong>Masa molar:<\/strong> 245,36 g\/mol<\/li><li><strong>Nombre IUPAC:<\/strong> 1-Fenil-2-(pirrolidin-1-il)hexan-1-ona<\/li><\/ul>\t\t\t\t\t\t\t\t<\/div>\n\t\t\t\t<\/div>\n\t\t\t\t\t<\/div>\n\t\t<\/div>\n\t\t\t\t<div class=\"elementor-column elementor-col-33 elementor-top-column elementor-element elementor-element-e7da0ce\" data-id=\"e7da0ce\" data-element_type=\"column\" data-e-type=\"column\">\n\t\t\t<div class=\"elementor-widget-wrap elementor-element-populated\">\n\t\t\t\t\t\t<div class=\"elementor-element elementor-element-2b926b0 elementor-widget elementor-widget-heading\" data-id=\"2b926b0\" data-element_type=\"widget\" data-e-type=\"widget\" data-widget_type=\"heading.default\">\n\t\t\t\t<div class=\"elementor-widget-container\">\n\t\t\t\t\t<h2 class=\"elementor-heading-title elementor-size-default\">Propiedades f\u00edsicas y qu\u00edmicas<\/h2>\t\t\t\t<\/div>\n\t\t\t\t<\/div>\n\t\t\t\t<div class=\"elementor-element elementor-element-aa1e34c elementor-widget elementor-widget-text-editor\" data-id=\"aa1e34c\" data-element_type=\"widget\" data-e-type=\"widget\" data-widget_type=\"text-editor.default\">\n\t\t\t\t<div class=\"elementor-widget-container\">\n\t\t\t\t\t\t\t\t\t<ul><li><strong>Forma:<\/strong> Polvo cristalino blanco<\/li><li><strong>Pureza:<\/strong> \u226599% (verificado en pruebas de laboratorio)<\/li><li><strong>Punto de fusi\u00f3n:<\/strong> ~108,9 \u00b0C<\/li><li><strong>Solubilidad:<\/strong> Soluble en agua, etanol y metanol.<\/li><li><strong>Estabilidad:<\/strong> Altamente estable en condiciones de almacenamiento adecuadas.<\/li><\/ul>\t\t\t\t\t\t\t\t<\/div>\n\t\t\t\t<\/div>\n\t\t\t\t\t<\/div>\n\t\t<\/div>\n\t\t\t\t<div class=\"elementor-column elementor-col-33 elementor-top-column elementor-element elementor-element-a592aa4\" data-id=\"a592aa4\" data-element_type=\"column\" data-e-type=\"column\">\n\t\t\t<div class=\"elementor-widget-wrap elementor-element-populated\">\n\t\t\t\t\t\t<div class=\"elementor-element elementor-element-5b0496a elementor-widget elementor-widget-heading\" data-id=\"5b0496a\" data-element_type=\"widget\" data-e-type=\"widget\" data-widget_type=\"heading.default\">\n\t\t\t\t<div class=\"elementor-widget-container\">\n\t\t\t\t\t<h2 class=\"elementor-heading-title elementor-size-default\">Datos anal\u00edticos<\/h2>\t\t\t\t<\/div>\n\t\t\t\t<\/div>\n\t\t\t\t<div class=\"elementor-element elementor-element-85fac4f elementor-widget elementor-widget-text-editor\" data-id=\"85fac4f\" data-element_type=\"widget\" data-e-type=\"widget\" data-widget_type=\"text-editor.default\">\n\t\t\t\t<div class=\"elementor-widget-container\">\n\t\t\t\t\t\t\t\t\t<ul><li><strong>RMN (Resonancia magn\u00e9tica nuclear):<\/strong> Confirma la estructura molecular<\/li><li><strong>MS (Espectrometr\u00eda de masas):<\/strong> Coincide con el peso molecular de 245,36 g\/mol.<\/li><li><strong>FTIR (Espectroscopia infrarroja por transformada de Fourier):<\/strong> Coincide con los espectros de referencia para \u03b1-PHP<\/li><\/ul>\t\t\t\t\t\t\t\t<\/div>\n\t\t\t\t<\/div>\n\t\t\t\t\t<\/div>\n\t\t<\/div>\n\t\t\t\t\t<\/div>\n\t\t<\/section>\n\t\t\t\t<section class=\"elementor-section elementor-top-section elementor-element elementor-element-0ef1add elementor-section-boxed elementor-section-height-default elementor-section-height-default\" data-id=\"0ef1add\" data-element_type=\"section\" data-e-type=\"section\">\n\t\t\t\t\t\t<div class=\"elementor-container elementor-column-gap-no\">\n\t\t\t\t\t<div class=\"elementor-column elementor-col-100 elementor-top-column elementor-element elementor-element-f47bd73\" data-id=\"f47bd73\" data-element_type=\"column\" data-e-type=\"column\">\n\t\t\t<div class=\"elementor-widget-wrap elementor-element-populated\">\n\t\t\t\t\t\t<div class=\"elementor-element elementor-element-09680de elementor-widget elementor-widget-heading\" data-id=\"09680de\" data-element_type=\"widget\" data-e-type=\"widget\" data-widget_type=\"heading.default\">\n\t\t\t\t<div class=\"elementor-widget-container\">\n\t\t\t\t\t<h2 class=\"elementor-heading-title elementor-size-default\">\u00bfPor qu\u00e9 elegir Chemagora para sus cristales \u03b1-PHP?<\/h2>\t\t\t\t<\/div>\n\t\t\t\t<\/div>\n\t\t\t\t<div class=\"elementor-element elementor-element-687d992 elementor-widget elementor-widget-text-editor\" data-id=\"687d992\" data-element_type=\"widget\" data-e-type=\"widget\" data-widget_type=\"text-editor.default\">\n\t\t\t\t<div class=\"elementor-widget-container\">\n\t\t\t\t\t\t\t\t\t<h4><strong>1. Pureza inigualable<\/strong><\/h4><p>Nuestro <strong>Cristales de \u03b1-PHP<\/strong> se prueban en laboratorio para garantizar una pureza m\u00ednima de <strong>\u226599%<\/strong>, entregando un producto de m\u00e1xima calidad libre de impurezas.<\/p><h4><strong>2. Forma cristalina de precisi\u00f3n<\/strong><\/h4><p>La estructura cristalina blanca garantiza un f\u00e1cil manejo, mediciones precisas y una aplicaci\u00f3n consistente en entornos de investigaci\u00f3n controlados.<\/p><h4><strong>3. Confianza en toda Europa<\/strong><\/h4><p>Desde \u00c1msterdam hasta Berl\u00edn, Par\u00eds hasta Madrid, Chemagora es el proveedor de referencia en Europa para soluciones fiables. <a href=\"https:\/\/chemagora.eu\/es\/product\/3-mmc-powder\/\"  data-wpil-monitor-id=\"31\">productos qu\u00edmicos de investigaci\u00f3n<\/a>.<\/p><h4><strong>4. Env\u00edo seguro y discreto<\/strong><\/h4><p>Comprendemos la importancia de la privacidad y la confiabilidad. Los pedidos se procesan con prontitud y se env\u00edan en un embalaje seguro y a prueba de manipulaciones para garantizar una entrega segura y oportuna.<\/p><h4><strong>5. Atenci\u00f3n al cliente especializada<\/strong><\/h4><p>Nuestro equipo experimentado est\u00e1 aqu\u00ed para responder a sus preguntas, ya sea sobre detalles del producto, opciones de env\u00edo o consultas t\u00e9cnicas. Estamos comprometidos con su \u00e9xito.<\/p>\t\t\t\t\t\t\t\t<\/div>\n\t\t\t\t<\/div>\n\t\t\t\t<div class=\"elementor-element elementor-element-e064770 elementor-widget elementor-widget-heading\" data-id=\"e064770\" data-element_type=\"widget\" data-e-type=\"widget\" data-widget_type=\"heading.default\">\n\t\t\t\t<div class=\"elementor-widget-container\">\n\t\t\t\t\t<h2 class=\"elementor-heading-title elementor-size-default\">Cumplimiento legal<\/h2>\t\t\t\t<\/div>\n\t\t\t\t<\/div>\n\t\t\t\t<div class=\"elementor-element elementor-element-7e534de elementor-widget elementor-widget-text-editor\" data-id=\"7e534de\" data-element_type=\"widget\" data-e-type=\"widget\" data-widget_type=\"text-editor.default\">\n\t\t\t\t<div class=\"elementor-widget-container\">\n\t\t\t\t\t\t\t\t\t<p>El estatus legal de <strong>Cristales de \u03b1-PHP<\/strong> Puede variar seg\u00fan el pa\u00eds. Los compradores son responsables de garantizar el cumplimiento de las leyes y regulaciones locales antes de comprar o usar este producto.<\/p>\t\t\t\t\t\t\t\t<\/div>\n\t\t\t\t<\/div>\n\t\t\t\t<div class=\"elementor-element elementor-element-a973926 elementor-alert-info elementor-widget elementor-widget-alert\" data-id=\"a973926\" data-element_type=\"widget\" data-e-type=\"widget\" data-widget_type=\"alert.default\">\n\t\t\t\t<div class=\"elementor-widget-container\">\n\t\t\t\t\t\t\t<div class=\"elementor-alert\" role=\"alert\">\n\n\t\t\t\t\t\t<span class=\"elementor-alert-title\">Descargo de responsabilidad<\/span>\n\t\t\t\n\t\t\t\t\t\t<span class=\"elementor-alert-description\">Este producto est\u00e1 destinado exclusivamente a fines de investigaci\u00f3n y an\u00e1lisis. No est\u00e1 destinado al consumo humano ni animal bajo ninguna circunstancia.<\/span>\n\t\t\t\n\t\t\t\t\t\t<button type=\"button\" class=\"elementor-alert-dismiss\" aria-label=\"Descartar esta alerta.\">\n\t\t\t\t\t\t\t\t\t<span aria-hidden=\"true\">\u00d7<\/span>\n\t\t\t\t\t\t\t<\/button>\n\t\t\t\n\t\t<\/div>\n\t\t\t\t\t\t<\/div>\n\t\t\t\t<\/div>\n\t\t\t\t<div class=\"elementor-element elementor-element-d4c1880 elementor-widget elementor-widget-heading\" data-id=\"d4c1880\" data-element_type=\"widget\" data-e-type=\"widget\" data-widget_type=\"heading.default\">\n\t\t\t\t<div class=\"elementor-widget-container\">\n\t\t\t\t\t<h2 class=\"elementor-heading-title elementor-size-default\">Pida hoy sus cristales \u03b1-PHP<\/h2>\t\t\t\t<\/div>\n\t\t\t\t<\/div>\n\t\t\t\t<div class=\"elementor-element elementor-element-cfccaf6 elementor-widget elementor-widget-text-editor\" data-id=\"cfccaf6\" data-element_type=\"widget\" data-e-type=\"widget\" data-widget_type=\"text-editor.default\">\n\t\t\t\t<div class=\"elementor-widget-container\">\n\t\t\t\t\t\t\t\t\t<p>Eleva tu <a href=\"https:\/\/chemagora.eu\/es\/product\/2-cmc-de-cristal\/\"  data-wpil-monitor-id=\"32\">Investigaci\u00f3n con Chemagora <strong>Cristales de \u03b1-PHP de alta pureza<\/strong><\/a>Con un compromiso con la calidad, la entrega r\u00e1pida y un excelente servicio al cliente, Chemagora es el proveedor preferido de Europa para los profesionales de la investigaci\u00f3n.<\/p>\t\t\t\t\t\t\t\t<\/div>\n\t\t\t\t<\/div>\n\t\t\t\t\t<\/div>\n\t\t<\/div>\n\t\t\t\t\t<\/div>\n\t\t<\/section>\n\t\t\t\t<\/div>","protected":false},"excerpt":{"rendered":"<p>Producto qu\u00edmico de investigaci\u00f3n probado con precisi\u00f3n, compatible, confiable y entregado con precisi\u00f3n y cuidado.<\/p>","protected":false},"featured_media":1853,"comment_status":"open","ping_status":"closed","template":"","meta":{"inline_featured_image":false},"etheme_brands":[],"product_brand":[],"product_cat":[41],"product_tag":[69,66,67,68,48],"class_list":{"0":"post-524","1":"product","2":"type-product","3":"status-publish","4":"has-post-thumbnail","6":"product_cat-a-php","7":"product_tag-a-php-crystal","8":"product_tag-buy-a-php","9":"product_tag-buy-a-php-crystal","10":"product_tag-buy-a-php-online","11":"product_tag-research-chemicals","13":"first","14":"instock","15":"shipping-taxable","16":"purchasable","17":"product-type-variable"},"_links":{"self":[{"href":"https:\/\/chemagora.eu\/es\/wp-json\/wp\/v2\/product\/524","targetHints":{"allow":["GET"]}}],"collection":[{"href":"https:\/\/chemagora.eu\/es\/wp-json\/wp\/v2\/product"}],"about":[{"href":"https:\/\/chemagora.eu\/es\/wp-json\/wp\/v2\/types\/product"}],"replies":[{"embeddable":true,"href":"https:\/\/chemagora.eu\/es\/wp-json\/wp\/v2\/comments?post=524"}],"version-history":[{"count":0,"href":"https:\/\/chemagora.eu\/es\/wp-json\/wp\/v2\/product\/524\/revisions"}],"wp:featuredmedia":[{"embeddable":true,"href":"https:\/\/chemagora.eu\/es\/wp-json\/wp\/v2\/media\/1853"}],"wp:attachment":[{"href":"https:\/\/chemagora.eu\/es\/wp-json\/wp\/v2\/media?parent=524"}],"wp:term":[{"taxonomy":"brand","embeddable":true,"href":"https:\/\/chemagora.eu\/es\/wp-json\/wp\/v2\/etheme_brands?post=524"},{"taxonomy":"product_brand","embeddable":true,"href":"https:\/\/chemagora.eu\/es\/wp-json\/wp\/v2\/product_brand?post=524"},{"taxonomy":"product_cat","embeddable":true,"href":"https:\/\/chemagora.eu\/es\/wp-json\/wp\/v2\/product_cat?post=524"},{"taxonomy":"product_tag","embeddable":true,"href":"https:\/\/chemagora.eu\/es\/wp-json\/wp\/v2\/product_tag?post=524"}],"curies":[{"name":"wp","href":"https:\/\/api.w.org\/{rel}","templated":true}]}}