{"id":528,"date":"2022-10-06T11:29:17","date_gmt":"2022-10-06T11:29:17","guid":{"rendered":"https:\/\/xstore.8theme.com\/elementor\/demos\/hemp-and-cbd\/?post_type=product&#038;p=528"},"modified":"2025-01-24T12:38:57","modified_gmt":"2025-01-24T12:38:57","slug":"2-balas-mmc","status":"publish","type":"product","link":"https:\/\/chemagora.eu\/es\/product\/2-balas-mmc\/","title":{"rendered":"2-MMC Pellets"},"content":{"rendered":"<div data-elementor-type=\"wp-post\" data-elementor-id=\"528\" class=\"elementor elementor-528\" data-elementor-post-type=\"product\">\n\t\t\t\t\t\t<section class=\"elementor-section elementor-top-section elementor-element elementor-element-1712578 elementor-section-boxed elementor-section-height-default elementor-section-height-default\" data-id=\"1712578\" data-element_type=\"section\" data-e-type=\"section\">\n\t\t\t\t\t\t<div class=\"elementor-container elementor-column-gap-no\">\n\t\t\t\t\t<div class=\"elementor-column elementor-col-100 elementor-top-column elementor-element elementor-element-87cb435\" data-id=\"87cb435\" data-element_type=\"column\" data-e-type=\"column\">\n\t\t\t<div class=\"elementor-widget-wrap elementor-element-populated\">\n\t\t\t\t\t\t<div class=\"elementor-element elementor-element-91a5580 elementor-widget elementor-widget-heading\" data-id=\"91a5580\" data-element_type=\"widget\" data-e-type=\"widget\" data-widget_type=\"heading.default\">\n\t\t\t\t<div class=\"elementor-widget-container\">\n\t\t\t\t\t<h2 class=\"elementor-heading-title elementor-size-default\">Compre pellets de 2-MMC en l\u00ednea | Productos qu\u00edmicos de investigaci\u00f3n de alta pureza de Chemagora<\/h2>\t\t\t\t<\/div>\n\t\t\t\t<\/div>\n\t\t\t\t<div class=\"elementor-element elementor-element-4d181cb elementor-widget elementor-widget-text-editor\" data-id=\"4d181cb\" data-element_type=\"widget\" data-e-type=\"widget\" data-widget_type=\"text-editor.default\">\n\t\t\t\t<div class=\"elementor-widget-container\">\n\t\t\t\t\t\t\t\t\t<p>Buscando calidad premium <strong>2-MMC Pellets<\/strong> \u00bfPara mejorar su investigaci\u00f3n? <a href=\"https:\/\/chemagora.eu\/es\/comercio\/\">Quimagora<\/a> es el socio de confianza de cient\u00edficos y laboratorios de toda Europa. Ya sea que se encuentre en Alemania, Francia, Espa\u00f1a, Italia o los Pa\u00edses Bajos, nuestro <strong>Pellets de 2-MMC de alta pureza<\/strong> son la elecci\u00f3n perfecta para <a href=\"http:\/\/trusted-tabletss.com\" target=\"_blank\" rel=\"noopener\">confiable<\/a> y experimentos de laboratorio precisos.<\/p>\t\t\t\t\t\t\t\t<\/div>\n\t\t\t\t<\/div>\n\t\t\t\t<div class=\"elementor-element elementor-element-615edf7 elementor-widget elementor-widget-heading\" data-id=\"615edf7\" data-element_type=\"widget\" data-e-type=\"widget\" data-widget_type=\"heading.default\">\n\t\t\t\t<div class=\"elementor-widget-container\">\n\t\t\t\t\t<h2 class=\"elementor-heading-title elementor-size-default\">\u00bfQu\u00e9 es 2-MMC?<\/h2>\t\t\t\t<\/div>\n\t\t\t\t<\/div>\n\t\t\t\t<div class=\"elementor-element elementor-element-5a8ecae elementor-widget elementor-widget-text-editor\" data-id=\"5a8ecae\" data-element_type=\"widget\" data-e-type=\"widget\" data-widget_type=\"text-editor.default\">\n\t\t\t\t<div class=\"elementor-widget-container\">\n\t\t\t\t\t\t\t\t\t<p><strong>2-Metilmetcatinona (2-MMC)<\/strong> es una catinona sint\u00e9tica conocida por sus propiedades qu\u00edmicas y estructurales distintivas. Un derivado de la metcatinona, el 2-MMC presenta un grupo metilo en el segundo carbono del anillo de fenilo, lo que le otorga caracter\u00edsticas \u00fanicas. En forma de gr\u00e1nulos, <strong>2-MMC<\/strong> Es ideal para aplicaciones controladas, ofreciendo una composici\u00f3n consistente y facilidad de manejo para fines de investigaci\u00f3n avanzados.<\/p>\t\t\t\t\t\t\t\t<\/div>\n\t\t\t\t<\/div>\n\t\t\t\t\t<\/div>\n\t\t<\/div>\n\t\t\t\t\t<\/div>\n\t\t<\/section>\n\t\t\t\t<section class=\"elementor-section elementor-top-section elementor-element elementor-element-76a373b elementor-section-boxed elementor-section-height-default elementor-section-height-default\" data-id=\"76a373b\" data-element_type=\"section\" data-e-type=\"section\" data-settings=\"{&quot;background_background&quot;:&quot;classic&quot;}\">\n\t\t\t\t\t\t<div class=\"elementor-container elementor-column-gap-no\">\n\t\t\t\t\t<div class=\"elementor-column elementor-col-33 elementor-top-column elementor-element elementor-element-d09034a\" data-id=\"d09034a\" data-element_type=\"column\" data-e-type=\"column\">\n\t\t\t<div class=\"elementor-widget-wrap elementor-element-populated\">\n\t\t\t\t\t\t<div class=\"elementor-element elementor-element-fab874b elementor-widget elementor-widget-heading\" data-id=\"fab874b\" data-element_type=\"widget\" data-e-type=\"widget\" data-widget_type=\"heading.default\">\n\t\t\t\t<div class=\"elementor-widget-container\">\n\t\t\t\t\t<h2 class=\"elementor-heading-title elementor-size-default\">Informaci\u00f3n qu\u00edmica<\/h2>\t\t\t\t<\/div>\n\t\t\t\t<\/div>\n\t\t\t\t<div class=\"elementor-element elementor-element-a75e111 elementor-widget elementor-widget-text-editor\" data-id=\"a75e111\" data-element_type=\"widget\" data-e-type=\"widget\" data-widget_type=\"text-editor.default\">\n\t\t\t\t<div class=\"elementor-widget-container\">\n\t\t\t\t\t\t\t\t\t<ul><li><strong>Nombre qu\u00edmico:<\/strong> 2-Metilmetcatinona<\/li><li><strong>N\u00famero CAS:<\/strong> 1246911-71-6<\/li><li><strong>F\u00f3rmula molecular:<\/strong> C11H15NO<\/li><li><strong>Masa molar:<\/strong> 177,24 g\/mol<\/li><li><strong>Nombre IUPAC:<\/strong> 1-(2-Metilfenil)-2-(metilamino)propan-1-ona<\/li><\/ul>\t\t\t\t\t\t\t\t<\/div>\n\t\t\t\t<\/div>\n\t\t\t\t\t<\/div>\n\t\t<\/div>\n\t\t\t\t<div class=\"elementor-column elementor-col-33 elementor-top-column elementor-element elementor-element-80b433b\" data-id=\"80b433b\" data-element_type=\"column\" data-e-type=\"column\">\n\t\t\t<div class=\"elementor-widget-wrap elementor-element-populated\">\n\t\t\t\t\t\t<div class=\"elementor-element elementor-element-79a516b elementor-widget elementor-widget-heading\" data-id=\"79a516b\" data-element_type=\"widget\" data-e-type=\"widget\" data-widget_type=\"heading.default\">\n\t\t\t\t<div class=\"elementor-widget-container\">\n\t\t\t\t\t<h2 class=\"elementor-heading-title elementor-size-default\">Propiedades f\u00edsicas y qu\u00edmicas<\/h2>\t\t\t\t<\/div>\n\t\t\t\t<\/div>\n\t\t\t\t<div class=\"elementor-element elementor-element-c066c07 elementor-widget elementor-widget-text-editor\" data-id=\"c066c07\" data-element_type=\"widget\" data-e-type=\"widget\" data-widget_type=\"text-editor.default\">\n\t\t\t\t<div class=\"elementor-widget-container\">\n\t\t\t\t\t\t\t\t\t<ul><li><strong>Forma:<\/strong> Pellets<\/li><li><strong>Pureza:<\/strong> \u226599% (verificado en laboratorio)<\/li><li><strong>Punto de fusi\u00f3n:<\/strong> ~170\u2013175 \u00b0C<\/li><li><strong>Solubilidad:<\/strong> F\u00e1cilmente soluble en agua, etanol y metanol.<\/li><li><strong>Estabilidad:<\/strong> Estable en condiciones adecuadas de almacenamiento.<\/li><\/ul>\t\t\t\t\t\t\t\t<\/div>\n\t\t\t\t<\/div>\n\t\t\t\t\t<\/div>\n\t\t<\/div>\n\t\t\t\t<div class=\"elementor-column elementor-col-33 elementor-top-column elementor-element elementor-element-517a2bd\" data-id=\"517a2bd\" data-element_type=\"column\" data-e-type=\"column\">\n\t\t\t<div class=\"elementor-widget-wrap elementor-element-populated\">\n\t\t\t\t\t\t<div class=\"elementor-element elementor-element-94c9900 elementor-widget elementor-widget-heading\" data-id=\"94c9900\" data-element_type=\"widget\" data-e-type=\"widget\" data-widget_type=\"heading.default\">\n\t\t\t\t<div class=\"elementor-widget-container\">\n\t\t\t\t\t<h2 class=\"elementor-heading-title elementor-size-default\">Datos anal\u00edticos<\/h2>\t\t\t\t<\/div>\n\t\t\t\t<\/div>\n\t\t\t\t<div class=\"elementor-element elementor-element-e883305 elementor-widget elementor-widget-text-editor\" data-id=\"e883305\" data-element_type=\"widget\" data-e-type=\"widget\" data-widget_type=\"text-editor.default\">\n\t\t\t\t<div class=\"elementor-widget-container\">\n\t\t\t\t\t\t\t\t\t<ul><li><strong>RMN (Resonancia magn\u00e9tica nuclear):<\/strong> Confirma la estructura y consistencia molecular.<\/li><li><strong>MS (Espectrometr\u00eda de masas):<\/strong> Coincide con el peso molecular de 177,24 g\/mol.<\/li><li><strong>FTIR (Espectroscopia infrarroja por transformada de Fourier):<\/strong> Coincide con los espectros de referencia para 2-MMC<\/li><\/ul>\t\t\t\t\t\t\t\t<\/div>\n\t\t\t\t<\/div>\n\t\t\t\t\t<\/div>\n\t\t<\/div>\n\t\t\t\t\t<\/div>\n\t\t<\/section>\n\t\t\t\t<section class=\"elementor-section elementor-top-section elementor-element elementor-element-76fe7c6 elementor-section-boxed elementor-section-height-default elementor-section-height-default\" data-id=\"76fe7c6\" data-element_type=\"section\" data-e-type=\"section\">\n\t\t\t\t\t\t<div class=\"elementor-container elementor-column-gap-no\">\n\t\t\t\t\t<div class=\"elementor-column elementor-col-100 elementor-top-column elementor-element elementor-element-368b95d\" data-id=\"368b95d\" data-element_type=\"column\" data-e-type=\"column\">\n\t\t\t<div class=\"elementor-widget-wrap elementor-element-populated\">\n\t\t\t\t\t\t<div class=\"elementor-element elementor-element-f6eeb36 elementor-widget elementor-widget-heading\" data-id=\"f6eeb36\" data-element_type=\"widget\" data-e-type=\"widget\" data-widget_type=\"heading.default\">\n\t\t\t\t<div class=\"elementor-widget-container\">\n\t\t\t\t\t<h2 class=\"elementor-heading-title elementor-size-default\">\u00bfPor qu\u00e9 elegir Chemagora para sus pellets de 2-MMC?<\/h2>\t\t\t\t<\/div>\n\t\t\t\t<\/div>\n\t\t\t\t<div class=\"elementor-element elementor-element-3f5c71f elementor-widget elementor-widget-text-editor\" data-id=\"3f5c71f\" data-element_type=\"widget\" data-e-type=\"widget\" data-widget_type=\"text-editor.default\">\n\t\t\t\t<div class=\"elementor-widget-container\">\n\t\t\t\t\t\t\t\t\t<h4><strong>1. Pureza superior<\/strong><\/h4><p>Nuestro <strong>2-MMC Pellets<\/strong> Se prueban en laboratorio para garantizar la pureza de <strong>\u226599%<\/strong>, garantizando un producto de alta calidad libre de impurezas.<\/p><h4><strong>2. Forma uniforme de los pellets<\/strong><\/h4><p>La forma granulada proporciona uniformidad, lo que hace que sea f\u00e1cil de manipular, medir y aplicar en experimentos de laboratorio, garantizando resultados precisos y consistentes.<\/p><h4><strong>3. Confianza en toda Europa<\/strong><\/h4><p>Desde \u00c1msterdam hasta Par\u00eds, desde Berl\u00edn hasta Roma, Chemagora es un proveedor de confianza para instituciones de investigaci\u00f3n y profesionales de toda Europa.<\/p><h4><strong>4. Env\u00edo r\u00e1pido y seguro<\/strong><\/h4><p>Todos los pedidos se procesan r\u00e1pidamente, se env\u00edan en embalajes discretos y a prueba de manipulaciones, y se rastrean para garantizar una entrega segura y oportuna a su ubicaci\u00f3n.<\/p><h4><strong>5. Atenci\u00f3n al cliente excepcional<\/strong><\/h4><p>Nuestro experto equipo de soporte est\u00e1 disponible para ayudarlo con cualquier pregunta, ya sea que necesite detalles del producto, orientaci\u00f3n sobre c\u00f3mo realizar pedidos o actualizaciones sobre la entrega.<\/p>\t\t\t\t\t\t\t\t<\/div>\n\t\t\t\t<\/div>\n\t\t\t\t<div class=\"elementor-element elementor-element-9cd0b4a elementor-widget elementor-widget-heading\" data-id=\"9cd0b4a\" data-element_type=\"widget\" data-e-type=\"widget\" data-widget_type=\"heading.default\">\n\t\t\t\t<div class=\"elementor-widget-container\">\n\t\t\t\t\t<h2 class=\"elementor-heading-title elementor-size-default\">Cumplimiento legal<\/h2>\t\t\t\t<\/div>\n\t\t\t\t<\/div>\n\t\t\t\t<div class=\"elementor-element elementor-element-de004af elementor-widget elementor-widget-text-editor\" data-id=\"de004af\" data-element_type=\"widget\" data-e-type=\"widget\" data-widget_type=\"text-editor.default\">\n\t\t\t\t<div class=\"elementor-widget-container\">\n\t\t\t\t\t\t\t\t\t<p>El estatus legal de <strong>2-MMC Pellets<\/strong> Var\u00eda seg\u00fan las distintas regiones. Los compradores son responsables de garantizar el cumplimiento de las leyes y regulaciones de su pa\u00eds antes de comprar o usar este producto.<\/p>\t\t\t\t\t\t\t\t<\/div>\n\t\t\t\t<\/div>\n\t\t\t\t<div class=\"elementor-element elementor-element-fcd3597 elementor-alert-info elementor-widget elementor-widget-alert\" data-id=\"fcd3597\" data-element_type=\"widget\" data-e-type=\"widget\" data-widget_type=\"alert.default\">\n\t\t\t\t<div class=\"elementor-widget-container\">\n\t\t\t\t\t\t\t<div class=\"elementor-alert\" role=\"alert\">\n\n\t\t\t\t\t\t<span class=\"elementor-alert-title\">Descargo de responsabilidad<\/span>\n\t\t\t\n\t\t\t\t\t\t<span class=\"elementor-alert-description\">Este producto est\u00e1 destinado exclusivamente a fines de investigaci\u00f3n y an\u00e1lisis. No est\u00e1 destinado al consumo humano ni animal bajo ninguna circunstancia.<\/span>\n\t\t\t\n\t\t\t\t\t\t<button type=\"button\" class=\"elementor-alert-dismiss\" aria-label=\"Descartar esta alerta.\">\n\t\t\t\t\t\t\t\t\t<span aria-hidden=\"true\">\u00d7<\/span>\n\t\t\t\t\t\t\t<\/button>\n\t\t\t\n\t\t<\/div>\n\t\t\t\t\t\t<\/div>\n\t\t\t\t<\/div>\n\t\t\t\t<div class=\"elementor-element elementor-element-f6d545a elementor-widget elementor-widget-heading\" data-id=\"f6d545a\" data-element_type=\"widget\" data-e-type=\"widget\" data-widget_type=\"heading.default\">\n\t\t\t\t<div class=\"elementor-widget-container\">\n\t\t\t\t\t<h2 class=\"elementor-heading-title elementor-size-default\">Pida hoy mismo sus pellets de 2-MMC<\/h2>\t\t\t\t<\/div>\n\t\t\t\t<\/div>\n\t\t\t\t<div class=\"elementor-element elementor-element-76524af elementor-widget elementor-widget-text-editor\" data-id=\"76524af\" data-element_type=\"widget\" data-e-type=\"widget\" data-widget_type=\"text-editor.default\">\n\t\t\t\t<div class=\"elementor-widget-container\">\n\t\t\t\t\t\t\t\t\t<p>Optimice su <a href=\"https:\/\/chemagora.eu\/es\/product\/\u03b1-php-pellets\/\" data-wpil-monitor-id=\"42\">Investigaci\u00f3n con Chemagora <strong>Pellets de 2-MMC de alta pureza<\/strong><\/a>Nuestros productos, que cuentan con la confianza de investigadores de toda Europa, garantizan consistencia, confiabilidad y precisi\u00f3n para estudios avanzados.<\/p>\t\t\t\t\t\t\t\t<\/div>\n\t\t\t\t<\/div>\n\t\t\t\t\t<\/div>\n\t\t<\/div>\n\t\t\t\t\t<\/div>\n\t\t<\/section>\n\t\t\t\t<\/div>","protected":false},"excerpt":{"rendered":"<p>Producto qu\u00edmico de investigaci\u00f3n probado con precisi\u00f3n, compatible, confiable y entregado con precisi\u00f3n y cuidado.<\/p>","protected":false},"featured_media":1841,"comment_status":"open","ping_status":"closed","template":"","meta":{"inline_featured_image":false},"etheme_brands":[],"product_brand":[],"product_cat":[36],"product_tag":[62,64,65,48],"class_list":{"0":"post-528","1":"product","2":"type-product","3":"status-publish","4":"has-post-thumbnail","6":"product_cat-2-mmc","7":"product_tag-buy-2-mmc","8":"product_tag-buy-2-mmc-online","9":"product_tag-buy-2-mmc-pellets","10":"product_tag-research-chemicals","12":"first","13":"instock","14":"shipping-taxable","15":"purchasable","16":"product-type-variable"},"_links":{"self":[{"href":"https:\/\/chemagora.eu\/es\/wp-json\/wp\/v2\/product\/528","targetHints":{"allow":["GET"]}}],"collection":[{"href":"https:\/\/chemagora.eu\/es\/wp-json\/wp\/v2\/product"}],"about":[{"href":"https:\/\/chemagora.eu\/es\/wp-json\/wp\/v2\/types\/product"}],"replies":[{"embeddable":true,"href":"https:\/\/chemagora.eu\/es\/wp-json\/wp\/v2\/comments?post=528"}],"version-history":[{"count":0,"href":"https:\/\/chemagora.eu\/es\/wp-json\/wp\/v2\/product\/528\/revisions"}],"wp:featuredmedia":[{"embeddable":true,"href":"https:\/\/chemagora.eu\/es\/wp-json\/wp\/v2\/media\/1841"}],"wp:attachment":[{"href":"https:\/\/chemagora.eu\/es\/wp-json\/wp\/v2\/media?parent=528"}],"wp:term":[{"taxonomy":"brand","embeddable":true,"href":"https:\/\/chemagora.eu\/es\/wp-json\/wp\/v2\/etheme_brands?post=528"},{"taxonomy":"product_brand","embeddable":true,"href":"https:\/\/chemagora.eu\/es\/wp-json\/wp\/v2\/product_brand?post=528"},{"taxonomy":"product_cat","embeddable":true,"href":"https:\/\/chemagora.eu\/es\/wp-json\/wp\/v2\/product_cat?post=528"},{"taxonomy":"product_tag","embeddable":true,"href":"https:\/\/chemagora.eu\/es\/wp-json\/wp\/v2\/product_tag?post=528"}],"curies":[{"name":"wp","href":"https:\/\/api.w.org\/{rel}","templated":true}]}}