{"id":586,"date":"2022-10-06T12:32:38","date_gmt":"2022-10-06T12:32:38","guid":{"rendered":"https:\/\/xstore.8theme.com\/elementor\/demos\/hemp-and-cbd\/?post_type=product&#038;p=586"},"modified":"2025-01-24T06:46:47","modified_gmt":"2025-01-24T06:46:47","slug":"2-mmc-powder","status":"publish","type":"product","link":"https:\/\/chemagora.eu\/es\/product\/2-mmc-powder\/","title":{"rendered":"2-MMC Polvo"},"content":{"rendered":"<div data-elementor-type=\"wp-post\" data-elementor-id=\"586\" class=\"elementor elementor-586\" data-elementor-post-type=\"product\">\n\t\t\t\t\t\t<section class=\"elementor-section elementor-top-section elementor-element elementor-element-c68c872 elementor-section-boxed elementor-section-height-default elementor-section-height-default\" data-id=\"c68c872\" data-element_type=\"section\" data-e-type=\"section\">\n\t\t\t\t\t\t<div class=\"elementor-container elementor-column-gap-no\">\n\t\t\t\t\t<div class=\"elementor-column elementor-col-100 elementor-top-column elementor-element elementor-element-ee9c8b6\" data-id=\"ee9c8b6\" data-element_type=\"column\" data-e-type=\"column\">\n\t\t\t<div class=\"elementor-widget-wrap elementor-element-populated\">\n\t\t\t\t\t\t<div class=\"elementor-element elementor-element-f62b07b elementor-widget elementor-widget-heading\" data-id=\"f62b07b\" data-element_type=\"widget\" data-e-type=\"widget\" data-widget_type=\"heading.default\">\n\t\t\t\t<div class=\"elementor-widget-container\">\n\t\t\t\t\t<h2 class=\"elementor-heading-title elementor-size-default\">Buy 2-MMC Powder Online | High-Purity Research Chemicals from Chemagora<\/h2>\t\t\t\t<\/div>\n\t\t\t\t<\/div>\n\t\t\t\t<div class=\"elementor-element elementor-element-4f71eaa elementor-widget elementor-widget-text-editor\" data-id=\"4f71eaa\" data-element_type=\"widget\" data-e-type=\"widget\" data-widget_type=\"text-editor.default\">\n\t\t\t\t<div class=\"elementor-widget-container\">\n\t\t\t\t\t\t\t\t\t<p>Are you searching for high-quality <strong>2-MMC Polvo<\/strong> to advance your research? At <a href=\"http:\/\/shop\" data-wplink-url-error=\"true\">Quimagora<\/a>, we specialize in providing researchers and laboratories across Europe\u2014including Germany, France, Italy, Spain, and the Netherlands\u2014with premium-grade compounds. With a focus on quality and reliable delivery, Chemagora ensures your<a href=\"http:\/\/pure-3mmc.com\" target=\"_blank\" rel=\"noopener\"> research<\/a> is supported by the best.<\/p>\t\t\t\t\t\t\t\t<\/div>\n\t\t\t\t<\/div>\n\t\t\t\t<div class=\"elementor-element elementor-element-85bd527 elementor-widget elementor-widget-heading\" data-id=\"85bd527\" data-element_type=\"widget\" data-e-type=\"widget\" data-widget_type=\"heading.default\">\n\t\t\t\t<div class=\"elementor-widget-container\">\n\t\t\t\t\t<h2 class=\"elementor-heading-title elementor-size-default\">\u00bfQu\u00e9 es 2-MMC?<\/h2>\t\t\t\t<\/div>\n\t\t\t\t<\/div>\n\t\t\t\t<div class=\"elementor-element elementor-element-ecc6da4 elementor-widget elementor-widget-text-editor\" data-id=\"ecc6da4\" data-element_type=\"widget\" data-e-type=\"widget\" data-widget_type=\"text-editor.default\">\n\t\t\t\t<div class=\"elementor-widget-container\">\n\t\t\t\t\t\t\t\t\t<p><strong>2-Metilmetcatinona (2-MMC)<\/strong> is a synthetic cathinone that belongs to a class of compounds widely studied for their unique chemical and pharmacological properties. Structurally, 2-MMC features a methyl group attached to the second position of the phenyl ring, distinguishing it from related compounds. Its fine powder form makes it an excellent choice for precise laboratory applications, ensuring consistent and reproducible results.<\/p>\t\t\t\t\t\t\t\t<\/div>\n\t\t\t\t<\/div>\n\t\t\t\t\t<\/div>\n\t\t<\/div>\n\t\t\t\t\t<\/div>\n\t\t<\/section>\n\t\t\t\t<section class=\"elementor-section elementor-top-section elementor-element elementor-element-2e63586 elementor-section-boxed elementor-section-height-default elementor-section-height-default\" data-id=\"2e63586\" data-element_type=\"section\" data-e-type=\"section\" data-settings=\"{&quot;background_background&quot;:&quot;classic&quot;}\">\n\t\t\t\t\t\t<div class=\"elementor-container elementor-column-gap-no\">\n\t\t\t\t\t<div class=\"elementor-column elementor-col-33 elementor-top-column elementor-element elementor-element-c14ad23\" data-id=\"c14ad23\" data-element_type=\"column\" data-e-type=\"column\">\n\t\t\t<div class=\"elementor-widget-wrap elementor-element-populated\">\n\t\t\t\t\t\t<div class=\"elementor-element elementor-element-4845714 elementor-widget elementor-widget-heading\" data-id=\"4845714\" data-element_type=\"widget\" data-e-type=\"widget\" data-widget_type=\"heading.default\">\n\t\t\t\t<div class=\"elementor-widget-container\">\n\t\t\t\t\t<h2 class=\"elementor-heading-title elementor-size-default\">Informaci\u00f3n qu\u00edmica<\/h2>\t\t\t\t<\/div>\n\t\t\t\t<\/div>\n\t\t\t\t<div class=\"elementor-element elementor-element-b319b67 elementor-widget elementor-widget-text-editor\" data-id=\"b319b67\" data-element_type=\"widget\" data-e-type=\"widget\" data-widget_type=\"text-editor.default\">\n\t\t\t\t<div class=\"elementor-widget-container\">\n\t\t\t\t\t\t\t\t\t<ul><li><strong>Nombre qu\u00edmico:<\/strong> 2-Metilmetcatinona<\/li><li><strong>N\u00famero CAS:<\/strong> 1246911-71-6<\/li><li><strong>F\u00f3rmula molecular:<\/strong> C11H15NO<\/li><li><strong>Masa molar:<\/strong> 177,24 g\/mol<\/li><li><strong>Nombre IUPAC:<\/strong> 1-(2-Metilfenil)-2-(metilamino)propan-1-ona<\/li><\/ul>\t\t\t\t\t\t\t\t<\/div>\n\t\t\t\t<\/div>\n\t\t\t\t\t<\/div>\n\t\t<\/div>\n\t\t\t\t<div class=\"elementor-column elementor-col-33 elementor-top-column elementor-element elementor-element-5bbb7f4\" data-id=\"5bbb7f4\" data-element_type=\"column\" data-e-type=\"column\">\n\t\t\t<div class=\"elementor-widget-wrap elementor-element-populated\">\n\t\t\t\t\t\t<div class=\"elementor-element elementor-element-dddb5a6 elementor-widget elementor-widget-heading\" data-id=\"dddb5a6\" data-element_type=\"widget\" data-e-type=\"widget\" data-widget_type=\"heading.default\">\n\t\t\t\t<div class=\"elementor-widget-container\">\n\t\t\t\t\t<h2 class=\"elementor-heading-title elementor-size-default\">Propiedades f\u00edsicas y qu\u00edmicas<\/h2>\t\t\t\t<\/div>\n\t\t\t\t<\/div>\n\t\t\t\t<div class=\"elementor-element elementor-element-c943e49 elementor-widget elementor-widget-text-editor\" data-id=\"c943e49\" data-element_type=\"widget\" data-e-type=\"widget\" data-widget_type=\"text-editor.default\">\n\t\t\t\t<div class=\"elementor-widget-container\">\n\t\t\t\t\t\t\t\t\t<ul><li><strong>Forma:<\/strong> White powder<\/li><li><strong>Pureza:<\/strong> \u226599% (verificado en laboratorio)<\/li><li><strong>Punto de fusi\u00f3n:<\/strong> ~170\u2013175 \u00b0C<\/li><li><strong>Solubilidad:<\/strong> F\u00e1cilmente soluble en agua, etanol y metanol.<\/li><li><strong>Estabilidad:<\/strong> Estable en condiciones adecuadas de almacenamiento.<\/li><\/ul>\t\t\t\t\t\t\t\t<\/div>\n\t\t\t\t<\/div>\n\t\t\t\t\t<\/div>\n\t\t<\/div>\n\t\t\t\t<div class=\"elementor-column elementor-col-33 elementor-top-column elementor-element elementor-element-9aa20f1\" data-id=\"9aa20f1\" data-element_type=\"column\" data-e-type=\"column\">\n\t\t\t<div class=\"elementor-widget-wrap elementor-element-populated\">\n\t\t\t\t\t\t<div class=\"elementor-element elementor-element-951aef8 elementor-widget elementor-widget-heading\" data-id=\"951aef8\" data-element_type=\"widget\" data-e-type=\"widget\" data-widget_type=\"heading.default\">\n\t\t\t\t<div class=\"elementor-widget-container\">\n\t\t\t\t\t<h2 class=\"elementor-heading-title elementor-size-default\">Datos anal\u00edticos<\/h2>\t\t\t\t<\/div>\n\t\t\t\t<\/div>\n\t\t\t\t<div class=\"elementor-element elementor-element-725bb6f elementor-widget elementor-widget-text-editor\" data-id=\"725bb6f\" data-element_type=\"widget\" data-e-type=\"widget\" data-widget_type=\"text-editor.default\">\n\t\t\t\t<div class=\"elementor-widget-container\">\n\t\t\t\t\t\t\t\t\t<ul><li><strong>RMN (Resonancia magn\u00e9tica nuclear):<\/strong> Confirma la estructura y consistencia molecular.<\/li><li><strong>MS (Espectrometr\u00eda de masas):<\/strong> Coincide con el peso molecular de 177,24 g\/mol.<\/li><li><strong>FTIR (Espectroscopia infrarroja por transformada de Fourier):<\/strong> Matches reference spectra for <a href=\"https:\/\/chemagora.eu\/es\/product\/2-mmc-crystal\/\" data-wpil-monitor-id=\"27\">2-MMC<\/a><\/li><\/ul>\t\t\t\t\t\t\t\t<\/div>\n\t\t\t\t<\/div>\n\t\t\t\t\t<\/div>\n\t\t<\/div>\n\t\t\t\t\t<\/div>\n\t\t<\/section>\n\t\t\t\t<section class=\"elementor-section elementor-top-section elementor-element elementor-element-a16eaeb elementor-section-boxed elementor-section-height-default elementor-section-height-default\" data-id=\"a16eaeb\" data-element_type=\"section\" data-e-type=\"section\">\n\t\t\t\t\t\t<div class=\"elementor-container elementor-column-gap-no\">\n\t\t\t\t\t<div class=\"elementor-column elementor-col-100 elementor-top-column elementor-element elementor-element-c51cd1d\" data-id=\"c51cd1d\" data-element_type=\"column\" data-e-type=\"column\">\n\t\t\t<div class=\"elementor-widget-wrap elementor-element-populated\">\n\t\t\t\t\t\t<div class=\"elementor-element elementor-element-486c405 elementor-widget elementor-widget-heading\" data-id=\"486c405\" data-element_type=\"widget\" data-e-type=\"widget\" data-widget_type=\"heading.default\">\n\t\t\t\t<div class=\"elementor-widget-container\">\n\t\t\t\t\t<h2 class=\"elementor-heading-title elementor-size-default\">Why Choose Chemagora for Your 2-MMC Powder?<\/h2>\t\t\t\t<\/div>\n\t\t\t\t<\/div>\n\t\t\t\t<div class=\"elementor-element elementor-element-4042619 elementor-widget elementor-widget-text-editor\" data-id=\"4042619\" data-element_type=\"widget\" data-e-type=\"widget\" data-widget_type=\"text-editor.default\">\n\t\t\t\t<div class=\"elementor-widget-container\">\n\t\t\t\t\t\t\t\t\t<ul><li><h4><strong>1. Lab-Tested Purity<\/strong><\/h4><p>Nuestro <strong>2-MMC Polvo<\/strong> is thoroughly tested to ensure <strong>\u226599% pureza<\/strong>, offering researchers a high-quality product free of contaminants.<\/p><h4><strong>2. Fine Powder Form for Precision<\/strong><\/h4><p>The fine powder form allows for easy handling, accurate measurement, and consistent application, making it ideal for complex laboratory procedures.<\/p><h4><strong>3. Trusted by Researchers Across Europe<\/strong><\/h4><p>From Paris to Madrid, Amsterdam to Berlin, Chemagora is the preferred supplier for research institutions and professionals across Europe.<\/p><h4><strong>4. Env\u00edo seguro y r\u00e1pido<\/strong><\/h4><p>We prioritize prompt and secure delivery. All orders are processed quickly, shipped in discreet packaging, and tracked to ensure they arrive safely and on time.<\/p><h4><strong>5. Atenci\u00f3n al cliente especializada<\/strong><\/h4><p>Our experienced team is available to answer your questions and assist you throughout the purchasing process. We are here to ensure your experience with Chemagora is seamless and satisfying.<\/p><\/li><\/ul>\t\t\t\t\t\t\t\t<\/div>\n\t\t\t\t<\/div>\n\t\t\t\t<div class=\"elementor-element elementor-element-99bf632 elementor-widget elementor-widget-heading\" data-id=\"99bf632\" data-element_type=\"widget\" data-e-type=\"widget\" data-widget_type=\"heading.default\">\n\t\t\t\t<div class=\"elementor-widget-container\">\n\t\t\t\t\t<h2 class=\"elementor-heading-title elementor-size-default\">Cumplimiento legal<\/h2>\t\t\t\t<\/div>\n\t\t\t\t<\/div>\n\t\t\t\t<div class=\"elementor-element elementor-element-c54fea3 elementor-widget elementor-widget-text-editor\" data-id=\"c54fea3\" data-element_type=\"widget\" data-e-type=\"widget\" data-widget_type=\"text-editor.default\">\n\t\t\t\t<div class=\"elementor-widget-container\">\n\t\t\t\t\t\t\t\t\t<p>El estatus legal de <strong>2-MMC Polvo<\/strong> may differ across countries. It is the purchaser\u2019s responsibility to ensure compliance with all local laws and regulations before ordering or using this product.<\/p>\t\t\t\t\t\t\t\t<\/div>\n\t\t\t\t<\/div>\n\t\t\t\t<div class=\"elementor-element elementor-element-617e0c7 elementor-alert-info elementor-widget elementor-widget-alert\" data-id=\"617e0c7\" data-element_type=\"widget\" data-e-type=\"widget\" data-widget_type=\"alert.default\">\n\t\t\t\t<div class=\"elementor-widget-container\">\n\t\t\t\t\t\t\t<div class=\"elementor-alert\" role=\"alert\">\n\n\t\t\t\t\t\t<span class=\"elementor-alert-title\">Descargo de responsabilidad<\/span>\n\t\t\t\n\t\t\t\t\t\t<span class=\"elementor-alert-description\">Este producto est\u00e1 destinado exclusivamente a fines de investigaci\u00f3n y an\u00e1lisis. No est\u00e1 destinado al consumo humano ni animal bajo ninguna circunstancia.<\/span>\n\t\t\t\n\t\t\t\t\t\t<button type=\"button\" class=\"elementor-alert-dismiss\" aria-label=\"Descartar esta alerta.\">\n\t\t\t\t\t\t\t\t\t<span aria-hidden=\"true\">\u00d7<\/span>\n\t\t\t\t\t\t\t<\/button>\n\t\t\t\n\t\t<\/div>\n\t\t\t\t\t\t<\/div>\n\t\t\t\t<\/div>\n\t\t\t\t<div class=\"elementor-element elementor-element-a5114a0 elementor-widget elementor-widget-heading\" data-id=\"a5114a0\" data-element_type=\"widget\" data-e-type=\"widget\" data-widget_type=\"heading.default\">\n\t\t\t\t<div class=\"elementor-widget-container\">\n\t\t\t\t\t<h2 class=\"elementor-heading-title elementor-size-default\">Order Your 2-MMC Powder Today<\/h2>\t\t\t\t<\/div>\n\t\t\t\t<\/div>\n\t\t\t\t<div class=\"elementor-element elementor-element-12a441a elementor-widget elementor-widget-text-editor\" data-id=\"12a441a\" data-element_type=\"widget\" data-e-type=\"widget\" data-widget_type=\"text-editor.default\">\n\t\t\t\t<div class=\"elementor-widget-container\">\n\t\t\t\t\t\t\t\t\t<p>Transform your <a href=\"https:\/\/chemagora.eu\/es\/product\/2-cmc-de-cristal\/\" data-wpil-monitor-id=\"28\">Investigaci\u00f3n con Chemagora <strong>high-purity 2-MMC Powder<\/strong><\/a>. Backed by exceptional quality, secure delivery, and outstanding customer support, we are Europe\u2019s leading supplier of <a href=\"https:\/\/chemagora.eu\/es\/product\/3-mmc-powder\/\" data-wpil-monitor-id=\"24\">productos qu\u00edmicos de investigaci\u00f3n<\/a>.<\/p>\t\t\t\t\t\t\t\t<\/div>\n\t\t\t\t<\/div>\n\t\t\t\t\t<\/div>\n\t\t<\/div>\n\t\t\t\t\t<\/div>\n\t\t<\/section>\n\t\t\t\t<\/div>","protected":false},"excerpt":{"rendered":"<p>Producto qu\u00edmico de investigaci\u00f3n probado con precisi\u00f3n, compatible, confiable y entregado con precisi\u00f3n y cuidado.<\/p>","protected":false},"featured_media":1813,"comment_status":"open","ping_status":"closed","template":"","meta":{"inline_featured_image":false},"etheme_brands":[],"product_brand":[],"product_cat":[36],"product_tag":[],"class_list":{"0":"post-586","1":"product","2":"type-product","3":"status-publish","4":"has-post-thumbnail","6":"product_cat-2-mmc","8":"first","9":"instock","10":"shipping-taxable","11":"purchasable","12":"product-type-variable"},"_links":{"self":[{"href":"https:\/\/chemagora.eu\/es\/wp-json\/wp\/v2\/product\/586","targetHints":{"allow":["GET"]}}],"collection":[{"href":"https:\/\/chemagora.eu\/es\/wp-json\/wp\/v2\/product"}],"about":[{"href":"https:\/\/chemagora.eu\/es\/wp-json\/wp\/v2\/types\/product"}],"replies":[{"embeddable":true,"href":"https:\/\/chemagora.eu\/es\/wp-json\/wp\/v2\/comments?post=586"}],"version-history":[{"count":0,"href":"https:\/\/chemagora.eu\/es\/wp-json\/wp\/v2\/product\/586\/revisions"}],"wp:featuredmedia":[{"embeddable":true,"href":"https:\/\/chemagora.eu\/es\/wp-json\/wp\/v2\/media\/1813"}],"wp:attachment":[{"href":"https:\/\/chemagora.eu\/es\/wp-json\/wp\/v2\/media?parent=586"}],"wp:term":[{"taxonomy":"brand","embeddable":true,"href":"https:\/\/chemagora.eu\/es\/wp-json\/wp\/v2\/etheme_brands?post=586"},{"taxonomy":"product_brand","embeddable":true,"href":"https:\/\/chemagora.eu\/es\/wp-json\/wp\/v2\/product_brand?post=586"},{"taxonomy":"product_cat","embeddable":true,"href":"https:\/\/chemagora.eu\/es\/wp-json\/wp\/v2\/product_cat?post=586"},{"taxonomy":"product_tag","embeddable":true,"href":"https:\/\/chemagora.eu\/es\/wp-json\/wp\/v2\/product_tag?post=586"}],"curies":[{"name":"wp","href":"https:\/\/api.w.org\/{rel}","templated":true}]}}