{"id":598,"date":"2022-10-06T12:32:43","date_gmt":"2022-10-06T12:32:43","guid":{"rendered":"https:\/\/xstore.8theme.com\/elementor\/demos\/hemp-and-cbd\/?post_type=product&#038;p=598"},"modified":"2025-01-24T05:14:58","modified_gmt":"2025-01-24T05:14:58","slug":"2-cmc-de-cristal","status":"publish","type":"product","link":"https:\/\/chemagora.eu\/es\/product\/2-cmc-de-cristal\/","title":{"rendered":"Cristal 2-CMC"},"content":{"rendered":"<div data-elementor-type=\"wp-post\" data-elementor-id=\"598\" class=\"elementor elementor-598\" data-elementor-post-type=\"product\">\n\t\t\t\t\t\t<section class=\"elementor-section elementor-top-section elementor-element elementor-element-6f7bc5b elementor-section-boxed elementor-section-height-default elementor-section-height-default\" data-id=\"6f7bc5b\" data-element_type=\"section\" data-e-type=\"section\">\n\t\t\t\t\t\t<div class=\"elementor-container elementor-column-gap-no\">\n\t\t\t\t\t<div class=\"elementor-column elementor-col-100 elementor-top-column elementor-element elementor-element-fddcb13\" data-id=\"fddcb13\" data-element_type=\"column\" data-e-type=\"column\">\n\t\t\t<div class=\"elementor-widget-wrap elementor-element-populated\">\n\t\t\t\t\t\t<div class=\"elementor-element elementor-element-d414948 elementor-widget elementor-widget-heading\" data-id=\"d414948\" data-element_type=\"widget\" data-e-type=\"widget\" data-widget_type=\"heading.default\">\n\t\t\t\t<div class=\"elementor-widget-container\">\n\t\t\t\t\t<h2 class=\"elementor-heading-title elementor-size-default\">Compre cristales de 2-CMC en l\u00ednea | Productos qu\u00edmicos de investigaci\u00f3n de alta pureza de Chemagora<\/h2>\t\t\t\t<\/div>\n\t\t\t\t<\/div>\n\t\t\t\t<div class=\"elementor-element elementor-element-b6bfd13 elementor-widget elementor-widget-text-editor\" data-id=\"b6bfd13\" data-element_type=\"widget\" data-e-type=\"widget\" data-widget_type=\"text-editor.default\">\n\t\t\t\t<div class=\"elementor-widget-container\">\n\t\t\t\t\t\t\t\t\t<p>\u00bfEst\u00e1s buscando productos de primera calidad? <strong>Cristales de 2-CMC<\/strong> \u00bfPara su investigaci\u00f3n de laboratorio? <a href=\"http:\/\/shop\" data-wplink-url-error=\"true\">Quimagora<\/a>Nos comprometemos a suministrar productos qu\u00edmicos de investigaci\u00f3n de alta pureza a cient\u00edficos de toda Europa. Ya sea que se encuentre en Alemania, Francia, Italia, Espa\u00f1a o los Pa\u00edses Bajos, nuestra misi\u00f3n es proporcionar compuestos de alta calidad respaldados por un servicio confiable y una entrega r\u00e1pida.<\/p>\t\t\t\t\t\t\t\t<\/div>\n\t\t\t\t<\/div>\n\t\t\t\t<div class=\"elementor-element elementor-element-f938753 elementor-widget elementor-widget-heading\" data-id=\"f938753\" data-element_type=\"widget\" data-e-type=\"widget\" data-widget_type=\"heading.default\">\n\t\t\t\t<div class=\"elementor-widget-container\">\n\t\t\t\t\t<h2 class=\"elementor-heading-title elementor-size-default\">\u00bfQu\u00e9 es 2-CMC?<\/h2>\t\t\t\t<\/div>\n\t\t\t\t<\/div>\n\t\t\t\t<div class=\"elementor-element elementor-element-b927d1e elementor-widget elementor-widget-text-editor\" data-id=\"b927d1e\" data-element_type=\"widget\" data-e-type=\"widget\" data-widget_type=\"text-editor.default\">\n\t\t\t\t<div class=\"elementor-widget-container\">\n\t\t\t\t\t\t\t\t\t<p><strong>2-Clorometcatinona (2-CMC)<\/strong> es una catinona sint\u00e9tica conocida por sus propiedades qu\u00edmicas \u00fanicas. Este compuesto es un an\u00e1logo de <a href=\"https:\/\/chemagora.eu\/es\/product\/3-cmc-powder\/\"  data-wpil-monitor-id=\"3\">3-CMC<\/a>, con el \u00e1tomo de cloro ubicado en el segundo carbono del anillo de fenilo. Estas diferencias estructurales le dan al 2-CMC sus caracter\u00edsticas distintivas, lo que lo convierte en un tema popular en la qu\u00edmica avanzada. <a href=\"https:\/\/chemagora.eu\/es\/product\/polvo-de-4-mmc\/\"  data-wpil-monitor-id=\"4\">Investigaci\u00f3n qu\u00edmica y farmacol\u00f3gica<\/a>.<\/p><p>Nuestro <strong>Cristales de 2-CMC<\/strong> Ofrecen una pureza y confiabilidad excepcionales, garantizando resultados precisos y consistentes para diversas aplicaciones de laboratorio.<\/p>\t\t\t\t\t\t\t\t<\/div>\n\t\t\t\t<\/div>\n\t\t\t\t\t<\/div>\n\t\t<\/div>\n\t\t\t\t\t<\/div>\n\t\t<\/section>\n\t\t\t\t<section class=\"elementor-section elementor-top-section elementor-element elementor-element-220ea46 elementor-section-boxed elementor-section-height-default elementor-section-height-default\" data-id=\"220ea46\" data-element_type=\"section\" data-e-type=\"section\" data-settings=\"{&quot;background_background&quot;:&quot;classic&quot;}\">\n\t\t\t\t\t\t<div class=\"elementor-container elementor-column-gap-no\">\n\t\t\t\t\t<div class=\"elementor-column elementor-col-33 elementor-top-column elementor-element elementor-element-26ef395\" data-id=\"26ef395\" data-element_type=\"column\" data-e-type=\"column\">\n\t\t\t<div class=\"elementor-widget-wrap elementor-element-populated\">\n\t\t\t\t\t\t<div class=\"elementor-element elementor-element-6ba38cd elementor-widget elementor-widget-heading\" data-id=\"6ba38cd\" data-element_type=\"widget\" data-e-type=\"widget\" data-widget_type=\"heading.default\">\n\t\t\t\t<div class=\"elementor-widget-container\">\n\t\t\t\t\t<h2 class=\"elementor-heading-title elementor-size-default\">Informaci\u00f3n qu\u00edmica<\/h2>\t\t\t\t<\/div>\n\t\t\t\t<\/div>\n\t\t\t\t<div class=\"elementor-element elementor-element-5d94342 elementor-widget elementor-widget-text-editor\" data-id=\"5d94342\" data-element_type=\"widget\" data-e-type=\"widget\" data-widget_type=\"text-editor.default\">\n\t\t\t\t<div class=\"elementor-widget-container\">\n\t\t\t\t\t\t\t\t\t<ul><li><strong>Nombre qu\u00edmico:<\/strong> 2-Clorometcatinona<\/li><li><strong>N\u00famero CAS:<\/strong> 692720-34-6<\/li><li><strong>F\u00f3rmula molecular:<\/strong> C10H12ClNO<\/li><li><strong>Masa molar:<\/strong> 197,66 g\/mol<\/li><li><strong>Nombre IUPAC:<\/strong> 1-(2-clorofenil)-2-(metilamino)propan-1-ona<\/li><\/ul>\t\t\t\t\t\t\t\t<\/div>\n\t\t\t\t<\/div>\n\t\t\t\t\t<\/div>\n\t\t<\/div>\n\t\t\t\t<div class=\"elementor-column elementor-col-33 elementor-top-column elementor-element elementor-element-b882ad1\" data-id=\"b882ad1\" data-element_type=\"column\" data-e-type=\"column\">\n\t\t\t<div class=\"elementor-widget-wrap elementor-element-populated\">\n\t\t\t\t\t\t<div class=\"elementor-element elementor-element-37d9f1a elementor-widget elementor-widget-heading\" data-id=\"37d9f1a\" data-element_type=\"widget\" data-e-type=\"widget\" data-widget_type=\"heading.default\">\n\t\t\t\t<div class=\"elementor-widget-container\">\n\t\t\t\t\t<h2 class=\"elementor-heading-title elementor-size-default\">Propiedades f\u00edsicas y qu\u00edmicas<\/h2>\t\t\t\t<\/div>\n\t\t\t\t<\/div>\n\t\t\t\t<div class=\"elementor-element elementor-element-61c3f7d elementor-widget elementor-widget-text-editor\" data-id=\"61c3f7d\" data-element_type=\"widget\" data-e-type=\"widget\" data-widget_type=\"text-editor.default\">\n\t\t\t\t<div class=\"elementor-widget-container\">\n\t\t\t\t\t\t\t\t\t<ul><li><strong>Forma:<\/strong> Polvo cristalino blanco<\/li><li><strong>Pureza:<\/strong> \u226599% (verificado en pruebas de laboratorio)<\/li><li><strong>Punto de fusi\u00f3n:<\/strong> ~178\u2013179 \u00b0C<\/li><li><strong>Solubilidad:<\/strong> Soluble en agua, etanol y metanol.<\/li><li><strong>Estabilidad:<\/strong> Estable cuando se almacena en las condiciones recomendadas.<\/li><\/ul>\t\t\t\t\t\t\t\t<\/div>\n\t\t\t\t<\/div>\n\t\t\t\t\t<\/div>\n\t\t<\/div>\n\t\t\t\t<div class=\"elementor-column elementor-col-33 elementor-top-column elementor-element elementor-element-58ce3e1\" data-id=\"58ce3e1\" data-element_type=\"column\" data-e-type=\"column\">\n\t\t\t<div class=\"elementor-widget-wrap elementor-element-populated\">\n\t\t\t\t\t\t<div class=\"elementor-element elementor-element-a203f93 elementor-widget elementor-widget-heading\" data-id=\"a203f93\" data-element_type=\"widget\" data-e-type=\"widget\" data-widget_type=\"heading.default\">\n\t\t\t\t<div class=\"elementor-widget-container\">\n\t\t\t\t\t<h2 class=\"elementor-heading-title elementor-size-default\">Datos anal\u00edticos<\/h2>\t\t\t\t<\/div>\n\t\t\t\t<\/div>\n\t\t\t\t<div class=\"elementor-element elementor-element-6d70632 elementor-widget elementor-widget-text-editor\" data-id=\"6d70632\" data-element_type=\"widget\" data-e-type=\"widget\" data-widget_type=\"text-editor.default\">\n\t\t\t\t<div class=\"elementor-widget-container\">\n\t\t\t\t\t\t\t\t\t<ul><li><strong>RMN (Resonancia magn\u00e9tica nuclear):<\/strong> Confirma la consistencia estructural<\/li><li><strong>MS (Espectrometr\u00eda de masas):<\/strong> Valida peso molecular de 197,66 g\/mol<\/li><li><strong>FTIR (Espectroscopia infrarroja por transformada de Fourier):<\/strong> Coincide con los espectros de referencia para 2-CMC<\/li><\/ul>\t\t\t\t\t\t\t\t<\/div>\n\t\t\t\t<\/div>\n\t\t\t\t\t<\/div>\n\t\t<\/div>\n\t\t\t\t\t<\/div>\n\t\t<\/section>\n\t\t\t\t<section class=\"elementor-section elementor-top-section elementor-element elementor-element-aa05e61 elementor-section-boxed elementor-section-height-default elementor-section-height-default\" data-id=\"aa05e61\" data-element_type=\"section\" data-e-type=\"section\">\n\t\t\t\t\t\t<div class=\"elementor-container elementor-column-gap-no\">\n\t\t\t\t\t<div class=\"elementor-column elementor-col-100 elementor-top-column elementor-element elementor-element-d5bd316\" data-id=\"d5bd316\" data-element_type=\"column\" data-e-type=\"column\">\n\t\t\t<div class=\"elementor-widget-wrap elementor-element-populated\">\n\t\t\t\t\t\t<div class=\"elementor-element elementor-element-c2bb597 elementor-widget elementor-widget-heading\" data-id=\"c2bb597\" data-element_type=\"widget\" data-e-type=\"widget\" data-widget_type=\"heading.default\">\n\t\t\t\t<div class=\"elementor-widget-container\">\n\t\t\t\t\t<h2 class=\"elementor-heading-title elementor-size-default\">\u00bfPor qu\u00e9 elegir Chemagora para los cristales 2-CMC?<\/h2>\t\t\t\t<\/div>\n\t\t\t\t<\/div>\n\t\t\t\t<div class=\"elementor-element elementor-element-542fdc8 elementor-widget elementor-widget-text-editor\" data-id=\"542fdc8\" data-element_type=\"widget\" data-e-type=\"widget\" data-widget_type=\"text-editor.default\">\n\t\t\t\t<div class=\"elementor-widget-container\">\n\t\t\t\t\t\t\t\t\t<ul><li><h4><strong>1. Pureza incomparable<\/strong><\/h4><p>Nuestro <strong>Cristales de 2-CMC<\/strong> Est\u00e1n probados en laboratorio para garantizar <strong>\u226599% pureza<\/strong>, asegurando un producto limpio y confiable, libre de impurezas.<\/p><h4><strong>2. Forma cristalina para precisi\u00f3n<\/strong><\/h4><p>La estructura cristalina blanca del 2-CMC garantiza mediciones precisas y una aplicaci\u00f3n suave, lo que lo hace ideal para experimentos de laboratorio meticulosos.<\/p><h4><strong>3. Proveedor de confianza en toda Europa<\/strong><\/h4><p>De Par\u00eds a \u00c1msterdam, de Berl\u00edn a Roma, Chemagora es un nombre de confianza entre los investigadores europeos. Nuestra reputaci\u00f3n de ofrecer productos qu\u00edmicos de primera calidad con un servicio excepcional nos distingue.<\/p><h4><strong>4. Env\u00edo seguro y discreto<\/strong><\/h4><p>Todos los pedidos se procesan r\u00e1pidamente y se env\u00edan en un embalaje discreto y a prueba de manipulaciones para garantizar que su producto llegue de forma segura y a tiempo.<\/p><h4><strong>5. Atenci\u00f3n al cliente excepcional<\/strong><\/h4><p>Nuestro equipo de soporte especializado est\u00e1 aqu\u00ed para guiarlo en su compra, responder consultas sobre productos y abordar cualquier inquietud que pueda tener. Estamos con usted en cada paso del proceso.<\/p><\/li><\/ul>\t\t\t\t\t\t\t\t<\/div>\n\t\t\t\t<\/div>\n\t\t\t\t<div class=\"elementor-element elementor-element-0fc0d33 elementor-widget elementor-widget-heading\" data-id=\"0fc0d33\" data-element_type=\"widget\" data-e-type=\"widget\" data-widget_type=\"heading.default\">\n\t\t\t\t<div class=\"elementor-widget-container\">\n\t\t\t\t\t<h2 class=\"elementor-heading-title elementor-size-default\">Cumplimiento legal<\/h2>\t\t\t\t<\/div>\n\t\t\t\t<\/div>\n\t\t\t\t<div class=\"elementor-element elementor-element-05f3cab elementor-widget elementor-widget-text-editor\" data-id=\"05f3cab\" data-element_type=\"widget\" data-e-type=\"widget\" data-widget_type=\"text-editor.default\">\n\t\t\t\t<div class=\"elementor-widget-container\">\n\t\t\t\t\t\t\t\t\t<p>El estatus legal de <strong>Cristales de 2-CMC<\/strong> Var\u00eda seg\u00fan la regi\u00f3n. Es responsabilidad del comprador garantizar el cumplimiento de las leyes locales antes de comprar o usar este producto.<\/p>\t\t\t\t\t\t\t\t<\/div>\n\t\t\t\t<\/div>\n\t\t\t\t<div class=\"elementor-element elementor-element-9032f53 elementor-alert-info elementor-widget elementor-widget-alert\" data-id=\"9032f53\" data-element_type=\"widget\" data-e-type=\"widget\" data-widget_type=\"alert.default\">\n\t\t\t\t<div class=\"elementor-widget-container\">\n\t\t\t\t\t\t\t<div class=\"elementor-alert\" role=\"alert\">\n\n\t\t\t\t\t\t<span class=\"elementor-alert-title\">Descargo de responsabilidad<\/span>\n\t\t\t\n\t\t\t\t\t\t<span class=\"elementor-alert-description\">Este producto est\u00e1 destinado exclusivamente a fines de investigaci\u00f3n y an\u00e1lisis. No est\u00e1 destinado al consumo humano ni animal bajo ninguna circunstancia.<\/span>\n\t\t\t\n\t\t\t\t\t\t<button type=\"button\" class=\"elementor-alert-dismiss\" aria-label=\"Descartar esta alerta.\">\n\t\t\t\t\t\t\t\t\t<span aria-hidden=\"true\">\u00d7<\/span>\n\t\t\t\t\t\t\t<\/button>\n\t\t\t\n\t\t<\/div>\n\t\t\t\t\t\t<\/div>\n\t\t\t\t<\/div>\n\t\t\t\t<div class=\"elementor-element elementor-element-5e25f99 elementor-widget elementor-widget-heading\" data-id=\"5e25f99\" data-element_type=\"widget\" data-e-type=\"widget\" data-widget_type=\"heading.default\">\n\t\t\t\t<div class=\"elementor-widget-container\">\n\t\t\t\t\t<h2 class=\"elementor-heading-title elementor-size-default\">Pida hoy mismo sus cristales 2-CMC<\/h2>\t\t\t\t<\/div>\n\t\t\t\t<\/div>\n\t\t\t\t<div class=\"elementor-element elementor-element-cacf5e0 elementor-widget elementor-widget-text-editor\" data-id=\"cacf5e0\" data-element_type=\"widget\" data-e-type=\"widget\" data-widget_type=\"text-editor.default\">\n\t\t\t\t<div class=\"elementor-widget-container\">\n\t\t\t\t\t\t\t\t\t<p>Consiga resultados excepcionales con Chemagora <strong>Cristales 2-CMC de alta calidad<\/strong>Investigadores de toda Europa conf\u00edan en nuestros productos, que est\u00e1n dise\u00f1ados para respaldar sus estudios m\u00e1s exigentes. Disfrute de una entrega r\u00e1pida, calidad comprobada en laboratorio y un servicio incomparable haciendo su pedido hoy mismo.<\/p>\t\t\t\t\t\t\t\t<\/div>\n\t\t\t\t<\/div>\n\t\t\t\t\t<\/div>\n\t\t<\/div>\n\t\t\t\t\t<\/div>\n\t\t<\/section>\n\t\t\t\t<\/div>","protected":false},"excerpt":{"rendered":"<p>Producto qu\u00edmico de investigaci\u00f3n probado con precisi\u00f3n, compatible, confiable y entregado con precisi\u00f3n y cuidado.<\/p>","protected":false},"featured_media":1737,"comment_status":"open","ping_status":"closed","template":"","meta":{"inline_featured_image":false},"etheme_brands":[],"product_brand":[],"product_cat":[37],"product_tag":[59,60,61,48],"class_list":{"0":"post-598","1":"product","2":"type-product","3":"status-publish","4":"has-post-thumbnail","6":"product_cat-2-cmc","7":"product_tag-buy-2-cmc","8":"product_tag-buy-2-cmc-online","9":"product_tag-buy-2-cmc-powder","10":"product_tag-research-chemicals","12":"first","13":"instock","14":"shipping-taxable","15":"purchasable","16":"product-type-variable"},"_links":{"self":[{"href":"https:\/\/chemagora.eu\/es\/wp-json\/wp\/v2\/product\/598","targetHints":{"allow":["GET"]}}],"collection":[{"href":"https:\/\/chemagora.eu\/es\/wp-json\/wp\/v2\/product"}],"about":[{"href":"https:\/\/chemagora.eu\/es\/wp-json\/wp\/v2\/types\/product"}],"replies":[{"embeddable":true,"href":"https:\/\/chemagora.eu\/es\/wp-json\/wp\/v2\/comments?post=598"}],"version-history":[{"count":0,"href":"https:\/\/chemagora.eu\/es\/wp-json\/wp\/v2\/product\/598\/revisions"}],"wp:featuredmedia":[{"embeddable":true,"href":"https:\/\/chemagora.eu\/es\/wp-json\/wp\/v2\/media\/1737"}],"wp:attachment":[{"href":"https:\/\/chemagora.eu\/es\/wp-json\/wp\/v2\/media?parent=598"}],"wp:term":[{"taxonomy":"brand","embeddable":true,"href":"https:\/\/chemagora.eu\/es\/wp-json\/wp\/v2\/etheme_brands?post=598"},{"taxonomy":"product_brand","embeddable":true,"href":"https:\/\/chemagora.eu\/es\/wp-json\/wp\/v2\/product_brand?post=598"},{"taxonomy":"product_cat","embeddable":true,"href":"https:\/\/chemagora.eu\/es\/wp-json\/wp\/v2\/product_cat?post=598"},{"taxonomy":"product_tag","embeddable":true,"href":"https:\/\/chemagora.eu\/es\/wp-json\/wp\/v2\/product_tag?post=598"}],"curies":[{"name":"wp","href":"https:\/\/api.w.org\/{rel}","templated":true}]}}