{"id":606,"date":"2022-10-06T12:32:45","date_gmt":"2022-10-06T12:32:45","guid":{"rendered":"https:\/\/xstore.8theme.com\/elementor\/demos\/hemp-and-cbd\/?post_type=product&#038;p=606"},"modified":"2025-01-24T05:08:21","modified_gmt":"2025-01-24T05:08:21","slug":"cristal-de-3-cmc","status":"publish","type":"product","link":"https:\/\/chemagora.eu\/es\/product\/cristal-de-3-cmc\/","title":{"rendered":"Cristal 3-CMC"},"content":{"rendered":"<div data-elementor-type=\"wp-post\" data-elementor-id=\"606\" class=\"elementor elementor-606\" data-elementor-post-type=\"product\">\n\t\t\t\t\t\t<section class=\"elementor-section elementor-top-section elementor-element elementor-element-311c28f elementor-section-boxed elementor-section-height-default elementor-section-height-default\" data-id=\"311c28f\" data-element_type=\"section\" data-e-type=\"section\">\n\t\t\t\t\t\t<div class=\"elementor-container elementor-column-gap-no\">\n\t\t\t\t\t<div class=\"elementor-column elementor-col-100 elementor-top-column elementor-element elementor-element-b63e148\" data-id=\"b63e148\" data-element_type=\"column\" data-e-type=\"column\">\n\t\t\t<div class=\"elementor-widget-wrap elementor-element-populated\">\n\t\t\t\t\t\t<div class=\"elementor-element elementor-element-cd6f169 elementor-widget elementor-widget-heading\" data-id=\"cd6f169\" data-element_type=\"widget\" data-e-type=\"widget\" data-widget_type=\"heading.default\">\n\t\t\t\t<div class=\"elementor-widget-container\">\n\t\t\t\t\t<h2 class=\"elementor-heading-title elementor-size-default\">Compre cristales de 3-CMC en l\u00ednea | Productos qu\u00edmicos de investigaci\u00f3n de primera calidad de Chemagora<\/h2>\t\t\t\t<\/div>\n\t\t\t\t<\/div>\n\t\t\t\t<div class=\"elementor-element elementor-element-98c7c3c elementor-widget elementor-widget-text-editor\" data-id=\"98c7c3c\" data-element_type=\"widget\" data-e-type=\"widget\" data-widget_type=\"text-editor.default\">\n\t\t\t\t<div class=\"elementor-widget-container\">\n\t\t\t\t\t\t\t\t\t<p>Buscando lo mejor <strong>Cristales de 3-CMC<\/strong> \u00bfNecesita ayuda para su investigaci\u00f3n? En Chemagora, ofrecemos compuestos de primera calidad en los que conf\u00edan investigadores y laboratorios de toda Europa. Desde Alemania y Francia hasta Espa\u00f1a, Italia y los Pa\u00edses Bajos, nuestra misi\u00f3n es ofrecer productos qu\u00edmicos fiables y de alta pureza dise\u00f1ados para el avance cient\u00edfico.<\/p>\t\t\t\t\t\t\t\t<\/div>\n\t\t\t\t<\/div>\n\t\t\t\t<div class=\"elementor-element elementor-element-08c73ab elementor-widget elementor-widget-heading\" data-id=\"08c73ab\" data-element_type=\"widget\" data-e-type=\"widget\" data-widget_type=\"heading.default\">\n\t\t\t\t<div class=\"elementor-widget-container\">\n\t\t\t\t\t<h2 class=\"elementor-heading-title elementor-size-default\">\u00bfQu\u00e9 es 3-CMC?<\/h2>\t\t\t\t<\/div>\n\t\t\t\t<\/div>\n\t\t\t\t<div class=\"elementor-element elementor-element-dcabb09 elementor-widget elementor-widget-text-editor\" data-id=\"dcabb09\" data-element_type=\"widget\" data-e-type=\"widget\" data-widget_type=\"text-editor.default\">\n\t\t\t\t<div class=\"elementor-widget-container\">\n\t\t\t\t\t\t\t\t\t<p><strong>3-Clorometcatinona (3-CMC)<\/strong> es una catinona sint\u00e9tica ampliamente estudiada por sus propiedades qu\u00edmicas \u00fanicas. Estructuralmente relacionada con los derivados de la metcatinona, <a href=\"https:\/\/chemagora.eu\/es\/product\/3-cmc-powder\/\"  data-wpil-monitor-id=\"14\">El 3-CMC ha ganado reconocimiento en la investigaci\u00f3n<\/a> Por sus resultados consistentes y su facilidad de aplicaci\u00f3n. Su forma cristalina garantiza precisi\u00f3n en el trabajo de laboratorio, lo que lo convierte en una opci\u00f3n de referencia para los profesionales del sector.<\/p>\t\t\t\t\t\t\t\t<\/div>\n\t\t\t\t<\/div>\n\t\t\t\t\t<\/div>\n\t\t<\/div>\n\t\t\t\t\t<\/div>\n\t\t<\/section>\n\t\t\t\t<section class=\"elementor-section elementor-top-section elementor-element elementor-element-74c9c28 elementor-section-boxed elementor-section-height-default elementor-section-height-default\" data-id=\"74c9c28\" data-element_type=\"section\" data-e-type=\"section\" data-settings=\"{&quot;background_background&quot;:&quot;classic&quot;}\">\n\t\t\t\t\t\t<div class=\"elementor-container elementor-column-gap-no\">\n\t\t\t\t\t<div class=\"elementor-column elementor-col-33 elementor-top-column elementor-element elementor-element-56ff479\" data-id=\"56ff479\" data-element_type=\"column\" data-e-type=\"column\">\n\t\t\t<div class=\"elementor-widget-wrap elementor-element-populated\">\n\t\t\t\t\t\t<div class=\"elementor-element elementor-element-904b596 elementor-widget elementor-widget-heading\" data-id=\"904b596\" data-element_type=\"widget\" data-e-type=\"widget\" data-widget_type=\"heading.default\">\n\t\t\t\t<div class=\"elementor-widget-container\">\n\t\t\t\t\t<h2 class=\"elementor-heading-title elementor-size-default\">Informaci\u00f3n qu\u00edmica<\/h2>\t\t\t\t<\/div>\n\t\t\t\t<\/div>\n\t\t\t\t<div class=\"elementor-element elementor-element-7574a96 elementor-widget elementor-widget-text-editor\" data-id=\"7574a96\" data-element_type=\"widget\" data-e-type=\"widget\" data-widget_type=\"text-editor.default\">\n\t\t\t\t<div class=\"elementor-widget-container\">\n\t\t\t\t\t\t\t\t\t<ul><li><strong>Nombre qu\u00edmico:<\/strong> 3-Clorometcatinona<\/li><li><strong>N\u00famero CAS:<\/strong> 1049677-59-9<\/li><li><strong>F\u00f3rmula molecular:<\/strong> C10H12ClNO<\/li><li><strong>Masa molar:<\/strong> 197,66 g\/mol<\/li><li><strong>Nombre IUPAC:<\/strong> 1-(3-clorofenil)-2-(metilamino)-1-propanona<\/li><\/ul>\t\t\t\t\t\t\t\t<\/div>\n\t\t\t\t<\/div>\n\t\t\t\t\t<\/div>\n\t\t<\/div>\n\t\t\t\t<div class=\"elementor-column elementor-col-33 elementor-top-column elementor-element elementor-element-c4baae4\" data-id=\"c4baae4\" data-element_type=\"column\" data-e-type=\"column\">\n\t\t\t<div class=\"elementor-widget-wrap elementor-element-populated\">\n\t\t\t\t\t\t<div class=\"elementor-element elementor-element-e80f4eb elementor-widget elementor-widget-heading\" data-id=\"e80f4eb\" data-element_type=\"widget\" data-e-type=\"widget\" data-widget_type=\"heading.default\">\n\t\t\t\t<div class=\"elementor-widget-container\">\n\t\t\t\t\t<h2 class=\"elementor-heading-title elementor-size-default\">Propiedades f\u00edsicas y qu\u00edmicas<\/h2>\t\t\t\t<\/div>\n\t\t\t\t<\/div>\n\t\t\t\t<div class=\"elementor-element elementor-element-405bc6d elementor-widget elementor-widget-text-editor\" data-id=\"405bc6d\" data-element_type=\"widget\" data-e-type=\"widget\" data-widget_type=\"text-editor.default\">\n\t\t\t\t<div class=\"elementor-widget-container\">\n\t\t\t\t\t\t\t\t\t<ul><li><strong>Forma:<\/strong> Polvo cristalino blanco<\/li><li><strong>Pureza:<\/strong> \u226599% (probado en laboratorio)<\/li><li><strong>Punto de fusi\u00f3n:<\/strong> ~178\u2013179 \u00b0C<\/li><li><strong>Solubilidad:<\/strong> Soluble en agua, etanol y metanol.<\/li><li><strong>Estabilidad:<\/strong> Estable en condiciones adecuadas de almacenamiento.<\/li><\/ul>\t\t\t\t\t\t\t\t<\/div>\n\t\t\t\t<\/div>\n\t\t\t\t\t<\/div>\n\t\t<\/div>\n\t\t\t\t<div class=\"elementor-column elementor-col-33 elementor-top-column elementor-element elementor-element-6d5b118\" data-id=\"6d5b118\" data-element_type=\"column\" data-e-type=\"column\">\n\t\t\t<div class=\"elementor-widget-wrap elementor-element-populated\">\n\t\t\t\t\t\t<div class=\"elementor-element elementor-element-06aa6c5 elementor-widget elementor-widget-heading\" data-id=\"06aa6c5\" data-element_type=\"widget\" data-e-type=\"widget\" data-widget_type=\"heading.default\">\n\t\t\t\t<div class=\"elementor-widget-container\">\n\t\t\t\t\t<h2 class=\"elementor-heading-title elementor-size-default\">Datos anal\u00edticos<\/h2>\t\t\t\t<\/div>\n\t\t\t\t<\/div>\n\t\t\t\t<div class=\"elementor-element elementor-element-16e3ecf elementor-widget elementor-widget-text-editor\" data-id=\"16e3ecf\" data-element_type=\"widget\" data-e-type=\"widget\" data-widget_type=\"text-editor.default\">\n\t\t\t\t<div class=\"elementor-widget-container\">\n\t\t\t\t\t\t\t\t\t<ul><li><strong>RMN (Resonancia magn\u00e9tica nuclear):<\/strong> Confirma la estructura molecular.<\/li><li><strong>Espectrometr\u00eda de masas (MS):<\/strong> Valida peso molecular de 197,66 g\/mol.<\/li><li><strong>FTIR (Espectroscopia infrarroja por transformada de Fourier):<\/strong> Coincide con los espectros de referencia est\u00e1ndar para 3-CMC.<\/li><\/ul>\t\t\t\t\t\t\t\t<\/div>\n\t\t\t\t<\/div>\n\t\t\t\t\t<\/div>\n\t\t<\/div>\n\t\t\t\t\t<\/div>\n\t\t<\/section>\n\t\t\t\t<section class=\"elementor-section elementor-top-section elementor-element elementor-element-80fcea5 elementor-section-boxed elementor-section-height-default elementor-section-height-default\" data-id=\"80fcea5\" data-element_type=\"section\" data-e-type=\"section\">\n\t\t\t\t\t\t<div class=\"elementor-container elementor-column-gap-no\">\n\t\t\t\t\t<div class=\"elementor-column elementor-col-100 elementor-top-column elementor-element elementor-element-5a6e6ac\" data-id=\"5a6e6ac\" data-element_type=\"column\" data-e-type=\"column\">\n\t\t\t<div class=\"elementor-widget-wrap elementor-element-populated\">\n\t\t\t\t\t\t<div class=\"elementor-element elementor-element-d4b3dc1 elementor-widget elementor-widget-heading\" data-id=\"d4b3dc1\" data-element_type=\"widget\" data-e-type=\"widget\" data-widget_type=\"heading.default\">\n\t\t\t\t<div class=\"elementor-widget-container\">\n\t\t\t\t\t<h2 class=\"elementor-heading-title elementor-size-default\">\u00bfPor qu\u00e9 elegir Chemagora para sus cristales 3-CMC?<\/h2>\t\t\t\t<\/div>\n\t\t\t\t<\/div>\n\t\t\t\t<div class=\"elementor-element elementor-element-fe91d8e elementor-widget elementor-widget-text-editor\" data-id=\"fe91d8e\" data-element_type=\"widget\" data-e-type=\"widget\" data-widget_type=\"text-editor.default\">\n\t\t\t\t<div class=\"elementor-widget-container\">\n\t\t\t\t\t\t\t\t\t<ul><li><h4><strong>1. Pureza inigualable<\/strong><\/h4><p>Nuestros cristales de 3-CMC se prueban en laboratorio para garantizar una pureza de <strong>\u226599%<\/strong>, garantizando un producto consistente y libre de contaminaci\u00f3n para sus necesidades de investigaci\u00f3n.<\/p><h4><strong>2. Forma cristalina superior<\/strong><\/h4><p>La estructura cristalina blanca del producto hace que sea f\u00e1cil de manipular, medir y aplicar con precisi\u00f3n en experimentos de laboratorio.<\/p><h4><strong>3. Confianza en toda Europa<\/strong><\/h4><p>Los investigadores de \u00c1msterdam a Madrid, de Berl\u00edn a Roma, conf\u00edan en Chemagora para obtener productos qu\u00edmicos de alta calidad. Estamos orgullosos de prestar nuestros servicios a instituciones y profesionales de toda Europa.<\/p><h4><strong>4. Env\u00edo r\u00e1pido y seguro<\/strong><\/h4><p>Sabemos lo importante que es la entrega a tiempo. Por eso, todos los pedidos se procesan con rapidez y con un embalaje discreto y seguro para garantizar que su producto llegue sano y salvo.<\/p><h4><strong>5. Atenci\u00f3n al cliente experta<\/strong><\/h4><p>Nuestro equipo especializado est\u00e1 aqu\u00ed para ayudarte en cada paso del proceso. Si tienes preguntas sobre el producto o necesitas ayuda con tu pedido, podemos ayudarte.<\/p><\/li><\/ul>\t\t\t\t\t\t\t\t<\/div>\n\t\t\t\t<\/div>\n\t\t\t\t<div class=\"elementor-element elementor-element-5f1246e elementor-widget elementor-widget-heading\" data-id=\"5f1246e\" data-element_type=\"widget\" data-e-type=\"widget\" data-widget_type=\"heading.default\">\n\t\t\t\t<div class=\"elementor-widget-container\">\n\t\t\t\t\t<h2 class=\"elementor-heading-title elementor-size-default\">Cumplimiento legal<\/h2>\t\t\t\t<\/div>\n\t\t\t\t<\/div>\n\t\t\t\t<div class=\"elementor-element elementor-element-17ae0f6 elementor-widget elementor-widget-text-editor\" data-id=\"17ae0f6\" data-element_type=\"widget\" data-e-type=\"widget\" data-widget_type=\"text-editor.default\">\n\t\t\t\t<div class=\"elementor-widget-container\">\n\t\t\t\t\t\t\t\t\t<p>El estatus legal de <strong>Cristales de 3-CMC<\/strong> Puede variar seg\u00fan su ubicaci\u00f3n. Es responsabilidad del comprador asegurarse de cumplir con las leyes locales antes de comprar o usar este producto.<\/p>\t\t\t\t\t\t\t\t<\/div>\n\t\t\t\t<\/div>\n\t\t\t\t<div class=\"elementor-element elementor-element-a8098dc elementor-alert-info elementor-widget elementor-widget-alert\" data-id=\"a8098dc\" data-element_type=\"widget\" data-e-type=\"widget\" data-widget_type=\"alert.default\">\n\t\t\t\t<div class=\"elementor-widget-container\">\n\t\t\t\t\t\t\t<div class=\"elementor-alert\" role=\"alert\">\n\n\t\t\t\t\t\t<span class=\"elementor-alert-title\">Descargo de responsabilidad<\/span>\n\t\t\t\n\t\t\t\t\t\t<span class=\"elementor-alert-description\">Este producto est\u00e1 destinado exclusivamente a fines de investigaci\u00f3n y an\u00e1lisis. No est\u00e1 destinado al consumo humano ni animal bajo ninguna circunstancia.<\/span>\n\t\t\t\n\t\t\t\t\t\t<button type=\"button\" class=\"elementor-alert-dismiss\" aria-label=\"Supprimer cette alerte.\" data-no-translation-aria-label=\"\">\n\t\t\t\t\t\t\t\t\t<span aria-hidden=\"true\">\u00d7<\/span>\n\t\t\t\t\t\t\t<\/button>\n\t\t\t\n\t\t<\/div>\n\t\t\t\t\t\t<\/div>\n\t\t\t\t<\/div>\n\t\t\t\t<div class=\"elementor-element elementor-element-8448d87 elementor-widget elementor-widget-heading\" data-id=\"8448d87\" data-element_type=\"widget\" data-e-type=\"widget\" data-widget_type=\"heading.default\">\n\t\t\t\t<div class=\"elementor-widget-container\">\n\t\t\t\t\t<h2 class=\"elementor-heading-title elementor-size-default\">Pida hoy sus cristales 3-CMC<\/h2>\t\t\t\t<\/div>\n\t\t\t\t<\/div>\n\t\t\t\t<div class=\"elementor-element elementor-element-0fbcd04 elementor-widget elementor-widget-text-editor\" data-id=\"0fbcd04\" data-element_type=\"widget\" data-e-type=\"widget\" data-widget_type=\"text-editor.default\">\n\t\t\t\t<div class=\"elementor-widget-container\">\n\t\t\t\t\t\t\t\t\t<p>Transforme su investigaci\u00f3n con Chemagora <strong>Cristales 3-CMC de calidad superior<\/strong>Disfrute de una calidad incomparable, una entrega r\u00e1pida y un soporte excepcional. \u00danase a los investigadores de toda Europa que conf\u00edan en Chemagora para obtener informaci\u00f3n confiable. <a href=\"https:\/\/chemagora.eu\/es\/product\/4-mmc-crystal\/\"  data-wpil-monitor-id=\"12\">productos qu\u00edmicos de investigaci\u00f3n<\/a>.<\/p><p>\u00a0<\/p>\t\t\t\t\t\t\t\t<\/div>\n\t\t\t\t<\/div>\n\t\t\t\t\t<\/div>\n\t\t<\/div>\n\t\t\t\t\t<\/div>\n\t\t<\/section>\n\t\t\t\t<\/div>","protected":false},"excerpt":{"rendered":"<p>Producto qu\u00edmico de investigaci\u00f3n probado con precisi\u00f3n, compatible, confiable y entregado con precisi\u00f3n y cuidado.<\/p>","protected":false},"featured_media":1698,"comment_status":"open","ping_status":"closed","template":"","meta":{"inline_featured_image":false},"etheme_brands":[],"product_brand":[],"product_cat":[39],"product_tag":[55,56,48],"class_list":{"0":"post-606","1":"product","2":"type-product","3":"status-publish","4":"has-post-thumbnail","6":"product_cat-3-cmc","7":"product_tag-buy-3-cmc","8":"product_tag-buy-buy-3-cmc-online","9":"product_tag-research-chemicals","11":"first","12":"instock","13":"shipping-taxable","14":"purchasable","15":"product-type-variable"},"_links":{"self":[{"href":"https:\/\/chemagora.eu\/es\/wp-json\/wp\/v2\/product\/606","targetHints":{"allow":["GET"]}}],"collection":[{"href":"https:\/\/chemagora.eu\/es\/wp-json\/wp\/v2\/product"}],"about":[{"href":"https:\/\/chemagora.eu\/es\/wp-json\/wp\/v2\/types\/product"}],"replies":[{"embeddable":true,"href":"https:\/\/chemagora.eu\/es\/wp-json\/wp\/v2\/comments?post=606"}],"version-history":[{"count":0,"href":"https:\/\/chemagora.eu\/es\/wp-json\/wp\/v2\/product\/606\/revisions"}],"wp:featuredmedia":[{"embeddable":true,"href":"https:\/\/chemagora.eu\/es\/wp-json\/wp\/v2\/media\/1698"}],"wp:attachment":[{"href":"https:\/\/chemagora.eu\/es\/wp-json\/wp\/v2\/media?parent=606"}],"wp:term":[{"taxonomy":"brand","embeddable":true,"href":"https:\/\/chemagora.eu\/es\/wp-json\/wp\/v2\/etheme_brands?post=606"},{"taxonomy":"product_brand","embeddable":true,"href":"https:\/\/chemagora.eu\/es\/wp-json\/wp\/v2\/product_brand?post=606"},{"taxonomy":"product_cat","embeddable":true,"href":"https:\/\/chemagora.eu\/es\/wp-json\/wp\/v2\/product_cat?post=606"},{"taxonomy":"product_tag","embeddable":true,"href":"https:\/\/chemagora.eu\/es\/wp-json\/wp\/v2\/product_tag?post=606"}],"curies":[{"name":"wp","href":"https:\/\/api.w.org\/{rel}","templated":true}]}}