{"id":622,"date":"2022-10-06T12:32:52","date_gmt":"2022-10-06T12:32:52","guid":{"rendered":"https:\/\/xstore.8theme.com\/elementor\/demos\/hemp-and-cbd\/?post_type=product&#038;p=622"},"modified":"2026-02-15T03:33:29","modified_gmt":"2026-02-15T03:33:29","slug":"cristal-de-3-mmc","status":"publish","type":"product","link":"https:\/\/chemagora.eu\/es\/product\/cristal-de-3-mmc\/","title":{"rendered":"3-MMC Cristal"},"content":{"rendered":"<div data-elementor-type=\"wp-post\" data-elementor-id=\"622\" class=\"elementor elementor-622\" data-elementor-post-type=\"product\">\n\t\t\t\t\t\t<section class=\"elementor-section elementor-top-section elementor-element elementor-element-6e1631b elementor-section-boxed elementor-section-height-default elementor-section-height-default\" data-id=\"6e1631b\" data-element_type=\"section\" data-e-type=\"section\">\n\t\t\t\t\t\t<div class=\"elementor-container elementor-column-gap-no\">\n\t\t\t\t\t<div class=\"elementor-column elementor-col-100 elementor-top-column elementor-element elementor-element-70031b0\" data-id=\"70031b0\" data-element_type=\"column\" data-e-type=\"column\">\n\t\t\t<div class=\"elementor-widget-wrap elementor-element-populated\">\n\t\t\t\t\t\t<div class=\"elementor-element elementor-element-213237b elementor-widget elementor-widget-heading\" data-id=\"213237b\" data-element_type=\"widget\" data-e-type=\"widget\" data-widget_type=\"heading.default\">\n\t\t\t\t<div class=\"elementor-widget-container\">\n\t\t\t\t\t<h2 class=\"elementor-heading-title elementor-size-default\">Compre cristales de 3-MMC de alta calidad en l\u00ednea | Chemagora: su socio de confianza en investigaci\u00f3n<\/h2>\t\t\t\t<\/div>\n\t\t\t\t<\/div>\n\t\t\t\t<div class=\"elementor-element elementor-element-0657ec8 elementor-widget elementor-widget-text-editor\" data-id=\"0657ec8\" data-element_type=\"widget\" data-e-type=\"widget\" data-widget_type=\"text-editor.default\">\n\t\t\t\t<div class=\"elementor-widget-container\">\n\t\t\t\t\t\t\t\t\t<p>\u00bfEst\u00e1s buscando calidad premium? <strong>3-MMC Polvo<\/strong> \u00bfPara tus estudios cient\u00edficos? <a href=\"https:\/\/chemagora.eu\/es\/comercio\/\">Quimagora<\/a>Nos especializamos en brindar <a href=\"http:\/\/reine-chemikalien.com\" target=\"_blank\" rel=\"noopener\">Investigadores<\/a> con compuestos de alta pureza para apoyar la investigaci\u00f3n innovadora en diversos campos.<\/p>\t\t\t\t\t\t\t\t<\/div>\n\t\t\t\t<\/div>\n\t\t\t\t<div class=\"elementor-element elementor-element-35d4250 elementor-widget elementor-widget-heading\" data-id=\"35d4250\" data-element_type=\"widget\" data-e-type=\"widget\" data-widget_type=\"heading.default\">\n\t\t\t\t<div class=\"elementor-widget-container\">\n\t\t\t\t\t<h2 class=\"elementor-heading-title elementor-size-default\">\u00bfQu\u00e9 es 3-MMC?<\/h2>\t\t\t\t<\/div>\n\t\t\t\t<\/div>\n\t\t\t\t<div class=\"elementor-element elementor-element-df6a2c1 elementor-widget elementor-widget-text-editor\" data-id=\"df6a2c1\" data-element_type=\"widget\" data-e-type=\"widget\" data-widget_type=\"text-editor.default\">\n\t\t\t\t<div class=\"elementor-widget-container\">\n\t\t\t\t\t\t\t\t\t<p><strong>3-MMC (3-metilmetcatinona)<\/strong> es un compuesto sint\u00e9tico de catinona que se utiliza com\u00fanmente en la investigaci\u00f3n de laboratorio por sus propiedades bien definidas. Tiene una estructura molecular que se asemeja a la mefedrona, lo que la convierte en un tema de inter\u00e9s en estudios farmacol\u00f3gicos y qu\u00edmicos. En Chemagora, ofrecemos <strong>Cristales de 3-MMC<\/strong> con una pureza inigualable para respaldar resultados de investigaci\u00f3n consistentes y confiables.<\/p>\t\t\t\t\t\t\t\t<\/div>\n\t\t\t\t<\/div>\n\t\t\t\t\t<\/div>\n\t\t<\/div>\n\t\t\t\t\t<\/div>\n\t\t<\/section>\n\t\t\t\t<section class=\"elementor-section elementor-top-section elementor-element elementor-element-288b1b8 elementor-section-boxed elementor-section-height-default elementor-section-height-default\" data-id=\"288b1b8\" data-element_type=\"section\" data-e-type=\"section\" data-settings=\"{&quot;background_background&quot;:&quot;classic&quot;}\">\n\t\t\t\t\t\t<div class=\"elementor-container elementor-column-gap-no\">\n\t\t\t\t\t<div class=\"elementor-column elementor-col-33 elementor-top-column elementor-element elementor-element-d437bc0\" data-id=\"d437bc0\" data-element_type=\"column\" data-e-type=\"column\">\n\t\t\t<div class=\"elementor-widget-wrap elementor-element-populated\">\n\t\t\t\t\t\t<div class=\"elementor-element elementor-element-819b273 elementor-widget elementor-widget-heading\" data-id=\"819b273\" data-element_type=\"widget\" data-e-type=\"widget\" data-widget_type=\"heading.default\">\n\t\t\t\t<div class=\"elementor-widget-container\">\n\t\t\t\t\t<h2 class=\"elementor-heading-title elementor-size-default\">Informaci\u00f3n qu\u00edmica<\/h2>\t\t\t\t<\/div>\n\t\t\t\t<\/div>\n\t\t\t\t<div class=\"elementor-element elementor-element-476a104 elementor-widget elementor-widget-text-editor\" data-id=\"476a104\" data-element_type=\"widget\" data-e-type=\"widget\" data-widget_type=\"text-editor.default\">\n\t\t\t\t<div class=\"elementor-widget-container\">\n\t\t\t\t\t\t\t\t\t<ul><li><strong>Nombre qu\u00edmico:<\/strong> 3-Metilmetcatinona<\/li><li><strong>F\u00f3rmula molecular:<\/strong> C11H15NO<\/li><li><strong>Masa molar:<\/strong> 177,24 g\/mol<\/li><li><strong>Nombre IUPAC:<\/strong> 2-(metilamino)-1-(3-metilfenil)propan-1-ona<\/li><\/ul>\t\t\t\t\t\t\t\t<\/div>\n\t\t\t\t<\/div>\n\t\t\t\t\t<\/div>\n\t\t<\/div>\n\t\t\t\t<div class=\"elementor-column elementor-col-33 elementor-top-column elementor-element elementor-element-39fcad3\" data-id=\"39fcad3\" data-element_type=\"column\" data-e-type=\"column\">\n\t\t\t<div class=\"elementor-widget-wrap elementor-element-populated\">\n\t\t\t\t\t\t<div class=\"elementor-element elementor-element-61cf8f7 elementor-widget elementor-widget-heading\" data-id=\"61cf8f7\" data-element_type=\"widget\" data-e-type=\"widget\" data-widget_type=\"heading.default\">\n\t\t\t\t<div class=\"elementor-widget-container\">\n\t\t\t\t\t<h2 class=\"elementor-heading-title elementor-size-default\">Propiedades f\u00edsicas y qu\u00edmicas<\/h2>\t\t\t\t<\/div>\n\t\t\t\t<\/div>\n\t\t\t\t<div class=\"elementor-element elementor-element-31e542d elementor-widget elementor-widget-text-editor\" data-id=\"31e542d\" data-element_type=\"widget\" data-e-type=\"widget\" data-widget_type=\"text-editor.default\">\n\t\t\t\t<div class=\"elementor-widget-container\">\n\t\t\t\t\t\t\t\t\t<ul><li><strong>Forma:<\/strong> Polvo cristalino blanco<\/li><li><strong>Pureza:<\/strong> \u226599%<\/li><li><strong>Punto de fusi\u00f3n:<\/strong> ~180-185 \u00b0C<\/li><li><strong>Solubilidad:<\/strong> Soluble en agua y disolventes org\u00e1nicos como etanol y metanol.<\/li><\/ul>\t\t\t\t\t\t\t\t<\/div>\n\t\t\t\t<\/div>\n\t\t\t\t\t<\/div>\n\t\t<\/div>\n\t\t\t\t<div class=\"elementor-column elementor-col-33 elementor-top-column elementor-element elementor-element-518a13f\" data-id=\"518a13f\" data-element_type=\"column\" data-e-type=\"column\">\n\t\t\t<div class=\"elementor-widget-wrap elementor-element-populated\">\n\t\t\t\t\t\t<div class=\"elementor-element elementor-element-42f3cf1 elementor-widget elementor-widget-heading\" data-id=\"42f3cf1\" data-element_type=\"widget\" data-e-type=\"widget\" data-widget_type=\"heading.default\">\n\t\t\t\t<div class=\"elementor-widget-container\">\n\t\t\t\t\t<h2 class=\"elementor-heading-title elementor-size-default\">Datos anal\u00edticos<\/h2>\t\t\t\t<\/div>\n\t\t\t\t<\/div>\n\t\t\t\t<div class=\"elementor-element elementor-element-4ed1a2f elementor-widget elementor-widget-text-editor\" data-id=\"4ed1a2f\" data-element_type=\"widget\" data-e-type=\"widget\" data-widget_type=\"text-editor.default\">\n\t\t\t\t<div class=\"elementor-widget-container\">\n\t\t\t\t\t\t\t\t\t<ul><li><strong>An\u00e1lisis de RMN:<\/strong> Confirma la estructura y consistencia molecular.<\/li><li><strong>Espectrometr\u00eda de masas (MS):<\/strong> Valida peso molecular de 177,24 g\/mol.<\/li><li><strong>FTIR (Espectroscopia infrarroja por transformada de Fourier):<\/strong> Coincide con los espectros de referencia establecidos.<\/li><\/ul>\t\t\t\t\t\t\t\t<\/div>\n\t\t\t\t<\/div>\n\t\t\t\t\t<\/div>\n\t\t<\/div>\n\t\t\t\t\t<\/div>\n\t\t<\/section>\n\t\t\t\t<section class=\"elementor-section elementor-top-section elementor-element elementor-element-37e8c36 elementor-section-boxed elementor-section-height-default elementor-section-height-default\" data-id=\"37e8c36\" data-element_type=\"section\" data-e-type=\"section\">\n\t\t\t\t\t\t<div class=\"elementor-container elementor-column-gap-no\">\n\t\t\t\t\t<div class=\"elementor-column elementor-col-100 elementor-top-column elementor-element elementor-element-58c92ed\" data-id=\"58c92ed\" data-element_type=\"column\" data-e-type=\"column\">\n\t\t\t<div class=\"elementor-widget-wrap elementor-element-populated\">\n\t\t\t\t\t\t<div class=\"elementor-element elementor-element-41ac3c5 elementor-widget elementor-widget-heading\" data-id=\"41ac3c5\" data-element_type=\"widget\" data-e-type=\"widget\" data-widget_type=\"heading.default\">\n\t\t\t\t<div class=\"elementor-widget-container\">\n\t\t\t\t\t<h2 class=\"elementor-heading-title elementor-size-default\">\u00bfPor qu\u00e9 elegir Chemagora para los cristales 3-MMC?<\/h2>\t\t\t\t<\/div>\n\t\t\t\t<\/div>\n\t\t\t\t<div class=\"elementor-element elementor-element-e54cbff elementor-widget elementor-widget-text-editor\" data-id=\"e54cbff\" data-element_type=\"widget\" data-e-type=\"widget\" data-widget_type=\"text-editor.default\">\n\t\t\t\t<div class=\"elementor-widget-container\">\n\t\t\t\t\t\t\t\t\t<h4><strong>1. Pureza inigualable<\/strong><\/h4><p>Nuestro <strong>Cristales de 3-MMC<\/strong> se prueban en laboratorio con un nivel de pureza verificado de <strong>\u226599%<\/strong>, garantizando que cumplen los est\u00e1ndares m\u00e1s estrictos para la investigaci\u00f3n profesional.<\/p><h4><strong>2. Forma cristalina superior<\/strong><\/h4><p>El producto viene en un <strong>estructura cristalina blanca<\/strong>, lo que hace que sea f\u00e1cil de manipular, medir y aplicar en entornos de laboratorio con precisi\u00f3n.<\/p><h4><strong>3. Confianza de <a href=\"http:\/\/pure-3mmc.com\" target=\"_blank\" rel=\"noopener\">Investigadores<\/a> En toda Europa<\/strong><\/h4><p>Desde \u00c1msterdam hasta Berl\u00edn, desde Madrid hasta Par\u00eds, Chemagora es la opci\u00f3n de confianza para <a href=\"https:\/\/chemagora.eu\/es\/product\/nep-powder\/\" data-wpil-monitor-id=\"55\">Instituciones de investigaci\u00f3n y profesionales que buscan productos qu\u00edmicos confiables<\/a> suministros.<\/p><h4><strong>4. Env\u00edo r\u00e1pido, seguro y discreto<\/strong><\/h4><p>Todos los pedidos se procesan r\u00e1pidamente y se entregan de forma discreta para garantizar su privacidad y comodidad. Ya sea que realice un pedido en <strong>Roma<\/strong>, <strong>Barcelona<\/strong>, o <strong>R\u00f3terdam<\/strong>Te tenemos cubierto.<\/p><h4><strong>5. Equipo de soporte dedicado<\/strong><\/h4><p>Nuestro equipo de atenci\u00f3n al cliente est\u00e1 aqu\u00ed para guiarlo a trav\u00e9s del proceso de compra y responder cualquier consulta relacionada con el producto. Con Chemagora, nunca estar\u00e1 solo.<\/p>\t\t\t\t\t\t\t\t<\/div>\n\t\t\t\t<\/div>\n\t\t\t\t<div class=\"elementor-element elementor-element-fd9dbab elementor-widget elementor-widget-heading\" data-id=\"fd9dbab\" data-element_type=\"widget\" data-e-type=\"widget\" data-widget_type=\"heading.default\">\n\t\t\t\t<div class=\"elementor-widget-container\">\n\t\t\t\t\t<h2 class=\"elementor-heading-title elementor-size-default\">Cumplimiento legal<\/h2>\t\t\t\t<\/div>\n\t\t\t\t<\/div>\n\t\t\t\t<div class=\"elementor-element elementor-element-d5d0739 elementor-widget elementor-widget-text-editor\" data-id=\"d5d0739\" data-element_type=\"widget\" data-e-type=\"widget\" data-widget_type=\"text-editor.default\">\n\t\t\t\t<div class=\"elementor-widget-container\">\n\t\t\t\t\t\t\t\t\t<p>El estatus legal de <strong>3-MMC<\/strong> Var\u00eda seg\u00fan el pa\u00eds. Es responsabilidad exclusiva del comprador garantizar el cumplimiento de las normas locales antes de comprar o utilizar este producto.<\/p>\t\t\t\t\t\t\t\t<\/div>\n\t\t\t\t<\/div>\n\t\t\t\t<div class=\"elementor-element elementor-element-b3d4a4f elementor-alert-info elementor-widget elementor-widget-alert\" data-id=\"b3d4a4f\" data-element_type=\"widget\" data-e-type=\"widget\" data-widget_type=\"alert.default\">\n\t\t\t\t<div class=\"elementor-widget-container\">\n\t\t\t\t\t\t\t<div class=\"elementor-alert\" role=\"alert\">\n\n\t\t\t\t\t\t<span class=\"elementor-alert-title\">Descargo de responsabilidad<\/span>\n\t\t\t\n\t\t\t\t\t\t<span class=\"elementor-alert-description\">Este producto est\u00e1 destinado exclusivamente a fines de investigaci\u00f3n y an\u00e1lisis. No est\u00e1 destinado al consumo humano ni animal bajo ninguna circunstancia.<\/span>\n\t\t\t\n\t\t\t\t\t\t<button type=\"button\" class=\"elementor-alert-dismiss\" aria-label=\"Descartar esta alerta.\">\n\t\t\t\t\t\t\t\t\t<span aria-hidden=\"true\">\u00d7<\/span>\n\t\t\t\t\t\t\t<\/button>\n\t\t\t\n\t\t<\/div>\n\t\t\t\t\t\t<\/div>\n\t\t\t\t<\/div>\n\t\t\t\t<div class=\"elementor-element elementor-element-71d4434 elementor-widget elementor-widget-heading\" data-id=\"71d4434\" data-element_type=\"widget\" data-e-type=\"widget\" data-widget_type=\"heading.default\">\n\t\t\t\t<div class=\"elementor-widget-container\">\n\t\t\t\t\t<h2 class=\"elementor-heading-title elementor-size-default\">Pida hoy sus cristales 3-MMC<\/h2>\t\t\t\t<\/div>\n\t\t\t\t<\/div>\n\t\t\t\t<div class=\"elementor-element elementor-element-04e2e05 elementor-widget elementor-widget-text-editor\" data-id=\"04e2e05\" data-element_type=\"widget\" data-e-type=\"widget\" data-widget_type=\"text-editor.default\">\n\t\t\t\t<div class=\"elementor-widget-container\">\n\t\t\t\t\t\t\t\t\t<p>Lleve su investigaci\u00f3n al siguiente nivel con Chemagora <strong>Cristales 3-MMC de alta calidad<\/strong>\u00danase a miles de personas satisfechas <a href=\"https:\/\/chemagora.eu\/es\/product\/cristal-mdpihp\/\" data-wpil-monitor-id=\"56\">Investigadores en Europa que conf\u00edan en nosotros para sus investigaciones qu\u00edmicas<\/a> suministros. <strong>Haga su pedido hoy<\/strong> y disfruta:<\/p><ul><li>Calidad de producto de primer nivel<\/li><li>Entrega segura y discreta<\/li><li>Soporte experto para todas sus necesidades de investigaci\u00f3n<\/li><\/ul>\t\t\t\t\t\t\t\t<\/div>\n\t\t\t\t<\/div>\n\t\t\t\t\t<\/div>\n\t\t<\/div>\n\t\t\t\t\t<\/div>\n\t\t<\/section>\n\t\t\t\t<\/div>","protected":false},"excerpt":{"rendered":"<p>Producto qu\u00edmico de investigaci\u00f3n probado con precisi\u00f3n, compatible, confiable y entregado con precisi\u00f3n y cuidado.<\/p>","protected":false},"featured_media":1577,"comment_status":"open","ping_status":"closed","template":"","meta":{"inline_featured_image":false},"etheme_brands":[],"product_brand":[],"product_cat":[38],"product_tag":[],"class_list":{"0":"post-622","1":"product","2":"type-product","3":"status-publish","4":"has-post-thumbnail","6":"product_cat-3-mmc","8":"first","9":"instock","10":"shipping-taxable","11":"purchasable","12":"product-type-variable"},"_links":{"self":[{"href":"https:\/\/chemagora.eu\/es\/wp-json\/wp\/v2\/product\/622","targetHints":{"allow":["GET"]}}],"collection":[{"href":"https:\/\/chemagora.eu\/es\/wp-json\/wp\/v2\/product"}],"about":[{"href":"https:\/\/chemagora.eu\/es\/wp-json\/wp\/v2\/types\/product"}],"replies":[{"embeddable":true,"href":"https:\/\/chemagora.eu\/es\/wp-json\/wp\/v2\/comments?post=622"}],"version-history":[{"count":1,"href":"https:\/\/chemagora.eu\/es\/wp-json\/wp\/v2\/product\/622\/revisions"}],"predecessor-version":[{"id":2382,"href":"https:\/\/chemagora.eu\/es\/wp-json\/wp\/v2\/product\/622\/revisions\/2382"}],"wp:featuredmedia":[{"embeddable":true,"href":"https:\/\/chemagora.eu\/es\/wp-json\/wp\/v2\/media\/1577"}],"wp:attachment":[{"href":"https:\/\/chemagora.eu\/es\/wp-json\/wp\/v2\/media?parent=622"}],"wp:term":[{"taxonomy":"brand","embeddable":true,"href":"https:\/\/chemagora.eu\/es\/wp-json\/wp\/v2\/etheme_brands?post=622"},{"taxonomy":"product_brand","embeddable":true,"href":"https:\/\/chemagora.eu\/es\/wp-json\/wp\/v2\/product_brand?post=622"},{"taxonomy":"product_cat","embeddable":true,"href":"https:\/\/chemagora.eu\/es\/wp-json\/wp\/v2\/product_cat?post=622"},{"taxonomy":"product_tag","embeddable":true,"href":"https:\/\/chemagora.eu\/es\/wp-json\/wp\/v2\/product_tag?post=622"}],"curies":[{"name":"wp","href":"https:\/\/api.w.org\/{rel}","templated":true}]}}