{"id":2037,"date":"2025-01-25T02:50:26","date_gmt":"2025-01-25T02:50:26","guid":{"rendered":"https:\/\/chemagora.eu\/?page_id=2037"},"modified":"2025-01-25T09:05:23","modified_gmt":"2025-01-25T09:05:23","slug":"livraison-de-lexpedition","status":"publish","type":"page","link":"https:\/\/chemagora.eu\/fr\/livraison-de-lexpedition\/","title":{"rendered":"Exp\u00e9dition et livraison"},"content":{"rendered":"<div data-elementor-type=\"wp-page\" data-elementor-id=\"2037\" class=\"elementor elementor-2037\" data-elementor-post-type=\"page\">\n\t\t\t\t<div class=\"elementor-element elementor-element-b2f37e0 e-flex e-con-boxed e-con e-parent\" data-id=\"b2f37e0\" data-element_type=\"container\" data-e-type=\"container\">\n\t\t\t\t\t<div class=\"e-con-inner\">\n\t\t\t\t<div class=\"elementor-element elementor-element-1460b75 elementor-widget elementor-widget-text-editor\" data-id=\"1460b75\" data-element_type=\"widget\" data-e-type=\"widget\" data-widget_type=\"text-editor.default\">\n\t\t\t\t<div class=\"elementor-widget-container\">\n\t\t\t\t\t\t\t\t\t<p data-pm-slice=\"1 3 []\"><strong>Chez Chemagora, nous donnons la priorit\u00e9 \u00e0 une livraison rapide, s\u00fbre et fiable de vos commandes. Vous trouverez ci-dessous un guide d\u00e9taill\u00e9 de nos options d'exp\u00e9dition, de nos co\u00fbts et de nos processus afin d'assurer la transparence et la commodit\u00e9 pour nos clients dans le monde entier.<\/strong><\/p><div><hr \/><\/div><h3>\u00a0<\/h3><h3><strong>D\u00e9lais de livraison<\/strong><\/h3><ul data-spread=\"false\"><li><p><strong>L'Europe :<\/strong> Les commandes sont livr\u00e9es dans un d\u00e9lai de <strong>3-4 jours ouvrables<\/strong>.<\/p><\/li><li><p><strong>Dans le monde entier :<\/strong> Les commandes sont livr\u00e9es dans un d\u00e9lai de <strong>5-7 jours ouvrables<\/strong>.<\/p><\/li><\/ul><p>Commandes pass\u00e9es et pay\u00e9es avant le <strong>12:00 PM (CET)<\/strong> sont exp\u00e9di\u00e9s le jour m\u00eame. Les paiements effectu\u00e9s avec des crypto-monnaies sont prioritaires pour un traitement plus rapide et incluent automatiquement une assurance.<\/p><div><hr \/><\/div><h3>\u00a0<\/h3><h3><strong>Options d'exp\u00e9dition<\/strong><\/h3><p>Nous proposons trois modes d'exp\u00e9dition distincts pour r\u00e9pondre \u00e0 vos besoins :<\/p><h4><strong>1. Exp\u00e9dition gratuite<\/strong><\/h4><ul data-spread=\"false\"><li><p><strong>L'\u00e9ligibilit\u00e9 :<\/strong> Disponible pour les commandes sup\u00e9rieures \u00e0 <strong>\u20ac200<\/strong>.<\/p><\/li><li><p><strong>D\u00e9lais de livraison :<\/strong><\/p><ul data-spread=\"false\"><li><p>Europe : 3-4 jours ouvrables.<\/p><\/li><li><p>Dans le monde entier : 5-7 jours ouvrables.<\/p><\/li><\/ul><\/li><li><p><strong>Suivi :<\/strong> Non inclus.<\/p><\/li><\/ul><h4><strong>2. Exp\u00e9dition par poste-lettres<\/strong><\/h4><ul data-spread=\"false\"><li><p><strong>Emballage :<\/strong> Livr\u00e9 dans une enveloppe blanche pour plus de discr\u00e9tion.<\/p><\/li><li><p><strong>D\u00e9lais de livraison :<\/strong><\/p><ul data-spread=\"false\"><li><p>Europe : 3-4 jours ouvrables.<\/p><\/li><li><p>Dans le monde entier : 5-7 jours ouvrables.<\/p><\/li><\/ul><\/li><li><p><strong>Les co\u00fbts :<\/strong><\/p><ul data-spread=\"false\"><li><p>L'Europe : <strong>\u20ac10<\/strong>.<\/p><\/li><li><p>Dans le monde entier : <strong>\u20ac30<\/strong>.<\/p><\/li><\/ul><\/li><li><p><strong>Suivi :<\/strong> Non inclus.<\/p><\/li><\/ul><h4><strong>3. Exp\u00e9dition express<\/strong><\/h4><ul data-spread=\"false\"><li><p><strong>Caract\u00e9ristiques :<\/strong> Exp\u00e9dition suivie pour des mises \u00e0 jour en temps r\u00e9el de votre envoi.<\/p><\/li><li><p><strong>D\u00e9lais de livraison :<\/strong><\/p><ul data-spread=\"false\"><li><p>Europe : 3-4 jours ouvrables.<\/p><\/li><li><p>Dans le monde entier : 5-7 jours ouvrables.<\/p><\/li><\/ul><\/li><li><p><strong>Les co\u00fbts :<\/strong><\/p><ul data-spread=\"false\"><li><p>L'Europe : <strong>\u20ac15<\/strong>.<\/p><\/li><li><p>Dans le monde entier : <strong>\u20ac45<\/strong>.<\/p><\/li><\/ul><\/li><li><p><strong>Suivi :<\/strong> Fourni \u00e0 l'exp\u00e9dition.<\/p><\/li><\/ul><h4><strong>4. Exp\u00e9dition express et assur\u00e9e<\/strong><\/h4><ul data-spread=\"false\"><li><p><strong>Caract\u00e9ristiques :<\/strong> Inclut le suivi et une couverture d'assurance compl\u00e8te pour plus de s\u00e9curit\u00e9.<\/p><\/li><li><p><strong>D\u00e9lais de livraison :<\/strong><\/p><ul data-spread=\"false\"><li><p>Europe : 3-4 jours ouvrables.<\/p><\/li><li><p>Dans le monde entier : 5-7 jours ouvrables.<\/p><\/li><\/ul><\/li><li><p><strong>Les co\u00fbts :<\/strong><\/p><ul data-spread=\"false\"><li><p>L'Europe : <strong>\u20ac45<\/strong>.<\/p><\/li><li><p>Dans le monde entier : <strong>\u20ac75<\/strong>.<\/p><\/li><\/ul><\/li><li><p><strong>Suivi :<\/strong> Fourni \u00e0 l'exp\u00e9dition.<\/p><\/li><li><p><strong>Assurance :<\/strong> Couvre la totalit\u00e9 de la valeur de votre commande.<\/p><\/li><\/ul><div><hr \/><\/div><h3>\u00a0<\/h3><h3><strong>Exp\u00e9dition le jour m\u00eame<\/strong><\/h3><ul data-spread=\"false\"><li><p>Les commandes re\u00e7ues et pay\u00e9es avant le <strong>12:00 PM (CET)<\/strong> sont exp\u00e9di\u00e9s le m\u00eame jour ouvrable.<\/p><\/li><li><p>Les paiements effectu\u00e9s en crypto-monnaie sont trait\u00e9s en priorit\u00e9 et incluent automatiquement une assurance.<\/p><\/li><\/ul><div><hr \/><\/div><h3>\u00a0<\/h3><h3><strong>Emballage<\/strong><\/h3><p>Nous veillons \u00e0 ce que tous les envois soient emball\u00e9s de mani\u00e8re s\u00fbre et discr\u00e8te afin de prot\u00e9ger votre vie priv\u00e9e :<\/p><ul data-spread=\"false\"><li><p>Les commandes sont exp\u00e9di\u00e9es dans un emballage ordinaire, sans marque.<\/p><\/li><li><p>Les mat\u00e9riaux sensibles sont \u00e9galement prot\u00e9g\u00e9s afin d'\u00e9viter tout dommage pendant le transport.<\/p><\/li><\/ul><div><hr \/><\/div><h3>\u00a0<\/h3><h3><strong>Douanes et droits<\/strong><\/h3><p>Pour les commandes internationales, veuillez noter que<\/p><ul data-spread=\"false\"><li><p><strong>D\u00e9douanement :<\/strong> Votre commande peut faire l'objet d'un d\u00e9douanement, ce qui peut retarder la livraison.<\/p><\/li><li><p><strong>Imp\u00f4ts et taxes :<\/strong> Les droits, taxes ou frais applicables sont \u00e0 la charge du client.<\/p><\/li><li><p>Assurez-vous de la conformit\u00e9 avec les r\u00e9glementations locales avant de passer une commande.<\/p><\/li><\/ul><div><hr \/><\/div><h3>\u00a0<\/h3><h3><strong>Informations sur le suivi<\/strong><\/h3><ul data-spread=\"false\"><li><p>Les d\u00e9tails de suivi sont fournis pour les options d'envoi express et d'envoi express et assur\u00e9.<\/p><\/li><li><p>Les num\u00e9ros de suivi seront envoy\u00e9s \u00e0 votre adresse e-mail enregistr\u00e9e une fois la commande exp\u00e9di\u00e9e.<\/p><\/li><li><p>Pour toute question concernant le suivi ou l'\u00e9tat de la livraison, veuillez contacter notre \u00e9quipe d'assistance.<\/p><\/li><\/ul><div><hr \/><\/div><h3>\u00a0<\/h3><h3><strong>Envois perdus ou endommag\u00e9s<\/strong><\/h3><ul data-spread=\"false\"><li><p>Si votre commande est perdue ou arrive endommag\u00e9e, contactez notre service client\u00e8le dans les d\u00e9lais suivants <strong>48 heures<\/strong> de livraison.<\/p><\/li><li><p>Pour les envois assur\u00e9s, un d\u00e9dommagement complet ou un remplacement sera fourni.<\/p><\/li><\/ul><div><hr \/><\/div><h3>\u00a0<\/h3><h3><strong>Aper\u00e7u des frais d'exp\u00e9dition<\/strong><\/h3><table><tbody><tr><th>Mode d'exp\u00e9dition<\/th><th>Europe (\u20ac)<\/th><th>Dans le monde (\u20ac)<\/th><th>Suivi<\/th><th>Assurance<\/th><\/tr><tr><td>Livraison gratuite<\/td><td>0<\/td><td>0<\/td><td>Non<\/td><td>Non<\/td><\/tr><tr><td>Exp\u00e9dition par poste-lettres<\/td><td>10<\/td><td>30<\/td><td>Non<\/td><td>Non<\/td><\/tr><tr><td>Exp\u00e9dition express<\/td><td>15<\/td><td>45<\/td><td>Oui<\/td><td>Non<\/td><\/tr><tr><td>Exp\u00e9dition express et assur\u00e9e<\/td><td>45<\/td><td>75<\/td><td>Oui<\/td><td>Oui<\/td><\/tr><\/tbody><\/table><div><hr \/><\/div><h3>\u00a0<\/h3><p>\u00a0<\/p>\t\t\t\t\t\t\t\t<\/div>\n\t\t\t\t<\/div>\n\t\t\t\t\t<\/div>\n\t\t\t\t<\/div>\n\t\t\t\t<\/div>","protected":false},"excerpt":{"rendered":"<p>At Chemagora, we prioritize fast, secure, and reliable delivery of your orders. Below is an in-depth guide to our shipping options, costs, and processes to&#8230;<\/p>","protected":false},"author":1,"featured_media":0,"parent":0,"menu_order":0,"comment_status":"closed","ping_status":"closed","template":"","meta":{"inline_featured_image":false,"footnotes":""},"class_list":["post-2037","page","type-page","status-publish","hentry"],"_links":{"self":[{"href":"https:\/\/chemagora.eu\/fr\/wp-json\/wp\/v2\/pages\/2037","targetHints":{"allow":["GET"]}}],"collection":[{"href":"https:\/\/chemagora.eu\/fr\/wp-json\/wp\/v2\/pages"}],"about":[{"href":"https:\/\/chemagora.eu\/fr\/wp-json\/wp\/v2\/types\/page"}],"author":[{"embeddable":true,"href":"https:\/\/chemagora.eu\/fr\/wp-json\/wp\/v2\/users\/1"}],"replies":[{"embeddable":true,"href":"https:\/\/chemagora.eu\/fr\/wp-json\/wp\/v2\/comments?post=2037"}],"version-history":[{"count":0,"href":"https:\/\/chemagora.eu\/fr\/wp-json\/wp\/v2\/pages\/2037\/revisions"}],"wp:attachment":[{"href":"https:\/\/chemagora.eu\/fr\/wp-json\/wp\/v2\/media?parent=2037"}],"curies":[{"name":"wp","href":"https:\/\/api.w.org\/{rel}","templated":true}]}}