{"id":3,"date":"2025-01-23T05:22:17","date_gmt":"2025-01-23T05:22:17","guid":{"rendered":"https:\/\/chemagora.eu\/?page_id=3"},"modified":"2025-01-25T09:04:35","modified_gmt":"2025-01-25T09:04:35","slug":"politique-de-confidentialite","status":"publish","type":"page","link":"https:\/\/chemagora.eu\/fr\/politique-de-confidentialite\/","title":{"rendered":"politique de confidentialit\u00e9"},"content":{"rendered":"<div data-elementor-type=\"wp-page\" data-elementor-id=\"3\" class=\"elementor elementor-3\" data-elementor-post-type=\"page\">\n\t\t\t\t<div class=\"elementor-element elementor-element-f52af2b e-flex e-con-boxed e-con e-parent\" data-id=\"f52af2b\" data-element_type=\"container\" data-e-type=\"container\">\n\t\t\t\t\t<div class=\"e-con-inner\">\n\t\t\t\t<div class=\"elementor-element elementor-element-867c1f6 elementor-widget elementor-widget-text-editor\" data-id=\"867c1f6\" data-element_type=\"widget\" data-e-type=\"widget\" data-widget_type=\"text-editor.default\">\n\t\t\t\t<div class=\"elementor-widget-container\">\n\t\t\t\t\t\t\t\t\t<p data-pm-slice=\"1 1 []\"><strong>Chez Chemagora, nous respectons votre vie priv\u00e9e et nous engageons \u00e0 prot\u00e9ger vos informations personnelles. Cette politique de confidentialit\u00e9 d\u00e9crit la mani\u00e8re dont nous collectons, utilisons et prot\u00e9geons vos donn\u00e9es lorsque vous interagissez avec notre site Web et nos services.<\/strong><\/p>\n<div><hr \/><\/div>\n<h3>\u00a0<\/h3>\n<h3><strong>1. Informations que nous collectons<\/strong><\/h3>\n<p>Nous recueillons des informations vous concernant pour am\u00e9liorer votre exp\u00e9rience et fournir nos services. Cela comprend :<\/p>\n<h4><strong>1.1 Informations personnelles<\/strong><\/h4>\n<ul data-spread=\"false\">\n<li>\n<p>Nom, adresse e-mail, num\u00e9ro de t\u00e9l\u00e9phone et adresse de livraison.<\/p>\n<\/li>\n<li>\n<p>D\u00e9tails de paiement (par exemple, informations de carte de cr\u00e9dit ou adresses de portefeuille de crypto-monnaie).<\/p>\n<\/li>\n<li>\n<p>D\u00e9tails de connexion au compte (nom d&#039;utilisateur et mot de passe).<\/p>\n<\/li>\n<\/ul>\n<h4><strong>1.2 Informations non personnelles<\/strong><\/h4>\n<ul data-spread=\"false\">\n<li>\n<p>Type et version du navigateur.<\/p>\n<\/li>\n<li>\n<p>Informations sur l&#039;appareil (par exemple, adresse IP, syst\u00e8me d&#039;exploitation et sp\u00e9cifications mat\u00e9rielles).<\/p>\n<\/li>\n<li>\n<p>Comportement de navigation sur notre site Web (par exemple, pages visit\u00e9es, temps pass\u00e9 et actions entreprises).<\/p>\n<\/li>\n<\/ul>\n<div><hr \/><\/div>\n<h3>\u00a0<\/h3>\n<h3><strong>2. Comment nous utilisons vos informations<\/strong><\/h3>\n<p>Nous utilisons vos donn\u00e9es pour fournir et am\u00e9liorer nos services. Plus pr\u00e9cis\u00e9ment, nous utilisons vos informations pour :<\/p>\n<ul data-spread=\"false\">\n<li>\n<p>Traitez et ex\u00e9cutez vos commandes.<\/p>\n<\/li>\n<li>\n<p>Communiquer avec vous concernant les commandes, les demandes de renseignements et les promotions.<\/p>\n<\/li>\n<li>\n<p>Am\u00e9liorez les fonctionnalit\u00e9s du site Web et l&#039;exp\u00e9rience client.<\/p>\n<\/li>\n<li>\n<p>D\u00e9tecter et pr\u00e9venir les transactions frauduleuses ou les acc\u00e8s non autoris\u00e9s.<\/p>\n<\/li>\n<li>\n<p>Se conformer aux obligations l\u00e9gales et r\u00e9glementaires.<\/p>\n<\/li>\n<\/ul>\n<div><hr \/><\/div>\n<h3>\u00a0<\/h3>\n<h3><strong>3. Partage de vos informations<\/strong><\/h3>\n<p>Nous ne vendons ni ne louons vos informations personnelles \u00e0 des tiers. Cependant, nous pouvons partager vos donn\u00e9es dans les circonstances suivantes :<\/p>\n<h4><strong>3.1 Prestataires de services<\/strong><\/h4>\n<ul data-spread=\"false\">\n<li>\n<p>Fournisseurs tiers qui aident au traitement des paiements, \u00e0 l&#039;exp\u00e9dition et \u00e0 l&#039;analyse du site Web.<\/p>\n<\/li>\n<\/ul>\n<h4><strong>3.2 Obligations l\u00e9gales<\/strong><\/h4>\n<ul data-spread=\"false\">\n<li>\n<p>Lorsque la loi l\u2019exige ou en r\u00e9ponse \u00e0 des demandes l\u00e9gales valables (par exemple, des ordonnances judiciaires, des assignations \u00e0 compara\u00eetre).<\/p>\n<\/li>\n<\/ul>\n<h4><strong>3.3 Transferts d\u2019entreprises<\/strong><\/h4>\n<ul data-spread=\"false\">\n<li>\n<p>En cas de fusion, d\u2019acquisition ou de vente d\u2019actifs, vos informations peuvent \u00eatre transf\u00e9r\u00e9es \u00e0 la nouvelle entit\u00e9.<\/p>\n<\/li>\n<\/ul>\n<div><hr \/><\/div>\n<h3>\u00a0<\/h3>\n<h3><strong>4. Cookies et technologies de suivi<\/strong><\/h3>\n<p>Nous utilisons des cookies et des technologies similaires pour am\u00e9liorer votre exp\u00e9rience de navigation. Ces technologies nous aident \u00e0 :<\/p>\n<ul data-spread=\"false\">\n<li>\n<p>M\u00e9morisez vos pr\u00e9f\u00e9rences et vos informations de connexion.<\/p>\n<\/li>\n<li>\n<p>Comprendre comment vous interagissez avec notre site Web.<\/p>\n<\/li>\n<li>\n<p>Proposez du contenu et des publicit\u00e9s personnalis\u00e9s.<\/p>\n<\/li>\n<\/ul>\n<p>Vous pouvez g\u00e9rer vos pr\u00e9f\u00e9rences en mati\u00e8re de cookies via les param\u00e8tres de votre navigateur. Veuillez noter que la d\u00e9sactivation des cookies peut affecter la fonctionnalit\u00e9 du site Web.<\/p>\n<div><hr \/><\/div>\n<h3>\u00a0<\/h3>\n<h3><strong>5. S\u00e9curit\u00e9 des donn\u00e9es<\/strong><\/h3>\n<p>Nous mettons en \u0153uvre des mesures de s\u00e9curit\u00e9 conformes aux normes du secteur pour prot\u00e9ger vos donn\u00e9es, notamment\u00a0:<\/p>\n<ul data-spread=\"false\">\n<li>\n<p>Cryptage Secure Socket Layer (SSL) pour la transmission de donn\u00e9es.<\/p>\n<\/li>\n<li>\n<p>Audits de s\u00e9curit\u00e9 r\u00e9guliers et \u00e9valuations de vuln\u00e9rabilit\u00e9.<\/p>\n<\/li>\n<li>\n<p>Acc\u00e8s restreint aux donn\u00e9es personnelles au personnel autoris\u00e9 uniquement.<\/p>\n<\/li>\n<\/ul>\n<p>Bien que nous nous efforcions de prot\u00e9ger vos informations, aucune m\u00e9thode de transmission ou de stockage n&#039;est s\u00fbre \u00e0 100%. Vous partagez vos donn\u00e9es \u00e0 vos propres risques.<\/p>\n<div><hr \/><\/div>\n<h3>\u00a0<\/h3>\n<h3><strong>6. Vos droits<\/strong><\/h3>\n<p>Vous avez le droit de :<\/p>\n<ul data-spread=\"false\">\n<li>\n<p><strong>Acc\u00e9der:<\/strong> Demandez une copie de vos donn\u00e9es personnelles.<\/p>\n<\/li>\n<li>\n<p><strong>Correct:<\/strong> Mettre \u00e0 jour ou corriger les informations inexactes.<\/p>\n<\/li>\n<li>\n<p><strong>Supprimer:<\/strong> Demander la suppression de vos donn\u00e9es, sous r\u00e9serve des obligations l\u00e9gales.<\/p>\n<\/li>\n<li>\n<p><strong>Limiter:<\/strong> Limitez le traitement de vos donn\u00e9es.<\/p>\n<\/li>\n<li>\n<p><strong>Objet:<\/strong> D\u00e9sactiver certaines utilisations de donn\u00e9es, y compris les communications marketing.<\/p>\n<\/li>\n<\/ul>\n<p>Pour exercer ces droits, contactez-nous \u00e0 <a>privacy@chemagora.com<\/a>.<\/p>\n<div><hr \/><\/div>\n<h3>\u00a0<\/h3>\n<h3><strong>7. Conservation des donn\u00e9es<\/strong><\/h3>\n<p>Nous conservons vos donn\u00e9es personnelles uniquement aussi longtemps que n\u00e9cessaire pour atteindre les objectifs d\u00e9crits dans la pr\u00e9sente politique ou comme l&#039;exige la loi. Apr\u00e8s cette p\u00e9riode, vos donn\u00e9es seront supprim\u00e9es de mani\u00e8re s\u00e9curis\u00e9e ou anonymis\u00e9es.<\/p>\n<div><hr \/><\/div>\n<h3>\u00a0<\/h3>\n<h3><strong>8. Liens vers des sites tiers<\/strong><\/h3>\n<p>Notre site Web peut contenir des liens vers des sites tiers. Nous ne sommes pas responsables des pratiques de confidentialit\u00e9 ou du contenu de ces sites. Nous vous encourageons \u00e0 consulter leurs politiques de confidentialit\u00e9 avant de fournir des informations personnelles.<\/p>\n<div><hr \/><\/div>\n<h3>\u00a0<\/h3>\n<h3><strong>9. Mises \u00e0 jour de cette politique<\/strong><\/h3>\n<p>Nous sommes susceptibles de mettre \u00e0 jour cette politique de confidentialit\u00e9 de temps \u00e0 autre. Toute modification sera publi\u00e9e sur cette page avec la date de mise \u00e0 jour en haut. Nous vous encourageons \u00e0 consulter r\u00e9guli\u00e8rement cette politique.<\/p>\n<div>\u00a0<\/div>\t\t\t\t\t\t\t\t<\/div>\n\t\t\t\t<\/div>\n\t\t\t\t\t<\/div>\n\t\t\t\t<\/div>\n\t\t\t\t<\/div>","protected":false},"excerpt":{"rendered":"<p>At Chemagora, we value your privacy and are committed to protecting your personal information. This Privacy Policy outlines how we collect, use, and safeguard your&#8230;<\/p>","protected":false},"author":1,"featured_media":0,"parent":0,"menu_order":0,"comment_status":"closed","ping_status":"open","template":"","meta":{"inline_featured_image":false,"footnotes":""},"class_list":["post-3","page","type-page","status-publish","hentry"],"_links":{"self":[{"href":"https:\/\/chemagora.eu\/fr\/wp-json\/wp\/v2\/pages\/3","targetHints":{"allow":["GET"]}}],"collection":[{"href":"https:\/\/chemagora.eu\/fr\/wp-json\/wp\/v2\/pages"}],"about":[{"href":"https:\/\/chemagora.eu\/fr\/wp-json\/wp\/v2\/types\/page"}],"author":[{"embeddable":true,"href":"https:\/\/chemagora.eu\/fr\/wp-json\/wp\/v2\/users\/1"}],"replies":[{"embeddable":true,"href":"https:\/\/chemagora.eu\/fr\/wp-json\/wp\/v2\/comments?post=3"}],"version-history":[{"count":0,"href":"https:\/\/chemagora.eu\/fr\/wp-json\/wp\/v2\/pages\/3\/revisions"}],"wp:attachment":[{"href":"https:\/\/chemagora.eu\/fr\/wp-json\/wp\/v2\/media?parent=3"}],"curies":[{"name":"wp","href":"https:\/\/api.w.org\/{rel}","templated":true}]}}