{"id":496,"date":"2022-10-06T11:29:07","date_gmt":"2022-10-06T11:29:07","guid":{"rendered":"https:\/\/xstore.8theme.com\/elementor\/demos\/hemp-and-cbd\/?post_type=product&#038;p=496"},"modified":"2025-01-25T05:16:41","modified_gmt":"2025-01-25T05:16:41","slug":"pastilles-de-nep","status":"publish","type":"product","link":"https:\/\/chemagora.eu\/fr\/produit\/pastilles-de-nep\/","title":{"rendered":"NEP (pent\u00e9drone) Pellets"},"content":{"rendered":"<div data-elementor-type=\"wp-post\" data-elementor-id=\"496\" class=\"elementor elementor-496\" data-elementor-post-type=\"product\">\n\t\t\t\t\t\t<section class=\"elementor-section elementor-top-section elementor-element elementor-element-892d141 elementor-section-boxed elementor-section-height-default elementor-section-height-default\" data-id=\"892d141\" data-element_type=\"section\" data-e-type=\"section\">\n\t\t\t\t\t\t<div class=\"elementor-container elementor-column-gap-no\">\n\t\t\t\t\t<div class=\"elementor-column elementor-col-100 elementor-top-column elementor-element elementor-element-b561888\" data-id=\"b561888\" data-element_type=\"column\" data-e-type=\"column\">\n\t\t\t<div class=\"elementor-widget-wrap elementor-element-populated\">\n\t\t\t\t\t\t<div class=\"elementor-element elementor-element-2e3b062 elementor-widget elementor-widget-heading\" data-id=\"2e3b062\" data-element_type=\"widget\" data-e-type=\"widget\" data-widget_type=\"heading.default\">\n\t\t\t\t<div class=\"elementor-widget-container\">\n\t\t\t\t\t<h2 class=\"elementor-heading-title elementor-size-default\">Achetez des pastilles NEP en ligne | Produits chimiques de recherche de qualit\u00e9 sup\u00e9rieure de Chemagora<\/h2>\t\t\t\t<\/div>\n\t\t\t\t<\/div>\n\t\t\t\t<div class=\"elementor-element elementor-element-1e9de30 elementor-widget elementor-widget-text-editor\" data-id=\"1e9de30\" data-element_type=\"widget\" data-e-type=\"widget\" data-widget_type=\"text-editor.default\">\n\t\t\t\t<div class=\"elementor-widget-container\">\n\t\t\t\t\t\t\t\t\t<p>\u00c0 la recherche de <strong>Pastilles de NEP (N-\u00e9thylpent\u00e9drone)<\/strong> pour faire avancer vos recherches ? <a href=\"https:\/\/chemagora.eu\/fr\/boutique\/\">Chemagora<\/a> est sp\u00e9cialis\u00e9 dans la fourniture de produits chimiques de recherche de haute puret\u00e9 aux laboratoires et aux scientifiques de toute l&#039;Europe. Reconnus pour notre qualit\u00e9 et notre fiabilit\u00e9, nous sommes le choix de confiance des chercheurs en Allemagne, en France, en Espagne, en Italie et aux Pays-Bas.<\/p>\t\t\t\t\t\t\t\t<\/div>\n\t\t\t\t<\/div>\n\t\t\t\t<div class=\"elementor-element elementor-element-96213b4 elementor-widget elementor-widget-heading\" data-id=\"96213b4\" data-element_type=\"widget\" data-e-type=\"widget\" data-widget_type=\"heading.default\">\n\t\t\t\t<div class=\"elementor-widget-container\">\n\t\t\t\t\t<h2 class=\"elementor-heading-title elementor-size-default\">Qu&#039;est-ce que le NEP (N-\u00e9thylpent\u00e9drone) ?<\/h2>\t\t\t\t<\/div>\n\t\t\t\t<\/div>\n\t\t\t\t<div class=\"elementor-element elementor-element-92fc123 elementor-widget elementor-widget-text-editor\" data-id=\"92fc123\" data-element_type=\"widget\" data-e-type=\"widget\" data-widget_type=\"text-editor.default\">\n\t\t\t\t<div class=\"elementor-widget-container\">\n\t\t\t\t\t\t\t\t\t<p><strong>N-\u00e9thylpent\u00e9drone (NEP)<\/strong> est une cathinone synth\u00e9tique connue pour sa structure mol\u00e9culaire et ses propri\u00e9t\u00e9s chimiques particuli\u00e8res. En tant qu&#039;analogue N-\u00e9thylique de <a href=\"https:\/\/chemagora.eu\/fr\/produit\/poudre-de-nep\/\"  data-wpil-monitor-id=\"51\">Pent\u00e9drone<\/a>, il est largement \u00e9tudi\u00e9 pour ses caract\u00e9ristiques chimiques avanc\u00e9es. Livr\u00e9 sous une forme pratique en granul\u00e9s, <strong>Granul\u00e9s NEP<\/strong> offrent une coh\u00e9rence et une pr\u00e9cision exceptionnelles, ce qui les rend id\u00e9ales pour les applications de laboratoire contr\u00f4l\u00e9es.<\/p>\t\t\t\t\t\t\t\t<\/div>\n\t\t\t\t<\/div>\n\t\t\t\t\t<\/div>\n\t\t<\/div>\n\t\t\t\t\t<\/div>\n\t\t<\/section>\n\t\t\t\t<section class=\"elementor-section elementor-top-section elementor-element elementor-element-963841a elementor-section-boxed elementor-section-height-default elementor-section-height-default\" data-id=\"963841a\" data-element_type=\"section\" data-e-type=\"section\" data-settings=\"{&quot;background_background&quot;:&quot;classic&quot;}\">\n\t\t\t\t\t\t<div class=\"elementor-container elementor-column-gap-no\">\n\t\t\t\t\t<div class=\"elementor-column elementor-col-33 elementor-top-column elementor-element elementor-element-e570bf4\" data-id=\"e570bf4\" data-element_type=\"column\" data-e-type=\"column\">\n\t\t\t<div class=\"elementor-widget-wrap elementor-element-populated\">\n\t\t\t\t\t\t<div class=\"elementor-element elementor-element-ff4ee31 elementor-widget elementor-widget-heading\" data-id=\"ff4ee31\" data-element_type=\"widget\" data-e-type=\"widget\" data-widget_type=\"heading.default\">\n\t\t\t\t<div class=\"elementor-widget-container\">\n\t\t\t\t\t<h2 class=\"elementor-heading-title elementor-size-default\">Informations chimiques<\/h2>\t\t\t\t<\/div>\n\t\t\t\t<\/div>\n\t\t\t\t<div class=\"elementor-element elementor-element-52c8869 elementor-widget elementor-widget-text-editor\" data-id=\"52c8869\" data-element_type=\"widget\" data-e-type=\"widget\" data-widget_type=\"text-editor.default\">\n\t\t\t\t<div class=\"elementor-widget-container\">\n\t\t\t\t\t\t\t\t\t<ul><li><strong>Nom chimique :<\/strong> N-\u00e9thylpent\u00e9drone<\/li><li><strong>Num\u00e9ro CAS :<\/strong> 18268-16-1<\/li><li><strong>Formule mol\u00e9culaire :<\/strong> C13H19NO<\/li><li><strong>Masse molaire :<\/strong> 205,3 g\/mol<\/li><li><strong>Nom de l&#039;UICPA :<\/strong> 2-(\u00e9thylamino)-1-ph\u00e9nylpentan-1-one<\/li><\/ul>\t\t\t\t\t\t\t\t<\/div>\n\t\t\t\t<\/div>\n\t\t\t\t\t<\/div>\n\t\t<\/div>\n\t\t\t\t<div class=\"elementor-column elementor-col-33 elementor-top-column elementor-element elementor-element-655e479\" data-id=\"655e479\" data-element_type=\"column\" data-e-type=\"column\">\n\t\t\t<div class=\"elementor-widget-wrap elementor-element-populated\">\n\t\t\t\t\t\t<div class=\"elementor-element elementor-element-fe0f459 elementor-widget elementor-widget-heading\" data-id=\"fe0f459\" data-element_type=\"widget\" data-e-type=\"widget\" data-widget_type=\"heading.default\">\n\t\t\t\t<div class=\"elementor-widget-container\">\n\t\t\t\t\t<h2 class=\"elementor-heading-title elementor-size-default\">Propri\u00e9t\u00e9s physiques et chimiques<\/h2>\t\t\t\t<\/div>\n\t\t\t\t<\/div>\n\t\t\t\t<div class=\"elementor-element elementor-element-7b1f29c elementor-widget elementor-widget-text-editor\" data-id=\"7b1f29c\" data-element_type=\"widget\" data-e-type=\"widget\" data-widget_type=\"text-editor.default\">\n\t\t\t\t<div class=\"elementor-widget-container\">\n\t\t\t\t\t\t\t\t\t<ul><li><strong>Formulaire:<\/strong> Granul\u00e9s blancs<\/li><li><strong>Puret\u00e9:<\/strong> \u226599% (v\u00e9rifi\u00e9 en laboratoire)<\/li><li><strong>Point de fusion:<\/strong> ~120\u2013125\u00b0C<\/li><li><strong>Solubilit\u00e9:<\/strong> Soluble dans l&#039;eau, l&#039;\u00e9thanol et le m\u00e9thanol<\/li><li><strong>Stabilit\u00e9:<\/strong> Stable dans des conditions de laboratoire standard<\/li><\/ul>\t\t\t\t\t\t\t\t<\/div>\n\t\t\t\t<\/div>\n\t\t\t\t\t<\/div>\n\t\t<\/div>\n\t\t\t\t<div class=\"elementor-column elementor-col-33 elementor-top-column elementor-element elementor-element-5e7ac3b\" data-id=\"5e7ac3b\" data-element_type=\"column\" data-e-type=\"column\">\n\t\t\t<div class=\"elementor-widget-wrap elementor-element-populated\">\n\t\t\t\t\t\t<div class=\"elementor-element elementor-element-81ac5f4 elementor-widget elementor-widget-heading\" data-id=\"81ac5f4\" data-element_type=\"widget\" data-e-type=\"widget\" data-widget_type=\"heading.default\">\n\t\t\t\t<div class=\"elementor-widget-container\">\n\t\t\t\t\t<h2 class=\"elementor-heading-title elementor-size-default\">Donn\u00e9es analytiques<\/h2>\t\t\t\t<\/div>\n\t\t\t\t<\/div>\n\t\t\t\t<div class=\"elementor-element elementor-element-4f6fff2 elementor-widget elementor-widget-text-editor\" data-id=\"4f6fff2\" data-element_type=\"widget\" data-e-type=\"widget\" data-widget_type=\"text-editor.default\">\n\t\t\t\t<div class=\"elementor-widget-container\">\n\t\t\t\t\t\t\t\t\t<ul><li><strong>RMN (R\u00e9sonance Magn\u00e9tique Nucl\u00e9aire) :<\/strong> Confirme la structure mol\u00e9culaire et la coh\u00e9rence<\/li><li><strong>MS (Spectrom\u00e9trie de masse) :<\/strong> Correspond \u00e0 un poids mol\u00e9culaire de 205,3 g\/mol<\/li><li><strong>FTIR (Spectroscopie infrarouge \u00e0 transform\u00e9e de Fourier) :<\/strong> Correspond aux spectres de r\u00e9f\u00e9rence standard<\/li><\/ul>\t\t\t\t\t\t\t\t<\/div>\n\t\t\t\t<\/div>\n\t\t\t\t\t<\/div>\n\t\t<\/div>\n\t\t\t\t\t<\/div>\n\t\t<\/section>\n\t\t\t\t<section class=\"elementor-section elementor-top-section elementor-element elementor-element-c6c04b4 elementor-section-boxed elementor-section-height-default elementor-section-height-default\" data-id=\"c6c04b4\" data-element_type=\"section\" data-e-type=\"section\">\n\t\t\t\t\t\t<div class=\"elementor-container elementor-column-gap-no\">\n\t\t\t\t\t<div class=\"elementor-column elementor-col-100 elementor-top-column elementor-element elementor-element-00623dd\" data-id=\"00623dd\" data-element_type=\"column\" data-e-type=\"column\">\n\t\t\t<div class=\"elementor-widget-wrap elementor-element-populated\">\n\t\t\t\t\t\t<div class=\"elementor-element elementor-element-10b2e7a elementor-widget elementor-widget-heading\" data-id=\"10b2e7a\" data-element_type=\"widget\" data-e-type=\"widget\" data-widget_type=\"heading.default\">\n\t\t\t\t<div class=\"elementor-widget-container\">\n\t\t\t\t\t<h2 class=\"elementor-heading-title elementor-size-default\">Pourquoi choisir Chemagora pour les granul\u00e9s NEP ?<\/h2>\t\t\t\t<\/div>\n\t\t\t\t<\/div>\n\t\t\t\t<div class=\"elementor-element elementor-element-f0056fc elementor-widget elementor-widget-text-editor\" data-id=\"f0056fc\" data-element_type=\"widget\" data-e-type=\"widget\" data-widget_type=\"text-editor.default\">\n\t\t\t\t<div class=\"elementor-widget-container\">\n\t\t\t\t\t\t\t\t\t<h4><strong>1. Puret\u00e9 exceptionnelle<\/strong><\/h4><p>Notre <strong>Granul\u00e9s NEP<\/strong> sont test\u00e9s en laboratoire pour garantir <strong>Puret\u00e9 \u226599%<\/strong>, offrant aux chercheurs un produit de haute qualit\u00e9 exempt d\u2019impuret\u00e9s.<\/p><h4><strong>2. Forme uniforme des pastilles<\/strong><\/h4><p>Le format granul\u00e9 assure un dosage et une manipulation pr\u00e9cis, permettant des r\u00e9sultats reproductibles et coh\u00e9rents dans chaque exp\u00e9rience.<\/p><h4><strong>3. Appr\u00e9ci\u00e9 dans toute l&#039;Europe<\/strong><\/h4><p>D&#039;Amsterdam \u00e0 Berlin, de Madrid \u00e0 Rome, Chemagora est un fournisseur privil\u00e9gi\u00e9 des institutions de recherche et des professionnels de toute l&#039;Europe.<\/p><h4><strong>4. Exp\u00e9dition rapide et s\u00e9curis\u00e9e<\/strong><\/h4><p>Nous comprenons l&#039;importance d&#039;une livraison rapide. Toutes les commandes sont trait\u00e9es rapidement, exp\u00e9di\u00e9es discr\u00e8tement et livr\u00e9es en toute s\u00e9curit\u00e9 pour garantir que votre produit arrive en parfait \u00e9tat.<\/p><h4><strong>5. Assistance d\u00e9di\u00e9e<\/strong><\/h4><p>Notre \u00e9quipe comp\u00e9tente est disponible pour vous aider \u00e0 <a href=\"https:\/\/chemagora.eu\/fr\/planting-tree-for-every-product-sold-we-plant-trees\/\"  data-wpil-monitor-id=\"52\">\u00e0 chaque \u00e9tape \u2014 de la r\u00e9ponse au produit<\/a> des demandes de renseignements aux mises \u00e0 jour de commande, garantissant ainsi une exp\u00e9rience d&#039;achat fluide.<\/p>\t\t\t\t\t\t\t\t<\/div>\n\t\t\t\t<\/div>\n\t\t\t\t<div class=\"elementor-element elementor-element-8decd8d elementor-widget elementor-widget-heading\" data-id=\"8decd8d\" data-element_type=\"widget\" data-e-type=\"widget\" data-widget_type=\"heading.default\">\n\t\t\t\t<div class=\"elementor-widget-container\">\n\t\t\t\t\t<h2 class=\"elementor-heading-title elementor-size-default\">Conformit\u00e9 l\u00e9gale<\/h2>\t\t\t\t<\/div>\n\t\t\t\t<\/div>\n\t\t\t\t<div class=\"elementor-element elementor-element-01383cf elementor-widget elementor-widget-text-editor\" data-id=\"01383cf\" data-element_type=\"widget\" data-e-type=\"widget\" data-widget_type=\"text-editor.default\">\n\t\t\t\t<div class=\"elementor-widget-container\">\n\t\t\t\t\t\t\t\t\t<p>Le statut juridique de <strong>Granul\u00e9s NEP<\/strong> varie selon les r\u00e9gions. Il est de la responsabilit\u00e9 de l&#039;acheteur de s&#039;assurer du respect de toutes les r\u00e9glementations locales avant d&#039;acheter ou d&#039;utiliser ce produit.<\/p>\t\t\t\t\t\t\t\t<\/div>\n\t\t\t\t<\/div>\n\t\t\t\t<div class=\"elementor-element elementor-element-b46ba27 elementor-alert-info elementor-widget elementor-widget-alert\" data-id=\"b46ba27\" data-element_type=\"widget\" data-e-type=\"widget\" data-widget_type=\"alert.default\">\n\t\t\t\t<div class=\"elementor-widget-container\">\n\t\t\t\t\t\t\t<div class=\"elementor-alert\" role=\"alert\">\n\n\t\t\t\t\t\t<span class=\"elementor-alert-title\">Clause de non-responsabilit\u00e9<\/span>\n\t\t\t\n\t\t\t\t\t\t<span class=\"elementor-alert-description\">Ce produit est strictement destin\u00e9 \u00e0 des fins de recherche et d&#039;analyse uniquement. Il n&#039;est en aucun cas destin\u00e9 \u00e0 la consommation humaine ou animale.<\/span>\n\t\t\t\n\t\t\t\t\t\t<button type=\"button\" class=\"elementor-alert-dismiss\" aria-label=\"Supprimer cette alerte.\">\n\t\t\t\t\t\t\t\t\t<span aria-hidden=\"true\">\u00d7<\/span>\n\t\t\t\t\t\t\t<\/button>\n\t\t\t\n\t\t<\/div>\n\t\t\t\t\t\t<\/div>\n\t\t\t\t<\/div>\n\t\t\t\t<div class=\"elementor-element elementor-element-965c864 elementor-widget elementor-widget-heading\" data-id=\"965c864\" data-element_type=\"widget\" data-e-type=\"widget\" data-widget_type=\"heading.default\">\n\t\t\t\t<div class=\"elementor-widget-container\">\n\t\t\t\t\t<h2 class=\"elementor-heading-title elementor-size-default\">Commandez vos granul\u00e9s NEP d\u00e8s aujourd&#039;hui<\/h2>\t\t\t\t<\/div>\n\t\t\t\t<\/div>\n\t\t\t\t<div class=\"elementor-element elementor-element-d663e5e elementor-widget elementor-widget-text-editor\" data-id=\"d663e5e\" data-element_type=\"widget\" data-e-type=\"widget\" data-widget_type=\"text-editor.default\">\n\t\t\t\t<div class=\"elementor-widget-container\">\n\t\t\t\t\t\t\t\t\t<p>Faites passer vos recherches au niveau sup\u00e9rieur avec Chemagora <strong>Granul\u00e9s NEP de haute puret\u00e9<\/strong>Appr\u00e9ci\u00e9s par les chercheurs de toute l\u2019Europe, nos produits offrent fiabilit\u00e9, pr\u00e9cision et qualit\u00e9 exceptionnelle pour les \u00e9tudes avanc\u00e9es.<\/p>\t\t\t\t\t\t\t\t<\/div>\n\t\t\t\t<\/div>\n\t\t\t\t\t<\/div>\n\t\t<\/div>\n\t\t\t\t\t<\/div>\n\t\t<\/section>\n\t\t\t\t<\/div>","protected":false},"excerpt":{"rendered":"<p>Produit chimique de recherche test\u00e9 avec pr\u00e9cision, conforme, fiable et livr\u00e9 avec pr\u00e9cision et soin.<\/p>","protected":false},"featured_media":2006,"comment_status":"open","ping_status":"closed","template":"","meta":{"inline_featured_image":false},"etheme_brands":[],"product_brand":[],"product_cat":[79],"product_tag":[83,86,84,85,48],"class_list":{"0":"post-496","1":"product","2":"type-product","3":"status-publish","4":"has-post-thumbnail","6":"product_cat-nep","7":"product_tag-buy-nep","8":"product_tag-buy-nep-pellets","9":"product_tag-buy-pentedrone","10":"product_tag-nep-pellets","11":"product_tag-research-chemicals","13":"first","14":"instock","15":"shipping-taxable","16":"purchasable","17":"product-type-variable"},"_links":{"self":[{"href":"https:\/\/chemagora.eu\/fr\/wp-json\/wp\/v2\/product\/496","targetHints":{"allow":["GET"]}}],"collection":[{"href":"https:\/\/chemagora.eu\/fr\/wp-json\/wp\/v2\/product"}],"about":[{"href":"https:\/\/chemagora.eu\/fr\/wp-json\/wp\/v2\/types\/product"}],"replies":[{"embeddable":true,"href":"https:\/\/chemagora.eu\/fr\/wp-json\/wp\/v2\/comments?post=496"}],"version-history":[{"count":0,"href":"https:\/\/chemagora.eu\/fr\/wp-json\/wp\/v2\/product\/496\/revisions"}],"wp:featuredmedia":[{"embeddable":true,"href":"https:\/\/chemagora.eu\/fr\/wp-json\/wp\/v2\/media\/2006"}],"wp:attachment":[{"href":"https:\/\/chemagora.eu\/fr\/wp-json\/wp\/v2\/media?parent=496"}],"wp:term":[{"taxonomy":"brand","embeddable":true,"href":"https:\/\/chemagora.eu\/fr\/wp-json\/wp\/v2\/etheme_brands?post=496"},{"taxonomy":"product_brand","embeddable":true,"href":"https:\/\/chemagora.eu\/fr\/wp-json\/wp\/v2\/product_brand?post=496"},{"taxonomy":"product_cat","embeddable":true,"href":"https:\/\/chemagora.eu\/fr\/wp-json\/wp\/v2\/product_cat?post=496"},{"taxonomy":"product_tag","embeddable":true,"href":"https:\/\/chemagora.eu\/fr\/wp-json\/wp\/v2\/product_tag?post=496"}],"curies":[{"name":"wp","href":"https:\/\/api.w.org\/{rel}","templated":true}]}}