{"id":504,"date":"2022-10-06T11:29:10","date_gmt":"2022-10-06T11:29:10","guid":{"rendered":"https:\/\/xstore.8theme.com\/elementor\/demos\/hemp-and-cbd\/?post_type=product&#038;p=504"},"modified":"2025-01-24T22:18:12","modified_gmt":"2025-01-24T22:18:12","slug":"nep-crystal","status":"publish","type":"product","link":"https:\/\/chemagora.eu\/fr\/produit\/nep-crystal\/","title":{"rendered":"Cristal NEP (pent\u00e9drone)"},"content":{"rendered":"<div data-elementor-type=\"wp-post\" data-elementor-id=\"504\" class=\"elementor elementor-504\" data-elementor-post-type=\"product\">\n\t\t\t\t\t\t<section class=\"elementor-section elementor-top-section elementor-element elementor-element-240c52f elementor-section-boxed elementor-section-height-default elementor-section-height-default\" data-id=\"240c52f\" data-element_type=\"section\" data-e-type=\"section\">\n\t\t\t\t\t\t<div class=\"elementor-container elementor-column-gap-no\">\n\t\t\t\t\t<div class=\"elementor-column elementor-col-100 elementor-top-column elementor-element elementor-element-b19b6c3\" data-id=\"b19b6c3\" data-element_type=\"column\" data-e-type=\"column\">\n\t\t\t<div class=\"elementor-widget-wrap elementor-element-populated\">\n\t\t\t\t\t\t<div class=\"elementor-element elementor-element-85291e2 elementor-widget elementor-widget-heading\" data-id=\"85291e2\" data-element_type=\"widget\" data-e-type=\"widget\" data-widget_type=\"heading.default\">\n\t\t\t\t<div class=\"elementor-widget-container\">\n\t\t\t\t\t<h2 class=\"elementor-heading-title elementor-size-default\">Buy NEP Crystals Online | High-Purity Research Chemicals from Chemagora<\/h2>\t\t\t\t<\/div>\n\t\t\t\t<\/div>\n\t\t\t\t<div class=\"elementor-element elementor-element-0082dc6 elementor-widget elementor-widget-text-editor\" data-id=\"0082dc6\" data-element_type=\"widget\" data-e-type=\"widget\" data-widget_type=\"text-editor.default\">\n\t\t\t\t<div class=\"elementor-widget-container\">\n\t\t\t\t\t\t\t\t\t<p>Searching for premium-quality <strong>N-Ethylpentedrone (NEP) Crystals<\/strong> for your research? <a href=\"https:\/\/chemagora.eu\/fr\/boutique\/\">Chemagora<\/a> is your reliable partner, providing high-purity research chemicals to laboratories across Europe. With fast delivery, excellent customer service, and a reputation for quality, Chemagora ensures that your research needs are met with precision.<\/p>\t\t\t\t\t\t\t\t<\/div>\n\t\t\t\t<\/div>\n\t\t\t\t<div class=\"elementor-element elementor-element-9131622 elementor-widget elementor-widget-heading\" data-id=\"9131622\" data-element_type=\"widget\" data-e-type=\"widget\" data-widget_type=\"heading.default\">\n\t\t\t\t<div class=\"elementor-widget-container\">\n\t\t\t\t\t<h2 class=\"elementor-heading-title elementor-size-default\">Qu&#039;est-ce que le NEP (N-\u00e9thylpent\u00e9drone) ?<\/h2>\t\t\t\t<\/div>\n\t\t\t\t<\/div>\n\t\t\t\t<div class=\"elementor-element elementor-element-2c98a37 elementor-widget elementor-widget-text-editor\" data-id=\"2c98a37\" data-element_type=\"widget\" data-e-type=\"widget\" data-widget_type=\"text-editor.default\">\n\t\t\t\t<div class=\"elementor-widget-container\">\n\t\t\t\t\t\t\t\t\t<p><strong>N-\u00e9thylpent\u00e9drone (NEP)<\/strong> is a synthetic stimulant belonging to the cathinone class. It is the N-ethyl analog of <a href=\"https:\/\/chemagora.eu\/fr\/produit\/poudre-de-nep\/\"  data-wpil-monitor-id=\"48\">Pent\u00e9drone<\/a>, with structural modifications that give it unique chemical and pharmacological properties. NEP\u2019s crystalline form makes it ideal for precise applications in advanced scientific research. Chemagora ensures that our <strong>NEP Crystals<\/strong> meet the highest standards of quality and purity, making them an excellent choice for laboratory studies.<\/p>\t\t\t\t\t\t\t\t<\/div>\n\t\t\t\t<\/div>\n\t\t\t\t\t<\/div>\n\t\t<\/div>\n\t\t\t\t\t<\/div>\n\t\t<\/section>\n\t\t\t\t<section class=\"elementor-section elementor-top-section elementor-element elementor-element-f99b156 elementor-section-boxed elementor-section-height-default elementor-section-height-default\" data-id=\"f99b156\" data-element_type=\"section\" data-e-type=\"section\" data-settings=\"{&quot;background_background&quot;:&quot;classic&quot;}\">\n\t\t\t\t\t\t<div class=\"elementor-container elementor-column-gap-no\">\n\t\t\t\t\t<div class=\"elementor-column elementor-col-33 elementor-top-column elementor-element elementor-element-1c24370\" data-id=\"1c24370\" data-element_type=\"column\" data-e-type=\"column\">\n\t\t\t<div class=\"elementor-widget-wrap elementor-element-populated\">\n\t\t\t\t\t\t<div class=\"elementor-element elementor-element-9d0646f elementor-widget elementor-widget-heading\" data-id=\"9d0646f\" data-element_type=\"widget\" data-e-type=\"widget\" data-widget_type=\"heading.default\">\n\t\t\t\t<div class=\"elementor-widget-container\">\n\t\t\t\t\t<h2 class=\"elementor-heading-title elementor-size-default\">Informations chimiques<\/h2>\t\t\t\t<\/div>\n\t\t\t\t<\/div>\n\t\t\t\t<div class=\"elementor-element elementor-element-72028de elementor-widget elementor-widget-text-editor\" data-id=\"72028de\" data-element_type=\"widget\" data-e-type=\"widget\" data-widget_type=\"text-editor.default\">\n\t\t\t\t<div class=\"elementor-widget-container\">\n\t\t\t\t\t\t\t\t\t<ul><li><strong>Nom chimique :<\/strong> N-\u00e9thylpent\u00e9drone<\/li><li><strong>Num\u00e9ro CAS :<\/strong> 18268-16-1<\/li><li><strong>Formule mol\u00e9culaire :<\/strong> C13H19NO<\/li><li><strong>Masse molaire :<\/strong> 205,3 g\/mol<\/li><li><strong>Nom de l&#039;UICPA :<\/strong> 2-(\u00e9thylamino)-1-ph\u00e9nylpentan-1-one<\/li><\/ul>\t\t\t\t\t\t\t\t<\/div>\n\t\t\t\t<\/div>\n\t\t\t\t\t<\/div>\n\t\t<\/div>\n\t\t\t\t<div class=\"elementor-column elementor-col-33 elementor-top-column elementor-element elementor-element-3dd865a\" data-id=\"3dd865a\" data-element_type=\"column\" data-e-type=\"column\">\n\t\t\t<div class=\"elementor-widget-wrap elementor-element-populated\">\n\t\t\t\t\t\t<div class=\"elementor-element elementor-element-3fd28ee elementor-widget elementor-widget-heading\" data-id=\"3fd28ee\" data-element_type=\"widget\" data-e-type=\"widget\" data-widget_type=\"heading.default\">\n\t\t\t\t<div class=\"elementor-widget-container\">\n\t\t\t\t\t<h2 class=\"elementor-heading-title elementor-size-default\">Propri\u00e9t\u00e9s physiques et chimiques<\/h2>\t\t\t\t<\/div>\n\t\t\t\t<\/div>\n\t\t\t\t<div class=\"elementor-element elementor-element-185ff03 elementor-widget elementor-widget-text-editor\" data-id=\"185ff03\" data-element_type=\"widget\" data-e-type=\"widget\" data-widget_type=\"text-editor.default\">\n\t\t\t\t<div class=\"elementor-widget-container\">\n\t\t\t\t\t\t\t\t\t<ul><li><strong>Formulaire:<\/strong> Poudre cristalline blanche<\/li><li><strong>Puret\u00e9:<\/strong> \u226599% (v\u00e9rifi\u00e9 en laboratoire)<\/li><li><strong>Point de fusion:<\/strong> ~120\u2013125\u00b0C<\/li><li><strong>Solubilit\u00e9:<\/strong> Soluble dans l&#039;eau, l&#039;\u00e9thanol et le m\u00e9thanol<\/li><li><strong>Stabilit\u00e9:<\/strong> Stable dans des conditions de laboratoire standard<\/li><\/ul>\t\t\t\t\t\t\t\t<\/div>\n\t\t\t\t<\/div>\n\t\t\t\t\t<\/div>\n\t\t<\/div>\n\t\t\t\t<div class=\"elementor-column elementor-col-33 elementor-top-column elementor-element elementor-element-b08f8d2\" data-id=\"b08f8d2\" data-element_type=\"column\" data-e-type=\"column\">\n\t\t\t<div class=\"elementor-widget-wrap elementor-element-populated\">\n\t\t\t\t\t\t<div class=\"elementor-element elementor-element-26a5751 elementor-widget elementor-widget-heading\" data-id=\"26a5751\" data-element_type=\"widget\" data-e-type=\"widget\" data-widget_type=\"heading.default\">\n\t\t\t\t<div class=\"elementor-widget-container\">\n\t\t\t\t\t<h2 class=\"elementor-heading-title elementor-size-default\">Donn\u00e9es analytiques<\/h2>\t\t\t\t<\/div>\n\t\t\t\t<\/div>\n\t\t\t\t<div class=\"elementor-element elementor-element-af2baa7 elementor-widget elementor-widget-text-editor\" data-id=\"af2baa7\" data-element_type=\"widget\" data-e-type=\"widget\" data-widget_type=\"text-editor.default\">\n\t\t\t\t<div class=\"elementor-widget-container\">\n\t\t\t\t\t\t\t\t\t<ul><li><strong>RMN (R\u00e9sonance Magn\u00e9tique Nucl\u00e9aire) :<\/strong> Confirme la structure mol\u00e9culaire et la coh\u00e9rence<\/li><li><strong>MS (Spectrom\u00e9trie de masse) :<\/strong> Correspond \u00e0 un poids mol\u00e9culaire de 205,3 g\/mol<\/li><li><strong>FTIR (Spectroscopie infrarouge \u00e0 transform\u00e9e de Fourier) :<\/strong> Correspond aux spectres de r\u00e9f\u00e9rence standard<\/li><\/ul>\t\t\t\t\t\t\t\t<\/div>\n\t\t\t\t<\/div>\n\t\t\t\t\t<\/div>\n\t\t<\/div>\n\t\t\t\t\t<\/div>\n\t\t<\/section>\n\t\t\t\t<section class=\"elementor-section elementor-top-section elementor-element elementor-element-f0b63ae elementor-section-boxed elementor-section-height-default elementor-section-height-default\" data-id=\"f0b63ae\" data-element_type=\"section\" data-e-type=\"section\">\n\t\t\t\t\t\t<div class=\"elementor-container elementor-column-gap-no\">\n\t\t\t\t\t<div class=\"elementor-column elementor-col-100 elementor-top-column elementor-element elementor-element-1f118b8\" data-id=\"1f118b8\" data-element_type=\"column\" data-e-type=\"column\">\n\t\t\t<div class=\"elementor-widget-wrap elementor-element-populated\">\n\t\t\t\t\t\t<div class=\"elementor-element elementor-element-809b54d elementor-widget elementor-widget-heading\" data-id=\"809b54d\" data-element_type=\"widget\" data-e-type=\"widget\" data-widget_type=\"heading.default\">\n\t\t\t\t<div class=\"elementor-widget-container\">\n\t\t\t\t\t<h2 class=\"elementor-heading-title elementor-size-default\">Why Choose Chemagora for Your NEP Crystals?<\/h2>\t\t\t\t<\/div>\n\t\t\t\t<\/div>\n\t\t\t\t<div class=\"elementor-element elementor-element-1461531 elementor-widget elementor-widget-text-editor\" data-id=\"1461531\" data-element_type=\"widget\" data-e-type=\"widget\" data-widget_type=\"text-editor.default\">\n\t\t\t\t<div class=\"elementor-widget-container\">\n\t\t\t\t\t\t\t\t\t<h4><strong>1. Une puret\u00e9 sans compromis<\/strong><\/h4><p>Notre <strong>NEP Crystals<\/strong> are lab-tested to guarantee <strong>Puret\u00e9 \u226599%<\/strong>, providing researchers with a clean, high-quality product free of contaminants.<\/p><h4><strong>2. Crystalline Form for Accuracy<\/strong><\/h4><p>The crystalline structure allows for easy handling, precise measurement, and consistent application, ensuring reliable results in your research.<\/p><h4><strong>3. Approuv\u00e9 par les chercheurs de toute l&#039;Europe<\/strong><\/h4><p>From Berlin to Amsterdam, Madrid to Paris, Chemagora is the preferred supplier for research professionals across Europe.<\/p><h4><strong>4. Exp\u00e9dition rapide et s\u00e9curis\u00e9e<\/strong><\/h4><p>We understand the importance of timely delivery. Orders are processed quickly, discreetly packaged, and securely shipped to ensure they arrive safely and on time.<\/p><h4><strong>5. \u00c9quipe d'assistance d\u00e9di\u00e9e<\/strong><\/h4><p>Our knowledgeable support team is available to answer questions, assist with orders, and provide expert advice, ensuring a smooth experience every step of the way.<\/p>\t\t\t\t\t\t\t\t<\/div>\n\t\t\t\t<\/div>\n\t\t\t\t<div class=\"elementor-element elementor-element-aec29a7 elementor-widget elementor-widget-heading\" data-id=\"aec29a7\" data-element_type=\"widget\" data-e-type=\"widget\" data-widget_type=\"heading.default\">\n\t\t\t\t<div class=\"elementor-widget-container\">\n\t\t\t\t\t<h2 class=\"elementor-heading-title elementor-size-default\">Conformit\u00e9 l\u00e9gale<\/h2>\t\t\t\t<\/div>\n\t\t\t\t<\/div>\n\t\t\t\t<div class=\"elementor-element elementor-element-1cf7154 elementor-widget elementor-widget-text-editor\" data-id=\"1cf7154\" data-element_type=\"widget\" data-e-type=\"widget\" data-widget_type=\"text-editor.default\">\n\t\t\t\t<div class=\"elementor-widget-container\">\n\t\t\t\t\t\t\t\t\t<p>Le statut juridique de <strong>NEP Crystals<\/strong> varies by country. Buyers are responsible for ensuring compliance with local laws and regulations before purchasing or using this product.<\/p>\t\t\t\t\t\t\t\t<\/div>\n\t\t\t\t<\/div>\n\t\t\t\t<div class=\"elementor-element elementor-element-1dfd2b5 elementor-alert-info elementor-widget elementor-widget-alert\" data-id=\"1dfd2b5\" data-element_type=\"widget\" data-e-type=\"widget\" data-widget_type=\"alert.default\">\n\t\t\t\t<div class=\"elementor-widget-container\">\n\t\t\t\t\t\t\t<div class=\"elementor-alert\" role=\"alert\">\n\n\t\t\t\t\t\t<span class=\"elementor-alert-title\">Clause de non-responsabilit\u00e9<\/span>\n\t\t\t\n\t\t\t\t\t\t<span class=\"elementor-alert-description\">Ce produit est strictement destin\u00e9 \u00e0 des fins de recherche et d&#039;analyse uniquement. Il n&#039;est en aucun cas destin\u00e9 \u00e0 la consommation humaine ou animale.<\/span>\n\t\t\t\n\t\t\t\t\t\t<button type=\"button\" class=\"elementor-alert-dismiss\" aria-label=\"Zav\u0159\u00edt toto upozorn\u011bn\u00ed.\" data-no-translation-aria-label=\"\">\n\t\t\t\t\t\t\t\t\t<span aria-hidden=\"true\">\u00d7<\/span>\n\t\t\t\t\t\t\t<\/button>\n\t\t\t\n\t\t<\/div>\n\t\t\t\t\t\t<\/div>\n\t\t\t\t<\/div>\n\t\t\t\t<div class=\"elementor-element elementor-element-c0b5038 elementor-widget elementor-widget-heading\" data-id=\"c0b5038\" data-element_type=\"widget\" data-e-type=\"widget\" data-widget_type=\"heading.default\">\n\t\t\t\t<div class=\"elementor-widget-container\">\n\t\t\t\t\t<h2 class=\"elementor-heading-title elementor-size-default\">Order Your NEP Crystals Today<\/h2>\t\t\t\t<\/div>\n\t\t\t\t<\/div>\n\t\t\t\t<div class=\"elementor-element elementor-element-e96f746 elementor-widget elementor-widget-text-editor\" data-id=\"e96f746\" data-element_type=\"widget\" data-e-type=\"widget\" data-widget_type=\"text-editor.default\">\n\t\t\t\t<div class=\"elementor-widget-container\">\n\t\t\t\t\t\t\t\t\t<p>Optimisez votre recherche avec la solution Chemagora <strong>high-purity NEP Crystals<\/strong>. Trusted by researchers across Europe, our products deliver quality, reliability, and precision.<\/p>\t\t\t\t\t\t\t\t<\/div>\n\t\t\t\t<\/div>\n\t\t\t\t\t<\/div>\n\t\t<\/div>\n\t\t\t\t\t<\/div>\n\t\t<\/section>\n\t\t\t\t<\/div>","protected":false},"excerpt":{"rendered":"<p>Produit chimique de recherche test\u00e9 avec pr\u00e9cision, conforme, fiable et livr\u00e9 avec pr\u00e9cision et soin.<\/p>","protected":false},"featured_media":1958,"comment_status":"open","ping_status":"closed","template":"","meta":{"inline_featured_image":false},"etheme_brands":[],"product_brand":[],"product_cat":[79],"product_tag":[80],"class_list":{"0":"post-504","1":"product","2":"type-product","3":"status-publish","4":"has-post-thumbnail","6":"product_cat-nep","7":"product_tag-nep","9":"first","10":"instock","11":"shipping-taxable","12":"purchasable","13":"product-type-variable"},"_links":{"self":[{"href":"https:\/\/chemagora.eu\/fr\/wp-json\/wp\/v2\/product\/504","targetHints":{"allow":["GET"]}}],"collection":[{"href":"https:\/\/chemagora.eu\/fr\/wp-json\/wp\/v2\/product"}],"about":[{"href":"https:\/\/chemagora.eu\/fr\/wp-json\/wp\/v2\/types\/product"}],"replies":[{"embeddable":true,"href":"https:\/\/chemagora.eu\/fr\/wp-json\/wp\/v2\/comments?post=504"}],"version-history":[{"count":0,"href":"https:\/\/chemagora.eu\/fr\/wp-json\/wp\/v2\/product\/504\/revisions"}],"wp:featuredmedia":[{"embeddable":true,"href":"https:\/\/chemagora.eu\/fr\/wp-json\/wp\/v2\/media\/1958"}],"wp:attachment":[{"href":"https:\/\/chemagora.eu\/fr\/wp-json\/wp\/v2\/media?parent=504"}],"wp:term":[{"taxonomy":"brand","embeddable":true,"href":"https:\/\/chemagora.eu\/fr\/wp-json\/wp\/v2\/etheme_brands?post=504"},{"taxonomy":"product_brand","embeddable":true,"href":"https:\/\/chemagora.eu\/fr\/wp-json\/wp\/v2\/product_brand?post=504"},{"taxonomy":"product_cat","embeddable":true,"href":"https:\/\/chemagora.eu\/fr\/wp-json\/wp\/v2\/product_cat?post=504"},{"taxonomy":"product_tag","embeddable":true,"href":"https:\/\/chemagora.eu\/fr\/wp-json\/wp\/v2\/product_tag?post=504"}],"curies":[{"name":"wp","href":"https:\/\/api.w.org\/{rel}","templated":true}]}}