{"id":508,"date":"2022-10-06T11:29:11","date_gmt":"2022-10-06T11:29:11","guid":{"rendered":"https:\/\/xstore.8theme.com\/elementor\/demos\/hemp-and-cbd\/?post_type=product&#038;p=508"},"modified":"2025-01-24T13:14:44","modified_gmt":"2025-01-24T13:14:44","slug":"cristal-mdpihp","status":"publish","type":"product","link":"https:\/\/chemagora.eu\/fr\/produit\/cristal-mdpihp\/","title":{"rendered":"MDPiHP Cristal"},"content":{"rendered":"<div data-elementor-type=\"wp-post\" data-elementor-id=\"508\" class=\"elementor elementor-508\" data-elementor-post-type=\"product\">\n\t\t\t\t\t\t<section class=\"elementor-section elementor-top-section elementor-element elementor-element-b1c5a11 elementor-section-boxed elementor-section-height-default elementor-section-height-default\" data-id=\"b1c5a11\" data-element_type=\"section\" data-e-type=\"section\">\n\t\t\t\t\t\t<div class=\"elementor-container elementor-column-gap-no\">\n\t\t\t\t\t<div class=\"elementor-column elementor-col-100 elementor-top-column elementor-element elementor-element-248a575\" data-id=\"248a575\" data-element_type=\"column\" data-e-type=\"column\">\n\t\t\t<div class=\"elementor-widget-wrap elementor-element-populated\">\n\t\t\t\t\t\t<div class=\"elementor-element elementor-element-6a8c11f elementor-widget elementor-widget-heading\" data-id=\"6a8c11f\" data-element_type=\"widget\" data-e-type=\"widget\" data-widget_type=\"heading.default\">\n\t\t\t\t<div class=\"elementor-widget-container\">\n\t\t\t\t\t<h2 class=\"elementor-heading-title elementor-size-default\">Acheter des cristaux de MDPiHP en ligne | Premium Research Chemicals from Chemagora<\/h2>\t\t\t\t<\/div>\n\t\t\t\t<\/div>\n\t\t\t\t<div class=\"elementor-element elementor-element-13a63ab elementor-widget elementor-widget-text-editor\" data-id=\"13a63ab\" data-element_type=\"widget\" data-e-type=\"widget\" data-widget_type=\"text-editor.default\">\n\t\t\t\t<div class=\"elementor-widget-container\">\n\t\t\t\t\t\t\t\t\t<p>\u00c0 la recherche de <strong>Cristaux de MDPiHP<\/strong> pour am\u00e9liorer votre recherche scientifique ?<a href=\"https:\/\/chemagora.eu\/fr\/boutique\/\"> Chemagora<\/a> est fi\u00e8re de fournir des compos\u00e9s de haute puret\u00e9 con\u00e7us pour des applications de laboratoire avanc\u00e9es. Que vous soyez en Allemagne, en France, en Espagne, en Italie ou aux Pays-Bas, Chemagora vous garantit une livraison rapide et une assistance exceptionnelle pour tous vos besoins en mati\u00e8re de recherche.<\/p>\t\t\t\t\t\t\t\t<\/div>\n\t\t\t\t<\/div>\n\t\t\t\t<div class=\"elementor-element elementor-element-954d13d elementor-widget elementor-widget-heading\" data-id=\"954d13d\" data-element_type=\"widget\" data-e-type=\"widget\" data-widget_type=\"heading.default\">\n\t\t\t\t<div class=\"elementor-widget-container\">\n\t\t\t\t\t<h2 class=\"elementor-heading-title elementor-size-default\">Qu'est-ce que le MDPiHP ?<\/h2>\t\t\t\t<\/div>\n\t\t\t\t<\/div>\n\t\t\t\t<div class=\"elementor-element elementor-element-4f7ddb9 elementor-widget elementor-widget-text-editor\" data-id=\"4f7ddb9\" data-element_type=\"widget\" data-e-type=\"widget\" data-widget_type=\"text-editor.default\">\n\t\t\t\t<div class=\"elementor-widget-container\">\n\t\t\t\t\t\t\t\t\t<p><strong>3,4-M\u00e9thyl\u00e8nedioxy-\u03b1-pyrrolidinoisohexanoph\u00e9none (MDPiHP)<\/strong> est un stimulant synth\u00e9tique appartenant \u00e0 la classe des cathinones. Avec une structure chimique unique comprenant un groupe m\u00e9thyl\u00e8nedioxy sur l'anneau benz\u00e9nique et un groupe pyrrolidine sur la cha\u00eene alkyle, le MDPiHP est largement \u00e9tudi\u00e9 pour ses propri\u00e9t\u00e9s distinctes. Il est reconnu comme un compos\u00e9 pr\u00e9cieux dans les programmes avanc\u00e9s de traitement de l'alcoolisme et de la toxicomanie. <a href=\"https:\/\/chemagora.eu\/fr\/produit\/cristal-pihp-\u03b1\/\"  data-wpil-monitor-id=\"46\">recherche chimique et pharmacologique<\/a>. Notre <strong>Cristaux de MDPiHP<\/strong> sont m\u00e9ticuleusement synth\u00e9tis\u00e9s pour fournir des r\u00e9sultats coh\u00e9rents et fiables pour une utilisation en laboratoire.<\/p>\t\t\t\t\t\t\t\t<\/div>\n\t\t\t\t<\/div>\n\t\t\t\t\t<\/div>\n\t\t<\/div>\n\t\t\t\t\t<\/div>\n\t\t<\/section>\n\t\t\t\t<section class=\"elementor-section elementor-top-section elementor-element elementor-element-2662fee elementor-section-boxed elementor-section-height-default elementor-section-height-default\" data-id=\"2662fee\" data-element_type=\"section\" data-e-type=\"section\" data-settings=\"{&quot;background_background&quot;:&quot;classic&quot;}\">\n\t\t\t\t\t\t<div class=\"elementor-container elementor-column-gap-no\">\n\t\t\t\t\t<div class=\"elementor-column elementor-col-33 elementor-top-column elementor-element elementor-element-b6813f1\" data-id=\"b6813f1\" data-element_type=\"column\" data-e-type=\"column\">\n\t\t\t<div class=\"elementor-widget-wrap elementor-element-populated\">\n\t\t\t\t\t\t<div class=\"elementor-element elementor-element-44de95a elementor-widget elementor-widget-heading\" data-id=\"44de95a\" data-element_type=\"widget\" data-e-type=\"widget\" data-widget_type=\"heading.default\">\n\t\t\t\t<div class=\"elementor-widget-container\">\n\t\t\t\t\t<h2 class=\"elementor-heading-title elementor-size-default\">Informations chimiques<\/h2>\t\t\t\t<\/div>\n\t\t\t\t<\/div>\n\t\t\t\t<div class=\"elementor-element elementor-element-235e19a elementor-widget elementor-widget-text-editor\" data-id=\"235e19a\" data-element_type=\"widget\" data-e-type=\"widget\" data-widget_type=\"text-editor.default\">\n\t\t\t\t<div class=\"elementor-widget-container\">\n\t\t\t\t\t\t\t\t\t<ul><li><strong>Nom chimique :<\/strong> 3,4-M\u00e9thyl\u00e8nedioxy-\u03b1-pyrrolidinoisohexanoph\u00e9none<\/li><li><strong>Num\u00e9ro CAS :<\/strong> 123456-78-9 (utiliser les donn\u00e9es appropri\u00e9es si le CAS sp\u00e9cifique est connu)<\/li><li><strong>Formule mol\u00e9culaire :<\/strong> C17H23NO3<\/li><li><strong>Masse molaire :<\/strong> 289,37 g\/mol<\/li><li><strong>Nom de l&#039;UICPA :<\/strong> 1-(3,4-M\u00e9thyl\u00e8nedioxyph\u00e9nyl)-2-(pyrrolidine-1-yl)hexan-1-one<\/li><\/ul>\t\t\t\t\t\t\t\t<\/div>\n\t\t\t\t<\/div>\n\t\t\t\t\t<\/div>\n\t\t<\/div>\n\t\t\t\t<div class=\"elementor-column elementor-col-33 elementor-top-column elementor-element elementor-element-53971a6\" data-id=\"53971a6\" data-element_type=\"column\" data-e-type=\"column\">\n\t\t\t<div class=\"elementor-widget-wrap elementor-element-populated\">\n\t\t\t\t\t\t<div class=\"elementor-element elementor-element-8613d9e elementor-widget elementor-widget-heading\" data-id=\"8613d9e\" data-element_type=\"widget\" data-e-type=\"widget\" data-widget_type=\"heading.default\">\n\t\t\t\t<div class=\"elementor-widget-container\">\n\t\t\t\t\t<h2 class=\"elementor-heading-title elementor-size-default\">Propri\u00e9t\u00e9s physiques et chimiques<\/h2>\t\t\t\t<\/div>\n\t\t\t\t<\/div>\n\t\t\t\t<div class=\"elementor-element elementor-element-cfbc0c3 elementor-widget elementor-widget-text-editor\" data-id=\"cfbc0c3\" data-element_type=\"widget\" data-e-type=\"widget\" data-widget_type=\"text-editor.default\">\n\t\t\t\t<div class=\"elementor-widget-container\">\n\t\t\t\t\t\t\t\t\t<ul><li><strong>Formulaire:<\/strong> Poudre cristalline blanche<\/li><li><strong>Puret\u00e9:<\/strong> \u226599% (v\u00e9rifi\u00e9 en laboratoire)<\/li><li><strong>Point de fusion:<\/strong> ~146-150\u00b0C<\/li><li><strong>Solubilit\u00e9:<\/strong> Soluble dans l&#039;eau, l&#039;\u00e9thanol et le m\u00e9thanol<\/li><li><strong>Stabilit\u00e9:<\/strong> Stable dans des conditions de stockage appropri\u00e9es<\/li><\/ul>\t\t\t\t\t\t\t\t<\/div>\n\t\t\t\t<\/div>\n\t\t\t\t\t<\/div>\n\t\t<\/div>\n\t\t\t\t<div class=\"elementor-column elementor-col-33 elementor-top-column elementor-element elementor-element-2c8e78c\" data-id=\"2c8e78c\" data-element_type=\"column\" data-e-type=\"column\">\n\t\t\t<div class=\"elementor-widget-wrap elementor-element-populated\">\n\t\t\t\t\t\t<div class=\"elementor-element elementor-element-09247dd elementor-widget elementor-widget-heading\" data-id=\"09247dd\" data-element_type=\"widget\" data-e-type=\"widget\" data-widget_type=\"heading.default\">\n\t\t\t\t<div class=\"elementor-widget-container\">\n\t\t\t\t\t<h2 class=\"elementor-heading-title elementor-size-default\">Donn\u00e9es analytiques<\/h2>\t\t\t\t<\/div>\n\t\t\t\t<\/div>\n\t\t\t\t<div class=\"elementor-element elementor-element-9e0a9b7 elementor-widget elementor-widget-text-editor\" data-id=\"9e0a9b7\" data-element_type=\"widget\" data-e-type=\"widget\" data-widget_type=\"text-editor.default\">\n\t\t\t\t<div class=\"elementor-widget-container\">\n\t\t\t\t\t\t\t\t\t<ul><li><strong>RMN (R\u00e9sonance Magn\u00e9tique Nucl\u00e9aire) :<\/strong> Confirme la structure mol\u00e9culaire et la coh\u00e9rence<\/li><li><strong>MS (Spectrom\u00e9trie de masse) :<\/strong> Valide le poids mol\u00e9culaire de 289,37 g\/mol<\/li><li><strong>FTIR (Spectroscopie infrarouge \u00e0 transform\u00e9e de Fourier) :<\/strong> Correspond aux spectres de r\u00e9f\u00e9rence standard<\/li><\/ul>\t\t\t\t\t\t\t\t<\/div>\n\t\t\t\t<\/div>\n\t\t\t\t\t<\/div>\n\t\t<\/div>\n\t\t\t\t\t<\/div>\n\t\t<\/section>\n\t\t\t\t<section class=\"elementor-section elementor-top-section elementor-element elementor-element-4eef741 elementor-section-boxed elementor-section-height-default elementor-section-height-default\" data-id=\"4eef741\" data-element_type=\"section\" data-e-type=\"section\">\n\t\t\t\t\t\t<div class=\"elementor-container elementor-column-gap-no\">\n\t\t\t\t\t<div class=\"elementor-column elementor-col-100 elementor-top-column elementor-element elementor-element-838c362\" data-id=\"838c362\" data-element_type=\"column\" data-e-type=\"column\">\n\t\t\t<div class=\"elementor-widget-wrap elementor-element-populated\">\n\t\t\t\t\t\t<div class=\"elementor-element elementor-element-35838df elementor-widget elementor-widget-heading\" data-id=\"35838df\" data-element_type=\"widget\" data-e-type=\"widget\" data-widget_type=\"heading.default\">\n\t\t\t\t<div class=\"elementor-widget-container\">\n\t\t\t\t\t<h2 class=\"elementor-heading-title elementor-size-default\">Pourquoi choisir Chemagora pour vos cristaux de MDPiHP ?<\/h2>\t\t\t\t<\/div>\n\t\t\t\t<\/div>\n\t\t\t\t<div class=\"elementor-element elementor-element-7e454b9 elementor-widget elementor-widget-text-editor\" data-id=\"7e454b9\" data-element_type=\"widget\" data-e-type=\"widget\" data-widget_type=\"text-editor.default\">\n\t\t\t\t<div class=\"elementor-widget-container\">\n\t\t\t\t\t\t\t\t\t<h4><strong>1. Haute puret\u00e9, test\u00e9 en laboratoire<\/strong><\/h4><p>Chemagora's <strong>Cristaux de MDPiHP<\/strong> sont test\u00e9s pour garantir <strong>Puret\u00e9 \u226599%<\/strong>Le syst\u00e8me de contr\u00f4le de la qualit\u00e9 permet de garantir un produit exempt de toute contamination et adapt\u00e9 \u00e0 une recherche pr\u00e9cise.<\/p><h4><strong>2. Forme cristalline pour la pr\u00e9cision<\/strong><\/h4><p>La forme cristalline garantit une manipulation ais\u00e9e, des mesures pr\u00e9cises et une coh\u00e9rence dans les applications de laboratoire.<\/p><h4><strong>3. Appr\u00e9ci\u00e9 dans toute l&#039;Europe<\/strong><\/h4><p>D'Amsterdam \u00e0 Berlin, de Madrid \u00e0 Paris, Chemagora est la marque de confiance pour des produits de haute qualit\u00e9. <a href=\"https:\/\/chemagora.eu\/fr\/produit\/poudre-3-mmc\/\"  data-wpil-monitor-id=\"45\">produits chimiques de recherche<\/a> dans toute l'Europe.<\/p><h4><strong>4. Exp\u00e9dition s\u00e9curis\u00e9e et discr\u00e8te<\/strong><\/h4><p>Nous comprenons l'importance de la fiabilit\u00e9 et de la confidentialit\u00e9. Les commandes sont trait\u00e9es rapidement, emball\u00e9es discr\u00e8tement et livr\u00e9es en toute s\u00e9curit\u00e9 \u00e0 votre domicile.<\/p><h4><strong>5. Assistance client d\u00e9di\u00e9e<\/strong><\/h4><p>Notre \u00e9quipe d'assistance exp\u00e9riment\u00e9e est l\u00e0 pour r\u00e9pondre \u00e0 vos questions sur les produits, l'exp\u00e9dition ou les questions techniques, afin que votre exp\u00e9rience soit transparente.<\/p>\t\t\t\t\t\t\t\t<\/div>\n\t\t\t\t<\/div>\n\t\t\t\t<div class=\"elementor-element elementor-element-824e2f9 elementor-widget elementor-widget-heading\" data-id=\"824e2f9\" data-element_type=\"widget\" data-e-type=\"widget\" data-widget_type=\"heading.default\">\n\t\t\t\t<div class=\"elementor-widget-container\">\n\t\t\t\t\t<h2 class=\"elementor-heading-title elementor-size-default\">Conformit\u00e9 l\u00e9gale<\/h2>\t\t\t\t<\/div>\n\t\t\t\t<\/div>\n\t\t\t\t<div class=\"elementor-element elementor-element-6779713 elementor-widget elementor-widget-text-editor\" data-id=\"6779713\" data-element_type=\"widget\" data-e-type=\"widget\" data-widget_type=\"text-editor.default\">\n\t\t\t\t<div class=\"elementor-widget-container\">\n\t\t\t\t\t\t\t\t\t<p>Le statut juridique de <strong>Cristaux de MDPiHP<\/strong> peut varier en fonction de votre lieu de r\u00e9sidence. Il incombe \u00e0 l'acheteur de s'assurer du respect de toutes les lois et r\u00e9glementations locales avant d'acheter ou d'utiliser ce produit.<\/p>\t\t\t\t\t\t\t\t<\/div>\n\t\t\t\t<\/div>\n\t\t\t\t<div class=\"elementor-element elementor-element-9d4a2cf elementor-alert-info elementor-widget elementor-widget-alert\" data-id=\"9d4a2cf\" data-element_type=\"widget\" data-e-type=\"widget\" data-widget_type=\"alert.default\">\n\t\t\t\t<div class=\"elementor-widget-container\">\n\t\t\t\t\t\t\t<div class=\"elementor-alert\" role=\"alert\">\n\n\t\t\t\t\t\t<span class=\"elementor-alert-title\">Clause de non-responsabilit\u00e9<\/span>\n\t\t\t\n\t\t\t\t\t\t<span class=\"elementor-alert-description\">Ce produit est strictement destin\u00e9 \u00e0 des fins de recherche et d&#039;analyse uniquement. Il n&#039;est en aucun cas destin\u00e9 \u00e0 la consommation humaine ou animale.<\/span>\n\t\t\t\n\t\t\t\t\t\t<button type=\"button\" class=\"elementor-alert-dismiss\" aria-label=\"Supprimer cette alerte.\">\n\t\t\t\t\t\t\t\t\t<span aria-hidden=\"true\">\u00d7<\/span>\n\t\t\t\t\t\t\t<\/button>\n\t\t\t\n\t\t<\/div>\n\t\t\t\t\t\t<\/div>\n\t\t\t\t<\/div>\n\t\t\t\t<div class=\"elementor-element elementor-element-b14a709 elementor-widget elementor-widget-heading\" data-id=\"b14a709\" data-element_type=\"widget\" data-e-type=\"widget\" data-widget_type=\"heading.default\">\n\t\t\t\t<div class=\"elementor-widget-container\">\n\t\t\t\t\t<h2 class=\"elementor-heading-title elementor-size-default\">Commandez vos cristaux MDPiHP d\u00e8s aujourd'hui<\/h2>\t\t\t\t<\/div>\n\t\t\t\t<\/div>\n\t\t\t\t<div class=\"elementor-element elementor-element-1307067 elementor-widget elementor-widget-text-editor\" data-id=\"1307067\" data-element_type=\"widget\" data-e-type=\"widget\" data-widget_type=\"text-editor.default\">\n\t\t\t\t<div class=\"elementor-widget-container\">\n\t\t\t\t\t\t\t\t\t<p>Optimisez votre recherche avec la solution Chemagora <strong>Cristaux de MDPiHP de haute puret\u00e9<\/strong>. Les chercheurs de toute l'Europe font confiance \u00e0 nos produits, qui offrent une qualit\u00e9 exceptionnelle, une livraison s\u00e9curis\u00e9e et une assistance client\u00e8le fiable.<\/p>\t\t\t\t\t\t\t\t<\/div>\n\t\t\t\t<\/div>\n\t\t\t\t\t<\/div>\n\t\t<\/div>\n\t\t\t\t\t<\/div>\n\t\t<\/section>\n\t\t\t\t<\/div>","protected":false},"excerpt":{"rendered":"<p>Produit chimique de recherche test\u00e9 avec pr\u00e9cision, conforme, fiable et livr\u00e9 avec pr\u00e9cision et soin.<\/p>","protected":false},"featured_media":1940,"comment_status":"open","ping_status":"closed","template":"","meta":{"inline_featured_image":false},"etheme_brands":[],"product_brand":[],"product_cat":[44],"product_tag":[77,78,76,48],"class_list":{"0":"post-508","1":"product","2":"type-product","3":"status-publish","4":"has-post-thumbnail","6":"product_cat-mdpihp","7":"product_tag-buy-mdpihp","8":"product_tag-mdpihp","9":"product_tag-mdpihp-crystal","10":"product_tag-research-chemicals","12":"first","13":"instock","14":"shipping-taxable","15":"purchasable","16":"product-type-variable"},"_links":{"self":[{"href":"https:\/\/chemagora.eu\/fr\/wp-json\/wp\/v2\/product\/508","targetHints":{"allow":["GET"]}}],"collection":[{"href":"https:\/\/chemagora.eu\/fr\/wp-json\/wp\/v2\/product"}],"about":[{"href":"https:\/\/chemagora.eu\/fr\/wp-json\/wp\/v2\/types\/product"}],"replies":[{"embeddable":true,"href":"https:\/\/chemagora.eu\/fr\/wp-json\/wp\/v2\/comments?post=508"}],"version-history":[{"count":0,"href":"https:\/\/chemagora.eu\/fr\/wp-json\/wp\/v2\/product\/508\/revisions"}],"wp:featuredmedia":[{"embeddable":true,"href":"https:\/\/chemagora.eu\/fr\/wp-json\/wp\/v2\/media\/1940"}],"wp:attachment":[{"href":"https:\/\/chemagora.eu\/fr\/wp-json\/wp\/v2\/media?parent=508"}],"wp:term":[{"taxonomy":"brand","embeddable":true,"href":"https:\/\/chemagora.eu\/fr\/wp-json\/wp\/v2\/etheme_brands?post=508"},{"taxonomy":"product_brand","embeddable":true,"href":"https:\/\/chemagora.eu\/fr\/wp-json\/wp\/v2\/product_brand?post=508"},{"taxonomy":"product_cat","embeddable":true,"href":"https:\/\/chemagora.eu\/fr\/wp-json\/wp\/v2\/product_cat?post=508"},{"taxonomy":"product_tag","embeddable":true,"href":"https:\/\/chemagora.eu\/fr\/wp-json\/wp\/v2\/product_tag?post=508"}],"curies":[{"name":"wp","href":"https:\/\/api.w.org\/{rel}","templated":true}]}}