{"id":512,"date":"2022-10-06T11:29:12","date_gmt":"2022-10-06T11:29:12","guid":{"rendered":"https:\/\/xstore.8theme.com\/elementor\/demos\/hemp-and-cbd\/?post_type=product&#038;p=512"},"modified":"2025-09-04T04:03:46","modified_gmt":"2025-09-04T04:03:46","slug":"poudre-mdphp","status":"publish","type":"product","link":"https:\/\/chemagora.eu\/fr\/produit\/poudre-mdphp\/","title":{"rendered":"Poudre de MDPHP"},"content":{"rendered":"<div data-elementor-type=\"wp-post\" data-elementor-id=\"512\" class=\"elementor elementor-512\" data-elementor-post-type=\"product\">\n\t\t\t\t\t\t<section class=\"elementor-section elementor-top-section elementor-element elementor-element-e05377e elementor-section-boxed elementor-section-height-default elementor-section-height-default\" data-id=\"e05377e\" data-element_type=\"section\" data-e-type=\"section\">\n\t\t\t\t\t\t<div class=\"elementor-container elementor-column-gap-no\">\n\t\t\t\t\t<div class=\"elementor-column elementor-col-100 elementor-top-column elementor-element elementor-element-5be546f\" data-id=\"5be546f\" data-element_type=\"column\" data-e-type=\"column\">\n\t\t\t<div class=\"elementor-widget-wrap elementor-element-populated\">\n\t\t\t\t\t\t<div class=\"elementor-element elementor-element-3a513b0 elementor-widget elementor-widget-heading\" data-id=\"3a513b0\" data-element_type=\"widget\" data-e-type=\"widget\" data-widget_type=\"heading.default\">\n\t\t\t\t<div class=\"elementor-widget-container\">\n\t\t\t\t\t<h2 class=\"elementor-heading-title elementor-size-default\">Achetez de la poudre MDPHP en ligne | Produits chimiques de recherche de haute puret\u00e9 de Chemagora<\/h2>\t\t\t\t<\/div>\n\t\t\t\t<\/div>\n\t\t\t\t<div class=\"elementor-element elementor-element-8d81f9d elementor-widget elementor-widget-text-editor\" data-id=\"8d81f9d\" data-element_type=\"widget\" data-e-type=\"widget\" data-widget_type=\"text-editor.default\">\n\t\t\t\t<div class=\"elementor-widget-container\">\n\t\t\t\t\t\t\t\t\t<p>\u00c0 la recherche de <strong>Poudre de MDPHP<\/strong> pour soutenir votre recherche de pointe ? <a href=\"https:\/\/chemagora.eu\/fr\/boutique\/\">Chemagora<\/a> est l\u00e0 pour fournir des produits chimiques de recherche de haute puret\u00e9 aux laboratoires et aux scientifiques de toute l&#039;Europe. Que vous soyez en Allemagne, en France, en Italie, en Espagne ou aux Pays-Bas, nous garantissons une livraison rapide, des produits de qualit\u00e9 sup\u00e9rieure et un service client exceptionnel.<\/p>\t\t\t\t\t\t\t\t<\/div>\n\t\t\t\t<\/div>\n\t\t\t\t<div class=\"elementor-element elementor-element-2091812 elementor-widget elementor-widget-heading\" data-id=\"2091812\" data-element_type=\"widget\" data-e-type=\"widget\" data-widget_type=\"heading.default\">\n\t\t\t\t<div class=\"elementor-widget-container\">\n\t\t\t\t\t<h2 class=\"elementor-heading-title elementor-size-default\">Qu&#039;est-ce que MDPHP?<\/h2>\t\t\t\t<\/div>\n\t\t\t\t<\/div>\n\t\t\t\t<div class=\"elementor-element elementor-element-3a1c6f2 elementor-widget elementor-widget-text-editor\" data-id=\"3a1c6f2\" data-element_type=\"widget\" data-e-type=\"widget\" data-widget_type=\"text-editor.default\">\n\t\t\t\t<div class=\"elementor-widget-container\">\n\t\t\t\t\t\t\t\t\t<p><strong>3\u2032,4\u2032-M\u00e9thyl\u00e8nedioxy-\u03b1-pyrrolidinohexioph\u00e9none (MDPHP)<\/strong> est une cathinone synth\u00e9tique et un membre de la classe des pyrrolidines. Connu pour ses propri\u00e9t\u00e9s chimiques uniques, le MDPHP pr\u00e9sente un groupe m\u00e9thyl\u00e8nedioxy attach\u00e9 au cycle benz\u00e9nique et une cha\u00eene lat\u00e9rale alkyle \u00e9tendue, ce qui en fait un compos\u00e9 int\u00e9ressant pour les applications avanc\u00e9es <a href=\"https:\/\/chemagora.eu\/fr\/produit\/cristal-pihp-\u03b1\/\"  data-wpil-monitor-id=\"40\">recherche chimique et pharmacologique<\/a>. Notre <strong>Poudre de MDPHP<\/strong> est produit et test\u00e9 pour offrir une qualit\u00e9 sup\u00e9rieure pour des r\u00e9sultats fiables dans les applications de laboratoire.<\/p>\t\t\t\t\t\t\t\t<\/div>\n\t\t\t\t<\/div>\n\t\t\t\t\t<\/div>\n\t\t<\/div>\n\t\t\t\t\t<\/div>\n\t\t<\/section>\n\t\t\t\t<section class=\"elementor-section elementor-top-section elementor-element elementor-element-c651a03 elementor-section-boxed elementor-section-height-default elementor-section-height-default\" data-id=\"c651a03\" data-element_type=\"section\" data-e-type=\"section\" data-settings=\"{&quot;background_background&quot;:&quot;classic&quot;}\">\n\t\t\t\t\t\t<div class=\"elementor-container elementor-column-gap-no\">\n\t\t\t\t\t<div class=\"elementor-column elementor-col-33 elementor-top-column elementor-element elementor-element-906e496\" data-id=\"906e496\" data-element_type=\"column\" data-e-type=\"column\">\n\t\t\t<div class=\"elementor-widget-wrap elementor-element-populated\">\n\t\t\t\t\t\t<div class=\"elementor-element elementor-element-20df48e elementor-widget elementor-widget-heading\" data-id=\"20df48e\" data-element_type=\"widget\" data-e-type=\"widget\" data-widget_type=\"heading.default\">\n\t\t\t\t<div class=\"elementor-widget-container\">\n\t\t\t\t\t<h2 class=\"elementor-heading-title elementor-size-default\">Informations chimiques<\/h2>\t\t\t\t<\/div>\n\t\t\t\t<\/div>\n\t\t\t\t<div class=\"elementor-element elementor-element-6f7251b elementor-widget elementor-widget-text-editor\" data-id=\"6f7251b\" data-element_type=\"widget\" data-e-type=\"widget\" data-widget_type=\"text-editor.default\">\n\t\t\t\t<div class=\"elementor-widget-container\">\n\t\t\t\t\t\t\t\t\t<ul><li><strong>Nom chimique :<\/strong> 3\u2032,4\u2032-M\u00e9thyl\u00e8nedioxy-\u03b1-pyrrolidinohexioph\u00e9none<\/li><li><strong>Num\u00e9ro CAS :<\/strong> 776994-64-0<\/li><li><strong>Formule mol\u00e9culaire :<\/strong> C17H23NO3<\/li><li><strong>Masse molaire :<\/strong> 289,37 g\/mol<\/li><li><strong>Nom de l&#039;UICPA :<\/strong> 1-(benzo[d][1,3]dioxol-5-yl)-2-(pyrrolidin-1-yl)hexan-1-one<\/li><\/ul>\t\t\t\t\t\t\t\t<\/div>\n\t\t\t\t<\/div>\n\t\t\t\t\t<\/div>\n\t\t<\/div>\n\t\t\t\t<div class=\"elementor-column elementor-col-33 elementor-top-column elementor-element elementor-element-8f8d918\" data-id=\"8f8d918\" data-element_type=\"column\" data-e-type=\"column\">\n\t\t\t<div class=\"elementor-widget-wrap elementor-element-populated\">\n\t\t\t\t\t\t<div class=\"elementor-element elementor-element-0c8afdd elementor-widget elementor-widget-heading\" data-id=\"0c8afdd\" data-element_type=\"widget\" data-e-type=\"widget\" data-widget_type=\"heading.default\">\n\t\t\t\t<div class=\"elementor-widget-container\">\n\t\t\t\t\t<h2 class=\"elementor-heading-title elementor-size-default\">Propri\u00e9t\u00e9s physiques et chimiques<\/h2>\t\t\t\t<\/div>\n\t\t\t\t<\/div>\n\t\t\t\t<div class=\"elementor-element elementor-element-e35d26c elementor-widget elementor-widget-text-editor\" data-id=\"e35d26c\" data-element_type=\"widget\" data-e-type=\"widget\" data-widget_type=\"text-editor.default\">\n\t\t\t\t<div class=\"elementor-widget-container\">\n\t\t\t\t\t\t\t\t\t<ul><li><strong>Formulaire:<\/strong> Poudre fine blanche<\/li><li><strong>Puret\u00e9:<\/strong> \u226599% (test\u00e9 et v\u00e9rifi\u00e9 en laboratoire)<\/li><li><strong>Point de fusion:<\/strong> ~120\u2013125\u00b0C<\/li><li><strong>Solubilit\u00e9:<\/strong> Soluble dans l&#039;eau, l&#039;\u00e9thanol et le m\u00e9thanol<\/li><li><strong>Stabilit\u00e9:<\/strong> Stable lorsqu&#039;il est stock\u00e9 dans les conditions recommand\u00e9es<\/li><\/ul>\t\t\t\t\t\t\t\t<\/div>\n\t\t\t\t<\/div>\n\t\t\t\t\t<\/div>\n\t\t<\/div>\n\t\t\t\t<div class=\"elementor-column elementor-col-33 elementor-top-column elementor-element elementor-element-dc59bc6\" data-id=\"dc59bc6\" data-element_type=\"column\" data-e-type=\"column\">\n\t\t\t<div class=\"elementor-widget-wrap elementor-element-populated\">\n\t\t\t\t\t\t<div class=\"elementor-element elementor-element-f5e52d9 elementor-widget elementor-widget-heading\" data-id=\"f5e52d9\" data-element_type=\"widget\" data-e-type=\"widget\" data-widget_type=\"heading.default\">\n\t\t\t\t<div class=\"elementor-widget-container\">\n\t\t\t\t\t<h2 class=\"elementor-heading-title elementor-size-default\">Donn\u00e9es analytiques<\/h2>\t\t\t\t<\/div>\n\t\t\t\t<\/div>\n\t\t\t\t<div class=\"elementor-element elementor-element-513a9cf elementor-widget elementor-widget-text-editor\" data-id=\"513a9cf\" data-element_type=\"widget\" data-e-type=\"widget\" data-widget_type=\"text-editor.default\">\n\t\t\t\t<div class=\"elementor-widget-container\">\n\t\t\t\t\t\t\t\t\t<ul><li><strong>RMN (R\u00e9sonance Magn\u00e9tique Nucl\u00e9aire) :<\/strong> Confirme la structure mol\u00e9culaire<\/li><li><strong>MS (Spectrom\u00e9trie de masse) :<\/strong> Correspond \u00e0 un poids mol\u00e9culaire de 289,37 g\/mol<\/li><li><strong>FTIR (Spectroscopie infrarouge \u00e0 transform\u00e9e de Fourier) :<\/strong> Correspond aux spectres de r\u00e9f\u00e9rence pour MDPHP<\/li><\/ul>\t\t\t\t\t\t\t\t<\/div>\n\t\t\t\t<\/div>\n\t\t\t\t\t<\/div>\n\t\t<\/div>\n\t\t\t\t\t<\/div>\n\t\t<\/section>\n\t\t\t\t<section class=\"elementor-section elementor-top-section elementor-element elementor-element-fdff062 elementor-section-boxed elementor-section-height-default elementor-section-height-default\" data-id=\"fdff062\" data-element_type=\"section\" data-e-type=\"section\">\n\t\t\t\t\t\t<div class=\"elementor-container elementor-column-gap-no\">\n\t\t\t\t\t<div class=\"elementor-column elementor-col-100 elementor-top-column elementor-element elementor-element-b21049e\" data-id=\"b21049e\" data-element_type=\"column\" data-e-type=\"column\">\n\t\t\t<div class=\"elementor-widget-wrap elementor-element-populated\">\n\t\t\t\t\t\t<div class=\"elementor-element elementor-element-c433251 elementor-widget elementor-widget-heading\" data-id=\"c433251\" data-element_type=\"widget\" data-e-type=\"widget\" data-widget_type=\"heading.default\">\n\t\t\t\t<div class=\"elementor-widget-container\">\n\t\t\t\t\t<h2 class=\"elementor-heading-title elementor-size-default\">Pourquoi choisir Chemagora pour votre poudre MDPHP ?<\/h2>\t\t\t\t<\/div>\n\t\t\t\t<\/div>\n\t\t\t\t<div class=\"elementor-element elementor-element-c9f9a37 elementor-widget elementor-widget-text-editor\" data-id=\"c9f9a37\" data-element_type=\"widget\" data-e-type=\"widget\" data-widget_type=\"text-editor.default\">\n\t\t\t\t<div class=\"elementor-widget-container\">\n\t\t\t\t\t\t\t\t\t<h4><strong>1. Une puret\u00e9 sans compromis<\/strong><\/h4><p>Notre <strong>Poudre de MDPHP<\/strong> est test\u00e9 en laboratoire pour garantir <strong>Puret\u00e9 \u226599%<\/strong>, offrant aux chercheurs un produit exempt de contaminants.<\/p><h4><strong>2. Forme de poudre facile \u00e0 utiliser<\/strong><\/h4><p>La forme de poudre fine garantit des mesures pr\u00e9cises, une manipulation facile et une application pr\u00e9cise, ce qui la rend adapt\u00e9e aux proc\u00e9dures de laboratoire complexes.<\/p><h4><strong>3. Appr\u00e9ci\u00e9 dans toute l&#039;Europe<\/strong><\/h4><p>D&#039;Amsterdam \u00e0 Berlin, de Paris \u00e0 Madrid, Chemagora est le fournisseur de r\u00e9f\u00e9rence des professionnels de la recherche \u00e0 travers l&#039;Europe, r\u00e9put\u00e9 pour notre engagement en mati\u00e8re de qualit\u00e9 et de conformit\u00e9.<\/p><h4><strong>4. Exp\u00e9dition rapide et s\u00e9curis\u00e9e<\/strong><\/h4><p>Toutes les commandes sont trait\u00e9es rapidement et exp\u00e9di\u00e9es dans un emballage discret et inviolable pour garantir que votre produit arrive en toute s\u00e9curit\u00e9 et \u00e0 temps.<\/p><h4><strong>5. Assistance client d\u00e9di\u00e9e<\/strong><\/h4><p>Notre \u00e9quipe exp\u00e9riment\u00e9e est pr\u00eate \u00e0 r\u00e9pondre \u00e0 toutes vos demandes, en veillant \u00e0 ce que vous disposiez de toute l&#039;assistance dont vous avez besoin tout au long de votre achat et au-del\u00e0.<\/p>\t\t\t\t\t\t\t\t<\/div>\n\t\t\t\t<\/div>\n\t\t\t\t<div class=\"elementor-element elementor-element-5481a2b elementor-widget elementor-widget-heading\" data-id=\"5481a2b\" data-element_type=\"widget\" data-e-type=\"widget\" data-widget_type=\"heading.default\">\n\t\t\t\t<div class=\"elementor-widget-container\">\n\t\t\t\t\t<h2 class=\"elementor-heading-title elementor-size-default\">Conformit\u00e9 l\u00e9gale<\/h2>\t\t\t\t<\/div>\n\t\t\t\t<\/div>\n\t\t\t\t<div class=\"elementor-element elementor-element-d430f49 elementor-widget elementor-widget-text-editor\" data-id=\"d430f49\" data-element_type=\"widget\" data-e-type=\"widget\" data-widget_type=\"text-editor.default\">\n\t\t\t\t<div class=\"elementor-widget-container\">\n\t\t\t\t\t\t\t\t\t<p>Le statut juridique de <strong>Poudre de MDPHP<\/strong> varie selon les pays. Il est de la responsabilit\u00e9 de l&#039;acheteur de s&#039;assurer du respect de toutes les lois et r\u00e9glementations applicables avant d&#039;acheter ou d&#039;utiliser ce produit.<\/p>\t\t\t\t\t\t\t\t<\/div>\n\t\t\t\t<\/div>\n\t\t\t\t<div class=\"elementor-element elementor-element-a2d5024 elementor-alert-info elementor-widget elementor-widget-alert\" data-id=\"a2d5024\" data-element_type=\"widget\" data-e-type=\"widget\" data-widget_type=\"alert.default\">\n\t\t\t\t<div class=\"elementor-widget-container\">\n\t\t\t\t\t\t\t<div class=\"elementor-alert\" role=\"alert\">\n\n\t\t\t\t\t\t<span class=\"elementor-alert-title\">Clause de non-responsabilit\u00e9<\/span>\n\t\t\t\n\t\t\t\t\t\t<span class=\"elementor-alert-description\">Ce produit est strictement destin\u00e9 \u00e0 des fins de recherche et d&#039;analyse uniquement. Il n&#039;est en aucun cas destin\u00e9 \u00e0 la consommation humaine ou animale.<\/span>\n\t\t\t\n\t\t\t\t\t\t<button type=\"button\" class=\"elementor-alert-dismiss\" aria-label=\"Supprimer cette alerte.\">\n\t\t\t\t\t\t\t\t\t<span aria-hidden=\"true\">\u00d7<\/span>\n\t\t\t\t\t\t\t<\/button>\n\t\t\t\n\t\t<\/div>\n\t\t\t\t\t\t<\/div>\n\t\t\t\t<\/div>\n\t\t\t\t<div class=\"elementor-element elementor-element-ea09a13 elementor-widget elementor-widget-heading\" data-id=\"ea09a13\" data-element_type=\"widget\" data-e-type=\"widget\" data-widget_type=\"heading.default\">\n\t\t\t\t<div class=\"elementor-widget-container\">\n\t\t\t\t\t<h2 class=\"elementor-heading-title elementor-size-default\">Commandez votre poudre MDPHP aujourd&#039;hui<\/h2>\t\t\t\t<\/div>\n\t\t\t\t<\/div>\n\t\t\t\t<div class=\"elementor-element elementor-element-abc501c elementor-widget elementor-widget-text-editor\" data-id=\"abc501c\" data-element_type=\"widget\" data-e-type=\"widget\" data-widget_type=\"text-editor.default\">\n\t\t\t\t<div class=\"elementor-widget-container\">\n\t\t\t\t\t\t\t\t\t<p>Faites passer vos recherches au niveau sup\u00e9rieur avec Chemagora <strong>Poudre MDPHP de haute puret\u00e9<\/strong>Appr\u00e9ci\u00e9s par les scientifiques de toute l\u2019Europe, nos produits offrent qualit\u00e9, fiabilit\u00e9 et r\u00e9sultats coh\u00e9rents.<\/p>\t\t\t\t\t\t\t\t<\/div>\n\t\t\t\t<\/div>\n\t\t\t\t\t<\/div>\n\t\t<\/div>\n\t\t\t\t\t<\/div>\n\t\t<\/section>\n\t\t\t\t<\/div>","protected":false},"excerpt":{"rendered":"<p>Produit chimique de recherche test\u00e9 avec pr\u00e9cision, conforme, fiable et livr\u00e9 avec pr\u00e9cision et soin.<\/p>","protected":false},"featured_media":1918,"comment_status":"open","ping_status":"closed","template":"","meta":{"inline_featured_image":false},"etheme_brands":[],"product_brand":[],"product_cat":[43],"product_tag":[],"class_list":{"0":"post-512","1":"product","2":"type-product","3":"status-publish","4":"has-post-thumbnail","6":"product_cat-mdphp","8":"first","9":"instock","10":"shipping-taxable","11":"purchasable","12":"product-type-variable"},"_links":{"self":[{"href":"https:\/\/chemagora.eu\/fr\/wp-json\/wp\/v2\/product\/512","targetHints":{"allow":["GET"]}}],"collection":[{"href":"https:\/\/chemagora.eu\/fr\/wp-json\/wp\/v2\/product"}],"about":[{"href":"https:\/\/chemagora.eu\/fr\/wp-json\/wp\/v2\/types\/product"}],"replies":[{"embeddable":true,"href":"https:\/\/chemagora.eu\/fr\/wp-json\/wp\/v2\/comments?post=512"}],"version-history":[{"count":0,"href":"https:\/\/chemagora.eu\/fr\/wp-json\/wp\/v2\/product\/512\/revisions"}],"wp:featuredmedia":[{"embeddable":true,"href":"https:\/\/chemagora.eu\/fr\/wp-json\/wp\/v2\/media\/1918"}],"wp:attachment":[{"href":"https:\/\/chemagora.eu\/fr\/wp-json\/wp\/v2\/media?parent=512"}],"wp:term":[{"taxonomy":"brand","embeddable":true,"href":"https:\/\/chemagora.eu\/fr\/wp-json\/wp\/v2\/etheme_brands?post=512"},{"taxonomy":"product_brand","embeddable":true,"href":"https:\/\/chemagora.eu\/fr\/wp-json\/wp\/v2\/product_brand?post=512"},{"taxonomy":"product_cat","embeddable":true,"href":"https:\/\/chemagora.eu\/fr\/wp-json\/wp\/v2\/product_cat?post=512"},{"taxonomy":"product_tag","embeddable":true,"href":"https:\/\/chemagora.eu\/fr\/wp-json\/wp\/v2\/product_tag?post=512"}],"curies":[{"name":"wp","href":"https:\/\/api.w.org\/{rel}","templated":true}]}}