{"id":520,"date":"2022-10-06T11:29:15","date_gmt":"2022-10-06T11:29:15","guid":{"rendered":"https:\/\/xstore.8theme.com\/elementor\/demos\/hemp-and-cbd\/?post_type=product&#038;p=520"},"modified":"2025-01-24T12:02:11","modified_gmt":"2025-01-24T12:02:11","slug":"\u03b1-php-pellets","status":"publish","type":"product","link":"https:\/\/chemagora.eu\/fr\/produit\/\u03b1-php-pellets\/","title":{"rendered":"Pastilles A-PHP"},"content":{"rendered":"<div data-elementor-type=\"wp-post\" data-elementor-id=\"520\" class=\"elementor elementor-520\" data-elementor-post-type=\"product\">\n\t\t\t\t\t\t<section class=\"elementor-section elementor-top-section elementor-element elementor-element-4d4e633 elementor-section-boxed elementor-section-height-default elementor-section-height-default\" data-id=\"4d4e633\" data-element_type=\"section\" data-e-type=\"section\">\n\t\t\t\t\t\t<div class=\"elementor-container elementor-column-gap-no\">\n\t\t\t\t\t<div class=\"elementor-column elementor-col-100 elementor-top-column elementor-element elementor-element-d24df5f\" data-id=\"d24df5f\" data-element_type=\"column\" data-e-type=\"column\">\n\t\t\t<div class=\"elementor-widget-wrap elementor-element-populated\">\n\t\t\t\t\t\t<div class=\"elementor-element elementor-element-6014e9f elementor-widget elementor-widget-heading\" data-id=\"6014e9f\" data-element_type=\"widget\" data-e-type=\"widget\" data-widget_type=\"heading.default\">\n\t\t\t\t<div class=\"elementor-widget-container\">\n\t\t\t\t\t<h2 class=\"elementor-heading-title elementor-size-default\">Acheter des pastilles \u03b1-PHP en ligne | Produits chimiques de recherche de haute puret\u00e9 de Chemagora<\/h2>\t\t\t\t<\/div>\n\t\t\t\t<\/div>\n\t\t\t\t<div class=\"elementor-element elementor-element-2bab0b3 elementor-widget elementor-widget-text-editor\" data-id=\"2bab0b3\" data-element_type=\"widget\" data-e-type=\"widget\" data-widget_type=\"text-editor.default\">\n\t\t\t\t<div class=\"elementor-widget-container\">\n\t\t\t\t\t\t\t\t\t<p>\u00c0 la recherche d'une qualit\u00e9 sup\u00e9rieure <strong>Pastilles d&#039;\u03b1-PHP<\/strong> pour am\u00e9liorer votre recherche ? <a href=\"https:\/\/chemagora.eu\/fr\/boutique\/\">Chemagora<\/a> est le nom de confiance des chercheurs et des laboratoires \u00e0 travers l'Europe, offrant des produits de haute puret\u00e9 soutenus par des exp\u00e9ditions s\u00e9curis\u00e9es et un support client exceptionnel. Que vous soyez bas\u00e9 en Allemagne, en France, en Espagne, en Italie ou aux Pays-Bas, nos produits de haute puret\u00e9 sont disponibles en ligne. <strong>Pastilles d&#039;\u03b1-PHP<\/strong> sont la solution id\u00e9ale pour vos <a href=\"http:\/\/sky-chemicals.com\" target=\"_blank\" rel=\"noopener\">laboratoire<\/a> besoins.<\/p>\t\t\t\t\t\t\t\t<\/div>\n\t\t\t\t<\/div>\n\t\t\t\t<div class=\"elementor-element elementor-element-2c0e9ec elementor-widget elementor-widget-heading\" data-id=\"2c0e9ec\" data-element_type=\"widget\" data-e-type=\"widget\" data-widget_type=\"heading.default\">\n\t\t\t\t<div class=\"elementor-widget-container\">\n\t\t\t\t\t<h2 class=\"elementor-heading-title elementor-size-default\">Qu'est-ce que l'\u03b1-PHP ?<\/h2>\t\t\t\t<\/div>\n\t\t\t\t<\/div>\n\t\t\t\t<div class=\"elementor-element elementor-element-bb9ddb7 elementor-widget elementor-widget-text-editor\" data-id=\"bb9ddb7\" data-element_type=\"widget\" data-e-type=\"widget\" data-widget_type=\"text-editor.default\">\n\t\t\t\t<div class=\"elementor-widget-container\">\n\t\t\t\t\t\t\t\t\t<p><strong>\u03b1-Pyrrolidinohexioph\u00e9none (\u03b1-PHP)<\/strong> est une cathinone synth\u00e9tique connue pour sa structure chimique et ses propri\u00e9t\u00e9s uniques. D\u00e9riv\u00e9 de l'\u03b1-PVP, l'\u03b1-PHP pr\u00e9sente une cha\u00eene alkyle \u00e9tendue, ce qui lui conf\u00e8re des caract\u00e9ristiques distinctes qui en font un compos\u00e9 important pour la recherche chimique avanc\u00e9e. Livr\u00e9 sous forme de granul\u00e9s, ce produit assure une manipulation facile et une application pr\u00e9cise, ce qui en fait un choix populaire parmi les scientifiques.<\/p>\t\t\t\t\t\t\t\t<\/div>\n\t\t\t\t<\/div>\n\t\t\t\t\t<\/div>\n\t\t<\/div>\n\t\t\t\t\t<\/div>\n\t\t<\/section>\n\t\t\t\t<section class=\"elementor-section elementor-top-section elementor-element elementor-element-992eccc elementor-section-boxed elementor-section-height-default elementor-section-height-default\" data-id=\"992eccc\" data-element_type=\"section\" data-e-type=\"section\" data-settings=\"{&quot;background_background&quot;:&quot;classic&quot;}\">\n\t\t\t\t\t\t<div class=\"elementor-container elementor-column-gap-no\">\n\t\t\t\t\t<div class=\"elementor-column elementor-col-33 elementor-top-column elementor-element elementor-element-4d253b2\" data-id=\"4d253b2\" data-element_type=\"column\" data-e-type=\"column\">\n\t\t\t<div class=\"elementor-widget-wrap elementor-element-populated\">\n\t\t\t\t\t\t<div class=\"elementor-element elementor-element-7940355 elementor-widget elementor-widget-heading\" data-id=\"7940355\" data-element_type=\"widget\" data-e-type=\"widget\" data-widget_type=\"heading.default\">\n\t\t\t\t<div class=\"elementor-widget-container\">\n\t\t\t\t\t<h2 class=\"elementor-heading-title elementor-size-default\">Informations chimiques<\/h2>\t\t\t\t<\/div>\n\t\t\t\t<\/div>\n\t\t\t\t<div class=\"elementor-element elementor-element-acbf033 elementor-widget elementor-widget-text-editor\" data-id=\"acbf033\" data-element_type=\"widget\" data-e-type=\"widget\" data-widget_type=\"text-editor.default\">\n\t\t\t\t<div class=\"elementor-widget-container\">\n\t\t\t\t\t\t\t\t\t<ul><li><strong>Nom chimique :<\/strong> \u03b1-Pyrrolidinohexioph\u00e9none<\/li><li><strong>Num\u00e9ro CAS :<\/strong> 13415-86-6<\/li><li><strong>Formule mol\u00e9culaire :<\/strong> C16H23NO<\/li><li><strong>Masse molaire :<\/strong> 245,36 g\/mol<\/li><li><strong>Nom de l&#039;UICPA :<\/strong> 1-Ph\u00e9nyl-2-(pyrrolidine-1-yl)hexan-1-one<\/li><\/ul>\t\t\t\t\t\t\t\t<\/div>\n\t\t\t\t<\/div>\n\t\t\t\t\t<\/div>\n\t\t<\/div>\n\t\t\t\t<div class=\"elementor-column elementor-col-33 elementor-top-column elementor-element elementor-element-a902acf\" data-id=\"a902acf\" data-element_type=\"column\" data-e-type=\"column\">\n\t\t\t<div class=\"elementor-widget-wrap elementor-element-populated\">\n\t\t\t\t\t\t<div class=\"elementor-element elementor-element-588650b elementor-widget elementor-widget-heading\" data-id=\"588650b\" data-element_type=\"widget\" data-e-type=\"widget\" data-widget_type=\"heading.default\">\n\t\t\t\t<div class=\"elementor-widget-container\">\n\t\t\t\t\t<h2 class=\"elementor-heading-title elementor-size-default\">Propri\u00e9t\u00e9s physiques et chimiques<\/h2>\t\t\t\t<\/div>\n\t\t\t\t<\/div>\n\t\t\t\t<div class=\"elementor-element elementor-element-ac5726b elementor-widget elementor-widget-text-editor\" data-id=\"ac5726b\" data-element_type=\"widget\" data-e-type=\"widget\" data-widget_type=\"text-editor.default\">\n\t\t\t\t<div class=\"elementor-widget-container\">\n\t\t\t\t\t\t\t\t\t<ul><li><strong>Forme : Comprim\u00e9s de 120 mg<\/strong><\/li><li><strong>Puret\u00e9:<\/strong> \u226599% (v\u00e9rifi\u00e9 en laboratoire)<\/li><li><strong>Point de fusion:<\/strong> ~108.9\u00b0C<\/li><li><strong>Solubilit\u00e9:<\/strong> Soluble dans l&#039;eau, l&#039;\u00e9thanol et le m\u00e9thanol<\/li><li><strong>Stabilit\u00e9:<\/strong> Tr\u00e8s stable dans des conditions de stockage appropri\u00e9es<\/li><\/ul>\t\t\t\t\t\t\t\t<\/div>\n\t\t\t\t<\/div>\n\t\t\t\t\t<\/div>\n\t\t<\/div>\n\t\t\t\t<div class=\"elementor-column elementor-col-33 elementor-top-column elementor-element elementor-element-235367a\" data-id=\"235367a\" data-element_type=\"column\" data-e-type=\"column\">\n\t\t\t<div class=\"elementor-widget-wrap elementor-element-populated\">\n\t\t\t\t\t\t<div class=\"elementor-element elementor-element-94c9443 elementor-widget elementor-widget-heading\" data-id=\"94c9443\" data-element_type=\"widget\" data-e-type=\"widget\" data-widget_type=\"heading.default\">\n\t\t\t\t<div class=\"elementor-widget-container\">\n\t\t\t\t\t<h2 class=\"elementor-heading-title elementor-size-default\">Donn\u00e9es analytiques<\/h2>\t\t\t\t<\/div>\n\t\t\t\t<\/div>\n\t\t\t\t<div class=\"elementor-element elementor-element-7cf8259 elementor-widget elementor-widget-text-editor\" data-id=\"7cf8259\" data-element_type=\"widget\" data-e-type=\"widget\" data-widget_type=\"text-editor.default\">\n\t\t\t\t<div class=\"elementor-widget-container\">\n\t\t\t\t\t\t\t\t\t<ul><li><strong>RMN (R\u00e9sonance Magn\u00e9tique Nucl\u00e9aire) :<\/strong> Confirme la structure mol\u00e9culaire<\/li><li><strong>MS (Spectrom\u00e9trie de masse) :<\/strong> Correspond au poids mol\u00e9culaire de 245,36 g\/mol<\/li><li><strong>FTIR (Spectroscopie infrarouge \u00e0 transform\u00e9e de Fourier) :<\/strong> Correspond aux spectres de r\u00e9f\u00e9rence pour \u03b1-PHP<\/li><\/ul>\t\t\t\t\t\t\t\t<\/div>\n\t\t\t\t<\/div>\n\t\t\t\t\t<\/div>\n\t\t<\/div>\n\t\t\t\t\t<\/div>\n\t\t<\/section>\n\t\t\t\t<section class=\"elementor-section elementor-top-section elementor-element elementor-element-c6f5bd4 elementor-section-boxed elementor-section-height-default elementor-section-height-default\" data-id=\"c6f5bd4\" data-element_type=\"section\" data-e-type=\"section\">\n\t\t\t\t\t\t<div class=\"elementor-container elementor-column-gap-no\">\n\t\t\t\t\t<div class=\"elementor-column elementor-col-100 elementor-top-column elementor-element elementor-element-05e413b\" data-id=\"05e413b\" data-element_type=\"column\" data-e-type=\"column\">\n\t\t\t<div class=\"elementor-widget-wrap elementor-element-populated\">\n\t\t\t\t\t\t<div class=\"elementor-element elementor-element-b918f8f elementor-widget elementor-widget-heading\" data-id=\"b918f8f\" data-element_type=\"widget\" data-e-type=\"widget\" data-widget_type=\"heading.default\">\n\t\t\t\t<div class=\"elementor-widget-container\">\n\t\t\t\t\t<h2 class=\"elementor-heading-title elementor-size-default\">Pourquoi choisir Chemagora pour vos granul\u00e9s \u03b1-PHP ?<\/h2>\t\t\t\t<\/div>\n\t\t\t\t<\/div>\n\t\t\t\t<div class=\"elementor-element elementor-element-145d3f5 elementor-widget elementor-widget-text-editor\" data-id=\"145d3f5\" data-element_type=\"widget\" data-e-type=\"widget\" data-widget_type=\"text-editor.default\">\n\t\t\t\t<div class=\"elementor-widget-container\">\n\t\t\t\t\t\t\t\t\t<h4><strong>1. Haute puret\u00e9 garantie<\/strong><\/h4><p>Notre <strong>Pastilles d&#039;\u03b1-PHP<\/strong> sont test\u00e9s en laboratoire pour garantir un niveau de puret\u00e9 de <strong>\u226599%<\/strong>Les chercheurs peuvent ainsi avoir confiance dans la qualit\u00e9 et la coh\u00e9rence du produit.<\/p><h4><strong>2. Forme uniforme des granul\u00e9s pour plus de pr\u00e9cision<\/strong><\/h4><p>Le format granul\u00e9 garantit l'uniformit\u00e9, ce qui facilite la manipulation, la mesure et l'application dans des environnements de recherche contr\u00f4l\u00e9s.<\/p><h4><strong>3. Fournisseur de confiance dans toute l&#039;Europe<\/strong><\/h4><p>D'Amsterdam \u00e0 Berlin, de Paris \u00e0 Madrid, Chemagora est un partenaire de confiance pour les institutions de recherche et les professionnels dans toute l'Europe.<\/p><h4><strong>4. Discr\u00e9tion et rapidit\u00e9 d'exp\u00e9dition<\/strong><\/h4><p>Nous donnons la priorit\u00e9 \u00e0 une livraison rapide et fiable. Toutes les commandes sont exp\u00e9di\u00e9es de mani\u00e8re s\u00e9curis\u00e9e et discr\u00e8te afin de garantir que votre produit arrive \u00e0 temps et en toute s\u00e9curit\u00e9.<\/p><h4><strong>5. Un service client exceptionnel<\/strong><\/h4><p>Notre \u00e9quipe d'assistance est \u00e0 votre disposition pour r\u00e9pondre \u00e0 vos questions et vous aider tout au long du processus d'achat, afin de vous garantir une exp\u00e9rience agr\u00e9able et satisfaisante.<\/p>\t\t\t\t\t\t\t\t<\/div>\n\t\t\t\t<\/div>\n\t\t\t\t<div class=\"elementor-element elementor-element-6e04cb8 elementor-widget elementor-widget-heading\" data-id=\"6e04cb8\" data-element_type=\"widget\" data-e-type=\"widget\" data-widget_type=\"heading.default\">\n\t\t\t\t<div class=\"elementor-widget-container\">\n\t\t\t\t\t<h2 class=\"elementor-heading-title elementor-size-default\">Conformit\u00e9 l\u00e9gale<\/h2>\t\t\t\t<\/div>\n\t\t\t\t<\/div>\n\t\t\t\t<div class=\"elementor-element elementor-element-45f7387 elementor-widget elementor-widget-text-editor\" data-id=\"45f7387\" data-element_type=\"widget\" data-e-type=\"widget\" data-widget_type=\"text-editor.default\">\n\t\t\t\t<div class=\"elementor-widget-container\">\n\t\t\t\t\t\t\t\t\t<p>Le statut juridique de <strong>Pastilles d&#039;\u03b1-PHP<\/strong> peuvent varier d'un pays \u00e0 l'autre. Il incombe \u00e0 l'acheteur de s'assurer de la conformit\u00e9 aux lois et r\u00e9glementations locales avant d'acheter ou d'utiliser ce produit.<\/p>\t\t\t\t\t\t\t\t<\/div>\n\t\t\t\t<\/div>\n\t\t\t\t<div class=\"elementor-element elementor-element-03662e5 elementor-alert-info elementor-widget elementor-widget-alert\" data-id=\"03662e5\" data-element_type=\"widget\" data-e-type=\"widget\" data-widget_type=\"alert.default\">\n\t\t\t\t<div class=\"elementor-widget-container\">\n\t\t\t\t\t\t\t<div class=\"elementor-alert\" role=\"alert\">\n\n\t\t\t\t\t\t<span class=\"elementor-alert-title\">Clause de non-responsabilit\u00e9<\/span>\n\t\t\t\n\t\t\t\t\t\t<span class=\"elementor-alert-description\">Ce produit est strictement destin\u00e9 \u00e0 des fins de recherche et d&#039;analyse uniquement. Il n&#039;est en aucun cas destin\u00e9 \u00e0 la consommation humaine ou animale.<\/span>\n\t\t\t\n\t\t\t\t\t\t<button type=\"button\" class=\"elementor-alert-dismiss\" aria-label=\"Supprimer cette alerte.\">\n\t\t\t\t\t\t\t\t\t<span aria-hidden=\"true\">\u00d7<\/span>\n\t\t\t\t\t\t\t<\/button>\n\t\t\t\n\t\t<\/div>\n\t\t\t\t\t\t<\/div>\n\t\t\t\t<\/div>\n\t\t\t\t<div class=\"elementor-element elementor-element-39f190f elementor-widget elementor-widget-heading\" data-id=\"39f190f\" data-element_type=\"widget\" data-e-type=\"widget\" data-widget_type=\"heading.default\">\n\t\t\t\t<div class=\"elementor-widget-container\">\n\t\t\t\t\t<h2 class=\"elementor-heading-title elementor-size-default\">Commandez vos pastilles \u03b1-PHP d\u00e8s aujourd'hui<\/h2>\t\t\t\t<\/div>\n\t\t\t\t<\/div>\n\t\t\t\t<div class=\"elementor-element elementor-element-64f646b elementor-widget elementor-widget-text-editor\" data-id=\"64f646b\" data-element_type=\"widget\" data-e-type=\"widget\" data-widget_type=\"text-editor.default\">\n\t\t\t\t<div class=\"elementor-widget-container\">\n\t\t\t\t\t\t\t\t\t<p>Am\u00e9liorez votre recherche gr\u00e2ce \u00e0 Chemagora <strong>pastilles \u03b1-PHP de haute puret\u00e9<\/strong>Appr\u00e9ci\u00e9s par les scientifiques de toute l\u2019Europe, nos produits offrent qualit\u00e9, fiabilit\u00e9 et r\u00e9sultats coh\u00e9rents.<\/p>\t\t\t\t\t\t\t\t<\/div>\n\t\t\t\t<\/div>\n\t\t\t\t\t<\/div>\n\t\t<\/div>\n\t\t\t\t\t<\/div>\n\t\t<\/section>\n\t\t\t\t<\/div>","protected":false},"excerpt":{"rendered":"<p>Produit chimique de recherche test\u00e9 avec pr\u00e9cision, conforme, fiable et livr\u00e9 avec pr\u00e9cision et soin.<\/p>","protected":false},"featured_media":1882,"comment_status":"open","ping_status":"closed","template":"","meta":{"inline_featured_image":false},"etheme_brands":[],"product_brand":[],"product_cat":[41],"product_tag":[71,70,48,72],"class_list":{"0":"post-520","1":"product","2":"type-product","3":"status-publish","4":"has-post-thumbnail","6":"product_cat-a-php","7":"product_tag-buy--php-pellets","8":"product_tag-buy--php-pellets-online","9":"product_tag-research-chemicals","10":"product_tag--php-pellets","12":"first","13":"instock","14":"shipping-taxable","15":"purchasable","16":"product-type-variable"},"_links":{"self":[{"href":"https:\/\/chemagora.eu\/fr\/wp-json\/wp\/v2\/product\/520","targetHints":{"allow":["GET"]}}],"collection":[{"href":"https:\/\/chemagora.eu\/fr\/wp-json\/wp\/v2\/product"}],"about":[{"href":"https:\/\/chemagora.eu\/fr\/wp-json\/wp\/v2\/types\/product"}],"replies":[{"embeddable":true,"href":"https:\/\/chemagora.eu\/fr\/wp-json\/wp\/v2\/comments?post=520"}],"version-history":[{"count":0,"href":"https:\/\/chemagora.eu\/fr\/wp-json\/wp\/v2\/product\/520\/revisions"}],"wp:featuredmedia":[{"embeddable":true,"href":"https:\/\/chemagora.eu\/fr\/wp-json\/wp\/v2\/media\/1882"}],"wp:attachment":[{"href":"https:\/\/chemagora.eu\/fr\/wp-json\/wp\/v2\/media?parent=520"}],"wp:term":[{"taxonomy":"brand","embeddable":true,"href":"https:\/\/chemagora.eu\/fr\/wp-json\/wp\/v2\/etheme_brands?post=520"},{"taxonomy":"product_brand","embeddable":true,"href":"https:\/\/chemagora.eu\/fr\/wp-json\/wp\/v2\/product_brand?post=520"},{"taxonomy":"product_cat","embeddable":true,"href":"https:\/\/chemagora.eu\/fr\/wp-json\/wp\/v2\/product_cat?post=520"},{"taxonomy":"product_tag","embeddable":true,"href":"https:\/\/chemagora.eu\/fr\/wp-json\/wp\/v2\/product_tag?post=520"}],"curies":[{"name":"wp","href":"https:\/\/api.w.org\/{rel}","templated":true}]}}