{"id":524,"date":"2022-10-06T11:29:16","date_gmt":"2022-10-06T11:29:16","guid":{"rendered":"https:\/\/xstore.8theme.com\/elementor\/demos\/hemp-and-cbd\/?post_type=product&#038;p=524"},"modified":"2025-01-24T11:43:50","modified_gmt":"2025-01-24T11:43:50","slug":"\u03b1-cristal-php","status":"publish","type":"product","link":"https:\/\/chemagora.eu\/fr\/produit\/\u03b1-cristal-php\/","title":{"rendered":"A-PHP Cristal"},"content":{"rendered":"<div data-elementor-type=\"wp-post\" data-elementor-id=\"524\" class=\"elementor elementor-524\" data-elementor-post-type=\"product\">\n\t\t\t\t\t\t<section class=\"elementor-section elementor-top-section elementor-element elementor-element-19bbdf8 elementor-section-boxed elementor-section-height-default elementor-section-height-default\" data-id=\"19bbdf8\" data-element_type=\"section\" data-e-type=\"section\">\n\t\t\t\t\t\t<div class=\"elementor-container elementor-column-gap-no\">\n\t\t\t\t\t<div class=\"elementor-column elementor-col-100 elementor-top-column elementor-element elementor-element-2f39f1a\" data-id=\"2f39f1a\" data-element_type=\"column\" data-e-type=\"column\">\n\t\t\t<div class=\"elementor-widget-wrap elementor-element-populated\">\n\t\t\t\t\t\t<div class=\"elementor-element elementor-element-30f2f60 elementor-widget elementor-widget-heading\" data-id=\"30f2f60\" data-element_type=\"widget\" data-e-type=\"widget\" data-widget_type=\"heading.default\">\n\t\t\t\t<div class=\"elementor-widget-container\">\n\t\t\t\t\t<h2 class=\"elementor-heading-title elementor-size-default\">Achat de cristaux d'\u03b1-PHP en ligne | Produit chimique de recherche de haute puret\u00e9 de Chemagora<\/h2>\t\t\t\t<\/div>\n\t\t\t\t<\/div>\n\t\t\t\t<div class=\"elementor-element elementor-element-5172a89 elementor-widget elementor-widget-text-editor\" data-id=\"5172a89\" data-element_type=\"widget\" data-e-type=\"widget\" data-widget_type=\"text-editor.default\">\n\t\t\t\t<div class=\"elementor-widget-container\">\n\t\t\t\t\t\t\t\t\t<p>Vous \u00eates \u00e0 la recherche d'un produit de qualit\u00e9 sup\u00e9rieure <strong>Cristaux \u03b1-PHP<\/strong> pour votre recherche scientifique ? A <a href=\"https:\/\/chemagora.eu\/fr\/boutique\/\">Chemagora<\/a>Nous nous engageons \u00e0 fournir aux chercheurs de toute l'Europe des compos\u00e9s de haute puret\u00e9 pour soutenir des \u00e9tudes innovantes.<\/p>\t\t\t\t\t\t\t\t<\/div>\n\t\t\t\t<\/div>\n\t\t\t\t<div class=\"elementor-element elementor-element-ab8b499 elementor-widget elementor-widget-heading\" data-id=\"ab8b499\" data-element_type=\"widget\" data-e-type=\"widget\" data-widget_type=\"heading.default\">\n\t\t\t\t<div class=\"elementor-widget-container\">\n\t\t\t\t\t<h2 class=\"elementor-heading-title elementor-size-default\">Qu'est-ce que l'\u03b1-PHP ?<\/h2>\t\t\t\t<\/div>\n\t\t\t\t<\/div>\n\t\t\t\t<div class=\"elementor-element elementor-element-205025b elementor-widget elementor-widget-text-editor\" data-id=\"205025b\" data-element_type=\"widget\" data-e-type=\"widget\" data-widget_type=\"text-editor.default\">\n\t\t\t\t<div class=\"elementor-widget-container\">\n\t\t\t\t\t\t\t\t\t<p><strong>\u03b1-Pyrrolidinohexioph\u00e9none (\u03b1-PHP)<\/strong> est un stimulant synth\u00e9tique de la famille des cathinones. Structurellement similaire \u00e0 l'\u03b1-PVP, l'\u03b1-PHP se caract\u00e9rise par une cha\u00eene alkyle plus longue, ce qui lui conf\u00e8re des propri\u00e9t\u00e9s physiques et chimiques uniques. Ce compos\u00e9 est devenu un sujet d'int\u00e9r\u00eat dans les \u00e9tudes chimiques et pharmacologiques avanc\u00e9es en raison de sa structure et de ses caract\u00e9ristiques distinctes. Chemagora's <strong>Cristaux \u03b1-PHP<\/strong> sont synth\u00e9tis\u00e9s avec pr\u00e9cision pour r\u00e9pondre aux normes les plus \u00e9lev\u00e9es, garantissant des r\u00e9sultats fiables pour toutes vos applications de laboratoire.<\/p>\t\t\t\t\t\t\t\t<\/div>\n\t\t\t\t<\/div>\n\t\t\t\t\t<\/div>\n\t\t<\/div>\n\t\t\t\t\t<\/div>\n\t\t<\/section>\n\t\t\t\t<section class=\"elementor-section elementor-top-section elementor-element elementor-element-5459a18 elementor-section-boxed elementor-section-height-default elementor-section-height-default\" data-id=\"5459a18\" data-element_type=\"section\" data-e-type=\"section\" data-settings=\"{&quot;background_background&quot;:&quot;classic&quot;}\">\n\t\t\t\t\t\t<div class=\"elementor-container elementor-column-gap-no\">\n\t\t\t\t\t<div class=\"elementor-column elementor-col-33 elementor-top-column elementor-element elementor-element-e679840\" data-id=\"e679840\" data-element_type=\"column\" data-e-type=\"column\">\n\t\t\t<div class=\"elementor-widget-wrap elementor-element-populated\">\n\t\t\t\t\t\t<div class=\"elementor-element elementor-element-df3cfed elementor-widget elementor-widget-heading\" data-id=\"df3cfed\" data-element_type=\"widget\" data-e-type=\"widget\" data-widget_type=\"heading.default\">\n\t\t\t\t<div class=\"elementor-widget-container\">\n\t\t\t\t\t<h2 class=\"elementor-heading-title elementor-size-default\">Informations chimiques<\/h2>\t\t\t\t<\/div>\n\t\t\t\t<\/div>\n\t\t\t\t<div class=\"elementor-element elementor-element-4f3abce elementor-widget elementor-widget-text-editor\" data-id=\"4f3abce\" data-element_type=\"widget\" data-e-type=\"widget\" data-widget_type=\"text-editor.default\">\n\t\t\t\t<div class=\"elementor-widget-container\">\n\t\t\t\t\t\t\t\t\t<ul><li><strong>Nom chimique :<\/strong> \u03b1-Pyrrolidinohexioph\u00e9none<\/li><li><strong>Num\u00e9ro CAS :<\/strong> 13415-86-6<\/li><li><strong>Formule mol\u00e9culaire :<\/strong> C16H23NO<\/li><li><strong>Masse molaire :<\/strong> 245,36 g\/mol<\/li><li><strong>Nom de l&#039;UICPA :<\/strong> 1-Ph\u00e9nyl-2-(pyrrolidine-1-yl)hexan-1-one<\/li><\/ul>\t\t\t\t\t\t\t\t<\/div>\n\t\t\t\t<\/div>\n\t\t\t\t\t<\/div>\n\t\t<\/div>\n\t\t\t\t<div class=\"elementor-column elementor-col-33 elementor-top-column elementor-element elementor-element-e7da0ce\" data-id=\"e7da0ce\" data-element_type=\"column\" data-e-type=\"column\">\n\t\t\t<div class=\"elementor-widget-wrap elementor-element-populated\">\n\t\t\t\t\t\t<div class=\"elementor-element elementor-element-2b926b0 elementor-widget elementor-widget-heading\" data-id=\"2b926b0\" data-element_type=\"widget\" data-e-type=\"widget\" data-widget_type=\"heading.default\">\n\t\t\t\t<div class=\"elementor-widget-container\">\n\t\t\t\t\t<h2 class=\"elementor-heading-title elementor-size-default\">Propri\u00e9t\u00e9s physiques et chimiques<\/h2>\t\t\t\t<\/div>\n\t\t\t\t<\/div>\n\t\t\t\t<div class=\"elementor-element elementor-element-aa1e34c elementor-widget elementor-widget-text-editor\" data-id=\"aa1e34c\" data-element_type=\"widget\" data-e-type=\"widget\" data-widget_type=\"text-editor.default\">\n\t\t\t\t<div class=\"elementor-widget-container\">\n\t\t\t\t\t\t\t\t\t<ul><li><strong>Formulaire:<\/strong> Poudre cristalline blanche<\/li><li><strong>Puret\u00e9:<\/strong> \u226599% (v\u00e9rifi\u00e9 en laboratoire)<\/li><li><strong>Point de fusion:<\/strong> ~108.9\u00b0C<\/li><li><strong>Solubilit\u00e9:<\/strong> Soluble dans l&#039;eau, l&#039;\u00e9thanol et le m\u00e9thanol<\/li><li><strong>Stabilit\u00e9:<\/strong> Tr\u00e8s stable dans des conditions de stockage appropri\u00e9es<\/li><\/ul>\t\t\t\t\t\t\t\t<\/div>\n\t\t\t\t<\/div>\n\t\t\t\t\t<\/div>\n\t\t<\/div>\n\t\t\t\t<div class=\"elementor-column elementor-col-33 elementor-top-column elementor-element elementor-element-a592aa4\" data-id=\"a592aa4\" data-element_type=\"column\" data-e-type=\"column\">\n\t\t\t<div class=\"elementor-widget-wrap elementor-element-populated\">\n\t\t\t\t\t\t<div class=\"elementor-element elementor-element-5b0496a elementor-widget elementor-widget-heading\" data-id=\"5b0496a\" data-element_type=\"widget\" data-e-type=\"widget\" data-widget_type=\"heading.default\">\n\t\t\t\t<div class=\"elementor-widget-container\">\n\t\t\t\t\t<h2 class=\"elementor-heading-title elementor-size-default\">Donn\u00e9es analytiques<\/h2>\t\t\t\t<\/div>\n\t\t\t\t<\/div>\n\t\t\t\t<div class=\"elementor-element elementor-element-85fac4f elementor-widget elementor-widget-text-editor\" data-id=\"85fac4f\" data-element_type=\"widget\" data-e-type=\"widget\" data-widget_type=\"text-editor.default\">\n\t\t\t\t<div class=\"elementor-widget-container\">\n\t\t\t\t\t\t\t\t\t<ul><li><strong>RMN (R\u00e9sonance Magn\u00e9tique Nucl\u00e9aire) :<\/strong> Confirme la structure mol\u00e9culaire<\/li><li><strong>MS (Spectrom\u00e9trie de masse) :<\/strong> Correspond au poids mol\u00e9culaire de 245,36 g\/mol<\/li><li><strong>FTIR (Spectroscopie infrarouge \u00e0 transform\u00e9e de Fourier) :<\/strong> Correspond aux spectres de r\u00e9f\u00e9rence pour \u03b1-PHP<\/li><\/ul>\t\t\t\t\t\t\t\t<\/div>\n\t\t\t\t<\/div>\n\t\t\t\t\t<\/div>\n\t\t<\/div>\n\t\t\t\t\t<\/div>\n\t\t<\/section>\n\t\t\t\t<section class=\"elementor-section elementor-top-section elementor-element elementor-element-0ef1add elementor-section-boxed elementor-section-height-default elementor-section-height-default\" data-id=\"0ef1add\" data-element_type=\"section\" data-e-type=\"section\">\n\t\t\t\t\t\t<div class=\"elementor-container elementor-column-gap-no\">\n\t\t\t\t\t<div class=\"elementor-column elementor-col-100 elementor-top-column elementor-element elementor-element-f47bd73\" data-id=\"f47bd73\" data-element_type=\"column\" data-e-type=\"column\">\n\t\t\t<div class=\"elementor-widget-wrap elementor-element-populated\">\n\t\t\t\t\t\t<div class=\"elementor-element elementor-element-09680de elementor-widget elementor-widget-heading\" data-id=\"09680de\" data-element_type=\"widget\" data-e-type=\"widget\" data-widget_type=\"heading.default\">\n\t\t\t\t<div class=\"elementor-widget-container\">\n\t\t\t\t\t<h2 class=\"elementor-heading-title elementor-size-default\">Pourquoi choisir Chemagora pour vos cristaux \u03b1-PHP ?<\/h2>\t\t\t\t<\/div>\n\t\t\t\t<\/div>\n\t\t\t\t<div class=\"elementor-element elementor-element-687d992 elementor-widget elementor-widget-text-editor\" data-id=\"687d992\" data-element_type=\"widget\" data-e-type=\"widget\" data-widget_type=\"text-editor.default\">\n\t\t\t\t<div class=\"elementor-widget-container\">\n\t\t\t\t\t\t\t\t\t<h4><strong>1. Une puret\u00e9 in\u00e9gal\u00e9e<\/strong><\/h4><p>Notre <strong>Cristaux \u03b1-PHP<\/strong> sont test\u00e9s en laboratoire afin de garantir une puret\u00e9 minimale de <strong>\u226599%<\/strong>La qualit\u00e9 de l'eau et de l'air est donc un facteur d\u00e9terminant dans l'obtention d'un produit de la plus haute qualit\u00e9, exempt d'impuret\u00e9s.<\/p><h4><strong>2. Forme cristalline de pr\u00e9cision<\/strong><\/h4><p>La structure cristalline blanche garantit une manipulation ais\u00e9e, des mesures pr\u00e9cises et une application coh\u00e9rente dans des environnements de recherche contr\u00f4l\u00e9s.<\/p><h4><strong>3. Appr\u00e9ci\u00e9 dans toute l&#039;Europe<\/strong><\/h4><p>D'Amsterdam \u00e0 Berlin, de Paris \u00e0 Madrid, Chemagora est le fournisseur europ\u00e9en par excellence pour des produits fiables. <a href=\"https:\/\/chemagora.eu\/fr\/produit\/poudre-3-mmc\/\"  data-wpil-monitor-id=\"31\">produits chimiques de recherche<\/a>.<\/p><h4><strong>4. Exp\u00e9dition s\u00e9curis\u00e9e et discr\u00e8te<\/strong><\/h4><p>Nous comprenons l'importance de la confidentialit\u00e9 et de la fiabilit\u00e9. Les commandes sont trait\u00e9es rapidement et exp\u00e9di\u00e9es dans un emballage s\u00e9curis\u00e9 et inviolable afin de garantir une livraison s\u00fbre et rapide.<\/p><h4><strong>5. Assistance client d\u00e9di\u00e9e<\/strong><\/h4><p>Notre \u00e9quipe exp\u00e9riment\u00e9e est l\u00e0 pour r\u00e9pondre \u00e0 vos questions, qu'il s'agisse de d\u00e9tails sur les produits, d'options d'exp\u00e9dition ou de questions techniques. Nous nous engageons \u00e0 assurer votre succ\u00e8s.<\/p>\t\t\t\t\t\t\t\t<\/div>\n\t\t\t\t<\/div>\n\t\t\t\t<div class=\"elementor-element elementor-element-e064770 elementor-widget elementor-widget-heading\" data-id=\"e064770\" data-element_type=\"widget\" data-e-type=\"widget\" data-widget_type=\"heading.default\">\n\t\t\t\t<div class=\"elementor-widget-container\">\n\t\t\t\t\t<h2 class=\"elementor-heading-title elementor-size-default\">Conformit\u00e9 l\u00e9gale<\/h2>\t\t\t\t<\/div>\n\t\t\t\t<\/div>\n\t\t\t\t<div class=\"elementor-element elementor-element-7e534de elementor-widget elementor-widget-text-editor\" data-id=\"7e534de\" data-element_type=\"widget\" data-e-type=\"widget\" data-widget_type=\"text-editor.default\">\n\t\t\t\t<div class=\"elementor-widget-container\">\n\t\t\t\t\t\t\t\t\t<p>Le statut juridique de <strong>Cristaux \u03b1-PHP<\/strong> peut varier d'un pays \u00e0 l'autre. Il incombe aux acheteurs de s'assurer de la conformit\u00e9 aux lois et r\u00e9glementations locales avant d'acheter ou d'utiliser ce produit.<\/p>\t\t\t\t\t\t\t\t<\/div>\n\t\t\t\t<\/div>\n\t\t\t\t<div class=\"elementor-element elementor-element-a973926 elementor-alert-info elementor-widget elementor-widget-alert\" data-id=\"a973926\" data-element_type=\"widget\" data-e-type=\"widget\" data-widget_type=\"alert.default\">\n\t\t\t\t<div class=\"elementor-widget-container\">\n\t\t\t\t\t\t\t<div class=\"elementor-alert\" role=\"alert\">\n\n\t\t\t\t\t\t<span class=\"elementor-alert-title\">Clause de non-responsabilit\u00e9<\/span>\n\t\t\t\n\t\t\t\t\t\t<span class=\"elementor-alert-description\">Ce produit est strictement destin\u00e9 \u00e0 des fins de recherche et d&#039;analyse uniquement. Il n&#039;est en aucun cas destin\u00e9 \u00e0 la consommation humaine ou animale.<\/span>\n\t\t\t\n\t\t\t\t\t\t<button type=\"button\" class=\"elementor-alert-dismiss\" aria-label=\"Supprimer cette alerte.\">\n\t\t\t\t\t\t\t\t\t<span aria-hidden=\"true\">\u00d7<\/span>\n\t\t\t\t\t\t\t<\/button>\n\t\t\t\n\t\t<\/div>\n\t\t\t\t\t\t<\/div>\n\t\t\t\t<\/div>\n\t\t\t\t<div class=\"elementor-element elementor-element-d4c1880 elementor-widget elementor-widget-heading\" data-id=\"d4c1880\" data-element_type=\"widget\" data-e-type=\"widget\" data-widget_type=\"heading.default\">\n\t\t\t\t<div class=\"elementor-widget-container\">\n\t\t\t\t\t<h2 class=\"elementor-heading-title elementor-size-default\">Commandez vos cristaux \u03b1-PHP d\u00e8s aujourd'hui<\/h2>\t\t\t\t<\/div>\n\t\t\t\t<\/div>\n\t\t\t\t<div class=\"elementor-element elementor-element-cfccaf6 elementor-widget elementor-widget-text-editor\" data-id=\"cfccaf6\" data-element_type=\"widget\" data-e-type=\"widget\" data-widget_type=\"text-editor.default\">\n\t\t\t\t<div class=\"elementor-widget-container\">\n\t\t\t\t\t\t\t\t\t<p>Am\u00e9liorez votre <a href=\"https:\/\/chemagora.eu\/fr\/produit\/cristal-2-cmc\/\"  data-wpil-monitor-id=\"32\">recherche avec Chemagora <strong>Cristaux \u03b1-PHP de haute puret\u00e9<\/strong><\/a>. Gr\u00e2ce \u00e0 son engagement en faveur de la qualit\u00e9, de la rapidit\u00e9 de livraison et de l'excellence de son service client\u00e8le, Chemagora est le fournisseur privil\u00e9gi\u00e9 des professionnels de la recherche en Europe.<\/p>\t\t\t\t\t\t\t\t<\/div>\n\t\t\t\t<\/div>\n\t\t\t\t\t<\/div>\n\t\t<\/div>\n\t\t\t\t\t<\/div>\n\t\t<\/section>\n\t\t\t\t<\/div>","protected":false},"excerpt":{"rendered":"<p>Produit chimique de recherche test\u00e9 avec pr\u00e9cision, conforme, fiable et livr\u00e9 avec pr\u00e9cision et soin.<\/p>","protected":false},"featured_media":1853,"comment_status":"open","ping_status":"closed","template":"","meta":{"inline_featured_image":false},"etheme_brands":[],"product_brand":[],"product_cat":[41],"product_tag":[69,66,67,68,48],"class_list":{"0":"post-524","1":"product","2":"type-product","3":"status-publish","4":"has-post-thumbnail","6":"product_cat-a-php","7":"product_tag-a-php-crystal","8":"product_tag-buy-a-php","9":"product_tag-buy-a-php-crystal","10":"product_tag-buy-a-php-online","11":"product_tag-research-chemicals","13":"first","14":"instock","15":"shipping-taxable","16":"purchasable","17":"product-type-variable"},"_links":{"self":[{"href":"https:\/\/chemagora.eu\/fr\/wp-json\/wp\/v2\/product\/524","targetHints":{"allow":["GET"]}}],"collection":[{"href":"https:\/\/chemagora.eu\/fr\/wp-json\/wp\/v2\/product"}],"about":[{"href":"https:\/\/chemagora.eu\/fr\/wp-json\/wp\/v2\/types\/product"}],"replies":[{"embeddable":true,"href":"https:\/\/chemagora.eu\/fr\/wp-json\/wp\/v2\/comments?post=524"}],"version-history":[{"count":0,"href":"https:\/\/chemagora.eu\/fr\/wp-json\/wp\/v2\/product\/524\/revisions"}],"wp:featuredmedia":[{"embeddable":true,"href":"https:\/\/chemagora.eu\/fr\/wp-json\/wp\/v2\/media\/1853"}],"wp:attachment":[{"href":"https:\/\/chemagora.eu\/fr\/wp-json\/wp\/v2\/media?parent=524"}],"wp:term":[{"taxonomy":"brand","embeddable":true,"href":"https:\/\/chemagora.eu\/fr\/wp-json\/wp\/v2\/etheme_brands?post=524"},{"taxonomy":"product_brand","embeddable":true,"href":"https:\/\/chemagora.eu\/fr\/wp-json\/wp\/v2\/product_brand?post=524"},{"taxonomy":"product_cat","embeddable":true,"href":"https:\/\/chemagora.eu\/fr\/wp-json\/wp\/v2\/product_cat?post=524"},{"taxonomy":"product_tag","embeddable":true,"href":"https:\/\/chemagora.eu\/fr\/wp-json\/wp\/v2\/product_tag?post=524"}],"curies":[{"name":"wp","href":"https:\/\/api.w.org\/{rel}","templated":true}]}}