{"id":586,"date":"2022-10-06T12:32:38","date_gmt":"2022-10-06T12:32:38","guid":{"rendered":"https:\/\/xstore.8theme.com\/elementor\/demos\/hemp-and-cbd\/?post_type=product&#038;p=586"},"modified":"2025-01-24T06:46:47","modified_gmt":"2025-01-24T06:46:47","slug":"2-mmc-en-poudre","status":"publish","type":"product","link":"https:\/\/chemagora.eu\/fr\/produit\/2-mmc-en-poudre\/","title":{"rendered":"2-MMC Poudre"},"content":{"rendered":"<div data-elementor-type=\"wp-post\" data-elementor-id=\"586\" class=\"elementor elementor-586\" data-elementor-post-type=\"product\">\n\t\t\t\t\t\t<section class=\"elementor-section elementor-top-section elementor-element elementor-element-c68c872 elementor-section-boxed elementor-section-height-default elementor-section-height-default\" data-id=\"c68c872\" data-element_type=\"section\" data-e-type=\"section\">\n\t\t\t\t\t\t<div class=\"elementor-container elementor-column-gap-no\">\n\t\t\t\t\t<div class=\"elementor-column elementor-col-100 elementor-top-column elementor-element elementor-element-ee9c8b6\" data-id=\"ee9c8b6\" data-element_type=\"column\" data-e-type=\"column\">\n\t\t\t<div class=\"elementor-widget-wrap elementor-element-populated\">\n\t\t\t\t\t\t<div class=\"elementor-element elementor-element-f62b07b elementor-widget elementor-widget-heading\" data-id=\"f62b07b\" data-element_type=\"widget\" data-e-type=\"widget\" data-widget_type=\"heading.default\">\n\t\t\t\t<div class=\"elementor-widget-container\">\n\t\t\t\t\t<h2 class=\"elementor-heading-title elementor-size-default\">Achetez de la poudre de 2-MMC en ligne | Produits chimiques de recherche de haute puret\u00e9 de Chemagora<\/h2>\t\t\t\t<\/div>\n\t\t\t\t<\/div>\n\t\t\t\t<div class=\"elementor-element elementor-element-4f71eaa elementor-widget elementor-widget-text-editor\" data-id=\"4f71eaa\" data-element_type=\"widget\" data-e-type=\"widget\" data-widget_type=\"text-editor.default\">\n\t\t\t\t<div class=\"elementor-widget-container\">\n\t\t\t\t\t\t\t\t\t<p>Vous recherchez une qualit\u00e9 sup\u00e9rieure <strong>2-MMC Poudre<\/strong> pour faire avancer vos recherches ? <a href=\"http:\/\/shop\" data-wplink-url-error=\"true\">Chemagora<\/a>, nous sommes sp\u00e9cialis\u00e9s dans la fourniture de compos\u00e9s de qualit\u00e9 sup\u00e9rieure aux chercheurs et aux laboratoires de toute l&#039;Europe, notamment en Allemagne, en France, en Italie, en Espagne et aux Pays-Bas. En mettant l&#039;accent sur la qualit\u00e9 et la fiabilit\u00e9 de la livraison, Chemagora garantit votre<a href=\"http:\/\/pure-3mmc.com\" target=\"_blank\" rel=\"noopener\"> recherche<\/a> est soutenu par les meilleurs.<\/p>\t\t\t\t\t\t\t\t<\/div>\n\t\t\t\t<\/div>\n\t\t\t\t<div class=\"elementor-element elementor-element-85bd527 elementor-widget elementor-widget-heading\" data-id=\"85bd527\" data-element_type=\"widget\" data-e-type=\"widget\" data-widget_type=\"heading.default\">\n\t\t\t\t<div class=\"elementor-widget-container\">\n\t\t\t\t\t<h2 class=\"elementor-heading-title elementor-size-default\">Qu&#039;est-ce que le 2-MMC ?<\/h2>\t\t\t\t<\/div>\n\t\t\t\t<\/div>\n\t\t\t\t<div class=\"elementor-element elementor-element-ecc6da4 elementor-widget elementor-widget-text-editor\" data-id=\"ecc6da4\" data-element_type=\"widget\" data-e-type=\"widget\" data-widget_type=\"text-editor.default\">\n\t\t\t\t<div class=\"elementor-widget-container\">\n\t\t\t\t\t\t\t\t\t<p><strong>2-m\u00e9thylm\u00e9thcathinone (2-MMC)<\/strong> est une cathinone synth\u00e9tique qui appartient \u00e0 une classe de compos\u00e9s largement \u00e9tudi\u00e9s pour leurs propri\u00e9t\u00e9s chimiques et pharmacologiques uniques. Structurellement, la 2-MMC pr\u00e9sente un groupe m\u00e9thyle attach\u00e9 \u00e0 la deuxi\u00e8me position du cycle ph\u00e9nyle, ce qui la distingue des compos\u00e9s apparent\u00e9s. Sa forme en poudre fine en fait un excellent choix pour des applications de laboratoire pr\u00e9cises, garantissant des r\u00e9sultats coh\u00e9rents et reproductibles.<\/p>\t\t\t\t\t\t\t\t<\/div>\n\t\t\t\t<\/div>\n\t\t\t\t\t<\/div>\n\t\t<\/div>\n\t\t\t\t\t<\/div>\n\t\t<\/section>\n\t\t\t\t<section class=\"elementor-section elementor-top-section elementor-element elementor-element-2e63586 elementor-section-boxed elementor-section-height-default elementor-section-height-default\" data-id=\"2e63586\" data-element_type=\"section\" data-e-type=\"section\" data-settings=\"{&quot;background_background&quot;:&quot;classic&quot;}\">\n\t\t\t\t\t\t<div class=\"elementor-container elementor-column-gap-no\">\n\t\t\t\t\t<div class=\"elementor-column elementor-col-33 elementor-top-column elementor-element elementor-element-c14ad23\" data-id=\"c14ad23\" data-element_type=\"column\" data-e-type=\"column\">\n\t\t\t<div class=\"elementor-widget-wrap elementor-element-populated\">\n\t\t\t\t\t\t<div class=\"elementor-element elementor-element-4845714 elementor-widget elementor-widget-heading\" data-id=\"4845714\" data-element_type=\"widget\" data-e-type=\"widget\" data-widget_type=\"heading.default\">\n\t\t\t\t<div class=\"elementor-widget-container\">\n\t\t\t\t\t<h2 class=\"elementor-heading-title elementor-size-default\">Informations chimiques<\/h2>\t\t\t\t<\/div>\n\t\t\t\t<\/div>\n\t\t\t\t<div class=\"elementor-element elementor-element-b319b67 elementor-widget elementor-widget-text-editor\" data-id=\"b319b67\" data-element_type=\"widget\" data-e-type=\"widget\" data-widget_type=\"text-editor.default\">\n\t\t\t\t<div class=\"elementor-widget-container\">\n\t\t\t\t\t\t\t\t\t<ul><li><strong>Nom chimique :<\/strong> 2-m\u00e9thylm\u00e9thcathinone<\/li><li><strong>Num\u00e9ro CAS :<\/strong> 1246911-71-6<\/li><li><strong>Formule mol\u00e9culaire :<\/strong> C11H15NO<\/li><li><strong>Masse molaire :<\/strong> 177,24 g\/mol<\/li><li><strong>Nom de l&#039;UICPA :<\/strong> 1-(2-m\u00e9thylph\u00e9nyl)-2-(m\u00e9thylamino)propan-1-one<\/li><\/ul>\t\t\t\t\t\t\t\t<\/div>\n\t\t\t\t<\/div>\n\t\t\t\t\t<\/div>\n\t\t<\/div>\n\t\t\t\t<div class=\"elementor-column elementor-col-33 elementor-top-column elementor-element elementor-element-5bbb7f4\" data-id=\"5bbb7f4\" data-element_type=\"column\" data-e-type=\"column\">\n\t\t\t<div class=\"elementor-widget-wrap elementor-element-populated\">\n\t\t\t\t\t\t<div class=\"elementor-element elementor-element-dddb5a6 elementor-widget elementor-widget-heading\" data-id=\"dddb5a6\" data-element_type=\"widget\" data-e-type=\"widget\" data-widget_type=\"heading.default\">\n\t\t\t\t<div class=\"elementor-widget-container\">\n\t\t\t\t\t<h2 class=\"elementor-heading-title elementor-size-default\">Propri\u00e9t\u00e9s physiques et chimiques<\/h2>\t\t\t\t<\/div>\n\t\t\t\t<\/div>\n\t\t\t\t<div class=\"elementor-element elementor-element-c943e49 elementor-widget elementor-widget-text-editor\" data-id=\"c943e49\" data-element_type=\"widget\" data-e-type=\"widget\" data-widget_type=\"text-editor.default\">\n\t\t\t\t<div class=\"elementor-widget-container\">\n\t\t\t\t\t\t\t\t\t<ul><li><strong>Formulaire:<\/strong> Poudre blanche<\/li><li><strong>Puret\u00e9:<\/strong> \u226599% (v\u00e9rifi\u00e9 en laboratoire)<\/li><li><strong>Point de fusion:<\/strong> ~170\u2013175\u00b0C<\/li><li><strong>Solubilit\u00e9:<\/strong> Facilement soluble dans l&#039;eau, l&#039;\u00e9thanol et le m\u00e9thanol<\/li><li><strong>Stabilit\u00e9:<\/strong> Stable dans des conditions de stockage appropri\u00e9es<\/li><\/ul>\t\t\t\t\t\t\t\t<\/div>\n\t\t\t\t<\/div>\n\t\t\t\t\t<\/div>\n\t\t<\/div>\n\t\t\t\t<div class=\"elementor-column elementor-col-33 elementor-top-column elementor-element elementor-element-9aa20f1\" data-id=\"9aa20f1\" data-element_type=\"column\" data-e-type=\"column\">\n\t\t\t<div class=\"elementor-widget-wrap elementor-element-populated\">\n\t\t\t\t\t\t<div class=\"elementor-element elementor-element-951aef8 elementor-widget elementor-widget-heading\" data-id=\"951aef8\" data-element_type=\"widget\" data-e-type=\"widget\" data-widget_type=\"heading.default\">\n\t\t\t\t<div class=\"elementor-widget-container\">\n\t\t\t\t\t<h2 class=\"elementor-heading-title elementor-size-default\">Donn\u00e9es analytiques<\/h2>\t\t\t\t<\/div>\n\t\t\t\t<\/div>\n\t\t\t\t<div class=\"elementor-element elementor-element-725bb6f elementor-widget elementor-widget-text-editor\" data-id=\"725bb6f\" data-element_type=\"widget\" data-e-type=\"widget\" data-widget_type=\"text-editor.default\">\n\t\t\t\t<div class=\"elementor-widget-container\">\n\t\t\t\t\t\t\t\t\t<ul><li><strong>RMN (R\u00e9sonance Magn\u00e9tique Nucl\u00e9aire) :<\/strong> Confirme la structure mol\u00e9culaire et la coh\u00e9rence<\/li><li><strong>MS (Spectrom\u00e9trie de masse) :<\/strong> Correspond \u00e0 un poids mol\u00e9culaire de 177,24 g\/mol<\/li><li><strong>FTIR (Spectroscopie infrarouge \u00e0 transform\u00e9e de Fourier) :<\/strong> Correspond aux spectres de r\u00e9f\u00e9rence pour <a href=\"https:\/\/chemagora.eu\/fr\/produit\/cristal-2-mmc\/\" data-wpil-monitor-id=\"27\">2-MMC<\/a><\/li><\/ul>\t\t\t\t\t\t\t\t<\/div>\n\t\t\t\t<\/div>\n\t\t\t\t\t<\/div>\n\t\t<\/div>\n\t\t\t\t\t<\/div>\n\t\t<\/section>\n\t\t\t\t<section class=\"elementor-section elementor-top-section elementor-element elementor-element-a16eaeb elementor-section-boxed elementor-section-height-default elementor-section-height-default\" data-id=\"a16eaeb\" data-element_type=\"section\" data-e-type=\"section\">\n\t\t\t\t\t\t<div class=\"elementor-container elementor-column-gap-no\">\n\t\t\t\t\t<div class=\"elementor-column elementor-col-100 elementor-top-column elementor-element elementor-element-c51cd1d\" data-id=\"c51cd1d\" data-element_type=\"column\" data-e-type=\"column\">\n\t\t\t<div class=\"elementor-widget-wrap elementor-element-populated\">\n\t\t\t\t\t\t<div class=\"elementor-element elementor-element-486c405 elementor-widget elementor-widget-heading\" data-id=\"486c405\" data-element_type=\"widget\" data-e-type=\"widget\" data-widget_type=\"heading.default\">\n\t\t\t\t<div class=\"elementor-widget-container\">\n\t\t\t\t\t<h2 class=\"elementor-heading-title elementor-size-default\">Pourquoi choisir Chemagora pour votre poudre 2-MMC ?<\/h2>\t\t\t\t<\/div>\n\t\t\t\t<\/div>\n\t\t\t\t<div class=\"elementor-element elementor-element-4042619 elementor-widget elementor-widget-text-editor\" data-id=\"4042619\" data-element_type=\"widget\" data-e-type=\"widget\" data-widget_type=\"text-editor.default\">\n\t\t\t\t<div class=\"elementor-widget-container\">\n\t\t\t\t\t\t\t\t\t<ul><li><h4><strong>1. Puret\u00e9 test\u00e9e en laboratoire<\/strong><\/h4><p>Notre <strong>2-MMC Poudre<\/strong> est soigneusement test\u00e9 pour garantir <strong>Puret\u00e9 \u226599%<\/strong>, offrant aux chercheurs un produit de haute qualit\u00e9 exempt de contaminants.<\/p><h4><strong>2. Forme de poudre fine pour plus de pr\u00e9cision<\/strong><\/h4><p>La forme de poudre fine permet une manipulation facile, une mesure pr\u00e9cise et une application uniforme, ce qui la rend id\u00e9ale pour les proc\u00e9dures de laboratoire complexes.<\/p><h4><strong>3. Approuv\u00e9 par les chercheurs de toute l&#039;Europe<\/strong><\/h4><p>De Paris \u00e0 Madrid, d\u2019Amsterdam \u00e0 Berlin, Chemagora est le fournisseur privil\u00e9gi\u00e9 des institutions de recherche et des professionnels de toute l\u2019Europe.<\/p><h4><strong>4. Exp\u00e9dition rapide et s\u00e9curis\u00e9e<\/strong><\/h4><p>Nous accordons la priorit\u00e9 \u00e0 une livraison rapide et s\u00e9curis\u00e9e. Toutes les commandes sont trait\u00e9es rapidement, exp\u00e9di\u00e9es dans un emballage discret et suivies pour garantir leur arriv\u00e9e en toute s\u00e9curit\u00e9 et \u00e0 temps.<\/p><h4><strong>5. Assistance client d\u00e9di\u00e9e<\/strong><\/h4><p>Notre \u00e9quipe exp\u00e9riment\u00e9e est disponible pour r\u00e9pondre \u00e0 vos questions et vous accompagner tout au long du processus d&#039;achat. Nous sommes l\u00e0 pour garantir que votre exp\u00e9rience avec Chemagora soit fluide et satisfaisante.<\/p><\/li><\/ul>\t\t\t\t\t\t\t\t<\/div>\n\t\t\t\t<\/div>\n\t\t\t\t<div class=\"elementor-element elementor-element-99bf632 elementor-widget elementor-widget-heading\" data-id=\"99bf632\" data-element_type=\"widget\" data-e-type=\"widget\" data-widget_type=\"heading.default\">\n\t\t\t\t<div class=\"elementor-widget-container\">\n\t\t\t\t\t<h2 class=\"elementor-heading-title elementor-size-default\">Conformit\u00e9 l\u00e9gale<\/h2>\t\t\t\t<\/div>\n\t\t\t\t<\/div>\n\t\t\t\t<div class=\"elementor-element elementor-element-c54fea3 elementor-widget elementor-widget-text-editor\" data-id=\"c54fea3\" data-element_type=\"widget\" data-e-type=\"widget\" data-widget_type=\"text-editor.default\">\n\t\t\t\t<div class=\"elementor-widget-container\">\n\t\t\t\t\t\t\t\t\t<p>Le statut juridique de <strong>2-MMC Poudre<\/strong> peut varier selon les pays. Il est de la responsabilit\u00e9 de l&#039;acheteur de s&#039;assurer du respect de toutes les lois et r\u00e9glementations locales avant de commander ou d&#039;utiliser ce produit.<\/p>\t\t\t\t\t\t\t\t<\/div>\n\t\t\t\t<\/div>\n\t\t\t\t<div class=\"elementor-element elementor-element-617e0c7 elementor-alert-info elementor-widget elementor-widget-alert\" data-id=\"617e0c7\" data-element_type=\"widget\" data-e-type=\"widget\" data-widget_type=\"alert.default\">\n\t\t\t\t<div class=\"elementor-widget-container\">\n\t\t\t\t\t\t\t<div class=\"elementor-alert\" role=\"alert\">\n\n\t\t\t\t\t\t<span class=\"elementor-alert-title\">Clause de non-responsabilit\u00e9<\/span>\n\t\t\t\n\t\t\t\t\t\t<span class=\"elementor-alert-description\">Ce produit est strictement destin\u00e9 \u00e0 des fins de recherche et d&#039;analyse uniquement. Il n&#039;est en aucun cas destin\u00e9 \u00e0 la consommation humaine ou animale.<\/span>\n\t\t\t\n\t\t\t\t\t\t<button type=\"button\" class=\"elementor-alert-dismiss\" aria-label=\"Supprimer cette alerte.\">\n\t\t\t\t\t\t\t\t\t<span aria-hidden=\"true\">\u00d7<\/span>\n\t\t\t\t\t\t\t<\/button>\n\t\t\t\n\t\t<\/div>\n\t\t\t\t\t\t<\/div>\n\t\t\t\t<\/div>\n\t\t\t\t<div class=\"elementor-element elementor-element-a5114a0 elementor-widget elementor-widget-heading\" data-id=\"a5114a0\" data-element_type=\"widget\" data-e-type=\"widget\" data-widget_type=\"heading.default\">\n\t\t\t\t<div class=\"elementor-widget-container\">\n\t\t\t\t\t<h2 class=\"elementor-heading-title elementor-size-default\">Commandez votre poudre 2-MMC aujourd&#039;hui<\/h2>\t\t\t\t<\/div>\n\t\t\t\t<\/div>\n\t\t\t\t<div class=\"elementor-element elementor-element-12a441a elementor-widget elementor-widget-text-editor\" data-id=\"12a441a\" data-element_type=\"widget\" data-e-type=\"widget\" data-widget_type=\"text-editor.default\">\n\t\t\t\t<div class=\"elementor-widget-container\">\n\t\t\t\t\t\t\t\t\t<p>Transformez votre <a href=\"https:\/\/chemagora.eu\/fr\/produit\/cristal-2-cmc\/\" data-wpil-monitor-id=\"28\">recherche avec Chemagora <strong>Poudre de 2-MMC de haute puret\u00e9<\/strong><\/a>. B\u00e9n\u00e9ficiant d&#039;une qualit\u00e9 exceptionnelle, d&#039;une livraison s\u00e9curis\u00e9e et d&#039;un service client exceptionnel, nous sommes le premier fournisseur europ\u00e9en de <a href=\"https:\/\/chemagora.eu\/fr\/produit\/poudre-3-mmc\/\" data-wpil-monitor-id=\"24\">produits chimiques de recherche<\/a>.<\/p>\t\t\t\t\t\t\t\t<\/div>\n\t\t\t\t<\/div>\n\t\t\t\t\t<\/div>\n\t\t<\/div>\n\t\t\t\t\t<\/div>\n\t\t<\/section>\n\t\t\t\t<\/div>","protected":false},"excerpt":{"rendered":"<p>Produit chimique de recherche test\u00e9 avec pr\u00e9cision, conforme, fiable et livr\u00e9 avec pr\u00e9cision et soin.<\/p>","protected":false},"featured_media":1813,"comment_status":"open","ping_status":"closed","template":"","meta":{"inline_featured_image":false},"etheme_brands":[],"product_brand":[],"product_cat":[36],"product_tag":[],"class_list":{"0":"post-586","1":"product","2":"type-product","3":"status-publish","4":"has-post-thumbnail","6":"product_cat-2-mmc","8":"first","9":"instock","10":"shipping-taxable","11":"purchasable","12":"product-type-variable"},"_links":{"self":[{"href":"https:\/\/chemagora.eu\/fr\/wp-json\/wp\/v2\/product\/586","targetHints":{"allow":["GET"]}}],"collection":[{"href":"https:\/\/chemagora.eu\/fr\/wp-json\/wp\/v2\/product"}],"about":[{"href":"https:\/\/chemagora.eu\/fr\/wp-json\/wp\/v2\/types\/product"}],"replies":[{"embeddable":true,"href":"https:\/\/chemagora.eu\/fr\/wp-json\/wp\/v2\/comments?post=586"}],"version-history":[{"count":0,"href":"https:\/\/chemagora.eu\/fr\/wp-json\/wp\/v2\/product\/586\/revisions"}],"wp:featuredmedia":[{"embeddable":true,"href":"https:\/\/chemagora.eu\/fr\/wp-json\/wp\/v2\/media\/1813"}],"wp:attachment":[{"href":"https:\/\/chemagora.eu\/fr\/wp-json\/wp\/v2\/media?parent=586"}],"wp:term":[{"taxonomy":"brand","embeddable":true,"href":"https:\/\/chemagora.eu\/fr\/wp-json\/wp\/v2\/etheme_brands?post=586"},{"taxonomy":"product_brand","embeddable":true,"href":"https:\/\/chemagora.eu\/fr\/wp-json\/wp\/v2\/product_brand?post=586"},{"taxonomy":"product_cat","embeddable":true,"href":"https:\/\/chemagora.eu\/fr\/wp-json\/wp\/v2\/product_cat?post=586"},{"taxonomy":"product_tag","embeddable":true,"href":"https:\/\/chemagora.eu\/fr\/wp-json\/wp\/v2\/product_tag?post=586"}],"curies":[{"name":"wp","href":"https:\/\/api.w.org\/{rel}","templated":true}]}}