{"id":590,"date":"2022-10-06T12:32:40","date_gmt":"2022-10-06T12:32:40","guid":{"rendered":"https:\/\/xstore.8theme.com\/elementor\/demos\/hemp-and-cbd\/?post_type=product&#038;p=590"},"modified":"2026-02-26T17:36:20","modified_gmt":"2026-02-26T17:36:20","slug":"cristal-2-mmc","status":"publish","type":"product","link":"https:\/\/chemagora.eu\/fr\/produit\/cristal-2-mmc\/","title":{"rendered":"Cristal 2-MMC"},"content":{"rendered":"<div data-elementor-type=\"wp-post\" data-elementor-id=\"590\" class=\"elementor elementor-590\" data-elementor-post-type=\"product\">\n\t\t\t\t\t\t<section class=\"elementor-section elementor-top-section elementor-element elementor-element-666d18b elementor-section-boxed elementor-section-height-default elementor-section-height-default\" data-id=\"666d18b\" data-element_type=\"section\" data-e-type=\"section\">\n\t\t\t\t\t\t<div class=\"elementor-container elementor-column-gap-no\">\n\t\t\t\t\t<div class=\"elementor-column elementor-col-100 elementor-top-column elementor-element elementor-element-034c589\" data-id=\"034c589\" data-element_type=\"column\" data-e-type=\"column\">\n\t\t\t<div class=\"elementor-widget-wrap elementor-element-populated\">\n\t\t\t\t\t\t<div class=\"elementor-element elementor-element-9c1a95f elementor-widget elementor-widget-heading\" data-id=\"9c1a95f\" data-element_type=\"widget\" data-e-type=\"widget\" data-widget_type=\"heading.default\">\n\t\t\t\t<div class=\"elementor-widget-container\">\n\t\t\t\t\t<h2 class=\"elementor-heading-title elementor-size-default\">Achetez des cristaux de 2-MMC en ligne | Produits chimiques de recherche de qualit\u00e9 sup\u00e9rieure de Chemagora<\/h2>\t\t\t\t<\/div>\n\t\t\t\t<\/div>\n\t\t\t\t<div class=\"elementor-element elementor-element-2436c17 elementor-widget elementor-widget-text-editor\" data-id=\"2436c17\" data-element_type=\"widget\" data-e-type=\"widget\" data-widget_type=\"text-editor.default\">\n\t\t\t\t<div class=\"elementor-widget-container\">\n\t\t\t\t\t\t\t\t\t<p>\u00c0 la recherche de haute qualit\u00e9 <strong>Cristaux 2-MMC<\/strong> pour \u00e9lever votre recherche en laboratoire ? <a href=\"https:\/\/chemagora.eu\/fr\/boutique\/\">Chemagora<\/a> est votre fournisseur de confiance de produits chimiques de recherche haut de gamme, proposant des produits fiables et de haute puret\u00e9 dans toute l&#039;Europe. Que vous soyez en Allemagne, en France, en Espagne, en Italie ou aux Pays-Bas, Chemagora garantit une livraison rapide et un support client in\u00e9gal\u00e9 pour r\u00e9pondre \u00e0 vos besoins de recherche.<\/p>\t\t\t\t\t\t\t\t<\/div>\n\t\t\t\t<\/div>\n\t\t\t\t<div class=\"elementor-element elementor-element-fd55128 elementor-widget elementor-widget-heading\" data-id=\"fd55128\" data-element_type=\"widget\" data-e-type=\"widget\" data-widget_type=\"heading.default\">\n\t\t\t\t<div class=\"elementor-widget-container\">\n\t\t\t\t\t<h2 class=\"elementor-heading-title elementor-size-default\">Qu&#039;est-ce que le 2-MMC ?<\/h2>\t\t\t\t<\/div>\n\t\t\t\t<\/div>\n\t\t\t\t<div class=\"elementor-element elementor-element-dca4580 elementor-widget elementor-widget-text-editor\" data-id=\"dca4580\" data-element_type=\"widget\" data-e-type=\"widget\" data-widget_type=\"text-editor.default\">\n\t\t\t\t<div class=\"elementor-widget-container\">\n\t\t\t\t\t\t\t\t\t<p><strong>2-m\u00e9thylm\u00e9thcathinone (2-MMC)<\/strong> est un compos\u00e9 de cathinone synth\u00e9tique avec une structure mol\u00e9culaire unique, pla\u00e7ant un groupe m\u00e9thyle sur le deuxi\u00e8me carbone du cycle ph\u00e9nyle. Cette modification conf\u00e8re au 2-MMC ses caract\u00e9ristiques distinctes, ce qui en fait un sujet d&#039;int\u00e9r\u00eat dans les applications avanc\u00e9es <a href=\"https:\/\/chemagora.eu\/fr\/produit\/cristal-2-cmc\/\"  data-wpil-monitor-id=\"20\">recherche chimique et pharmacologique<\/a>. Notre <strong>Cristaux 2-MMC<\/strong> sont tr\u00e8s recherch\u00e9s pour leur qualit\u00e9 sup\u00e9rieure et leurs r\u00e9sultats coh\u00e9rents, ce qui les rend id\u00e9aux pour les travaux de laboratoire de pr\u00e9cision.<\/p>\t\t\t\t\t\t\t\t<\/div>\n\t\t\t\t<\/div>\n\t\t\t\t\t<\/div>\n\t\t<\/div>\n\t\t\t\t\t<\/div>\n\t\t<\/section>\n\t\t\t\t<section class=\"elementor-section elementor-top-section elementor-element elementor-element-594f92d elementor-section-boxed elementor-section-height-default elementor-section-height-default\" data-id=\"594f92d\" data-element_type=\"section\" data-e-type=\"section\" data-settings=\"{&quot;background_background&quot;:&quot;classic&quot;}\">\n\t\t\t\t\t\t<div class=\"elementor-container elementor-column-gap-no\">\n\t\t\t\t\t<div class=\"elementor-column elementor-col-33 elementor-top-column elementor-element elementor-element-30db950\" data-id=\"30db950\" data-element_type=\"column\" data-e-type=\"column\">\n\t\t\t<div class=\"elementor-widget-wrap elementor-element-populated\">\n\t\t\t\t\t\t<div class=\"elementor-element elementor-element-8169c9d elementor-widget elementor-widget-heading\" data-id=\"8169c9d\" data-element_type=\"widget\" data-e-type=\"widget\" data-widget_type=\"heading.default\">\n\t\t\t\t<div class=\"elementor-widget-container\">\n\t\t\t\t\t<h2 class=\"elementor-heading-title elementor-size-default\">Informations chimiques<\/h2>\t\t\t\t<\/div>\n\t\t\t\t<\/div>\n\t\t\t\t<div class=\"elementor-element elementor-element-52cd6dc elementor-widget elementor-widget-text-editor\" data-id=\"52cd6dc\" data-element_type=\"widget\" data-e-type=\"widget\" data-widget_type=\"text-editor.default\">\n\t\t\t\t<div class=\"elementor-widget-container\">\n\t\t\t\t\t\t\t\t\t<ul><li><strong>Nom chimique :<\/strong> 2-m\u00e9thylm\u00e9thcathinone<\/li><li><strong>Num\u00e9ro CAS :<\/strong> 1246911-71-6<\/li><li><strong>Formule mol\u00e9culaire :<\/strong> C11H15NO<\/li><li><strong>Masse molaire :<\/strong> 177,24 g\/mol<\/li><li><strong>Nom de l&#039;UICPA :<\/strong> 1-(2-m\u00e9thylph\u00e9nyl)-2-(m\u00e9thylamino)propan-1-one<\/li><\/ul>\t\t\t\t\t\t\t\t<\/div>\n\t\t\t\t<\/div>\n\t\t\t\t\t<\/div>\n\t\t<\/div>\n\t\t\t\t<div class=\"elementor-column elementor-col-33 elementor-top-column elementor-element elementor-element-492f473\" data-id=\"492f473\" data-element_type=\"column\" data-e-type=\"column\">\n\t\t\t<div class=\"elementor-widget-wrap elementor-element-populated\">\n\t\t\t\t\t\t<div class=\"elementor-element elementor-element-7730e8d elementor-widget elementor-widget-heading\" data-id=\"7730e8d\" data-element_type=\"widget\" data-e-type=\"widget\" data-widget_type=\"heading.default\">\n\t\t\t\t<div class=\"elementor-widget-container\">\n\t\t\t\t\t<h2 class=\"elementor-heading-title elementor-size-default\">Propri\u00e9t\u00e9s physiques et chimiques<\/h2>\t\t\t\t<\/div>\n\t\t\t\t<\/div>\n\t\t\t\t<div class=\"elementor-element elementor-element-8ee6976 elementor-widget elementor-widget-text-editor\" data-id=\"8ee6976\" data-element_type=\"widget\" data-e-type=\"widget\" data-widget_type=\"text-editor.default\">\n\t\t\t\t<div class=\"elementor-widget-container\">\n\t\t\t\t\t\t\t\t\t<ul><li><strong>Formulaire:<\/strong> Poudre cristalline blanche<\/li><li><strong>Puret\u00e9:<\/strong> \u226599% (v\u00e9rifi\u00e9 en laboratoire)<\/li><li><strong>Point de fusion:<\/strong> ~170\u2013175\u00b0C<\/li><li><strong>Solubilit\u00e9:<\/strong> Facilement soluble dans l&#039;eau, l&#039;\u00e9thanol et le m\u00e9thanol<\/li><li><strong>Stabilit\u00e9:<\/strong> Stable dans des conditions de stockage appropri\u00e9es<\/li><\/ul>\t\t\t\t\t\t\t\t<\/div>\n\t\t\t\t<\/div>\n\t\t\t\t\t<\/div>\n\t\t<\/div>\n\t\t\t\t<div class=\"elementor-column elementor-col-33 elementor-top-column elementor-element elementor-element-016725f\" data-id=\"016725f\" data-element_type=\"column\" data-e-type=\"column\">\n\t\t\t<div class=\"elementor-widget-wrap elementor-element-populated\">\n\t\t\t\t\t\t<div class=\"elementor-element elementor-element-f18e84f elementor-widget elementor-widget-heading\" data-id=\"f18e84f\" data-element_type=\"widget\" data-e-type=\"widget\" data-widget_type=\"heading.default\">\n\t\t\t\t<div class=\"elementor-widget-container\">\n\t\t\t\t\t<h2 class=\"elementor-heading-title elementor-size-default\">Donn\u00e9es analytiques<\/h2>\t\t\t\t<\/div>\n\t\t\t\t<\/div>\n\t\t\t\t<div class=\"elementor-element elementor-element-35744f8 elementor-widget elementor-widget-text-editor\" data-id=\"35744f8\" data-element_type=\"widget\" data-e-type=\"widget\" data-widget_type=\"text-editor.default\">\n\t\t\t\t<div class=\"elementor-widget-container\">\n\t\t\t\t\t\t\t\t\t<ul><li><strong>RMN (R\u00e9sonance Magn\u00e9tique Nucl\u00e9aire) :<\/strong> Confirme la structure mol\u00e9culaire et la coh\u00e9rence<\/li><li><strong>MS (Spectrom\u00e9trie de masse) :<\/strong> Correspond \u00e0 un poids mol\u00e9culaire de 177,24 g\/mol<\/li><li><strong>FTIR (Spectroscopie infrarouge \u00e0 transform\u00e9e de Fourier) :<\/strong> Correspond aux spectres de r\u00e9f\u00e9rence pour 2-MMC<\/li><\/ul>\t\t\t\t\t\t\t\t<\/div>\n\t\t\t\t<\/div>\n\t\t\t\t\t<\/div>\n\t\t<\/div>\n\t\t\t\t\t<\/div>\n\t\t<\/section>\n\t\t\t\t<section class=\"elementor-section elementor-top-section elementor-element elementor-element-fc3b664 elementor-section-boxed elementor-section-height-default elementor-section-height-default\" data-id=\"fc3b664\" data-element_type=\"section\" data-e-type=\"section\">\n\t\t\t\t\t\t<div class=\"elementor-container elementor-column-gap-no\">\n\t\t\t\t\t<div class=\"elementor-column elementor-col-100 elementor-top-column elementor-element elementor-element-15adc20\" data-id=\"15adc20\" data-element_type=\"column\" data-e-type=\"column\">\n\t\t\t<div class=\"elementor-widget-wrap elementor-element-populated\">\n\t\t\t\t\t\t<div class=\"elementor-element elementor-element-ee19a20 elementor-widget elementor-widget-heading\" data-id=\"ee19a20\" data-element_type=\"widget\" data-e-type=\"widget\" data-widget_type=\"heading.default\">\n\t\t\t\t<div class=\"elementor-widget-container\">\n\t\t\t\t\t<h2 class=\"elementor-heading-title elementor-size-default\">Pourquoi choisir Chemagora pour vos cristaux 2-MMC ?<\/h2>\t\t\t\t<\/div>\n\t\t\t\t<\/div>\n\t\t\t\t<div class=\"elementor-element elementor-element-c7d4c87 elementor-widget elementor-widget-text-editor\" data-id=\"c7d4c87\" data-element_type=\"widget\" data-e-type=\"widget\" data-widget_type=\"text-editor.default\">\n\t\t\t\t<div class=\"elementor-widget-container\">\n\t\t\t\t\t\t\t\t\t<ul><li><h4><strong>1. Puret\u00e9 \u00e9lev\u00e9e garantie<\/strong><\/h4><p>Notre <strong>Cristaux 2-MMC<\/strong> sont rigoureusement test\u00e9s pour garantir une puret\u00e9 minimale de <strong>\u226599%<\/strong>, permettant aux chercheurs d\u2019obtenir des r\u00e9sultats fiables et reproductibles.<\/p><h4><strong>2. Forme cristalline de pr\u00e9cision<\/strong><\/h4><p>La structure cristalline blanche garantit une manipulation facile, une mesure pr\u00e9cise et une application fluide dans les exp\u00e9riences en laboratoire.<\/p><h4><strong>3. Fournisseur de confiance dans toute l&#039;Europe<\/strong><\/h4><p>D&#039;Amsterdam \u00e0 Berlin, de Madrid \u00e0 Paris, Chemagora a acquis la r\u00e9putation d&#039;\u00eatre le fournisseur europ\u00e9en pr\u00e9f\u00e9r\u00e9 de <a href=\"https:\/\/chemagora.eu\/fr\/produit\/3-cmc-en-poudre\/\"  data-wpil-monitor-id=\"22\">produits chimiques de recherche<\/a>Notre d\u00e9vouement \u00e0 la qualit\u00e9 et \u00e0 la conformit\u00e9 nous distingue.<\/p><h4><strong>4. Exp\u00e9dition rapide et discr\u00e8te<\/strong><\/h4><p>Nous traitons toutes les commandes rapidement, avec un emballage s\u00e9curis\u00e9 et discret pour garantir que votre produit arrive en toute s\u00e9curit\u00e9 et \u00e0 temps, o\u00f9 que vous soyez en Europe.<\/p><h4><strong>5. Un service client exceptionnel<\/strong><\/h4><p>Notre \u00e9quipe d&#039;assistance amicale et exp\u00e9riment\u00e9e est disponible pour r\u00e9pondre \u00e0 vos questions, qu&#039;elles concernent les d\u00e9tails du produit, l&#039;exp\u00e9dition ou l&#039;utilisation.<\/p><\/li><\/ul>\t\t\t\t\t\t\t\t<\/div>\n\t\t\t\t<\/div>\n\t\t\t\t<div class=\"elementor-element elementor-element-6562689 elementor-widget elementor-widget-heading\" data-id=\"6562689\" data-element_type=\"widget\" data-e-type=\"widget\" data-widget_type=\"heading.default\">\n\t\t\t\t<div class=\"elementor-widget-container\">\n\t\t\t\t\t<h2 class=\"elementor-heading-title elementor-size-default\">Conformit\u00e9 l\u00e9gale<\/h2>\t\t\t\t<\/div>\n\t\t\t\t<\/div>\n\t\t\t\t<div class=\"elementor-element elementor-element-587bd7f elementor-widget elementor-widget-text-editor\" data-id=\"587bd7f\" data-element_type=\"widget\" data-e-type=\"widget\" data-widget_type=\"text-editor.default\">\n\t\t\t\t<div class=\"elementor-widget-container\">\n\t\t\t\t\t\t\t\t\t<p>Le statut juridique de <strong>Cristaux 2-MMC<\/strong> varie selon les r\u00e9gions. Il est de la responsabilit\u00e9 de l&#039;acheteur de s&#039;assurer du respect des lois et r\u00e9glementations locales avant de passer une commande ou d&#039;utiliser ce produit.<\/p>\t\t\t\t\t\t\t\t<\/div>\n\t\t\t\t<\/div>\n\t\t\t\t<div class=\"elementor-element elementor-element-4fff96e elementor-alert-info elementor-widget elementor-widget-alert\" data-id=\"4fff96e\" data-element_type=\"widget\" data-e-type=\"widget\" data-widget_type=\"alert.default\">\n\t\t\t\t<div class=\"elementor-widget-container\">\n\t\t\t\t\t\t\t<div class=\"elementor-alert\" role=\"alert\">\n\n\t\t\t\t\t\t<span class=\"elementor-alert-title\">Clause de non-responsabilit\u00e9<\/span>\n\t\t\t\n\t\t\t\t\t\t<span class=\"elementor-alert-description\">Ce produit est strictement destin\u00e9 \u00e0 des fins de recherche et d&#039;analyse uniquement. Il n&#039;est en aucun cas destin\u00e9 \u00e0 la consommation humaine ou animale.<\/span>\n\t\t\t\n\t\t\t\t\t\t<button type=\"button\" class=\"elementor-alert-dismiss\" aria-label=\"Supprimer cette alerte.\">\n\t\t\t\t\t\t\t\t\t<span aria-hidden=\"true\">\u00d7<\/span>\n\t\t\t\t\t\t\t<\/button>\n\t\t\t\n\t\t<\/div>\n\t\t\t\t\t\t<\/div>\n\t\t\t\t<\/div>\n\t\t\t\t<div class=\"elementor-element elementor-element-c89e555 elementor-widget elementor-widget-heading\" data-id=\"c89e555\" data-element_type=\"widget\" data-e-type=\"widget\" data-widget_type=\"heading.default\">\n\t\t\t\t<div class=\"elementor-widget-container\">\n\t\t\t\t\t<h2 class=\"elementor-heading-title elementor-size-default\">Commandez vos cristaux 2-MMC aujourd&#039;hui<\/h2>\t\t\t\t<\/div>\n\t\t\t\t<\/div>\n\t\t\t\t<div class=\"elementor-element elementor-element-eba6705 elementor-widget elementor-widget-text-editor\" data-id=\"eba6705\" data-element_type=\"widget\" data-e-type=\"widget\" data-widget_type=\"text-editor.default\">\n\t\t\t\t<div class=\"elementor-widget-container\">\n\t\t\t\t\t\t\t\t\t<p>Am\u00e9liorez vos capacit\u00e9s de recherche avec Chemagora <strong>cristaux 2-MMC de haute puret\u00e9<\/strong>B\u00e9n\u00e9ficiant de la confiance des scientifiques de toute l&#039;Europe, nous offrons la qualit\u00e9 et le soutien dont vous avez besoin pour des exp\u00e9riences r\u00e9ussies.<\/p>\t\t\t\t\t\t\t\t<\/div>\n\t\t\t\t<\/div>\n\t\t\t\t\t<\/div>\n\t\t<\/div>\n\t\t\t\t\t<\/div>\n\t\t<\/section>\n\t\t\t\t<\/div>","protected":false},"excerpt":{"rendered":"<p>Produit chimique de recherche test\u00e9 avec pr\u00e9cision, conforme, fiable et livr\u00e9 avec pr\u00e9cision et soin.<\/p>","protected":false},"featured_media":1790,"comment_status":"open","ping_status":"closed","template":"","meta":{"inline_featured_image":false},"etheme_brands":[],"product_brand":[],"product_cat":[36],"product_tag":[62,63,64,48],"class_list":{"0":"post-590","1":"product","2":"type-product","3":"status-publish","4":"has-post-thumbnail","6":"product_cat-2-mmc","7":"product_tag-buy-2-mmc","8":"product_tag-buy-2-mmc-crystal","9":"product_tag-buy-2-mmc-online","10":"product_tag-research-chemicals","12":"first","13":"instock","14":"shipping-taxable","15":"purchasable","16":"product-type-variable"},"_links":{"self":[{"href":"https:\/\/chemagora.eu\/fr\/wp-json\/wp\/v2\/product\/590","targetHints":{"allow":["GET"]}}],"collection":[{"href":"https:\/\/chemagora.eu\/fr\/wp-json\/wp\/v2\/product"}],"about":[{"href":"https:\/\/chemagora.eu\/fr\/wp-json\/wp\/v2\/types\/product"}],"replies":[{"embeddable":true,"href":"https:\/\/chemagora.eu\/fr\/wp-json\/wp\/v2\/comments?post=590"}],"version-history":[{"count":1,"href":"https:\/\/chemagora.eu\/fr\/wp-json\/wp\/v2\/product\/590\/revisions"}],"predecessor-version":[{"id":2397,"href":"https:\/\/chemagora.eu\/fr\/wp-json\/wp\/v2\/product\/590\/revisions\/2397"}],"wp:featuredmedia":[{"embeddable":true,"href":"https:\/\/chemagora.eu\/fr\/wp-json\/wp\/v2\/media\/1790"}],"wp:attachment":[{"href":"https:\/\/chemagora.eu\/fr\/wp-json\/wp\/v2\/media?parent=590"}],"wp:term":[{"taxonomy":"brand","embeddable":true,"href":"https:\/\/chemagora.eu\/fr\/wp-json\/wp\/v2\/etheme_brands?post=590"},{"taxonomy":"product_brand","embeddable":true,"href":"https:\/\/chemagora.eu\/fr\/wp-json\/wp\/v2\/product_brand?post=590"},{"taxonomy":"product_cat","embeddable":true,"href":"https:\/\/chemagora.eu\/fr\/wp-json\/wp\/v2\/product_cat?post=590"},{"taxonomy":"product_tag","embeddable":true,"href":"https:\/\/chemagora.eu\/fr\/wp-json\/wp\/v2\/product_tag?post=590"}],"curies":[{"name":"wp","href":"https:\/\/api.w.org\/{rel}","templated":true}]}}