{"id":594,"date":"2022-10-06T12:32:42","date_gmt":"2022-10-06T12:32:42","guid":{"rendered":"https:\/\/xstore.8theme.com\/elementor\/demos\/hemp-and-cbd\/?post_type=product&#038;p=594"},"modified":"2025-01-24T05:32:59","modified_gmt":"2025-01-24T05:32:59","slug":"2-cmc-de-poudre","status":"publish","type":"product","link":"https:\/\/chemagora.eu\/fr\/produit\/2-cmc-de-poudre\/","title":{"rendered":"2-CMC Poudre"},"content":{"rendered":"<div data-elementor-type=\"wp-post\" data-elementor-id=\"594\" class=\"elementor elementor-594\" data-elementor-post-type=\"product\">\n\t\t\t\t\t\t<section class=\"elementor-section elementor-top-section elementor-element elementor-element-b91fdc3 elementor-section-boxed elementor-section-height-default elementor-section-height-default\" data-id=\"b91fdc3\" data-element_type=\"section\" data-e-type=\"section\">\n\t\t\t\t\t\t<div class=\"elementor-container elementor-column-gap-no\">\n\t\t\t\t\t<div class=\"elementor-column elementor-col-100 elementor-top-column elementor-element elementor-element-220877f\" data-id=\"220877f\" data-element_type=\"column\" data-e-type=\"column\">\n\t\t\t<div class=\"elementor-widget-wrap elementor-element-populated\">\n\t\t\t\t\t\t<div class=\"elementor-element elementor-element-ad77d06 elementor-widget elementor-widget-heading\" data-id=\"ad77d06\" data-element_type=\"widget\" data-e-type=\"widget\" data-widget_type=\"heading.default\">\n\t\t\t\t<div class=\"elementor-widget-container\">\n\t\t\t\t\t<h2 class=\"elementor-heading-title elementor-size-default\">Acheter 2-CMC Powder en ligne | Premium Research Chemicals from Chemagora<\/h2>\t\t\t\t<\/div>\n\t\t\t\t<\/div>\n\t\t\t\t<div class=\"elementor-element elementor-element-edce76c elementor-widget elementor-widget-text-editor\" data-id=\"edce76c\" data-element_type=\"widget\" data-e-type=\"widget\" data-widget_type=\"text-editor.default\">\n\t\t\t\t<div class=\"elementor-widget-container\">\n\t\t\t\t\t\t\t\t\t<p>Recherche de la meilleure qualit\u00e9 <strong>2-CMC Poudre<\/strong> pour faire avancer vos recherches ? <a href=\"https:\/\/chemagora.eu\/fr\/boutique\/\">Chemagora<\/a> est l\u00e0 pour r\u00e9pondre \u00e0 vos besoins. Les scientifiques et les instituts de recherche de toute l'Europe nous font confiance. Nous fournissons des compos\u00e9s de haute puret\u00e9 pour soutenir des \u00e9tudes r\u00e9volutionnaires en Allemagne, en France, en Espagne, en Italie, aux Pays-Bas et ailleurs.<\/p>\t\t\t\t\t\t\t\t<\/div>\n\t\t\t\t<\/div>\n\t\t\t\t<div class=\"elementor-element elementor-element-fab7db7 elementor-widget elementor-widget-heading\" data-id=\"fab7db7\" data-element_type=\"widget\" data-e-type=\"widget\" data-widget_type=\"heading.default\">\n\t\t\t\t<div class=\"elementor-widget-container\">\n\t\t\t\t\t<h2 class=\"elementor-heading-title elementor-size-default\">Qu'est-ce que le 2-CMC ?<\/h2>\t\t\t\t<\/div>\n\t\t\t\t<\/div>\n\t\t\t\t<div class=\"elementor-element elementor-element-65735ae elementor-widget elementor-widget-text-editor\" data-id=\"65735ae\" data-element_type=\"widget\" data-e-type=\"widget\" data-widget_type=\"text-editor.default\">\n\t\t\t\t<div class=\"elementor-widget-container\">\n\t\t\t\t\t\t\t\t\t<p><strong>2-Chlorom\u00e9thcathinone (2-CMC)<\/strong> est une cathinone synth\u00e9tique connue pour sa structure chimique et ses propri\u00e9t\u00e9s particuli\u00e8res. Il s'agit d'un analogue de la <a href=\"https:\/\/chemagora.eu\/fr\/produit\/3-cmc-cristal\/\"  data-wpil-monitor-id=\"17\">3-CMC<\/a>avec un atome de chlore attach\u00e9 \u00e0 la deuxi\u00e8me position de l'anneau ph\u00e9nyle, ce qui lui conf\u00e8re des caract\u00e9ristiques uniques qui le rendent id\u00e9al pour des applications de recherche avanc\u00e9e. Notre <strong>2-CMC Poudre<\/strong> est test\u00e9 en laboratoire pour une puret\u00e9 sup\u00e9rieure, garantissant des r\u00e9sultats pr\u00e9cis et fiables en laboratoire.<\/p>\t\t\t\t\t\t\t\t<\/div>\n\t\t\t\t<\/div>\n\t\t\t\t\t<\/div>\n\t\t<\/div>\n\t\t\t\t\t<\/div>\n\t\t<\/section>\n\t\t\t\t<section class=\"elementor-section elementor-top-section elementor-element elementor-element-86fa746 elementor-section-boxed elementor-section-height-default elementor-section-height-default\" data-id=\"86fa746\" data-element_type=\"section\" data-e-type=\"section\" data-settings=\"{&quot;background_background&quot;:&quot;classic&quot;}\">\n\t\t\t\t\t\t<div class=\"elementor-container elementor-column-gap-no\">\n\t\t\t\t\t<div class=\"elementor-column elementor-col-33 elementor-top-column elementor-element elementor-element-20d544e\" data-id=\"20d544e\" data-element_type=\"column\" data-e-type=\"column\">\n\t\t\t<div class=\"elementor-widget-wrap elementor-element-populated\">\n\t\t\t\t\t\t<div class=\"elementor-element elementor-element-53ee41e elementor-widget elementor-widget-heading\" data-id=\"53ee41e\" data-element_type=\"widget\" data-e-type=\"widget\" data-widget_type=\"heading.default\">\n\t\t\t\t<div class=\"elementor-widget-container\">\n\t\t\t\t\t<h2 class=\"elementor-heading-title elementor-size-default\">Informations chimiques<\/h2>\t\t\t\t<\/div>\n\t\t\t\t<\/div>\n\t\t\t\t<div class=\"elementor-element elementor-element-6664f02 elementor-widget elementor-widget-text-editor\" data-id=\"6664f02\" data-element_type=\"widget\" data-e-type=\"widget\" data-widget_type=\"text-editor.default\">\n\t\t\t\t<div class=\"elementor-widget-container\">\n\t\t\t\t\t\t\t\t\t<ul><li><strong>Nom chimique :<\/strong> 2-Chlorom\u00e9thcathinone<\/li><li><strong>Num\u00e9ro CAS :<\/strong> 692720-34-6<\/li><li><strong>Formule mol\u00e9culaire :<\/strong> C10H12ClNO<\/li><li><strong>Masse molaire :<\/strong> 197,66 g\/mol<\/li><li><strong>Nom de l&#039;UICPA :<\/strong> 1-(2-Chloroph\u00e9nyl)-2-(m\u00e9thylamino)propan-1-one<\/li><\/ul>\t\t\t\t\t\t\t\t<\/div>\n\t\t\t\t<\/div>\n\t\t\t\t\t<\/div>\n\t\t<\/div>\n\t\t\t\t<div class=\"elementor-column elementor-col-33 elementor-top-column elementor-element elementor-element-6e971cb\" data-id=\"6e971cb\" data-element_type=\"column\" data-e-type=\"column\">\n\t\t\t<div class=\"elementor-widget-wrap elementor-element-populated\">\n\t\t\t\t\t\t<div class=\"elementor-element elementor-element-e5700fd elementor-widget elementor-widget-heading\" data-id=\"e5700fd\" data-element_type=\"widget\" data-e-type=\"widget\" data-widget_type=\"heading.default\">\n\t\t\t\t<div class=\"elementor-widget-container\">\n\t\t\t\t\t<h2 class=\"elementor-heading-title elementor-size-default\">Propri\u00e9t\u00e9s physiques et chimiques<\/h2>\t\t\t\t<\/div>\n\t\t\t\t<\/div>\n\t\t\t\t<div class=\"elementor-element elementor-element-9bc0ae2 elementor-widget elementor-widget-text-editor\" data-id=\"9bc0ae2\" data-element_type=\"widget\" data-e-type=\"widget\" data-widget_type=\"text-editor.default\">\n\t\t\t\t<div class=\"elementor-widget-container\">\n\t\t\t\t\t\t\t\t\t<ul><li><strong>Formulaire:<\/strong> Poudre blanche<\/li><li><strong>Puret\u00e9:<\/strong> \u226599% (v\u00e9rifi\u00e9 en laboratoire)<\/li><li><strong>Point de fusion:<\/strong> ~178\u2013179\u00b0C<\/li><li><strong>Solubilit\u00e9:<\/strong> Soluble dans l&#039;eau, l&#039;\u00e9thanol et le m\u00e9thanol<\/li><li><strong>Stabilit\u00e9:<\/strong> Stable lorsqu&#039;il est stock\u00e9 dans les conditions recommand\u00e9es<\/li><\/ul>\t\t\t\t\t\t\t\t<\/div>\n\t\t\t\t<\/div>\n\t\t\t\t\t<\/div>\n\t\t<\/div>\n\t\t\t\t<div class=\"elementor-column elementor-col-33 elementor-top-column elementor-element elementor-element-b18e759\" data-id=\"b18e759\" data-element_type=\"column\" data-e-type=\"column\">\n\t\t\t<div class=\"elementor-widget-wrap elementor-element-populated\">\n\t\t\t\t\t\t<div class=\"elementor-element elementor-element-41e93ed elementor-widget elementor-widget-heading\" data-id=\"41e93ed\" data-element_type=\"widget\" data-e-type=\"widget\" data-widget_type=\"heading.default\">\n\t\t\t\t<div class=\"elementor-widget-container\">\n\t\t\t\t\t<h2 class=\"elementor-heading-title elementor-size-default\">Donn\u00e9es analytiques<\/h2>\t\t\t\t<\/div>\n\t\t\t\t<\/div>\n\t\t\t\t<div class=\"elementor-element elementor-element-4ebb557 elementor-widget elementor-widget-text-editor\" data-id=\"4ebb557\" data-element_type=\"widget\" data-e-type=\"widget\" data-widget_type=\"text-editor.default\">\n\t\t\t\t<div class=\"elementor-widget-container\">\n\t\t\t\t\t\t\t\t\t<ul><li><strong>RMN (R\u00e9sonance Magn\u00e9tique Nucl\u00e9aire) :<\/strong> Confirme la coh\u00e9rence structurelle<\/li><li><strong>MS (Spectrom\u00e9trie de masse) :<\/strong> Valide le poids mol\u00e9culaire de 197,66 g\/mol<\/li><li><strong>FTIR (Spectroscopie infrarouge \u00e0 transform\u00e9e de Fourier) :<\/strong> Correspond aux spectres de r\u00e9f\u00e9rence pour <a href=\"https:\/\/chemagora.eu\/fr\/produit\/cristal-2-cmc\/\"  data-wpil-monitor-id=\"18\">2-CMC<\/a><\/li><\/ul>\t\t\t\t\t\t\t\t<\/div>\n\t\t\t\t<\/div>\n\t\t\t\t\t<\/div>\n\t\t<\/div>\n\t\t\t\t\t<\/div>\n\t\t<\/section>\n\t\t\t\t<section class=\"elementor-section elementor-top-section elementor-element elementor-element-13848a7 elementor-section-boxed elementor-section-height-default elementor-section-height-default\" data-id=\"13848a7\" data-element_type=\"section\" data-e-type=\"section\">\n\t\t\t\t\t\t<div class=\"elementor-container elementor-column-gap-no\">\n\t\t\t\t\t<div class=\"elementor-column elementor-col-100 elementor-top-column elementor-element elementor-element-8113b3e\" data-id=\"8113b3e\" data-element_type=\"column\" data-e-type=\"column\">\n\t\t\t<div class=\"elementor-widget-wrap elementor-element-populated\">\n\t\t\t\t\t\t<div class=\"elementor-element elementor-element-493c73b elementor-widget elementor-widget-heading\" data-id=\"493c73b\" data-element_type=\"widget\" data-e-type=\"widget\" data-widget_type=\"heading.default\">\n\t\t\t\t<div class=\"elementor-widget-container\">\n\t\t\t\t\t<h2 class=\"elementor-heading-title elementor-size-default\">Pourquoi choisir Chemagora pour votre poudre de 2-CMC ?<\/h2>\t\t\t\t<\/div>\n\t\t\t\t<\/div>\n\t\t\t\t<div class=\"elementor-element elementor-element-c655e81 elementor-widget elementor-widget-text-editor\" data-id=\"c655e81\" data-element_type=\"widget\" data-e-type=\"widget\" data-widget_type=\"text-editor.default\">\n\t\t\t\t<div class=\"elementor-widget-container\">\n\t\t\t\t\t\t\t\t\t<ul><li><h4><strong>1. Haute puret\u00e9 garantie<\/strong><\/h4><p>Notre poudre de 2-CMC est soumise \u00e0 des tests rigoureux pour garantir <strong>Puret\u00e9 \u226599%<\/strong>Les chercheurs peuvent ainsi avoir confiance dans la qualit\u00e9 et la coh\u00e9rence du produit.<\/p><h4><strong>2. Forme de poudre fine pour plus de pr\u00e9cision<\/strong><\/h4><p>La forme de poudre facilite la mesure, la manipulation et l'application, ce qui en fait un choix id\u00e9al pour les travaux de pr\u00e9cision dans des environnements contr\u00f4l\u00e9s.<\/p><h4><strong>3. Appr\u00e9ci\u00e9 dans toute l&#039;Europe<\/strong><\/h4><p>De Berlin \u00e0 Amsterdam, de Madrid \u00e0 Paris, Chemagora s'est impos\u00e9 comme un fournisseur de confiance pour les chercheurs de toute l'Europe. Notre d\u00e9vouement \u00e0 la qualit\u00e9 et au service nous distingue.<\/p><h4><strong>4. Livraison rapide et s\u00fbre<\/strong><\/h4><p>Les commandes sont trait\u00e9es rapidement et livr\u00e9es dans un emballage discret et s\u00e9curis\u00e9 afin de garantir que votre produit arrive \u00e0 temps et en toute s\u00e9curit\u00e9, o\u00f9 que vous soyez en Europe.<\/p><h4><strong>5. \u00c9quipe d'assistance d\u00e9di\u00e9e<\/strong><\/h4><p>Besoin d'aide ? Notre \u00e9quipe d'assistance amicale et comp\u00e9tente est disponible pour r\u00e9pondre \u00e0 toutes les questions concernant le produit, le processus de commande ou l'exp\u00e9dition.<\/p><\/li><\/ul>\t\t\t\t\t\t\t\t<\/div>\n\t\t\t\t<\/div>\n\t\t\t\t<div class=\"elementor-element elementor-element-4149659 elementor-widget elementor-widget-heading\" data-id=\"4149659\" data-element_type=\"widget\" data-e-type=\"widget\" data-widget_type=\"heading.default\">\n\t\t\t\t<div class=\"elementor-widget-container\">\n\t\t\t\t\t<h2 class=\"elementor-heading-title elementor-size-default\">Conformit\u00e9 l\u00e9gale<\/h2>\t\t\t\t<\/div>\n\t\t\t\t<\/div>\n\t\t\t\t<div class=\"elementor-element elementor-element-fa8390f elementor-widget elementor-widget-text-editor\" data-id=\"fa8390f\" data-element_type=\"widget\" data-e-type=\"widget\" data-widget_type=\"text-editor.default\">\n\t\t\t\t<div class=\"elementor-widget-container\">\n\t\t\t\t\t\t\t\t\t<p>Le statut juridique de <strong>2-CMC Poudre<\/strong> varie selon les pays. Il incombe \u00e0 l'acheteur de s'assurer du respect de toutes les lois et r\u00e9glementations locales avant d'acheter ou d'utiliser ce produit.<\/p>\t\t\t\t\t\t\t\t<\/div>\n\t\t\t\t<\/div>\n\t\t\t\t<div class=\"elementor-element elementor-element-d0c112d elementor-alert-info elementor-widget elementor-widget-alert\" data-id=\"d0c112d\" data-element_type=\"widget\" data-e-type=\"widget\" data-widget_type=\"alert.default\">\n\t\t\t\t<div class=\"elementor-widget-container\">\n\t\t\t\t\t\t\t<div class=\"elementor-alert\" role=\"alert\">\n\n\t\t\t\t\t\t<span class=\"elementor-alert-title\">Clause de non-responsabilit\u00e9<\/span>\n\t\t\t\n\t\t\t\t\t\t<span class=\"elementor-alert-description\">Ce produit est strictement destin\u00e9 \u00e0 des fins de recherche et d&#039;analyse uniquement. Il n&#039;est en aucun cas destin\u00e9 \u00e0 la consommation humaine ou animale.<\/span>\n\t\t\t\n\t\t\t\t\t\t<button type=\"button\" class=\"elementor-alert-dismiss\" aria-label=\"Supprimer cette alerte.\">\n\t\t\t\t\t\t\t\t\t<span aria-hidden=\"true\">\u00d7<\/span>\n\t\t\t\t\t\t\t<\/button>\n\t\t\t\n\t\t<\/div>\n\t\t\t\t\t\t<\/div>\n\t\t\t\t<\/div>\n\t\t\t\t<div class=\"elementor-element elementor-element-d6d9dff elementor-widget elementor-widget-heading\" data-id=\"d6d9dff\" data-element_type=\"widget\" data-e-type=\"widget\" data-widget_type=\"heading.default\">\n\t\t\t\t<div class=\"elementor-widget-container\">\n\t\t\t\t\t<h2 class=\"elementor-heading-title elementor-size-default\">Commandez votre poudre de 2-CMC d\u00e8s aujourd'hui<\/h2>\t\t\t\t<\/div>\n\t\t\t\t<\/div>\n\t\t\t\t<div class=\"elementor-element elementor-element-791c82f elementor-widget elementor-widget-text-editor\" data-id=\"791c82f\" data-element_type=\"widget\" data-e-type=\"widget\" data-widget_type=\"text-editor.default\">\n\t\t\t\t<div class=\"elementor-widget-container\">\n\t\t\t\t\t\t\t\t\t<p>Faites passer votre recherche \u00e0 la vitesse sup\u00e9rieure avec les produits premium de Chemagora. <strong>2-CMC Poudre<\/strong>. Les scientifiques de toute l'Europe font confiance \u00e0 nos produits, qui offrent la qualit\u00e9, la fiabilit\u00e9 et l'assistance dont vous avez besoin pour r\u00e9ussir.<\/p>\t\t\t\t\t\t\t\t<\/div>\n\t\t\t\t<\/div>\n\t\t\t\t\t<\/div>\n\t\t<\/div>\n\t\t\t\t\t<\/div>\n\t\t<\/section>\n\t\t\t\t<\/div>","protected":false},"excerpt":{"rendered":"<p>Produit chimique de recherche test\u00e9 avec pr\u00e9cision, conforme, fiable et livr\u00e9 avec pr\u00e9cision et soin.<\/p>","protected":false},"featured_media":1763,"comment_status":"open","ping_status":"closed","template":"","meta":{"inline_featured_image":false},"etheme_brands":[],"product_brand":[],"product_cat":[37],"product_tag":[],"class_list":{"0":"post-594","1":"product","2":"type-product","3":"status-publish","4":"has-post-thumbnail","6":"product_cat-2-cmc","8":"first","9":"instock","10":"shipping-taxable","11":"purchasable","12":"product-type-variable"},"_links":{"self":[{"href":"https:\/\/chemagora.eu\/fr\/wp-json\/wp\/v2\/product\/594","targetHints":{"allow":["GET"]}}],"collection":[{"href":"https:\/\/chemagora.eu\/fr\/wp-json\/wp\/v2\/product"}],"about":[{"href":"https:\/\/chemagora.eu\/fr\/wp-json\/wp\/v2\/types\/product"}],"replies":[{"embeddable":true,"href":"https:\/\/chemagora.eu\/fr\/wp-json\/wp\/v2\/comments?post=594"}],"version-history":[{"count":0,"href":"https:\/\/chemagora.eu\/fr\/wp-json\/wp\/v2\/product\/594\/revisions"}],"wp:featuredmedia":[{"embeddable":true,"href":"https:\/\/chemagora.eu\/fr\/wp-json\/wp\/v2\/media\/1763"}],"wp:attachment":[{"href":"https:\/\/chemagora.eu\/fr\/wp-json\/wp\/v2\/media?parent=594"}],"wp:term":[{"taxonomy":"brand","embeddable":true,"href":"https:\/\/chemagora.eu\/fr\/wp-json\/wp\/v2\/etheme_brands?post=594"},{"taxonomy":"product_brand","embeddable":true,"href":"https:\/\/chemagora.eu\/fr\/wp-json\/wp\/v2\/product_brand?post=594"},{"taxonomy":"product_cat","embeddable":true,"href":"https:\/\/chemagora.eu\/fr\/wp-json\/wp\/v2\/product_cat?post=594"},{"taxonomy":"product_tag","embeddable":true,"href":"https:\/\/chemagora.eu\/fr\/wp-json\/wp\/v2\/product_tag?post=594"}],"curies":[{"name":"wp","href":"https:\/\/api.w.org\/{rel}","templated":true}]}}