{"id":602,"date":"2022-10-06T12:32:44","date_gmt":"2022-10-06T12:32:44","guid":{"rendered":"https:\/\/xstore.8theme.com\/elementor\/demos\/hemp-and-cbd\/?post_type=product&#038;p=602"},"modified":"2025-01-24T04:50:27","modified_gmt":"2025-01-24T04:50:27","slug":"3-cmc-en-poudre","status":"publish","type":"product","link":"https:\/\/chemagora.eu\/fr\/produit\/3-cmc-en-poudre\/","title":{"rendered":"Poudre de 3-CMC"},"content":{"rendered":"<div data-elementor-type=\"wp-post\" data-elementor-id=\"602\" class=\"elementor elementor-602\" data-elementor-post-type=\"product\">\n\t\t\t\t\t\t<section class=\"elementor-section elementor-top-section elementor-element elementor-element-92a5dc9 elementor-section-boxed elementor-section-height-default elementor-section-height-default\" data-id=\"92a5dc9\" data-element_type=\"section\" data-e-type=\"section\">\n\t\t\t\t\t\t<div class=\"elementor-container elementor-column-gap-no\">\n\t\t\t\t\t<div class=\"elementor-column elementor-col-100 elementor-top-column elementor-element elementor-element-dc79085\" data-id=\"dc79085\" data-element_type=\"column\" data-e-type=\"column\">\n\t\t\t<div class=\"elementor-widget-wrap elementor-element-populated\">\n\t\t\t\t\t\t<div class=\"elementor-element elementor-element-181cf6a elementor-widget elementor-widget-heading\" data-id=\"181cf6a\" data-element_type=\"widget\" data-e-type=\"widget\" data-widget_type=\"heading.default\">\n\t\t\t\t<div class=\"elementor-widget-container\">\n\t\t\t\t\t<h2 class=\"elementor-heading-title elementor-size-default\">Achetez de la poudre 3-CMC en ligne | Produits chimiques de recherche de haute puret\u00e9 de Chemagora<\/h2>\t\t\t\t<\/div>\n\t\t\t\t<\/div>\n\t\t\t\t<div class=\"elementor-element elementor-element-9d158cb elementor-widget elementor-widget-text-editor\" data-id=\"9d158cb\" data-element_type=\"widget\" data-e-type=\"widget\" data-widget_type=\"text-editor.default\">\n\t\t\t\t<div class=\"elementor-widget-container\">\n\t\t\t\t\t\t\t\t\t<p>Vous recherchez une qualit\u00e9 sup\u00e9rieure <strong>Poudre de 3-CMC<\/strong> Vous souhaitez am\u00e9liorer vos recherches en laboratoire ? Chemagora est l\u00e0 pour aider les chercheurs et les laboratoires de toute l&#039;Europe avec des produits de haute puret\u00e9 qui r\u00e9pondent aux normes de qualit\u00e9 les plus \u00e9lev\u00e9es. Que vous soyez en Allemagne, en France, en Espagne, en Italie ou aux Pays-Bas, Chemagora est la marque de confiance pour les produits chimiques de recherche fiables.<\/p>\t\t\t\t\t\t\t\t<\/div>\n\t\t\t\t<\/div>\n\t\t\t\t<div class=\"elementor-element elementor-element-261e734 elementor-widget elementor-widget-heading\" data-id=\"261e734\" data-element_type=\"widget\" data-e-type=\"widget\" data-widget_type=\"heading.default\">\n\t\t\t\t<div class=\"elementor-widget-container\">\n\t\t\t\t\t<h2 class=\"elementor-heading-title elementor-size-default\">Qu&#039;est-ce que le 3-CMC?<\/h2>\t\t\t\t<\/div>\n\t\t\t\t<\/div>\n\t\t\t\t<div class=\"elementor-element elementor-element-6710e9b elementor-widget elementor-widget-text-editor\" data-id=\"6710e9b\" data-element_type=\"widget\" data-e-type=\"widget\" data-widget_type=\"text-editor.default\">\n\t\t\t\t<div class=\"elementor-widget-container\">\n\t\t\t\t\t\t\t\t\t<p><strong>3-chlorom\u00e9thcathinone (3-CMC)<\/strong> est un compos\u00e9 de cathinone synth\u00e9tique reconnu pour ses propri\u00e9t\u00e9s chimiques uniques. En tant que d\u00e9riv\u00e9 de la m\u00e9thcathinone, la 3-CMC a fait l&#039;objet d&#039;\u00e9tudes scientifiques ax\u00e9es sur ses attributs structurels et pharmacologiques. <strong>Poudre de 3-CMC<\/strong> offre une qualit\u00e9 et une coh\u00e9rence exceptionnelles, ce qui en fait un excellent choix pour les chercheurs visant des r\u00e9sultats pr\u00e9cis et fiables.<\/p>\t\t\t\t\t\t\t\t<\/div>\n\t\t\t\t<\/div>\n\t\t\t\t\t<\/div>\n\t\t<\/div>\n\t\t\t\t\t<\/div>\n\t\t<\/section>\n\t\t\t\t<section class=\"elementor-section elementor-top-section elementor-element elementor-element-db7560b elementor-section-boxed elementor-section-height-default elementor-section-height-default\" data-id=\"db7560b\" data-element_type=\"section\" data-e-type=\"section\" data-settings=\"{&quot;background_background&quot;:&quot;classic&quot;}\">\n\t\t\t\t\t\t<div class=\"elementor-container elementor-column-gap-no\">\n\t\t\t\t\t<div class=\"elementor-column elementor-col-33 elementor-top-column elementor-element elementor-element-bed8fd0\" data-id=\"bed8fd0\" data-element_type=\"column\" data-e-type=\"column\">\n\t\t\t<div class=\"elementor-widget-wrap elementor-element-populated\">\n\t\t\t\t\t\t<div class=\"elementor-element elementor-element-0e1c68d elementor-widget elementor-widget-heading\" data-id=\"0e1c68d\" data-element_type=\"widget\" data-e-type=\"widget\" data-widget_type=\"heading.default\">\n\t\t\t\t<div class=\"elementor-widget-container\">\n\t\t\t\t\t<h2 class=\"elementor-heading-title elementor-size-default\">Informations chimiques<\/h2>\t\t\t\t<\/div>\n\t\t\t\t<\/div>\n\t\t\t\t<div class=\"elementor-element elementor-element-2849973 elementor-widget elementor-widget-text-editor\" data-id=\"2849973\" data-element_type=\"widget\" data-e-type=\"widget\" data-widget_type=\"text-editor.default\">\n\t\t\t\t<div class=\"elementor-widget-container\">\n\t\t\t\t\t\t\t\t\t<ul><li><strong>Nom chimique :<\/strong> 3-chlorom\u00e9thcathinone<\/li><li><strong>Num\u00e9ro CAS :<\/strong> 1049677-59-9<\/li><li><strong>Formule mol\u00e9culaire :<\/strong> C10H12ClNO<\/li><li><strong>Masse molaire :<\/strong> 197,66 g\/mol<\/li><li><strong>Nom de l&#039;UICPA :<\/strong> 1-(3-chloroph\u00e9nyl)-2-(m\u00e9thylamino)-1-propanone<\/li><\/ul>\t\t\t\t\t\t\t\t<\/div>\n\t\t\t\t<\/div>\n\t\t\t\t\t<\/div>\n\t\t<\/div>\n\t\t\t\t<div class=\"elementor-column elementor-col-33 elementor-top-column elementor-element elementor-element-6af5729\" data-id=\"6af5729\" data-element_type=\"column\" data-e-type=\"column\">\n\t\t\t<div class=\"elementor-widget-wrap elementor-element-populated\">\n\t\t\t\t\t\t<div class=\"elementor-element elementor-element-e381954 elementor-widget elementor-widget-heading\" data-id=\"e381954\" data-element_type=\"widget\" data-e-type=\"widget\" data-widget_type=\"heading.default\">\n\t\t\t\t<div class=\"elementor-widget-container\">\n\t\t\t\t\t<h2 class=\"elementor-heading-title elementor-size-default\">Propri\u00e9t\u00e9s physiques et chimiques<\/h2>\t\t\t\t<\/div>\n\t\t\t\t<\/div>\n\t\t\t\t<div class=\"elementor-element elementor-element-b84dc86 elementor-widget elementor-widget-text-editor\" data-id=\"b84dc86\" data-element_type=\"widget\" data-e-type=\"widget\" data-widget_type=\"text-editor.default\">\n\t\t\t\t<div class=\"elementor-widget-container\">\n\t\t\t\t\t\t\t\t\t<ul><li><strong>Formulaire:<\/strong> Poudre blanche<\/li><li><strong>Puret\u00e9:<\/strong> \u226599% (test\u00e9 en laboratoire)<\/li><li><strong>Point de fusion:<\/strong> ~178\u2013179\u00b0C<\/li><li><strong>Solubilit\u00e9:<\/strong> Soluble dans l&#039;eau, l&#039;\u00e9thanol et le m\u00e9thanol<\/li><li><strong>Stabilit\u00e9:<\/strong> Stable dans des conditions de stockage appropri\u00e9es<\/li><\/ul>\t\t\t\t\t\t\t\t<\/div>\n\t\t\t\t<\/div>\n\t\t\t\t\t<\/div>\n\t\t<\/div>\n\t\t\t\t<div class=\"elementor-column elementor-col-33 elementor-top-column elementor-element elementor-element-e717c97\" data-id=\"e717c97\" data-element_type=\"column\" data-e-type=\"column\">\n\t\t\t<div class=\"elementor-widget-wrap elementor-element-populated\">\n\t\t\t\t\t\t<div class=\"elementor-element elementor-element-389ea6c elementor-widget elementor-widget-heading\" data-id=\"389ea6c\" data-element_type=\"widget\" data-e-type=\"widget\" data-widget_type=\"heading.default\">\n\t\t\t\t<div class=\"elementor-widget-container\">\n\t\t\t\t\t<h2 class=\"elementor-heading-title elementor-size-default\">Donn\u00e9es analytiques<\/h2>\t\t\t\t<\/div>\n\t\t\t\t<\/div>\n\t\t\t\t<div class=\"elementor-element elementor-element-f686fa5 elementor-widget elementor-widget-text-editor\" data-id=\"f686fa5\" data-element_type=\"widget\" data-e-type=\"widget\" data-widget_type=\"text-editor.default\">\n\t\t\t\t<div class=\"elementor-widget-container\">\n\t\t\t\t\t\t\t\t\t<ul><li><strong>RMN (R\u00e9sonance Magn\u00e9tique Nucl\u00e9aire) :<\/strong> Confirme la structure mol\u00e9culaire.<\/li><li><strong>Spectrom\u00e9trie de masse (MS) :<\/strong> Valide le poids mol\u00e9culaire de 197,66 g\/mol.<\/li><li><strong>FTIR (Spectroscopie infrarouge \u00e0 transform\u00e9e de Fourier) :<\/strong> Correspond aux spectres de r\u00e9f\u00e9rence standard pour 3-CMC.<\/li><\/ul>\t\t\t\t\t\t\t\t<\/div>\n\t\t\t\t<\/div>\n\t\t\t\t\t<\/div>\n\t\t<\/div>\n\t\t\t\t\t<\/div>\n\t\t<\/section>\n\t\t\t\t<section class=\"elementor-section elementor-top-section elementor-element elementor-element-ac07aaa elementor-section-boxed elementor-section-height-default elementor-section-height-default\" data-id=\"ac07aaa\" data-element_type=\"section\" data-e-type=\"section\">\n\t\t\t\t\t\t<div class=\"elementor-container elementor-column-gap-no\">\n\t\t\t\t\t<div class=\"elementor-column elementor-col-100 elementor-top-column elementor-element elementor-element-a999ca1\" data-id=\"a999ca1\" data-element_type=\"column\" data-e-type=\"column\">\n\t\t\t<div class=\"elementor-widget-wrap elementor-element-populated\">\n\t\t\t\t\t\t<div class=\"elementor-element elementor-element-738ad0e elementor-widget elementor-widget-heading\" data-id=\"738ad0e\" data-element_type=\"widget\" data-e-type=\"widget\" data-widget_type=\"heading.default\">\n\t\t\t\t<div class=\"elementor-widget-container\">\n\t\t\t\t\t<h2 class=\"elementor-heading-title elementor-size-default\">Pourquoi choisir Chemagora pour votre poudre 3-CMC ?<\/h2>\t\t\t\t<\/div>\n\t\t\t\t<\/div>\n\t\t\t\t<div class=\"elementor-element elementor-element-baa668c elementor-widget elementor-widget-text-editor\" data-id=\"baa668c\" data-element_type=\"widget\" data-e-type=\"widget\" data-widget_type=\"text-editor.default\">\n\t\t\t\t<div class=\"elementor-widget-container\">\n\t\t\t\t\t\t\t\t\t<ul><li><h4><strong>1. Haute puret\u00e9 garantie<\/strong><\/h4><p>Notre <strong>Poudre de 3-CMC<\/strong> est rigoureusement test\u00e9 pour garantir un niveau de puret\u00e9 de <strong>\u226599%<\/strong>, vous permettant de travailler avec un produit propre, de haute qualit\u00e9 et exempt d&#039;impuret\u00e9s.<\/p><h4><strong>2. Forme de poudre fine pour plus de pr\u00e9cision<\/strong><\/h4><p>La forme fine de poudre blanche garantit une manipulation facile, des mesures pr\u00e9cises et une reproductibilit\u00e9 dans vos recherches.<\/p><h4><strong>3. Fournisseur de confiance dans toute l&#039;Europe<\/strong><\/h4><p>D&#039;Amsterdam \u00e0 Paris, de Berlin \u00e0 Madrid, Chemagora s&#039;est forg\u00e9 une r\u00e9putation de partenaire fiable pour les professionnels de la recherche. Nous sommes fiers de servir les plus grandes institutions et chercheurs europ\u00e9ens.<\/p><h4><strong>4. Exp\u00e9dition rapide et s\u00e9curis\u00e9e<\/strong><\/h4><p>Les commandes sont trait\u00e9es rapidement et exp\u00e9di\u00e9es dans un emballage discret et inviolable pour garantir une livraison s\u00e9curis\u00e9e. Nous livrons dans toute l&#039;Europe, garantissant que votre produit vous parvienne \u00e0 temps et en parfait \u00e9tat.<\/p><h4><strong>5. Assistance client d\u00e9di\u00e9e<\/strong><\/h4><p>Notre \u00e9quipe d&#039;assistance exp\u00e9riment\u00e9e est pr\u00eate \u00e0 r\u00e9pondre \u00e0 vos questions sur les produits, l&#039;exp\u00e9dition ou les directives d&#039;utilisation, rendant votre exp\u00e9rience avec Chemagora fluide et sans tracas.<\/p><\/li><\/ul>\t\t\t\t\t\t\t\t<\/div>\n\t\t\t\t<\/div>\n\t\t\t\t<div class=\"elementor-element elementor-element-722b597 elementor-widget elementor-widget-heading\" data-id=\"722b597\" data-element_type=\"widget\" data-e-type=\"widget\" data-widget_type=\"heading.default\">\n\t\t\t\t<div class=\"elementor-widget-container\">\n\t\t\t\t\t<h2 class=\"elementor-heading-title elementor-size-default\">Conformit\u00e9 l\u00e9gale<\/h2>\t\t\t\t<\/div>\n\t\t\t\t<\/div>\n\t\t\t\t<div class=\"elementor-element elementor-element-66ca5f5 elementor-widget elementor-widget-text-editor\" data-id=\"66ca5f5\" data-element_type=\"widget\" data-e-type=\"widget\" data-widget_type=\"text-editor.default\">\n\t\t\t\t<div class=\"elementor-widget-container\">\n\t\t\t\t\t\t\t\t\t<p>Le statut juridique de <strong>Poudre de 3-CMC<\/strong> peut varier selon les pays. Il est de la responsabilit\u00e9 de l&#039;acheteur de s&#039;assurer que l&#039;achat et l&#039;utilisation de ce produit sont conformes \u00e0 toutes les r\u00e9glementations et lois locales.<\/p>\t\t\t\t\t\t\t\t<\/div>\n\t\t\t\t<\/div>\n\t\t\t\t<div class=\"elementor-element elementor-element-1f66581 elementor-alert-info elementor-widget elementor-widget-alert\" data-id=\"1f66581\" data-element_type=\"widget\" data-e-type=\"widget\" data-widget_type=\"alert.default\">\n\t\t\t\t<div class=\"elementor-widget-container\">\n\t\t\t\t\t\t\t<div class=\"elementor-alert\" role=\"alert\">\n\n\t\t\t\t\t\t<span class=\"elementor-alert-title\">Clause de non-responsabilit\u00e9<\/span>\n\t\t\t\n\t\t\t\t\t\t<span class=\"elementor-alert-description\">Ce produit est strictement destin\u00e9 \u00e0 des fins de recherche et d&#039;analyse uniquement. Il n&#039;est en aucun cas destin\u00e9 \u00e0 la consommation humaine ou animale.<\/span>\n\t\t\t\n\t\t\t\t\t\t<button type=\"button\" class=\"elementor-alert-dismiss\" aria-label=\"Supprimer cette alerte.\">\n\t\t\t\t\t\t\t\t\t<span aria-hidden=\"true\">\u00d7<\/span>\n\t\t\t\t\t\t\t<\/button>\n\t\t\t\n\t\t<\/div>\n\t\t\t\t\t\t<\/div>\n\t\t\t\t<\/div>\n\t\t\t\t<div class=\"elementor-element elementor-element-0fda48e elementor-widget elementor-widget-heading\" data-id=\"0fda48e\" data-element_type=\"widget\" data-e-type=\"widget\" data-widget_type=\"heading.default\">\n\t\t\t\t<div class=\"elementor-widget-container\">\n\t\t\t\t\t<h2 class=\"elementor-heading-title elementor-size-default\">Commandez votre poudre 3-CMC aujourd&#039;hui<\/h2>\t\t\t\t<\/div>\n\t\t\t\t<\/div>\n\t\t\t\t<div class=\"elementor-element elementor-element-9f66df1 elementor-widget elementor-widget-text-editor\" data-id=\"9f66df1\" data-element_type=\"widget\" data-e-type=\"widget\" data-widget_type=\"text-editor.default\">\n\t\t\t\t<div class=\"elementor-widget-container\">\n\t\t\t\t\t\t\t\t\t<p>Portez vos recherches vers de nouveaux sommets avec Chemagora <strong>Poudre 3-CMC de haute puret\u00e9<\/strong>Rejoignez les chercheurs de toute l&#039;Europe qui font confiance \u00e0 Chemagora pour des produits de qualit\u00e9 sup\u00e9rieure, une livraison rapide et un support in\u00e9gal\u00e9.<\/p>\t\t\t\t\t\t\t\t<\/div>\n\t\t\t\t<\/div>\n\t\t\t\t\t<\/div>\n\t\t<\/div>\n\t\t\t\t\t<\/div>\n\t\t<\/section>\n\t\t\t\t<\/div>","protected":false},"excerpt":{"rendered":"<p>Produit chimique de recherche test\u00e9 avec pr\u00e9cision, conforme, fiable et livr\u00e9 avec pr\u00e9cision et soin.<\/p>","protected":false},"featured_media":1717,"comment_status":"open","ping_status":"closed","template":"","meta":{"inline_featured_image":false},"etheme_brands":[],"product_brand":[],"product_cat":[39],"product_tag":[57,55,58,48],"class_list":{"0":"post-602","1":"product","2":"type-product","3":"status-publish","4":"has-post-thumbnail","6":"product_cat-3-cmc","7":"product_tag-3-cmc-powder","8":"product_tag-buy-3-cmc","9":"product_tag-buy-3-cmc-online","10":"product_tag-research-chemicals","12":"first","13":"instock","14":"shipping-taxable","15":"purchasable","16":"product-type-variable"},"_links":{"self":[{"href":"https:\/\/chemagora.eu\/fr\/wp-json\/wp\/v2\/product\/602","targetHints":{"allow":["GET"]}}],"collection":[{"href":"https:\/\/chemagora.eu\/fr\/wp-json\/wp\/v2\/product"}],"about":[{"href":"https:\/\/chemagora.eu\/fr\/wp-json\/wp\/v2\/types\/product"}],"replies":[{"embeddable":true,"href":"https:\/\/chemagora.eu\/fr\/wp-json\/wp\/v2\/comments?post=602"}],"version-history":[{"count":1,"href":"https:\/\/chemagora.eu\/fr\/wp-json\/wp\/v2\/product\/602\/revisions"}],"predecessor-version":[{"id":2398,"href":"https:\/\/chemagora.eu\/fr\/wp-json\/wp\/v2\/product\/602\/revisions\/2398"}],"wp:featuredmedia":[{"embeddable":true,"href":"https:\/\/chemagora.eu\/fr\/wp-json\/wp\/v2\/media\/1717"}],"wp:attachment":[{"href":"https:\/\/chemagora.eu\/fr\/wp-json\/wp\/v2\/media?parent=602"}],"wp:term":[{"taxonomy":"brand","embeddable":true,"href":"https:\/\/chemagora.eu\/fr\/wp-json\/wp\/v2\/etheme_brands?post=602"},{"taxonomy":"product_brand","embeddable":true,"href":"https:\/\/chemagora.eu\/fr\/wp-json\/wp\/v2\/product_brand?post=602"},{"taxonomy":"product_cat","embeddable":true,"href":"https:\/\/chemagora.eu\/fr\/wp-json\/wp\/v2\/product_cat?post=602"},{"taxonomy":"product_tag","embeddable":true,"href":"https:\/\/chemagora.eu\/fr\/wp-json\/wp\/v2\/product_tag?post=602"}],"curies":[{"name":"wp","href":"https:\/\/api.w.org\/{rel}","templated":true}]}}